{"id":22532,"date":"2024-03-14T09:03:08","date_gmt":"2024-03-14T09:03:08","guid":{"rendered":"https:\/\/dev.monti.lt\/?post_type=product&#038;p=22532"},"modified":"2024-07-30T20:39:15","modified_gmt":"2024-07-30T20:39:15","slug":"vandens-karoliukai-su-priedais","status":"publish","type":"product","link":"https:\/\/dev.monti.lt\/en\/product\/vandens-karoliukai-su-priedais\/","title":{"rendered":"Vandens karoliukai su priedais"},"content":{"rendered":"<h1 class=\"wp-block-heading\">VANDENS KARULLIAI + \u0160ABLONAI + RA\u0160TAI + 2800 KARALI\u0172&nbsp;<\/h1><ul class=\"wp-block-list\"><li><strong>GALINGAS RINKINYS&nbsp;<\/strong><strong>28<\/strong>&nbsp;<strong>00 KAROLI\u0172<\/strong>&nbsp;&#8211; rinkinyje yra 24 skirting\u0173 spalv\u0173 karoliukai: rudi, 3 atspalviai geltoni, 2 atspalviai ro\u017einiai, 3 atspalviai m\u0117lyni, 3 atspalviai violetiniai, 4 atspalviai oran\u017einiai, 4 atspalviai \u017ealia, raudona, juoda, pilka, balta.&nbsp;<strong>Vienas rinkinys yra tiek, kiek&nbsp;<\/strong><strong>28,00<\/strong>&nbsp;<strong>vnt karoliuk\u0173, leid\u017eian\u010di\u0173 pagaminti visk\u0105, apie k\u0105 tik svajoja j\u016bs\u0173 vaikas<\/strong>&nbsp;.<\/li>\n\n<li><strong>RA\u0160TAI + \u0160ABLONAI<\/strong>&nbsp;\u2013 d\u0117\u017eut\u0117je yra visas rinkinys, skirtas smagiai praleisti laik\u0105. 2 kvadratin\u0117s ir \u0161e\u0161iakamp\u0117s formos bei 16 skirting\u0173 gatav\u0173 ra\u0161t\u0173 sukels j\u016bs\u0173 vaik\u0105 noru tvarkyti ir \u017eaisti karoliukais.&nbsp;<strong>Tai sukurs spalvingus paveiksl\u0117lius<\/strong>&nbsp;ir yra daug galimybi\u0173. Galite sukurti pagal \u0161ablon\u0105 arba pasitelkti savo vaizduot\u0119.&nbsp;<strong>Suk\u016br\u0119 kelis \u0161ablono sluoksnius, galime sukurti 3D fig\u016bras!<\/strong><\/li>\n\n<li><strong>DIY PASIDARYK PATS<\/strong>&nbsp;&#8211; k\u016brybiniame rinkinyje yra papildom\u0173 pried\u0173, toki\u0173 kaip kabliukai, \u017eiedai ir jungtys.&nbsp;<strong>Vaikams bus nepaprastai smagu kurti rakt\u0173 pakabukus&nbsp;<\/strong><strong>arba telefono pakabukai.&nbsp;<\/strong>Tiek berniukams, tiek mergaitems. Kaip sukurti fig\u016br\u0117l\u0119? Tai labai lengva! Sutvark\u0119 atitinkam\u0105 ra\u0161t\u0105, tiesiog apipurk\u0161kite j\u012f vandeniu ir palaukite, kol i\u0161d\u017eius.<\/li>\n\n<li><strong>MOKYMASIS IR LINKSM\u0116S<\/strong>&nbsp;&#8211; \u017eaidimas su karoliukais teigiamai veikia vaiko raid\u0105, formuoja jo meninius \u012fg\u016bd\u017eius kartu su vaizduot\u0117s lavinimu, lavinant susikaupim\u0105. Be to, tai skatina k\u016brybi\u0161kum\u0105, moko bendradarbiauti komandoje, gerina socialinius ir integracijos \u012fg\u016bd\u017eius.<\/li>\n\n<li><strong>SPECIFIKACIJA<\/strong>&nbsp;\u2013 \u0161ablon\u0173 dydis: 9 x 9 cm; pinceto ilgis: 10,5 cm; organizatoriaus matmenys: 19 x 13 x 2 cm; rinkinio svoris: 400 g; svoris pakuot\u0117je: 458 g.&nbsp;<\/li><\/ul><p><strong>SPECIFIKACIJA<\/strong><\/p><ul class=\"wp-block-list\"><li>\u0161ablon\u0173 dydis: 9 x 9 cm<\/li>\n\n<li>pinceto ilgis: 10,5 cm<\/li>\n\n<li>organizatoriaus matmenys: 19 x 13 x 2 cm<\/li>\n\n<li>rinkinio svoris: 400 g<\/li>\n\n<li>svoris pakuot\u0117je: 458 g<\/li><\/ul><p><strong>\u012eSKAITANT<\/strong><\/p><ul class=\"wp-block-list\"><li>2800 24 spalv\u0173 karoliuk\u0173<\/li>\n\n<li>2 karoliuk\u0173 u\u017ed\u0117jimo \u0161ablonai<\/li>\n\n<li>8 popieriaus lapai su ra\u0161tais<\/li>\n\n<li>20 pakabuk\u0173<\/li>\n\n<li>aplikatorius<\/li>\n\n<li>rankinis pincetas<\/li>\n\n<li>grandiklis<\/li>\n\n<li>vandens purk\u0161tuvas<\/li><\/ul><p>Rinkinyje 2800vnt. Karoliukai ir aksesuarai suteiks j\u016bs\u0173 vaikui nor\u0105 tvarkytis ir \u017eaisti. Bus galima sukurti pasaki\u0161kai spalvingus \u012fvairi\u0173 form\u0173 paveiksl\u0117lius, yra daug galimybi\u0173, pvz., \u012fvair\u016bs persona\u017eai, gyv\u016bnai ir pan. Suk\u016br\u0119 kelis \u0161ablono sluoksnius, galime sukurti 3D fig\u016bras!<\/p>","protected":false},"excerpt":{"rendered":"<p>VANDENS KARULLIAI + \u0160ABLONAI + RA\u0160TAI + 2800 KARALI\u0172&nbsp; SPECIFIKACIJA \u012eSKAITANT Rinkinyje 2800vnt. Karoliukai ir aksesuarai suteiks j\u016bs\u0173 vaikui nor\u0105 tvarkytis ir \u017eaisti. Bus galima sukurti pasaki\u0161kai spalvingus \u012fvairi\u0173 form\u0173 paveiksl\u0117lius, yra daug galimybi\u0173, pvz., \u012fvair\u016bs persona\u017eai, gyv\u016bnai ir pan. Suk\u016br\u0119 kelis \u0161ablono sluoksnius, galime sukurti 3D fig\u016bras!<\/p>","protected":false},"featured_media":22533,"template":"","meta":{"iawp_total_views":41},"product_cat":[87,84,86,49,39],"product_tag":[97,98,99],"class_list":{"0":"post-22532","1":"product","2":"type-product","3":"status-publish","4":"has-post-thumbnail","6":"product_cat-kurybiniai-rinkiniai","7":"product_cat-lavinamieji-zaislai","8":"product_cat-smulkioji-motorika","9":"product_cat-visi-zaislai","10":"product_cat-zaislai","11":"product_tag-3-m-4-m","12":"product_tag-5-m-7-m","13":"product_tag-8-m-11-m","15":"first","16":"instock","17":"taxable","18":"shipping-taxable","19":"purchasable","20":"product-type-simple"},"yoast_head":"<!-- This site is optimized with the Yoast SEO plugin v23.3 - https:\/\/yoast.com\/wordpress\/plugins\/seo\/ -->\n<title>Vandens karoliukai su priedais - Montessori \u017eaislai<\/title>\n<meta name=\"robots\" content=\"noindex, follow, max-snippet:-1, max-image-preview:large, max-video-preview:-1\" \/>\n<meta property=\"og:locale\" content=\"en_US\" \/>\n<meta property=\"og:type\" content=\"article\" \/>\n<meta property=\"og:title\" content=\"Vandens karoliukai su priedais - Montessori \u017eaislai\" \/>\n<meta property=\"og:description\" content=\"VANDENS KARULLIAI + \u0160ABLONAI + RA\u0160TAI + 2800 KARALI\u0172&nbsp; SPECIFIKACIJA \u012eSKAITANT Rinkinyje 2800vnt. Karoliukai ir aksesuarai suteiks j\u016bs\u0173 vaikui nor\u0105 tvarkytis ir \u017eaisti. Bus galima sukurti pasaki\u0161kai spalvingus \u012fvairi\u0173 form\u0173 paveiksl\u0117lius, yra daug galimybi\u0173, pvz., \u012fvair\u016bs persona\u017eai, gyv\u016bnai ir pan. Suk\u016br\u0119 kelis \u0161ablono sluoksnius, galime sukurti 3D fig\u016bras!\" \/>\n<meta property=\"og:url\" content=\"https:\/\/dev.monti.lt\/en\/product\/vandens-karoliukai-su-priedais\/\" \/>\n<meta property=\"og:site_name\" content=\"Montessori \u017eaislai\" \/>\n<meta property=\"article:modified_time\" content=\"2024-07-30T20:39:15+00:00\" \/>\n<meta property=\"og:image\" content=\"https:\/\/dev.monti.lt\/wp-content\/uploads\/2024\/03\/lit_pl_Vandens-karoliukai-2800-vnt-priedai-22869-17078_10.webp\" \/>\n\t<meta property=\"og:image:width\" content=\"500\" \/>\n\t<meta property=\"og:image:height\" content=\"500\" \/>\n\t<meta property=\"og:image:type\" content=\"image\/webp\" \/>\n<meta name=\"twitter:card\" content=\"summary_large_image\" \/>\n<meta name=\"twitter:label1\" content=\"Est. reading time\" \/>\n\t<meta name=\"twitter:data1\" content=\"2 minutes\" \/>\n<script type=\"application\/ld+json\" class=\"yoast-schema-graph\">{\"@context\":\"https:\/\/schema.org\",\"@graph\":[{\"@type\":\"WebPage\",\"@id\":\"https:\/\/dev.monti.lt\/product\/vandens-karoliukai-su-priedais\/\",\"url\":\"https:\/\/dev.monti.lt\/product\/vandens-karoliukai-su-priedais\/\",\"name\":\"Vandens karoliukai su priedais - Montessori \u017eaislai\",\"isPartOf\":{\"@id\":\"https:\/\/dev.monti.lt\/#website\"},\"primaryImageOfPage\":{\"@id\":\"https:\/\/dev.monti.lt\/product\/vandens-karoliukai-su-priedais\/#primaryimage\"},\"image\":{\"@id\":\"https:\/\/dev.monti.lt\/product\/vandens-karoliukai-su-priedais\/#primaryimage\"},\"thumbnailUrl\":\"https:\/\/dev.monti.lt\/wp-content\/uploads\/2024\/03\/lit_pl_Vandens-karoliukai-2800-vnt-priedai-22869-17078_10.webp\",\"datePublished\":\"2024-03-14T09:03:08+00:00\",\"dateModified\":\"2024-07-30T20:39:15+00:00\",\"breadcrumb\":{\"@id\":\"https:\/\/dev.monti.lt\/product\/vandens-karoliukai-su-priedais\/#breadcrumb\"},\"inLanguage\":\"en-US\",\"potentialAction\":[{\"@type\":\"ReadAction\",\"target\":[\"https:\/\/dev.monti.lt\/product\/vandens-karoliukai-su-priedais\/\"]}]},{\"@type\":\"ImageObject\",\"inLanguage\":\"en-US\",\"@id\":\"https:\/\/dev.monti.lt\/product\/vandens-karoliukai-su-priedais\/#primaryimage\",\"url\":\"https:\/\/dev.monti.lt\/wp-content\/uploads\/2024\/03\/lit_pl_Vandens-karoliukai-2800-vnt-priedai-22869-17078_10.webp\",\"contentUrl\":\"https:\/\/dev.monti.lt\/wp-content\/uploads\/2024\/03\/lit_pl_Vandens-karoliukai-2800-vnt-priedai-22869-17078_10.webp\",\"width\":500,\"height\":500,\"caption\":\"vandens karoliukai\"},{\"@type\":\"BreadcrumbList\",\"@id\":\"https:\/\/dev.monti.lt\/product\/vandens-karoliukai-su-priedais\/#breadcrumb\",\"itemListElement\":[{\"@type\":\"ListItem\",\"position\":1,\"name\":\"Home\",\"item\":\"https:\/\/dev.monti.lt\/\"},{\"@type\":\"ListItem\",\"position\":2,\"name\":\"Parduotuv\u0117\",\"item\":\"https:\/\/dev.monti.lt\/shop\/\"},{\"@type\":\"ListItem\",\"position\":3,\"name\":\"Vandens karoliukai su priedais\"}]},{\"@type\":\"WebSite\",\"@id\":\"https:\/\/dev.monti.lt\/#website\",\"url\":\"https:\/\/dev.monti.lt\/\",\"name\":\"Montessori \u017eaislai\",\"description\":\"\",\"publisher\":{\"@id\":\"https:\/\/dev.monti.lt\/#organization\"},\"potentialAction\":[{\"@type\":\"SearchAction\",\"target\":{\"@type\":\"EntryPoint\",\"urlTemplate\":\"https:\/\/dev.monti.lt\/?s={search_term_string}\"},\"query-input\":\"required name=search_term_string\"}],\"inLanguage\":\"en-US\"},{\"@type\":\"Organization\",\"@id\":\"https:\/\/dev.monti.lt\/#organization\",\"name\":\"Montessori \u017eaislai\",\"url\":\"https:\/\/dev.monti.lt\/\",\"logo\":{\"@type\":\"ImageObject\",\"inLanguage\":\"en-US\",\"@id\":\"https:\/\/dev.monti.lt\/#\/schema\/logo\/image\/\",\"url\":\"https:\/\/dev.monti.lt\/wp-content\/uploads\/2022\/03\/montilogo-1.png\",\"contentUrl\":\"https:\/\/dev.monti.lt\/wp-content\/uploads\/2022\/03\/montilogo-1.png\",\"width\":512,\"height\":512,\"caption\":\"Montessori \u017eaislai\"},\"image\":{\"@id\":\"https:\/\/dev.monti.lt\/#\/schema\/logo\/image\/\"}}]}<\/script>\n<!-- \/ Yoast SEO plugin. -->","yoast_head_json":{"title":"Vandens karoliukai su priedais - Montessori \u017eaislai","robots":{"index":"noindex","follow":"follow","max-snippet":"max-snippet:-1","max-image-preview":"max-image-preview:large","max-video-preview":"max-video-preview:-1"},"og_locale":"en_US","og_type":"article","og_title":"Vandens karoliukai su priedais - Montessori \u017eaislai","og_description":"VANDENS KARULLIAI + \u0160ABLONAI + RA\u0160TAI + 2800 KARALI\u0172&nbsp; SPECIFIKACIJA \u012eSKAITANT Rinkinyje 2800vnt. Karoliukai ir aksesuarai suteiks j\u016bs\u0173 vaikui nor\u0105 tvarkytis ir \u017eaisti. Bus galima sukurti pasaki\u0161kai spalvingus \u012fvairi\u0173 form\u0173 paveiksl\u0117lius, yra daug galimybi\u0173, pvz., \u012fvair\u016bs persona\u017eai, gyv\u016bnai ir pan. Suk\u016br\u0119 kelis \u0161ablono sluoksnius, galime sukurti 3D fig\u016bras!","og_url":"https:\/\/dev.monti.lt\/en\/product\/vandens-karoliukai-su-priedais\/","og_site_name":"Montessori \u017eaislai","article_modified_time":"2024-07-30T20:39:15+00:00","og_image":[{"width":500,"height":500,"url":"https:\/\/dev.monti.lt\/wp-content\/uploads\/2024\/03\/lit_pl_Vandens-karoliukai-2800-vnt-priedai-22869-17078_10.webp","type":"image\/webp"}],"twitter_card":"summary_large_image","twitter_misc":{"Est. reading time":"2 minutes"},"schema":{"@context":"https:\/\/schema.org","@graph":[{"@type":"WebPage","@id":"https:\/\/dev.monti.lt\/product\/vandens-karoliukai-su-priedais\/","url":"https:\/\/dev.monti.lt\/product\/vandens-karoliukai-su-priedais\/","name":"Vandens karoliukai su priedais - Montessori \u017eaislai","isPartOf":{"@id":"https:\/\/dev.monti.lt\/#website"},"primaryImageOfPage":{"@id":"https:\/\/dev.monti.lt\/product\/vandens-karoliukai-su-priedais\/#primaryimage"},"image":{"@id":"https:\/\/dev.monti.lt\/product\/vandens-karoliukai-su-priedais\/#primaryimage"},"thumbnailUrl":"https:\/\/dev.monti.lt\/wp-content\/uploads\/2024\/03\/lit_pl_Vandens-karoliukai-2800-vnt-priedai-22869-17078_10.webp","datePublished":"2024-03-14T09:03:08+00:00","dateModified":"2024-07-30T20:39:15+00:00","breadcrumb":{"@id":"https:\/\/dev.monti.lt\/product\/vandens-karoliukai-su-priedais\/#breadcrumb"},"inLanguage":"en-US","potentialAction":[{"@type":"ReadAction","target":["https:\/\/dev.monti.lt\/product\/vandens-karoliukai-su-priedais\/"]}]},{"@type":"ImageObject","inLanguage":"en-US","@id":"https:\/\/dev.monti.lt\/product\/vandens-karoliukai-su-priedais\/#primaryimage","url":"https:\/\/dev.monti.lt\/wp-content\/uploads\/2024\/03\/lit_pl_Vandens-karoliukai-2800-vnt-priedai-22869-17078_10.webp","contentUrl":"https:\/\/dev.monti.lt\/wp-content\/uploads\/2024\/03\/lit_pl_Vandens-karoliukai-2800-vnt-priedai-22869-17078_10.webp","width":500,"height":500,"caption":"vandens karoliukai"},{"@type":"BreadcrumbList","@id":"https:\/\/dev.monti.lt\/product\/vandens-karoliukai-su-priedais\/#breadcrumb","itemListElement":[{"@type":"ListItem","position":1,"name":"Home","item":"https:\/\/dev.monti.lt\/"},{"@type":"ListItem","position":2,"name":"Parduotuv\u0117","item":"https:\/\/dev.monti.lt\/shop\/"},{"@type":"ListItem","position":3,"name":"Vandens karoliukai su priedais"}]},{"@type":"WebSite","@id":"https:\/\/dev.monti.lt\/#website","url":"https:\/\/dev.monti.lt\/","name":"Montessori \u017eaislai","description":"","publisher":{"@id":"https:\/\/dev.monti.lt\/#organization"},"potentialAction":[{"@type":"SearchAction","target":{"@type":"EntryPoint","urlTemplate":"https:\/\/dev.monti.lt\/?s={search_term_string}"},"query-input":"required name=search_term_string"}],"inLanguage":"en-US"},{"@type":"Organization","@id":"https:\/\/dev.monti.lt\/#organization","name":"Montessori \u017eaislai","url":"https:\/\/dev.monti.lt\/","logo":{"@type":"ImageObject","inLanguage":"en-US","@id":"https:\/\/dev.monti.lt\/#\/schema\/logo\/image\/","url":"https:\/\/dev.monti.lt\/wp-content\/uploads\/2022\/03\/montilogo-1.png","contentUrl":"https:\/\/dev.monti.lt\/wp-content\/uploads\/2022\/03\/montilogo-1.png","width":512,"height":512,"caption":"Montessori \u017eaislai"},"image":{"@id":"https:\/\/dev.monti.lt\/#\/schema\/logo\/image\/"}}]}},"_links":{"self":[{"href":"https:\/\/dev.monti.lt\/en\/wp-json\/wp\/v2\/product\/22532"}],"collection":[{"href":"https:\/\/dev.monti.lt\/en\/wp-json\/wp\/v2\/product"}],"about":[{"href":"https:\/\/dev.monti.lt\/en\/wp-json\/wp\/v2\/types\/product"}],"version-history":[{"count":1,"href":"https:\/\/dev.monti.lt\/en\/wp-json\/wp\/v2\/product\/22532\/revisions"}],"predecessor-version":[{"id":22537,"href":"https:\/\/dev.monti.lt\/en\/wp-json\/wp\/v2\/product\/22532\/revisions\/22537"}],"wp:featuredmedia":[{"embeddable":true,"href":"https:\/\/dev.monti.lt\/en\/wp-json\/wp\/v2\/media\/22533"}],"wp:attachment":[{"href":"https:\/\/dev.monti.lt\/en\/wp-json\/wp\/v2\/media?parent=22532"}],"wp:term":[{"taxonomy":"product_cat","embeddable":true,"href":"https:\/\/dev.monti.lt\/en\/wp-json\/wp\/v2\/product_cat?post=22532"},{"taxonomy":"product_tag","embeddable":true,"href":"https:\/\/dev.monti.lt\/en\/wp-json\/wp\/v2\/product_tag?post=22532"}],"curies":[{"name":"wp","href":"https:\/\/api.w.org\/{rel}","templated":true}]}}