{"id":22522,"date":"2024-03-14T08:50:22","date_gmt":"2024-03-14T08:50:22","guid":{"rendered":"https:\/\/dev.monti.lt\/?post_type=product&#038;p=22522"},"modified":"2024-10-07T13:35:21","modified_gmt":"2024-10-07T13:35:21","slug":"sensorinis-zaislas-raudonas","status":"publish","type":"product","link":"https:\/\/dev.monti.lt\/en\/product\/sensorinis-zaislas-raudonas\/","title":{"rendered":"Sensorinis \u017eaislas raudonas"},"content":{"rendered":"<p>Ma\u017eyliams patinka \u012fvair\u016bs rank\u0173 \u017eaidimai, kuri\u0173 metu jie gali naudotis savo ma\u017eomis rankyt\u0117mis ir pa\u017einti juos supant\u012f pasaul\u012f per lyt\u0117jim\u0105. Tod\u0117l, kad j\u016bs\u0173 ma\u017eylis gal\u0117t\u0173 patenkinti savo nat\u016bral\u0173 smalsum\u0105 ir kartu lavinti rank\u0173 darbo \u012fg\u016bd\u017eius, pristatome jums fantasti\u0161k\u0105 sensorin\u012f \u017eaisl\u0105!<\/p><p>\u0160is \u017eaislas sujungia kelias funkcijas &#8211; tai kramtukas, puiki treniruot\u0117, bet svarbiausia &#8211; puiki pramoga!<\/p><p>Su&nbsp;<strong>\u017eaislu galima s\u0105veikauti net keturiais b\u016bdais<\/strong>&nbsp;&#8211; judinant spalvingus lankus, traukiant silikonines virveles, spaud\u017eiant kamuoliuk\u0105 tarp skylu\u010di\u0173 ir spaud\u017eiant kamuoliukus.<\/p><p>Silikonin\u0117s virvel\u0117s ne tik yra skirting\u0173 spalv\u0173, bet ir \u012fvairios&nbsp;<strong>tekst\u016bros<\/strong>. \u017daid\u017eiant su jomis reikia jas traukti i\u0161 vienos pus\u0117s \u012f kit\u0105. U\u017eduotis atrodo paprasta, ta\u010diau ma\u017eyliui tai gali b\u016bti nemenkas i\u0161\u0161\u016bkis!<\/p><p>Spalvingos traukimo virvel\u0117s&nbsp;<strong>taip pat<\/strong>&nbsp;puikiai tinka&nbsp;<strong>kaip kramtukas!<\/strong><\/p><p>\u0160is \u017eaislas puikiai atitinka&nbsp;<strong>Montessori pedagogik\u0105<\/strong>, kuri teigia, kad b\u016btent papras\u010diausi \u017eaislai, i\u0161puo\u0161ti funkcijomis, duoda daugiausia naudos vaiko vystymuisi.<\/p><p>\u017daisdamas\u00a0<strong>vaikas i\u0161moks daug nauding\u0173 \u012fg\u016bd\u017ei\u0173<\/strong>. Pirmiausia rank\u0173, nes daugyb\u0117 rank\u0173 veiksm\u0173, kuri\u0173 prireikia net bendraujant su \u017eaislu, puikiai \u012ftakoja pir\u0161t\u0173 tikslum\u0105 ir akies-rankos koordinacij\u0105.<\/p><p>Ta\u010diau \u0161is ne\u012fprastas kramtukas tur\u0117s teigiamos \u012ftakos ir kitoms sritims, pavyzd\u017eiui,&nbsp;<strong>savaranki\u0161kumui, susikaupimui ir spontani\u0161kiems veiksmams<\/strong>, kurie padeda geriau suprasti pasaul\u012f.<\/p><p><strong>\u017daisti su gaminiu galima bet kur<\/strong>&nbsp;&#8211; namuose, automobilyje ar ve\u017eim\u0117lyje. Bet kuri akimirka tinkama ma\u017eai pramogai!<\/p><p><strong>Pagrindin\u0117s gaminio savyb\u0117s:<\/strong><\/p><ul class=\"wp-block-list\"><li>Daug element\u0173, kuriuos galima judinti, stumdyti ir liesti,<\/li>\n\n<li>Fantasti\u0161ka alternatyva kitiems kramtukams,<\/li>\n\n<li>Puikus rank\u0173 ir intelekto \u012fg\u016bd\u017ei\u0173 lavinimas,<\/li>\n\n<li>Fantasti\u0161kas b\u016bdas lavinti lyt\u0117jimo poj\u016bt\u012f,<\/li>\n\n<li>U\u017esi\u0117mimas, kuris tiks bet kur ir bet kada.<\/li><\/ul><p>\u017daislas&nbsp;<strong>pagamintas i\u0161 auk\u0161tos kokyb\u0117s med\u017eiag\u0173,<\/strong>&nbsp;kurios yra&nbsp;<strong>saugios<\/strong>. Tod\u0117l j\u016bs\u0173 ma\u017eylis gali \u017eaisti su juo iki soties!<\/p><p>Techniniai parametrai:<\/p><ul class=\"wp-block-list\"><li>Am\u017eius: 18 m\u0117nesi\u0173+<\/li>\n\n<li>Plastikas: plastikas, silikonas<\/li><\/ul><p>I\u0161matavimai:<\/p><ul class=\"wp-block-list\"><li>Dydis: 25 cm.<\/li>\n\n<li>I\u0161 viso kramtukas (be virveli\u0173: 12 cm x 14 cm x 7 cm.<\/li>\n\n<li>Pakuot\u0117: 14 cm x 12 cm x 7,5 cm<\/li><\/ul><p>Gaminys supakuotas \u012f esteti\u0161k\u0105 kartonin\u0119 d\u0117\u017eut\u0119.<\/p>","protected":false},"excerpt":{"rendered":"<p>Ma\u017eyliams patinka \u012fvair\u016bs rank\u0173 \u017eaidimai, kuri\u0173 metu jie gali naudotis savo ma\u017eomis rankyt\u0117mis ir pa\u017einti juos supant\u012f pasaul\u012f per lyt\u0117jim\u0105. Tod\u0117l, kad j\u016bs\u0173 ma\u017eylis gal\u0117t\u0173 patenkinti savo nat\u016bral\u0173 smalsum\u0105 ir kartu lavinti rank\u0173 darbo \u012fg\u016bd\u017eius, pristatome jums fantasti\u0161k\u0105 sensorin\u012f \u017eaisl\u0105! \u0160is \u017eaislas sujungia kelias funkcijas &#8211; tai kramtukas, puiki treniruot\u0117, bet svarbiausia &#8211; puiki pramoga! [&hellip;]<\/p>","protected":false},"featured_media":22523,"template":"","meta":{"iawp_total_views":107},"product_cat":[193,191,82,84,90,86,39,201,214],"product_tag":[95,96],"class_list":{"0":"post-22522","1":"product","2":"type-product","3":"status-publish","4":"has-post-thumbnail","6":"product_cat-dovanos-vaikams-1-2-metu","7":"product_cat-dovanos-vaikams","8":"product_cat-ispardavimas","9":"product_cat-lavinamieji-zaislai","10":"product_cat-pasaulio-pazinimas","11":"product_cat-smulkioji-motorika","12":"product_cat-zaislai","13":"product_cat-zaislai-kelioneje","14":"product_cat-zaislai-mergaitems","15":"product_tag-1-m-2-m","16":"product_tag-2-m-3-m","18":"first","19":"instock","20":"sale","21":"taxable","22":"shipping-taxable","23":"purchasable","24":"product-type-simple"},"yoast_head":"<!-- This site is optimized with the Yoast SEO plugin v23.3 - https:\/\/yoast.com\/wordpress\/plugins\/seo\/ -->\n<title>Sensorinis \u017eaislas raudonas - Montessori \u017eaislai<\/title>\n<meta name=\"robots\" content=\"noindex, follow, max-snippet:-1, max-image-preview:large, max-video-preview:-1\" \/>\n<meta property=\"og:locale\" content=\"en_US\" \/>\n<meta property=\"og:type\" content=\"article\" \/>\n<meta property=\"og:title\" content=\"Sensorinis \u017eaislas raudonas - Montessori \u017eaislai\" \/>\n<meta property=\"og:description\" content=\"Ma\u017eyliams patinka \u012fvair\u016bs rank\u0173 \u017eaidimai, kuri\u0173 metu jie gali naudotis savo ma\u017eomis rankyt\u0117mis ir pa\u017einti juos supant\u012f pasaul\u012f per lyt\u0117jim\u0105. Tod\u0117l, kad j\u016bs\u0173 ma\u017eylis gal\u0117t\u0173 patenkinti savo nat\u016bral\u0173 smalsum\u0105 ir kartu lavinti rank\u0173 darbo \u012fg\u016bd\u017eius, pristatome jums fantasti\u0161k\u0105 sensorin\u012f \u017eaisl\u0105! \u0160is \u017eaislas sujungia kelias funkcijas &#8211; tai kramtukas, puiki treniruot\u0117, bet svarbiausia &#8211; puiki pramoga! [&hellip;]\" \/>\n<meta property=\"og:url\" content=\"https:\/\/dev.monti.lt\/en\/product\/sensorinis-zaislas-raudonas\/\" \/>\n<meta property=\"og:site_name\" content=\"Montessori \u017eaislai\" \/>\n<meta property=\"article:modified_time\" content=\"2024-10-07T13:35:21+00:00\" \/>\n<meta property=\"og:image\" content=\"https:\/\/dev.monti.lt\/wp-content\/uploads\/2024\/03\/Montessori-sensory-toy-teether-red-134686-2.jpg\" \/>\n\t<meta property=\"og:image:width\" content=\"900\" \/>\n\t<meta property=\"og:image:height\" content=\"900\" \/>\n\t<meta property=\"og:image:type\" content=\"image\/jpeg\" \/>\n<meta name=\"twitter:card\" content=\"summary_large_image\" \/>\n<meta name=\"twitter:label1\" content=\"Est. reading time\" \/>\n\t<meta name=\"twitter:data1\" content=\"2 minutes\" \/>\n<script type=\"application\/ld+json\" class=\"yoast-schema-graph\">{\"@context\":\"https:\/\/schema.org\",\"@graph\":[{\"@type\":\"WebPage\",\"@id\":\"https:\/\/dev.monti.lt\/product\/sensorinis-zaislas-raudonas\/\",\"url\":\"https:\/\/dev.monti.lt\/product\/sensorinis-zaislas-raudonas\/\",\"name\":\"Sensorinis \u017eaislas raudonas - Montessori \u017eaislai\",\"isPartOf\":{\"@id\":\"https:\/\/dev.monti.lt\/#website\"},\"primaryImageOfPage\":{\"@id\":\"https:\/\/dev.monti.lt\/product\/sensorinis-zaislas-raudonas\/#primaryimage\"},\"image\":{\"@id\":\"https:\/\/dev.monti.lt\/product\/sensorinis-zaislas-raudonas\/#primaryimage\"},\"thumbnailUrl\":\"https:\/\/dev.monti.lt\/wp-content\/uploads\/2024\/03\/Montessori-sensory-toy-teether-red-134686-2.jpg\",\"datePublished\":\"2024-03-14T08:50:22+00:00\",\"dateModified\":\"2024-10-07T13:35:21+00:00\",\"breadcrumb\":{\"@id\":\"https:\/\/dev.monti.lt\/product\/sensorinis-zaislas-raudonas\/#breadcrumb\"},\"inLanguage\":\"en-US\",\"potentialAction\":[{\"@type\":\"ReadAction\",\"target\":[\"https:\/\/dev.monti.lt\/product\/sensorinis-zaislas-raudonas\/\"]}]},{\"@type\":\"ImageObject\",\"inLanguage\":\"en-US\",\"@id\":\"https:\/\/dev.monti.lt\/product\/sensorinis-zaislas-raudonas\/#primaryimage\",\"url\":\"https:\/\/dev.monti.lt\/wp-content\/uploads\/2024\/03\/Montessori-sensory-toy-teether-red-134686-2.jpg\",\"contentUrl\":\"https:\/\/dev.monti.lt\/wp-content\/uploads\/2024\/03\/Montessori-sensory-toy-teether-red-134686-2.jpg\",\"width\":900,\"height\":900},{\"@type\":\"BreadcrumbList\",\"@id\":\"https:\/\/dev.monti.lt\/product\/sensorinis-zaislas-raudonas\/#breadcrumb\",\"itemListElement\":[{\"@type\":\"ListItem\",\"position\":1,\"name\":\"Home\",\"item\":\"https:\/\/dev.monti.lt\/\"},{\"@type\":\"ListItem\",\"position\":2,\"name\":\"Parduotuv\u0117\",\"item\":\"https:\/\/dev.monti.lt\/shop\/\"},{\"@type\":\"ListItem\",\"position\":3,\"name\":\"Sensorinis \u017eaislas raudonas\"}]},{\"@type\":\"WebSite\",\"@id\":\"https:\/\/dev.monti.lt\/#website\",\"url\":\"https:\/\/dev.monti.lt\/\",\"name\":\"Montessori \u017eaislai\",\"description\":\"\",\"publisher\":{\"@id\":\"https:\/\/dev.monti.lt\/#organization\"},\"potentialAction\":[{\"@type\":\"SearchAction\",\"target\":{\"@type\":\"EntryPoint\",\"urlTemplate\":\"https:\/\/dev.monti.lt\/?s={search_term_string}\"},\"query-input\":\"required name=search_term_string\"}],\"inLanguage\":\"en-US\"},{\"@type\":\"Organization\",\"@id\":\"https:\/\/dev.monti.lt\/#organization\",\"name\":\"Montessori \u017eaislai\",\"url\":\"https:\/\/dev.monti.lt\/\",\"logo\":{\"@type\":\"ImageObject\",\"inLanguage\":\"en-US\",\"@id\":\"https:\/\/dev.monti.lt\/#\/schema\/logo\/image\/\",\"url\":\"https:\/\/dev.monti.lt\/wp-content\/uploads\/2022\/03\/montilogo-1.png\",\"contentUrl\":\"https:\/\/dev.monti.lt\/wp-content\/uploads\/2022\/03\/montilogo-1.png\",\"width\":512,\"height\":512,\"caption\":\"Montessori \u017eaislai\"},\"image\":{\"@id\":\"https:\/\/dev.monti.lt\/#\/schema\/logo\/image\/\"}}]}<\/script>\n<!-- \/ Yoast SEO plugin. -->","yoast_head_json":{"title":"Sensorinis \u017eaislas raudonas - Montessori \u017eaislai","robots":{"index":"noindex","follow":"follow","max-snippet":"max-snippet:-1","max-image-preview":"max-image-preview:large","max-video-preview":"max-video-preview:-1"},"og_locale":"en_US","og_type":"article","og_title":"Sensorinis \u017eaislas raudonas - Montessori \u017eaislai","og_description":"Ma\u017eyliams patinka \u012fvair\u016bs rank\u0173 \u017eaidimai, kuri\u0173 metu jie gali naudotis savo ma\u017eomis rankyt\u0117mis ir pa\u017einti juos supant\u012f pasaul\u012f per lyt\u0117jim\u0105. Tod\u0117l, kad j\u016bs\u0173 ma\u017eylis gal\u0117t\u0173 patenkinti savo nat\u016bral\u0173 smalsum\u0105 ir kartu lavinti rank\u0173 darbo \u012fg\u016bd\u017eius, pristatome jums fantasti\u0161k\u0105 sensorin\u012f \u017eaisl\u0105! \u0160is \u017eaislas sujungia kelias funkcijas &#8211; tai kramtukas, puiki treniruot\u0117, bet svarbiausia &#8211; puiki pramoga! [&hellip;]","og_url":"https:\/\/dev.monti.lt\/en\/product\/sensorinis-zaislas-raudonas\/","og_site_name":"Montessori \u017eaislai","article_modified_time":"2024-10-07T13:35:21+00:00","og_image":[{"width":900,"height":900,"url":"https:\/\/dev.monti.lt\/wp-content\/uploads\/2024\/03\/Montessori-sensory-toy-teether-red-134686-2.jpg","type":"image\/jpeg"}],"twitter_card":"summary_large_image","twitter_misc":{"Est. reading time":"2 minutes"},"schema":{"@context":"https:\/\/schema.org","@graph":[{"@type":"WebPage","@id":"https:\/\/dev.monti.lt\/product\/sensorinis-zaislas-raudonas\/","url":"https:\/\/dev.monti.lt\/product\/sensorinis-zaislas-raudonas\/","name":"Sensorinis \u017eaislas raudonas - Montessori \u017eaislai","isPartOf":{"@id":"https:\/\/dev.monti.lt\/#website"},"primaryImageOfPage":{"@id":"https:\/\/dev.monti.lt\/product\/sensorinis-zaislas-raudonas\/#primaryimage"},"image":{"@id":"https:\/\/dev.monti.lt\/product\/sensorinis-zaislas-raudonas\/#primaryimage"},"thumbnailUrl":"https:\/\/dev.monti.lt\/wp-content\/uploads\/2024\/03\/Montessori-sensory-toy-teether-red-134686-2.jpg","datePublished":"2024-03-14T08:50:22+00:00","dateModified":"2024-10-07T13:35:21+00:00","breadcrumb":{"@id":"https:\/\/dev.monti.lt\/product\/sensorinis-zaislas-raudonas\/#breadcrumb"},"inLanguage":"en-US","potentialAction":[{"@type":"ReadAction","target":["https:\/\/dev.monti.lt\/product\/sensorinis-zaislas-raudonas\/"]}]},{"@type":"ImageObject","inLanguage":"en-US","@id":"https:\/\/dev.monti.lt\/product\/sensorinis-zaislas-raudonas\/#primaryimage","url":"https:\/\/dev.monti.lt\/wp-content\/uploads\/2024\/03\/Montessori-sensory-toy-teether-red-134686-2.jpg","contentUrl":"https:\/\/dev.monti.lt\/wp-content\/uploads\/2024\/03\/Montessori-sensory-toy-teether-red-134686-2.jpg","width":900,"height":900},{"@type":"BreadcrumbList","@id":"https:\/\/dev.monti.lt\/product\/sensorinis-zaislas-raudonas\/#breadcrumb","itemListElement":[{"@type":"ListItem","position":1,"name":"Home","item":"https:\/\/dev.monti.lt\/"},{"@type":"ListItem","position":2,"name":"Parduotuv\u0117","item":"https:\/\/dev.monti.lt\/shop\/"},{"@type":"ListItem","position":3,"name":"Sensorinis \u017eaislas raudonas"}]},{"@type":"WebSite","@id":"https:\/\/dev.monti.lt\/#website","url":"https:\/\/dev.monti.lt\/","name":"Montessori \u017eaislai","description":"","publisher":{"@id":"https:\/\/dev.monti.lt\/#organization"},"potentialAction":[{"@type":"SearchAction","target":{"@type":"EntryPoint","urlTemplate":"https:\/\/dev.monti.lt\/?s={search_term_string}"},"query-input":"required name=search_term_string"}],"inLanguage":"en-US"},{"@type":"Organization","@id":"https:\/\/dev.monti.lt\/#organization","name":"Montessori \u017eaislai","url":"https:\/\/dev.monti.lt\/","logo":{"@type":"ImageObject","inLanguage":"en-US","@id":"https:\/\/dev.monti.lt\/#\/schema\/logo\/image\/","url":"https:\/\/dev.monti.lt\/wp-content\/uploads\/2022\/03\/montilogo-1.png","contentUrl":"https:\/\/dev.monti.lt\/wp-content\/uploads\/2022\/03\/montilogo-1.png","width":512,"height":512,"caption":"Montessori \u017eaislai"},"image":{"@id":"https:\/\/dev.monti.lt\/#\/schema\/logo\/image\/"}}]}},"_links":{"self":[{"href":"https:\/\/dev.monti.lt\/en\/wp-json\/wp\/v2\/product\/22522"}],"collection":[{"href":"https:\/\/dev.monti.lt\/en\/wp-json\/wp\/v2\/product"}],"about":[{"href":"https:\/\/dev.monti.lt\/en\/wp-json\/wp\/v2\/types\/product"}],"version-history":[{"count":1,"href":"https:\/\/dev.monti.lt\/en\/wp-json\/wp\/v2\/product\/22522\/revisions"}],"predecessor-version":[{"id":22530,"href":"https:\/\/dev.monti.lt\/en\/wp-json\/wp\/v2\/product\/22522\/revisions\/22530"}],"wp:featuredmedia":[{"embeddable":true,"href":"https:\/\/dev.monti.lt\/en\/wp-json\/wp\/v2\/media\/22523"}],"wp:attachment":[{"href":"https:\/\/dev.monti.lt\/en\/wp-json\/wp\/v2\/media?parent=22522"}],"wp:term":[{"taxonomy":"product_cat","embeddable":true,"href":"https:\/\/dev.monti.lt\/en\/wp-json\/wp\/v2\/product_cat?post=22522"},{"taxonomy":"product_tag","embeddable":true,"href":"https:\/\/dev.monti.lt\/en\/wp-json\/wp\/v2\/product_tag?post=22522"}],"curies":[{"name":"wp","href":"https:\/\/api.w.org\/{rel}","templated":true}]}}