{"id":22488,"date":"2024-03-14T08:32:31","date_gmt":"2024-03-14T08:32:31","guid":{"rendered":"https:\/\/dev.monti.lt\/?post_type=product&#038;p=22488"},"modified":"2024-07-02T18:57:33","modified_gmt":"2024-07-02T18:57:33","slug":"kelioninis-puodukas-rozinis","status":"publish","type":"product","link":"https:\/\/dev.monti.lt\/en\/product\/kelioninis-puodukas-rozinis\/","title":{"rendered":"Kelioninis puodukas ro\u017einis"},"content":{"rendered":"<h2 class=\"wp-block-heading\"><strong>\u2705 RINKINIO SUD\u0116TIS:<\/strong><\/h2><ul class=\"wp-block-list\"><li>PUODAS \/ KLOZETAS 3IN1<\/li>\n\n<li>SILIKONINIS SULANKSTOMAS \u012eD\u0116KLAS<\/li>\n\n<li>FUNKCINIS KREP\u0160YS SU U\u017dTRAUKTUKU IR RANKENA NE\u0160IOJIMUI<\/li>\n\n<li>VIENKARTINI\u0172 MAI\u0160ELI\u0172 RINKINYS<\/li><\/ul><h2 class=\"wp-block-heading\"><strong>\u2764\ufe0f NICEKIDS neslystantis tualeto padas 3in1 idealiai tinka t\u0117vams, kurie moko vaikus naudotis tualetu ir nenori atskirai pirkti tualeto pado.<\/strong><\/h2><p><strong>Pagamintas i\u0161 patvarios ro\u017ein\u0117s spalvos med\u017eiagos<\/strong>, jis taip pat turi\u00a0<strong>neslystan\u010dius \u012fd\u0117klus,<\/strong>\u00a0kad j\u016bs\u0173 vaikas neslyst\u0173 naudodamasis puoduko \/ tualeto u\u017edangalu.<\/p><h2 class=\"wp-block-heading\"><strong>\u2705&#8221;NICEkids 3-in-1&#8243; puodas\/pad\u0117klas yra universalus ir funkcionalus.<\/strong><\/h2><ul class=\"wp-block-list\"><li>J\u012f galima naudoti kaip<strong>&nbsp;puoduk\u0105 arba<\/strong>&nbsp;kaip<strong>&nbsp;tualeto s\u0117dyn\u0117s u\u017edangal\u0105<\/strong>. Taigi t\u0117vai gali&nbsp;<strong>pritaikyti u\u017edangal\u0105 pagal vaiko poreikius skirtingais mokymosi naudotis tualetu etapais<\/strong>.<\/li>\n\n<li>J\u012f&nbsp;<strong>galima naudoti&nbsp;<\/strong>keliaujant, nes j\u012f galima lengvai sulankstyti ir jis u\u017eima nedaug vietos, be to, jis turi mai\u0161eli\u0173 rinkin\u012f, kur\u012f galima panaudoti kritiniu atveju, o v\u0117liau i\u0161mesti.<\/li>\n\n<li><strong>Prakti\u0161kas dizainas, leid\u017eiantis lengvai ne\u0161iotis ir nuimti dangtel\u012f.<\/strong>&nbsp;<strong>J\u012f taip pat lengva valyti, tod\u0117l u\u017etikrinama nesud\u0117tinga higiena.<\/strong><\/li>\n\n<li><strong>NICEKIDS neslystantis puoduko padas 3in1 yra puikus sprendimas t\u0117vams<\/strong>,&nbsp;<strong>ie\u0161kantiems funkcionalaus ir saugaus gaminio tualeto mokymui<\/strong>.<\/li>\n\n<li><strong>D\u0117l patikimos NICEKIDS prek\u0117s \u017eenklo kokyb\u0117s tai ilgalaik\u0117 investicija \u012f j\u016bs\u0173 vaiko vystym\u0105si ir savaranki\u0161kum\u0105.<\/strong><\/li><\/ul><ul class=\"wp-block-list\"><li>puoduko dydis: 26 x 27 x 15 cm.<\/li>\n\n<li>klozeto s\u0117dyn\u0117s dydis: 38 x 34 cm<\/li>\n\n<li>svoris: 0,62 kg<\/li><\/ul>","protected":false},"excerpt":{"rendered":"<p>\u2705 RINKINIO SUD\u0116TIS: \u2764\ufe0f NICEKIDS neslystantis tualeto padas 3in1 idealiai tinka t\u0117vams, kurie moko vaikus naudotis tualetu ir nenori atskirai pirkti tualeto pado. Pagamintas i\u0161 patvarios ro\u017ein\u0117s spalvos med\u017eiagos, jis taip pat turi\u00a0neslystan\u010dius \u012fd\u0117klus,\u00a0kad j\u016bs\u0173 vaikas neslyst\u0173 naudodamasis puoduko \/ tualeto u\u017edangalu. \u2705&#8221;NICEkids 3-in-1&#8243; puodas\/pad\u0117klas yra universalus ir funkcionalus.<\/p>","protected":false},"featured_media":22489,"template":"","meta":{"iawp_total_views":101},"product_cat":[213,82,190,201],"product_tag":[95,96,97,98],"class_list":{"0":"post-22488","1":"product","2":"type-product","3":"status-publish","4":"has-post-thumbnail","6":"product_cat-akcija","7":"product_cat-ispardavimas","8":"product_cat-maudynems","9":"product_cat-zaislai-kelioneje","10":"product_tag-1-m-2-m","11":"product_tag-2-m-3-m","12":"product_tag-3-m-4-m","13":"product_tag-5-m-7-m","15":"first","16":"outofstock","17":"sale","18":"taxable","19":"shipping-taxable","20":"purchasable","21":"product-type-simple"},"yoast_head":"<!-- This site is optimized with the Yoast SEO plugin v23.3 - https:\/\/yoast.com\/wordpress\/plugins\/seo\/ -->\n<title>Kelioninis puodukas ro\u017einis - Montessori \u017eaislai<\/title>\n<meta name=\"robots\" content=\"noindex, follow, max-snippet:-1, max-image-preview:large, max-video-preview:-1\" \/>\n<meta property=\"og:locale\" content=\"en_US\" \/>\n<meta property=\"og:type\" content=\"article\" \/>\n<meta property=\"og:title\" content=\"Kelioninis puodukas ro\u017einis - Montessori \u017eaislai\" \/>\n<meta property=\"og:description\" content=\"\u2705 RINKINIO SUD\u0116TIS: \u2764\ufe0f NICEKIDS neslystantis tualeto padas 3in1 idealiai tinka t\u0117vams, kurie moko vaikus naudotis tualetu ir nenori atskirai pirkti tualeto pado. Pagamintas i\u0161 patvarios ro\u017ein\u0117s spalvos med\u017eiagos, jis taip pat turi\u00a0neslystan\u010dius \u012fd\u0117klus,\u00a0kad j\u016bs\u0173 vaikas neslyst\u0173 naudodamasis puoduko \/ tualeto u\u017edangalu. \u2705&#8221;NICEkids 3-in-1&#8243; puodas\/pad\u0117klas yra universalus ir funkcionalus.\" \/>\n<meta property=\"og:url\" content=\"https:\/\/dev.monti.lt\/en\/product\/kelioninis-puodukas-rozinis\/\" \/>\n<meta property=\"og:site_name\" content=\"Montessori \u017eaislai\" \/>\n<meta property=\"article:modified_time\" content=\"2024-07-02T18:57:33+00:00\" \/>\n<meta property=\"og:image\" content=\"https:\/\/dev.monti.lt\/wp-content\/uploads\/2024\/03\/nicekids-nocnik-antyposlizgowy-3w1-nakladka-na-wc-sedes-deske-sedesowa-rozowy.webp\" \/>\n\t<meta property=\"og:image:width\" content=\"800\" \/>\n\t<meta property=\"og:image:height\" content=\"800\" \/>\n\t<meta property=\"og:image:type\" content=\"image\/webp\" \/>\n<meta name=\"twitter:card\" content=\"summary_large_image\" \/>\n<meta name=\"twitter:label1\" content=\"Est. reading time\" \/>\n\t<meta name=\"twitter:data1\" content=\"2 minutes\" \/>\n<script type=\"application\/ld+json\" class=\"yoast-schema-graph\">{\"@context\":\"https:\/\/schema.org\",\"@graph\":[{\"@type\":\"WebPage\",\"@id\":\"https:\/\/dev.monti.lt\/product\/kelioninis-puodukas-rozinis\/\",\"url\":\"https:\/\/dev.monti.lt\/product\/kelioninis-puodukas-rozinis\/\",\"name\":\"Kelioninis puodukas ro\u017einis - Montessori \u017eaislai\",\"isPartOf\":{\"@id\":\"https:\/\/dev.monti.lt\/#website\"},\"primaryImageOfPage\":{\"@id\":\"https:\/\/dev.monti.lt\/product\/kelioninis-puodukas-rozinis\/#primaryimage\"},\"image\":{\"@id\":\"https:\/\/dev.monti.lt\/product\/kelioninis-puodukas-rozinis\/#primaryimage\"},\"thumbnailUrl\":\"https:\/\/dev.monti.lt\/wp-content\/uploads\/2024\/03\/nicekids-nocnik-antyposlizgowy-3w1-nakladka-na-wc-sedes-deske-sedesowa-rozowy.webp\",\"datePublished\":\"2024-03-14T08:32:31+00:00\",\"dateModified\":\"2024-07-02T18:57:33+00:00\",\"breadcrumb\":{\"@id\":\"https:\/\/dev.monti.lt\/product\/kelioninis-puodukas-rozinis\/#breadcrumb\"},\"inLanguage\":\"en-US\",\"potentialAction\":[{\"@type\":\"ReadAction\",\"target\":[\"https:\/\/dev.monti.lt\/product\/kelioninis-puodukas-rozinis\/\"]}]},{\"@type\":\"ImageObject\",\"inLanguage\":\"en-US\",\"@id\":\"https:\/\/dev.monti.lt\/product\/kelioninis-puodukas-rozinis\/#primaryimage\",\"url\":\"https:\/\/dev.monti.lt\/wp-content\/uploads\/2024\/03\/nicekids-nocnik-antyposlizgowy-3w1-nakladka-na-wc-sedes-deske-sedesowa-rozowy.webp\",\"contentUrl\":\"https:\/\/dev.monti.lt\/wp-content\/uploads\/2024\/03\/nicekids-nocnik-antyposlizgowy-3w1-nakladka-na-wc-sedes-deske-sedesowa-rozowy.webp\",\"width\":800,\"height\":800,\"caption\":\"kelioninis puodukas\"},{\"@type\":\"BreadcrumbList\",\"@id\":\"https:\/\/dev.monti.lt\/product\/kelioninis-puodukas-rozinis\/#breadcrumb\",\"itemListElement\":[{\"@type\":\"ListItem\",\"position\":1,\"name\":\"Home\",\"item\":\"https:\/\/dev.monti.lt\/\"},{\"@type\":\"ListItem\",\"position\":2,\"name\":\"Parduotuv\u0117\",\"item\":\"https:\/\/dev.monti.lt\/shop\/\"},{\"@type\":\"ListItem\",\"position\":3,\"name\":\"Kelioninis puodukas ro\u017einis\"}]},{\"@type\":\"WebSite\",\"@id\":\"https:\/\/dev.monti.lt\/#website\",\"url\":\"https:\/\/dev.monti.lt\/\",\"name\":\"Montessori \u017eaislai\",\"description\":\"\",\"publisher\":{\"@id\":\"https:\/\/dev.monti.lt\/#organization\"},\"potentialAction\":[{\"@type\":\"SearchAction\",\"target\":{\"@type\":\"EntryPoint\",\"urlTemplate\":\"https:\/\/dev.monti.lt\/?s={search_term_string}\"},\"query-input\":\"required name=search_term_string\"}],\"inLanguage\":\"en-US\"},{\"@type\":\"Organization\",\"@id\":\"https:\/\/dev.monti.lt\/#organization\",\"name\":\"Montessori \u017eaislai\",\"url\":\"https:\/\/dev.monti.lt\/\",\"logo\":{\"@type\":\"ImageObject\",\"inLanguage\":\"en-US\",\"@id\":\"https:\/\/dev.monti.lt\/#\/schema\/logo\/image\/\",\"url\":\"https:\/\/dev.monti.lt\/wp-content\/uploads\/2022\/03\/montilogo-1.png\",\"contentUrl\":\"https:\/\/dev.monti.lt\/wp-content\/uploads\/2022\/03\/montilogo-1.png\",\"width\":512,\"height\":512,\"caption\":\"Montessori \u017eaislai\"},\"image\":{\"@id\":\"https:\/\/dev.monti.lt\/#\/schema\/logo\/image\/\"}}]}<\/script>\n<!-- \/ Yoast SEO plugin. -->","yoast_head_json":{"title":"Kelioninis puodukas ro\u017einis - Montessori \u017eaislai","robots":{"index":"noindex","follow":"follow","max-snippet":"max-snippet:-1","max-image-preview":"max-image-preview:large","max-video-preview":"max-video-preview:-1"},"og_locale":"en_US","og_type":"article","og_title":"Kelioninis puodukas ro\u017einis - Montessori \u017eaislai","og_description":"\u2705 RINKINIO SUD\u0116TIS: \u2764\ufe0f NICEKIDS neslystantis tualeto padas 3in1 idealiai tinka t\u0117vams, kurie moko vaikus naudotis tualetu ir nenori atskirai pirkti tualeto pado. Pagamintas i\u0161 patvarios ro\u017ein\u0117s spalvos med\u017eiagos, jis taip pat turi\u00a0neslystan\u010dius \u012fd\u0117klus,\u00a0kad j\u016bs\u0173 vaikas neslyst\u0173 naudodamasis puoduko \/ tualeto u\u017edangalu. \u2705&#8221;NICEkids 3-in-1&#8243; puodas\/pad\u0117klas yra universalus ir funkcionalus.","og_url":"https:\/\/dev.monti.lt\/en\/product\/kelioninis-puodukas-rozinis\/","og_site_name":"Montessori \u017eaislai","article_modified_time":"2024-07-02T18:57:33+00:00","og_image":[{"width":800,"height":800,"url":"https:\/\/dev.monti.lt\/wp-content\/uploads\/2024\/03\/nicekids-nocnik-antyposlizgowy-3w1-nakladka-na-wc-sedes-deske-sedesowa-rozowy.webp","type":"image\/webp"}],"twitter_card":"summary_large_image","twitter_misc":{"Est. reading time":"2 minutes"},"schema":{"@context":"https:\/\/schema.org","@graph":[{"@type":"WebPage","@id":"https:\/\/dev.monti.lt\/product\/kelioninis-puodukas-rozinis\/","url":"https:\/\/dev.monti.lt\/product\/kelioninis-puodukas-rozinis\/","name":"Kelioninis puodukas ro\u017einis - Montessori \u017eaislai","isPartOf":{"@id":"https:\/\/dev.monti.lt\/#website"},"primaryImageOfPage":{"@id":"https:\/\/dev.monti.lt\/product\/kelioninis-puodukas-rozinis\/#primaryimage"},"image":{"@id":"https:\/\/dev.monti.lt\/product\/kelioninis-puodukas-rozinis\/#primaryimage"},"thumbnailUrl":"https:\/\/dev.monti.lt\/wp-content\/uploads\/2024\/03\/nicekids-nocnik-antyposlizgowy-3w1-nakladka-na-wc-sedes-deske-sedesowa-rozowy.webp","datePublished":"2024-03-14T08:32:31+00:00","dateModified":"2024-07-02T18:57:33+00:00","breadcrumb":{"@id":"https:\/\/dev.monti.lt\/product\/kelioninis-puodukas-rozinis\/#breadcrumb"},"inLanguage":"en-US","potentialAction":[{"@type":"ReadAction","target":["https:\/\/dev.monti.lt\/product\/kelioninis-puodukas-rozinis\/"]}]},{"@type":"ImageObject","inLanguage":"en-US","@id":"https:\/\/dev.monti.lt\/product\/kelioninis-puodukas-rozinis\/#primaryimage","url":"https:\/\/dev.monti.lt\/wp-content\/uploads\/2024\/03\/nicekids-nocnik-antyposlizgowy-3w1-nakladka-na-wc-sedes-deske-sedesowa-rozowy.webp","contentUrl":"https:\/\/dev.monti.lt\/wp-content\/uploads\/2024\/03\/nicekids-nocnik-antyposlizgowy-3w1-nakladka-na-wc-sedes-deske-sedesowa-rozowy.webp","width":800,"height":800,"caption":"kelioninis puodukas"},{"@type":"BreadcrumbList","@id":"https:\/\/dev.monti.lt\/product\/kelioninis-puodukas-rozinis\/#breadcrumb","itemListElement":[{"@type":"ListItem","position":1,"name":"Home","item":"https:\/\/dev.monti.lt\/"},{"@type":"ListItem","position":2,"name":"Parduotuv\u0117","item":"https:\/\/dev.monti.lt\/shop\/"},{"@type":"ListItem","position":3,"name":"Kelioninis puodukas ro\u017einis"}]},{"@type":"WebSite","@id":"https:\/\/dev.monti.lt\/#website","url":"https:\/\/dev.monti.lt\/","name":"Montessori \u017eaislai","description":"","publisher":{"@id":"https:\/\/dev.monti.lt\/#organization"},"potentialAction":[{"@type":"SearchAction","target":{"@type":"EntryPoint","urlTemplate":"https:\/\/dev.monti.lt\/?s={search_term_string}"},"query-input":"required name=search_term_string"}],"inLanguage":"en-US"},{"@type":"Organization","@id":"https:\/\/dev.monti.lt\/#organization","name":"Montessori \u017eaislai","url":"https:\/\/dev.monti.lt\/","logo":{"@type":"ImageObject","inLanguage":"en-US","@id":"https:\/\/dev.monti.lt\/#\/schema\/logo\/image\/","url":"https:\/\/dev.monti.lt\/wp-content\/uploads\/2022\/03\/montilogo-1.png","contentUrl":"https:\/\/dev.monti.lt\/wp-content\/uploads\/2022\/03\/montilogo-1.png","width":512,"height":512,"caption":"Montessori \u017eaislai"},"image":{"@id":"https:\/\/dev.monti.lt\/#\/schema\/logo\/image\/"}}]}},"_links":{"self":[{"href":"https:\/\/dev.monti.lt\/en\/wp-json\/wp\/v2\/product\/22488"}],"collection":[{"href":"https:\/\/dev.monti.lt\/en\/wp-json\/wp\/v2\/product"}],"about":[{"href":"https:\/\/dev.monti.lt\/en\/wp-json\/wp\/v2\/types\/product"}],"version-history":[{"count":1,"href":"https:\/\/dev.monti.lt\/en\/wp-json\/wp\/v2\/product\/22488\/revisions"}],"predecessor-version":[{"id":22495,"href":"https:\/\/dev.monti.lt\/en\/wp-json\/wp\/v2\/product\/22488\/revisions\/22495"}],"wp:featuredmedia":[{"embeddable":true,"href":"https:\/\/dev.monti.lt\/en\/wp-json\/wp\/v2\/media\/22489"}],"wp:attachment":[{"href":"https:\/\/dev.monti.lt\/en\/wp-json\/wp\/v2\/media?parent=22488"}],"wp:term":[{"taxonomy":"product_cat","embeddable":true,"href":"https:\/\/dev.monti.lt\/en\/wp-json\/wp\/v2\/product_cat?post=22488"},{"taxonomy":"product_tag","embeddable":true,"href":"https:\/\/dev.monti.lt\/en\/wp-json\/wp\/v2\/product_tag?post=22488"}],"curies":[{"name":"wp","href":"https:\/\/api.w.org\/{rel}","templated":true}]}}