{"id":22480,"date":"2024-03-14T08:28:10","date_gmt":"2024-03-14T08:28:10","guid":{"rendered":"https:\/\/dev.monti.lt\/?post_type=product&#038;p=22480"},"modified":"2024-10-02T10:07:06","modified_gmt":"2024-10-02T10:07:06","slug":"sulankstoma-kudikio-vonele-pilkas","status":"publish","type":"product","link":"https:\/\/dev.monti.lt\/en\/product\/sulankstoma-kudikio-vonele-pilkas\/","title":{"rendered":"Sulankstoma k\u016bdikio vonel\u0117 pilkas"},"content":{"rendered":"<h1 class=\"wp-block-heading\"><strong>\u2b50 DIDEL\u0116 SULANKSTOMA K\u016aDIKI\u0172 VONIA NICEKIDS SILIKONIN\u0116 PILKA SU PAGALV\u0116LE<\/strong><\/h1><p><strong>Idealiai tinka t\u0117vams, kurie:<\/strong><\/p><ul class=\"wp-block-list\"><li>da\u017enai keliauja<\/li>\n\n<li>turi ma\u017eai vietos laikyti tradicin\u0119 k\u016bdiki\u0173 vonel\u0119<\/li>\n\n<li>vertina prakti\u0161kum\u0105<\/li>\n\n<li>m\u0117gsta tvark\u0105<\/li>\n\n<li>nori, kad j\u0173 k\u016bdikis b\u016bt\u0173 saugus<\/li>\n\n<li>vertina gaminius, pagamintus i\u0161 ger\u0173 med\u017eiag\u0173<\/li>\n\n<li>nori vien\u0105 kart\u0105 nusipirkti kokybi\u0161k\u0105 gamin\u012f, kuris tarnaus ilgai (vonel\u0117 auga kartu su vaiku)<\/li>\n\n<li>nem\u0117gsta permok\u0117ti<\/li><\/ul><p>\u2764\ufe0f&nbsp;<strong>Jei \u012f visus \u0161iuos klausimus atsak\u0117te TAIP, vadinasi, pasirinkote puikiai!<\/strong><\/p><p><strong>NICEkids&nbsp;<\/strong>k\u016bdiki\u0173 vonel\u0117 yra puikus sprendimas bet kuriam k\u016bdikiui.<\/p><p>\u2705&nbsp;<strong>PATOGI IR FUNKCIONALI<\/strong>:<\/p><ul class=\"wp-block-list\"><li>pagaminta i\u0161 auk\u0161tos kokyb\u0117s med\u017eiag\u0173<\/li>\n\n<li>lengva<\/li>\n\n<li>tvirta<\/li>\n\n<li>lengva i\u0161skleisti ir sulankstyti<\/li>\n\n<li>Neslystan\u010dios kojel\u0117s<\/li>\n\n<li>neslystanti s\u0117dyn\u0117<\/li>\n\n<li>rankena voniai ne\u0161ti arba pakabinti<\/li>\n\n<li>kruop\u0161\u010diai i\u0161baigta kiekviena detal\u0117<\/li><\/ul><p>\u2705 Vonel\u0117 taip pat yra<strong>&nbsp;IDEALI DOVAN\u0116L\u0116&nbsp;<\/strong>b\u016bsimiems ar naujiems t\u0117vams!!!<\/p><p><\/p>","protected":false},"excerpt":{"rendered":"<p>\u2b50 DIDEL\u0116 SULANKSTOMA K\u016aDIKI\u0172 VONIA NICEKIDS SILIKONIN\u0116 PILKA SU PAGALV\u0116LE Idealiai tinka t\u0117vams, kurie: \u2764\ufe0f&nbsp;Jei \u012f visus \u0161iuos klausimus atsak\u0117te TAIP, vadinasi, pasirinkote puikiai! NICEkids&nbsp;k\u016bdiki\u0173 vonel\u0117 yra puikus sprendimas bet kuriam k\u016bdikiui. \u2705&nbsp;PATOGI IR FUNKCIONALI: \u2705 Vonel\u0117 taip pat yra&nbsp;IDEALI DOVAN\u0116L\u0116&nbsp;b\u016bsimiems ar naujiems t\u0117vams!!!<\/p>","protected":false},"featured_media":22481,"template":"","meta":{"iawp_total_views":274},"product_cat":[200,191,82,190,39],"product_tag":[95,94],"class_list":{"0":"post-22480","1":"product","2":"type-product","3":"status-publish","4":"has-post-thumbnail","6":"product_cat-dovanos-kudikiams","7":"product_cat-dovanos-vaikams","8":"product_cat-ispardavimas","9":"product_cat-maudynems","10":"product_cat-zaislai","11":"product_tag-1-m-2-m","12":"product_tag-iki-1-m","14":"first","15":"instock","16":"sale","17":"taxable","18":"shipping-taxable","19":"purchasable","20":"product-type-simple"},"yoast_head":"<!-- This site is optimized with the Yoast SEO plugin v23.3 - https:\/\/yoast.com\/wordpress\/plugins\/seo\/ -->\n<title>Sulankstoma k\u016bdikio vonel\u0117 pilkas - Montessori \u017eaislai<\/title>\n<meta name=\"robots\" content=\"noindex, follow, max-snippet:-1, max-image-preview:large, max-video-preview:-1\" \/>\n<meta property=\"og:locale\" content=\"en_US\" \/>\n<meta property=\"og:type\" content=\"article\" \/>\n<meta property=\"og:title\" content=\"Sulankstoma k\u016bdikio vonel\u0117 pilkas - Montessori \u017eaislai\" \/>\n<meta property=\"og:description\" content=\"\u2b50 DIDEL\u0116 SULANKSTOMA K\u016aDIKI\u0172 VONIA NICEKIDS SILIKONIN\u0116 PILKA SU PAGALV\u0116LE Idealiai tinka t\u0117vams, kurie: \u2764\ufe0f&nbsp;Jei \u012f visus \u0161iuos klausimus atsak\u0117te TAIP, vadinasi, pasirinkote puikiai! NICEkids&nbsp;k\u016bdiki\u0173 vonel\u0117 yra puikus sprendimas bet kuriam k\u016bdikiui. \u2705&nbsp;PATOGI IR FUNKCIONALI: \u2705 Vonel\u0117 taip pat yra&nbsp;IDEALI DOVAN\u0116L\u0116&nbsp;b\u016bsimiems ar naujiems t\u0117vams!!!\" \/>\n<meta property=\"og:url\" content=\"https:\/\/dev.monti.lt\/en\/product\/sulankstoma-kudikio-vonele-pilkas\/\" \/>\n<meta property=\"og:site_name\" content=\"Montessori \u017eaislai\" \/>\n<meta property=\"article:modified_time\" content=\"2024-10-02T10:07:06+00:00\" \/>\n<meta property=\"og:image\" content=\"https:\/\/dev.monti.lt\/wp-content\/uploads\/2024\/03\/wanienka-dla-dzieci-skladana-nicekids-silikonowa-szara-poduszka.webp\" \/>\n\t<meta property=\"og:image:width\" content=\"800\" \/>\n\t<meta property=\"og:image:height\" content=\"800\" \/>\n\t<meta property=\"og:image:type\" content=\"image\/webp\" \/>\n<meta name=\"twitter:card\" content=\"summary_large_image\" \/>\n<meta name=\"twitter:label1\" content=\"Est. reading time\" \/>\n\t<meta name=\"twitter:data1\" content=\"1 minute\" \/>\n<script type=\"application\/ld+json\" class=\"yoast-schema-graph\">{\"@context\":\"https:\/\/schema.org\",\"@graph\":[{\"@type\":\"WebPage\",\"@id\":\"https:\/\/dev.monti.lt\/product\/sulankstoma-kudikio-vonele-pilkas\/\",\"url\":\"https:\/\/dev.monti.lt\/product\/sulankstoma-kudikio-vonele-pilkas\/\",\"name\":\"Sulankstoma k\u016bdikio vonel\u0117 pilkas - Montessori \u017eaislai\",\"isPartOf\":{\"@id\":\"https:\/\/dev.monti.lt\/#website\"},\"primaryImageOfPage\":{\"@id\":\"https:\/\/dev.monti.lt\/product\/sulankstoma-kudikio-vonele-pilkas\/#primaryimage\"},\"image\":{\"@id\":\"https:\/\/dev.monti.lt\/product\/sulankstoma-kudikio-vonele-pilkas\/#primaryimage\"},\"thumbnailUrl\":\"https:\/\/dev.monti.lt\/wp-content\/uploads\/2024\/03\/wanienka-dla-dzieci-skladana-nicekids-silikonowa-szara-poduszka.webp\",\"datePublished\":\"2024-03-14T08:28:10+00:00\",\"dateModified\":\"2024-10-02T10:07:06+00:00\",\"breadcrumb\":{\"@id\":\"https:\/\/dev.monti.lt\/product\/sulankstoma-kudikio-vonele-pilkas\/#breadcrumb\"},\"inLanguage\":\"en-US\",\"potentialAction\":[{\"@type\":\"ReadAction\",\"target\":[\"https:\/\/dev.monti.lt\/product\/sulankstoma-kudikio-vonele-pilkas\/\"]}]},{\"@type\":\"ImageObject\",\"inLanguage\":\"en-US\",\"@id\":\"https:\/\/dev.monti.lt\/product\/sulankstoma-kudikio-vonele-pilkas\/#primaryimage\",\"url\":\"https:\/\/dev.monti.lt\/wp-content\/uploads\/2024\/03\/wanienka-dla-dzieci-skladana-nicekids-silikonowa-szara-poduszka.webp\",\"contentUrl\":\"https:\/\/dev.monti.lt\/wp-content\/uploads\/2024\/03\/wanienka-dla-dzieci-skladana-nicekids-silikonowa-szara-poduszka.webp\",\"width\":800,\"height\":800,\"caption\":\"vonele kudikiui sulankstoma\"},{\"@type\":\"BreadcrumbList\",\"@id\":\"https:\/\/dev.monti.lt\/product\/sulankstoma-kudikio-vonele-pilkas\/#breadcrumb\",\"itemListElement\":[{\"@type\":\"ListItem\",\"position\":1,\"name\":\"Home\",\"item\":\"https:\/\/dev.monti.lt\/\"},{\"@type\":\"ListItem\",\"position\":2,\"name\":\"Parduotuv\u0117\",\"item\":\"https:\/\/dev.monti.lt\/shop\/\"},{\"@type\":\"ListItem\",\"position\":3,\"name\":\"Sulankstoma k\u016bdikio vonel\u0117 pilkas\"}]},{\"@type\":\"WebSite\",\"@id\":\"https:\/\/dev.monti.lt\/#website\",\"url\":\"https:\/\/dev.monti.lt\/\",\"name\":\"Montessori \u017eaislai\",\"description\":\"\",\"publisher\":{\"@id\":\"https:\/\/dev.monti.lt\/#organization\"},\"potentialAction\":[{\"@type\":\"SearchAction\",\"target\":{\"@type\":\"EntryPoint\",\"urlTemplate\":\"https:\/\/dev.monti.lt\/?s={search_term_string}\"},\"query-input\":\"required name=search_term_string\"}],\"inLanguage\":\"en-US\"},{\"@type\":\"Organization\",\"@id\":\"https:\/\/dev.monti.lt\/#organization\",\"name\":\"Montessori \u017eaislai\",\"url\":\"https:\/\/dev.monti.lt\/\",\"logo\":{\"@type\":\"ImageObject\",\"inLanguage\":\"en-US\",\"@id\":\"https:\/\/dev.monti.lt\/#\/schema\/logo\/image\/\",\"url\":\"https:\/\/dev.monti.lt\/wp-content\/uploads\/2022\/03\/montilogo-1.png\",\"contentUrl\":\"https:\/\/dev.monti.lt\/wp-content\/uploads\/2022\/03\/montilogo-1.png\",\"width\":512,\"height\":512,\"caption\":\"Montessori \u017eaislai\"},\"image\":{\"@id\":\"https:\/\/dev.monti.lt\/#\/schema\/logo\/image\/\"}}]}<\/script>\n<!-- \/ Yoast SEO plugin. -->","yoast_head_json":{"title":"Sulankstoma k\u016bdikio vonel\u0117 pilkas - Montessori \u017eaislai","robots":{"index":"noindex","follow":"follow","max-snippet":"max-snippet:-1","max-image-preview":"max-image-preview:large","max-video-preview":"max-video-preview:-1"},"og_locale":"en_US","og_type":"article","og_title":"Sulankstoma k\u016bdikio vonel\u0117 pilkas - Montessori \u017eaislai","og_description":"\u2b50 DIDEL\u0116 SULANKSTOMA K\u016aDIKI\u0172 VONIA NICEKIDS SILIKONIN\u0116 PILKA SU PAGALV\u0116LE Idealiai tinka t\u0117vams, kurie: \u2764\ufe0f&nbsp;Jei \u012f visus \u0161iuos klausimus atsak\u0117te TAIP, vadinasi, pasirinkote puikiai! NICEkids&nbsp;k\u016bdiki\u0173 vonel\u0117 yra puikus sprendimas bet kuriam k\u016bdikiui. \u2705&nbsp;PATOGI IR FUNKCIONALI: \u2705 Vonel\u0117 taip pat yra&nbsp;IDEALI DOVAN\u0116L\u0116&nbsp;b\u016bsimiems ar naujiems t\u0117vams!!!","og_url":"https:\/\/dev.monti.lt\/en\/product\/sulankstoma-kudikio-vonele-pilkas\/","og_site_name":"Montessori \u017eaislai","article_modified_time":"2024-10-02T10:07:06+00:00","og_image":[{"width":800,"height":800,"url":"https:\/\/dev.monti.lt\/wp-content\/uploads\/2024\/03\/wanienka-dla-dzieci-skladana-nicekids-silikonowa-szara-poduszka.webp","type":"image\/webp"}],"twitter_card":"summary_large_image","twitter_misc":{"Est. reading time":"1 minute"},"schema":{"@context":"https:\/\/schema.org","@graph":[{"@type":"WebPage","@id":"https:\/\/dev.monti.lt\/product\/sulankstoma-kudikio-vonele-pilkas\/","url":"https:\/\/dev.monti.lt\/product\/sulankstoma-kudikio-vonele-pilkas\/","name":"Sulankstoma k\u016bdikio vonel\u0117 pilkas - Montessori \u017eaislai","isPartOf":{"@id":"https:\/\/dev.monti.lt\/#website"},"primaryImageOfPage":{"@id":"https:\/\/dev.monti.lt\/product\/sulankstoma-kudikio-vonele-pilkas\/#primaryimage"},"image":{"@id":"https:\/\/dev.monti.lt\/product\/sulankstoma-kudikio-vonele-pilkas\/#primaryimage"},"thumbnailUrl":"https:\/\/dev.monti.lt\/wp-content\/uploads\/2024\/03\/wanienka-dla-dzieci-skladana-nicekids-silikonowa-szara-poduszka.webp","datePublished":"2024-03-14T08:28:10+00:00","dateModified":"2024-10-02T10:07:06+00:00","breadcrumb":{"@id":"https:\/\/dev.monti.lt\/product\/sulankstoma-kudikio-vonele-pilkas\/#breadcrumb"},"inLanguage":"en-US","potentialAction":[{"@type":"ReadAction","target":["https:\/\/dev.monti.lt\/product\/sulankstoma-kudikio-vonele-pilkas\/"]}]},{"@type":"ImageObject","inLanguage":"en-US","@id":"https:\/\/dev.monti.lt\/product\/sulankstoma-kudikio-vonele-pilkas\/#primaryimage","url":"https:\/\/dev.monti.lt\/wp-content\/uploads\/2024\/03\/wanienka-dla-dzieci-skladana-nicekids-silikonowa-szara-poduszka.webp","contentUrl":"https:\/\/dev.monti.lt\/wp-content\/uploads\/2024\/03\/wanienka-dla-dzieci-skladana-nicekids-silikonowa-szara-poduszka.webp","width":800,"height":800,"caption":"vonele kudikiui sulankstoma"},{"@type":"BreadcrumbList","@id":"https:\/\/dev.monti.lt\/product\/sulankstoma-kudikio-vonele-pilkas\/#breadcrumb","itemListElement":[{"@type":"ListItem","position":1,"name":"Home","item":"https:\/\/dev.monti.lt\/"},{"@type":"ListItem","position":2,"name":"Parduotuv\u0117","item":"https:\/\/dev.monti.lt\/shop\/"},{"@type":"ListItem","position":3,"name":"Sulankstoma k\u016bdikio vonel\u0117 pilkas"}]},{"@type":"WebSite","@id":"https:\/\/dev.monti.lt\/#website","url":"https:\/\/dev.monti.lt\/","name":"Montessori \u017eaislai","description":"","publisher":{"@id":"https:\/\/dev.monti.lt\/#organization"},"potentialAction":[{"@type":"SearchAction","target":{"@type":"EntryPoint","urlTemplate":"https:\/\/dev.monti.lt\/?s={search_term_string}"},"query-input":"required name=search_term_string"}],"inLanguage":"en-US"},{"@type":"Organization","@id":"https:\/\/dev.monti.lt\/#organization","name":"Montessori \u017eaislai","url":"https:\/\/dev.monti.lt\/","logo":{"@type":"ImageObject","inLanguage":"en-US","@id":"https:\/\/dev.monti.lt\/#\/schema\/logo\/image\/","url":"https:\/\/dev.monti.lt\/wp-content\/uploads\/2022\/03\/montilogo-1.png","contentUrl":"https:\/\/dev.monti.lt\/wp-content\/uploads\/2022\/03\/montilogo-1.png","width":512,"height":512,"caption":"Montessori \u017eaislai"},"image":{"@id":"https:\/\/dev.monti.lt\/#\/schema\/logo\/image\/"}}]}},"_links":{"self":[{"href":"https:\/\/dev.monti.lt\/en\/wp-json\/wp\/v2\/product\/22480"}],"collection":[{"href":"https:\/\/dev.monti.lt\/en\/wp-json\/wp\/v2\/product"}],"about":[{"href":"https:\/\/dev.monti.lt\/en\/wp-json\/wp\/v2\/types\/product"}],"version-history":[{"count":1,"href":"https:\/\/dev.monti.lt\/en\/wp-json\/wp\/v2\/product\/22480\/revisions"}],"predecessor-version":[{"id":22487,"href":"https:\/\/dev.monti.lt\/en\/wp-json\/wp\/v2\/product\/22480\/revisions\/22487"}],"wp:featuredmedia":[{"embeddable":true,"href":"https:\/\/dev.monti.lt\/en\/wp-json\/wp\/v2\/media\/22481"}],"wp:attachment":[{"href":"https:\/\/dev.monti.lt\/en\/wp-json\/wp\/v2\/media?parent=22480"}],"wp:term":[{"taxonomy":"product_cat","embeddable":true,"href":"https:\/\/dev.monti.lt\/en\/wp-json\/wp\/v2\/product_cat?post=22480"},{"taxonomy":"product_tag","embeddable":true,"href":"https:\/\/dev.monti.lt\/en\/wp-json\/wp\/v2\/product_tag?post=22480"}],"curies":[{"name":"wp","href":"https:\/\/api.w.org\/{rel}","templated":true}]}}