{"id":22345,"date":"2024-03-06T07:39:34","date_gmt":"2024-03-06T07:39:34","guid":{"rendered":"https:\/\/dev.monti.lt\/?post_type=product&#038;p=22345"},"modified":"2024-05-14T11:15:31","modified_gmt":"2024-05-14T11:15:31","slug":"veterinaro-rinkinys","status":"publish","type":"product","link":"https:\/\/dev.monti.lt\/en\/product\/veterinaro-rinkinys\/","title":{"rendered":"Veterinaro rinkinys"},"content":{"rendered":"<p><strong>Tooky Toy<\/strong>&nbsp;veterinarijos rinkinys yra puikus \u017eaislas, leid\u017eiantis atlikti tikro veterinaro vaidmen\u012f.&nbsp;\u017daisdamas gydytojas moko empatijos ir jautrumo kit\u0173 jausmams.&nbsp;R\u016bpindamasis kita b\u016btybe, da\u017enai silpnesne ir ma\u017eesne, vaikas i\u0161moksta ir atsakomyb\u0117s.&nbsp;Jo&nbsp;<strong>gausi<\/strong>&nbsp;, keli\u0173 dali\u0173&nbsp;&nbsp;<strong>\u012franga<\/strong>&nbsp;&nbsp;ir&nbsp;&nbsp;<strong>esteti\u0161kai&nbsp;<\/strong>&nbsp;<strong>pagaminti<\/strong>&nbsp;&nbsp;medicinos prietaisai \u017eadins vaiko vaizduot\u0119 ir lengvai paai\u0161kins vaikui, kad veterinarai gelbsti gyv\u016bn\u0173 gyvybes.&nbsp;Suteikite savo ma\u017eajam gyv\u016bn\u0173 myl\u0117tojui visk\u0105, ko reikia, kad gal\u0117t\u0173 pasir\u016bpinti savo ma\u017euoju p\u016bkuotu draugu.<\/p><p><strong>Charakteristika:<\/strong><\/p><ul class=\"wp-block-list\"><li>&#8211; rinkin\u012f sudaro&nbsp;<strong>16 element\u0173,<\/strong><\/li>\n\n<li>&#8211;&nbsp;<strong>vaikams nuo 3 met\u0173,<\/strong><\/li>\n\n<li>&#8211; kruop\u0161\u010diai pagamintos&nbsp;<strong>tikr\u0173 medicinos \u012franki\u0173 imitacijos<\/strong>&nbsp;&nbsp;patiks vaikui,<\/li>\n\n<li>&#8211; komplekte yra med\u017eiaginis mai\u0161elis elementams susid\u0117ti.<\/li><\/ul><p><strong>Komplekte yra:<\/strong><\/p><ul class=\"wp-block-list\"><li>&#8211; apykakl\u0117,<\/li>\n\n<li>&#8211; pasta,<\/li>\n\n<li>-mai\u0161as,<\/li>\n\n<li>&#8211; medicininis leidimas,<\/li>\n\n<li>&#8211; termometras,<\/li>\n\n<li>&#8211; \u0161virk\u0161tas,<\/li>\n\n<li>&#8211; tablet\u0117s \u0161unims ir kat\u0117ms,<\/li>\n\n<li>&#8211; rentgeno nuotrauka,<\/li>\n\n<li>&#8211; plaktukas,<\/li>\n\n<li>&#8211; receptas,<\/li>\n\n<li>&#8211; \u017eirkl\u0117s,<\/li>\n\n<li>&#8211; stetoskopas.<\/li><\/ul><p><strong>Tooky Toy&nbsp; \u2013&nbsp;<\/strong><strong>medinius \u017eaislus&nbsp;<\/strong>&nbsp;vaikams gaminanti \u012fmon\u0117&nbsp;&nbsp;, rinkoje esanti nuo 2004 m.&nbsp;Keli\u0173 met\u0173 patirtis pramon\u0117je yra auk\u0161tos kokyb\u0117s gamini\u0173, pagamint\u0173 atsi\u017evelgiant \u012f vaik\u0173 saugum\u0105, garantija.&nbsp;Tooky Toy \u017eaislai&nbsp; turi daugyb\u0119 sertifikat\u0173, patvirtinan\u010di\u0173&nbsp;\u0161i\u0173 ekologi\u0161k\u0173 gamini\u0173&nbsp;<strong>saugum\u0105&nbsp; .&nbsp;<\/strong>Gerai i\u0161lyginti, be atplai\u0161\u0173 ir a\u0161tri\u0173 briaun\u0173, \u017eaislai padengti tik saugiais, netoksi\u0161kais da\u017eais, da\u017eais ir lakais.&nbsp;D\u0117l viso to&nbsp;&nbsp;<strong>Tooky Toy<\/strong>&nbsp;\u017eaislus &nbsp;m\u0117gsta vaikai ir vertina t\u0117vai visame pasaulyje.<\/p>","protected":false},"excerpt":{"rendered":"<p>Tooky Toy&nbsp;veterinarijos rinkinys yra puikus \u017eaislas, leid\u017eiantis atlikti tikro veterinaro vaidmen\u012f.&nbsp;\u017daisdamas gydytojas moko empatijos ir jautrumo kit\u0173 jausmams.&nbsp;R\u016bpindamasis kita b\u016btybe, da\u017enai silpnesne ir ma\u017eesne, vaikas i\u0161moksta ir atsakomyb\u0117s.&nbsp;Jo&nbsp;gausi&nbsp;, keli\u0173 dali\u0173&nbsp;&nbsp;\u012franga&nbsp;&nbsp;ir&nbsp;&nbsp;esteti\u0161kai&nbsp;&nbsp;pagaminti&nbsp;&nbsp;medicinos prietaisai \u017eadins vaiko vaizduot\u0119 ir lengvai paai\u0161kins vaikui, kad veterinarai gelbsti gyv\u016bn\u0173 gyvybes.&nbsp;Suteikite savo ma\u017eajam gyv\u016bn\u0173 myl\u0117tojui visk\u0105, ko reikia, kad gal\u0117t\u0173 pasir\u016bpinti savo ma\u017euoju [&hellip;]<\/p>","protected":false},"featured_media":22346,"template":"","meta":{"iawp_total_views":34},"product_cat":[84,90,50,199,93,49,39],"product_tag":[96,97,98],"class_list":{"0":"post-22345","1":"product","2":"type-product","3":"status-publish","4":"has-post-thumbnail","6":"product_cat-lavinamieji-zaislai","7":"product_cat-pasaulio-pazinimas","8":"product_cat-top-dovanos","9":"product_cat-ugdymo-istaigoms","10":"product_cat-vaidmenu-zaidimai","11":"product_cat-visi-zaislai","12":"product_cat-zaislai","13":"product_tag-2-m-3-m","14":"product_tag-3-m-4-m","15":"product_tag-5-m-7-m","17":"first","18":"instock","19":"taxable","20":"shipping-taxable","21":"purchasable","22":"product-type-simple"},"yoast_head":"<!-- This site is optimized with the Yoast SEO plugin v23.3 - https:\/\/yoast.com\/wordpress\/plugins\/seo\/ -->\n<title>Veterinaro rinkinys - Montessori \u017eaislai<\/title>\n<meta name=\"robots\" content=\"noindex, follow, max-snippet:-1, max-image-preview:large, max-video-preview:-1\" \/>\n<meta property=\"og:locale\" content=\"en_US\" \/>\n<meta property=\"og:type\" content=\"article\" \/>\n<meta property=\"og:title\" content=\"Veterinaro rinkinys - Montessori \u017eaislai\" \/>\n<meta property=\"og:description\" content=\"Tooky Toy&nbsp;veterinarijos rinkinys yra puikus \u017eaislas, leid\u017eiantis atlikti tikro veterinaro vaidmen\u012f.&nbsp;\u017daisdamas gydytojas moko empatijos ir jautrumo kit\u0173 jausmams.&nbsp;R\u016bpindamasis kita b\u016btybe, da\u017enai silpnesne ir ma\u017eesne, vaikas i\u0161moksta ir atsakomyb\u0117s.&nbsp;Jo&nbsp;gausi&nbsp;, keli\u0173 dali\u0173&nbsp;&nbsp;\u012franga&nbsp;&nbsp;ir&nbsp;&nbsp;esteti\u0161kai&nbsp;&nbsp;pagaminti&nbsp;&nbsp;medicinos prietaisai \u017eadins vaiko vaizduot\u0119 ir lengvai paai\u0161kins vaikui, kad veterinarai gelbsti gyv\u016bn\u0173 gyvybes.&nbsp;Suteikite savo ma\u017eajam gyv\u016bn\u0173 myl\u0117tojui visk\u0105, ko reikia, kad gal\u0117t\u0173 pasir\u016bpinti savo ma\u017euoju [&hellip;]\" \/>\n<meta property=\"og:url\" content=\"https:\/\/dev.monti.lt\/en\/product\/veterinaro-rinkinys\/\" \/>\n<meta property=\"og:site_name\" content=\"Montessori \u017eaislai\" \/>\n<meta property=\"article:modified_time\" content=\"2024-05-14T11:15:31+00:00\" \/>\n<meta property=\"og:image\" content=\"https:\/\/dev.monti.lt\/wp-content\/uploads\/2024\/03\/tooky-toy-zestaw-weterynarza-torba-17el.jpg\" \/>\n\t<meta property=\"og:image:width\" content=\"800\" \/>\n\t<meta property=\"og:image:height\" content=\"800\" \/>\n\t<meta property=\"og:image:type\" content=\"image\/jpeg\" \/>\n<meta name=\"twitter:card\" content=\"summary_large_image\" \/>\n<meta name=\"twitter:label1\" content=\"Est. reading time\" \/>\n\t<meta name=\"twitter:data1\" content=\"2 minutes\" \/>\n<script type=\"application\/ld+json\" class=\"yoast-schema-graph\">{\"@context\":\"https:\/\/schema.org\",\"@graph\":[{\"@type\":\"WebPage\",\"@id\":\"https:\/\/dev.monti.lt\/product\/veterinaro-rinkinys\/\",\"url\":\"https:\/\/dev.monti.lt\/product\/veterinaro-rinkinys\/\",\"name\":\"Veterinaro rinkinys - Montessori \u017eaislai\",\"isPartOf\":{\"@id\":\"https:\/\/dev.monti.lt\/#website\"},\"primaryImageOfPage\":{\"@id\":\"https:\/\/dev.monti.lt\/product\/veterinaro-rinkinys\/#primaryimage\"},\"image\":{\"@id\":\"https:\/\/dev.monti.lt\/product\/veterinaro-rinkinys\/#primaryimage\"},\"thumbnailUrl\":\"https:\/\/dev.monti.lt\/wp-content\/uploads\/2024\/03\/tooky-toy-zestaw-weterynarza-torba-17el.jpg\",\"datePublished\":\"2024-03-06T07:39:34+00:00\",\"dateModified\":\"2024-05-14T11:15:31+00:00\",\"breadcrumb\":{\"@id\":\"https:\/\/dev.monti.lt\/product\/veterinaro-rinkinys\/#breadcrumb\"},\"inLanguage\":\"en-US\",\"potentialAction\":[{\"@type\":\"ReadAction\",\"target\":[\"https:\/\/dev.monti.lt\/product\/veterinaro-rinkinys\/\"]}]},{\"@type\":\"ImageObject\",\"inLanguage\":\"en-US\",\"@id\":\"https:\/\/dev.monti.lt\/product\/veterinaro-rinkinys\/#primaryimage\",\"url\":\"https:\/\/dev.monti.lt\/wp-content\/uploads\/2024\/03\/tooky-toy-zestaw-weterynarza-torba-17el.jpg\",\"contentUrl\":\"https:\/\/dev.monti.lt\/wp-content\/uploads\/2024\/03\/tooky-toy-zestaw-weterynarza-torba-17el.jpg\",\"width\":800,\"height\":800,\"caption\":\"zaislas veterinaro rinkinys\"},{\"@type\":\"BreadcrumbList\",\"@id\":\"https:\/\/dev.monti.lt\/product\/veterinaro-rinkinys\/#breadcrumb\",\"itemListElement\":[{\"@type\":\"ListItem\",\"position\":1,\"name\":\"Home\",\"item\":\"https:\/\/dev.monti.lt\/\"},{\"@type\":\"ListItem\",\"position\":2,\"name\":\"Parduotuv\u0117\",\"item\":\"https:\/\/dev.monti.lt\/shop\/\"},{\"@type\":\"ListItem\",\"position\":3,\"name\":\"Veterinaro rinkinys\"}]},{\"@type\":\"WebSite\",\"@id\":\"https:\/\/dev.monti.lt\/#website\",\"url\":\"https:\/\/dev.monti.lt\/\",\"name\":\"Montessori \u017eaislai\",\"description\":\"\",\"publisher\":{\"@id\":\"https:\/\/dev.monti.lt\/#organization\"},\"potentialAction\":[{\"@type\":\"SearchAction\",\"target\":{\"@type\":\"EntryPoint\",\"urlTemplate\":\"https:\/\/dev.monti.lt\/?s={search_term_string}\"},\"query-input\":\"required name=search_term_string\"}],\"inLanguage\":\"en-US\"},{\"@type\":\"Organization\",\"@id\":\"https:\/\/dev.monti.lt\/#organization\",\"name\":\"Montessori \u017eaislai\",\"url\":\"https:\/\/dev.monti.lt\/\",\"logo\":{\"@type\":\"ImageObject\",\"inLanguage\":\"en-US\",\"@id\":\"https:\/\/dev.monti.lt\/#\/schema\/logo\/image\/\",\"url\":\"https:\/\/dev.monti.lt\/wp-content\/uploads\/2022\/03\/montilogo-1.png\",\"contentUrl\":\"https:\/\/dev.monti.lt\/wp-content\/uploads\/2022\/03\/montilogo-1.png\",\"width\":512,\"height\":512,\"caption\":\"Montessori \u017eaislai\"},\"image\":{\"@id\":\"https:\/\/dev.monti.lt\/#\/schema\/logo\/image\/\"}}]}<\/script>\n<!-- \/ Yoast SEO plugin. -->","yoast_head_json":{"title":"Veterinaro rinkinys - Montessori \u017eaislai","robots":{"index":"noindex","follow":"follow","max-snippet":"max-snippet:-1","max-image-preview":"max-image-preview:large","max-video-preview":"max-video-preview:-1"},"og_locale":"en_US","og_type":"article","og_title":"Veterinaro rinkinys - Montessori \u017eaislai","og_description":"Tooky Toy&nbsp;veterinarijos rinkinys yra puikus \u017eaislas, leid\u017eiantis atlikti tikro veterinaro vaidmen\u012f.&nbsp;\u017daisdamas gydytojas moko empatijos ir jautrumo kit\u0173 jausmams.&nbsp;R\u016bpindamasis kita b\u016btybe, da\u017enai silpnesne ir ma\u017eesne, vaikas i\u0161moksta ir atsakomyb\u0117s.&nbsp;Jo&nbsp;gausi&nbsp;, keli\u0173 dali\u0173&nbsp;&nbsp;\u012franga&nbsp;&nbsp;ir&nbsp;&nbsp;esteti\u0161kai&nbsp;&nbsp;pagaminti&nbsp;&nbsp;medicinos prietaisai \u017eadins vaiko vaizduot\u0119 ir lengvai paai\u0161kins vaikui, kad veterinarai gelbsti gyv\u016bn\u0173 gyvybes.&nbsp;Suteikite savo ma\u017eajam gyv\u016bn\u0173 myl\u0117tojui visk\u0105, ko reikia, kad gal\u0117t\u0173 pasir\u016bpinti savo ma\u017euoju [&hellip;]","og_url":"https:\/\/dev.monti.lt\/en\/product\/veterinaro-rinkinys\/","og_site_name":"Montessori \u017eaislai","article_modified_time":"2024-05-14T11:15:31+00:00","og_image":[{"width":800,"height":800,"url":"https:\/\/dev.monti.lt\/wp-content\/uploads\/2024\/03\/tooky-toy-zestaw-weterynarza-torba-17el.jpg","type":"image\/jpeg"}],"twitter_card":"summary_large_image","twitter_misc":{"Est. reading time":"2 minutes"},"schema":{"@context":"https:\/\/schema.org","@graph":[{"@type":"WebPage","@id":"https:\/\/dev.monti.lt\/product\/veterinaro-rinkinys\/","url":"https:\/\/dev.monti.lt\/product\/veterinaro-rinkinys\/","name":"Veterinaro rinkinys - Montessori \u017eaislai","isPartOf":{"@id":"https:\/\/dev.monti.lt\/#website"},"primaryImageOfPage":{"@id":"https:\/\/dev.monti.lt\/product\/veterinaro-rinkinys\/#primaryimage"},"image":{"@id":"https:\/\/dev.monti.lt\/product\/veterinaro-rinkinys\/#primaryimage"},"thumbnailUrl":"https:\/\/dev.monti.lt\/wp-content\/uploads\/2024\/03\/tooky-toy-zestaw-weterynarza-torba-17el.jpg","datePublished":"2024-03-06T07:39:34+00:00","dateModified":"2024-05-14T11:15:31+00:00","breadcrumb":{"@id":"https:\/\/dev.monti.lt\/product\/veterinaro-rinkinys\/#breadcrumb"},"inLanguage":"en-US","potentialAction":[{"@type":"ReadAction","target":["https:\/\/dev.monti.lt\/product\/veterinaro-rinkinys\/"]}]},{"@type":"ImageObject","inLanguage":"en-US","@id":"https:\/\/dev.monti.lt\/product\/veterinaro-rinkinys\/#primaryimage","url":"https:\/\/dev.monti.lt\/wp-content\/uploads\/2024\/03\/tooky-toy-zestaw-weterynarza-torba-17el.jpg","contentUrl":"https:\/\/dev.monti.lt\/wp-content\/uploads\/2024\/03\/tooky-toy-zestaw-weterynarza-torba-17el.jpg","width":800,"height":800,"caption":"zaislas veterinaro rinkinys"},{"@type":"BreadcrumbList","@id":"https:\/\/dev.monti.lt\/product\/veterinaro-rinkinys\/#breadcrumb","itemListElement":[{"@type":"ListItem","position":1,"name":"Home","item":"https:\/\/dev.monti.lt\/"},{"@type":"ListItem","position":2,"name":"Parduotuv\u0117","item":"https:\/\/dev.monti.lt\/shop\/"},{"@type":"ListItem","position":3,"name":"Veterinaro rinkinys"}]},{"@type":"WebSite","@id":"https:\/\/dev.monti.lt\/#website","url":"https:\/\/dev.monti.lt\/","name":"Montessori \u017eaislai","description":"","publisher":{"@id":"https:\/\/dev.monti.lt\/#organization"},"potentialAction":[{"@type":"SearchAction","target":{"@type":"EntryPoint","urlTemplate":"https:\/\/dev.monti.lt\/?s={search_term_string}"},"query-input":"required name=search_term_string"}],"inLanguage":"en-US"},{"@type":"Organization","@id":"https:\/\/dev.monti.lt\/#organization","name":"Montessori \u017eaislai","url":"https:\/\/dev.monti.lt\/","logo":{"@type":"ImageObject","inLanguage":"en-US","@id":"https:\/\/dev.monti.lt\/#\/schema\/logo\/image\/","url":"https:\/\/dev.monti.lt\/wp-content\/uploads\/2022\/03\/montilogo-1.png","contentUrl":"https:\/\/dev.monti.lt\/wp-content\/uploads\/2022\/03\/montilogo-1.png","width":512,"height":512,"caption":"Montessori \u017eaislai"},"image":{"@id":"https:\/\/dev.monti.lt\/#\/schema\/logo\/image\/"}}]}},"_links":{"self":[{"href":"https:\/\/dev.monti.lt\/en\/wp-json\/wp\/v2\/product\/22345"}],"collection":[{"href":"https:\/\/dev.monti.lt\/en\/wp-json\/wp\/v2\/product"}],"about":[{"href":"https:\/\/dev.monti.lt\/en\/wp-json\/wp\/v2\/types\/product"}],"version-history":[{"count":1,"href":"https:\/\/dev.monti.lt\/en\/wp-json\/wp\/v2\/product\/22345\/revisions"}],"predecessor-version":[{"id":22353,"href":"https:\/\/dev.monti.lt\/en\/wp-json\/wp\/v2\/product\/22345\/revisions\/22353"}],"wp:featuredmedia":[{"embeddable":true,"href":"https:\/\/dev.monti.lt\/en\/wp-json\/wp\/v2\/media\/22346"}],"wp:attachment":[{"href":"https:\/\/dev.monti.lt\/en\/wp-json\/wp\/v2\/media?parent=22345"}],"wp:term":[{"taxonomy":"product_cat","embeddable":true,"href":"https:\/\/dev.monti.lt\/en\/wp-json\/wp\/v2\/product_cat?post=22345"},{"taxonomy":"product_tag","embeddable":true,"href":"https:\/\/dev.monti.lt\/en\/wp-json\/wp\/v2\/product_tag?post=22345"}],"curies":[{"name":"wp","href":"https:\/\/api.w.org\/{rel}","templated":true}]}}