{"id":22325,"date":"2024-03-06T07:26:37","date_gmt":"2024-03-06T07:26:37","guid":{"rendered":"https:\/\/dev.monti.lt\/?post_type=product&#038;p=22325"},"modified":"2024-10-08T20:09:25","modified_gmt":"2024-10-08T20:09:25","slug":"matematikos-zaidimas","status":"publish","type":"product","link":"https:\/\/dev.monti.lt\/en\/product\/matematikos-zaidimas\/","title":{"rendered":"Matematikos \u017eaidimas"},"content":{"rendered":"<p><strong>Konstrukciniai&nbsp;<\/strong><strong>blokeliai<\/strong>&nbsp;i\u0161&nbsp;<strong>WOOPIE<\/strong>&nbsp;prek\u0117s \u017eenklo pritrauks j\u016bs\u0173 vaiko d\u0117mes\u012f ir su\u017eav\u0117s.&nbsp;Blokai labai lengvai&nbsp;<strong>susijungia vienas su kitu<\/strong>&nbsp;, jais galite kurti nuostabias&nbsp;<strong>3D konstrukcijas ir mokytis matematikos.&nbsp;<\/strong>Rinkin\u012f sudaro&nbsp;<strong>148 elementai,<\/strong>&nbsp;\u012fskaitant&nbsp;<strong>mokom\u0105j\u0105 med\u017eiag\u0105.&nbsp;<\/strong>Pa\u010dios konstrukcijos k\u016brimas lavins J\u016bs\u0173 vaiko&nbsp;<strong>login\u012f&nbsp;<\/strong><strong>m\u0105stym\u0105<\/strong>&nbsp;,&nbsp;<strong>vaizduot\u0119<\/strong>&nbsp;,&nbsp;<strong>k\u016brybi\u0161kum\u0105<\/strong>&nbsp;ir&nbsp;<strong>pad\u0117s susikaupti&nbsp;&nbsp;<\/strong>kuriant, o edukacin\u0117s kortel\u0117s papildys J\u016bs\u0173 matematines \u017einias.&nbsp;D\u0117liodamas kalad\u0117les vaikas mokosi form\u0173 ir spalv\u0173, lavina rankinius \u012fg\u016bd\u017eius.<\/p><p><strong>Charakteristika:<\/strong><\/p><ul class=\"wp-block-list\"><li>&#8211; \u017eaislas&nbsp;<strong>nuo 3 met\u0173 am\u017eiaus,<\/strong><\/li>\n\n<li><strong>&#8211;<\/strong>&nbsp;rinkinyje yra&nbsp;<strong>net 148 elementai,<\/strong>&nbsp;\u012fskaitant&nbsp;<strong>mokom\u0105j\u0105 med\u017eiag\u0105&nbsp;\/ ra\u0161tus, kalad\u0117les, skai\u010dius, kauliukus<\/strong>&nbsp;ir&nbsp;<strong>virveles,<\/strong><\/li>\n\n<li><strong>&#8211;<\/strong>&nbsp;rinkinyje yra&nbsp;<strong>30<\/strong>&nbsp;dvipusi\u0173&nbsp;<strong>korteli\u0173, skirt\u0173 mokytis ir \u017eaisti,<\/strong><\/li>\n\n<li><strong>&#8211;<\/strong>&nbsp;\u017eaidimai ir u\u017esi\u0117mimai:&nbsp;<strong>mokantis skai\u010diuoti, mokytis angl\u0173 kalbos ir loginio m\u0105stymo,<\/strong><\/li>\n\n<li>&#8211; ant kiekvieno bloko yra&nbsp;<strong>numeris<\/strong>&nbsp;, kuris gali parodyti prisijungimo tvark\u0105,<\/li>\n\n<li>&#8211; blokus&nbsp;galima&nbsp;<strong>lengvai&nbsp;<\/strong><strong>sujungti<\/strong>&nbsp;vienas su kitu,<\/li>\n\n<li>&#8211; pastatyti daugyb\u0119&nbsp;<strong>3D konstrukcij\u0173,<\/strong><\/li>\n\n<li><strong>&#8211;<\/strong>&nbsp;yra&nbsp;<strong>instrukcijos<\/strong>&nbsp;angl\u0173 kalba.<\/li><\/ul><p><strong>\u017daidim\u0173 ir linksmybi\u0173 kortos:<\/strong><\/p><ul class=\"wp-block-list\"><li><strong>&#8211; 1a-1b &#8211;<\/strong>&nbsp;modeli\u0173 ir sek\u0173 i\u0161d\u0117stymas<\/li>\n\n<li>&#8211;&nbsp;<strong>2a<\/strong>&nbsp;&#8211; spalv\u0173 r\u016b\u0161iavimas ir grupavimas<\/li>\n\n<li>&#8211;&nbsp;<strong>2b<\/strong>&nbsp;&#8211; bok\u0161to statyba<\/li>\n\n<li>&#8211;&nbsp;<strong>3a-4b<\/strong>&nbsp;&#8211; pagrindinis papildymas<\/li>\n\n<li>&#8211;&nbsp;<strong>5a-5b<\/strong>&nbsp;&#8211; mokymasis skai\u010diuoti<\/li>\n\n<li>&#8211;&nbsp;<strong>6a-7b<\/strong>&nbsp;&#8211; pagrindin\u0117 atimta<\/li>\n\n<li>&#8211;&nbsp;<strong>8a-8b<\/strong>&nbsp;&#8211; sud\u0117jimo ir atimties \u0161ablonas<\/li>\n\n<li>&#8211;&nbsp;<strong>9a-10a<\/strong>&nbsp;&#8211; skai\u010diuojant kartotiniais<\/li>\n\n<li>&#8211;&nbsp;<strong>10b-11a<\/strong>&nbsp;&#8211; element\u0173 paskirstymas tolygiai<\/li>\n\n<li>&#8211;&nbsp;<strong>11b-12a<\/strong>&nbsp;&#8211; skirtingo auk\u0161\u010dio ir ilgio bok\u0161to statyba<\/li>\n\n<li>&#8211;&nbsp;<strong>12b<\/strong>&nbsp;&#8211; 2D form\u0173 k\u016brimas<\/li>\n\n<li>&#8211;&nbsp;<strong>13a-13b<\/strong>&nbsp;&#8211; d\u0117lion\u0117s form\u0173 i\u0161d\u0117stymas<\/li>\n\n<li>&#8211;&nbsp;<strong>14a<\/strong>&nbsp;&#8211; 3D form\u0173 k\u016brimas<\/li>\n\n<li>&#8211;&nbsp;<strong>14b-15a<\/strong>&nbsp;&#8211; matavimas blokais<\/li>\n\n<li>&#8211;&nbsp;<strong>15b<\/strong>&nbsp;&#8211; 4 \u017eaidimas i\u0161 eil\u0117s<\/li>\n\n<li>&#8211;&nbsp;<strong>16a-16b<\/strong>&nbsp;&#8211; kalad\u0117li\u0173 i\u0161d\u0117stymas pagal skai\u010di\u0173 ir spalv\u0105<\/li>\n\n<li>&#8211;&nbsp;<strong>17a-17b<\/strong>&nbsp;&#8211; mokytis skai\u010diuoti angl\u0173 kalba<\/li>\n\n<li>&#8211;&nbsp;<strong>18a-20b<\/strong>&nbsp;&#8211; i\u0161pl\u0117stinis skai\u010diavimas<\/li>\n\n<li>&#8211;&nbsp;<strong>21a-21b<\/strong>&nbsp;&#8211; k\u016brybinis i\u0161d\u0117stymas, pvz., sraigtasparnis<\/li>\n\n<li>&#8211;&nbsp;<strong>22a-23b<\/strong>&nbsp;&#8211; kotamino<\/li>\n\n<li>&#8211;&nbsp;<strong>24a-24b<\/strong>&nbsp;&#8211; 4 spalv\u0173 ra\u0161t\u0173 i\u0161d\u0117stymas<\/li>\n\n<li>&#8211;&nbsp;<strong>25a-25b<\/strong>&nbsp;&#8211; &#8220;u\u017emaskuot\u0173&#8221; kubeli\u0173 sprendimas<\/li>\n\n<li>&#8211;&nbsp;<strong>26a-27a<\/strong>&nbsp;&#8211; &#8220;Babilono bok\u0161to&#8221; kubo sprendimas<\/li>\n\n<li>&#8211;&nbsp;<strong>27b<\/strong>&nbsp;&#8211; stalo \u017eaidimas<\/li>\n\n<li>&#8211;&nbsp;<strong>28a-28b<\/strong>&nbsp;&#8211; ka\u010diuko surinkimas i\u0161 d\u0117lion\u0117s<\/li>\n\n<li>&#8211;&nbsp;<strong>29a-29b<\/strong>&nbsp;&#8211; labirinto sprendimas<\/li>\n\n<li>&#8211;&nbsp;<strong>30a-30b<\/strong>&nbsp;&#8211; stebuklingo bok\u0161to surinkimas<\/li><\/ul><p><strong>\u017daislas vysto:<\/strong><\/p><ul class=\"wp-block-list\"><li>&#8211; loginis m\u0105stymas,<\/li>\n\n<li>&#8211; i\u0161mokti skai\u010diuoti,<\/li>\n\n<li>&#8211; vaizduot\u0117s,<\/li>\n\n<li>&#8211; k\u016brybi\u0161kumas,<\/li>\n\n<li>&#8211; smulkioji motorika,<\/li>\n\n<li>&#8211; koncentracija,<\/li>\n\n<li>&#8211; matematikos \u017einios,<\/li>\n\n<li>&#8211; form\u0173 ir spalv\u0173 mokymasis.<\/li><\/ul>","protected":false},"excerpt":{"rendered":"<p>Konstrukciniai&nbsp;blokeliai&nbsp;i\u0161&nbsp;WOOPIE&nbsp;prek\u0117s \u017eenklo pritrauks j\u016bs\u0173 vaiko d\u0117mes\u012f ir su\u017eav\u0117s.&nbsp;Blokai labai lengvai&nbsp;susijungia vienas su kitu&nbsp;, jais galite kurti nuostabias&nbsp;3D konstrukcijas ir mokytis matematikos.&nbsp;Rinkin\u012f sudaro&nbsp;148 elementai,&nbsp;\u012fskaitant&nbsp;mokom\u0105j\u0105 med\u017eiag\u0105.&nbsp;Pa\u010dios konstrukcijos k\u016brimas lavins J\u016bs\u0173 vaiko&nbsp;login\u012f&nbsp;m\u0105stym\u0105&nbsp;,&nbsp;vaizduot\u0119&nbsp;,&nbsp;k\u016brybi\u0161kum\u0105&nbsp;ir&nbsp;pad\u0117s susikaupti&nbsp;&nbsp;kuriant, o edukacin\u0117s kortel\u0117s papildys J\u016bs\u0173 matematines \u017einias.&nbsp;D\u0117liodamas kalad\u0117les vaikas mokosi form\u0173 ir spalv\u0173, lavina rankinius \u012fg\u016bd\u017eius. Charakteristika: \u017daidim\u0173 ir linksmybi\u0173 kortos: \u017daislas vysto:<\/p>","protected":false},"featured_media":22327,"template":"","meta":{"iawp_total_views":83},"product_cat":[84,88,199,49,39],"product_tag":[97,98],"class_list":{"0":"post-22325","1":"product","2":"type-product","3":"status-publish","4":"has-post-thumbnail","6":"product_cat-lavinamieji-zaislai","7":"product_cat-mokausi-zaisti","8":"product_cat-ugdymo-istaigoms","9":"product_cat-visi-zaislai","10":"product_cat-zaislai","11":"product_tag-3-m-4-m","12":"product_tag-5-m-7-m","14":"first","15":"instock","16":"taxable","17":"shipping-taxable","18":"purchasable","19":"product-type-simple"},"yoast_head":"<!-- This site is optimized with the Yoast SEO plugin v23.3 - https:\/\/yoast.com\/wordpress\/plugins\/seo\/ -->\n<title>Matematikos \u017eaidimas - Montessori \u017eaislai<\/title>\n<meta name=\"robots\" content=\"noindex, follow, max-snippet:-1, max-image-preview:large, max-video-preview:-1\" \/>\n<meta property=\"og:locale\" content=\"en_US\" \/>\n<meta property=\"og:type\" content=\"article\" \/>\n<meta property=\"og:title\" content=\"Matematikos \u017eaidimas - Montessori \u017eaislai\" \/>\n<meta property=\"og:description\" content=\"Konstrukciniai&nbsp;blokeliai&nbsp;i\u0161&nbsp;WOOPIE&nbsp;prek\u0117s \u017eenklo pritrauks j\u016bs\u0173 vaiko d\u0117mes\u012f ir su\u017eav\u0117s.&nbsp;Blokai labai lengvai&nbsp;susijungia vienas su kitu&nbsp;, jais galite kurti nuostabias&nbsp;3D konstrukcijas ir mokytis matematikos.&nbsp;Rinkin\u012f sudaro&nbsp;148 elementai,&nbsp;\u012fskaitant&nbsp;mokom\u0105j\u0105 med\u017eiag\u0105.&nbsp;Pa\u010dios konstrukcijos k\u016brimas lavins J\u016bs\u0173 vaiko&nbsp;login\u012f&nbsp;m\u0105stym\u0105&nbsp;,&nbsp;vaizduot\u0119&nbsp;,&nbsp;k\u016brybi\u0161kum\u0105&nbsp;ir&nbsp;pad\u0117s susikaupti&nbsp;&nbsp;kuriant, o edukacin\u0117s kortel\u0117s papildys J\u016bs\u0173 matematines \u017einias.&nbsp;D\u0117liodamas kalad\u0117les vaikas mokosi form\u0173 ir spalv\u0173, lavina rankinius \u012fg\u016bd\u017eius. Charakteristika: \u017daidim\u0173 ir linksmybi\u0173 kortos: \u017daislas vysto:\" \/>\n<meta property=\"og:url\" content=\"https:\/\/dev.monti.lt\/en\/product\/matematikos-zaidimas\/\" \/>\n<meta property=\"og:site_name\" content=\"Montessori \u017eaislai\" \/>\n<meta property=\"article:modified_time\" content=\"2024-10-08T20:09:25+00:00\" \/>\n<meta property=\"og:image\" content=\"https:\/\/dev.monti.lt\/wp-content\/uploads\/2024\/03\/woopie-gra-ukladanka-matematyczna-klocki-konstrukcyjne-wzory-148-el-9.jpg\" \/>\n\t<meta property=\"og:image:width\" content=\"800\" \/>\n\t<meta property=\"og:image:height\" content=\"800\" \/>\n\t<meta property=\"og:image:type\" content=\"image\/jpeg\" \/>\n<meta name=\"twitter:card\" content=\"summary_large_image\" \/>\n<meta name=\"twitter:label1\" content=\"Est. reading time\" \/>\n\t<meta name=\"twitter:data1\" content=\"2 minutes\" \/>\n<script type=\"application\/ld+json\" class=\"yoast-schema-graph\">{\"@context\":\"https:\/\/schema.org\",\"@graph\":[{\"@type\":\"WebPage\",\"@id\":\"https:\/\/dev.monti.lt\/product\/matematikos-zaidimas\/\",\"url\":\"https:\/\/dev.monti.lt\/product\/matematikos-zaidimas\/\",\"name\":\"Matematikos \u017eaidimas - Montessori \u017eaislai\",\"isPartOf\":{\"@id\":\"https:\/\/dev.monti.lt\/#website\"},\"primaryImageOfPage\":{\"@id\":\"https:\/\/dev.monti.lt\/product\/matematikos-zaidimas\/#primaryimage\"},\"image\":{\"@id\":\"https:\/\/dev.monti.lt\/product\/matematikos-zaidimas\/#primaryimage\"},\"thumbnailUrl\":\"https:\/\/dev.monti.lt\/wp-content\/uploads\/2024\/03\/woopie-gra-ukladanka-matematyczna-klocki-konstrukcyjne-wzory-148-el-9.jpg\",\"datePublished\":\"2024-03-06T07:26:37+00:00\",\"dateModified\":\"2024-10-08T20:09:25+00:00\",\"breadcrumb\":{\"@id\":\"https:\/\/dev.monti.lt\/product\/matematikos-zaidimas\/#breadcrumb\"},\"inLanguage\":\"en-US\",\"potentialAction\":[{\"@type\":\"ReadAction\",\"target\":[\"https:\/\/dev.monti.lt\/product\/matematikos-zaidimas\/\"]}]},{\"@type\":\"ImageObject\",\"inLanguage\":\"en-US\",\"@id\":\"https:\/\/dev.monti.lt\/product\/matematikos-zaidimas\/#primaryimage\",\"url\":\"https:\/\/dev.monti.lt\/wp-content\/uploads\/2024\/03\/woopie-gra-ukladanka-matematyczna-klocki-konstrukcyjne-wzory-148-el-9.jpg\",\"contentUrl\":\"https:\/\/dev.monti.lt\/wp-content\/uploads\/2024\/03\/woopie-gra-ukladanka-matematyczna-klocki-konstrukcyjne-wzory-148-el-9.jpg\",\"width\":800,\"height\":800,\"caption\":\"mokausi skaiciuoti\"},{\"@type\":\"BreadcrumbList\",\"@id\":\"https:\/\/dev.monti.lt\/product\/matematikos-zaidimas\/#breadcrumb\",\"itemListElement\":[{\"@type\":\"ListItem\",\"position\":1,\"name\":\"Home\",\"item\":\"https:\/\/dev.monti.lt\/\"},{\"@type\":\"ListItem\",\"position\":2,\"name\":\"Parduotuv\u0117\",\"item\":\"https:\/\/dev.monti.lt\/shop\/\"},{\"@type\":\"ListItem\",\"position\":3,\"name\":\"Matematikos \u017eaidimas\"}]},{\"@type\":\"WebSite\",\"@id\":\"https:\/\/dev.monti.lt\/#website\",\"url\":\"https:\/\/dev.monti.lt\/\",\"name\":\"Montessori \u017eaislai\",\"description\":\"\",\"publisher\":{\"@id\":\"https:\/\/dev.monti.lt\/#organization\"},\"potentialAction\":[{\"@type\":\"SearchAction\",\"target\":{\"@type\":\"EntryPoint\",\"urlTemplate\":\"https:\/\/dev.monti.lt\/?s={search_term_string}\"},\"query-input\":\"required name=search_term_string\"}],\"inLanguage\":\"en-US\"},{\"@type\":\"Organization\",\"@id\":\"https:\/\/dev.monti.lt\/#organization\",\"name\":\"Montessori \u017eaislai\",\"url\":\"https:\/\/dev.monti.lt\/\",\"logo\":{\"@type\":\"ImageObject\",\"inLanguage\":\"en-US\",\"@id\":\"https:\/\/dev.monti.lt\/#\/schema\/logo\/image\/\",\"url\":\"https:\/\/dev.monti.lt\/wp-content\/uploads\/2022\/03\/montilogo-1.png\",\"contentUrl\":\"https:\/\/dev.monti.lt\/wp-content\/uploads\/2022\/03\/montilogo-1.png\",\"width\":512,\"height\":512,\"caption\":\"Montessori \u017eaislai\"},\"image\":{\"@id\":\"https:\/\/dev.monti.lt\/#\/schema\/logo\/image\/\"}}]}<\/script>\n<!-- \/ Yoast SEO plugin. -->","yoast_head_json":{"title":"Matematikos \u017eaidimas - Montessori \u017eaislai","robots":{"index":"noindex","follow":"follow","max-snippet":"max-snippet:-1","max-image-preview":"max-image-preview:large","max-video-preview":"max-video-preview:-1"},"og_locale":"en_US","og_type":"article","og_title":"Matematikos \u017eaidimas - Montessori \u017eaislai","og_description":"Konstrukciniai&nbsp;blokeliai&nbsp;i\u0161&nbsp;WOOPIE&nbsp;prek\u0117s \u017eenklo pritrauks j\u016bs\u0173 vaiko d\u0117mes\u012f ir su\u017eav\u0117s.&nbsp;Blokai labai lengvai&nbsp;susijungia vienas su kitu&nbsp;, jais galite kurti nuostabias&nbsp;3D konstrukcijas ir mokytis matematikos.&nbsp;Rinkin\u012f sudaro&nbsp;148 elementai,&nbsp;\u012fskaitant&nbsp;mokom\u0105j\u0105 med\u017eiag\u0105.&nbsp;Pa\u010dios konstrukcijos k\u016brimas lavins J\u016bs\u0173 vaiko&nbsp;login\u012f&nbsp;m\u0105stym\u0105&nbsp;,&nbsp;vaizduot\u0119&nbsp;,&nbsp;k\u016brybi\u0161kum\u0105&nbsp;ir&nbsp;pad\u0117s susikaupti&nbsp;&nbsp;kuriant, o edukacin\u0117s kortel\u0117s papildys J\u016bs\u0173 matematines \u017einias.&nbsp;D\u0117liodamas kalad\u0117les vaikas mokosi form\u0173 ir spalv\u0173, lavina rankinius \u012fg\u016bd\u017eius. Charakteristika: \u017daidim\u0173 ir linksmybi\u0173 kortos: \u017daislas vysto:","og_url":"https:\/\/dev.monti.lt\/en\/product\/matematikos-zaidimas\/","og_site_name":"Montessori \u017eaislai","article_modified_time":"2024-10-08T20:09:25+00:00","og_image":[{"width":800,"height":800,"url":"https:\/\/dev.monti.lt\/wp-content\/uploads\/2024\/03\/woopie-gra-ukladanka-matematyczna-klocki-konstrukcyjne-wzory-148-el-9.jpg","type":"image\/jpeg"}],"twitter_card":"summary_large_image","twitter_misc":{"Est. reading time":"2 minutes"},"schema":{"@context":"https:\/\/schema.org","@graph":[{"@type":"WebPage","@id":"https:\/\/dev.monti.lt\/product\/matematikos-zaidimas\/","url":"https:\/\/dev.monti.lt\/product\/matematikos-zaidimas\/","name":"Matematikos \u017eaidimas - Montessori \u017eaislai","isPartOf":{"@id":"https:\/\/dev.monti.lt\/#website"},"primaryImageOfPage":{"@id":"https:\/\/dev.monti.lt\/product\/matematikos-zaidimas\/#primaryimage"},"image":{"@id":"https:\/\/dev.monti.lt\/product\/matematikos-zaidimas\/#primaryimage"},"thumbnailUrl":"https:\/\/dev.monti.lt\/wp-content\/uploads\/2024\/03\/woopie-gra-ukladanka-matematyczna-klocki-konstrukcyjne-wzory-148-el-9.jpg","datePublished":"2024-03-06T07:26:37+00:00","dateModified":"2024-10-08T20:09:25+00:00","breadcrumb":{"@id":"https:\/\/dev.monti.lt\/product\/matematikos-zaidimas\/#breadcrumb"},"inLanguage":"en-US","potentialAction":[{"@type":"ReadAction","target":["https:\/\/dev.monti.lt\/product\/matematikos-zaidimas\/"]}]},{"@type":"ImageObject","inLanguage":"en-US","@id":"https:\/\/dev.monti.lt\/product\/matematikos-zaidimas\/#primaryimage","url":"https:\/\/dev.monti.lt\/wp-content\/uploads\/2024\/03\/woopie-gra-ukladanka-matematyczna-klocki-konstrukcyjne-wzory-148-el-9.jpg","contentUrl":"https:\/\/dev.monti.lt\/wp-content\/uploads\/2024\/03\/woopie-gra-ukladanka-matematyczna-klocki-konstrukcyjne-wzory-148-el-9.jpg","width":800,"height":800,"caption":"mokausi skaiciuoti"},{"@type":"BreadcrumbList","@id":"https:\/\/dev.monti.lt\/product\/matematikos-zaidimas\/#breadcrumb","itemListElement":[{"@type":"ListItem","position":1,"name":"Home","item":"https:\/\/dev.monti.lt\/"},{"@type":"ListItem","position":2,"name":"Parduotuv\u0117","item":"https:\/\/dev.monti.lt\/shop\/"},{"@type":"ListItem","position":3,"name":"Matematikos \u017eaidimas"}]},{"@type":"WebSite","@id":"https:\/\/dev.monti.lt\/#website","url":"https:\/\/dev.monti.lt\/","name":"Montessori \u017eaislai","description":"","publisher":{"@id":"https:\/\/dev.monti.lt\/#organization"},"potentialAction":[{"@type":"SearchAction","target":{"@type":"EntryPoint","urlTemplate":"https:\/\/dev.monti.lt\/?s={search_term_string}"},"query-input":"required name=search_term_string"}],"inLanguage":"en-US"},{"@type":"Organization","@id":"https:\/\/dev.monti.lt\/#organization","name":"Montessori \u017eaislai","url":"https:\/\/dev.monti.lt\/","logo":{"@type":"ImageObject","inLanguage":"en-US","@id":"https:\/\/dev.monti.lt\/#\/schema\/logo\/image\/","url":"https:\/\/dev.monti.lt\/wp-content\/uploads\/2022\/03\/montilogo-1.png","contentUrl":"https:\/\/dev.monti.lt\/wp-content\/uploads\/2022\/03\/montilogo-1.png","width":512,"height":512,"caption":"Montessori \u017eaislai"},"image":{"@id":"https:\/\/dev.monti.lt\/#\/schema\/logo\/image\/"}}]}},"_links":{"self":[{"href":"https:\/\/dev.monti.lt\/en\/wp-json\/wp\/v2\/product\/22325"}],"collection":[{"href":"https:\/\/dev.monti.lt\/en\/wp-json\/wp\/v2\/product"}],"about":[{"href":"https:\/\/dev.monti.lt\/en\/wp-json\/wp\/v2\/types\/product"}],"version-history":[{"count":1,"href":"https:\/\/dev.monti.lt\/en\/wp-json\/wp\/v2\/product\/22325\/revisions"}],"predecessor-version":[{"id":22338,"href":"https:\/\/dev.monti.lt\/en\/wp-json\/wp\/v2\/product\/22325\/revisions\/22338"}],"wp:featuredmedia":[{"embeddable":true,"href":"https:\/\/dev.monti.lt\/en\/wp-json\/wp\/v2\/media\/22327"}],"wp:attachment":[{"href":"https:\/\/dev.monti.lt\/en\/wp-json\/wp\/v2\/media?parent=22325"}],"wp:term":[{"taxonomy":"product_cat","embeddable":true,"href":"https:\/\/dev.monti.lt\/en\/wp-json\/wp\/v2\/product_cat?post=22325"},{"taxonomy":"product_tag","embeddable":true,"href":"https:\/\/dev.monti.lt\/en\/wp-json\/wp\/v2\/product_tag?post=22325"}],"curies":[{"name":"wp","href":"https:\/\/api.w.org\/{rel}","templated":true}]}}