{"id":22316,"date":"2024-03-06T07:18:07","date_gmt":"2024-03-06T07:18:07","guid":{"rendered":"https:\/\/dev.monti.lt\/?post_type=product&#038;p=22316"},"modified":"2024-10-07T10:08:57","modified_gmt":"2024-10-07T10:08:57","slug":"eziukas-rusiuoklis","status":"publish","type":"product","link":"https:\/\/dev.monti.lt\/en\/product\/eziukas-rusiuoklis\/","title":{"rendered":"E\u017eiukas r\u016b\u0161iuoklis"},"content":{"rendered":"<p><strong>Mokomasis&nbsp;<\/strong><strong>WOOPIE<\/strong>&nbsp;prek\u0117s \u017eenklo \u017eaidimas \u201eE\u017eiukas&nbsp;\u201c yra unikalus r\u016b\u0161iavimo\/kalb\u0173 d\u0117lion\u0117s \u017eaislas, kuriame k\u016brybi\u0161kai dera linksmyb\u0117s ir mokymasis.&nbsp;\u017daislas apima kalad\u0117li\u0173 i\u0161d\u0117stym\u0105 \u012f atitinkamas skylutes \u2013 kiekvienai skylutei priskiriamas atitinkamas numeris.&nbsp;T\u0117vai gali \u017eaisti su vaiku remdamiesi spalvomis ir atitinkamu skai\u010diumi, pvz., \u017ealiai skylutei su skai\u010diumi 1. D\u0117l savo&nbsp;<strong>funkcionalumo<\/strong>&nbsp;tai puiki priemon\u0117 lavinti&nbsp;<strong>vaik\u0173 pa\u017eintinius&nbsp;<\/strong><strong>\u012fg\u016bd\u017eius<\/strong>&nbsp;ir k\u016brybi\u0161kum\u0105.<\/p><p><strong>Charakteristika:<\/strong><\/p><ul class=\"wp-block-list\"><li>&#8211; \u017eaislas&nbsp;<strong>nuo 18 m\u0117n<\/strong><\/li>\n\n<li>&#8211;&nbsp;<strong>4in1<\/strong>&nbsp;&#8211; spalv\u0173, skai\u010di\u0173, r\u016b\u0161iavimo, galvos\u016bkio mokymasis<\/li>\n\n<li>&#8211; k\u016brybi\u0161kas&nbsp;<strong>mokymasis<\/strong><\/li>\n\n<li>\u2013&nbsp;vaik\u0105&nbsp;<strong>skatinan\u010dios spalvos<\/strong><\/li>\n\n<li>&#8211;&nbsp;<strong>Tvirtas darbas<\/strong>&nbsp;&#8211; saugus vaikams<\/li><\/ul><p><strong>\u017daislas vysto:<\/strong><\/p><ul class=\"wp-block-list\"><li>&#8211; smulkioji motorika<\/li>\n\n<li>&#8211; rank\u0173 ir aki\u0173 koordinacija<\/li>\n\n<li>&#8211; atpa\u017einti skai\u010dius ir spalvas<\/li><\/ul>","protected":false},"excerpt":{"rendered":"<p>Mokomasis&nbsp;WOOPIE&nbsp;prek\u0117s \u017eenklo \u017eaidimas \u201eE\u017eiukas&nbsp;\u201c yra unikalus r\u016b\u0161iavimo\/kalb\u0173 d\u0117lion\u0117s \u017eaislas, kuriame k\u016brybi\u0161kai dera linksmyb\u0117s ir mokymasis.&nbsp;\u017daislas apima kalad\u0117li\u0173 i\u0161d\u0117stym\u0105 \u012f atitinkamas skylutes \u2013 kiekvienai skylutei priskiriamas atitinkamas numeris.&nbsp;T\u0117vai gali \u017eaisti su vaiku remdamiesi spalvomis ir atitinkamu skai\u010diumi, pvz., \u017ealiai skylutei su skai\u010diumi 1. D\u0117l savo&nbsp;funkcionalumo&nbsp;tai puiki priemon\u0117 lavinti&nbsp;vaik\u0173 pa\u017eintinius&nbsp;\u012fg\u016bd\u017eius&nbsp;ir k\u016brybi\u0161kum\u0105. Charakteristika: \u017daislas vysto:<\/p>","protected":false},"featured_media":22317,"template":"","meta":{"iawp_total_views":156},"product_cat":[84,91,88,90,86,49,39],"product_tag":[95,96,97],"class_list":{"0":"post-22316","1":"product","2":"type-product","3":"status-publish","4":"has-post-thumbnail","6":"product_cat-lavinamieji-zaislai","7":"product_cat-loginiam-mastymui","8":"product_cat-mokausi-zaisti","9":"product_cat-pasaulio-pazinimas","10":"product_cat-smulkioji-motorika","11":"product_cat-visi-zaislai","12":"product_cat-zaislai","13":"product_tag-1-m-2-m","14":"product_tag-2-m-3-m","15":"product_tag-3-m-4-m","17":"first","18":"outofstock","19":"taxable","20":"shipping-taxable","21":"purchasable","22":"product-type-simple"},"yoast_head":"<!-- This site is optimized with the Yoast SEO plugin v23.3 - https:\/\/yoast.com\/wordpress\/plugins\/seo\/ -->\n<title>E\u017eiukas r\u016b\u0161iuoklis - Montessori \u017eaislai<\/title>\n<meta name=\"robots\" content=\"noindex, follow, max-snippet:-1, max-image-preview:large, max-video-preview:-1\" \/>\n<meta property=\"og:locale\" content=\"en_US\" \/>\n<meta property=\"og:type\" content=\"article\" \/>\n<meta property=\"og:title\" content=\"E\u017eiukas r\u016b\u0161iuoklis - Montessori \u017eaislai\" \/>\n<meta property=\"og:description\" content=\"Mokomasis&nbsp;WOOPIE&nbsp;prek\u0117s \u017eenklo \u017eaidimas \u201eE\u017eiukas&nbsp;\u201c yra unikalus r\u016b\u0161iavimo\/kalb\u0173 d\u0117lion\u0117s \u017eaislas, kuriame k\u016brybi\u0161kai dera linksmyb\u0117s ir mokymasis.&nbsp;\u017daislas apima kalad\u0117li\u0173 i\u0161d\u0117stym\u0105 \u012f atitinkamas skylutes \u2013 kiekvienai skylutei priskiriamas atitinkamas numeris.&nbsp;T\u0117vai gali \u017eaisti su vaiku remdamiesi spalvomis ir atitinkamu skai\u010diumi, pvz., \u017ealiai skylutei su skai\u010diumi 1. D\u0117l savo&nbsp;funkcionalumo&nbsp;tai puiki priemon\u0117 lavinti&nbsp;vaik\u0173 pa\u017eintinius&nbsp;\u012fg\u016bd\u017eius&nbsp;ir k\u016brybi\u0161kum\u0105. Charakteristika: \u017daislas vysto:\" \/>\n<meta property=\"og:url\" content=\"https:\/\/dev.monti.lt\/en\/product\/eziukas-rusiuoklis\/\" \/>\n<meta property=\"og:site_name\" content=\"Montessori \u017eaislai\" \/>\n<meta property=\"article:modified_time\" content=\"2024-10-07T10:08:57+00:00\" \/>\n<meta property=\"og:image\" content=\"https:\/\/dev.monti.lt\/wp-content\/uploads\/2024\/03\/woopie-gra-zrecznosciowa-jezyk-sorter-montessori-nauka-liczb-i-kolorow-4w1.jpg\" \/>\n\t<meta property=\"og:image:width\" content=\"800\" \/>\n\t<meta property=\"og:image:height\" content=\"800\" \/>\n\t<meta property=\"og:image:type\" content=\"image\/jpeg\" \/>\n<meta name=\"twitter:card\" content=\"summary_large_image\" \/>\n<meta name=\"twitter:label1\" content=\"Est. reading time\" \/>\n\t<meta name=\"twitter:data1\" content=\"1 minute\" \/>\n<script type=\"application\/ld+json\" class=\"yoast-schema-graph\">{\"@context\":\"https:\/\/schema.org\",\"@graph\":[{\"@type\":\"WebPage\",\"@id\":\"https:\/\/dev.monti.lt\/product\/eziukas-rusiuoklis\/\",\"url\":\"https:\/\/dev.monti.lt\/product\/eziukas-rusiuoklis\/\",\"name\":\"E\u017eiukas r\u016b\u0161iuoklis - Montessori \u017eaislai\",\"isPartOf\":{\"@id\":\"https:\/\/dev.monti.lt\/#website\"},\"primaryImageOfPage\":{\"@id\":\"https:\/\/dev.monti.lt\/product\/eziukas-rusiuoklis\/#primaryimage\"},\"image\":{\"@id\":\"https:\/\/dev.monti.lt\/product\/eziukas-rusiuoklis\/#primaryimage\"},\"thumbnailUrl\":\"https:\/\/dev.monti.lt\/wp-content\/uploads\/2024\/03\/woopie-gra-zrecznosciowa-jezyk-sorter-montessori-nauka-liczb-i-kolorow-4w1.jpg\",\"datePublished\":\"2024-03-06T07:18:07+00:00\",\"dateModified\":\"2024-10-07T10:08:57+00:00\",\"breadcrumb\":{\"@id\":\"https:\/\/dev.monti.lt\/product\/eziukas-rusiuoklis\/#breadcrumb\"},\"inLanguage\":\"en-US\",\"potentialAction\":[{\"@type\":\"ReadAction\",\"target\":[\"https:\/\/dev.monti.lt\/product\/eziukas-rusiuoklis\/\"]}]},{\"@type\":\"ImageObject\",\"inLanguage\":\"en-US\",\"@id\":\"https:\/\/dev.monti.lt\/product\/eziukas-rusiuoklis\/#primaryimage\",\"url\":\"https:\/\/dev.monti.lt\/wp-content\/uploads\/2024\/03\/woopie-gra-zrecznosciowa-jezyk-sorter-montessori-nauka-liczb-i-kolorow-4w1.jpg\",\"contentUrl\":\"https:\/\/dev.monti.lt\/wp-content\/uploads\/2024\/03\/woopie-gra-zrecznosciowa-jezyk-sorter-montessori-nauka-liczb-i-kolorow-4w1.jpg\",\"width\":800,\"height\":800,\"caption\":\"eziukas\"},{\"@type\":\"BreadcrumbList\",\"@id\":\"https:\/\/dev.monti.lt\/product\/eziukas-rusiuoklis\/#breadcrumb\",\"itemListElement\":[{\"@type\":\"ListItem\",\"position\":1,\"name\":\"Home\",\"item\":\"https:\/\/dev.monti.lt\/\"},{\"@type\":\"ListItem\",\"position\":2,\"name\":\"Parduotuv\u0117\",\"item\":\"https:\/\/dev.monti.lt\/shop\/\"},{\"@type\":\"ListItem\",\"position\":3,\"name\":\"E\u017eiukas r\u016b\u0161iuoklis\"}]},{\"@type\":\"WebSite\",\"@id\":\"https:\/\/dev.monti.lt\/#website\",\"url\":\"https:\/\/dev.monti.lt\/\",\"name\":\"Montessori \u017eaislai\",\"description\":\"\",\"publisher\":{\"@id\":\"https:\/\/dev.monti.lt\/#organization\"},\"potentialAction\":[{\"@type\":\"SearchAction\",\"target\":{\"@type\":\"EntryPoint\",\"urlTemplate\":\"https:\/\/dev.monti.lt\/?s={search_term_string}\"},\"query-input\":\"required name=search_term_string\"}],\"inLanguage\":\"en-US\"},{\"@type\":\"Organization\",\"@id\":\"https:\/\/dev.monti.lt\/#organization\",\"name\":\"Montessori \u017eaislai\",\"url\":\"https:\/\/dev.monti.lt\/\",\"logo\":{\"@type\":\"ImageObject\",\"inLanguage\":\"en-US\",\"@id\":\"https:\/\/dev.monti.lt\/#\/schema\/logo\/image\/\",\"url\":\"https:\/\/dev.monti.lt\/wp-content\/uploads\/2022\/03\/montilogo-1.png\",\"contentUrl\":\"https:\/\/dev.monti.lt\/wp-content\/uploads\/2022\/03\/montilogo-1.png\",\"width\":512,\"height\":512,\"caption\":\"Montessori \u017eaislai\"},\"image\":{\"@id\":\"https:\/\/dev.monti.lt\/#\/schema\/logo\/image\/\"}}]}<\/script>\n<!-- \/ Yoast SEO plugin. -->","yoast_head_json":{"title":"E\u017eiukas r\u016b\u0161iuoklis - Montessori \u017eaislai","robots":{"index":"noindex","follow":"follow","max-snippet":"max-snippet:-1","max-image-preview":"max-image-preview:large","max-video-preview":"max-video-preview:-1"},"og_locale":"en_US","og_type":"article","og_title":"E\u017eiukas r\u016b\u0161iuoklis - Montessori \u017eaislai","og_description":"Mokomasis&nbsp;WOOPIE&nbsp;prek\u0117s \u017eenklo \u017eaidimas \u201eE\u017eiukas&nbsp;\u201c yra unikalus r\u016b\u0161iavimo\/kalb\u0173 d\u0117lion\u0117s \u017eaislas, kuriame k\u016brybi\u0161kai dera linksmyb\u0117s ir mokymasis.&nbsp;\u017daislas apima kalad\u0117li\u0173 i\u0161d\u0117stym\u0105 \u012f atitinkamas skylutes \u2013 kiekvienai skylutei priskiriamas atitinkamas numeris.&nbsp;T\u0117vai gali \u017eaisti su vaiku remdamiesi spalvomis ir atitinkamu skai\u010diumi, pvz., \u017ealiai skylutei su skai\u010diumi 1. D\u0117l savo&nbsp;funkcionalumo&nbsp;tai puiki priemon\u0117 lavinti&nbsp;vaik\u0173 pa\u017eintinius&nbsp;\u012fg\u016bd\u017eius&nbsp;ir k\u016brybi\u0161kum\u0105. Charakteristika: \u017daislas vysto:","og_url":"https:\/\/dev.monti.lt\/en\/product\/eziukas-rusiuoklis\/","og_site_name":"Montessori \u017eaislai","article_modified_time":"2024-10-07T10:08:57+00:00","og_image":[{"width":800,"height":800,"url":"https:\/\/dev.monti.lt\/wp-content\/uploads\/2024\/03\/woopie-gra-zrecznosciowa-jezyk-sorter-montessori-nauka-liczb-i-kolorow-4w1.jpg","type":"image\/jpeg"}],"twitter_card":"summary_large_image","twitter_misc":{"Est. reading time":"1 minute"},"schema":{"@context":"https:\/\/schema.org","@graph":[{"@type":"WebPage","@id":"https:\/\/dev.monti.lt\/product\/eziukas-rusiuoklis\/","url":"https:\/\/dev.monti.lt\/product\/eziukas-rusiuoklis\/","name":"E\u017eiukas r\u016b\u0161iuoklis - Montessori \u017eaislai","isPartOf":{"@id":"https:\/\/dev.monti.lt\/#website"},"primaryImageOfPage":{"@id":"https:\/\/dev.monti.lt\/product\/eziukas-rusiuoklis\/#primaryimage"},"image":{"@id":"https:\/\/dev.monti.lt\/product\/eziukas-rusiuoklis\/#primaryimage"},"thumbnailUrl":"https:\/\/dev.monti.lt\/wp-content\/uploads\/2024\/03\/woopie-gra-zrecznosciowa-jezyk-sorter-montessori-nauka-liczb-i-kolorow-4w1.jpg","datePublished":"2024-03-06T07:18:07+00:00","dateModified":"2024-10-07T10:08:57+00:00","breadcrumb":{"@id":"https:\/\/dev.monti.lt\/product\/eziukas-rusiuoklis\/#breadcrumb"},"inLanguage":"en-US","potentialAction":[{"@type":"ReadAction","target":["https:\/\/dev.monti.lt\/product\/eziukas-rusiuoklis\/"]}]},{"@type":"ImageObject","inLanguage":"en-US","@id":"https:\/\/dev.monti.lt\/product\/eziukas-rusiuoklis\/#primaryimage","url":"https:\/\/dev.monti.lt\/wp-content\/uploads\/2024\/03\/woopie-gra-zrecznosciowa-jezyk-sorter-montessori-nauka-liczb-i-kolorow-4w1.jpg","contentUrl":"https:\/\/dev.monti.lt\/wp-content\/uploads\/2024\/03\/woopie-gra-zrecznosciowa-jezyk-sorter-montessori-nauka-liczb-i-kolorow-4w1.jpg","width":800,"height":800,"caption":"eziukas"},{"@type":"BreadcrumbList","@id":"https:\/\/dev.monti.lt\/product\/eziukas-rusiuoklis\/#breadcrumb","itemListElement":[{"@type":"ListItem","position":1,"name":"Home","item":"https:\/\/dev.monti.lt\/"},{"@type":"ListItem","position":2,"name":"Parduotuv\u0117","item":"https:\/\/dev.monti.lt\/shop\/"},{"@type":"ListItem","position":3,"name":"E\u017eiukas r\u016b\u0161iuoklis"}]},{"@type":"WebSite","@id":"https:\/\/dev.monti.lt\/#website","url":"https:\/\/dev.monti.lt\/","name":"Montessori \u017eaislai","description":"","publisher":{"@id":"https:\/\/dev.monti.lt\/#organization"},"potentialAction":[{"@type":"SearchAction","target":{"@type":"EntryPoint","urlTemplate":"https:\/\/dev.monti.lt\/?s={search_term_string}"},"query-input":"required name=search_term_string"}],"inLanguage":"en-US"},{"@type":"Organization","@id":"https:\/\/dev.monti.lt\/#organization","name":"Montessori \u017eaislai","url":"https:\/\/dev.monti.lt\/","logo":{"@type":"ImageObject","inLanguage":"en-US","@id":"https:\/\/dev.monti.lt\/#\/schema\/logo\/image\/","url":"https:\/\/dev.monti.lt\/wp-content\/uploads\/2022\/03\/montilogo-1.png","contentUrl":"https:\/\/dev.monti.lt\/wp-content\/uploads\/2022\/03\/montilogo-1.png","width":512,"height":512,"caption":"Montessori \u017eaislai"},"image":{"@id":"https:\/\/dev.monti.lt\/#\/schema\/logo\/image\/"}}]}},"_links":{"self":[{"href":"https:\/\/dev.monti.lt\/en\/wp-json\/wp\/v2\/product\/22316"}],"collection":[{"href":"https:\/\/dev.monti.lt\/en\/wp-json\/wp\/v2\/product"}],"about":[{"href":"https:\/\/dev.monti.lt\/en\/wp-json\/wp\/v2\/types\/product"}],"version-history":[{"count":1,"href":"https:\/\/dev.monti.lt\/en\/wp-json\/wp\/v2\/product\/22316\/revisions"}],"predecessor-version":[{"id":22324,"href":"https:\/\/dev.monti.lt\/en\/wp-json\/wp\/v2\/product\/22316\/revisions\/22324"}],"wp:featuredmedia":[{"embeddable":true,"href":"https:\/\/dev.monti.lt\/en\/wp-json\/wp\/v2\/media\/22317"}],"wp:attachment":[{"href":"https:\/\/dev.monti.lt\/en\/wp-json\/wp\/v2\/media?parent=22316"}],"wp:term":[{"taxonomy":"product_cat","embeddable":true,"href":"https:\/\/dev.monti.lt\/en\/wp-json\/wp\/v2\/product_cat?post=22316"},{"taxonomy":"product_tag","embeddable":true,"href":"https:\/\/dev.monti.lt\/en\/wp-json\/wp\/v2\/product_tag?post=22316"}],"curies":[{"name":"wp","href":"https:\/\/api.w.org\/{rel}","templated":true}]}}