{"id":22295,"date":"2024-03-05T12:48:06","date_gmt":"2024-03-05T12:48:06","guid":{"rendered":"https:\/\/dev.monti.lt\/?post_type=product&#038;p=22295"},"modified":"2024-05-14T11:25:43","modified_gmt":"2024-05-14T11:25:43","slug":"akriliniai-zymekliai-12-vnt","status":"publish","type":"product","link":"https:\/\/dev.monti.lt\/en\/product\/akriliniai-zymekliai-12-vnt\/","title":{"rendered":"Akriliniai \u017eymekliai-12 vnt."},"content":{"rendered":"<h1 class=\"wp-block-heading\">PROFESIONAL\u016aS AKRILINIAI \u017dYMEKLIAI VAIKAMS IR SUAUGUSIEMS 12 vnt \/ 0,7 mm&nbsp;<\/h1><ul class=\"wp-block-list\"><li><strong>GREITAS D\u017dI\u016aVIMAS<\/strong>&nbsp;\u2013 \u017eymekliai i\u0161d\u017ei\u016bsta per labai trump\u0105 laik\u0105, suteikdami labai patvari\u0105 ir nepermatom\u0105 \u0161viesi\u0173 ir tamsi\u0173 pavir\u0161i\u0173 apdail\u0105.&nbsp;<strong>Po d\u017eiovinimo jie nei\u0161tepa ir nei\u0161blunka<\/strong>&nbsp;.<\/li>\n\n<li><strong>12 VIENET\u0172 IR SPALV\u0172 &#8211;&nbsp;<\/strong>akriliniai \u017eymekliai yra \u017einomi d\u0117l savo intensyvi\u0173 ir ry\u0161ki\u0173 spalv\u0173, tinkan\u010di\u0173 i\u0161rai\u0161kingoms linijoms kurti ir pilnai dengian\u010dius pavir\u0161ius. Rinkinyje yra 12 \u017eymekli\u0173\/spalv\u0173.<\/li>\n\n<li><strong>JIE DA\u017dO ANT VIS\u0172 PAVIR\u0160I\u0172 &#8211;&nbsp;<\/strong>akrilo \u017eymekliai gali b\u016bti naudojami \u012fvairiems pavir\u0161iams,&nbsp;<strong>pavyzd\u017eiui, popierius, drob\u0117, mediena, keramika, stiklas, metalas, akmuo, plastikas ir daugelis kit\u0173<\/strong>&nbsp;. Jie leid\u017eia eksperimentuoti ir kurti darbus ant \u012fvairi\u0173 substrat\u0173.<\/li>\n\n<li><strong>Ypatingai dailus PATARIMAS \u2013<\/strong>&nbsp;\u017eymeklio antgalis yra plonas ir 0,7 mm storio. Tai leid\u017eia&nbsp;<strong>labai tikslus pie\u0161imas, kuriant smulkias linijas, u\u017epildant sritis ir kontroliuojant detales.<\/strong><\/li>\n\n<li><strong>SPECIFIKACIJA &#8211;&nbsp;<\/strong>spalv\u0173 skai\u010dius: 12; \u017eymekli\u0173 skai\u010dius: 12; akriliniai da\u017eai; antgalio storis: 0,7 mm; i\u0161matavimai: 1 x 13,5 cm; svoris: 112g; svoris pakuot\u0117je: 129 g.&nbsp;<\/li><\/ul><p><strong>SPECIFIKACIJA<\/strong><\/p><ul class=\"wp-block-list\"><li>spalv\u0173 skai\u010dius: 12<\/li>\n\n<li>\u017eymekli\u0173 skai\u010dius: 12<\/li>\n\n<li>akriliniai da\u017eai<\/li>\n\n<li>antgalio storis: 0,7 mm<\/li>\n\n<li>matmenys: 1 x 13,5 cm<\/li>\n\n<li>svoris: 112g<\/li>\n\n<li>svoris pakuot\u0117je: 129 g<\/li><\/ul>","protected":false},"excerpt":{"rendered":"<p>PROFESIONAL\u016aS AKRILINIAI \u017dYMEKLIAI VAIKAMS IR SUAUGUSIEMS 12 vnt \/ 0,7 mm&nbsp; SPECIFIKACIJA<\/p>","protected":false},"featured_media":22304,"template":"","meta":{"iawp_total_views":10},"product_cat":[89],"product_tag":[101,96,97,98,99,100],"class_list":{"0":"post-22295","1":"product","2":"type-product","3":"status-publish","4":"has-post-thumbnail","6":"product_cat-mokausi-piesti","7":"product_tag-12-m-14-m","8":"product_tag-2-m-3-m","9":"product_tag-3-m-4-m","10":"product_tag-5-m-7-m","11":"product_tag-8-m-11-m","12":"product_tag-15-m","14":"first","15":"instock","16":"taxable","17":"shipping-taxable","18":"purchasable","19":"product-type-simple"},"yoast_head":"<!-- This site is optimized with the Yoast SEO plugin v23.3 - https:\/\/yoast.com\/wordpress\/plugins\/seo\/ -->\n<title>Akriliniai \u017eymekliai-12 vnt. - Montessori \u017eaislai<\/title>\n<meta name=\"robots\" content=\"noindex, follow, max-snippet:-1, max-image-preview:large, max-video-preview:-1\" \/>\n<meta property=\"og:locale\" content=\"en_US\" \/>\n<meta property=\"og:type\" content=\"article\" \/>\n<meta property=\"og:title\" content=\"Akriliniai \u017eymekliai-12 vnt. - Montessori \u017eaislai\" \/>\n<meta property=\"og:description\" content=\"PROFESIONAL\u016aS AKRILINIAI \u017dYMEKLIAI VAIKAMS IR SUAUGUSIEMS 12 vnt \/ 0,7 mm&nbsp; SPECIFIKACIJA\" \/>\n<meta property=\"og:url\" content=\"https:\/\/dev.monti.lt\/en\/product\/akriliniai-zymekliai-12-vnt\/\" \/>\n<meta property=\"og:site_name\" content=\"Montessori \u017eaislai\" \/>\n<meta property=\"article:modified_time\" content=\"2024-05-14T11:25:43+00:00\" \/>\n<meta property=\"og:image\" content=\"https:\/\/dev.monti.lt\/wp-content\/uploads\/2024\/03\/lit_pl_Akriliniai-zymekliai-rinkinyje-12-vnt-Maaleo-21648-16675_1-1.jpg\" \/>\n\t<meta property=\"og:image:width\" content=\"500\" \/>\n\t<meta property=\"og:image:height\" content=\"500\" \/>\n\t<meta property=\"og:image:type\" content=\"image\/jpeg\" \/>\n<meta name=\"twitter:card\" content=\"summary_large_image\" \/>\n<meta name=\"twitter:label1\" content=\"Est. reading time\" \/>\n\t<meta name=\"twitter:data1\" content=\"2 minutes\" \/>\n<script type=\"application\/ld+json\" class=\"yoast-schema-graph\">{\"@context\":\"https:\/\/schema.org\",\"@graph\":[{\"@type\":\"WebPage\",\"@id\":\"https:\/\/dev.monti.lt\/product\/akriliniai-zymekliai-12-vnt\/\",\"url\":\"https:\/\/dev.monti.lt\/product\/akriliniai-zymekliai-12-vnt\/\",\"name\":\"Akriliniai \u017eymekliai-12 vnt. - Montessori \u017eaislai\",\"isPartOf\":{\"@id\":\"https:\/\/dev.monti.lt\/#website\"},\"primaryImageOfPage\":{\"@id\":\"https:\/\/dev.monti.lt\/product\/akriliniai-zymekliai-12-vnt\/#primaryimage\"},\"image\":{\"@id\":\"https:\/\/dev.monti.lt\/product\/akriliniai-zymekliai-12-vnt\/#primaryimage\"},\"thumbnailUrl\":\"https:\/\/dev.monti.lt\/wp-content\/uploads\/2024\/03\/lit_pl_Akriliniai-zymekliai-rinkinyje-12-vnt-Maaleo-21648-16675_1-1.jpg\",\"datePublished\":\"2024-03-05T12:48:06+00:00\",\"dateModified\":\"2024-05-14T11:25:43+00:00\",\"breadcrumb\":{\"@id\":\"https:\/\/dev.monti.lt\/product\/akriliniai-zymekliai-12-vnt\/#breadcrumb\"},\"inLanguage\":\"en-US\",\"potentialAction\":[{\"@type\":\"ReadAction\",\"target\":[\"https:\/\/dev.monti.lt\/product\/akriliniai-zymekliai-12-vnt\/\"]}]},{\"@type\":\"ImageObject\",\"inLanguage\":\"en-US\",\"@id\":\"https:\/\/dev.monti.lt\/product\/akriliniai-zymekliai-12-vnt\/#primaryimage\",\"url\":\"https:\/\/dev.monti.lt\/wp-content\/uploads\/2024\/03\/lit_pl_Akriliniai-zymekliai-rinkinyje-12-vnt-Maaleo-21648-16675_1-1.jpg\",\"contentUrl\":\"https:\/\/dev.monti.lt\/wp-content\/uploads\/2024\/03\/lit_pl_Akriliniai-zymekliai-rinkinyje-12-vnt-Maaleo-21648-16675_1-1.jpg\",\"width\":500,\"height\":500},{\"@type\":\"BreadcrumbList\",\"@id\":\"https:\/\/dev.monti.lt\/product\/akriliniai-zymekliai-12-vnt\/#breadcrumb\",\"itemListElement\":[{\"@type\":\"ListItem\",\"position\":1,\"name\":\"Home\",\"item\":\"https:\/\/dev.monti.lt\/\"},{\"@type\":\"ListItem\",\"position\":2,\"name\":\"Parduotuv\u0117\",\"item\":\"https:\/\/dev.monti.lt\/shop\/\"},{\"@type\":\"ListItem\",\"position\":3,\"name\":\"Akriliniai \u017eymekliai-12 vnt.\"}]},{\"@type\":\"WebSite\",\"@id\":\"https:\/\/dev.monti.lt\/#website\",\"url\":\"https:\/\/dev.monti.lt\/\",\"name\":\"Montessori \u017eaislai\",\"description\":\"\",\"publisher\":{\"@id\":\"https:\/\/dev.monti.lt\/#organization\"},\"potentialAction\":[{\"@type\":\"SearchAction\",\"target\":{\"@type\":\"EntryPoint\",\"urlTemplate\":\"https:\/\/dev.monti.lt\/?s={search_term_string}\"},\"query-input\":\"required name=search_term_string\"}],\"inLanguage\":\"en-US\"},{\"@type\":\"Organization\",\"@id\":\"https:\/\/dev.monti.lt\/#organization\",\"name\":\"Montessori \u017eaislai\",\"url\":\"https:\/\/dev.monti.lt\/\",\"logo\":{\"@type\":\"ImageObject\",\"inLanguage\":\"en-US\",\"@id\":\"https:\/\/dev.monti.lt\/#\/schema\/logo\/image\/\",\"url\":\"https:\/\/dev.monti.lt\/wp-content\/uploads\/2022\/03\/montilogo-1.png\",\"contentUrl\":\"https:\/\/dev.monti.lt\/wp-content\/uploads\/2022\/03\/montilogo-1.png\",\"width\":512,\"height\":512,\"caption\":\"Montessori \u017eaislai\"},\"image\":{\"@id\":\"https:\/\/dev.monti.lt\/#\/schema\/logo\/image\/\"}}]}<\/script>\n<!-- \/ Yoast SEO plugin. -->","yoast_head_json":{"title":"Akriliniai \u017eymekliai-12 vnt. - Montessori \u017eaislai","robots":{"index":"noindex","follow":"follow","max-snippet":"max-snippet:-1","max-image-preview":"max-image-preview:large","max-video-preview":"max-video-preview:-1"},"og_locale":"en_US","og_type":"article","og_title":"Akriliniai \u017eymekliai-12 vnt. - Montessori \u017eaislai","og_description":"PROFESIONAL\u016aS AKRILINIAI \u017dYMEKLIAI VAIKAMS IR SUAUGUSIEMS 12 vnt \/ 0,7 mm&nbsp; SPECIFIKACIJA","og_url":"https:\/\/dev.monti.lt\/en\/product\/akriliniai-zymekliai-12-vnt\/","og_site_name":"Montessori \u017eaislai","article_modified_time":"2024-05-14T11:25:43+00:00","og_image":[{"width":500,"height":500,"url":"https:\/\/dev.monti.lt\/wp-content\/uploads\/2024\/03\/lit_pl_Akriliniai-zymekliai-rinkinyje-12-vnt-Maaleo-21648-16675_1-1.jpg","type":"image\/jpeg"}],"twitter_card":"summary_large_image","twitter_misc":{"Est. reading time":"2 minutes"},"schema":{"@context":"https:\/\/schema.org","@graph":[{"@type":"WebPage","@id":"https:\/\/dev.monti.lt\/product\/akriliniai-zymekliai-12-vnt\/","url":"https:\/\/dev.monti.lt\/product\/akriliniai-zymekliai-12-vnt\/","name":"Akriliniai \u017eymekliai-12 vnt. - Montessori \u017eaislai","isPartOf":{"@id":"https:\/\/dev.monti.lt\/#website"},"primaryImageOfPage":{"@id":"https:\/\/dev.monti.lt\/product\/akriliniai-zymekliai-12-vnt\/#primaryimage"},"image":{"@id":"https:\/\/dev.monti.lt\/product\/akriliniai-zymekliai-12-vnt\/#primaryimage"},"thumbnailUrl":"https:\/\/dev.monti.lt\/wp-content\/uploads\/2024\/03\/lit_pl_Akriliniai-zymekliai-rinkinyje-12-vnt-Maaleo-21648-16675_1-1.jpg","datePublished":"2024-03-05T12:48:06+00:00","dateModified":"2024-05-14T11:25:43+00:00","breadcrumb":{"@id":"https:\/\/dev.monti.lt\/product\/akriliniai-zymekliai-12-vnt\/#breadcrumb"},"inLanguage":"en-US","potentialAction":[{"@type":"ReadAction","target":["https:\/\/dev.monti.lt\/product\/akriliniai-zymekliai-12-vnt\/"]}]},{"@type":"ImageObject","inLanguage":"en-US","@id":"https:\/\/dev.monti.lt\/product\/akriliniai-zymekliai-12-vnt\/#primaryimage","url":"https:\/\/dev.monti.lt\/wp-content\/uploads\/2024\/03\/lit_pl_Akriliniai-zymekliai-rinkinyje-12-vnt-Maaleo-21648-16675_1-1.jpg","contentUrl":"https:\/\/dev.monti.lt\/wp-content\/uploads\/2024\/03\/lit_pl_Akriliniai-zymekliai-rinkinyje-12-vnt-Maaleo-21648-16675_1-1.jpg","width":500,"height":500},{"@type":"BreadcrumbList","@id":"https:\/\/dev.monti.lt\/product\/akriliniai-zymekliai-12-vnt\/#breadcrumb","itemListElement":[{"@type":"ListItem","position":1,"name":"Home","item":"https:\/\/dev.monti.lt\/"},{"@type":"ListItem","position":2,"name":"Parduotuv\u0117","item":"https:\/\/dev.monti.lt\/shop\/"},{"@type":"ListItem","position":3,"name":"Akriliniai \u017eymekliai-12 vnt."}]},{"@type":"WebSite","@id":"https:\/\/dev.monti.lt\/#website","url":"https:\/\/dev.monti.lt\/","name":"Montessori \u017eaislai","description":"","publisher":{"@id":"https:\/\/dev.monti.lt\/#organization"},"potentialAction":[{"@type":"SearchAction","target":{"@type":"EntryPoint","urlTemplate":"https:\/\/dev.monti.lt\/?s={search_term_string}"},"query-input":"required name=search_term_string"}],"inLanguage":"en-US"},{"@type":"Organization","@id":"https:\/\/dev.monti.lt\/#organization","name":"Montessori \u017eaislai","url":"https:\/\/dev.monti.lt\/","logo":{"@type":"ImageObject","inLanguage":"en-US","@id":"https:\/\/dev.monti.lt\/#\/schema\/logo\/image\/","url":"https:\/\/dev.monti.lt\/wp-content\/uploads\/2022\/03\/montilogo-1.png","contentUrl":"https:\/\/dev.monti.lt\/wp-content\/uploads\/2022\/03\/montilogo-1.png","width":512,"height":512,"caption":"Montessori \u017eaislai"},"image":{"@id":"https:\/\/dev.monti.lt\/#\/schema\/logo\/image\/"}}]}},"_links":{"self":[{"href":"https:\/\/dev.monti.lt\/en\/wp-json\/wp\/v2\/product\/22295"}],"collection":[{"href":"https:\/\/dev.monti.lt\/en\/wp-json\/wp\/v2\/product"}],"about":[{"href":"https:\/\/dev.monti.lt\/en\/wp-json\/wp\/v2\/types\/product"}],"version-history":[{"count":1,"href":"https:\/\/dev.monti.lt\/en\/wp-json\/wp\/v2\/product\/22295\/revisions"}],"predecessor-version":[{"id":22312,"href":"https:\/\/dev.monti.lt\/en\/wp-json\/wp\/v2\/product\/22295\/revisions\/22312"}],"wp:featuredmedia":[{"embeddable":true,"href":"https:\/\/dev.monti.lt\/en\/wp-json\/wp\/v2\/media\/22304"}],"wp:attachment":[{"href":"https:\/\/dev.monti.lt\/en\/wp-json\/wp\/v2\/media?parent=22295"}],"wp:term":[{"taxonomy":"product_cat","embeddable":true,"href":"https:\/\/dev.monti.lt\/en\/wp-json\/wp\/v2\/product_cat?post=22295"},{"taxonomy":"product_tag","embeddable":true,"href":"https:\/\/dev.monti.lt\/en\/wp-json\/wp\/v2\/product_tag?post=22295"}],"curies":[{"name":"wp","href":"https:\/\/api.w.org\/{rel}","templated":true}]}}