{"id":22289,"date":"2024-03-05T11:12:35","date_gmt":"2024-03-05T11:12:35","guid":{"rendered":"https:\/\/dev.monti.lt\/?post_type=product&#038;p=22289"},"modified":"2024-09-04T04:51:37","modified_gmt":"2024-09-04T04:51:37","slug":"rinkinys-kudikio-antspaudams","status":"publish","type":"product","link":"https:\/\/dev.monti.lt\/en\/product\/rinkinys-kudikio-antspaudams\/","title":{"rendered":"Rinkinys k\u016bdikio antspaudams"},"content":{"rendered":"<h1 class=\"wp-block-heading\">NEDA\u017dANTIS RANKEN\u0116L\u0116S SPAUSDINIMAS&nbsp;<\/h1><ul class=\"wp-block-list\"><li><strong>NEDA\u017dANTIS RA\u0160ALAS<\/strong>&nbsp;&#8211; J\u016bs\u0173 k\u016bdikio ma\u017eytis \u012fspaudas i\u0161liks ant baltos kortel\u0117s ir k\u016bdikis i\u0161liks \u0161varus!&nbsp;<strong>Naudodami \u0161\u012f tams\u0173 ra\u0161al\u0105 gausite tobulai detalius k\u016bdikio rank\u0173 ir p\u0117d\u0173 atspaudus<\/strong>&nbsp;. Puiki gaminio kokyb\u0117. Labai paprasta naudoti.<\/li>\n\n<li><strong>GREITAS VYKDYMAS<\/strong>&nbsp;&#8211; Kad padarytum\u0117te atspaud\u0105, \u012fsitikinkite, kad ra\u0161alas nukreiptas \u017eemyn ant pridedamos baltos kortel\u0117s, tada prispauskite vaiko rank\u0105 ar koj\u0105 ant ra\u0161alo pad\u0117klo. Palikite i\u0161d\u017ei\u016bti.<\/li>\n\n<li><strong>DARBAS NAUDOJIMAS<\/strong>&nbsp;&#8211; ra\u0161alu galima padaryti kelis spaudinius. Galima daryti kelis spaudinius tiek ant paprasto popieriaus, tiek ant kartono.<\/li>\n\n<li><strong>UNIVERSALUS TAIKYMAS<\/strong>&nbsp;&#8211; \u012fspaudas&nbsp;<strong>puikiai tiks ma\u017eoms k\u016bdiki\u0173 rankyt\u0117ms ir p\u0117dut\u0117ms, taip pat naminiams gyv\u016bn\u0117liams, kat\u0117ms, \u0161unims ar grau\u017eikams<\/strong>&nbsp;. Ra\u0161alo kortel\u0117s tiks iki 5,7 cm plo\u010dio ir 9,9 cm auk\u0161\u010dio rankoms \/ p\u0117doms \/ letenoms. Dabar visada gal\u0117site prisiminti, koks ma\u017eas buvo j\u016bs\u0173 k\u016bdikis.<\/li>\n\n<li><strong>SPECIFIKACIJA &#8211;&nbsp;<\/strong>ra\u0161alo spalva: juoda; atspindin\u010dio pavir\u0161iaus matmenys: 5,7&#215;9,9 cm; matmenys: 8&#215;12,5 cm; svoris: 28g; svoris pakuot\u0117je: 29 g.&nbsp;<\/li><\/ul><p><strong>SPECIFIKACIJA<\/strong><\/p><ul class=\"wp-block-list\"><li>ra\u0161alo spalva: juoda<\/li>\n\n<li>atspindin\u010dio pavir\u0161iaus matmenys: 5,7 x 9,9 cm<\/li>\n\n<li>matmenys: 8 x 12,5 cm<\/li>\n\n<li>svoris: 28g<\/li>\n\n<li>svoris pakuot\u0117je: 29 g<\/li><\/ul><p><strong>\u012eSKAITANT<\/strong><\/p><ul class=\"wp-block-list\"><li>1 padas su \u0161variu ra\u0161alu<\/li>\n\n<li>2 kortel\u0117s vienam \u012fspaudui<\/li><\/ul>","protected":false},"excerpt":{"rendered":"<p>NEDA\u017dANTIS RANKEN\u0116L\u0116S SPAUSDINIMAS&nbsp; SPECIFIKACIJA \u012eSKAITANT<\/p>","protected":false},"featured_media":22290,"template":"","meta":{"iawp_total_views":490},"product_cat":[200,81,87,84,90],"product_tag":[95,96,94],"class_list":{"0":"post-22289","1":"product","2":"type-product","3":"status-publish","4":"has-post-thumbnail","6":"product_cat-dovanos-kudikiams","7":"product_cat-kiti-zaislai","8":"product_cat-kurybiniai-rinkiniai","9":"product_cat-lavinamieji-zaislai","10":"product_cat-pasaulio-pazinimas","11":"product_tag-1-m-2-m","12":"product_tag-2-m-3-m","13":"product_tag-iki-1-m","15":"first","16":"outofstock","17":"taxable","18":"shipping-taxable","19":"purchasable","20":"product-type-simple"},"yoast_head":"<!-- This site is optimized with the Yoast SEO plugin v23.3 - https:\/\/yoast.com\/wordpress\/plugins\/seo\/ -->\n<title>Rinkinys k\u016bdikio antspaudams - Montessori \u017eaislai<\/title>\n<meta name=\"robots\" content=\"noindex, follow, max-snippet:-1, max-image-preview:large, max-video-preview:-1\" \/>\n<meta property=\"og:locale\" content=\"en_US\" \/>\n<meta property=\"og:type\" content=\"article\" \/>\n<meta property=\"og:title\" content=\"Rinkinys k\u016bdikio antspaudams - Montessori \u017eaislai\" \/>\n<meta property=\"og:description\" content=\"NEDA\u017dANTIS RANKEN\u0116L\u0116S SPAUSDINIMAS&nbsp; SPECIFIKACIJA \u012eSKAITANT\" \/>\n<meta property=\"og:url\" content=\"https:\/\/dev.monti.lt\/en\/product\/rinkinys-kudikio-antspaudams\/\" \/>\n<meta property=\"og:site_name\" content=\"Montessori \u017eaislai\" \/>\n<meta property=\"article:modified_time\" content=\"2024-09-04T04:51:37+00:00\" \/>\n<meta property=\"og:image\" content=\"https:\/\/dev.monti.lt\/wp-content\/uploads\/2024\/03\/lit_pl_Ruhha-kudikio-rankyte-pedsakas-20586-16407_2.webp\" \/>\n\t<meta property=\"og:image:width\" content=\"500\" \/>\n\t<meta property=\"og:image:height\" content=\"500\" \/>\n\t<meta property=\"og:image:type\" content=\"image\/webp\" \/>\n<meta name=\"twitter:card\" content=\"summary_large_image\" \/>\n<meta name=\"twitter:label1\" content=\"Est. reading time\" \/>\n\t<meta name=\"twitter:data1\" content=\"2 minutes\" \/>\n<script type=\"application\/ld+json\" class=\"yoast-schema-graph\">{\"@context\":\"https:\/\/schema.org\",\"@graph\":[{\"@type\":\"WebPage\",\"@id\":\"https:\/\/dev.monti.lt\/product\/rinkinys-kudikio-antspaudams\/\",\"url\":\"https:\/\/dev.monti.lt\/product\/rinkinys-kudikio-antspaudams\/\",\"name\":\"Rinkinys k\u016bdikio antspaudams - Montessori \u017eaislai\",\"isPartOf\":{\"@id\":\"https:\/\/dev.monti.lt\/#website\"},\"primaryImageOfPage\":{\"@id\":\"https:\/\/dev.monti.lt\/product\/rinkinys-kudikio-antspaudams\/#primaryimage\"},\"image\":{\"@id\":\"https:\/\/dev.monti.lt\/product\/rinkinys-kudikio-antspaudams\/#primaryimage\"},\"thumbnailUrl\":\"https:\/\/dev.monti.lt\/wp-content\/uploads\/2024\/03\/lit_pl_Ruhha-kudikio-rankyte-pedsakas-20586-16407_2.webp\",\"datePublished\":\"2024-03-05T11:12:35+00:00\",\"dateModified\":\"2024-09-04T04:51:37+00:00\",\"breadcrumb\":{\"@id\":\"https:\/\/dev.monti.lt\/product\/rinkinys-kudikio-antspaudams\/#breadcrumb\"},\"inLanguage\":\"en-US\",\"potentialAction\":[{\"@type\":\"ReadAction\",\"target\":[\"https:\/\/dev.monti.lt\/product\/rinkinys-kudikio-antspaudams\/\"]}]},{\"@type\":\"ImageObject\",\"inLanguage\":\"en-US\",\"@id\":\"https:\/\/dev.monti.lt\/product\/rinkinys-kudikio-antspaudams\/#primaryimage\",\"url\":\"https:\/\/dev.monti.lt\/wp-content\/uploads\/2024\/03\/lit_pl_Ruhha-kudikio-rankyte-pedsakas-20586-16407_2.webp\",\"contentUrl\":\"https:\/\/dev.monti.lt\/wp-content\/uploads\/2024\/03\/lit_pl_Ruhha-kudikio-rankyte-pedsakas-20586-16407_2.webp\",\"width\":500,\"height\":500},{\"@type\":\"BreadcrumbList\",\"@id\":\"https:\/\/dev.monti.lt\/product\/rinkinys-kudikio-antspaudams\/#breadcrumb\",\"itemListElement\":[{\"@type\":\"ListItem\",\"position\":1,\"name\":\"Home\",\"item\":\"https:\/\/dev.monti.lt\/\"},{\"@type\":\"ListItem\",\"position\":2,\"name\":\"Parduotuv\u0117\",\"item\":\"https:\/\/dev.monti.lt\/shop\/\"},{\"@type\":\"ListItem\",\"position\":3,\"name\":\"Rinkinys k\u016bdikio antspaudams\"}]},{\"@type\":\"WebSite\",\"@id\":\"https:\/\/dev.monti.lt\/#website\",\"url\":\"https:\/\/dev.monti.lt\/\",\"name\":\"Montessori \u017eaislai\",\"description\":\"\",\"publisher\":{\"@id\":\"https:\/\/dev.monti.lt\/#organization\"},\"potentialAction\":[{\"@type\":\"SearchAction\",\"target\":{\"@type\":\"EntryPoint\",\"urlTemplate\":\"https:\/\/dev.monti.lt\/?s={search_term_string}\"},\"query-input\":\"required name=search_term_string\"}],\"inLanguage\":\"en-US\"},{\"@type\":\"Organization\",\"@id\":\"https:\/\/dev.monti.lt\/#organization\",\"name\":\"Montessori \u017eaislai\",\"url\":\"https:\/\/dev.monti.lt\/\",\"logo\":{\"@type\":\"ImageObject\",\"inLanguage\":\"en-US\",\"@id\":\"https:\/\/dev.monti.lt\/#\/schema\/logo\/image\/\",\"url\":\"https:\/\/dev.monti.lt\/wp-content\/uploads\/2022\/03\/montilogo-1.png\",\"contentUrl\":\"https:\/\/dev.monti.lt\/wp-content\/uploads\/2022\/03\/montilogo-1.png\",\"width\":512,\"height\":512,\"caption\":\"Montessori \u017eaislai\"},\"image\":{\"@id\":\"https:\/\/dev.monti.lt\/#\/schema\/logo\/image\/\"}}]}<\/script>\n<!-- \/ Yoast SEO plugin. -->","yoast_head_json":{"title":"Rinkinys k\u016bdikio antspaudams - Montessori \u017eaislai","robots":{"index":"noindex","follow":"follow","max-snippet":"max-snippet:-1","max-image-preview":"max-image-preview:large","max-video-preview":"max-video-preview:-1"},"og_locale":"en_US","og_type":"article","og_title":"Rinkinys k\u016bdikio antspaudams - Montessori \u017eaislai","og_description":"NEDA\u017dANTIS RANKEN\u0116L\u0116S SPAUSDINIMAS&nbsp; SPECIFIKACIJA \u012eSKAITANT","og_url":"https:\/\/dev.monti.lt\/en\/product\/rinkinys-kudikio-antspaudams\/","og_site_name":"Montessori \u017eaislai","article_modified_time":"2024-09-04T04:51:37+00:00","og_image":[{"width":500,"height":500,"url":"https:\/\/dev.monti.lt\/wp-content\/uploads\/2024\/03\/lit_pl_Ruhha-kudikio-rankyte-pedsakas-20586-16407_2.webp","type":"image\/webp"}],"twitter_card":"summary_large_image","twitter_misc":{"Est. reading time":"2 minutes"},"schema":{"@context":"https:\/\/schema.org","@graph":[{"@type":"WebPage","@id":"https:\/\/dev.monti.lt\/product\/rinkinys-kudikio-antspaudams\/","url":"https:\/\/dev.monti.lt\/product\/rinkinys-kudikio-antspaudams\/","name":"Rinkinys k\u016bdikio antspaudams - Montessori \u017eaislai","isPartOf":{"@id":"https:\/\/dev.monti.lt\/#website"},"primaryImageOfPage":{"@id":"https:\/\/dev.monti.lt\/product\/rinkinys-kudikio-antspaudams\/#primaryimage"},"image":{"@id":"https:\/\/dev.monti.lt\/product\/rinkinys-kudikio-antspaudams\/#primaryimage"},"thumbnailUrl":"https:\/\/dev.monti.lt\/wp-content\/uploads\/2024\/03\/lit_pl_Ruhha-kudikio-rankyte-pedsakas-20586-16407_2.webp","datePublished":"2024-03-05T11:12:35+00:00","dateModified":"2024-09-04T04:51:37+00:00","breadcrumb":{"@id":"https:\/\/dev.monti.lt\/product\/rinkinys-kudikio-antspaudams\/#breadcrumb"},"inLanguage":"en-US","potentialAction":[{"@type":"ReadAction","target":["https:\/\/dev.monti.lt\/product\/rinkinys-kudikio-antspaudams\/"]}]},{"@type":"ImageObject","inLanguage":"en-US","@id":"https:\/\/dev.monti.lt\/product\/rinkinys-kudikio-antspaudams\/#primaryimage","url":"https:\/\/dev.monti.lt\/wp-content\/uploads\/2024\/03\/lit_pl_Ruhha-kudikio-rankyte-pedsakas-20586-16407_2.webp","contentUrl":"https:\/\/dev.monti.lt\/wp-content\/uploads\/2024\/03\/lit_pl_Ruhha-kudikio-rankyte-pedsakas-20586-16407_2.webp","width":500,"height":500},{"@type":"BreadcrumbList","@id":"https:\/\/dev.monti.lt\/product\/rinkinys-kudikio-antspaudams\/#breadcrumb","itemListElement":[{"@type":"ListItem","position":1,"name":"Home","item":"https:\/\/dev.monti.lt\/"},{"@type":"ListItem","position":2,"name":"Parduotuv\u0117","item":"https:\/\/dev.monti.lt\/shop\/"},{"@type":"ListItem","position":3,"name":"Rinkinys k\u016bdikio antspaudams"}]},{"@type":"WebSite","@id":"https:\/\/dev.monti.lt\/#website","url":"https:\/\/dev.monti.lt\/","name":"Montessori \u017eaislai","description":"","publisher":{"@id":"https:\/\/dev.monti.lt\/#organization"},"potentialAction":[{"@type":"SearchAction","target":{"@type":"EntryPoint","urlTemplate":"https:\/\/dev.monti.lt\/?s={search_term_string}"},"query-input":"required name=search_term_string"}],"inLanguage":"en-US"},{"@type":"Organization","@id":"https:\/\/dev.monti.lt\/#organization","name":"Montessori \u017eaislai","url":"https:\/\/dev.monti.lt\/","logo":{"@type":"ImageObject","inLanguage":"en-US","@id":"https:\/\/dev.monti.lt\/#\/schema\/logo\/image\/","url":"https:\/\/dev.monti.lt\/wp-content\/uploads\/2022\/03\/montilogo-1.png","contentUrl":"https:\/\/dev.monti.lt\/wp-content\/uploads\/2022\/03\/montilogo-1.png","width":512,"height":512,"caption":"Montessori \u017eaislai"},"image":{"@id":"https:\/\/dev.monti.lt\/#\/schema\/logo\/image\/"}}]}},"_links":{"self":[{"href":"https:\/\/dev.monti.lt\/en\/wp-json\/wp\/v2\/product\/22289"}],"collection":[{"href":"https:\/\/dev.monti.lt\/en\/wp-json\/wp\/v2\/product"}],"about":[{"href":"https:\/\/dev.monti.lt\/en\/wp-json\/wp\/v2\/types\/product"}],"version-history":[{"count":1,"href":"https:\/\/dev.monti.lt\/en\/wp-json\/wp\/v2\/product\/22289\/revisions"}],"predecessor-version":[{"id":22294,"href":"https:\/\/dev.monti.lt\/en\/wp-json\/wp\/v2\/product\/22289\/revisions\/22294"}],"wp:featuredmedia":[{"embeddable":true,"href":"https:\/\/dev.monti.lt\/en\/wp-json\/wp\/v2\/media\/22290"}],"wp:attachment":[{"href":"https:\/\/dev.monti.lt\/en\/wp-json\/wp\/v2\/media?parent=22289"}],"wp:term":[{"taxonomy":"product_cat","embeddable":true,"href":"https:\/\/dev.monti.lt\/en\/wp-json\/wp\/v2\/product_cat?post=22289"},{"taxonomy":"product_tag","embeddable":true,"href":"https:\/\/dev.monti.lt\/en\/wp-json\/wp\/v2\/product_tag?post=22289"}],"curies":[{"name":"wp","href":"https:\/\/api.w.org\/{rel}","templated":true}]}}