{"id":22279,"date":"2024-03-05T11:07:54","date_gmt":"2024-03-05T11:07:54","guid":{"rendered":"https:\/\/dev.monti.lt\/?post_type=product&#038;p=22279"},"modified":"2024-10-08T10:06:11","modified_gmt":"2024-10-08T10:06:11","slug":"vonios-zaislas-fontanas","status":"publish","type":"product","link":"https:\/\/dev.monti.lt\/en\/product\/vonios-zaislas-fontanas\/","title":{"rendered":"Vonios \u017eaislas-fontanas"},"content":{"rendered":"<p>Ahoy j\u016bros nuotykiai!<\/p><p>Pasaki\u0161kai spalvingas rinkinys pavergs kiekvieno ma\u017eylio \u0161ird\u012f ir paskatins maudytis.<\/p><p>\u017daisl\u0105 labai paprasta naudoti. I\u0161 prad\u017ei\u0173 j\u012f reikia pritvirtinti prie vonios ar plyteli\u0173 siurbtukais.<\/p><p>Tada puodeliu arba du\u0161u \u012fpilkite vandens, kuris, tek\u0117damas tarpusavyje sujungt\u0173 vamzdeli\u0173 sistema, paleis atskirus j\u016bros gyv\u016bnus.<\/p><p>Ant vamzdeli\u0173 u\u017ed\u0117ti m\u0117lyni vo\u017etuvai, kuriuos galima atsukti ir pasukti, taip u\u017eblokuojant vandens tek\u0117jim\u0105 \u012f atskirus elementus.<\/p><p>Puikus \u017eaislas, kuris suteiks daug \u012fsp\u016bd\u017ei\u0173 maudantis. Tikrai patiks kiekvienam ma\u017eajam tyrin\u0117tojui.<\/p><p>J\u016bs\u0173 ma\u017eylis nem\u0117gsta kasdieni\u0173 maudyni\u0173? Su \u0161iuo rinkiniu tai jau praeitis.<\/p><p>Spalvingas daugiafunkcinis \u017eaislas kiekvien\u0105 maudynes pavers fantasti\u0161ku nuotykiu.<\/p><p>\u017daidimas skatins k\u016brybi\u0161kum\u0105, teigiamai veiks loginio m\u0105stymo raid\u0105 ir formuos rank\u0173 darbo \u012fg\u016bd\u017eius.<\/p><p>Ry\u0161kios sodrios spalvos patrauks vaiko d\u0117mes\u012f ir skatins \u017eaisti.<\/p><p>\u017daislas puikiai tiks ne tik maudantis vonioje, bet gali b\u016bti s\u0117kmingai naudojamas \u017eaid\u017eiant baseine ar papl\u016bdimyje.<\/p><p><strong>I\u0161matavimai:<\/strong><\/p><ul class=\"wp-block-list\"><li><strong>Viso \u017eaislo<\/strong>&nbsp;matmenys: 32 cm x 34 cm<\/li>\n\n<li><strong>Pakuot\u0117s matmenys:&nbsp;<\/strong>21 cm x 16 cm x 10 cm<\/li><\/ul>","protected":false},"excerpt":{"rendered":"<p>Ahoy j\u016bros nuotykiai! Pasaki\u0161kai spalvingas rinkinys pavergs kiekvieno ma\u017eylio \u0161ird\u012f ir paskatins maudytis. \u017daisl\u0105 labai paprasta naudoti. I\u0161 prad\u017ei\u0173 j\u012f reikia pritvirtinti prie vonios ar plyteli\u0173 siurbtukais. Tada puodeliu arba du\u0161u \u012fpilkite vandens, kuris, tek\u0117damas tarpusavyje sujungt\u0173 vamzdeli\u0173 sistema, paleis atskirus j\u016bros gyv\u016bnus. Ant vamzdeli\u0173 u\u017ed\u0117ti m\u0117lyni vo\u017etuvai, kuriuos galima atsukti ir pasukti, taip u\u017eblokuojant [&hellip;]<\/p>","protected":false},"featured_media":22280,"template":"","meta":{"iawp_total_views":57},"product_cat":[190,49,39],"product_tag":[95,96,97,94],"class_list":{"0":"post-22279","1":"product","2":"type-product","3":"status-publish","4":"has-post-thumbnail","6":"product_cat-maudynems","7":"product_cat-visi-zaislai","8":"product_cat-zaislai","9":"product_tag-1-m-2-m","10":"product_tag-2-m-3-m","11":"product_tag-3-m-4-m","12":"product_tag-iki-1-m","14":"first","15":"instock","16":"taxable","17":"shipping-taxable","18":"purchasable","19":"product-type-simple"},"yoast_head":"<!-- This site is optimized with the Yoast SEO plugin v23.3 - https:\/\/yoast.com\/wordpress\/plugins\/seo\/ -->\n<title>Vonios \u017eaislas-fontanas - Montessori \u017eaislai<\/title>\n<meta name=\"robots\" content=\"noindex, follow, max-snippet:-1, max-image-preview:large, max-video-preview:-1\" \/>\n<meta property=\"og:locale\" content=\"en_US\" \/>\n<meta property=\"og:type\" content=\"article\" \/>\n<meta property=\"og:title\" content=\"Vonios \u017eaislas-fontanas - Montessori \u017eaislai\" \/>\n<meta property=\"og:description\" content=\"Ahoy j\u016bros nuotykiai! Pasaki\u0161kai spalvingas rinkinys pavergs kiekvieno ma\u017eylio \u0161ird\u012f ir paskatins maudytis. \u017daisl\u0105 labai paprasta naudoti. I\u0161 prad\u017ei\u0173 j\u012f reikia pritvirtinti prie vonios ar plyteli\u0173 siurbtukais. Tada puodeliu arba du\u0161u \u012fpilkite vandens, kuris, tek\u0117damas tarpusavyje sujungt\u0173 vamzdeli\u0173 sistema, paleis atskirus j\u016bros gyv\u016bnus. Ant vamzdeli\u0173 u\u017ed\u0117ti m\u0117lyni vo\u017etuvai, kuriuos galima atsukti ir pasukti, taip u\u017eblokuojant [&hellip;]\" \/>\n<meta property=\"og:url\" content=\"https:\/\/dev.monti.lt\/en\/product\/vonios-zaislas-fontanas\/\" \/>\n<meta property=\"og:site_name\" content=\"Montessori \u017eaislai\" \/>\n<meta property=\"article:modified_time\" content=\"2024-10-08T10:06:11+00:00\" \/>\n<meta property=\"og:image\" content=\"https:\/\/dev.monti.lt\/wp-content\/uploads\/2024\/03\/Giraffe-crab-orca-sprinkler-bath-toy-93756.jpg\" \/>\n\t<meta property=\"og:image:width\" content=\"1600\" \/>\n\t<meta property=\"og:image:height\" content=\"1200\" \/>\n\t<meta property=\"og:image:type\" content=\"image\/jpeg\" \/>\n<meta name=\"twitter:card\" content=\"summary_large_image\" \/>\n<meta name=\"twitter:label1\" content=\"Est. reading time\" \/>\n\t<meta name=\"twitter:data1\" content=\"2 minutes\" \/>\n<script type=\"application\/ld+json\" class=\"yoast-schema-graph\">{\"@context\":\"https:\/\/schema.org\",\"@graph\":[{\"@type\":\"WebPage\",\"@id\":\"https:\/\/dev.monti.lt\/product\/vonios-zaislas-fontanas\/\",\"url\":\"https:\/\/dev.monti.lt\/product\/vonios-zaislas-fontanas\/\",\"name\":\"Vonios \u017eaislas-fontanas - Montessori \u017eaislai\",\"isPartOf\":{\"@id\":\"https:\/\/dev.monti.lt\/#website\"},\"primaryImageOfPage\":{\"@id\":\"https:\/\/dev.monti.lt\/product\/vonios-zaislas-fontanas\/#primaryimage\"},\"image\":{\"@id\":\"https:\/\/dev.monti.lt\/product\/vonios-zaislas-fontanas\/#primaryimage\"},\"thumbnailUrl\":\"https:\/\/dev.monti.lt\/wp-content\/uploads\/2024\/03\/Giraffe-crab-orca-sprinkler-bath-toy-93756.jpg\",\"datePublished\":\"2024-03-05T11:07:54+00:00\",\"dateModified\":\"2024-10-08T10:06:11+00:00\",\"breadcrumb\":{\"@id\":\"https:\/\/dev.monti.lt\/product\/vonios-zaislas-fontanas\/#breadcrumb\"},\"inLanguage\":\"en-US\",\"potentialAction\":[{\"@type\":\"ReadAction\",\"target\":[\"https:\/\/dev.monti.lt\/product\/vonios-zaislas-fontanas\/\"]}]},{\"@type\":\"ImageObject\",\"inLanguage\":\"en-US\",\"@id\":\"https:\/\/dev.monti.lt\/product\/vonios-zaislas-fontanas\/#primaryimage\",\"url\":\"https:\/\/dev.monti.lt\/wp-content\/uploads\/2024\/03\/Giraffe-crab-orca-sprinkler-bath-toy-93756.jpg\",\"contentUrl\":\"https:\/\/dev.monti.lt\/wp-content\/uploads\/2024\/03\/Giraffe-crab-orca-sprinkler-bath-toy-93756.jpg\",\"width\":1600,\"height\":1200,\"caption\":\"vonios zaislas\"},{\"@type\":\"BreadcrumbList\",\"@id\":\"https:\/\/dev.monti.lt\/product\/vonios-zaislas-fontanas\/#breadcrumb\",\"itemListElement\":[{\"@type\":\"ListItem\",\"position\":1,\"name\":\"Home\",\"item\":\"https:\/\/dev.monti.lt\/\"},{\"@type\":\"ListItem\",\"position\":2,\"name\":\"Parduotuv\u0117\",\"item\":\"https:\/\/dev.monti.lt\/shop\/\"},{\"@type\":\"ListItem\",\"position\":3,\"name\":\"Vonios \u017eaislas-fontanas\"}]},{\"@type\":\"WebSite\",\"@id\":\"https:\/\/dev.monti.lt\/#website\",\"url\":\"https:\/\/dev.monti.lt\/\",\"name\":\"Montessori \u017eaislai\",\"description\":\"\",\"publisher\":{\"@id\":\"https:\/\/dev.monti.lt\/#organization\"},\"potentialAction\":[{\"@type\":\"SearchAction\",\"target\":{\"@type\":\"EntryPoint\",\"urlTemplate\":\"https:\/\/dev.monti.lt\/?s={search_term_string}\"},\"query-input\":\"required name=search_term_string\"}],\"inLanguage\":\"en-US\"},{\"@type\":\"Organization\",\"@id\":\"https:\/\/dev.monti.lt\/#organization\",\"name\":\"Montessori \u017eaislai\",\"url\":\"https:\/\/dev.monti.lt\/\",\"logo\":{\"@type\":\"ImageObject\",\"inLanguage\":\"en-US\",\"@id\":\"https:\/\/dev.monti.lt\/#\/schema\/logo\/image\/\",\"url\":\"https:\/\/dev.monti.lt\/wp-content\/uploads\/2022\/03\/montilogo-1.png\",\"contentUrl\":\"https:\/\/dev.monti.lt\/wp-content\/uploads\/2022\/03\/montilogo-1.png\",\"width\":512,\"height\":512,\"caption\":\"Montessori \u017eaislai\"},\"image\":{\"@id\":\"https:\/\/dev.monti.lt\/#\/schema\/logo\/image\/\"}}]}<\/script>\n<!-- \/ Yoast SEO plugin. -->","yoast_head_json":{"title":"Vonios \u017eaislas-fontanas - Montessori \u017eaislai","robots":{"index":"noindex","follow":"follow","max-snippet":"max-snippet:-1","max-image-preview":"max-image-preview:large","max-video-preview":"max-video-preview:-1"},"og_locale":"en_US","og_type":"article","og_title":"Vonios \u017eaislas-fontanas - Montessori \u017eaislai","og_description":"Ahoy j\u016bros nuotykiai! Pasaki\u0161kai spalvingas rinkinys pavergs kiekvieno ma\u017eylio \u0161ird\u012f ir paskatins maudytis. \u017daisl\u0105 labai paprasta naudoti. I\u0161 prad\u017ei\u0173 j\u012f reikia pritvirtinti prie vonios ar plyteli\u0173 siurbtukais. Tada puodeliu arba du\u0161u \u012fpilkite vandens, kuris, tek\u0117damas tarpusavyje sujungt\u0173 vamzdeli\u0173 sistema, paleis atskirus j\u016bros gyv\u016bnus. Ant vamzdeli\u0173 u\u017ed\u0117ti m\u0117lyni vo\u017etuvai, kuriuos galima atsukti ir pasukti, taip u\u017eblokuojant [&hellip;]","og_url":"https:\/\/dev.monti.lt\/en\/product\/vonios-zaislas-fontanas\/","og_site_name":"Montessori \u017eaislai","article_modified_time":"2024-10-08T10:06:11+00:00","og_image":[{"width":1600,"height":1200,"url":"https:\/\/dev.monti.lt\/wp-content\/uploads\/2024\/03\/Giraffe-crab-orca-sprinkler-bath-toy-93756.jpg","type":"image\/jpeg"}],"twitter_card":"summary_large_image","twitter_misc":{"Est. reading time":"2 minutes"},"schema":{"@context":"https:\/\/schema.org","@graph":[{"@type":"WebPage","@id":"https:\/\/dev.monti.lt\/product\/vonios-zaislas-fontanas\/","url":"https:\/\/dev.monti.lt\/product\/vonios-zaislas-fontanas\/","name":"Vonios \u017eaislas-fontanas - Montessori \u017eaislai","isPartOf":{"@id":"https:\/\/dev.monti.lt\/#website"},"primaryImageOfPage":{"@id":"https:\/\/dev.monti.lt\/product\/vonios-zaislas-fontanas\/#primaryimage"},"image":{"@id":"https:\/\/dev.monti.lt\/product\/vonios-zaislas-fontanas\/#primaryimage"},"thumbnailUrl":"https:\/\/dev.monti.lt\/wp-content\/uploads\/2024\/03\/Giraffe-crab-orca-sprinkler-bath-toy-93756.jpg","datePublished":"2024-03-05T11:07:54+00:00","dateModified":"2024-10-08T10:06:11+00:00","breadcrumb":{"@id":"https:\/\/dev.monti.lt\/product\/vonios-zaislas-fontanas\/#breadcrumb"},"inLanguage":"en-US","potentialAction":[{"@type":"ReadAction","target":["https:\/\/dev.monti.lt\/product\/vonios-zaislas-fontanas\/"]}]},{"@type":"ImageObject","inLanguage":"en-US","@id":"https:\/\/dev.monti.lt\/product\/vonios-zaislas-fontanas\/#primaryimage","url":"https:\/\/dev.monti.lt\/wp-content\/uploads\/2024\/03\/Giraffe-crab-orca-sprinkler-bath-toy-93756.jpg","contentUrl":"https:\/\/dev.monti.lt\/wp-content\/uploads\/2024\/03\/Giraffe-crab-orca-sprinkler-bath-toy-93756.jpg","width":1600,"height":1200,"caption":"vonios zaislas"},{"@type":"BreadcrumbList","@id":"https:\/\/dev.monti.lt\/product\/vonios-zaislas-fontanas\/#breadcrumb","itemListElement":[{"@type":"ListItem","position":1,"name":"Home","item":"https:\/\/dev.monti.lt\/"},{"@type":"ListItem","position":2,"name":"Parduotuv\u0117","item":"https:\/\/dev.monti.lt\/shop\/"},{"@type":"ListItem","position":3,"name":"Vonios \u017eaislas-fontanas"}]},{"@type":"WebSite","@id":"https:\/\/dev.monti.lt\/#website","url":"https:\/\/dev.monti.lt\/","name":"Montessori \u017eaislai","description":"","publisher":{"@id":"https:\/\/dev.monti.lt\/#organization"},"potentialAction":[{"@type":"SearchAction","target":{"@type":"EntryPoint","urlTemplate":"https:\/\/dev.monti.lt\/?s={search_term_string}"},"query-input":"required name=search_term_string"}],"inLanguage":"en-US"},{"@type":"Organization","@id":"https:\/\/dev.monti.lt\/#organization","name":"Montessori \u017eaislai","url":"https:\/\/dev.monti.lt\/","logo":{"@type":"ImageObject","inLanguage":"en-US","@id":"https:\/\/dev.monti.lt\/#\/schema\/logo\/image\/","url":"https:\/\/dev.monti.lt\/wp-content\/uploads\/2022\/03\/montilogo-1.png","contentUrl":"https:\/\/dev.monti.lt\/wp-content\/uploads\/2022\/03\/montilogo-1.png","width":512,"height":512,"caption":"Montessori \u017eaislai"},"image":{"@id":"https:\/\/dev.monti.lt\/#\/schema\/logo\/image\/"}}]}},"_links":{"self":[{"href":"https:\/\/dev.monti.lt\/en\/wp-json\/wp\/v2\/product\/22279"}],"collection":[{"href":"https:\/\/dev.monti.lt\/en\/wp-json\/wp\/v2\/product"}],"about":[{"href":"https:\/\/dev.monti.lt\/en\/wp-json\/wp\/v2\/types\/product"}],"version-history":[{"count":1,"href":"https:\/\/dev.monti.lt\/en\/wp-json\/wp\/v2\/product\/22279\/revisions"}],"predecessor-version":[{"id":22288,"href":"https:\/\/dev.monti.lt\/en\/wp-json\/wp\/v2\/product\/22279\/revisions\/22288"}],"wp:featuredmedia":[{"embeddable":true,"href":"https:\/\/dev.monti.lt\/en\/wp-json\/wp\/v2\/media\/22280"}],"wp:attachment":[{"href":"https:\/\/dev.monti.lt\/en\/wp-json\/wp\/v2\/media?parent=22279"}],"wp:term":[{"taxonomy":"product_cat","embeddable":true,"href":"https:\/\/dev.monti.lt\/en\/wp-json\/wp\/v2\/product_cat?post=22279"},{"taxonomy":"product_tag","embeddable":true,"href":"https:\/\/dev.monti.lt\/en\/wp-json\/wp\/v2\/product_tag?post=22279"}],"curies":[{"name":"wp","href":"https:\/\/api.w.org\/{rel}","templated":true}]}}