{"id":22260,"date":"2024-03-04T14:21:25","date_gmt":"2024-03-04T14:21:25","guid":{"rendered":"https:\/\/dev.monti.lt\/?post_type=product&#038;p=22260"},"modified":"2024-10-09T21:31:14","modified_gmt":"2024-10-09T21:31:14","slug":"medinis-rusiuoklis-masina","status":"publish","type":"product","link":"https:\/\/dev.monti.lt\/en\/product\/medinis-rusiuoklis-masina\/","title":{"rendered":"Medinis r\u016b\u0161iuoklis-ma\u0161ina"},"content":{"rendered":"<h1 class=\"wp-block-heading\">Medinis r\u016b\u0161iuoklis-ma\u0161ina<\/h1><p><\/p><ul class=\"wp-block-list\"><li><strong>LAIKOMASIS \u017dAISLAS 7<\/strong>&nbsp;<strong>viename<\/strong>&nbsp;<strong>&#8211;&nbsp;<\/strong>lavinantis \u017eaislas vaikams&nbsp;<strong>Jam b\u016bdingi 7 edukaciniai elementai, skirti \u017eaisti ir mokytis vienu metu<\/strong>&nbsp;. Yra \u017eaislinis automobilis, abakas, 2 x labirintai, galvos\u016bkiai, matematinis cilindras ir fig\u016br\u0173 r\u016b\u0161iuotojas. \u0160is rinkinys patiks j\u016bs\u0173 ma\u017eyliui!<\/li>\n\n<li><strong>ILGAS VALANDAS LINKSMAI&nbsp;<\/strong><strong>\u2013&nbsp;<\/strong>Automobilyje yra \u012fdomi\u0173 klausim\u0173, susijusi\u0173 su u\u017eduotimis jaunesniems ir vyresniems vaikams. Be to, vir\u0161uje yra linksmas, spalvingas persipynimas \/ labirintas.<\/li>\n\n<li><strong>LAIMINGO MOKYMOSI<\/strong>&nbsp;\u2013 su mokomuoju automobiliu vaikas gali&nbsp;<strong>mokytis skai\u010di\u0173, mokytis skai\u010diuoti, lavinti atmint\u012f, login\u012f m\u0105stym\u0105, spr\u0119sti nesud\u0117tingas matematines u\u017eduotis ar mokytis fig\u016br\u0173.<\/strong><\/li>\n\n<li><strong>SORTER<\/strong>&nbsp;&#8211; automobilio stoge ir \u0161onin\u0117je sienel\u0117je yra form\u0173 r\u016b\u0161iuotojas. R\u016b\u0161iuotojas tiekiamas su spalvingais 5 automobili\u0173 form\u0173 kalad\u0117l\u0117mis.&nbsp;<strong>Kad kalad\u0117l\u0117s patekt\u0173 \u012f automobilio vid\u0173, ma\u017eylis turi priderinti atitinkam\u0105 kalad\u0117l\u0119 prie skyl\u0117s.<\/strong>&nbsp;Stogas atsidaro, tod\u0117l galite lengvai i\u0161imti blokus i\u0161 vidaus.<\/li>\n\n<li><strong>SPECIFIKACIJOS &#8211;&nbsp;<\/strong>med\u017eiaga: mediena, metalas; i\u0161matavimai: 34 x 16 x 14,5 cm; svoris: 1 160 kg; pakuot\u0117s svoris: 1,510 kg&nbsp;<\/li><\/ul><p><strong>SPECIFIKACIJA<\/strong><\/p><ul class=\"wp-block-list\"><li>med\u017eiaga: mediena, metalas<\/li>\n\n<li>i\u0161matavimai: 34 x 16 x 14,5 cm<\/li>\n\n<li>svoris: 1160 kg<\/li>\n\n<li>pakuot\u0117s svoris: 1,510 kg<\/li><\/ul><p><strong>\u012eSKAITANT<\/strong><\/p><ul class=\"wp-block-list\"><li>automobilis<\/li>\n\n<li>3 x galvos\u016bkiai<\/li>\n\n<li>5 x r\u016b\u0161iavimo automobiliai<\/li><\/ul><p>Besivystantis \u017eaislas, kuris patiks kiekvienam k\u016bdikiui. Medinis mokomasis automobilis \u2013 tai ne tik daug valand\u0173 linksmybi\u0173, bet ir mokymasis, kuris ateityje tikrai atsipirks. Interaktyvus medinis automobilis yra spalvingas, kuris \u017eadina ma\u017eiausio vaizduot\u0119 ir skatina j\u0173 k\u016brybi\u0161kum\u0105.<\/p>","protected":false},"excerpt":{"rendered":"<p>Medinis r\u016b\u0161iuoklis-ma\u0161ina SPECIFIKACIJA \u012eSKAITANT Besivystantis \u017eaislas, kuris patiks kiekvienam k\u016bdikiui. Medinis mokomasis automobilis \u2013 tai ne tik daug valand\u0173 linksmybi\u0173, bet ir mokymasis, kuris ateityje tikrai atsipirks. Interaktyvus medinis automobilis yra spalvingas, kuris \u017eadina ma\u017eiausio vaizduot\u0119 ir skatina j\u0173 k\u016brybi\u0161kum\u0105.<\/p>","protected":false},"featured_media":22261,"template":"","meta":{"iawp_total_views":134},"product_cat":[193,191,84,91,102,88,90,86,199,49,39],"product_tag":[95,96,94],"class_list":{"0":"post-22260","1":"product","2":"type-product","3":"status-publish","4":"has-post-thumbnail","6":"product_cat-dovanos-vaikams-1-2-metu","7":"product_cat-dovanos-vaikams","8":"product_cat-lavinamieji-zaislai","9":"product_cat-loginiam-mastymui","10":"product_cat-mediniai-zaislai","11":"product_cat-mokausi-zaisti","12":"product_cat-pasaulio-pazinimas","13":"product_cat-smulkioji-motorika","14":"product_cat-ugdymo-istaigoms","15":"product_cat-visi-zaislai","16":"product_cat-zaislai","17":"product_tag-1-m-2-m","18":"product_tag-2-m-3-m","19":"product_tag-iki-1-m","21":"first","22":"instock","23":"taxable","24":"shipping-taxable","25":"purchasable","26":"product-type-simple"},"yoast_head":"<!-- This site is optimized with the Yoast SEO plugin v23.3 - https:\/\/yoast.com\/wordpress\/plugins\/seo\/ -->\n<title>Medinis r\u016b\u0161iuoklis-ma\u0161ina - Montessori \u017eaislai<\/title>\n<meta name=\"robots\" content=\"noindex, follow, max-snippet:-1, max-image-preview:large, max-video-preview:-1\" \/>\n<meta property=\"og:locale\" content=\"en_US\" \/>\n<meta property=\"og:type\" content=\"article\" \/>\n<meta property=\"og:title\" content=\"Medinis r\u016b\u0161iuoklis-ma\u0161ina - Montessori \u017eaislai\" \/>\n<meta property=\"og:description\" content=\"Medinis r\u016b\u0161iuoklis-ma\u0161ina SPECIFIKACIJA \u012eSKAITANT Besivystantis \u017eaislas, kuris patiks kiekvienam k\u016bdikiui. Medinis mokomasis automobilis \u2013 tai ne tik daug valand\u0173 linksmybi\u0173, bet ir mokymasis, kuris ateityje tikrai atsipirks. Interaktyvus medinis automobilis yra spalvingas, kuris \u017eadina ma\u017eiausio vaizduot\u0119 ir skatina j\u0173 k\u016brybi\u0161kum\u0105.\" \/>\n<meta property=\"og:url\" content=\"https:\/\/dev.monti.lt\/en\/product\/medinis-rusiuoklis-masina\/\" \/>\n<meta property=\"og:site_name\" content=\"Montessori \u017eaislai\" \/>\n<meta property=\"article:modified_time\" content=\"2024-10-09T21:31:14+00:00\" \/>\n<meta property=\"og:image\" content=\"https:\/\/dev.monti.lt\/wp-content\/uploads\/2024\/03\/lit_pl_Rusiuoklis-medinis-automobilis-Kruzzel-22652-17331_15.jpg\" \/>\n\t<meta property=\"og:image:width\" content=\"500\" \/>\n\t<meta property=\"og:image:height\" content=\"500\" \/>\n\t<meta property=\"og:image:type\" content=\"image\/jpeg\" \/>\n<meta name=\"twitter:card\" content=\"summary_large_image\" \/>\n<meta name=\"twitter:label1\" content=\"Est. reading time\" \/>\n\t<meta name=\"twitter:data1\" content=\"2 minutes\" \/>\n<script type=\"application\/ld+json\" class=\"yoast-schema-graph\">{\"@context\":\"https:\/\/schema.org\",\"@graph\":[{\"@type\":\"WebPage\",\"@id\":\"https:\/\/dev.monti.lt\/product\/medinis-rusiuoklis-masina\/\",\"url\":\"https:\/\/dev.monti.lt\/product\/medinis-rusiuoklis-masina\/\",\"name\":\"Medinis r\u016b\u0161iuoklis-ma\u0161ina - Montessori \u017eaislai\",\"isPartOf\":{\"@id\":\"https:\/\/dev.monti.lt\/#website\"},\"primaryImageOfPage\":{\"@id\":\"https:\/\/dev.monti.lt\/product\/medinis-rusiuoklis-masina\/#primaryimage\"},\"image\":{\"@id\":\"https:\/\/dev.monti.lt\/product\/medinis-rusiuoklis-masina\/#primaryimage\"},\"thumbnailUrl\":\"https:\/\/dev.monti.lt\/wp-content\/uploads\/2024\/03\/lit_pl_Rusiuoklis-medinis-automobilis-Kruzzel-22652-17331_15.jpg\",\"datePublished\":\"2024-03-04T14:21:25+00:00\",\"dateModified\":\"2024-10-09T21:31:14+00:00\",\"breadcrumb\":{\"@id\":\"https:\/\/dev.monti.lt\/product\/medinis-rusiuoklis-masina\/#breadcrumb\"},\"inLanguage\":\"en-US\",\"potentialAction\":[{\"@type\":\"ReadAction\",\"target\":[\"https:\/\/dev.monti.lt\/product\/medinis-rusiuoklis-masina\/\"]}]},{\"@type\":\"ImageObject\",\"inLanguage\":\"en-US\",\"@id\":\"https:\/\/dev.monti.lt\/product\/medinis-rusiuoklis-masina\/#primaryimage\",\"url\":\"https:\/\/dev.monti.lt\/wp-content\/uploads\/2024\/03\/lit_pl_Rusiuoklis-medinis-automobilis-Kruzzel-22652-17331_15.jpg\",\"contentUrl\":\"https:\/\/dev.monti.lt\/wp-content\/uploads\/2024\/03\/lit_pl_Rusiuoklis-medinis-automobilis-Kruzzel-22652-17331_15.jpg\",\"width\":500,\"height\":500,\"caption\":\"medinis rusiuoklis-masina\"},{\"@type\":\"BreadcrumbList\",\"@id\":\"https:\/\/dev.monti.lt\/product\/medinis-rusiuoklis-masina\/#breadcrumb\",\"itemListElement\":[{\"@type\":\"ListItem\",\"position\":1,\"name\":\"Home\",\"item\":\"https:\/\/dev.monti.lt\/\"},{\"@type\":\"ListItem\",\"position\":2,\"name\":\"Parduotuv\u0117\",\"item\":\"https:\/\/dev.monti.lt\/shop\/\"},{\"@type\":\"ListItem\",\"position\":3,\"name\":\"Medinis r\u016b\u0161iuoklis-ma\u0161ina\"}]},{\"@type\":\"WebSite\",\"@id\":\"https:\/\/dev.monti.lt\/#website\",\"url\":\"https:\/\/dev.monti.lt\/\",\"name\":\"Montessori \u017eaislai\",\"description\":\"\",\"publisher\":{\"@id\":\"https:\/\/dev.monti.lt\/#organization\"},\"potentialAction\":[{\"@type\":\"SearchAction\",\"target\":{\"@type\":\"EntryPoint\",\"urlTemplate\":\"https:\/\/dev.monti.lt\/?s={search_term_string}\"},\"query-input\":\"required name=search_term_string\"}],\"inLanguage\":\"en-US\"},{\"@type\":\"Organization\",\"@id\":\"https:\/\/dev.monti.lt\/#organization\",\"name\":\"Montessori \u017eaislai\",\"url\":\"https:\/\/dev.monti.lt\/\",\"logo\":{\"@type\":\"ImageObject\",\"inLanguage\":\"en-US\",\"@id\":\"https:\/\/dev.monti.lt\/#\/schema\/logo\/image\/\",\"url\":\"https:\/\/dev.monti.lt\/wp-content\/uploads\/2022\/03\/montilogo-1.png\",\"contentUrl\":\"https:\/\/dev.monti.lt\/wp-content\/uploads\/2022\/03\/montilogo-1.png\",\"width\":512,\"height\":512,\"caption\":\"Montessori \u017eaislai\"},\"image\":{\"@id\":\"https:\/\/dev.monti.lt\/#\/schema\/logo\/image\/\"}}]}<\/script>\n<!-- \/ Yoast SEO plugin. -->","yoast_head_json":{"title":"Medinis r\u016b\u0161iuoklis-ma\u0161ina - Montessori \u017eaislai","robots":{"index":"noindex","follow":"follow","max-snippet":"max-snippet:-1","max-image-preview":"max-image-preview:large","max-video-preview":"max-video-preview:-1"},"og_locale":"en_US","og_type":"article","og_title":"Medinis r\u016b\u0161iuoklis-ma\u0161ina - Montessori \u017eaislai","og_description":"Medinis r\u016b\u0161iuoklis-ma\u0161ina SPECIFIKACIJA \u012eSKAITANT Besivystantis \u017eaislas, kuris patiks kiekvienam k\u016bdikiui. Medinis mokomasis automobilis \u2013 tai ne tik daug valand\u0173 linksmybi\u0173, bet ir mokymasis, kuris ateityje tikrai atsipirks. Interaktyvus medinis automobilis yra spalvingas, kuris \u017eadina ma\u017eiausio vaizduot\u0119 ir skatina j\u0173 k\u016brybi\u0161kum\u0105.","og_url":"https:\/\/dev.monti.lt\/en\/product\/medinis-rusiuoklis-masina\/","og_site_name":"Montessori \u017eaislai","article_modified_time":"2024-10-09T21:31:14+00:00","og_image":[{"width":500,"height":500,"url":"https:\/\/dev.monti.lt\/wp-content\/uploads\/2024\/03\/lit_pl_Rusiuoklis-medinis-automobilis-Kruzzel-22652-17331_15.jpg","type":"image\/jpeg"}],"twitter_card":"summary_large_image","twitter_misc":{"Est. reading time":"2 minutes"},"schema":{"@context":"https:\/\/schema.org","@graph":[{"@type":"WebPage","@id":"https:\/\/dev.monti.lt\/product\/medinis-rusiuoklis-masina\/","url":"https:\/\/dev.monti.lt\/product\/medinis-rusiuoklis-masina\/","name":"Medinis r\u016b\u0161iuoklis-ma\u0161ina - Montessori \u017eaislai","isPartOf":{"@id":"https:\/\/dev.monti.lt\/#website"},"primaryImageOfPage":{"@id":"https:\/\/dev.monti.lt\/product\/medinis-rusiuoklis-masina\/#primaryimage"},"image":{"@id":"https:\/\/dev.monti.lt\/product\/medinis-rusiuoklis-masina\/#primaryimage"},"thumbnailUrl":"https:\/\/dev.monti.lt\/wp-content\/uploads\/2024\/03\/lit_pl_Rusiuoklis-medinis-automobilis-Kruzzel-22652-17331_15.jpg","datePublished":"2024-03-04T14:21:25+00:00","dateModified":"2024-10-09T21:31:14+00:00","breadcrumb":{"@id":"https:\/\/dev.monti.lt\/product\/medinis-rusiuoklis-masina\/#breadcrumb"},"inLanguage":"en-US","potentialAction":[{"@type":"ReadAction","target":["https:\/\/dev.monti.lt\/product\/medinis-rusiuoklis-masina\/"]}]},{"@type":"ImageObject","inLanguage":"en-US","@id":"https:\/\/dev.monti.lt\/product\/medinis-rusiuoklis-masina\/#primaryimage","url":"https:\/\/dev.monti.lt\/wp-content\/uploads\/2024\/03\/lit_pl_Rusiuoklis-medinis-automobilis-Kruzzel-22652-17331_15.jpg","contentUrl":"https:\/\/dev.monti.lt\/wp-content\/uploads\/2024\/03\/lit_pl_Rusiuoklis-medinis-automobilis-Kruzzel-22652-17331_15.jpg","width":500,"height":500,"caption":"medinis rusiuoklis-masina"},{"@type":"BreadcrumbList","@id":"https:\/\/dev.monti.lt\/product\/medinis-rusiuoklis-masina\/#breadcrumb","itemListElement":[{"@type":"ListItem","position":1,"name":"Home","item":"https:\/\/dev.monti.lt\/"},{"@type":"ListItem","position":2,"name":"Parduotuv\u0117","item":"https:\/\/dev.monti.lt\/shop\/"},{"@type":"ListItem","position":3,"name":"Medinis r\u016b\u0161iuoklis-ma\u0161ina"}]},{"@type":"WebSite","@id":"https:\/\/dev.monti.lt\/#website","url":"https:\/\/dev.monti.lt\/","name":"Montessori \u017eaislai","description":"","publisher":{"@id":"https:\/\/dev.monti.lt\/#organization"},"potentialAction":[{"@type":"SearchAction","target":{"@type":"EntryPoint","urlTemplate":"https:\/\/dev.monti.lt\/?s={search_term_string}"},"query-input":"required name=search_term_string"}],"inLanguage":"en-US"},{"@type":"Organization","@id":"https:\/\/dev.monti.lt\/#organization","name":"Montessori \u017eaislai","url":"https:\/\/dev.monti.lt\/","logo":{"@type":"ImageObject","inLanguage":"en-US","@id":"https:\/\/dev.monti.lt\/#\/schema\/logo\/image\/","url":"https:\/\/dev.monti.lt\/wp-content\/uploads\/2022\/03\/montilogo-1.png","contentUrl":"https:\/\/dev.monti.lt\/wp-content\/uploads\/2022\/03\/montilogo-1.png","width":512,"height":512,"caption":"Montessori \u017eaislai"},"image":{"@id":"https:\/\/dev.monti.lt\/#\/schema\/logo\/image\/"}}]}},"_links":{"self":[{"href":"https:\/\/dev.monti.lt\/en\/wp-json\/wp\/v2\/product\/22260"}],"collection":[{"href":"https:\/\/dev.monti.lt\/en\/wp-json\/wp\/v2\/product"}],"about":[{"href":"https:\/\/dev.monti.lt\/en\/wp-json\/wp\/v2\/types\/product"}],"version-history":[{"count":1,"href":"https:\/\/dev.monti.lt\/en\/wp-json\/wp\/v2\/product\/22260\/revisions"}],"predecessor-version":[{"id":22266,"href":"https:\/\/dev.monti.lt\/en\/wp-json\/wp\/v2\/product\/22260\/revisions\/22266"}],"wp:featuredmedia":[{"embeddable":true,"href":"https:\/\/dev.monti.lt\/en\/wp-json\/wp\/v2\/media\/22261"}],"wp:attachment":[{"href":"https:\/\/dev.monti.lt\/en\/wp-json\/wp\/v2\/media?parent=22260"}],"wp:term":[{"taxonomy":"product_cat","embeddable":true,"href":"https:\/\/dev.monti.lt\/en\/wp-json\/wp\/v2\/product_cat?post=22260"},{"taxonomy":"product_tag","embeddable":true,"href":"https:\/\/dev.monti.lt\/en\/wp-json\/wp\/v2\/product_tag?post=22260"}],"curies":[{"name":"wp","href":"https:\/\/api.w.org\/{rel}","templated":true}]}}