{"id":22194,"date":"2024-02-29T15:39:43","date_gmt":"2024-02-29T15:39:43","guid":{"rendered":"https:\/\/dev.monti.lt\/?post_type=product&#038;p=22194"},"modified":"2024-08-09T21:15:20","modified_gmt":"2024-08-09T21:15:20","slug":"posca-markeris-3m-1vnt","status":"publish","type":"product","link":"https:\/\/dev.monti.lt\/en\/product\/posca-markeris-3m-1vnt\/","title":{"rendered":"POSCA markeris 3M, 1vnt."},"content":{"rendered":"<p>Universalus ir ry\u0161kus PC-3M pluo\u0161tinis antgalis patinka tiek menininkams, tiek amatininkams, tiek \u017emon\u0117ms neturintiems nieko bendro su menais. Tvarkinga, tolygi markerio linija ir vientisa spalva suteikia jums gali\u0105 ne tik pie\u0161ti kont\u016brus, bet ir tolygiai nuspalvinti. Naudodami \u0161iuos markerius gal\u0117site kurti, dekoruoti ar \u017eym\u0117ti visk\u0105, kas jus \u012fkvepia.<\/p>","protected":false},"excerpt":{"rendered":"<p>Universalus ir ry\u0161kus PC-3M pluo\u0161tinis antgalis patinka tiek menininkams, tiek amatininkams, tiek \u017emon\u0117ms neturintiems nieko bendro su menais. Tvarkinga, tolygi markerio linija ir vientisa spalva suteikia jums gali\u0105 ne tik pie\u0161ti kont\u016brus, bet ir tolygiai nuspalvinti. Naudodami \u0161iuos markerius gal\u0117site kurti, dekoruoti ar \u017eym\u0117ti visk\u0105, kas jus \u012fkvepia.<\/p>","protected":false},"featured_media":22195,"template":"","meta":{"iawp_total_views":38},"product_cat":[89,220],"product_tag":[101,96,97,98,99,100],"class_list":{"0":"post-22194","1":"product","2":"type-product","3":"status-publish","4":"has-post-thumbnail","6":"product_cat-mokausi-piesti","7":"product_cat-posca-markeriai","8":"product_tag-12-m-14-m","9":"product_tag-2-m-3-m","10":"product_tag-3-m-4-m","11":"product_tag-5-m-7-m","12":"product_tag-8-m-11-m","13":"product_tag-15-m","15":"first","16":"instock","17":"taxable","18":"shipping-taxable","19":"purchasable","20":"product-type-variable"},"yoast_head":"<!-- This site is optimized with the Yoast SEO plugin v23.3 - https:\/\/yoast.com\/wordpress\/plugins\/seo\/ -->\n<title>POSCA markeris 3M, 1vnt. - Montessori \u017eaislai<\/title>\n<meta name=\"robots\" content=\"noindex, follow, max-snippet:-1, max-image-preview:large, max-video-preview:-1\" \/>\n<meta property=\"og:locale\" content=\"en_US\" \/>\n<meta property=\"og:type\" content=\"article\" \/>\n<meta property=\"og:title\" content=\"POSCA markeris 3M, 1vnt. - Montessori \u017eaislai\" \/>\n<meta property=\"og:description\" content=\"Universalus ir ry\u0161kus PC-3M pluo\u0161tinis antgalis patinka tiek menininkams, tiek amatininkams, tiek \u017emon\u0117ms neturintiems nieko bendro su menais. Tvarkinga, tolygi markerio linija ir vientisa spalva suteikia jums gali\u0105 ne tik pie\u0161ti kont\u016brus, bet ir tolygiai nuspalvinti. Naudodami \u0161iuos markerius gal\u0117site kurti, dekoruoti ar \u017eym\u0117ti visk\u0105, kas jus \u012fkvepia.\" \/>\n<meta property=\"og:url\" content=\"https:\/\/dev.monti.lt\/en\/product\/posca-markeris-3m-1vnt\/\" \/>\n<meta property=\"og:site_name\" content=\"Montessori \u017eaislai\" \/>\n<meta property=\"article:modified_time\" content=\"2024-08-09T21:15:20+00:00\" \/>\n<meta property=\"og:image\" content=\"https:\/\/dev.monti.lt\/wp-content\/uploads\/2024\/02\/pc_3m_silver_cap_beside__65824-1.jpg\" \/>\n\t<meta property=\"og:image:width\" content=\"1280\" \/>\n\t<meta property=\"og:image:height\" content=\"1280\" \/>\n\t<meta property=\"og:image:type\" content=\"image\/jpeg\" \/>\n<meta name=\"twitter:card\" content=\"summary_large_image\" \/>\n<meta name=\"twitter:label1\" content=\"Est. reading time\" \/>\n\t<meta name=\"twitter:data1\" content=\"1 minute\" \/>\n<script type=\"application\/ld+json\" class=\"yoast-schema-graph\">{\"@context\":\"https:\/\/schema.org\",\"@graph\":[{\"@type\":\"WebPage\",\"@id\":\"https:\/\/dev.monti.lt\/product\/posca-markeris-3m-1vnt\/\",\"url\":\"https:\/\/dev.monti.lt\/product\/posca-markeris-3m-1vnt\/\",\"name\":\"POSCA markeris 3M, 1vnt. - Montessori \u017eaislai\",\"isPartOf\":{\"@id\":\"https:\/\/dev.monti.lt\/#website\"},\"primaryImageOfPage\":{\"@id\":\"https:\/\/dev.monti.lt\/product\/posca-markeris-3m-1vnt\/#primaryimage\"},\"image\":{\"@id\":\"https:\/\/dev.monti.lt\/product\/posca-markeris-3m-1vnt\/#primaryimage\"},\"thumbnailUrl\":\"https:\/\/dev.monti.lt\/wp-content\/uploads\/2024\/02\/pc_3m_silver_cap_beside__65824-1.jpg\",\"datePublished\":\"2024-02-29T15:39:43+00:00\",\"dateModified\":\"2024-08-09T21:15:20+00:00\",\"breadcrumb\":{\"@id\":\"https:\/\/dev.monti.lt\/product\/posca-markeris-3m-1vnt\/#breadcrumb\"},\"inLanguage\":\"en-US\",\"potentialAction\":[{\"@type\":\"ReadAction\",\"target\":[\"https:\/\/dev.monti.lt\/product\/posca-markeris-3m-1vnt\/\"]}]},{\"@type\":\"ImageObject\",\"inLanguage\":\"en-US\",\"@id\":\"https:\/\/dev.monti.lt\/product\/posca-markeris-3m-1vnt\/#primaryimage\",\"url\":\"https:\/\/dev.monti.lt\/wp-content\/uploads\/2024\/02\/pc_3m_silver_cap_beside__65824-1.jpg\",\"contentUrl\":\"https:\/\/dev.monti.lt\/wp-content\/uploads\/2024\/02\/pc_3m_silver_cap_beside__65824-1.jpg\",\"width\":1280,\"height\":1280},{\"@type\":\"BreadcrumbList\",\"@id\":\"https:\/\/dev.monti.lt\/product\/posca-markeris-3m-1vnt\/#breadcrumb\",\"itemListElement\":[{\"@type\":\"ListItem\",\"position\":1,\"name\":\"Home\",\"item\":\"https:\/\/dev.monti.lt\/\"},{\"@type\":\"ListItem\",\"position\":2,\"name\":\"Parduotuv\u0117\",\"item\":\"https:\/\/dev.monti.lt\/shop\/\"},{\"@type\":\"ListItem\",\"position\":3,\"name\":\"POSCA markeris 3M, 1vnt.\"}]},{\"@type\":\"WebSite\",\"@id\":\"https:\/\/dev.monti.lt\/#website\",\"url\":\"https:\/\/dev.monti.lt\/\",\"name\":\"Montessori \u017eaislai\",\"description\":\"\",\"publisher\":{\"@id\":\"https:\/\/dev.monti.lt\/#organization\"},\"potentialAction\":[{\"@type\":\"SearchAction\",\"target\":{\"@type\":\"EntryPoint\",\"urlTemplate\":\"https:\/\/dev.monti.lt\/?s={search_term_string}\"},\"query-input\":\"required name=search_term_string\"}],\"inLanguage\":\"en-US\"},{\"@type\":\"Organization\",\"@id\":\"https:\/\/dev.monti.lt\/#organization\",\"name\":\"Montessori \u017eaislai\",\"url\":\"https:\/\/dev.monti.lt\/\",\"logo\":{\"@type\":\"ImageObject\",\"inLanguage\":\"en-US\",\"@id\":\"https:\/\/dev.monti.lt\/#\/schema\/logo\/image\/\",\"url\":\"https:\/\/dev.monti.lt\/wp-content\/uploads\/2022\/03\/montilogo-1.png\",\"contentUrl\":\"https:\/\/dev.monti.lt\/wp-content\/uploads\/2022\/03\/montilogo-1.png\",\"width\":512,\"height\":512,\"caption\":\"Montessori \u017eaislai\"},\"image\":{\"@id\":\"https:\/\/dev.monti.lt\/#\/schema\/logo\/image\/\"}}]}<\/script>\n<!-- \/ Yoast SEO plugin. -->","yoast_head_json":{"title":"POSCA markeris 3M, 1vnt. - Montessori \u017eaislai","robots":{"index":"noindex","follow":"follow","max-snippet":"max-snippet:-1","max-image-preview":"max-image-preview:large","max-video-preview":"max-video-preview:-1"},"og_locale":"en_US","og_type":"article","og_title":"POSCA markeris 3M, 1vnt. - Montessori \u017eaislai","og_description":"Universalus ir ry\u0161kus PC-3M pluo\u0161tinis antgalis patinka tiek menininkams, tiek amatininkams, tiek \u017emon\u0117ms neturintiems nieko bendro su menais. Tvarkinga, tolygi markerio linija ir vientisa spalva suteikia jums gali\u0105 ne tik pie\u0161ti kont\u016brus, bet ir tolygiai nuspalvinti. Naudodami \u0161iuos markerius gal\u0117site kurti, dekoruoti ar \u017eym\u0117ti visk\u0105, kas jus \u012fkvepia.","og_url":"https:\/\/dev.monti.lt\/en\/product\/posca-markeris-3m-1vnt\/","og_site_name":"Montessori \u017eaislai","article_modified_time":"2024-08-09T21:15:20+00:00","og_image":[{"width":1280,"height":1280,"url":"https:\/\/dev.monti.lt\/wp-content\/uploads\/2024\/02\/pc_3m_silver_cap_beside__65824-1.jpg","type":"image\/jpeg"}],"twitter_card":"summary_large_image","twitter_misc":{"Est. reading time":"1 minute"},"schema":{"@context":"https:\/\/schema.org","@graph":[{"@type":"WebPage","@id":"https:\/\/dev.monti.lt\/product\/posca-markeris-3m-1vnt\/","url":"https:\/\/dev.monti.lt\/product\/posca-markeris-3m-1vnt\/","name":"POSCA markeris 3M, 1vnt. - Montessori \u017eaislai","isPartOf":{"@id":"https:\/\/dev.monti.lt\/#website"},"primaryImageOfPage":{"@id":"https:\/\/dev.monti.lt\/product\/posca-markeris-3m-1vnt\/#primaryimage"},"image":{"@id":"https:\/\/dev.monti.lt\/product\/posca-markeris-3m-1vnt\/#primaryimage"},"thumbnailUrl":"https:\/\/dev.monti.lt\/wp-content\/uploads\/2024\/02\/pc_3m_silver_cap_beside__65824-1.jpg","datePublished":"2024-02-29T15:39:43+00:00","dateModified":"2024-08-09T21:15:20+00:00","breadcrumb":{"@id":"https:\/\/dev.monti.lt\/product\/posca-markeris-3m-1vnt\/#breadcrumb"},"inLanguage":"en-US","potentialAction":[{"@type":"ReadAction","target":["https:\/\/dev.monti.lt\/product\/posca-markeris-3m-1vnt\/"]}]},{"@type":"ImageObject","inLanguage":"en-US","@id":"https:\/\/dev.monti.lt\/product\/posca-markeris-3m-1vnt\/#primaryimage","url":"https:\/\/dev.monti.lt\/wp-content\/uploads\/2024\/02\/pc_3m_silver_cap_beside__65824-1.jpg","contentUrl":"https:\/\/dev.monti.lt\/wp-content\/uploads\/2024\/02\/pc_3m_silver_cap_beside__65824-1.jpg","width":1280,"height":1280},{"@type":"BreadcrumbList","@id":"https:\/\/dev.monti.lt\/product\/posca-markeris-3m-1vnt\/#breadcrumb","itemListElement":[{"@type":"ListItem","position":1,"name":"Home","item":"https:\/\/dev.monti.lt\/"},{"@type":"ListItem","position":2,"name":"Parduotuv\u0117","item":"https:\/\/dev.monti.lt\/shop\/"},{"@type":"ListItem","position":3,"name":"POSCA markeris 3M, 1vnt."}]},{"@type":"WebSite","@id":"https:\/\/dev.monti.lt\/#website","url":"https:\/\/dev.monti.lt\/","name":"Montessori \u017eaislai","description":"","publisher":{"@id":"https:\/\/dev.monti.lt\/#organization"},"potentialAction":[{"@type":"SearchAction","target":{"@type":"EntryPoint","urlTemplate":"https:\/\/dev.monti.lt\/?s={search_term_string}"},"query-input":"required name=search_term_string"}],"inLanguage":"en-US"},{"@type":"Organization","@id":"https:\/\/dev.monti.lt\/#organization","name":"Montessori \u017eaislai","url":"https:\/\/dev.monti.lt\/","logo":{"@type":"ImageObject","inLanguage":"en-US","@id":"https:\/\/dev.monti.lt\/#\/schema\/logo\/image\/","url":"https:\/\/dev.monti.lt\/wp-content\/uploads\/2022\/03\/montilogo-1.png","contentUrl":"https:\/\/dev.monti.lt\/wp-content\/uploads\/2022\/03\/montilogo-1.png","width":512,"height":512,"caption":"Montessori \u017eaislai"},"image":{"@id":"https:\/\/dev.monti.lt\/#\/schema\/logo\/image\/"}}]}},"_links":{"self":[{"href":"https:\/\/dev.monti.lt\/en\/wp-json\/wp\/v2\/product\/22194"}],"collection":[{"href":"https:\/\/dev.monti.lt\/en\/wp-json\/wp\/v2\/product"}],"about":[{"href":"https:\/\/dev.monti.lt\/en\/wp-json\/wp\/v2\/types\/product"}],"version-history":[{"count":1,"href":"https:\/\/dev.monti.lt\/en\/wp-json\/wp\/v2\/product\/22194\/revisions"}],"predecessor-version":[{"id":22211,"href":"https:\/\/dev.monti.lt\/en\/wp-json\/wp\/v2\/product\/22194\/revisions\/22211"}],"wp:featuredmedia":[{"embeddable":true,"href":"https:\/\/dev.monti.lt\/en\/wp-json\/wp\/v2\/media\/22195"}],"wp:attachment":[{"href":"https:\/\/dev.monti.lt\/en\/wp-json\/wp\/v2\/media?parent=22194"}],"wp:term":[{"taxonomy":"product_cat","embeddable":true,"href":"https:\/\/dev.monti.lt\/en\/wp-json\/wp\/v2\/product_cat?post=22194"},{"taxonomy":"product_tag","embeddable":true,"href":"https:\/\/dev.monti.lt\/en\/wp-json\/wp\/v2\/product_tag?post=22194"}],"curies":[{"name":"wp","href":"https:\/\/api.w.org\/{rel}","templated":true}]}}