{"id":22183,"date":"2024-02-29T15:09:54","date_gmt":"2024-02-29T15:09:54","guid":{"rendered":"https:\/\/dev.monti.lt\/?post_type=product&#038;p=22183"},"modified":"2024-10-01T06:51:29","modified_gmt":"2024-10-01T06:51:29","slug":"posca-markeris-5m-1vnt","status":"publish","type":"product","link":"https:\/\/dev.monti.lt\/en\/product\/posca-markeris-5m-1vnt\/","title":{"rendered":"POSCA markeris, 5M 1vnt."},"content":{"rendered":"<p>5M storio POSCA markeris.<\/p><p><\/p><p>Universalus ir ry\u0161kus PC-5M pluo\u0161tinis antgalis patinka tiek menininkams, tiek amatininkams, tiek \u017emon\u0117ms neturintiems nieko bendro su menais. Tvarkinga, tolygi markerio linija ir vientisa spalva suteikia jums gali\u0105 ne tik pie\u0161ti kont\u016brus, bet ir tolygiai nuspalvinti. Naudodami \u0161iuos markerius gal\u0117site kurti, dekoruoti ar \u017eym\u0117ti visk\u0105, kas jus \u012fkvepia.<\/p><p><\/p>","protected":false},"excerpt":{"rendered":"<p>5M storio POSCA markeris. Universalus ir ry\u0161kus PC-5M pluo\u0161tinis antgalis patinka tiek menininkams, tiek amatininkams, tiek \u017emon\u0117ms neturintiems nieko bendro su menais. Tvarkinga, tolygi markerio linija ir vientisa spalva suteikia jums gali\u0105 ne tik pie\u0161ti kont\u016brus, bet ir tolygiai nuspalvinti. Naudodami \u0161iuos markerius gal\u0117site kurti, dekoruoti ar \u017eym\u0117ti visk\u0105, kas jus \u012fkvepia.<\/p>","protected":false},"featured_media":22190,"template":"","meta":{"iawp_total_views":39},"product_cat":[220],"product_tag":[101,96,97,98,99,100],"class_list":{"0":"post-22183","1":"product","2":"type-product","3":"status-publish","4":"has-post-thumbnail","6":"product_cat-posca-markeriai","7":"product_tag-12-m-14-m","8":"product_tag-2-m-3-m","9":"product_tag-3-m-4-m","10":"product_tag-5-m-7-m","11":"product_tag-8-m-11-m","12":"product_tag-15-m","14":"first","15":"instock","16":"taxable","17":"shipping-taxable","18":"purchasable","19":"product-type-variable"},"yoast_head":"<!-- This site is optimized with the Yoast SEO plugin v23.3 - https:\/\/yoast.com\/wordpress\/plugins\/seo\/ -->\n<title>POSCA markeris, 5M 1vnt. - Montessori \u017eaislai<\/title>\n<meta name=\"robots\" content=\"noindex, follow, max-snippet:-1, max-image-preview:large, max-video-preview:-1\" \/>\n<meta property=\"og:locale\" content=\"en_US\" \/>\n<meta property=\"og:type\" content=\"article\" \/>\n<meta property=\"og:title\" content=\"POSCA markeris, 5M 1vnt. - Montessori \u017eaislai\" \/>\n<meta property=\"og:description\" content=\"5M storio POSCA markeris. Universalus ir ry\u0161kus PC-5M pluo\u0161tinis antgalis patinka tiek menininkams, tiek amatininkams, tiek \u017emon\u0117ms neturintiems nieko bendro su menais. Tvarkinga, tolygi markerio linija ir vientisa spalva suteikia jums gali\u0105 ne tik pie\u0161ti kont\u016brus, bet ir tolygiai nuspalvinti. Naudodami \u0161iuos markerius gal\u0117site kurti, dekoruoti ar \u017eym\u0117ti visk\u0105, kas jus \u012fkvepia.\" \/>\n<meta property=\"og:url\" content=\"https:\/\/dev.monti.lt\/en\/product\/posca-markeris-5m-1vnt\/\" \/>\n<meta property=\"og:site_name\" content=\"Montessori \u017eaislai\" \/>\n<meta property=\"article:modified_time\" content=\"2024-10-01T06:51:29+00:00\" \/>\n<meta property=\"og:image\" content=\"https:\/\/dev.monti.lt\/wp-content\/uploads\/2024\/02\/posca-paint-marker-pen-pc-5m-uni-lavender-1.jpg\" \/>\n\t<meta property=\"og:image:width\" content=\"1000\" \/>\n\t<meta property=\"og:image:height\" content=\"1000\" \/>\n\t<meta property=\"og:image:type\" content=\"image\/jpeg\" \/>\n<meta name=\"twitter:card\" content=\"summary_large_image\" \/>\n<meta name=\"twitter:label1\" content=\"Est. reading time\" \/>\n\t<meta name=\"twitter:data1\" content=\"1 minute\" \/>\n<script type=\"application\/ld+json\" class=\"yoast-schema-graph\">{\"@context\":\"https:\/\/schema.org\",\"@graph\":[{\"@type\":\"WebPage\",\"@id\":\"https:\/\/dev.monti.lt\/product\/posca-markeris-5m-1vnt\/\",\"url\":\"https:\/\/dev.monti.lt\/product\/posca-markeris-5m-1vnt\/\",\"name\":\"POSCA markeris, 5M 1vnt. - Montessori \u017eaislai\",\"isPartOf\":{\"@id\":\"https:\/\/dev.monti.lt\/#website\"},\"primaryImageOfPage\":{\"@id\":\"https:\/\/dev.monti.lt\/product\/posca-markeris-5m-1vnt\/#primaryimage\"},\"image\":{\"@id\":\"https:\/\/dev.monti.lt\/product\/posca-markeris-5m-1vnt\/#primaryimage\"},\"thumbnailUrl\":\"https:\/\/dev.monti.lt\/wp-content\/uploads\/2024\/02\/posca-paint-marker-pen-pc-5m-uni-lavender-1.jpg\",\"datePublished\":\"2024-02-29T15:09:54+00:00\",\"dateModified\":\"2024-10-01T06:51:29+00:00\",\"breadcrumb\":{\"@id\":\"https:\/\/dev.monti.lt\/product\/posca-markeris-5m-1vnt\/#breadcrumb\"},\"inLanguage\":\"en-US\",\"potentialAction\":[{\"@type\":\"ReadAction\",\"target\":[\"https:\/\/dev.monti.lt\/product\/posca-markeris-5m-1vnt\/\"]}]},{\"@type\":\"ImageObject\",\"inLanguage\":\"en-US\",\"@id\":\"https:\/\/dev.monti.lt\/product\/posca-markeris-5m-1vnt\/#primaryimage\",\"url\":\"https:\/\/dev.monti.lt\/wp-content\/uploads\/2024\/02\/posca-paint-marker-pen-pc-5m-uni-lavender-1.jpg\",\"contentUrl\":\"https:\/\/dev.monti.lt\/wp-content\/uploads\/2024\/02\/posca-paint-marker-pen-pc-5m-uni-lavender-1.jpg\",\"width\":1000,\"height\":1000},{\"@type\":\"BreadcrumbList\",\"@id\":\"https:\/\/dev.monti.lt\/product\/posca-markeris-5m-1vnt\/#breadcrumb\",\"itemListElement\":[{\"@type\":\"ListItem\",\"position\":1,\"name\":\"Home\",\"item\":\"https:\/\/dev.monti.lt\/\"},{\"@type\":\"ListItem\",\"position\":2,\"name\":\"Parduotuv\u0117\",\"item\":\"https:\/\/dev.monti.lt\/shop\/\"},{\"@type\":\"ListItem\",\"position\":3,\"name\":\"POSCA markeris, 5M 1vnt.\"}]},{\"@type\":\"WebSite\",\"@id\":\"https:\/\/dev.monti.lt\/#website\",\"url\":\"https:\/\/dev.monti.lt\/\",\"name\":\"Montessori \u017eaislai\",\"description\":\"\",\"publisher\":{\"@id\":\"https:\/\/dev.monti.lt\/#organization\"},\"potentialAction\":[{\"@type\":\"SearchAction\",\"target\":{\"@type\":\"EntryPoint\",\"urlTemplate\":\"https:\/\/dev.monti.lt\/?s={search_term_string}\"},\"query-input\":\"required name=search_term_string\"}],\"inLanguage\":\"en-US\"},{\"@type\":\"Organization\",\"@id\":\"https:\/\/dev.monti.lt\/#organization\",\"name\":\"Montessori \u017eaislai\",\"url\":\"https:\/\/dev.monti.lt\/\",\"logo\":{\"@type\":\"ImageObject\",\"inLanguage\":\"en-US\",\"@id\":\"https:\/\/dev.monti.lt\/#\/schema\/logo\/image\/\",\"url\":\"https:\/\/dev.monti.lt\/wp-content\/uploads\/2022\/03\/montilogo-1.png\",\"contentUrl\":\"https:\/\/dev.monti.lt\/wp-content\/uploads\/2022\/03\/montilogo-1.png\",\"width\":512,\"height\":512,\"caption\":\"Montessori \u017eaislai\"},\"image\":{\"@id\":\"https:\/\/dev.monti.lt\/#\/schema\/logo\/image\/\"}}]}<\/script>\n<!-- \/ Yoast SEO plugin. -->","yoast_head_json":{"title":"POSCA markeris, 5M 1vnt. - Montessori \u017eaislai","robots":{"index":"noindex","follow":"follow","max-snippet":"max-snippet:-1","max-image-preview":"max-image-preview:large","max-video-preview":"max-video-preview:-1"},"og_locale":"en_US","og_type":"article","og_title":"POSCA markeris, 5M 1vnt. - Montessori \u017eaislai","og_description":"5M storio POSCA markeris. Universalus ir ry\u0161kus PC-5M pluo\u0161tinis antgalis patinka tiek menininkams, tiek amatininkams, tiek \u017emon\u0117ms neturintiems nieko bendro su menais. Tvarkinga, tolygi markerio linija ir vientisa spalva suteikia jums gali\u0105 ne tik pie\u0161ti kont\u016brus, bet ir tolygiai nuspalvinti. Naudodami \u0161iuos markerius gal\u0117site kurti, dekoruoti ar \u017eym\u0117ti visk\u0105, kas jus \u012fkvepia.","og_url":"https:\/\/dev.monti.lt\/en\/product\/posca-markeris-5m-1vnt\/","og_site_name":"Montessori \u017eaislai","article_modified_time":"2024-10-01T06:51:29+00:00","og_image":[{"width":1000,"height":1000,"url":"https:\/\/dev.monti.lt\/wp-content\/uploads\/2024\/02\/posca-paint-marker-pen-pc-5m-uni-lavender-1.jpg","type":"image\/jpeg"}],"twitter_card":"summary_large_image","twitter_misc":{"Est. reading time":"1 minute"},"schema":{"@context":"https:\/\/schema.org","@graph":[{"@type":"WebPage","@id":"https:\/\/dev.monti.lt\/product\/posca-markeris-5m-1vnt\/","url":"https:\/\/dev.monti.lt\/product\/posca-markeris-5m-1vnt\/","name":"POSCA markeris, 5M 1vnt. - Montessori \u017eaislai","isPartOf":{"@id":"https:\/\/dev.monti.lt\/#website"},"primaryImageOfPage":{"@id":"https:\/\/dev.monti.lt\/product\/posca-markeris-5m-1vnt\/#primaryimage"},"image":{"@id":"https:\/\/dev.monti.lt\/product\/posca-markeris-5m-1vnt\/#primaryimage"},"thumbnailUrl":"https:\/\/dev.monti.lt\/wp-content\/uploads\/2024\/02\/posca-paint-marker-pen-pc-5m-uni-lavender-1.jpg","datePublished":"2024-02-29T15:09:54+00:00","dateModified":"2024-10-01T06:51:29+00:00","breadcrumb":{"@id":"https:\/\/dev.monti.lt\/product\/posca-markeris-5m-1vnt\/#breadcrumb"},"inLanguage":"en-US","potentialAction":[{"@type":"ReadAction","target":["https:\/\/dev.monti.lt\/product\/posca-markeris-5m-1vnt\/"]}]},{"@type":"ImageObject","inLanguage":"en-US","@id":"https:\/\/dev.monti.lt\/product\/posca-markeris-5m-1vnt\/#primaryimage","url":"https:\/\/dev.monti.lt\/wp-content\/uploads\/2024\/02\/posca-paint-marker-pen-pc-5m-uni-lavender-1.jpg","contentUrl":"https:\/\/dev.monti.lt\/wp-content\/uploads\/2024\/02\/posca-paint-marker-pen-pc-5m-uni-lavender-1.jpg","width":1000,"height":1000},{"@type":"BreadcrumbList","@id":"https:\/\/dev.monti.lt\/product\/posca-markeris-5m-1vnt\/#breadcrumb","itemListElement":[{"@type":"ListItem","position":1,"name":"Home","item":"https:\/\/dev.monti.lt\/"},{"@type":"ListItem","position":2,"name":"Parduotuv\u0117","item":"https:\/\/dev.monti.lt\/shop\/"},{"@type":"ListItem","position":3,"name":"POSCA markeris, 5M 1vnt."}]},{"@type":"WebSite","@id":"https:\/\/dev.monti.lt\/#website","url":"https:\/\/dev.monti.lt\/","name":"Montessori \u017eaislai","description":"","publisher":{"@id":"https:\/\/dev.monti.lt\/#organization"},"potentialAction":[{"@type":"SearchAction","target":{"@type":"EntryPoint","urlTemplate":"https:\/\/dev.monti.lt\/?s={search_term_string}"},"query-input":"required name=search_term_string"}],"inLanguage":"en-US"},{"@type":"Organization","@id":"https:\/\/dev.monti.lt\/#organization","name":"Montessori \u017eaislai","url":"https:\/\/dev.monti.lt\/","logo":{"@type":"ImageObject","inLanguage":"en-US","@id":"https:\/\/dev.monti.lt\/#\/schema\/logo\/image\/","url":"https:\/\/dev.monti.lt\/wp-content\/uploads\/2022\/03\/montilogo-1.png","contentUrl":"https:\/\/dev.monti.lt\/wp-content\/uploads\/2022\/03\/montilogo-1.png","width":512,"height":512,"caption":"Montessori \u017eaislai"},"image":{"@id":"https:\/\/dev.monti.lt\/#\/schema\/logo\/image\/"}}]}},"_links":{"self":[{"href":"https:\/\/dev.monti.lt\/en\/wp-json\/wp\/v2\/product\/22183"}],"collection":[{"href":"https:\/\/dev.monti.lt\/en\/wp-json\/wp\/v2\/product"}],"about":[{"href":"https:\/\/dev.monti.lt\/en\/wp-json\/wp\/v2\/types\/product"}],"version-history":[{"count":2,"href":"https:\/\/dev.monti.lt\/en\/wp-json\/wp\/v2\/product\/22183\/revisions"}],"predecessor-version":[{"id":22192,"href":"https:\/\/dev.monti.lt\/en\/wp-json\/wp\/v2\/product\/22183\/revisions\/22192"}],"wp:featuredmedia":[{"embeddable":true,"href":"https:\/\/dev.monti.lt\/en\/wp-json\/wp\/v2\/media\/22190"}],"wp:attachment":[{"href":"https:\/\/dev.monti.lt\/en\/wp-json\/wp\/v2\/media?parent=22183"}],"wp:term":[{"taxonomy":"product_cat","embeddable":true,"href":"https:\/\/dev.monti.lt\/en\/wp-json\/wp\/v2\/product_cat?post=22183"},{"taxonomy":"product_tag","embeddable":true,"href":"https:\/\/dev.monti.lt\/en\/wp-json\/wp\/v2\/product_tag?post=22183"}],"curies":[{"name":"wp","href":"https:\/\/api.w.org\/{rel}","templated":true}]}}