{"id":22162,"date":"2024-02-28T14:50:46","date_gmt":"2024-02-28T14:50:46","guid":{"rendered":"https:\/\/dev.monti.lt\/?post_type=product&#038;p=22162"},"modified":"2024-02-28T14:50:49","modified_gmt":"2024-02-28T14:50:49","slug":"flomasteriu-rinkinys-maaleo-25-vnt","status":"publish","type":"product","link":"https:\/\/dev.monti.lt\/en\/product\/flomasteriu-rinkinys-maaleo-25-vnt\/","title":{"rendered":"Flomasteri\u0173 rinkinys MAALEO, 25 vnt."},"content":{"rendered":"<ul class=\"wp-block-list\"><li><ul><li><strong>MAGIJA &#8211;&nbsp;<\/strong>Nuspalvinkite pie\u0161in\u012f ir baltu \u017eymekliu pakeiskite spalvas \u012f visi\u0161kai kitokias.&nbsp;<strong>Magi\u0161k\u0173 \u017eymekli\u0173 d\u0117ka j\u016bs\u0173 darbai \u012fgis nauj\u0105 charakter\u012f<\/strong>&nbsp;. Juosteles, ta\u0161kelius ir kitus spalvotus intarpus dabar padaryti bus labai paprasta.<\/li><li><strong>Paslaptingi U\u017dRA\u0160AI<\/strong>&nbsp;&#8211; d\u0117l balt\u0173 \u017eymekli\u0173 taip pat galite sukurti nematomus u\u017era\u0161us ir tada juos atskleisti kitais \u017eymekliais i\u0161 rinkinio.<\/li><li><strong>DIDELIS RINKINYS &#8211;&nbsp;<\/strong>kartu su stebuklingais \u017eymekliais gausite ir nepaprast\u0173 vaizdo efekt\u0173. D\u0117l plataus spalv\u0173 asortimento galimyb\u0117s baigiasi ten, kur baigiasi j\u016bs\u0173 vaizduot\u0117. Galite sukurti pasl\u0117ptus u\u017era\u0161us, u\u017era\u0161us ir pie\u0161inius su 3D efektu ir daug daugiau.&nbsp;<strong>Leiskite savo k\u016brybi\u0161kumui \u017eyd\u0117ti ant popieriaus lapo ar bet kokio kito pavir\u0161iaus.<\/strong><\/li><li><strong>2 T\u016a\u0160I\u0172 RA\u0160IKLIAI \u2013&nbsp;<\/strong>Rinkin\u012f sudaro dviej\u0173 tip\u0173 ra\u0161ikliai. 12 ra\u0161ikli\u0173, kurie kei\u010dia spalv\u0105, kai ant j\u0173 da\u017eote baltu \u017eymekliu, pvz., nuo geltonos iki m\u0117lynos spalvos, ir 9 spalv\u0173, kurios pakei\u010dia spalvos atspalv\u012f i\u0161 tamsios \u012f \u0161viesi\u0105, kai yra veikiamas baltu ra\u0161alu.<\/li><li><strong>SPECIFIKACIJOS &#8211;&nbsp;<\/strong>\u017eymekli\u0173 skai\u010dius: 25; spalv\u0173 skai\u010dius: 21; balt\u0173 \u017eymekli\u0173 skai\u010dius: 4; 1 ra\u0161iklio i\u0161matavimai: 15 x 2 cm; svoris: 0,228 kg; svoris pakuot\u0117je: 0,274 kg.&nbsp;<\/li><\/ul><strong>SPECIFIKACIJA<\/strong><ul><li>\u017eymekli\u0173 skai\u010dius: 25<\/li><li>spalv\u0173 skai\u010dius: 21<\/li><li>balt\u0173 \u017eymekli\u0173 skai\u010dius: 4<\/li><li>1 ra\u0161iklio matmenys: 15 x 2 cm<\/li><li>svoris: 0,228 kg<\/li><li>svoris pakuot\u0117je: 0,274 kg<\/li><\/ul><strong>\u012eSKAITANT<\/strong><ul><li>25 \u017eymekliai<\/li><li>1 plastikinis liejinys<\/li><\/ul>Pie\u0161ti dar niekada nebuvo taip smagu! Naudokite \u0161\u012f stebukling\u0173 \u017eymekli\u0173 rinkin\u012f ir leiskite savo vaikams d\u017eiaugsmingai lavinti savo k\u016brybi\u0161kum\u0105 ir vaizduot\u0119. U\u017etepus baltu ra\u0161alu nupie\u0161tas vaizdas automati\u0161kai pakeis spalv\u0105. Ar tai skamba ne\u012ftik\u0117tinai? \u012esitikinkite patys \u2013 tai kvap\u0105 gniau\u017eiantis reginys ir puiki pramoga tiek vaikams, tiek t\u0117vams.<\/li><\/ul><p>Pie\u0161ti dar niekada nebuvo taip smagu! Naudokite \u0161\u012f stebukling\u0173 \u017eymekli\u0173 rinkin\u012f ir leiskite savo vaikams d\u017eiaugsmingai lavinti savo k\u016brybi\u0161kum\u0105 ir vaizduot\u0119. U\u017etepus baltu ra\u0161alu nupie\u0161tas vaizdas automati\u0161kai pakeis spalv\u0105. Ar tai skamba ne\u012ftik\u0117tinai? \u012esitikinkite patys \u2013 tai kvap\u0105 gniau\u017eiantis reginys ir puiki pramoga tiek vaikams, tiek t\u0117vams.&nbsp;<\/p>","protected":false},"excerpt":{"rendered":"<p>Pie\u0161ti dar niekada nebuvo taip smagu! Naudokite \u0161\u012f stebukling\u0173 \u017eymekli\u0173 rinkin\u012f ir leiskite savo vaikams d\u017eiaugsmingai lavinti savo k\u016brybi\u0161kum\u0105 ir vaizduot\u0119. U\u017etepus baltu ra\u0161alu nupie\u0161tas vaizdas automati\u0161kai pakeis spalv\u0105. Ar tai skamba ne\u012ftik\u0117tinai? \u012esitikinkite patys \u2013 tai kvap\u0105 gniau\u017eiantis reginys ir puiki pramoga tiek vaikams, tiek t\u0117vams.&nbsp;<\/p>","protected":false},"featured_media":22163,"template":"","meta":{"iawp_total_views":30},"product_cat":[84,89],"product_tag":[101,97,98,99],"class_list":{"0":"post-22162","1":"product","2":"type-product","3":"status-publish","4":"has-post-thumbnail","6":"product_cat-lavinamieji-zaislai","7":"product_cat-mokausi-piesti","8":"product_tag-12-m-14-m","9":"product_tag-3-m-4-m","10":"product_tag-5-m-7-m","11":"product_tag-8-m-11-m","13":"first","14":"instock","15":"taxable","16":"shipping-taxable","17":"purchasable","18":"product-type-simple"},"yoast_head":"<!-- This site is optimized with the Yoast SEO plugin v23.3 - https:\/\/yoast.com\/wordpress\/plugins\/seo\/ -->\n<title>Flomasteri\u0173 rinkinys MAALEO, 25 vnt. - Montessori \u017eaislai<\/title>\n<meta name=\"robots\" content=\"noindex, follow, max-snippet:-1, max-image-preview:large, max-video-preview:-1\" \/>\n<meta property=\"og:locale\" content=\"en_US\" \/>\n<meta property=\"og:type\" content=\"article\" \/>\n<meta property=\"og:title\" content=\"Flomasteri\u0173 rinkinys MAALEO, 25 vnt. - Montessori \u017eaislai\" \/>\n<meta property=\"og:description\" content=\"Pie\u0161ti dar niekada nebuvo taip smagu! Naudokite \u0161\u012f stebukling\u0173 \u017eymekli\u0173 rinkin\u012f ir leiskite savo vaikams d\u017eiaugsmingai lavinti savo k\u016brybi\u0161kum\u0105 ir vaizduot\u0119. U\u017etepus baltu ra\u0161alu nupie\u0161tas vaizdas automati\u0161kai pakeis spalv\u0105. Ar tai skamba ne\u012ftik\u0117tinai? \u012esitikinkite patys \u2013 tai kvap\u0105 gniau\u017eiantis reginys ir puiki pramoga tiek vaikams, tiek t\u0117vams.&nbsp;\" \/>\n<meta property=\"og:url\" content=\"https:\/\/dev.monti.lt\/en\/product\/flomasteriu-rinkinys-maaleo-25-vnt\/\" \/>\n<meta property=\"og:site_name\" content=\"Montessori \u017eaislai\" \/>\n<meta property=\"article:modified_time\" content=\"2024-02-28T14:50:49+00:00\" \/>\n<meta property=\"og:image\" content=\"https:\/\/dev.monti.lt\/wp-content\/uploads\/2024\/02\/lit_pl_Markeriu-rinkinys-25vnt-Maaleo-23201-17374_9-2.webp\" \/>\n\t<meta property=\"og:image:width\" content=\"500\" \/>\n\t<meta property=\"og:image:height\" content=\"500\" \/>\n\t<meta property=\"og:image:type\" content=\"image\/webp\" \/>\n<meta name=\"twitter:card\" content=\"summary_large_image\" \/>\n<meta name=\"twitter:label1\" content=\"Est. reading time\" \/>\n\t<meta name=\"twitter:data1\" content=\"2 minutes\" \/>\n<script type=\"application\/ld+json\" class=\"yoast-schema-graph\">{\"@context\":\"https:\/\/schema.org\",\"@graph\":[{\"@type\":\"WebPage\",\"@id\":\"https:\/\/dev.monti.lt\/product\/flomasteriu-rinkinys-maaleo-25-vnt\/\",\"url\":\"https:\/\/dev.monti.lt\/product\/flomasteriu-rinkinys-maaleo-25-vnt\/\",\"name\":\"Flomasteri\u0173 rinkinys MAALEO, 25 vnt. - Montessori \u017eaislai\",\"isPartOf\":{\"@id\":\"https:\/\/dev.monti.lt\/#website\"},\"primaryImageOfPage\":{\"@id\":\"https:\/\/dev.monti.lt\/product\/flomasteriu-rinkinys-maaleo-25-vnt\/#primaryimage\"},\"image\":{\"@id\":\"https:\/\/dev.monti.lt\/product\/flomasteriu-rinkinys-maaleo-25-vnt\/#primaryimage\"},\"thumbnailUrl\":\"https:\/\/dev.monti.lt\/wp-content\/uploads\/2024\/02\/lit_pl_Markeriu-rinkinys-25vnt-Maaleo-23201-17374_9-2.webp\",\"datePublished\":\"2024-02-28T14:50:46+00:00\",\"dateModified\":\"2024-02-28T14:50:49+00:00\",\"breadcrumb\":{\"@id\":\"https:\/\/dev.monti.lt\/product\/flomasteriu-rinkinys-maaleo-25-vnt\/#breadcrumb\"},\"inLanguage\":\"en-US\",\"potentialAction\":[{\"@type\":\"ReadAction\",\"target\":[\"https:\/\/dev.monti.lt\/product\/flomasteriu-rinkinys-maaleo-25-vnt\/\"]}]},{\"@type\":\"ImageObject\",\"inLanguage\":\"en-US\",\"@id\":\"https:\/\/dev.monti.lt\/product\/flomasteriu-rinkinys-maaleo-25-vnt\/#primaryimage\",\"url\":\"https:\/\/dev.monti.lt\/wp-content\/uploads\/2024\/02\/lit_pl_Markeriu-rinkinys-25vnt-Maaleo-23201-17374_9-2.webp\",\"contentUrl\":\"https:\/\/dev.monti.lt\/wp-content\/uploads\/2024\/02\/lit_pl_Markeriu-rinkinys-25vnt-Maaleo-23201-17374_9-2.webp\",\"width\":500,\"height\":500,\"caption\":\"marekriu rinkinys\"},{\"@type\":\"BreadcrumbList\",\"@id\":\"https:\/\/dev.monti.lt\/product\/flomasteriu-rinkinys-maaleo-25-vnt\/#breadcrumb\",\"itemListElement\":[{\"@type\":\"ListItem\",\"position\":1,\"name\":\"Home\",\"item\":\"https:\/\/dev.monti.lt\/\"},{\"@type\":\"ListItem\",\"position\":2,\"name\":\"Parduotuv\u0117\",\"item\":\"https:\/\/dev.monti.lt\/shop\/\"},{\"@type\":\"ListItem\",\"position\":3,\"name\":\"Flomasteri\u0173 rinkinys MAALEO, 25 vnt.\"}]},{\"@type\":\"WebSite\",\"@id\":\"https:\/\/dev.monti.lt\/#website\",\"url\":\"https:\/\/dev.monti.lt\/\",\"name\":\"Montessori \u017eaislai\",\"description\":\"\",\"publisher\":{\"@id\":\"https:\/\/dev.monti.lt\/#organization\"},\"potentialAction\":[{\"@type\":\"SearchAction\",\"target\":{\"@type\":\"EntryPoint\",\"urlTemplate\":\"https:\/\/dev.monti.lt\/?s={search_term_string}\"},\"query-input\":\"required name=search_term_string\"}],\"inLanguage\":\"en-US\"},{\"@type\":\"Organization\",\"@id\":\"https:\/\/dev.monti.lt\/#organization\",\"name\":\"Montessori \u017eaislai\",\"url\":\"https:\/\/dev.monti.lt\/\",\"logo\":{\"@type\":\"ImageObject\",\"inLanguage\":\"en-US\",\"@id\":\"https:\/\/dev.monti.lt\/#\/schema\/logo\/image\/\",\"url\":\"https:\/\/dev.monti.lt\/wp-content\/uploads\/2022\/03\/montilogo-1.png\",\"contentUrl\":\"https:\/\/dev.monti.lt\/wp-content\/uploads\/2022\/03\/montilogo-1.png\",\"width\":512,\"height\":512,\"caption\":\"Montessori \u017eaislai\"},\"image\":{\"@id\":\"https:\/\/dev.monti.lt\/#\/schema\/logo\/image\/\"}}]}<\/script>\n<!-- \/ Yoast SEO plugin. -->","yoast_head_json":{"title":"Flomasteri\u0173 rinkinys MAALEO, 25 vnt. - Montessori \u017eaislai","robots":{"index":"noindex","follow":"follow","max-snippet":"max-snippet:-1","max-image-preview":"max-image-preview:large","max-video-preview":"max-video-preview:-1"},"og_locale":"en_US","og_type":"article","og_title":"Flomasteri\u0173 rinkinys MAALEO, 25 vnt. - Montessori \u017eaislai","og_description":"Pie\u0161ti dar niekada nebuvo taip smagu! Naudokite \u0161\u012f stebukling\u0173 \u017eymekli\u0173 rinkin\u012f ir leiskite savo vaikams d\u017eiaugsmingai lavinti savo k\u016brybi\u0161kum\u0105 ir vaizduot\u0119. U\u017etepus baltu ra\u0161alu nupie\u0161tas vaizdas automati\u0161kai pakeis spalv\u0105. Ar tai skamba ne\u012ftik\u0117tinai? \u012esitikinkite patys \u2013 tai kvap\u0105 gniau\u017eiantis reginys ir puiki pramoga tiek vaikams, tiek t\u0117vams.&nbsp;","og_url":"https:\/\/dev.monti.lt\/en\/product\/flomasteriu-rinkinys-maaleo-25-vnt\/","og_site_name":"Montessori \u017eaislai","article_modified_time":"2024-02-28T14:50:49+00:00","og_image":[{"width":500,"height":500,"url":"https:\/\/dev.monti.lt\/wp-content\/uploads\/2024\/02\/lit_pl_Markeriu-rinkinys-25vnt-Maaleo-23201-17374_9-2.webp","type":"image\/webp"}],"twitter_card":"summary_large_image","twitter_misc":{"Est. reading time":"2 minutes"},"schema":{"@context":"https:\/\/schema.org","@graph":[{"@type":"WebPage","@id":"https:\/\/dev.monti.lt\/product\/flomasteriu-rinkinys-maaleo-25-vnt\/","url":"https:\/\/dev.monti.lt\/product\/flomasteriu-rinkinys-maaleo-25-vnt\/","name":"Flomasteri\u0173 rinkinys MAALEO, 25 vnt. - Montessori \u017eaislai","isPartOf":{"@id":"https:\/\/dev.monti.lt\/#website"},"primaryImageOfPage":{"@id":"https:\/\/dev.monti.lt\/product\/flomasteriu-rinkinys-maaleo-25-vnt\/#primaryimage"},"image":{"@id":"https:\/\/dev.monti.lt\/product\/flomasteriu-rinkinys-maaleo-25-vnt\/#primaryimage"},"thumbnailUrl":"https:\/\/dev.monti.lt\/wp-content\/uploads\/2024\/02\/lit_pl_Markeriu-rinkinys-25vnt-Maaleo-23201-17374_9-2.webp","datePublished":"2024-02-28T14:50:46+00:00","dateModified":"2024-02-28T14:50:49+00:00","breadcrumb":{"@id":"https:\/\/dev.monti.lt\/product\/flomasteriu-rinkinys-maaleo-25-vnt\/#breadcrumb"},"inLanguage":"en-US","potentialAction":[{"@type":"ReadAction","target":["https:\/\/dev.monti.lt\/product\/flomasteriu-rinkinys-maaleo-25-vnt\/"]}]},{"@type":"ImageObject","inLanguage":"en-US","@id":"https:\/\/dev.monti.lt\/product\/flomasteriu-rinkinys-maaleo-25-vnt\/#primaryimage","url":"https:\/\/dev.monti.lt\/wp-content\/uploads\/2024\/02\/lit_pl_Markeriu-rinkinys-25vnt-Maaleo-23201-17374_9-2.webp","contentUrl":"https:\/\/dev.monti.lt\/wp-content\/uploads\/2024\/02\/lit_pl_Markeriu-rinkinys-25vnt-Maaleo-23201-17374_9-2.webp","width":500,"height":500,"caption":"marekriu rinkinys"},{"@type":"BreadcrumbList","@id":"https:\/\/dev.monti.lt\/product\/flomasteriu-rinkinys-maaleo-25-vnt\/#breadcrumb","itemListElement":[{"@type":"ListItem","position":1,"name":"Home","item":"https:\/\/dev.monti.lt\/"},{"@type":"ListItem","position":2,"name":"Parduotuv\u0117","item":"https:\/\/dev.monti.lt\/shop\/"},{"@type":"ListItem","position":3,"name":"Flomasteri\u0173 rinkinys MAALEO, 25 vnt."}]},{"@type":"WebSite","@id":"https:\/\/dev.monti.lt\/#website","url":"https:\/\/dev.monti.lt\/","name":"Montessori \u017eaislai","description":"","publisher":{"@id":"https:\/\/dev.monti.lt\/#organization"},"potentialAction":[{"@type":"SearchAction","target":{"@type":"EntryPoint","urlTemplate":"https:\/\/dev.monti.lt\/?s={search_term_string}"},"query-input":"required name=search_term_string"}],"inLanguage":"en-US"},{"@type":"Organization","@id":"https:\/\/dev.monti.lt\/#organization","name":"Montessori \u017eaislai","url":"https:\/\/dev.monti.lt\/","logo":{"@type":"ImageObject","inLanguage":"en-US","@id":"https:\/\/dev.monti.lt\/#\/schema\/logo\/image\/","url":"https:\/\/dev.monti.lt\/wp-content\/uploads\/2022\/03\/montilogo-1.png","contentUrl":"https:\/\/dev.monti.lt\/wp-content\/uploads\/2022\/03\/montilogo-1.png","width":512,"height":512,"caption":"Montessori \u017eaislai"},"image":{"@id":"https:\/\/dev.monti.lt\/#\/schema\/logo\/image\/"}}]}},"_links":{"self":[{"href":"https:\/\/dev.monti.lt\/en\/wp-json\/wp\/v2\/product\/22162"}],"collection":[{"href":"https:\/\/dev.monti.lt\/en\/wp-json\/wp\/v2\/product"}],"about":[{"href":"https:\/\/dev.monti.lt\/en\/wp-json\/wp\/v2\/types\/product"}],"version-history":[{"count":1,"href":"https:\/\/dev.monti.lt\/en\/wp-json\/wp\/v2\/product\/22162\/revisions"}],"predecessor-version":[{"id":22164,"href":"https:\/\/dev.monti.lt\/en\/wp-json\/wp\/v2\/product\/22162\/revisions\/22164"}],"wp:featuredmedia":[{"embeddable":true,"href":"https:\/\/dev.monti.lt\/en\/wp-json\/wp\/v2\/media\/22163"}],"wp:attachment":[{"href":"https:\/\/dev.monti.lt\/en\/wp-json\/wp\/v2\/media?parent=22162"}],"wp:term":[{"taxonomy":"product_cat","embeddable":true,"href":"https:\/\/dev.monti.lt\/en\/wp-json\/wp\/v2\/product_cat?post=22162"},{"taxonomy":"product_tag","embeddable":true,"href":"https:\/\/dev.monti.lt\/en\/wp-json\/wp\/v2\/product_tag?post=22162"}],"curies":[{"name":"wp","href":"https:\/\/api.w.org\/{rel}","templated":true}]}}