{"id":22152,"date":"2024-02-28T14:47:05","date_gmt":"2024-02-28T14:47:05","guid":{"rendered":"https:\/\/dev.monti.lt\/?post_type=product&#038;p=22152"},"modified":"2024-02-28T14:47:06","modified_gmt":"2024-02-28T14:47:06","slug":"vaikiskas-muzikanto-rinkinys","status":"publish","type":"product","link":"https:\/\/dev.monti.lt\/en\/product\/vaikiskas-muzikanto-rinkinys\/","title":{"rendered":"Vaiki\u0161kas muzikanto rinkinys"},"content":{"rendered":"<h1 class=\"wp-block-heading\">GITARA + STIPRINTUVAS + MIKROFONAS&nbsp;<\/h1><ul class=\"wp-block-list\"><li><strong>MP3 INPUT<\/strong>&nbsp;\u2013 \u012frenginys turi MP3 \u012fvest\u012f, vaikas&nbsp;<strong>tod\u0117l jis gali groti ir dainuoti su savo m\u0117gstamomis dainomis fone<\/strong>&nbsp;, o tai suma\u017eina scenos baim\u0119 prie\u0161 pasirodymus.<\/li>\n\n<li>Be garso efekt\u0173, koncert\u0105 lydi ir mirksin\u010dios \u0161viesos\u00a0<strong>padaryti spektakl\u012f dar ypatingesn\u012f.<\/strong><\/li>\n\n<li><strong>MIKROFONAS SU \u012eJUNGIMO\/I\u0160JUNGIMO MYGTUKU<\/strong>&nbsp;\u2013 mygtukas ant mikrofono leid\u017eia j\u012f bet kada \u012fjungti ir i\u0161jungti, tad vaikas gali prad\u0117ti dainuoti \u012f i\u0161jungt\u0105 mikrofon\u0105, o i\u0161dr\u012fs\u0119s j\u012f \u012fjungti surengs tikr\u0105 koncert\u0105.<\/li>\n\n<li>vis\u0105 komplekt\u0105 galima ne\u0161tis \u012f mo\u010diut\u0119 ar dar\u017eel\u012f specialiame koncerte \u2013 nereik\u0117s r\u016bpintis maitinimo \u0161altiniu ir vaiko saugumu, nes komplektas maitinamas baterijomis.<\/li><\/ul><p><strong>SPECIFIKACIJA<\/strong><\/p><ul class=\"wp-block-list\"><li>m\u0117lyna spalva<\/li>\n\n<li>Gitaros maitinimas: 3 x AA baterijos (\u012f komplekt\u0105 ne\u012feina)<\/li>\n\n<li>stiprintuvo maitinimas: 3 x AA baterijos (\u012f komplekt\u0105 ne\u012feina)<\/li>\n\n<li>dir\u017eelio ilgis: 90 cm<\/li>\n\n<li>maitinimo bloko matmenys: 27 x 19 cm<\/li>\n\n<li>mikrofono auk\u0161tis: 20 x 63 &#8211; 100 cm<\/li>\n\n<li>gitaros matmenys: 72 x 24 cm<\/li>\n\n<li>svoris: 1,55 kg<\/li>\n\n<li>svoris pakuot\u0117je: 1,8 kg<\/li><\/ul><p>Rinkinyje rasite:<\/p><ul class=\"wp-block-list\"><li>gitara<\/li>\n\n<li>MP3 laidas<\/li>\n\n<li>mikrofonas su trikoju<\/li>\n\n<li>stiprintuvas<\/li>\n\n<li>gitaros dir\u017eelis<\/li><\/ul><p><\/p>","protected":false},"excerpt":{"rendered":"<p>Fantasti\u0161ka elektrin\u0117 gitara vaikams su stiprintuvu ir stovu su mikrofonu tikrai patiks kiekvienam ma\u017eajam muzikos ir pasirodymo prie\u0161 publik\u0105 gerb\u0117jui. Visas komplektas m\u0117lynos spalvos, tod\u0117l spalvos universalios ir tiks tiek berniukui, tiek mergaitei. Gitara su stiprintuvu leis vaikui scenoje pasijusti tikru artistu, koncerte kaip \u017evaig\u017ede. J\u016bs\u0173 vaikas kurs nuostabias melodijas ir dainuos dainas su gitara ir mikrofonu. Pa\u0161\u0117lus\u012f koncert\u0105 lydi mirksin\u010dios lemput\u0117s gitaroje ir stiprintuve.<\/p>","protected":false},"featured_media":22153,"template":"","meta":{"iawp_total_views":22},"product_cat":[84,85,49,39],"product_tag":[97,98,99],"class_list":{"0":"post-22152","1":"product","2":"type-product","3":"status-publish","4":"has-post-thumbnail","6":"product_cat-lavinamieji-zaislai","7":"product_cat-muzikiniai-zaislai","8":"product_cat-visi-zaislai","9":"product_cat-zaislai","10":"product_tag-3-m-4-m","11":"product_tag-5-m-7-m","12":"product_tag-8-m-11-m","14":"first","15":"instock","16":"taxable","17":"shipping-taxable","18":"purchasable","19":"product-type-simple"},"yoast_head":"<!-- This site is optimized with the Yoast SEO plugin v23.3 - https:\/\/yoast.com\/wordpress\/plugins\/seo\/ -->\n<title>Vaiki\u0161kas muzikanto rinkinys - Montessori \u017eaislai<\/title>\n<meta name=\"robots\" content=\"noindex, follow, max-snippet:-1, max-image-preview:large, max-video-preview:-1\" \/>\n<meta property=\"og:locale\" content=\"en_US\" \/>\n<meta property=\"og:type\" content=\"article\" \/>\n<meta property=\"og:title\" content=\"Vaiki\u0161kas muzikanto rinkinys - Montessori \u017eaislai\" \/>\n<meta property=\"og:description\" content=\"Fantasti\u0161ka elektrin\u0117 gitara vaikams su stiprintuvu ir stovu su mikrofonu tikrai patiks kiekvienam ma\u017eajam muzikos ir pasirodymo prie\u0161 publik\u0105 gerb\u0117jui. Visas komplektas m\u0117lynos spalvos, tod\u0117l spalvos universalios ir tiks tiek berniukui, tiek mergaitei. Gitara su stiprintuvu leis vaikui scenoje pasijusti tikru artistu, koncerte kaip \u017evaig\u017ede. J\u016bs\u0173 vaikas kurs nuostabias melodijas ir dainuos dainas su gitara ir mikrofonu. Pa\u0161\u0117lus\u012f koncert\u0105 lydi mirksin\u010dios lemput\u0117s gitaroje ir stiprintuve.\" \/>\n<meta property=\"og:url\" content=\"https:\/\/dev.monti.lt\/en\/product\/vaikiskas-muzikanto-rinkinys\/\" \/>\n<meta property=\"og:site_name\" content=\"Montessori \u017eaislai\" \/>\n<meta property=\"article:modified_time\" content=\"2024-02-28T14:47:06+00:00\" \/>\n<meta property=\"og:image\" content=\"https:\/\/dev.monti.lt\/wp-content\/uploads\/2024\/02\/lit_pl_Elektrine-gitara-mikrofonas-dangaus-stiprintuvas-22409-17366_7.jpg\" \/>\n\t<meta property=\"og:image:width\" content=\"500\" \/>\n\t<meta property=\"og:image:height\" content=\"500\" \/>\n\t<meta property=\"og:image:type\" content=\"image\/jpeg\" \/>\n<meta name=\"twitter:card\" content=\"summary_large_image\" \/>\n<meta name=\"twitter:label1\" content=\"Est. reading time\" \/>\n\t<meta name=\"twitter:data1\" content=\"2 minutes\" \/>\n<script type=\"application\/ld+json\" class=\"yoast-schema-graph\">{\"@context\":\"https:\/\/schema.org\",\"@graph\":[{\"@type\":\"WebPage\",\"@id\":\"https:\/\/dev.monti.lt\/product\/vaikiskas-muzikanto-rinkinys\/\",\"url\":\"https:\/\/dev.monti.lt\/product\/vaikiskas-muzikanto-rinkinys\/\",\"name\":\"Vaiki\u0161kas muzikanto rinkinys - Montessori \u017eaislai\",\"isPartOf\":{\"@id\":\"https:\/\/dev.monti.lt\/#website\"},\"primaryImageOfPage\":{\"@id\":\"https:\/\/dev.monti.lt\/product\/vaikiskas-muzikanto-rinkinys\/#primaryimage\"},\"image\":{\"@id\":\"https:\/\/dev.monti.lt\/product\/vaikiskas-muzikanto-rinkinys\/#primaryimage\"},\"thumbnailUrl\":\"https:\/\/dev.monti.lt\/wp-content\/uploads\/2024\/02\/lit_pl_Elektrine-gitara-mikrofonas-dangaus-stiprintuvas-22409-17366_7.jpg\",\"datePublished\":\"2024-02-28T14:47:05+00:00\",\"dateModified\":\"2024-02-28T14:47:06+00:00\",\"breadcrumb\":{\"@id\":\"https:\/\/dev.monti.lt\/product\/vaikiskas-muzikanto-rinkinys\/#breadcrumb\"},\"inLanguage\":\"en-US\",\"potentialAction\":[{\"@type\":\"ReadAction\",\"target\":[\"https:\/\/dev.monti.lt\/product\/vaikiskas-muzikanto-rinkinys\/\"]}]},{\"@type\":\"ImageObject\",\"inLanguage\":\"en-US\",\"@id\":\"https:\/\/dev.monti.lt\/product\/vaikiskas-muzikanto-rinkinys\/#primaryimage\",\"url\":\"https:\/\/dev.monti.lt\/wp-content\/uploads\/2024\/02\/lit_pl_Elektrine-gitara-mikrofonas-dangaus-stiprintuvas-22409-17366_7.jpg\",\"contentUrl\":\"https:\/\/dev.monti.lt\/wp-content\/uploads\/2024\/02\/lit_pl_Elektrine-gitara-mikrofonas-dangaus-stiprintuvas-22409-17366_7.jpg\",\"width\":500,\"height\":500,\"caption\":\"elektrine gitara vaikams\"},{\"@type\":\"BreadcrumbList\",\"@id\":\"https:\/\/dev.monti.lt\/product\/vaikiskas-muzikanto-rinkinys\/#breadcrumb\",\"itemListElement\":[{\"@type\":\"ListItem\",\"position\":1,\"name\":\"Home\",\"item\":\"https:\/\/dev.monti.lt\/\"},{\"@type\":\"ListItem\",\"position\":2,\"name\":\"Parduotuv\u0117\",\"item\":\"https:\/\/dev.monti.lt\/shop\/\"},{\"@type\":\"ListItem\",\"position\":3,\"name\":\"Vaiki\u0161kas muzikanto rinkinys\"}]},{\"@type\":\"WebSite\",\"@id\":\"https:\/\/dev.monti.lt\/#website\",\"url\":\"https:\/\/dev.monti.lt\/\",\"name\":\"Montessori \u017eaislai\",\"description\":\"\",\"publisher\":{\"@id\":\"https:\/\/dev.monti.lt\/#organization\"},\"potentialAction\":[{\"@type\":\"SearchAction\",\"target\":{\"@type\":\"EntryPoint\",\"urlTemplate\":\"https:\/\/dev.monti.lt\/?s={search_term_string}\"},\"query-input\":\"required name=search_term_string\"}],\"inLanguage\":\"en-US\"},{\"@type\":\"Organization\",\"@id\":\"https:\/\/dev.monti.lt\/#organization\",\"name\":\"Montessori \u017eaislai\",\"url\":\"https:\/\/dev.monti.lt\/\",\"logo\":{\"@type\":\"ImageObject\",\"inLanguage\":\"en-US\",\"@id\":\"https:\/\/dev.monti.lt\/#\/schema\/logo\/image\/\",\"url\":\"https:\/\/dev.monti.lt\/wp-content\/uploads\/2022\/03\/montilogo-1.png\",\"contentUrl\":\"https:\/\/dev.monti.lt\/wp-content\/uploads\/2022\/03\/montilogo-1.png\",\"width\":512,\"height\":512,\"caption\":\"Montessori \u017eaislai\"},\"image\":{\"@id\":\"https:\/\/dev.monti.lt\/#\/schema\/logo\/image\/\"}}]}<\/script>\n<!-- \/ Yoast SEO plugin. -->","yoast_head_json":{"title":"Vaiki\u0161kas muzikanto rinkinys - Montessori \u017eaislai","robots":{"index":"noindex","follow":"follow","max-snippet":"max-snippet:-1","max-image-preview":"max-image-preview:large","max-video-preview":"max-video-preview:-1"},"og_locale":"en_US","og_type":"article","og_title":"Vaiki\u0161kas muzikanto rinkinys - Montessori \u017eaislai","og_description":"Fantasti\u0161ka elektrin\u0117 gitara vaikams su stiprintuvu ir stovu su mikrofonu tikrai patiks kiekvienam ma\u017eajam muzikos ir pasirodymo prie\u0161 publik\u0105 gerb\u0117jui. Visas komplektas m\u0117lynos spalvos, tod\u0117l spalvos universalios ir tiks tiek berniukui, tiek mergaitei. Gitara su stiprintuvu leis vaikui scenoje pasijusti tikru artistu, koncerte kaip \u017evaig\u017ede. J\u016bs\u0173 vaikas kurs nuostabias melodijas ir dainuos dainas su gitara ir mikrofonu. Pa\u0161\u0117lus\u012f koncert\u0105 lydi mirksin\u010dios lemput\u0117s gitaroje ir stiprintuve.","og_url":"https:\/\/dev.monti.lt\/en\/product\/vaikiskas-muzikanto-rinkinys\/","og_site_name":"Montessori \u017eaislai","article_modified_time":"2024-02-28T14:47:06+00:00","og_image":[{"width":500,"height":500,"url":"https:\/\/dev.monti.lt\/wp-content\/uploads\/2024\/02\/lit_pl_Elektrine-gitara-mikrofonas-dangaus-stiprintuvas-22409-17366_7.jpg","type":"image\/jpeg"}],"twitter_card":"summary_large_image","twitter_misc":{"Est. reading time":"2 minutes"},"schema":{"@context":"https:\/\/schema.org","@graph":[{"@type":"WebPage","@id":"https:\/\/dev.monti.lt\/product\/vaikiskas-muzikanto-rinkinys\/","url":"https:\/\/dev.monti.lt\/product\/vaikiskas-muzikanto-rinkinys\/","name":"Vaiki\u0161kas muzikanto rinkinys - Montessori \u017eaislai","isPartOf":{"@id":"https:\/\/dev.monti.lt\/#website"},"primaryImageOfPage":{"@id":"https:\/\/dev.monti.lt\/product\/vaikiskas-muzikanto-rinkinys\/#primaryimage"},"image":{"@id":"https:\/\/dev.monti.lt\/product\/vaikiskas-muzikanto-rinkinys\/#primaryimage"},"thumbnailUrl":"https:\/\/dev.monti.lt\/wp-content\/uploads\/2024\/02\/lit_pl_Elektrine-gitara-mikrofonas-dangaus-stiprintuvas-22409-17366_7.jpg","datePublished":"2024-02-28T14:47:05+00:00","dateModified":"2024-02-28T14:47:06+00:00","breadcrumb":{"@id":"https:\/\/dev.monti.lt\/product\/vaikiskas-muzikanto-rinkinys\/#breadcrumb"},"inLanguage":"en-US","potentialAction":[{"@type":"ReadAction","target":["https:\/\/dev.monti.lt\/product\/vaikiskas-muzikanto-rinkinys\/"]}]},{"@type":"ImageObject","inLanguage":"en-US","@id":"https:\/\/dev.monti.lt\/product\/vaikiskas-muzikanto-rinkinys\/#primaryimage","url":"https:\/\/dev.monti.lt\/wp-content\/uploads\/2024\/02\/lit_pl_Elektrine-gitara-mikrofonas-dangaus-stiprintuvas-22409-17366_7.jpg","contentUrl":"https:\/\/dev.monti.lt\/wp-content\/uploads\/2024\/02\/lit_pl_Elektrine-gitara-mikrofonas-dangaus-stiprintuvas-22409-17366_7.jpg","width":500,"height":500,"caption":"elektrine gitara vaikams"},{"@type":"BreadcrumbList","@id":"https:\/\/dev.monti.lt\/product\/vaikiskas-muzikanto-rinkinys\/#breadcrumb","itemListElement":[{"@type":"ListItem","position":1,"name":"Home","item":"https:\/\/dev.monti.lt\/"},{"@type":"ListItem","position":2,"name":"Parduotuv\u0117","item":"https:\/\/dev.monti.lt\/shop\/"},{"@type":"ListItem","position":3,"name":"Vaiki\u0161kas muzikanto rinkinys"}]},{"@type":"WebSite","@id":"https:\/\/dev.monti.lt\/#website","url":"https:\/\/dev.monti.lt\/","name":"Montessori \u017eaislai","description":"","publisher":{"@id":"https:\/\/dev.monti.lt\/#organization"},"potentialAction":[{"@type":"SearchAction","target":{"@type":"EntryPoint","urlTemplate":"https:\/\/dev.monti.lt\/?s={search_term_string}"},"query-input":"required name=search_term_string"}],"inLanguage":"en-US"},{"@type":"Organization","@id":"https:\/\/dev.monti.lt\/#organization","name":"Montessori \u017eaislai","url":"https:\/\/dev.monti.lt\/","logo":{"@type":"ImageObject","inLanguage":"en-US","@id":"https:\/\/dev.monti.lt\/#\/schema\/logo\/image\/","url":"https:\/\/dev.monti.lt\/wp-content\/uploads\/2022\/03\/montilogo-1.png","contentUrl":"https:\/\/dev.monti.lt\/wp-content\/uploads\/2022\/03\/montilogo-1.png","width":512,"height":512,"caption":"Montessori \u017eaislai"},"image":{"@id":"https:\/\/dev.monti.lt\/#\/schema\/logo\/image\/"}}]}},"_links":{"self":[{"href":"https:\/\/dev.monti.lt\/en\/wp-json\/wp\/v2\/product\/22152"}],"collection":[{"href":"https:\/\/dev.monti.lt\/en\/wp-json\/wp\/v2\/product"}],"about":[{"href":"https:\/\/dev.monti.lt\/en\/wp-json\/wp\/v2\/types\/product"}],"version-history":[{"count":2,"href":"https:\/\/dev.monti.lt\/en\/wp-json\/wp\/v2\/product\/22152\/revisions"}],"predecessor-version":[{"id":22161,"href":"https:\/\/dev.monti.lt\/en\/wp-json\/wp\/v2\/product\/22152\/revisions\/22161"}],"wp:featuredmedia":[{"embeddable":true,"href":"https:\/\/dev.monti.lt\/en\/wp-json\/wp\/v2\/media\/22153"}],"wp:attachment":[{"href":"https:\/\/dev.monti.lt\/en\/wp-json\/wp\/v2\/media?parent=22152"}],"wp:term":[{"taxonomy":"product_cat","embeddable":true,"href":"https:\/\/dev.monti.lt\/en\/wp-json\/wp\/v2\/product_cat?post=22152"},{"taxonomy":"product_tag","embeddable":true,"href":"https:\/\/dev.monti.lt\/en\/wp-json\/wp\/v2\/product_tag?post=22152"}],"curies":[{"name":"wp","href":"https:\/\/api.w.org\/{rel}","templated":true}]}}