{"id":22123,"date":"2024-02-27T14:11:10","date_gmt":"2024-02-27T14:11:10","guid":{"rendered":"https:\/\/dev.monti.lt\/?post_type=product&#038;p=22123"},"modified":"2024-08-14T19:52:34","modified_gmt":"2024-08-14T19:52:34","slug":"metalofonas-krokodilas","status":"publish","type":"product","link":"https:\/\/dev.monti.lt\/en\/product\/metalofonas-krokodilas\/","title":{"rendered":"Metalofonas krokodilas"},"content":{"rendered":"<p>Spalvingas medinis muzikinis metalofonas idealiai tinka pradedan\u010diajam muzikantui.<\/p><p>Cimbolai sukurti i\u0161 a\u0161tuoni\u0173 skirting\u0173 spalv\u0173 a\u0161men\u0173.<\/p><p>\u017daisdami \u0161iuo instrumentu vaikai mokosi atpa\u017einti garsus ir teigiamai veikia j\u0173 ritmo poj\u016bt\u012f.<\/p><p>Be to, \u017eaislas skatina k\u016brybi\u0161kum\u0105 ir k\u016brybin\u012f m\u0105stym\u0105, taip pat moko kantryb\u0117s ir gerina atmint\u012f bei koncentracij\u0105.<\/p><p>A\u0161tuoni skirtingi garsai leis groti paprastas melodijas.<\/p><p>Jie puikiai tiks kaip pirmasis instrumentas j\u016bs\u0173 vaikui.<\/p><p>Instrumentas tikrai u\u017eims j\u016bs\u0173 vaik\u0105 valand\u0173 valandas ir \u012fskiepys aistr\u0105 muzikai.<\/p><p>Viskas, k\u0105 reikia daryti, tai \u0161velniai sm\u016bgiuoti metalin\u0119 plok\u0161tel\u0119 b\u016bgn\u0173 lazdel\u0117mis, kad skamb\u0117t\u0173 garsas.<\/p><p>Garso intensyvumas priklauso nuo sm\u016bgio stiprumo.<\/p><p>Puikus \u017eaislas berniukams ir mergait\u0117ms.<\/p><p>Ry\u0161kios, \u0161iltos spalvos tikrai paskatins vaik\u0105 groti.<\/p><p>\u017daislas taip pat puikiai tiks spalvoms mokytis.<\/p><p><strong>Jis puikiai tiks kaip kal\u0117din\u0117 ar gimtadienio dovana.<\/strong><\/p><p><strong>Privalumai:<\/strong><\/p><p>&#8211; pad\u0117s j\u016bs\u0173 vaikui i\u0161mokti nauj\u0173 gars\u0173 ir groti kelet\u0105 paprast\u0173 melodij\u0173;<\/p><p>&#8211; skatina akies ir rankos koordinacij\u0105;<\/p><p>&#8211; leis i\u0161mokti spalv\u0173 pavadinimus;<\/p><p>&#8211; smagiai praleisite valand\u0173 valandas.<\/p><p><strong>Rinkin\u012f sudaro:<\/strong><\/p><p>&#8211; medin\u0117 cimbolai<strong>&nbsp;<\/strong>krokodilo formos;<\/p><p>&#8211; dvi medin\u0117s lazdel\u0117s.<\/p><p>&#8211; Kortel\u0117, kurioje nurodyti keli paprasti &#8220;triukai&#8221;, kaip groti cimbolais.<\/p><p>Skirta vyresniems nei 36 m\u0117nesi\u0173 vaikams.<\/p><p><strong>Cimbol\u0173 matmenys:<\/strong>&nbsp;25 cm x 12 cm x 2 cm.<\/p><p><strong>Lazdeli\u0173 ilgis:<\/strong>&nbsp;Pale\u010di\u0173 ilgis 17 cm.<\/p><p><strong>Pakuot\u0117s matmenys:<\/strong>&nbsp;25 cm x 15 cm x 2,5 cm.<\/p>","protected":false},"excerpt":{"rendered":"<p>Spalvingas medinis muzikinis metalofonas idealiai tinka pradedan\u010diajam muzikantui. Cimbolai sukurti i\u0161 a\u0161tuoni\u0173 skirting\u0173 spalv\u0173 a\u0161men\u0173. \u017daisdami \u0161iuo instrumentu vaikai mokosi atpa\u017einti garsus ir teigiamai veikia j\u0173 ritmo poj\u016bt\u012f. Be to, \u017eaislas skatina k\u016brybi\u0161kum\u0105 ir k\u016brybin\u012f m\u0105stym\u0105, taip pat moko kantryb\u0117s ir gerina atmint\u012f bei koncentracij\u0105. A\u0161tuoni skirtingi garsai leis groti paprastas melodijas. Jie puikiai tiks [&hellip;]<\/p>","protected":false},"featured_media":22124,"template":"","meta":{"iawp_total_views":31},"product_cat":[84,85],"product_tag":[95,96,97,98],"class_list":{"0":"post-22123","1":"product","2":"type-product","3":"status-publish","4":"has-post-thumbnail","6":"product_cat-lavinamieji-zaislai","7":"product_cat-muzikiniai-zaislai","8":"product_tag-1-m-2-m","9":"product_tag-2-m-3-m","10":"product_tag-3-m-4-m","11":"product_tag-5-m-7-m","13":"first","14":"instock","15":"taxable","16":"shipping-taxable","17":"purchasable","18":"product-type-simple"},"yoast_head":"<!-- This site is optimized with the Yoast SEO plugin v23.3 - https:\/\/yoast.com\/wordpress\/plugins\/seo\/ -->\n<title>Metalofonas krokodilas - Montessori \u017eaislai<\/title>\n<meta name=\"robots\" content=\"noindex, follow, max-snippet:-1, max-image-preview:large, max-video-preview:-1\" \/>\n<meta property=\"og:locale\" content=\"en_US\" \/>\n<meta property=\"og:type\" content=\"article\" \/>\n<meta property=\"og:title\" content=\"Metalofonas krokodilas - Montessori \u017eaislai\" \/>\n<meta property=\"og:description\" content=\"Spalvingas medinis muzikinis metalofonas idealiai tinka pradedan\u010diajam muzikantui. Cimbolai sukurti i\u0161 a\u0161tuoni\u0173 skirting\u0173 spalv\u0173 a\u0161men\u0173. \u017daisdami \u0161iuo instrumentu vaikai mokosi atpa\u017einti garsus ir teigiamai veikia j\u0173 ritmo poj\u016bt\u012f. Be to, \u017eaislas skatina k\u016brybi\u0161kum\u0105 ir k\u016brybin\u012f m\u0105stym\u0105, taip pat moko kantryb\u0117s ir gerina atmint\u012f bei koncentracij\u0105. A\u0161tuoni skirtingi garsai leis groti paprastas melodijas. Jie puikiai tiks [&hellip;]\" \/>\n<meta property=\"og:url\" content=\"https:\/\/dev.monti.lt\/en\/product\/metalofonas-krokodilas\/\" \/>\n<meta property=\"og:site_name\" content=\"Montessori \u017eaislai\" \/>\n<meta property=\"article:modified_time\" content=\"2024-08-14T19:52:34+00:00\" \/>\n<meta property=\"og:image\" content=\"https:\/\/dev.monti.lt\/wp-content\/uploads\/2024\/02\/Colorful-wooden-dulcimer-for-children-crocodile-147531.jpg\" \/>\n\t<meta property=\"og:image:width\" content=\"1024\" \/>\n\t<meta property=\"og:image:height\" content=\"1024\" \/>\n\t<meta property=\"og:image:type\" content=\"image\/jpeg\" \/>\n<meta name=\"twitter:card\" content=\"summary_large_image\" \/>\n<meta name=\"twitter:label1\" content=\"Est. reading time\" \/>\n\t<meta name=\"twitter:data1\" content=\"2 minutes\" \/>\n<script type=\"application\/ld+json\" class=\"yoast-schema-graph\">{\"@context\":\"https:\/\/schema.org\",\"@graph\":[{\"@type\":\"WebPage\",\"@id\":\"https:\/\/dev.monti.lt\/product\/metalofonas-krokodilas\/\",\"url\":\"https:\/\/dev.monti.lt\/product\/metalofonas-krokodilas\/\",\"name\":\"Metalofonas krokodilas - Montessori \u017eaislai\",\"isPartOf\":{\"@id\":\"https:\/\/dev.monti.lt\/#website\"},\"primaryImageOfPage\":{\"@id\":\"https:\/\/dev.monti.lt\/product\/metalofonas-krokodilas\/#primaryimage\"},\"image\":{\"@id\":\"https:\/\/dev.monti.lt\/product\/metalofonas-krokodilas\/#primaryimage\"},\"thumbnailUrl\":\"https:\/\/dev.monti.lt\/wp-content\/uploads\/2024\/02\/Colorful-wooden-dulcimer-for-children-crocodile-147531.jpg\",\"datePublished\":\"2024-02-27T14:11:10+00:00\",\"dateModified\":\"2024-08-14T19:52:34+00:00\",\"breadcrumb\":{\"@id\":\"https:\/\/dev.monti.lt\/product\/metalofonas-krokodilas\/#breadcrumb\"},\"inLanguage\":\"en-US\",\"potentialAction\":[{\"@type\":\"ReadAction\",\"target\":[\"https:\/\/dev.monti.lt\/product\/metalofonas-krokodilas\/\"]}]},{\"@type\":\"ImageObject\",\"inLanguage\":\"en-US\",\"@id\":\"https:\/\/dev.monti.lt\/product\/metalofonas-krokodilas\/#primaryimage\",\"url\":\"https:\/\/dev.monti.lt\/wp-content\/uploads\/2024\/02\/Colorful-wooden-dulcimer-for-children-crocodile-147531.jpg\",\"contentUrl\":\"https:\/\/dev.monti.lt\/wp-content\/uploads\/2024\/02\/Colorful-wooden-dulcimer-for-children-crocodile-147531.jpg\",\"width\":1024,\"height\":1024,\"caption\":\"metalofonas\"},{\"@type\":\"BreadcrumbList\",\"@id\":\"https:\/\/dev.monti.lt\/product\/metalofonas-krokodilas\/#breadcrumb\",\"itemListElement\":[{\"@type\":\"ListItem\",\"position\":1,\"name\":\"Home\",\"item\":\"https:\/\/dev.monti.lt\/\"},{\"@type\":\"ListItem\",\"position\":2,\"name\":\"Parduotuv\u0117\",\"item\":\"https:\/\/dev.monti.lt\/shop\/\"},{\"@type\":\"ListItem\",\"position\":3,\"name\":\"Metalofonas krokodilas\"}]},{\"@type\":\"WebSite\",\"@id\":\"https:\/\/dev.monti.lt\/#website\",\"url\":\"https:\/\/dev.monti.lt\/\",\"name\":\"Montessori \u017eaislai\",\"description\":\"\",\"publisher\":{\"@id\":\"https:\/\/dev.monti.lt\/#organization\"},\"potentialAction\":[{\"@type\":\"SearchAction\",\"target\":{\"@type\":\"EntryPoint\",\"urlTemplate\":\"https:\/\/dev.monti.lt\/?s={search_term_string}\"},\"query-input\":\"required name=search_term_string\"}],\"inLanguage\":\"en-US\"},{\"@type\":\"Organization\",\"@id\":\"https:\/\/dev.monti.lt\/#organization\",\"name\":\"Montessori \u017eaislai\",\"url\":\"https:\/\/dev.monti.lt\/\",\"logo\":{\"@type\":\"ImageObject\",\"inLanguage\":\"en-US\",\"@id\":\"https:\/\/dev.monti.lt\/#\/schema\/logo\/image\/\",\"url\":\"https:\/\/dev.monti.lt\/wp-content\/uploads\/2022\/03\/montilogo-1.png\",\"contentUrl\":\"https:\/\/dev.monti.lt\/wp-content\/uploads\/2022\/03\/montilogo-1.png\",\"width\":512,\"height\":512,\"caption\":\"Montessori \u017eaislai\"},\"image\":{\"@id\":\"https:\/\/dev.monti.lt\/#\/schema\/logo\/image\/\"}}]}<\/script>\n<!-- \/ Yoast SEO plugin. -->","yoast_head_json":{"title":"Metalofonas krokodilas - Montessori \u017eaislai","robots":{"index":"noindex","follow":"follow","max-snippet":"max-snippet:-1","max-image-preview":"max-image-preview:large","max-video-preview":"max-video-preview:-1"},"og_locale":"en_US","og_type":"article","og_title":"Metalofonas krokodilas - Montessori \u017eaislai","og_description":"Spalvingas medinis muzikinis metalofonas idealiai tinka pradedan\u010diajam muzikantui. Cimbolai sukurti i\u0161 a\u0161tuoni\u0173 skirting\u0173 spalv\u0173 a\u0161men\u0173. \u017daisdami \u0161iuo instrumentu vaikai mokosi atpa\u017einti garsus ir teigiamai veikia j\u0173 ritmo poj\u016bt\u012f. Be to, \u017eaislas skatina k\u016brybi\u0161kum\u0105 ir k\u016brybin\u012f m\u0105stym\u0105, taip pat moko kantryb\u0117s ir gerina atmint\u012f bei koncentracij\u0105. A\u0161tuoni skirtingi garsai leis groti paprastas melodijas. Jie puikiai tiks [&hellip;]","og_url":"https:\/\/dev.monti.lt\/en\/product\/metalofonas-krokodilas\/","og_site_name":"Montessori \u017eaislai","article_modified_time":"2024-08-14T19:52:34+00:00","og_image":[{"width":1024,"height":1024,"url":"https:\/\/dev.monti.lt\/wp-content\/uploads\/2024\/02\/Colorful-wooden-dulcimer-for-children-crocodile-147531.jpg","type":"image\/jpeg"}],"twitter_card":"summary_large_image","twitter_misc":{"Est. reading time":"2 minutes"},"schema":{"@context":"https:\/\/schema.org","@graph":[{"@type":"WebPage","@id":"https:\/\/dev.monti.lt\/product\/metalofonas-krokodilas\/","url":"https:\/\/dev.monti.lt\/product\/metalofonas-krokodilas\/","name":"Metalofonas krokodilas - Montessori \u017eaislai","isPartOf":{"@id":"https:\/\/dev.monti.lt\/#website"},"primaryImageOfPage":{"@id":"https:\/\/dev.monti.lt\/product\/metalofonas-krokodilas\/#primaryimage"},"image":{"@id":"https:\/\/dev.monti.lt\/product\/metalofonas-krokodilas\/#primaryimage"},"thumbnailUrl":"https:\/\/dev.monti.lt\/wp-content\/uploads\/2024\/02\/Colorful-wooden-dulcimer-for-children-crocodile-147531.jpg","datePublished":"2024-02-27T14:11:10+00:00","dateModified":"2024-08-14T19:52:34+00:00","breadcrumb":{"@id":"https:\/\/dev.monti.lt\/product\/metalofonas-krokodilas\/#breadcrumb"},"inLanguage":"en-US","potentialAction":[{"@type":"ReadAction","target":["https:\/\/dev.monti.lt\/product\/metalofonas-krokodilas\/"]}]},{"@type":"ImageObject","inLanguage":"en-US","@id":"https:\/\/dev.monti.lt\/product\/metalofonas-krokodilas\/#primaryimage","url":"https:\/\/dev.monti.lt\/wp-content\/uploads\/2024\/02\/Colorful-wooden-dulcimer-for-children-crocodile-147531.jpg","contentUrl":"https:\/\/dev.monti.lt\/wp-content\/uploads\/2024\/02\/Colorful-wooden-dulcimer-for-children-crocodile-147531.jpg","width":1024,"height":1024,"caption":"metalofonas"},{"@type":"BreadcrumbList","@id":"https:\/\/dev.monti.lt\/product\/metalofonas-krokodilas\/#breadcrumb","itemListElement":[{"@type":"ListItem","position":1,"name":"Home","item":"https:\/\/dev.monti.lt\/"},{"@type":"ListItem","position":2,"name":"Parduotuv\u0117","item":"https:\/\/dev.monti.lt\/shop\/"},{"@type":"ListItem","position":3,"name":"Metalofonas krokodilas"}]},{"@type":"WebSite","@id":"https:\/\/dev.monti.lt\/#website","url":"https:\/\/dev.monti.lt\/","name":"Montessori \u017eaislai","description":"","publisher":{"@id":"https:\/\/dev.monti.lt\/#organization"},"potentialAction":[{"@type":"SearchAction","target":{"@type":"EntryPoint","urlTemplate":"https:\/\/dev.monti.lt\/?s={search_term_string}"},"query-input":"required name=search_term_string"}],"inLanguage":"en-US"},{"@type":"Organization","@id":"https:\/\/dev.monti.lt\/#organization","name":"Montessori \u017eaislai","url":"https:\/\/dev.monti.lt\/","logo":{"@type":"ImageObject","inLanguage":"en-US","@id":"https:\/\/dev.monti.lt\/#\/schema\/logo\/image\/","url":"https:\/\/dev.monti.lt\/wp-content\/uploads\/2022\/03\/montilogo-1.png","contentUrl":"https:\/\/dev.monti.lt\/wp-content\/uploads\/2022\/03\/montilogo-1.png","width":512,"height":512,"caption":"Montessori \u017eaislai"},"image":{"@id":"https:\/\/dev.monti.lt\/#\/schema\/logo\/image\/"}}]}},"_links":{"self":[{"href":"https:\/\/dev.monti.lt\/en\/wp-json\/wp\/v2\/product\/22123"}],"collection":[{"href":"https:\/\/dev.monti.lt\/en\/wp-json\/wp\/v2\/product"}],"about":[{"href":"https:\/\/dev.monti.lt\/en\/wp-json\/wp\/v2\/types\/product"}],"version-history":[{"count":1,"href":"https:\/\/dev.monti.lt\/en\/wp-json\/wp\/v2\/product\/22123\/revisions"}],"predecessor-version":[{"id":22130,"href":"https:\/\/dev.monti.lt\/en\/wp-json\/wp\/v2\/product\/22123\/revisions\/22130"}],"wp:featuredmedia":[{"embeddable":true,"href":"https:\/\/dev.monti.lt\/en\/wp-json\/wp\/v2\/media\/22124"}],"wp:attachment":[{"href":"https:\/\/dev.monti.lt\/en\/wp-json\/wp\/v2\/media?parent=22123"}],"wp:term":[{"taxonomy":"product_cat","embeddable":true,"href":"https:\/\/dev.monti.lt\/en\/wp-json\/wp\/v2\/product_cat?post=22123"},{"taxonomy":"product_tag","embeddable":true,"href":"https:\/\/dev.monti.lt\/en\/wp-json\/wp\/v2\/product_tag?post=22123"}],"curies":[{"name":"wp","href":"https:\/\/api.w.org\/{rel}","templated":true}]}}