{"id":22114,"date":"2024-02-27T14:05:34","date_gmt":"2024-02-27T14:05:34","guid":{"rendered":"https:\/\/dev.monti.lt\/?post_type=product&#038;p=22114"},"modified":"2024-09-10T09:40:07","modified_gmt":"2024-09-10T09:40:07","slug":"dvipusis-kilimelis-dramblys-gatve","status":"publish","type":"product","link":"https:\/\/dev.monti.lt\/en\/product\/dvipusis-kilimelis-dramblys-gatve\/","title":{"rendered":"Dvipusis kilim\u0117lis dramblys-gatv\u0117"},"content":{"rendered":"<p><strong>Dvipusis putplas\u010dio grind\u0173 kilim\u0117lis<\/strong>&nbsp;yra idealus vaiko kambario priedas. Juo galima&nbsp;<strong>i\u0161skirti \u017eaidim\u0173 zon\u0105<\/strong>&nbsp;ir lengviau palaikyti tvark\u0105. Kilim\u0117lis turi&nbsp;<strong>miel\u0105 grafik\u0105<\/strong>&nbsp;&#8211; vienoje jo pus\u0117je pavaizduotas peiza\u017eas su gyv\u016bnais, o kitoje &#8211; gatv\u0117, kuria vaikas gali va\u017ein\u0117ti savo \u017eaisliniais automobiliais.&nbsp;<strong>Put\u0173 kilim\u0117lis yra 1 cm storio<\/strong>, tod\u0117l apsaugo nuo \u0161alt\u0173 grind\u0173 ir taip pat neleid\u017eia skaud\u017eiai nukristi mokantis vaik\u0161\u010dioti.<\/p><p><strong>Technin\u0117s specifikacijos:<\/strong><\/p><ul class=\"wp-block-list\"><li>Med\u017eiaga: Med\u017eiaga: XPE putplastis<\/li>\n\n<li>Kilim\u0117lio matmenys: 179 cm x 198 cm x 1 cm<\/li>\n\n<li>Pakuot\u0117s matmenys: 91 cm x 40 cm x 11 cm<\/li><\/ul><p>Mokomasis kilim\u0117lis&nbsp;<strong>pagamintas i\u0161 XPE put\u0173<\/strong>, kurios pasi\u017eymi dideliu patvarumu ir turi CE sertifikat\u0105.<\/p><p>Gaminys supakuotas \u012f mai\u0161el\u012f su rankenomis.<\/p>","protected":false},"excerpt":{"rendered":"<p>Dvipusis putplas\u010dio grind\u0173 kilim\u0117lis&nbsp;yra idealus vaiko kambario priedas. Juo galima&nbsp;i\u0161skirti \u017eaidim\u0173 zon\u0105&nbsp;ir lengviau palaikyti tvark\u0105. Kilim\u0117lis turi&nbsp;miel\u0105 grafik\u0105&nbsp;&#8211; vienoje jo pus\u0117je pavaizduotas peiza\u017eas su gyv\u016bnais, o kitoje &#8211; gatv\u0117, kuria vaikas gali va\u017ein\u0117ti savo \u017eaisliniais automobiliais.&nbsp;Put\u0173 kilim\u0117lis yra 1 cm storio, tod\u0117l apsaugo nuo \u0161alt\u0173 grind\u0173 ir taip pat neleid\u017eia skaud\u017eiai nukristi mokantis vaik\u0161\u010dioti. Technin\u0117s [&hellip;]<\/p>","protected":false},"featured_media":22115,"template":"","meta":{"iawp_total_views":538},"product_cat":[82,206,39],"product_tag":[95,96,97,94],"class_list":{"0":"post-22114","1":"product","2":"type-product","3":"status-publish","4":"has-post-thumbnail","6":"product_cat-ispardavimas","7":"product_cat-lavinamieji-kilimeliai","8":"product_cat-zaislai","9":"product_tag-1-m-2-m","10":"product_tag-2-m-3-m","11":"product_tag-3-m-4-m","12":"product_tag-iki-1-m","14":"first","15":"outofstock","16":"sale","17":"taxable","18":"shipping-taxable","19":"purchasable","20":"product-type-simple"},"yoast_head":"<!-- This site is optimized with the Yoast SEO plugin v23.3 - https:\/\/yoast.com\/wordpress\/plugins\/seo\/ -->\n<title>Dvipusis kilim\u0117lis dramblys-gatv\u0117 - Montessori \u017eaislai<\/title>\n<meta name=\"robots\" content=\"noindex, follow, max-snippet:-1, max-image-preview:large, max-video-preview:-1\" \/>\n<meta property=\"og:locale\" content=\"en_US\" \/>\n<meta property=\"og:type\" content=\"article\" \/>\n<meta property=\"og:title\" content=\"Dvipusis kilim\u0117lis dramblys-gatv\u0117 - Montessori \u017eaislai\" \/>\n<meta property=\"og:description\" content=\"Dvipusis putplas\u010dio grind\u0173 kilim\u0117lis&nbsp;yra idealus vaiko kambario priedas. Juo galima&nbsp;i\u0161skirti \u017eaidim\u0173 zon\u0105&nbsp;ir lengviau palaikyti tvark\u0105. Kilim\u0117lis turi&nbsp;miel\u0105 grafik\u0105&nbsp;&#8211; vienoje jo pus\u0117je pavaizduotas peiza\u017eas su gyv\u016bnais, o kitoje &#8211; gatv\u0117, kuria vaikas gali va\u017ein\u0117ti savo \u017eaisliniais automobiliais.&nbsp;Put\u0173 kilim\u0117lis yra 1 cm storio, tod\u0117l apsaugo nuo \u0161alt\u0173 grind\u0173 ir taip pat neleid\u017eia skaud\u017eiai nukristi mokantis vaik\u0161\u010dioti. Technin\u0117s [&hellip;]\" \/>\n<meta property=\"og:url\" content=\"https:\/\/dev.monti.lt\/en\/product\/dvipusis-kilimelis-dramblys-gatve\/\" \/>\n<meta property=\"og:site_name\" content=\"Montessori \u017eaislai\" \/>\n<meta property=\"article:modified_time\" content=\"2024-09-10T09:40:07+00:00\" \/>\n<meta property=\"og:image\" content=\"https:\/\/dev.monti.lt\/wp-content\/uploads\/2024\/02\/Educational-folding-foam-mat-double-sided-179x198cm-street-forest-147808.jpg\" \/>\n\t<meta property=\"og:image:width\" content=\"1024\" \/>\n\t<meta property=\"og:image:height\" content=\"1024\" \/>\n\t<meta property=\"og:image:type\" content=\"image\/jpeg\" \/>\n<meta name=\"twitter:card\" content=\"summary_large_image\" \/>\n<meta name=\"twitter:label1\" content=\"Est. reading time\" \/>\n\t<meta name=\"twitter:data1\" content=\"1 minute\" \/>\n<script type=\"application\/ld+json\" class=\"yoast-schema-graph\">{\"@context\":\"https:\/\/schema.org\",\"@graph\":[{\"@type\":\"WebPage\",\"@id\":\"https:\/\/dev.monti.lt\/product\/dvipusis-kilimelis-dramblys-gatve\/\",\"url\":\"https:\/\/dev.monti.lt\/product\/dvipusis-kilimelis-dramblys-gatve\/\",\"name\":\"Dvipusis kilim\u0117lis dramblys-gatv\u0117 - Montessori \u017eaislai\",\"isPartOf\":{\"@id\":\"https:\/\/dev.monti.lt\/#website\"},\"primaryImageOfPage\":{\"@id\":\"https:\/\/dev.monti.lt\/product\/dvipusis-kilimelis-dramblys-gatve\/#primaryimage\"},\"image\":{\"@id\":\"https:\/\/dev.monti.lt\/product\/dvipusis-kilimelis-dramblys-gatve\/#primaryimage\"},\"thumbnailUrl\":\"https:\/\/dev.monti.lt\/wp-content\/uploads\/2024\/02\/Educational-folding-foam-mat-double-sided-179x198cm-street-forest-147808.jpg\",\"datePublished\":\"2024-02-27T14:05:34+00:00\",\"dateModified\":\"2024-09-10T09:40:07+00:00\",\"breadcrumb\":{\"@id\":\"https:\/\/dev.monti.lt\/product\/dvipusis-kilimelis-dramblys-gatve\/#breadcrumb\"},\"inLanguage\":\"en-US\",\"potentialAction\":[{\"@type\":\"ReadAction\",\"target\":[\"https:\/\/dev.monti.lt\/product\/dvipusis-kilimelis-dramblys-gatve\/\"]}]},{\"@type\":\"ImageObject\",\"inLanguage\":\"en-US\",\"@id\":\"https:\/\/dev.monti.lt\/product\/dvipusis-kilimelis-dramblys-gatve\/#primaryimage\",\"url\":\"https:\/\/dev.monti.lt\/wp-content\/uploads\/2024\/02\/Educational-folding-foam-mat-double-sided-179x198cm-street-forest-147808.jpg\",\"contentUrl\":\"https:\/\/dev.monti.lt\/wp-content\/uploads\/2024\/02\/Educational-folding-foam-mat-double-sided-179x198cm-street-forest-147808.jpg\",\"width\":1024,\"height\":1024,\"caption\":\"Lavinamasis kilim\u0117lis\"},{\"@type\":\"BreadcrumbList\",\"@id\":\"https:\/\/dev.monti.lt\/product\/dvipusis-kilimelis-dramblys-gatve\/#breadcrumb\",\"itemListElement\":[{\"@type\":\"ListItem\",\"position\":1,\"name\":\"Home\",\"item\":\"https:\/\/dev.monti.lt\/\"},{\"@type\":\"ListItem\",\"position\":2,\"name\":\"Parduotuv\u0117\",\"item\":\"https:\/\/dev.monti.lt\/shop\/\"},{\"@type\":\"ListItem\",\"position\":3,\"name\":\"Dvipusis kilim\u0117lis dramblys-gatv\u0117\"}]},{\"@type\":\"WebSite\",\"@id\":\"https:\/\/dev.monti.lt\/#website\",\"url\":\"https:\/\/dev.monti.lt\/\",\"name\":\"Montessori \u017eaislai\",\"description\":\"\",\"publisher\":{\"@id\":\"https:\/\/dev.monti.lt\/#organization\"},\"potentialAction\":[{\"@type\":\"SearchAction\",\"target\":{\"@type\":\"EntryPoint\",\"urlTemplate\":\"https:\/\/dev.monti.lt\/?s={search_term_string}\"},\"query-input\":\"required name=search_term_string\"}],\"inLanguage\":\"en-US\"},{\"@type\":\"Organization\",\"@id\":\"https:\/\/dev.monti.lt\/#organization\",\"name\":\"Montessori \u017eaislai\",\"url\":\"https:\/\/dev.monti.lt\/\",\"logo\":{\"@type\":\"ImageObject\",\"inLanguage\":\"en-US\",\"@id\":\"https:\/\/dev.monti.lt\/#\/schema\/logo\/image\/\",\"url\":\"https:\/\/dev.monti.lt\/wp-content\/uploads\/2022\/03\/montilogo-1.png\",\"contentUrl\":\"https:\/\/dev.monti.lt\/wp-content\/uploads\/2022\/03\/montilogo-1.png\",\"width\":512,\"height\":512,\"caption\":\"Montessori \u017eaislai\"},\"image\":{\"@id\":\"https:\/\/dev.monti.lt\/#\/schema\/logo\/image\/\"}}]}<\/script>\n<!-- \/ Yoast SEO plugin. -->","yoast_head_json":{"title":"Dvipusis kilim\u0117lis dramblys-gatv\u0117 - Montessori \u017eaislai","robots":{"index":"noindex","follow":"follow","max-snippet":"max-snippet:-1","max-image-preview":"max-image-preview:large","max-video-preview":"max-video-preview:-1"},"og_locale":"en_US","og_type":"article","og_title":"Dvipusis kilim\u0117lis dramblys-gatv\u0117 - Montessori \u017eaislai","og_description":"Dvipusis putplas\u010dio grind\u0173 kilim\u0117lis&nbsp;yra idealus vaiko kambario priedas. Juo galima&nbsp;i\u0161skirti \u017eaidim\u0173 zon\u0105&nbsp;ir lengviau palaikyti tvark\u0105. Kilim\u0117lis turi&nbsp;miel\u0105 grafik\u0105&nbsp;&#8211; vienoje jo pus\u0117je pavaizduotas peiza\u017eas su gyv\u016bnais, o kitoje &#8211; gatv\u0117, kuria vaikas gali va\u017ein\u0117ti savo \u017eaisliniais automobiliais.&nbsp;Put\u0173 kilim\u0117lis yra 1 cm storio, tod\u0117l apsaugo nuo \u0161alt\u0173 grind\u0173 ir taip pat neleid\u017eia skaud\u017eiai nukristi mokantis vaik\u0161\u010dioti. Technin\u0117s [&hellip;]","og_url":"https:\/\/dev.monti.lt\/en\/product\/dvipusis-kilimelis-dramblys-gatve\/","og_site_name":"Montessori \u017eaislai","article_modified_time":"2024-09-10T09:40:07+00:00","og_image":[{"width":1024,"height":1024,"url":"https:\/\/dev.monti.lt\/wp-content\/uploads\/2024\/02\/Educational-folding-foam-mat-double-sided-179x198cm-street-forest-147808.jpg","type":"image\/jpeg"}],"twitter_card":"summary_large_image","twitter_misc":{"Est. reading time":"1 minute"},"schema":{"@context":"https:\/\/schema.org","@graph":[{"@type":"WebPage","@id":"https:\/\/dev.monti.lt\/product\/dvipusis-kilimelis-dramblys-gatve\/","url":"https:\/\/dev.monti.lt\/product\/dvipusis-kilimelis-dramblys-gatve\/","name":"Dvipusis kilim\u0117lis dramblys-gatv\u0117 - Montessori \u017eaislai","isPartOf":{"@id":"https:\/\/dev.monti.lt\/#website"},"primaryImageOfPage":{"@id":"https:\/\/dev.monti.lt\/product\/dvipusis-kilimelis-dramblys-gatve\/#primaryimage"},"image":{"@id":"https:\/\/dev.monti.lt\/product\/dvipusis-kilimelis-dramblys-gatve\/#primaryimage"},"thumbnailUrl":"https:\/\/dev.monti.lt\/wp-content\/uploads\/2024\/02\/Educational-folding-foam-mat-double-sided-179x198cm-street-forest-147808.jpg","datePublished":"2024-02-27T14:05:34+00:00","dateModified":"2024-09-10T09:40:07+00:00","breadcrumb":{"@id":"https:\/\/dev.monti.lt\/product\/dvipusis-kilimelis-dramblys-gatve\/#breadcrumb"},"inLanguage":"en-US","potentialAction":[{"@type":"ReadAction","target":["https:\/\/dev.monti.lt\/product\/dvipusis-kilimelis-dramblys-gatve\/"]}]},{"@type":"ImageObject","inLanguage":"en-US","@id":"https:\/\/dev.monti.lt\/product\/dvipusis-kilimelis-dramblys-gatve\/#primaryimage","url":"https:\/\/dev.monti.lt\/wp-content\/uploads\/2024\/02\/Educational-folding-foam-mat-double-sided-179x198cm-street-forest-147808.jpg","contentUrl":"https:\/\/dev.monti.lt\/wp-content\/uploads\/2024\/02\/Educational-folding-foam-mat-double-sided-179x198cm-street-forest-147808.jpg","width":1024,"height":1024,"caption":"Lavinamasis kilim\u0117lis"},{"@type":"BreadcrumbList","@id":"https:\/\/dev.monti.lt\/product\/dvipusis-kilimelis-dramblys-gatve\/#breadcrumb","itemListElement":[{"@type":"ListItem","position":1,"name":"Home","item":"https:\/\/dev.monti.lt\/"},{"@type":"ListItem","position":2,"name":"Parduotuv\u0117","item":"https:\/\/dev.monti.lt\/shop\/"},{"@type":"ListItem","position":3,"name":"Dvipusis kilim\u0117lis dramblys-gatv\u0117"}]},{"@type":"WebSite","@id":"https:\/\/dev.monti.lt\/#website","url":"https:\/\/dev.monti.lt\/","name":"Montessori \u017eaislai","description":"","publisher":{"@id":"https:\/\/dev.monti.lt\/#organization"},"potentialAction":[{"@type":"SearchAction","target":{"@type":"EntryPoint","urlTemplate":"https:\/\/dev.monti.lt\/?s={search_term_string}"},"query-input":"required name=search_term_string"}],"inLanguage":"en-US"},{"@type":"Organization","@id":"https:\/\/dev.monti.lt\/#organization","name":"Montessori \u017eaislai","url":"https:\/\/dev.monti.lt\/","logo":{"@type":"ImageObject","inLanguage":"en-US","@id":"https:\/\/dev.monti.lt\/#\/schema\/logo\/image\/","url":"https:\/\/dev.monti.lt\/wp-content\/uploads\/2022\/03\/montilogo-1.png","contentUrl":"https:\/\/dev.monti.lt\/wp-content\/uploads\/2022\/03\/montilogo-1.png","width":512,"height":512,"caption":"Montessori \u017eaislai"},"image":{"@id":"https:\/\/dev.monti.lt\/#\/schema\/logo\/image\/"}}]}},"_links":{"self":[{"href":"https:\/\/dev.monti.lt\/en\/wp-json\/wp\/v2\/product\/22114"}],"collection":[{"href":"https:\/\/dev.monti.lt\/en\/wp-json\/wp\/v2\/product"}],"about":[{"href":"https:\/\/dev.monti.lt\/en\/wp-json\/wp\/v2\/types\/product"}],"version-history":[{"count":1,"href":"https:\/\/dev.monti.lt\/en\/wp-json\/wp\/v2\/product\/22114\/revisions"}],"predecessor-version":[{"id":22122,"href":"https:\/\/dev.monti.lt\/en\/wp-json\/wp\/v2\/product\/22114\/revisions\/22122"}],"wp:featuredmedia":[{"embeddable":true,"href":"https:\/\/dev.monti.lt\/en\/wp-json\/wp\/v2\/media\/22115"}],"wp:attachment":[{"href":"https:\/\/dev.monti.lt\/en\/wp-json\/wp\/v2\/media?parent=22114"}],"wp:term":[{"taxonomy":"product_cat","embeddable":true,"href":"https:\/\/dev.monti.lt\/en\/wp-json\/wp\/v2\/product_cat?post=22114"},{"taxonomy":"product_tag","embeddable":true,"href":"https:\/\/dev.monti.lt\/en\/wp-json\/wp\/v2\/product_tag?post=22114"}],"curies":[{"name":"wp","href":"https:\/\/api.w.org\/{rel}","templated":true}]}}