{"id":22105,"date":"2024-02-27T09:13:36","date_gmt":"2024-02-27T09:13:36","guid":{"rendered":"https:\/\/dev.monti.lt\/?post_type=product&#038;p=22105"},"modified":"2024-10-01T06:12:45","modified_gmt":"2024-10-01T06:12:45","slug":"medinis-labirintas","status":"publish","type":"product","link":"https:\/\/dev.monti.lt\/en\/product\/medinis-labirintas\/","title":{"rendered":"Medinis labirintas"},"content":{"rendered":"<p>&nbsp;<strong>\u201eClassic World\u201c&nbsp;<\/strong><strong>didel\u0117 motorin\u0117 kilpa<\/strong>&nbsp;&nbsp;skirta lavinti&nbsp; vaik\u0173&nbsp;<strong>vikrum\u0105<\/strong>&nbsp;&nbsp;ir&nbsp;&nbsp;<strong>rank\u0173 miklum\u0105<\/strong>&nbsp;&nbsp;.&nbsp;\u017daisdamas vaikas lavina form\u0173&nbsp;&nbsp;ir&nbsp;&nbsp;<strong>spalv\u0173&nbsp;<\/strong><strong>&nbsp;suvokim\u0105<\/strong>&nbsp;.&nbsp;\u017daislas moko vaik\u0105&nbsp;<strong>&nbsp;loginio m\u0105stymo<\/strong>&nbsp;ir&nbsp;&nbsp;<strong>kantryb\u0117s.&nbsp;<\/strong>Kilput\u0117 pagaminta esteti\u0161kai, tod\u0117l patraukia kiekvieno vaiko d\u0117mes\u012f.&nbsp;D\u0117l a\u0161tri\u0173 kra\u0161t\u0173 tr\u016bkumo jis puikiai tinka ma\u017eoms vaiko rankyt\u0117ms.&nbsp;Linksmyb\u0117s garantuotos!&nbsp;<strong><\/strong><strong><\/strong><strong><\/strong><\/p><p><strong>Charakteristika:<\/strong><\/p><ul class=\"wp-block-list\"><li>&#8211; Ant spalving\u0173 metalini\u0173 stryp\u0173 yra&nbsp;&nbsp;<strong>gra\u017e\u016bs mediniai karoliukai<\/strong>&nbsp;, kuriuos vaikas gali judinti bet kokiu b\u016bdu, praktikuodamas&nbsp;&nbsp;<strong>pir\u0161t\u0173 ir rank\u0173 judesi\u0173 tikslum\u0105<\/strong>&nbsp;.<\/li>\n\n<li>&#8211;&nbsp;<strong>Vaikams nuo 12 m\u0117nesi\u0173<\/strong>&nbsp;.<\/li>\n\n<li>\u2013&nbsp;<strong>Medin\u0117s stumdomos kalad\u0117l\u0117s \u2013 tai&nbsp;<\/strong><strong>su pavasario tema susij\u0119<\/strong>&nbsp;daiktai&nbsp; .<strong><\/strong><\/li>\n\n<li>&#8211; Gaminys turi&nbsp;<strong>dvi kilpas,&nbsp;<\/strong>&nbsp;kuri\u0173 kiekviena turi skirting\u0105&nbsp;<strong>&nbsp;sud\u0117tingumo lyg\u012f.<\/strong><\/li><\/ul><p><strong>\u017daislas vysto:&nbsp;<\/strong><\/p><ul class=\"wp-block-list\"><li>&#8211; vikrumas,<\/li>\n\n<li>&#8211; rankiniai \u012fg\u016bd\u017eiai,<\/li>\n\n<li>&#8211; geb\u0117jimas atskirti formas ir spalvas,<\/li>\n\n<li>&#8211; geb\u0117jimas logi\u0161kai m\u0105styti,<\/li>\n\n<li>&#8211; judesi\u0173 tikslumas.<\/li><\/ul><p><strong>Kaina nurodyta u\u017e 1 vnt.&nbsp;Spalva parinkta atsitiktinai.<\/strong><\/p><p><strong>\u201eClassic World\u201c<\/strong>&nbsp;\u017eaislai&nbsp;supa\u017eindina vaikus su nauja fantasti\u0161ko linksmybi\u0173 dimensija!&nbsp;<strong>\u201eClassic World\u201c<\/strong>&nbsp;\u2013 tai mediniai, ekologi\u0161ki \u017eaislai, kuri\u0173 tikslas ne tik linksmintis, bet ir lavinti vaik\u0173 k\u016brybi\u0161kum\u0105, ugdyti emocin\u012f jautrum\u0105, i\u0161mokyti susidraugauti.&nbsp;<strong>Atskiro pamin\u0117jimo nusipelno klasikinio pasaulio<\/strong>&nbsp;muzikiniai \u017eaislai&nbsp;&nbsp;\u2013 jie padeda ugdyti jauniausi\u0173 vaik\u0173 muzikin\u012f jautrum\u0105.<\/p>","protected":false},"excerpt":{"rendered":"<p>&nbsp;\u201eClassic World\u201c&nbsp;didel\u0117 motorin\u0117 kilpa&nbsp;&nbsp;skirta lavinti&nbsp; vaik\u0173&nbsp;vikrum\u0105&nbsp;&nbsp;ir&nbsp;&nbsp;rank\u0173 miklum\u0105&nbsp;&nbsp;.&nbsp;\u017daisdamas vaikas lavina form\u0173&nbsp;&nbsp;ir&nbsp;&nbsp;spalv\u0173&nbsp;&nbsp;suvokim\u0105&nbsp;.&nbsp;\u017daislas moko vaik\u0105&nbsp;&nbsp;loginio m\u0105stymo&nbsp;ir&nbsp;&nbsp;kantryb\u0117s.&nbsp;Kilput\u0117 pagaminta esteti\u0161kai, tod\u0117l patraukia kiekvieno vaiko d\u0117mes\u012f.&nbsp;D\u0117l a\u0161tri\u0173 kra\u0161t\u0173 tr\u016bkumo jis puikiai tinka ma\u017eoms vaiko rankyt\u0117ms.&nbsp;Linksmyb\u0117s garantuotos!&nbsp; Charakteristika: \u017daislas vysto:&nbsp; Kaina nurodyta u\u017e 1 vnt.&nbsp;Spalva parinkta atsitiktinai. \u201eClassic World\u201c&nbsp;\u017eaislai&nbsp;supa\u017eindina vaikus su nauja fantasti\u0161ko linksmybi\u0173 dimensija!&nbsp;\u201eClassic World\u201c&nbsp;\u2013 tai mediniai, ekologi\u0161ki \u017eaislai, kuri\u0173 tikslas [&hellip;]<\/p>","protected":false},"featured_media":22106,"template":"","meta":{"iawp_total_views":29},"product_cat":[84,102,86,49,39],"product_tag":[95,96,97],"class_list":{"0":"post-22105","1":"product","2":"type-product","3":"status-publish","4":"has-post-thumbnail","6":"product_cat-lavinamieji-zaislai","7":"product_cat-mediniai-zaislai","8":"product_cat-smulkioji-motorika","9":"product_cat-visi-zaislai","10":"product_cat-zaislai","11":"product_tag-1-m-2-m","12":"product_tag-2-m-3-m","13":"product_tag-3-m-4-m","15":"first","16":"instock","17":"taxable","18":"shipping-taxable","19":"purchasable","20":"product-type-simple"},"yoast_head":"<!-- This site is optimized with the Yoast SEO plugin v23.3 - https:\/\/yoast.com\/wordpress\/plugins\/seo\/ -->\n<title>Medinis labirintas - Montessori \u017eaislai<\/title>\n<meta name=\"robots\" content=\"noindex, follow, max-snippet:-1, max-image-preview:large, max-video-preview:-1\" \/>\n<meta property=\"og:locale\" content=\"en_US\" \/>\n<meta property=\"og:type\" content=\"article\" \/>\n<meta property=\"og:title\" content=\"Medinis labirintas - Montessori \u017eaislai\" \/>\n<meta property=\"og:description\" content=\"&nbsp;\u201eClassic World\u201c&nbsp;didel\u0117 motorin\u0117 kilpa&nbsp;&nbsp;skirta lavinti&nbsp; vaik\u0173&nbsp;vikrum\u0105&nbsp;&nbsp;ir&nbsp;&nbsp;rank\u0173 miklum\u0105&nbsp;&nbsp;.&nbsp;\u017daisdamas vaikas lavina form\u0173&nbsp;&nbsp;ir&nbsp;&nbsp;spalv\u0173&nbsp;&nbsp;suvokim\u0105&nbsp;.&nbsp;\u017daislas moko vaik\u0105&nbsp;&nbsp;loginio m\u0105stymo&nbsp;ir&nbsp;&nbsp;kantryb\u0117s.&nbsp;Kilput\u0117 pagaminta esteti\u0161kai, tod\u0117l patraukia kiekvieno vaiko d\u0117mes\u012f.&nbsp;D\u0117l a\u0161tri\u0173 kra\u0161t\u0173 tr\u016bkumo jis puikiai tinka ma\u017eoms vaiko rankyt\u0117ms.&nbsp;Linksmyb\u0117s garantuotos!&nbsp; Charakteristika: \u017daislas vysto:&nbsp; Kaina nurodyta u\u017e 1 vnt.&nbsp;Spalva parinkta atsitiktinai. \u201eClassic World\u201c&nbsp;\u017eaislai&nbsp;supa\u017eindina vaikus su nauja fantasti\u0161ko linksmybi\u0173 dimensija!&nbsp;\u201eClassic World\u201c&nbsp;\u2013 tai mediniai, ekologi\u0161ki \u017eaislai, kuri\u0173 tikslas [&hellip;]\" \/>\n<meta property=\"og:url\" content=\"https:\/\/dev.monti.lt\/en\/product\/medinis-labirintas\/\" \/>\n<meta property=\"og:site_name\" content=\"Montessori \u017eaislai\" \/>\n<meta property=\"article:modified_time\" content=\"2024-10-01T06:12:45+00:00\" \/>\n<meta property=\"og:image\" content=\"https:\/\/dev.monti.lt\/wp-content\/uploads\/2024\/02\/classic-world-petla-motoryczna-logiczna-przeplatanka-edukacyjna-labirynt-dla-dzieci-1-szt.jpg\" \/>\n\t<meta property=\"og:image:width\" content=\"800\" \/>\n\t<meta property=\"og:image:height\" content=\"800\" \/>\n\t<meta property=\"og:image:type\" content=\"image\/jpeg\" \/>\n<meta name=\"twitter:card\" content=\"summary_large_image\" \/>\n<meta name=\"twitter:label1\" content=\"Est. reading time\" \/>\n\t<meta name=\"twitter:data1\" content=\"2 minutes\" \/>\n<script type=\"application\/ld+json\" class=\"yoast-schema-graph\">{\"@context\":\"https:\/\/schema.org\",\"@graph\":[{\"@type\":\"WebPage\",\"@id\":\"https:\/\/dev.monti.lt\/product\/medinis-labirintas\/\",\"url\":\"https:\/\/dev.monti.lt\/product\/medinis-labirintas\/\",\"name\":\"Medinis labirintas - Montessori \u017eaislai\",\"isPartOf\":{\"@id\":\"https:\/\/dev.monti.lt\/#website\"},\"primaryImageOfPage\":{\"@id\":\"https:\/\/dev.monti.lt\/product\/medinis-labirintas\/#primaryimage\"},\"image\":{\"@id\":\"https:\/\/dev.monti.lt\/product\/medinis-labirintas\/#primaryimage\"},\"thumbnailUrl\":\"https:\/\/dev.monti.lt\/wp-content\/uploads\/2024\/02\/classic-world-petla-motoryczna-logiczna-przeplatanka-edukacyjna-labirynt-dla-dzieci-1-szt.jpg\",\"datePublished\":\"2024-02-27T09:13:36+00:00\",\"dateModified\":\"2024-10-01T06:12:45+00:00\",\"breadcrumb\":{\"@id\":\"https:\/\/dev.monti.lt\/product\/medinis-labirintas\/#breadcrumb\"},\"inLanguage\":\"en-US\",\"potentialAction\":[{\"@type\":\"ReadAction\",\"target\":[\"https:\/\/dev.monti.lt\/product\/medinis-labirintas\/\"]}]},{\"@type\":\"ImageObject\",\"inLanguage\":\"en-US\",\"@id\":\"https:\/\/dev.monti.lt\/product\/medinis-labirintas\/#primaryimage\",\"url\":\"https:\/\/dev.monti.lt\/wp-content\/uploads\/2024\/02\/classic-world-petla-motoryczna-logiczna-przeplatanka-edukacyjna-labirynt-dla-dzieci-1-szt.jpg\",\"contentUrl\":\"https:\/\/dev.monti.lt\/wp-content\/uploads\/2024\/02\/classic-world-petla-motoryczna-logiczna-przeplatanka-edukacyjna-labirynt-dla-dzieci-1-szt.jpg\",\"width\":800,\"height\":800},{\"@type\":\"BreadcrumbList\",\"@id\":\"https:\/\/dev.monti.lt\/product\/medinis-labirintas\/#breadcrumb\",\"itemListElement\":[{\"@type\":\"ListItem\",\"position\":1,\"name\":\"Home\",\"item\":\"https:\/\/dev.monti.lt\/\"},{\"@type\":\"ListItem\",\"position\":2,\"name\":\"Parduotuv\u0117\",\"item\":\"https:\/\/dev.monti.lt\/shop\/\"},{\"@type\":\"ListItem\",\"position\":3,\"name\":\"Medinis labirintas\"}]},{\"@type\":\"WebSite\",\"@id\":\"https:\/\/dev.monti.lt\/#website\",\"url\":\"https:\/\/dev.monti.lt\/\",\"name\":\"Montessori \u017eaislai\",\"description\":\"\",\"publisher\":{\"@id\":\"https:\/\/dev.monti.lt\/#organization\"},\"potentialAction\":[{\"@type\":\"SearchAction\",\"target\":{\"@type\":\"EntryPoint\",\"urlTemplate\":\"https:\/\/dev.monti.lt\/?s={search_term_string}\"},\"query-input\":\"required name=search_term_string\"}],\"inLanguage\":\"en-US\"},{\"@type\":\"Organization\",\"@id\":\"https:\/\/dev.monti.lt\/#organization\",\"name\":\"Montessori \u017eaislai\",\"url\":\"https:\/\/dev.monti.lt\/\",\"logo\":{\"@type\":\"ImageObject\",\"inLanguage\":\"en-US\",\"@id\":\"https:\/\/dev.monti.lt\/#\/schema\/logo\/image\/\",\"url\":\"https:\/\/dev.monti.lt\/wp-content\/uploads\/2022\/03\/montilogo-1.png\",\"contentUrl\":\"https:\/\/dev.monti.lt\/wp-content\/uploads\/2022\/03\/montilogo-1.png\",\"width\":512,\"height\":512,\"caption\":\"Montessori \u017eaislai\"},\"image\":{\"@id\":\"https:\/\/dev.monti.lt\/#\/schema\/logo\/image\/\"}}]}<\/script>\n<!-- \/ Yoast SEO plugin. -->","yoast_head_json":{"title":"Medinis labirintas - Montessori \u017eaislai","robots":{"index":"noindex","follow":"follow","max-snippet":"max-snippet:-1","max-image-preview":"max-image-preview:large","max-video-preview":"max-video-preview:-1"},"og_locale":"en_US","og_type":"article","og_title":"Medinis labirintas - Montessori \u017eaislai","og_description":"&nbsp;\u201eClassic World\u201c&nbsp;didel\u0117 motorin\u0117 kilpa&nbsp;&nbsp;skirta lavinti&nbsp; vaik\u0173&nbsp;vikrum\u0105&nbsp;&nbsp;ir&nbsp;&nbsp;rank\u0173 miklum\u0105&nbsp;&nbsp;.&nbsp;\u017daisdamas vaikas lavina form\u0173&nbsp;&nbsp;ir&nbsp;&nbsp;spalv\u0173&nbsp;&nbsp;suvokim\u0105&nbsp;.&nbsp;\u017daislas moko vaik\u0105&nbsp;&nbsp;loginio m\u0105stymo&nbsp;ir&nbsp;&nbsp;kantryb\u0117s.&nbsp;Kilput\u0117 pagaminta esteti\u0161kai, tod\u0117l patraukia kiekvieno vaiko d\u0117mes\u012f.&nbsp;D\u0117l a\u0161tri\u0173 kra\u0161t\u0173 tr\u016bkumo jis puikiai tinka ma\u017eoms vaiko rankyt\u0117ms.&nbsp;Linksmyb\u0117s garantuotos!&nbsp; Charakteristika: \u017daislas vysto:&nbsp; Kaina nurodyta u\u017e 1 vnt.&nbsp;Spalva parinkta atsitiktinai. \u201eClassic World\u201c&nbsp;\u017eaislai&nbsp;supa\u017eindina vaikus su nauja fantasti\u0161ko linksmybi\u0173 dimensija!&nbsp;\u201eClassic World\u201c&nbsp;\u2013 tai mediniai, ekologi\u0161ki \u017eaislai, kuri\u0173 tikslas [&hellip;]","og_url":"https:\/\/dev.monti.lt\/en\/product\/medinis-labirintas\/","og_site_name":"Montessori \u017eaislai","article_modified_time":"2024-10-01T06:12:45+00:00","og_image":[{"width":800,"height":800,"url":"https:\/\/dev.monti.lt\/wp-content\/uploads\/2024\/02\/classic-world-petla-motoryczna-logiczna-przeplatanka-edukacyjna-labirynt-dla-dzieci-1-szt.jpg","type":"image\/jpeg"}],"twitter_card":"summary_large_image","twitter_misc":{"Est. reading time":"2 minutes"},"schema":{"@context":"https:\/\/schema.org","@graph":[{"@type":"WebPage","@id":"https:\/\/dev.monti.lt\/product\/medinis-labirintas\/","url":"https:\/\/dev.monti.lt\/product\/medinis-labirintas\/","name":"Medinis labirintas - Montessori \u017eaislai","isPartOf":{"@id":"https:\/\/dev.monti.lt\/#website"},"primaryImageOfPage":{"@id":"https:\/\/dev.monti.lt\/product\/medinis-labirintas\/#primaryimage"},"image":{"@id":"https:\/\/dev.monti.lt\/product\/medinis-labirintas\/#primaryimage"},"thumbnailUrl":"https:\/\/dev.monti.lt\/wp-content\/uploads\/2024\/02\/classic-world-petla-motoryczna-logiczna-przeplatanka-edukacyjna-labirynt-dla-dzieci-1-szt.jpg","datePublished":"2024-02-27T09:13:36+00:00","dateModified":"2024-10-01T06:12:45+00:00","breadcrumb":{"@id":"https:\/\/dev.monti.lt\/product\/medinis-labirintas\/#breadcrumb"},"inLanguage":"en-US","potentialAction":[{"@type":"ReadAction","target":["https:\/\/dev.monti.lt\/product\/medinis-labirintas\/"]}]},{"@type":"ImageObject","inLanguage":"en-US","@id":"https:\/\/dev.monti.lt\/product\/medinis-labirintas\/#primaryimage","url":"https:\/\/dev.monti.lt\/wp-content\/uploads\/2024\/02\/classic-world-petla-motoryczna-logiczna-przeplatanka-edukacyjna-labirynt-dla-dzieci-1-szt.jpg","contentUrl":"https:\/\/dev.monti.lt\/wp-content\/uploads\/2024\/02\/classic-world-petla-motoryczna-logiczna-przeplatanka-edukacyjna-labirynt-dla-dzieci-1-szt.jpg","width":800,"height":800},{"@type":"BreadcrumbList","@id":"https:\/\/dev.monti.lt\/product\/medinis-labirintas\/#breadcrumb","itemListElement":[{"@type":"ListItem","position":1,"name":"Home","item":"https:\/\/dev.monti.lt\/"},{"@type":"ListItem","position":2,"name":"Parduotuv\u0117","item":"https:\/\/dev.monti.lt\/shop\/"},{"@type":"ListItem","position":3,"name":"Medinis labirintas"}]},{"@type":"WebSite","@id":"https:\/\/dev.monti.lt\/#website","url":"https:\/\/dev.monti.lt\/","name":"Montessori \u017eaislai","description":"","publisher":{"@id":"https:\/\/dev.monti.lt\/#organization"},"potentialAction":[{"@type":"SearchAction","target":{"@type":"EntryPoint","urlTemplate":"https:\/\/dev.monti.lt\/?s={search_term_string}"},"query-input":"required name=search_term_string"}],"inLanguage":"en-US"},{"@type":"Organization","@id":"https:\/\/dev.monti.lt\/#organization","name":"Montessori \u017eaislai","url":"https:\/\/dev.monti.lt\/","logo":{"@type":"ImageObject","inLanguage":"en-US","@id":"https:\/\/dev.monti.lt\/#\/schema\/logo\/image\/","url":"https:\/\/dev.monti.lt\/wp-content\/uploads\/2022\/03\/montilogo-1.png","contentUrl":"https:\/\/dev.monti.lt\/wp-content\/uploads\/2022\/03\/montilogo-1.png","width":512,"height":512,"caption":"Montessori \u017eaislai"},"image":{"@id":"https:\/\/dev.monti.lt\/#\/schema\/logo\/image\/"}}]}},"_links":{"self":[{"href":"https:\/\/dev.monti.lt\/en\/wp-json\/wp\/v2\/product\/22105"}],"collection":[{"href":"https:\/\/dev.monti.lt\/en\/wp-json\/wp\/v2\/product"}],"about":[{"href":"https:\/\/dev.monti.lt\/en\/wp-json\/wp\/v2\/types\/product"}],"version-history":[{"count":1,"href":"https:\/\/dev.monti.lt\/en\/wp-json\/wp\/v2\/product\/22105\/revisions"}],"predecessor-version":[{"id":22108,"href":"https:\/\/dev.monti.lt\/en\/wp-json\/wp\/v2\/product\/22105\/revisions\/22108"}],"wp:featuredmedia":[{"embeddable":true,"href":"https:\/\/dev.monti.lt\/en\/wp-json\/wp\/v2\/media\/22106"}],"wp:attachment":[{"href":"https:\/\/dev.monti.lt\/en\/wp-json\/wp\/v2\/media?parent=22105"}],"wp:term":[{"taxonomy":"product_cat","embeddable":true,"href":"https:\/\/dev.monti.lt\/en\/wp-json\/wp\/v2\/product_cat?post=22105"},{"taxonomy":"product_tag","embeddable":true,"href":"https:\/\/dev.monti.lt\/en\/wp-json\/wp\/v2\/product_tag?post=22105"}],"curies":[{"name":"wp","href":"https:\/\/api.w.org\/{rel}","templated":true}]}}