{"id":21966,"date":"2024-02-13T09:15:34","date_gmt":"2024-02-13T09:15:34","guid":{"rendered":"https:\/\/dev.monti.lt\/?post_type=product&#038;p=21966"},"modified":"2024-10-02T10:06:50","modified_gmt":"2024-10-02T10:06:50","slug":"svieciancios-lazdeles-su-jungtimis-100-vnt","status":"publish","type":"product","link":"https:\/\/dev.monti.lt\/en\/product\/svieciancios-lazdeles-su-jungtimis-100-vnt\/","title":{"rendered":"\u0160vie\u010dian\u010dios lazdel\u0117s su jungtimis, 100 vnt."},"content":{"rendered":"<p>\u0160vie\u010dian\u010dios fluorescencin\u0117s apyrank\u0117s &#8211; puikus aksesuaras vaik\u0173 ir suaugusi\u0173j\u0173 vakar\u0117liams ir \u017eaidimams.<\/p><p>\u2705\u012e RINKIN\u012e \u012eEINA:<br>100 chemini\u0173 lazdeli\u0173, kurias tinkamai sulau\u017eius sukuriamas nuostabus fluorescencinis \u0161vyt\u0117jimo efektas (6 spalvos)<br>100 jung\u010di\u0173<br>laikymo d\u0117\u017eut\u0117<\/p>","protected":false},"excerpt":{"rendered":"<p>\u0160vie\u010dian\u010dios fluorescencin\u0117s apyrank\u0117s &#8211; puikus aksesuaras vaik\u0173 ir suaugusi\u0173j\u0173 vakar\u0117liams ir \u017eaidimams. \u2705\u012e RINKIN\u012e \u012eEINA:100 chemini\u0173 lazdeli\u0173, kurias tinkamai sulau\u017eius sukuriamas nuostabus fluorescencinis \u0161vyt\u0117jimo efektas (6 spalvos)100 jung\u010di\u0173laikymo d\u0117\u017eut\u0117<\/p>","protected":false},"featured_media":21967,"template":"","meta":{"iawp_total_views":10},"product_cat":[213,82,81,87,84,39,201],"product_tag":[97,98,99],"class_list":{"0":"post-21966","1":"product","2":"type-product","3":"status-publish","4":"has-post-thumbnail","6":"product_cat-akcija","7":"product_cat-ispardavimas","8":"product_cat-kiti-zaislai","9":"product_cat-kurybiniai-rinkiniai","10":"product_cat-lavinamieji-zaislai","11":"product_cat-zaislai","12":"product_cat-zaislai-kelioneje","13":"product_tag-3-m-4-m","14":"product_tag-5-m-7-m","15":"product_tag-8-m-11-m","17":"first","18":"instock","19":"sale","20":"taxable","21":"shipping-taxable","22":"purchasable","23":"product-type-simple"},"yoast_head":"<!-- This site is optimized with the Yoast SEO plugin v23.3 - https:\/\/yoast.com\/wordpress\/plugins\/seo\/ -->\n<title>\u0160vie\u010dian\u010dios lazdel\u0117s su jungtimis, 100 vnt. - Montessori \u017eaislai<\/title>\n<meta name=\"robots\" content=\"noindex, follow, max-snippet:-1, max-image-preview:large, max-video-preview:-1\" \/>\n<meta property=\"og:locale\" content=\"en_US\" \/>\n<meta property=\"og:type\" content=\"article\" \/>\n<meta property=\"og:title\" content=\"\u0160vie\u010dian\u010dios lazdel\u0117s su jungtimis, 100 vnt. - Montessori \u017eaislai\" \/>\n<meta property=\"og:description\" content=\"\u0160vie\u010dian\u010dios fluorescencin\u0117s apyrank\u0117s &#8211; puikus aksesuaras vaik\u0173 ir suaugusi\u0173j\u0173 vakar\u0117liams ir \u017eaidimams. \u2705\u012e RINKIN\u012e \u012eEINA:100 chemini\u0173 lazdeli\u0173, kurias tinkamai sulau\u017eius sukuriamas nuostabus fluorescencinis \u0161vyt\u0117jimo efektas (6 spalvos)100 jung\u010di\u0173laikymo d\u0117\u017eut\u0117\" \/>\n<meta property=\"og:url\" content=\"https:\/\/dev.monti.lt\/en\/product\/svieciancios-lazdeles-su-jungtimis-100-vnt\/\" \/>\n<meta property=\"og:site_name\" content=\"Montessori \u017eaislai\" \/>\n<meta property=\"article:modified_time\" content=\"2024-10-02T10:06:50+00:00\" \/>\n<meta property=\"og:image\" content=\"https:\/\/dev.monti.lt\/wp-content\/uploads\/2024\/02\/swiecace-bransoletki-fluorescencyjne-opaski-swiatlo-chemiczne-100-paleczki.webp\" \/>\n\t<meta property=\"og:image:width\" content=\"800\" \/>\n\t<meta property=\"og:image:height\" content=\"800\" \/>\n\t<meta property=\"og:image:type\" content=\"image\/webp\" \/>\n<meta name=\"twitter:card\" content=\"summary_large_image\" \/>\n<meta name=\"twitter:label1\" content=\"Est. reading time\" \/>\n\t<meta name=\"twitter:data1\" content=\"1 minute\" \/>\n<script type=\"application\/ld+json\" class=\"yoast-schema-graph\">{\"@context\":\"https:\/\/schema.org\",\"@graph\":[{\"@type\":\"WebPage\",\"@id\":\"https:\/\/dev.monti.lt\/product\/svieciancios-lazdeles-su-jungtimis-100-vnt\/\",\"url\":\"https:\/\/dev.monti.lt\/product\/svieciancios-lazdeles-su-jungtimis-100-vnt\/\",\"name\":\"\u0160vie\u010dian\u010dios lazdel\u0117s su jungtimis, 100 vnt. - Montessori \u017eaislai\",\"isPartOf\":{\"@id\":\"https:\/\/dev.monti.lt\/#website\"},\"primaryImageOfPage\":{\"@id\":\"https:\/\/dev.monti.lt\/product\/svieciancios-lazdeles-su-jungtimis-100-vnt\/#primaryimage\"},\"image\":{\"@id\":\"https:\/\/dev.monti.lt\/product\/svieciancios-lazdeles-su-jungtimis-100-vnt\/#primaryimage\"},\"thumbnailUrl\":\"https:\/\/dev.monti.lt\/wp-content\/uploads\/2024\/02\/swiecace-bransoletki-fluorescencyjne-opaski-swiatlo-chemiczne-100-paleczki.webp\",\"datePublished\":\"2024-02-13T09:15:34+00:00\",\"dateModified\":\"2024-10-02T10:06:50+00:00\",\"breadcrumb\":{\"@id\":\"https:\/\/dev.monti.lt\/product\/svieciancios-lazdeles-su-jungtimis-100-vnt\/#breadcrumb\"},\"inLanguage\":\"en-US\",\"potentialAction\":[{\"@type\":\"ReadAction\",\"target\":[\"https:\/\/dev.monti.lt\/product\/svieciancios-lazdeles-su-jungtimis-100-vnt\/\"]}]},{\"@type\":\"ImageObject\",\"inLanguage\":\"en-US\",\"@id\":\"https:\/\/dev.monti.lt\/product\/svieciancios-lazdeles-su-jungtimis-100-vnt\/#primaryimage\",\"url\":\"https:\/\/dev.monti.lt\/wp-content\/uploads\/2024\/02\/swiecace-bransoletki-fluorescencyjne-opaski-swiatlo-chemiczne-100-paleczki.webp\",\"contentUrl\":\"https:\/\/dev.monti.lt\/wp-content\/uploads\/2024\/02\/swiecace-bransoletki-fluorescencyjne-opaski-swiatlo-chemiczne-100-paleczki.webp\",\"width\":800,\"height\":800,\"caption\":\"svieciancios apyrankes\"},{\"@type\":\"BreadcrumbList\",\"@id\":\"https:\/\/dev.monti.lt\/product\/svieciancios-lazdeles-su-jungtimis-100-vnt\/#breadcrumb\",\"itemListElement\":[{\"@type\":\"ListItem\",\"position\":1,\"name\":\"Home\",\"item\":\"https:\/\/dev.monti.lt\/\"},{\"@type\":\"ListItem\",\"position\":2,\"name\":\"Parduotuv\u0117\",\"item\":\"https:\/\/dev.monti.lt\/shop\/\"},{\"@type\":\"ListItem\",\"position\":3,\"name\":\"\u0160vie\u010dian\u010dios lazdel\u0117s su jungtimis, 100 vnt.\"}]},{\"@type\":\"WebSite\",\"@id\":\"https:\/\/dev.monti.lt\/#website\",\"url\":\"https:\/\/dev.monti.lt\/\",\"name\":\"Montessori \u017eaislai\",\"description\":\"\",\"publisher\":{\"@id\":\"https:\/\/dev.monti.lt\/#organization\"},\"potentialAction\":[{\"@type\":\"SearchAction\",\"target\":{\"@type\":\"EntryPoint\",\"urlTemplate\":\"https:\/\/dev.monti.lt\/?s={search_term_string}\"},\"query-input\":\"required name=search_term_string\"}],\"inLanguage\":\"en-US\"},{\"@type\":\"Organization\",\"@id\":\"https:\/\/dev.monti.lt\/#organization\",\"name\":\"Montessori \u017eaislai\",\"url\":\"https:\/\/dev.monti.lt\/\",\"logo\":{\"@type\":\"ImageObject\",\"inLanguage\":\"en-US\",\"@id\":\"https:\/\/dev.monti.lt\/#\/schema\/logo\/image\/\",\"url\":\"https:\/\/dev.monti.lt\/wp-content\/uploads\/2022\/03\/montilogo-1.png\",\"contentUrl\":\"https:\/\/dev.monti.lt\/wp-content\/uploads\/2022\/03\/montilogo-1.png\",\"width\":512,\"height\":512,\"caption\":\"Montessori \u017eaislai\"},\"image\":{\"@id\":\"https:\/\/dev.monti.lt\/#\/schema\/logo\/image\/\"}}]}<\/script>\n<!-- \/ Yoast SEO plugin. -->","yoast_head_json":{"title":"\u0160vie\u010dian\u010dios lazdel\u0117s su jungtimis, 100 vnt. - Montessori \u017eaislai","robots":{"index":"noindex","follow":"follow","max-snippet":"max-snippet:-1","max-image-preview":"max-image-preview:large","max-video-preview":"max-video-preview:-1"},"og_locale":"en_US","og_type":"article","og_title":"\u0160vie\u010dian\u010dios lazdel\u0117s su jungtimis, 100 vnt. - Montessori \u017eaislai","og_description":"\u0160vie\u010dian\u010dios fluorescencin\u0117s apyrank\u0117s &#8211; puikus aksesuaras vaik\u0173 ir suaugusi\u0173j\u0173 vakar\u0117liams ir \u017eaidimams. \u2705\u012e RINKIN\u012e \u012eEINA:100 chemini\u0173 lazdeli\u0173, kurias tinkamai sulau\u017eius sukuriamas nuostabus fluorescencinis \u0161vyt\u0117jimo efektas (6 spalvos)100 jung\u010di\u0173laikymo d\u0117\u017eut\u0117","og_url":"https:\/\/dev.monti.lt\/en\/product\/svieciancios-lazdeles-su-jungtimis-100-vnt\/","og_site_name":"Montessori \u017eaislai","article_modified_time":"2024-10-02T10:06:50+00:00","og_image":[{"width":800,"height":800,"url":"https:\/\/dev.monti.lt\/wp-content\/uploads\/2024\/02\/swiecace-bransoletki-fluorescencyjne-opaski-swiatlo-chemiczne-100-paleczki.webp","type":"image\/webp"}],"twitter_card":"summary_large_image","twitter_misc":{"Est. reading time":"1 minute"},"schema":{"@context":"https:\/\/schema.org","@graph":[{"@type":"WebPage","@id":"https:\/\/dev.monti.lt\/product\/svieciancios-lazdeles-su-jungtimis-100-vnt\/","url":"https:\/\/dev.monti.lt\/product\/svieciancios-lazdeles-su-jungtimis-100-vnt\/","name":"\u0160vie\u010dian\u010dios lazdel\u0117s su jungtimis, 100 vnt. - Montessori \u017eaislai","isPartOf":{"@id":"https:\/\/dev.monti.lt\/#website"},"primaryImageOfPage":{"@id":"https:\/\/dev.monti.lt\/product\/svieciancios-lazdeles-su-jungtimis-100-vnt\/#primaryimage"},"image":{"@id":"https:\/\/dev.monti.lt\/product\/svieciancios-lazdeles-su-jungtimis-100-vnt\/#primaryimage"},"thumbnailUrl":"https:\/\/dev.monti.lt\/wp-content\/uploads\/2024\/02\/swiecace-bransoletki-fluorescencyjne-opaski-swiatlo-chemiczne-100-paleczki.webp","datePublished":"2024-02-13T09:15:34+00:00","dateModified":"2024-10-02T10:06:50+00:00","breadcrumb":{"@id":"https:\/\/dev.monti.lt\/product\/svieciancios-lazdeles-su-jungtimis-100-vnt\/#breadcrumb"},"inLanguage":"en-US","potentialAction":[{"@type":"ReadAction","target":["https:\/\/dev.monti.lt\/product\/svieciancios-lazdeles-su-jungtimis-100-vnt\/"]}]},{"@type":"ImageObject","inLanguage":"en-US","@id":"https:\/\/dev.monti.lt\/product\/svieciancios-lazdeles-su-jungtimis-100-vnt\/#primaryimage","url":"https:\/\/dev.monti.lt\/wp-content\/uploads\/2024\/02\/swiecace-bransoletki-fluorescencyjne-opaski-swiatlo-chemiczne-100-paleczki.webp","contentUrl":"https:\/\/dev.monti.lt\/wp-content\/uploads\/2024\/02\/swiecace-bransoletki-fluorescencyjne-opaski-swiatlo-chemiczne-100-paleczki.webp","width":800,"height":800,"caption":"svieciancios apyrankes"},{"@type":"BreadcrumbList","@id":"https:\/\/dev.monti.lt\/product\/svieciancios-lazdeles-su-jungtimis-100-vnt\/#breadcrumb","itemListElement":[{"@type":"ListItem","position":1,"name":"Home","item":"https:\/\/dev.monti.lt\/"},{"@type":"ListItem","position":2,"name":"Parduotuv\u0117","item":"https:\/\/dev.monti.lt\/shop\/"},{"@type":"ListItem","position":3,"name":"\u0160vie\u010dian\u010dios lazdel\u0117s su jungtimis, 100 vnt."}]},{"@type":"WebSite","@id":"https:\/\/dev.monti.lt\/#website","url":"https:\/\/dev.monti.lt\/","name":"Montessori \u017eaislai","description":"","publisher":{"@id":"https:\/\/dev.monti.lt\/#organization"},"potentialAction":[{"@type":"SearchAction","target":{"@type":"EntryPoint","urlTemplate":"https:\/\/dev.monti.lt\/?s={search_term_string}"},"query-input":"required name=search_term_string"}],"inLanguage":"en-US"},{"@type":"Organization","@id":"https:\/\/dev.monti.lt\/#organization","name":"Montessori \u017eaislai","url":"https:\/\/dev.monti.lt\/","logo":{"@type":"ImageObject","inLanguage":"en-US","@id":"https:\/\/dev.monti.lt\/#\/schema\/logo\/image\/","url":"https:\/\/dev.monti.lt\/wp-content\/uploads\/2022\/03\/montilogo-1.png","contentUrl":"https:\/\/dev.monti.lt\/wp-content\/uploads\/2022\/03\/montilogo-1.png","width":512,"height":512,"caption":"Montessori \u017eaislai"},"image":{"@id":"https:\/\/dev.monti.lt\/#\/schema\/logo\/image\/"}}]}},"_links":{"self":[{"href":"https:\/\/dev.monti.lt\/en\/wp-json\/wp\/v2\/product\/21966"}],"collection":[{"href":"https:\/\/dev.monti.lt\/en\/wp-json\/wp\/v2\/product"}],"about":[{"href":"https:\/\/dev.monti.lt\/en\/wp-json\/wp\/v2\/types\/product"}],"version-history":[{"count":1,"href":"https:\/\/dev.monti.lt\/en\/wp-json\/wp\/v2\/product\/21966\/revisions"}],"predecessor-version":[{"id":21972,"href":"https:\/\/dev.monti.lt\/en\/wp-json\/wp\/v2\/product\/21966\/revisions\/21972"}],"wp:featuredmedia":[{"embeddable":true,"href":"https:\/\/dev.monti.lt\/en\/wp-json\/wp\/v2\/media\/21967"}],"wp:attachment":[{"href":"https:\/\/dev.monti.lt\/en\/wp-json\/wp\/v2\/media?parent=21966"}],"wp:term":[{"taxonomy":"product_cat","embeddable":true,"href":"https:\/\/dev.monti.lt\/en\/wp-json\/wp\/v2\/product_cat?post=21966"},{"taxonomy":"product_tag","embeddable":true,"href":"https:\/\/dev.monti.lt\/en\/wp-json\/wp\/v2\/product_tag?post=21966"}],"curies":[{"name":"wp","href":"https:\/\/api.w.org\/{rel}","templated":true}]}}