{"id":21963,"date":"2024-02-13T08:35:36","date_gmt":"2024-02-13T08:35:36","guid":{"rendered":"https:\/\/dev.monti.lt\/?post_type=product&#038;p=21963"},"modified":"2024-10-02T10:07:31","modified_gmt":"2024-10-02T10:07:31","slug":"nuplaunami-flomasteriai-20-vnt","status":"publish","type":"product","link":"https:\/\/dev.monti.lt\/en\/product\/nuplaunami-flomasteriai-20-vnt\/","title":{"rendered":"Nuplaunami flomasteriai, 20 vnt."},"content":{"rendered":"<p><\/p><p><br>Susipa\u017einkite su m\u016bs\u0173 sensacingais vaikams skirtais ra\u0161ikliais, kurie yra ir trinami, ir plaunami! Tai 20 ry\u0161kiaspalvi\u0173 \u017eymekli\u0173 rinkinys, kuris suteiks j\u016bs\u0173 vaikui valand\u0173 valandas k\u016brybinio d\u017eiaugsmo.<\/p><p>M\u016bs\u0173 vaiki\u0161ki ra\u0161ikliai sukurti atsi\u017evelgiant \u012f pa\u010di\u0173 ma\u017eiausi\u0173 naudotoj\u0173 saugum\u0105 ir patogum\u0105. Jie turi specialias ergonomi\u0161kas ranken\u0117les, kurios puikiai laikosi ma\u017eyli\u0173 rankose. Be to, \u017eymekliuose naudojamas ra\u0161alas yra netoksi\u0161kas ir lengvai nuplaunamas, tod\u0117l u\u017etikrinamas ramus ir saugus \u017eaidimas nesibaiminant d\u0117l d\u0117mi\u0173 ant drabu\u017ei\u0173, sien\u0173 ar bald\u0173.<\/p>","protected":false},"excerpt":{"rendered":"<p>Susipa\u017einkite su m\u016bs\u0173 sensacingais vaikams skirtais ra\u0161ikliais, kurie yra ir trinami, ir plaunami! Tai 20 ry\u0161kiaspalvi\u0173 \u017eymekli\u0173 rinkinys, kuris suteiks j\u016bs\u0173 vaikui valand\u0173 valandas k\u016brybinio d\u017eiaugsmo. M\u016bs\u0173 vaiki\u0161ki ra\u0161ikliai sukurti atsi\u017evelgiant \u012f pa\u010di\u0173 ma\u017eiausi\u0173 naudotoj\u0173 saugum\u0105 ir patogum\u0105. Jie turi specialias ergonomi\u0161kas ranken\u0117les, kurios puikiai laikosi ma\u017eyli\u0173 rankose. Be to, \u017eymekliuose naudojamas ra\u0161alas yra netoksi\u0161kas [&hellip;]<\/p>","protected":false},"featured_media":21964,"template":"","meta":{"iawp_total_views":93},"product_cat":[84,89],"product_tag":[97],"class_list":{"0":"post-21963","1":"product","2":"type-product","3":"status-publish","4":"has-post-thumbnail","6":"product_cat-lavinamieji-zaislai","7":"product_cat-mokausi-piesti","8":"product_tag-3-m-4-m","10":"first","11":"instock","12":"taxable","13":"shipping-taxable","14":"purchasable","15":"product-type-simple"},"yoast_head":"<!-- This site is optimized with the Yoast SEO plugin v23.3 - https:\/\/yoast.com\/wordpress\/plugins\/seo\/ -->\n<title>Nuplaunami flomasteriai, 20 vnt. - Montessori \u017eaislai<\/title>\n<meta name=\"robots\" content=\"noindex, follow, max-snippet:-1, max-image-preview:large, max-video-preview:-1\" \/>\n<meta property=\"og:locale\" content=\"en_US\" \/>\n<meta property=\"og:type\" content=\"article\" \/>\n<meta property=\"og:title\" content=\"Nuplaunami flomasteriai, 20 vnt. - Montessori \u017eaislai\" \/>\n<meta property=\"og:description\" content=\"Susipa\u017einkite su m\u016bs\u0173 sensacingais vaikams skirtais ra\u0161ikliais, kurie yra ir trinami, ir plaunami! Tai 20 ry\u0161kiaspalvi\u0173 \u017eymekli\u0173 rinkinys, kuris suteiks j\u016bs\u0173 vaikui valand\u0173 valandas k\u016brybinio d\u017eiaugsmo. M\u016bs\u0173 vaiki\u0161ki ra\u0161ikliai sukurti atsi\u017evelgiant \u012f pa\u010di\u0173 ma\u017eiausi\u0173 naudotoj\u0173 saugum\u0105 ir patogum\u0105. Jie turi specialias ergonomi\u0161kas ranken\u0117les, kurios puikiai laikosi ma\u017eyli\u0173 rankose. Be to, \u017eymekliuose naudojamas ra\u0161alas yra netoksi\u0161kas [&hellip;]\" \/>\n<meta property=\"og:url\" content=\"https:\/\/dev.monti.lt\/en\/product\/nuplaunami-flomasteriai-20-vnt\/\" \/>\n<meta property=\"og:site_name\" content=\"Montessori \u017eaislai\" \/>\n<meta property=\"article:modified_time\" content=\"2024-10-02T10:07:31+00:00\" \/>\n<meta property=\"og:image\" content=\"https:\/\/dev.monti.lt\/wp-content\/uploads\/2024\/02\/markery-flamastry-pisaki-dla-dieci-scieralne-zmywalne-20-szt.webp\" \/>\n\t<meta property=\"og:image:width\" content=\"800\" \/>\n\t<meta property=\"og:image:height\" content=\"800\" \/>\n\t<meta property=\"og:image:type\" content=\"image\/webp\" \/>\n<meta name=\"twitter:card\" content=\"summary_large_image\" \/>\n<meta name=\"twitter:label1\" content=\"Est. reading time\" \/>\n\t<meta name=\"twitter:data1\" content=\"1 minute\" \/>\n<script type=\"application\/ld+json\" class=\"yoast-schema-graph\">{\"@context\":\"https:\/\/schema.org\",\"@graph\":[{\"@type\":\"WebPage\",\"@id\":\"https:\/\/dev.monti.lt\/product\/nuplaunami-flomasteriai-20-vnt\/\",\"url\":\"https:\/\/dev.monti.lt\/product\/nuplaunami-flomasteriai-20-vnt\/\",\"name\":\"Nuplaunami flomasteriai, 20 vnt. - Montessori \u017eaislai\",\"isPartOf\":{\"@id\":\"https:\/\/dev.monti.lt\/#website\"},\"primaryImageOfPage\":{\"@id\":\"https:\/\/dev.monti.lt\/product\/nuplaunami-flomasteriai-20-vnt\/#primaryimage\"},\"image\":{\"@id\":\"https:\/\/dev.monti.lt\/product\/nuplaunami-flomasteriai-20-vnt\/#primaryimage\"},\"thumbnailUrl\":\"https:\/\/dev.monti.lt\/wp-content\/uploads\/2024\/02\/markery-flamastry-pisaki-dla-dieci-scieralne-zmywalne-20-szt.webp\",\"datePublished\":\"2024-02-13T08:35:36+00:00\",\"dateModified\":\"2024-10-02T10:07:31+00:00\",\"breadcrumb\":{\"@id\":\"https:\/\/dev.monti.lt\/product\/nuplaunami-flomasteriai-20-vnt\/#breadcrumb\"},\"inLanguage\":\"en-US\",\"potentialAction\":[{\"@type\":\"ReadAction\",\"target\":[\"https:\/\/dev.monti.lt\/product\/nuplaunami-flomasteriai-20-vnt\/\"]}]},{\"@type\":\"ImageObject\",\"inLanguage\":\"en-US\",\"@id\":\"https:\/\/dev.monti.lt\/product\/nuplaunami-flomasteriai-20-vnt\/#primaryimage\",\"url\":\"https:\/\/dev.monti.lt\/wp-content\/uploads\/2024\/02\/markery-flamastry-pisaki-dla-dieci-scieralne-zmywalne-20-szt.webp\",\"contentUrl\":\"https:\/\/dev.monti.lt\/wp-content\/uploads\/2024\/02\/markery-flamastry-pisaki-dla-dieci-scieralne-zmywalne-20-szt.webp\",\"width\":800,\"height\":800},{\"@type\":\"BreadcrumbList\",\"@id\":\"https:\/\/dev.monti.lt\/product\/nuplaunami-flomasteriai-20-vnt\/#breadcrumb\",\"itemListElement\":[{\"@type\":\"ListItem\",\"position\":1,\"name\":\"Home\",\"item\":\"https:\/\/dev.monti.lt\/\"},{\"@type\":\"ListItem\",\"position\":2,\"name\":\"Parduotuv\u0117\",\"item\":\"https:\/\/dev.monti.lt\/shop\/\"},{\"@type\":\"ListItem\",\"position\":3,\"name\":\"Nuplaunami flomasteriai, 20 vnt.\"}]},{\"@type\":\"WebSite\",\"@id\":\"https:\/\/dev.monti.lt\/#website\",\"url\":\"https:\/\/dev.monti.lt\/\",\"name\":\"Montessori \u017eaislai\",\"description\":\"\",\"publisher\":{\"@id\":\"https:\/\/dev.monti.lt\/#organization\"},\"potentialAction\":[{\"@type\":\"SearchAction\",\"target\":{\"@type\":\"EntryPoint\",\"urlTemplate\":\"https:\/\/dev.monti.lt\/?s={search_term_string}\"},\"query-input\":\"required name=search_term_string\"}],\"inLanguage\":\"en-US\"},{\"@type\":\"Organization\",\"@id\":\"https:\/\/dev.monti.lt\/#organization\",\"name\":\"Montessori \u017eaislai\",\"url\":\"https:\/\/dev.monti.lt\/\",\"logo\":{\"@type\":\"ImageObject\",\"inLanguage\":\"en-US\",\"@id\":\"https:\/\/dev.monti.lt\/#\/schema\/logo\/image\/\",\"url\":\"https:\/\/dev.monti.lt\/wp-content\/uploads\/2022\/03\/montilogo-1.png\",\"contentUrl\":\"https:\/\/dev.monti.lt\/wp-content\/uploads\/2022\/03\/montilogo-1.png\",\"width\":512,\"height\":512,\"caption\":\"Montessori \u017eaislai\"},\"image\":{\"@id\":\"https:\/\/dev.monti.lt\/#\/schema\/logo\/image\/\"}}]}<\/script>\n<!-- \/ Yoast SEO plugin. -->","yoast_head_json":{"title":"Nuplaunami flomasteriai, 20 vnt. - Montessori \u017eaislai","robots":{"index":"noindex","follow":"follow","max-snippet":"max-snippet:-1","max-image-preview":"max-image-preview:large","max-video-preview":"max-video-preview:-1"},"og_locale":"en_US","og_type":"article","og_title":"Nuplaunami flomasteriai, 20 vnt. - Montessori \u017eaislai","og_description":"Susipa\u017einkite su m\u016bs\u0173 sensacingais vaikams skirtais ra\u0161ikliais, kurie yra ir trinami, ir plaunami! Tai 20 ry\u0161kiaspalvi\u0173 \u017eymekli\u0173 rinkinys, kuris suteiks j\u016bs\u0173 vaikui valand\u0173 valandas k\u016brybinio d\u017eiaugsmo. M\u016bs\u0173 vaiki\u0161ki ra\u0161ikliai sukurti atsi\u017evelgiant \u012f pa\u010di\u0173 ma\u017eiausi\u0173 naudotoj\u0173 saugum\u0105 ir patogum\u0105. Jie turi specialias ergonomi\u0161kas ranken\u0117les, kurios puikiai laikosi ma\u017eyli\u0173 rankose. Be to, \u017eymekliuose naudojamas ra\u0161alas yra netoksi\u0161kas [&hellip;]","og_url":"https:\/\/dev.monti.lt\/en\/product\/nuplaunami-flomasteriai-20-vnt\/","og_site_name":"Montessori \u017eaislai","article_modified_time":"2024-10-02T10:07:31+00:00","og_image":[{"width":800,"height":800,"url":"https:\/\/dev.monti.lt\/wp-content\/uploads\/2024\/02\/markery-flamastry-pisaki-dla-dieci-scieralne-zmywalne-20-szt.webp","type":"image\/webp"}],"twitter_card":"summary_large_image","twitter_misc":{"Est. reading time":"1 minute"},"schema":{"@context":"https:\/\/schema.org","@graph":[{"@type":"WebPage","@id":"https:\/\/dev.monti.lt\/product\/nuplaunami-flomasteriai-20-vnt\/","url":"https:\/\/dev.monti.lt\/product\/nuplaunami-flomasteriai-20-vnt\/","name":"Nuplaunami flomasteriai, 20 vnt. - Montessori \u017eaislai","isPartOf":{"@id":"https:\/\/dev.monti.lt\/#website"},"primaryImageOfPage":{"@id":"https:\/\/dev.monti.lt\/product\/nuplaunami-flomasteriai-20-vnt\/#primaryimage"},"image":{"@id":"https:\/\/dev.monti.lt\/product\/nuplaunami-flomasteriai-20-vnt\/#primaryimage"},"thumbnailUrl":"https:\/\/dev.monti.lt\/wp-content\/uploads\/2024\/02\/markery-flamastry-pisaki-dla-dieci-scieralne-zmywalne-20-szt.webp","datePublished":"2024-02-13T08:35:36+00:00","dateModified":"2024-10-02T10:07:31+00:00","breadcrumb":{"@id":"https:\/\/dev.monti.lt\/product\/nuplaunami-flomasteriai-20-vnt\/#breadcrumb"},"inLanguage":"en-US","potentialAction":[{"@type":"ReadAction","target":["https:\/\/dev.monti.lt\/product\/nuplaunami-flomasteriai-20-vnt\/"]}]},{"@type":"ImageObject","inLanguage":"en-US","@id":"https:\/\/dev.monti.lt\/product\/nuplaunami-flomasteriai-20-vnt\/#primaryimage","url":"https:\/\/dev.monti.lt\/wp-content\/uploads\/2024\/02\/markery-flamastry-pisaki-dla-dieci-scieralne-zmywalne-20-szt.webp","contentUrl":"https:\/\/dev.monti.lt\/wp-content\/uploads\/2024\/02\/markery-flamastry-pisaki-dla-dieci-scieralne-zmywalne-20-szt.webp","width":800,"height":800},{"@type":"BreadcrumbList","@id":"https:\/\/dev.monti.lt\/product\/nuplaunami-flomasteriai-20-vnt\/#breadcrumb","itemListElement":[{"@type":"ListItem","position":1,"name":"Home","item":"https:\/\/dev.monti.lt\/"},{"@type":"ListItem","position":2,"name":"Parduotuv\u0117","item":"https:\/\/dev.monti.lt\/shop\/"},{"@type":"ListItem","position":3,"name":"Nuplaunami flomasteriai, 20 vnt."}]},{"@type":"WebSite","@id":"https:\/\/dev.monti.lt\/#website","url":"https:\/\/dev.monti.lt\/","name":"Montessori \u017eaislai","description":"","publisher":{"@id":"https:\/\/dev.monti.lt\/#organization"},"potentialAction":[{"@type":"SearchAction","target":{"@type":"EntryPoint","urlTemplate":"https:\/\/dev.monti.lt\/?s={search_term_string}"},"query-input":"required name=search_term_string"}],"inLanguage":"en-US"},{"@type":"Organization","@id":"https:\/\/dev.monti.lt\/#organization","name":"Montessori \u017eaislai","url":"https:\/\/dev.monti.lt\/","logo":{"@type":"ImageObject","inLanguage":"en-US","@id":"https:\/\/dev.monti.lt\/#\/schema\/logo\/image\/","url":"https:\/\/dev.monti.lt\/wp-content\/uploads\/2022\/03\/montilogo-1.png","contentUrl":"https:\/\/dev.monti.lt\/wp-content\/uploads\/2022\/03\/montilogo-1.png","width":512,"height":512,"caption":"Montessori \u017eaislai"},"image":{"@id":"https:\/\/dev.monti.lt\/#\/schema\/logo\/image\/"}}]}},"_links":{"self":[{"href":"https:\/\/dev.monti.lt\/en\/wp-json\/wp\/v2\/product\/21963"}],"collection":[{"href":"https:\/\/dev.monti.lt\/en\/wp-json\/wp\/v2\/product"}],"about":[{"href":"https:\/\/dev.monti.lt\/en\/wp-json\/wp\/v2\/types\/product"}],"version-history":[{"count":1,"href":"https:\/\/dev.monti.lt\/en\/wp-json\/wp\/v2\/product\/21963\/revisions"}],"predecessor-version":[{"id":21965,"href":"https:\/\/dev.monti.lt\/en\/wp-json\/wp\/v2\/product\/21963\/revisions\/21965"}],"wp:featuredmedia":[{"embeddable":true,"href":"https:\/\/dev.monti.lt\/en\/wp-json\/wp\/v2\/media\/21964"}],"wp:attachment":[{"href":"https:\/\/dev.monti.lt\/en\/wp-json\/wp\/v2\/media?parent=21963"}],"wp:term":[{"taxonomy":"product_cat","embeddable":true,"href":"https:\/\/dev.monti.lt\/en\/wp-json\/wp\/v2\/product_cat?post=21963"},{"taxonomy":"product_tag","embeddable":true,"href":"https:\/\/dev.monti.lt\/en\/wp-json\/wp\/v2\/product_tag?post=21963"}],"curies":[{"name":"wp","href":"https:\/\/api.w.org\/{rel}","templated":true}]}}