{"id":21811,"date":"2024-02-06T08:45:09","date_gmt":"2024-02-06T08:45:09","guid":{"rendered":"https:\/\/dev.monti.lt\/?post_type=product&#038;p=21811"},"modified":"2024-10-07T10:07:43","modified_gmt":"2024-10-07T10:07:43","slug":"posca-markeriu-rinkinys-8-vnt-5m","status":"publish","type":"product","link":"https:\/\/dev.monti.lt\/en\/product\/posca-markeriu-rinkinys-8-vnt-5m\/","title":{"rendered":"POSCA markeri\u0173 rinkinys 8 vnt., 5M"},"content":{"rendered":"<p>Visapusi\u0161kas markeris PC-5M vidutinio dyd\u017eio 1,8\u20132,5 mm&nbsp;pluo\u0161tinis antgalis sukuria ry\u0161kias linijas ir idealiai tinka tiek&nbsp;spalvinimui, tiek kont\u016brams. \u0160\u012f marker\u012f yra patogu laikyti.&nbsp;Jis puikiai tinka ir ma\u017eam ir dideliam, profesionalui ir&nbsp;pradedan\u010diajam.<\/p><p><strong>Spalvos:<\/strong><\/p><p>Juoda<\/p><p>Ro\u017ein\u0117<\/p><p>Balta<\/p><p>Gieltona<\/p><p>\u017dalia<\/p><p>\u0160viesiai m\u0117lyna<\/p><p>M\u0117lyna<\/p><p>Raudona<\/p><p>Japoni\u0161kos kokyb\u0117s markeriai, pasi\u017eymi puikia kokybe.<\/p>","protected":false},"excerpt":{"rendered":"<p>Visapusi\u0161kas markeris PC-5M vidutinio dyd\u017eio 1,8\u20132,5 mm&nbsp;pluo\u0161tinis antgalis sukuria ry\u0161kias linijas ir idealiai tinka tiek&nbsp;spalvinimui, tiek kont\u016brams. \u0160\u012f marker\u012f yra patogu laikyti.&nbsp;Jis puikiai tinka ir ma\u017eam ir dideliam, profesionalui ir&nbsp;pradedan\u010diajam. Spalvos: Juoda Ro\u017ein\u0117 Balta Gieltona \u017dalia \u0160viesiai m\u0117lyna M\u0117lyna Raudona Japoni\u0161kos kokyb\u0117s markeriai, pasi\u017eymi puikia kokybe.<\/p>","protected":false},"featured_media":21812,"template":"","meta":{"iawp_total_views":111},"product_cat":[213,82,84,89,220,199],"product_tag":[101,96,97,98,99,100],"class_list":{"0":"post-21811","1":"product","2":"type-product","3":"status-publish","4":"has-post-thumbnail","6":"product_cat-akcija","7":"product_cat-ispardavimas","8":"product_cat-lavinamieji-zaislai","9":"product_cat-mokausi-piesti","10":"product_cat-posca-markeriai","11":"product_cat-ugdymo-istaigoms","12":"product_tag-12-m-14-m","13":"product_tag-2-m-3-m","14":"product_tag-3-m-4-m","15":"product_tag-5-m-7-m","16":"product_tag-8-m-11-m","17":"product_tag-15-m","19":"first","20":"instock","21":"sale","22":"taxable","23":"shipping-taxable","24":"purchasable","25":"product-type-simple"},"yoast_head":"<!-- This site is optimized with the Yoast SEO plugin v23.3 - https:\/\/yoast.com\/wordpress\/plugins\/seo\/ -->\n<title>POSCA markeri\u0173 rinkinys 8 vnt., 5M - Montessori \u017eaislai<\/title>\n<meta name=\"robots\" content=\"noindex, follow, max-snippet:-1, max-image-preview:large, max-video-preview:-1\" \/>\n<meta property=\"og:locale\" content=\"en_US\" \/>\n<meta property=\"og:type\" content=\"article\" \/>\n<meta property=\"og:title\" content=\"POSCA markeri\u0173 rinkinys 8 vnt., 5M - Montessori \u017eaislai\" \/>\n<meta property=\"og:description\" content=\"Visapusi\u0161kas markeris PC-5M vidutinio dyd\u017eio 1,8\u20132,5 mm&nbsp;pluo\u0161tinis antgalis sukuria ry\u0161kias linijas ir idealiai tinka tiek&nbsp;spalvinimui, tiek kont\u016brams. \u0160\u012f marker\u012f yra patogu laikyti.&nbsp;Jis puikiai tinka ir ma\u017eam ir dideliam, profesionalui ir&nbsp;pradedan\u010diajam. Spalvos: Juoda Ro\u017ein\u0117 Balta Gieltona \u017dalia \u0160viesiai m\u0117lyna M\u0117lyna Raudona Japoni\u0161kos kokyb\u0117s markeriai, pasi\u017eymi puikia kokybe.\" \/>\n<meta property=\"og:url\" content=\"https:\/\/dev.monti.lt\/en\/product\/posca-markeriu-rinkinys-8-vnt-5m\/\" \/>\n<meta property=\"og:site_name\" content=\"Montessori \u017eaislai\" \/>\n<meta property=\"article:modified_time\" content=\"2024-10-07T10:07:43+00:00\" \/>\n<meta property=\"og:image\" content=\"https:\/\/dev.monti.lt\/wp-content\/uploads\/2024\/02\/IMG_20230920_085556_105-scaled-1.jpg\" \/>\n\t<meta property=\"og:image:width\" content=\"2560\" \/>\n\t<meta property=\"og:image:height\" content=\"2560\" \/>\n\t<meta property=\"og:image:type\" content=\"image\/jpeg\" \/>\n<meta name=\"twitter:card\" content=\"summary_large_image\" \/>\n<meta name=\"twitter:label1\" content=\"Est. reading time\" \/>\n\t<meta name=\"twitter:data1\" content=\"1 minute\" \/>\n<script type=\"application\/ld+json\" class=\"yoast-schema-graph\">{\"@context\":\"https:\/\/schema.org\",\"@graph\":[{\"@type\":\"WebPage\",\"@id\":\"https:\/\/dev.monti.lt\/product\/posca-markeriu-rinkinys-8-vnt-5m\/\",\"url\":\"https:\/\/dev.monti.lt\/product\/posca-markeriu-rinkinys-8-vnt-5m\/\",\"name\":\"POSCA markeri\u0173 rinkinys 8 vnt., 5M - Montessori \u017eaislai\",\"isPartOf\":{\"@id\":\"https:\/\/dev.monti.lt\/#website\"},\"primaryImageOfPage\":{\"@id\":\"https:\/\/dev.monti.lt\/product\/posca-markeriu-rinkinys-8-vnt-5m\/#primaryimage\"},\"image\":{\"@id\":\"https:\/\/dev.monti.lt\/product\/posca-markeriu-rinkinys-8-vnt-5m\/#primaryimage\"},\"thumbnailUrl\":\"https:\/\/dev.monti.lt\/wp-content\/uploads\/2024\/02\/IMG_20230920_085556_105-scaled-1.jpg\",\"datePublished\":\"2024-02-06T08:45:09+00:00\",\"dateModified\":\"2024-10-07T10:07:43+00:00\",\"breadcrumb\":{\"@id\":\"https:\/\/dev.monti.lt\/product\/posca-markeriu-rinkinys-8-vnt-5m\/#breadcrumb\"},\"inLanguage\":\"en-US\",\"potentialAction\":[{\"@type\":\"ReadAction\",\"target\":[\"https:\/\/dev.monti.lt\/product\/posca-markeriu-rinkinys-8-vnt-5m\/\"]}]},{\"@type\":\"ImageObject\",\"inLanguage\":\"en-US\",\"@id\":\"https:\/\/dev.monti.lt\/product\/posca-markeriu-rinkinys-8-vnt-5m\/#primaryimage\",\"url\":\"https:\/\/dev.monti.lt\/wp-content\/uploads\/2024\/02\/IMG_20230920_085556_105-scaled-1.jpg\",\"contentUrl\":\"https:\/\/dev.monti.lt\/wp-content\/uploads\/2024\/02\/IMG_20230920_085556_105-scaled-1.jpg\",\"width\":2560,\"height\":2560,\"caption\":\"Posca markeriai\"},{\"@type\":\"BreadcrumbList\",\"@id\":\"https:\/\/dev.monti.lt\/product\/posca-markeriu-rinkinys-8-vnt-5m\/#breadcrumb\",\"itemListElement\":[{\"@type\":\"ListItem\",\"position\":1,\"name\":\"Home\",\"item\":\"https:\/\/dev.monti.lt\/\"},{\"@type\":\"ListItem\",\"position\":2,\"name\":\"Parduotuv\u0117\",\"item\":\"https:\/\/dev.monti.lt\/shop\/\"},{\"@type\":\"ListItem\",\"position\":3,\"name\":\"POSCA markeri\u0173 rinkinys 8 vnt., 5M\"}]},{\"@type\":\"WebSite\",\"@id\":\"https:\/\/dev.monti.lt\/#website\",\"url\":\"https:\/\/dev.monti.lt\/\",\"name\":\"Montessori \u017eaislai\",\"description\":\"\",\"publisher\":{\"@id\":\"https:\/\/dev.monti.lt\/#organization\"},\"potentialAction\":[{\"@type\":\"SearchAction\",\"target\":{\"@type\":\"EntryPoint\",\"urlTemplate\":\"https:\/\/dev.monti.lt\/?s={search_term_string}\"},\"query-input\":\"required name=search_term_string\"}],\"inLanguage\":\"en-US\"},{\"@type\":\"Organization\",\"@id\":\"https:\/\/dev.monti.lt\/#organization\",\"name\":\"Montessori \u017eaislai\",\"url\":\"https:\/\/dev.monti.lt\/\",\"logo\":{\"@type\":\"ImageObject\",\"inLanguage\":\"en-US\",\"@id\":\"https:\/\/dev.monti.lt\/#\/schema\/logo\/image\/\",\"url\":\"https:\/\/dev.monti.lt\/wp-content\/uploads\/2022\/03\/montilogo-1.png\",\"contentUrl\":\"https:\/\/dev.monti.lt\/wp-content\/uploads\/2022\/03\/montilogo-1.png\",\"width\":512,\"height\":512,\"caption\":\"Montessori \u017eaislai\"},\"image\":{\"@id\":\"https:\/\/dev.monti.lt\/#\/schema\/logo\/image\/\"}}]}<\/script>\n<!-- \/ Yoast SEO plugin. -->","yoast_head_json":{"title":"POSCA markeri\u0173 rinkinys 8 vnt., 5M - Montessori \u017eaislai","robots":{"index":"noindex","follow":"follow","max-snippet":"max-snippet:-1","max-image-preview":"max-image-preview:large","max-video-preview":"max-video-preview:-1"},"og_locale":"en_US","og_type":"article","og_title":"POSCA markeri\u0173 rinkinys 8 vnt., 5M - Montessori \u017eaislai","og_description":"Visapusi\u0161kas markeris PC-5M vidutinio dyd\u017eio 1,8\u20132,5 mm&nbsp;pluo\u0161tinis antgalis sukuria ry\u0161kias linijas ir idealiai tinka tiek&nbsp;spalvinimui, tiek kont\u016brams. \u0160\u012f marker\u012f yra patogu laikyti.&nbsp;Jis puikiai tinka ir ma\u017eam ir dideliam, profesionalui ir&nbsp;pradedan\u010diajam. Spalvos: Juoda Ro\u017ein\u0117 Balta Gieltona \u017dalia \u0160viesiai m\u0117lyna M\u0117lyna Raudona Japoni\u0161kos kokyb\u0117s markeriai, pasi\u017eymi puikia kokybe.","og_url":"https:\/\/dev.monti.lt\/en\/product\/posca-markeriu-rinkinys-8-vnt-5m\/","og_site_name":"Montessori \u017eaislai","article_modified_time":"2024-10-07T10:07:43+00:00","og_image":[{"width":2560,"height":2560,"url":"https:\/\/dev.monti.lt\/wp-content\/uploads\/2024\/02\/IMG_20230920_085556_105-scaled-1.jpg","type":"image\/jpeg"}],"twitter_card":"summary_large_image","twitter_misc":{"Est. reading time":"1 minute"},"schema":{"@context":"https:\/\/schema.org","@graph":[{"@type":"WebPage","@id":"https:\/\/dev.monti.lt\/product\/posca-markeriu-rinkinys-8-vnt-5m\/","url":"https:\/\/dev.monti.lt\/product\/posca-markeriu-rinkinys-8-vnt-5m\/","name":"POSCA markeri\u0173 rinkinys 8 vnt., 5M - Montessori \u017eaislai","isPartOf":{"@id":"https:\/\/dev.monti.lt\/#website"},"primaryImageOfPage":{"@id":"https:\/\/dev.monti.lt\/product\/posca-markeriu-rinkinys-8-vnt-5m\/#primaryimage"},"image":{"@id":"https:\/\/dev.monti.lt\/product\/posca-markeriu-rinkinys-8-vnt-5m\/#primaryimage"},"thumbnailUrl":"https:\/\/dev.monti.lt\/wp-content\/uploads\/2024\/02\/IMG_20230920_085556_105-scaled-1.jpg","datePublished":"2024-02-06T08:45:09+00:00","dateModified":"2024-10-07T10:07:43+00:00","breadcrumb":{"@id":"https:\/\/dev.monti.lt\/product\/posca-markeriu-rinkinys-8-vnt-5m\/#breadcrumb"},"inLanguage":"en-US","potentialAction":[{"@type":"ReadAction","target":["https:\/\/dev.monti.lt\/product\/posca-markeriu-rinkinys-8-vnt-5m\/"]}]},{"@type":"ImageObject","inLanguage":"en-US","@id":"https:\/\/dev.monti.lt\/product\/posca-markeriu-rinkinys-8-vnt-5m\/#primaryimage","url":"https:\/\/dev.monti.lt\/wp-content\/uploads\/2024\/02\/IMG_20230920_085556_105-scaled-1.jpg","contentUrl":"https:\/\/dev.monti.lt\/wp-content\/uploads\/2024\/02\/IMG_20230920_085556_105-scaled-1.jpg","width":2560,"height":2560,"caption":"Posca markeriai"},{"@type":"BreadcrumbList","@id":"https:\/\/dev.monti.lt\/product\/posca-markeriu-rinkinys-8-vnt-5m\/#breadcrumb","itemListElement":[{"@type":"ListItem","position":1,"name":"Home","item":"https:\/\/dev.monti.lt\/"},{"@type":"ListItem","position":2,"name":"Parduotuv\u0117","item":"https:\/\/dev.monti.lt\/shop\/"},{"@type":"ListItem","position":3,"name":"POSCA markeri\u0173 rinkinys 8 vnt., 5M"}]},{"@type":"WebSite","@id":"https:\/\/dev.monti.lt\/#website","url":"https:\/\/dev.monti.lt\/","name":"Montessori \u017eaislai","description":"","publisher":{"@id":"https:\/\/dev.monti.lt\/#organization"},"potentialAction":[{"@type":"SearchAction","target":{"@type":"EntryPoint","urlTemplate":"https:\/\/dev.monti.lt\/?s={search_term_string}"},"query-input":"required name=search_term_string"}],"inLanguage":"en-US"},{"@type":"Organization","@id":"https:\/\/dev.monti.lt\/#organization","name":"Montessori \u017eaislai","url":"https:\/\/dev.monti.lt\/","logo":{"@type":"ImageObject","inLanguage":"en-US","@id":"https:\/\/dev.monti.lt\/#\/schema\/logo\/image\/","url":"https:\/\/dev.monti.lt\/wp-content\/uploads\/2022\/03\/montilogo-1.png","contentUrl":"https:\/\/dev.monti.lt\/wp-content\/uploads\/2022\/03\/montilogo-1.png","width":512,"height":512,"caption":"Montessori \u017eaislai"},"image":{"@id":"https:\/\/dev.monti.lt\/#\/schema\/logo\/image\/"}}]}},"_links":{"self":[{"href":"https:\/\/dev.monti.lt\/en\/wp-json\/wp\/v2\/product\/21811"}],"collection":[{"href":"https:\/\/dev.monti.lt\/en\/wp-json\/wp\/v2\/product"}],"about":[{"href":"https:\/\/dev.monti.lt\/en\/wp-json\/wp\/v2\/types\/product"}],"version-history":[{"count":2,"href":"https:\/\/dev.monti.lt\/en\/wp-json\/wp\/v2\/product\/21811\/revisions"}],"predecessor-version":[{"id":22445,"href":"https:\/\/dev.monti.lt\/en\/wp-json\/wp\/v2\/product\/21811\/revisions\/22445"}],"wp:featuredmedia":[{"embeddable":true,"href":"https:\/\/dev.monti.lt\/en\/wp-json\/wp\/v2\/media\/21812"}],"wp:attachment":[{"href":"https:\/\/dev.monti.lt\/en\/wp-json\/wp\/v2\/media?parent=21811"}],"wp:term":[{"taxonomy":"product_cat","embeddable":true,"href":"https:\/\/dev.monti.lt\/en\/wp-json\/wp\/v2\/product_cat?post=21811"},{"taxonomy":"product_tag","embeddable":true,"href":"https:\/\/dev.monti.lt\/en\/wp-json\/wp\/v2\/product_tag?post=21811"}],"curies":[{"name":"wp","href":"https:\/\/api.w.org\/{rel}","templated":true}]}}