{"id":21767,"date":"2024-02-06T08:15:26","date_gmt":"2024-02-06T08:15:26","guid":{"rendered":"https:\/\/dev.monti.lt\/?post_type=product&#038;p=21767"},"modified":"2024-10-07T10:10:26","modified_gmt":"2024-10-07T10:10:26","slug":"posca-markeriu-rinkinys-16-vnt-1m","status":"publish","type":"product","link":"https:\/\/dev.monti.lt\/en\/product\/posca-markeriu-rinkinys-16-vnt-1m\/","title":{"rendered":"POSCA markeri\u0173 rinkinys 16 vnt., 1M"},"content":{"rendered":"<p>Universalus PC-1M \u2013 ypa\u010d plonas 0,7 mm pluo\u0161tinis antgalis&nbsp;leid\u017eia puikiai nupie\u0161ti smulkias detales. Ma\u017ei projektai, tokie&nbsp;kaip \u0161velnus dekoravimas, korteli\u0173 gamyba ar iliustracijos,&nbsp;gali tapti lengva ir malonia veikla. Laikykite marker\u012f tiesiai,&nbsp;kad gautum\u0117te smulkius ta\u0161kelius ir linijas. O pakreip\u0119 marker\u012f&nbsp;kampu, sukursite i\u0161rai\u0161kingus pot\u0117pius ir bus lengva nuspalvinti.<\/p><p><strong>Spalvos:<\/strong><\/p><p>Juoda<\/p><p>Ro\u017ein\u0117<\/p><p>Balta<\/p><p>Gieltona<\/p><p>\u017dalia<\/p><p>\u0160viesiai m\u0117lyna<\/p><p>Oran\u017ein\u0117<\/p><p>M\u0117lyna<\/p><p>Raudona<\/p><p>Violetin\u0117<\/p><p>Tamsiai raudona<\/p><p>Pilka<\/p><p>\u0160viesiai \u017ealia<\/p><p>Dramblio kaulo<\/p><p>Ruda<\/p><p>\u0160viesiai ro\u017ein\u0117<\/p><p>16 vnt.<\/p>","protected":false},"excerpt":{"rendered":"<p>Universalus PC-1M \u2013 ypa\u010d plonas 0,7 mm pluo\u0161tinis antgalis&nbsp;leid\u017eia puikiai nupie\u0161ti smulkias detales. Ma\u017ei projektai, tokie&nbsp;kaip \u0161velnus dekoravimas, korteli\u0173 gamyba ar iliustracijos,&nbsp;gali tapti lengva ir malonia veikla. Laikykite marker\u012f tiesiai,&nbsp;kad gautum\u0117te smulkius ta\u0161kelius ir linijas. O pakreip\u0119 marker\u012f&nbsp;kampu, sukursite i\u0161rai\u0161kingus pot\u0117pius ir bus lengva nuspalvinti. Spalvos: Juoda Ro\u017ein\u0117 Balta Gieltona \u017dalia \u0160viesiai m\u0117lyna Oran\u017ein\u0117 M\u0117lyna [&hellip;]<\/p>","protected":false},"featured_media":21768,"template":"","meta":{"iawp_total_views":15},"product_cat":[220,199],"product_tag":[101,96,97,98,99,100],"class_list":{"0":"post-21767","1":"product","2":"type-product","3":"status-publish","4":"has-post-thumbnail","6":"product_cat-posca-markeriai","7":"product_cat-ugdymo-istaigoms","8":"product_tag-12-m-14-m","9":"product_tag-2-m-3-m","10":"product_tag-3-m-4-m","11":"product_tag-5-m-7-m","12":"product_tag-8-m-11-m","13":"product_tag-15-m","15":"first","16":"instock","17":"sale","18":"taxable","19":"shipping-taxable","20":"purchasable","21":"product-type-simple"},"yoast_head":"<!-- This site is optimized with the Yoast SEO plugin v23.3 - https:\/\/yoast.com\/wordpress\/plugins\/seo\/ -->\n<title>POSCA markeri\u0173 rinkinys 16 vnt., 1M - Montessori \u017eaislai<\/title>\n<meta name=\"robots\" content=\"noindex, follow, max-snippet:-1, max-image-preview:large, max-video-preview:-1\" \/>\n<meta property=\"og:locale\" content=\"en_US\" \/>\n<meta property=\"og:type\" content=\"article\" \/>\n<meta property=\"og:title\" content=\"POSCA markeri\u0173 rinkinys 16 vnt., 1M - Montessori \u017eaislai\" \/>\n<meta property=\"og:description\" content=\"Universalus PC-1M \u2013 ypa\u010d plonas 0,7 mm pluo\u0161tinis antgalis&nbsp;leid\u017eia puikiai nupie\u0161ti smulkias detales. Ma\u017ei projektai, tokie&nbsp;kaip \u0161velnus dekoravimas, korteli\u0173 gamyba ar iliustracijos,&nbsp;gali tapti lengva ir malonia veikla. Laikykite marker\u012f tiesiai,&nbsp;kad gautum\u0117te smulkius ta\u0161kelius ir linijas. O pakreip\u0119 marker\u012f&nbsp;kampu, sukursite i\u0161rai\u0161kingus pot\u0117pius ir bus lengva nuspalvinti. Spalvos: Juoda Ro\u017ein\u0117 Balta Gieltona \u017dalia \u0160viesiai m\u0117lyna Oran\u017ein\u0117 M\u0117lyna [&hellip;]\" \/>\n<meta property=\"og:url\" content=\"https:\/\/dev.monti.lt\/en\/product\/posca-markeriu-rinkinys-16-vnt-1m\/\" \/>\n<meta property=\"og:site_name\" content=\"Montessori \u017eaislai\" \/>\n<meta property=\"article:modified_time\" content=\"2024-10-07T10:10:26+00:00\" \/>\n<meta property=\"og:image\" content=\"https:\/\/dev.monti.lt\/wp-content\/uploads\/2024\/02\/1m-16-3.jpg\" \/>\n\t<meta property=\"og:image:width\" content=\"1024\" \/>\n\t<meta property=\"og:image:height\" content=\"1024\" \/>\n\t<meta property=\"og:image:type\" content=\"image\/jpeg\" \/>\n<meta name=\"twitter:card\" content=\"summary_large_image\" \/>\n<meta name=\"twitter:label1\" content=\"Est. reading time\" \/>\n\t<meta name=\"twitter:data1\" content=\"1 minute\" \/>\n<script type=\"application\/ld+json\" class=\"yoast-schema-graph\">{\"@context\":\"https:\/\/schema.org\",\"@graph\":[{\"@type\":\"WebPage\",\"@id\":\"https:\/\/dev.monti.lt\/product\/posca-markeriu-rinkinys-16-vnt-1m\/\",\"url\":\"https:\/\/dev.monti.lt\/product\/posca-markeriu-rinkinys-16-vnt-1m\/\",\"name\":\"POSCA markeri\u0173 rinkinys 16 vnt., 1M - Montessori \u017eaislai\",\"isPartOf\":{\"@id\":\"https:\/\/dev.monti.lt\/#website\"},\"primaryImageOfPage\":{\"@id\":\"https:\/\/dev.monti.lt\/product\/posca-markeriu-rinkinys-16-vnt-1m\/#primaryimage\"},\"image\":{\"@id\":\"https:\/\/dev.monti.lt\/product\/posca-markeriu-rinkinys-16-vnt-1m\/#primaryimage\"},\"thumbnailUrl\":\"https:\/\/dev.monti.lt\/wp-content\/uploads\/2024\/02\/1m-16-3.jpg\",\"datePublished\":\"2024-02-06T08:15:26+00:00\",\"dateModified\":\"2024-10-07T10:10:26+00:00\",\"breadcrumb\":{\"@id\":\"https:\/\/dev.monti.lt\/product\/posca-markeriu-rinkinys-16-vnt-1m\/#breadcrumb\"},\"inLanguage\":\"en-US\",\"potentialAction\":[{\"@type\":\"ReadAction\",\"target\":[\"https:\/\/dev.monti.lt\/product\/posca-markeriu-rinkinys-16-vnt-1m\/\"]}]},{\"@type\":\"ImageObject\",\"inLanguage\":\"en-US\",\"@id\":\"https:\/\/dev.monti.lt\/product\/posca-markeriu-rinkinys-16-vnt-1m\/#primaryimage\",\"url\":\"https:\/\/dev.monti.lt\/wp-content\/uploads\/2024\/02\/1m-16-3.jpg\",\"contentUrl\":\"https:\/\/dev.monti.lt\/wp-content\/uploads\/2024\/02\/1m-16-3.jpg\",\"width\":1024,\"height\":1024,\"caption\":\"posca markeriai\"},{\"@type\":\"BreadcrumbList\",\"@id\":\"https:\/\/dev.monti.lt\/product\/posca-markeriu-rinkinys-16-vnt-1m\/#breadcrumb\",\"itemListElement\":[{\"@type\":\"ListItem\",\"position\":1,\"name\":\"Home\",\"item\":\"https:\/\/dev.monti.lt\/\"},{\"@type\":\"ListItem\",\"position\":2,\"name\":\"Parduotuv\u0117\",\"item\":\"https:\/\/dev.monti.lt\/shop\/\"},{\"@type\":\"ListItem\",\"position\":3,\"name\":\"POSCA markeri\u0173 rinkinys 16 vnt., 1M\"}]},{\"@type\":\"WebSite\",\"@id\":\"https:\/\/dev.monti.lt\/#website\",\"url\":\"https:\/\/dev.monti.lt\/\",\"name\":\"Montessori \u017eaislai\",\"description\":\"\",\"publisher\":{\"@id\":\"https:\/\/dev.monti.lt\/#organization\"},\"potentialAction\":[{\"@type\":\"SearchAction\",\"target\":{\"@type\":\"EntryPoint\",\"urlTemplate\":\"https:\/\/dev.monti.lt\/?s={search_term_string}\"},\"query-input\":\"required name=search_term_string\"}],\"inLanguage\":\"en-US\"},{\"@type\":\"Organization\",\"@id\":\"https:\/\/dev.monti.lt\/#organization\",\"name\":\"Montessori \u017eaislai\",\"url\":\"https:\/\/dev.monti.lt\/\",\"logo\":{\"@type\":\"ImageObject\",\"inLanguage\":\"en-US\",\"@id\":\"https:\/\/dev.monti.lt\/#\/schema\/logo\/image\/\",\"url\":\"https:\/\/dev.monti.lt\/wp-content\/uploads\/2022\/03\/montilogo-1.png\",\"contentUrl\":\"https:\/\/dev.monti.lt\/wp-content\/uploads\/2022\/03\/montilogo-1.png\",\"width\":512,\"height\":512,\"caption\":\"Montessori \u017eaislai\"},\"image\":{\"@id\":\"https:\/\/dev.monti.lt\/#\/schema\/logo\/image\/\"}}]}<\/script>\n<!-- \/ Yoast SEO plugin. -->","yoast_head_json":{"title":"POSCA markeri\u0173 rinkinys 16 vnt., 1M - Montessori \u017eaislai","robots":{"index":"noindex","follow":"follow","max-snippet":"max-snippet:-1","max-image-preview":"max-image-preview:large","max-video-preview":"max-video-preview:-1"},"og_locale":"en_US","og_type":"article","og_title":"POSCA markeri\u0173 rinkinys 16 vnt., 1M - Montessori \u017eaislai","og_description":"Universalus PC-1M \u2013 ypa\u010d plonas 0,7 mm pluo\u0161tinis antgalis&nbsp;leid\u017eia puikiai nupie\u0161ti smulkias detales. Ma\u017ei projektai, tokie&nbsp;kaip \u0161velnus dekoravimas, korteli\u0173 gamyba ar iliustracijos,&nbsp;gali tapti lengva ir malonia veikla. Laikykite marker\u012f tiesiai,&nbsp;kad gautum\u0117te smulkius ta\u0161kelius ir linijas. O pakreip\u0119 marker\u012f&nbsp;kampu, sukursite i\u0161rai\u0161kingus pot\u0117pius ir bus lengva nuspalvinti. Spalvos: Juoda Ro\u017ein\u0117 Balta Gieltona \u017dalia \u0160viesiai m\u0117lyna Oran\u017ein\u0117 M\u0117lyna [&hellip;]","og_url":"https:\/\/dev.monti.lt\/en\/product\/posca-markeriu-rinkinys-16-vnt-1m\/","og_site_name":"Montessori \u017eaislai","article_modified_time":"2024-10-07T10:10:26+00:00","og_image":[{"width":1024,"height":1024,"url":"https:\/\/dev.monti.lt\/wp-content\/uploads\/2024\/02\/1m-16-3.jpg","type":"image\/jpeg"}],"twitter_card":"summary_large_image","twitter_misc":{"Est. reading time":"1 minute"},"schema":{"@context":"https:\/\/schema.org","@graph":[{"@type":"WebPage","@id":"https:\/\/dev.monti.lt\/product\/posca-markeriu-rinkinys-16-vnt-1m\/","url":"https:\/\/dev.monti.lt\/product\/posca-markeriu-rinkinys-16-vnt-1m\/","name":"POSCA markeri\u0173 rinkinys 16 vnt., 1M - Montessori \u017eaislai","isPartOf":{"@id":"https:\/\/dev.monti.lt\/#website"},"primaryImageOfPage":{"@id":"https:\/\/dev.monti.lt\/product\/posca-markeriu-rinkinys-16-vnt-1m\/#primaryimage"},"image":{"@id":"https:\/\/dev.monti.lt\/product\/posca-markeriu-rinkinys-16-vnt-1m\/#primaryimage"},"thumbnailUrl":"https:\/\/dev.monti.lt\/wp-content\/uploads\/2024\/02\/1m-16-3.jpg","datePublished":"2024-02-06T08:15:26+00:00","dateModified":"2024-10-07T10:10:26+00:00","breadcrumb":{"@id":"https:\/\/dev.monti.lt\/product\/posca-markeriu-rinkinys-16-vnt-1m\/#breadcrumb"},"inLanguage":"en-US","potentialAction":[{"@type":"ReadAction","target":["https:\/\/dev.monti.lt\/product\/posca-markeriu-rinkinys-16-vnt-1m\/"]}]},{"@type":"ImageObject","inLanguage":"en-US","@id":"https:\/\/dev.monti.lt\/product\/posca-markeriu-rinkinys-16-vnt-1m\/#primaryimage","url":"https:\/\/dev.monti.lt\/wp-content\/uploads\/2024\/02\/1m-16-3.jpg","contentUrl":"https:\/\/dev.monti.lt\/wp-content\/uploads\/2024\/02\/1m-16-3.jpg","width":1024,"height":1024,"caption":"posca markeriai"},{"@type":"BreadcrumbList","@id":"https:\/\/dev.monti.lt\/product\/posca-markeriu-rinkinys-16-vnt-1m\/#breadcrumb","itemListElement":[{"@type":"ListItem","position":1,"name":"Home","item":"https:\/\/dev.monti.lt\/"},{"@type":"ListItem","position":2,"name":"Parduotuv\u0117","item":"https:\/\/dev.monti.lt\/shop\/"},{"@type":"ListItem","position":3,"name":"POSCA markeri\u0173 rinkinys 16 vnt., 1M"}]},{"@type":"WebSite","@id":"https:\/\/dev.monti.lt\/#website","url":"https:\/\/dev.monti.lt\/","name":"Montessori \u017eaislai","description":"","publisher":{"@id":"https:\/\/dev.monti.lt\/#organization"},"potentialAction":[{"@type":"SearchAction","target":{"@type":"EntryPoint","urlTemplate":"https:\/\/dev.monti.lt\/?s={search_term_string}"},"query-input":"required name=search_term_string"}],"inLanguage":"en-US"},{"@type":"Organization","@id":"https:\/\/dev.monti.lt\/#organization","name":"Montessori \u017eaislai","url":"https:\/\/dev.monti.lt\/","logo":{"@type":"ImageObject","inLanguage":"en-US","@id":"https:\/\/dev.monti.lt\/#\/schema\/logo\/image\/","url":"https:\/\/dev.monti.lt\/wp-content\/uploads\/2022\/03\/montilogo-1.png","contentUrl":"https:\/\/dev.monti.lt\/wp-content\/uploads\/2022\/03\/montilogo-1.png","width":512,"height":512,"caption":"Montessori \u017eaislai"},"image":{"@id":"https:\/\/dev.monti.lt\/#\/schema\/logo\/image\/"}}]}},"_links":{"self":[{"href":"https:\/\/dev.monti.lt\/en\/wp-json\/wp\/v2\/product\/21767"}],"collection":[{"href":"https:\/\/dev.monti.lt\/en\/wp-json\/wp\/v2\/product"}],"about":[{"href":"https:\/\/dev.monti.lt\/en\/wp-json\/wp\/v2\/types\/product"}],"version-history":[{"count":1,"href":"https:\/\/dev.monti.lt\/en\/wp-json\/wp\/v2\/product\/21767\/revisions"}],"predecessor-version":[{"id":21772,"href":"https:\/\/dev.monti.lt\/en\/wp-json\/wp\/v2\/product\/21767\/revisions\/21772"}],"wp:featuredmedia":[{"embeddable":true,"href":"https:\/\/dev.monti.lt\/en\/wp-json\/wp\/v2\/media\/21768"}],"wp:attachment":[{"href":"https:\/\/dev.monti.lt\/en\/wp-json\/wp\/v2\/media?parent=21767"}],"wp:term":[{"taxonomy":"product_cat","embeddable":true,"href":"https:\/\/dev.monti.lt\/en\/wp-json\/wp\/v2\/product_cat?post=21767"},{"taxonomy":"product_tag","embeddable":true,"href":"https:\/\/dev.monti.lt\/en\/wp-json\/wp\/v2\/product_tag?post=21767"}],"curies":[{"name":"wp","href":"https:\/\/api.w.org\/{rel}","templated":true}]}}