{"id":21741,"date":"2024-02-05T12:30:55","date_gmt":"2024-02-05T12:30:55","guid":{"rendered":"https:\/\/dev.monti.lt\/?post_type=product&#038;p=21741"},"modified":"2024-10-07T10:11:02","modified_gmt":"2024-10-07T10:11:02","slug":"posca-markeriu-pasteliniu-spalvu-rinkinys5m-8vnt","status":"publish","type":"product","link":"https:\/\/dev.monti.lt\/en\/product\/posca-markeriu-pasteliniu-spalvu-rinkinys5m-8vnt\/","title":{"rendered":"POSCA markeri\u0173 pastelini\u0173 spalv\u0173 rinkinys,5M 8vnt."},"content":{"rendered":"<p>Visapusi\u0161kas markeris PC-5M vidutinio dyd\u017eio 1,8\u20132,5 mm pluo\u0161tinis antgalis sukuria ry\u0161kias linijas ir idealiai tinka tiek spalvinimui, tiek kont\u016brams. \u0160\u012f marker\u012f yra patogu laikyti. Jis puikiai tinka ir ma\u017eam ir dideliam, ir profesionalui ir pradedan\u010diajam.<\/p><p><strong>Spalvos:<\/strong><\/p><p>Vandens \u017ealia<\/p><p>\u0160viesiai m\u0117lyna<\/p><p>Levand\u0173<\/p><p>\u0160viesiai ro\u017ein\u0117<\/p><p>Koralin\u0117 Ro\u017ein\u0117<\/p><p>Pastelin\u0117 persikin\u0117<\/p><p>Saul\u0117ta geltona<\/p><p>Balta<\/p>","protected":false},"excerpt":{"rendered":"<p>Visapusi\u0161kas markeris PC-5M vidutinio dyd\u017eio 1,8\u20132,5 mm pluo\u0161tinis antgalis sukuria ry\u0161kias linijas ir idealiai tinka tiek spalvinimui, tiek kont\u016brams. \u0160\u012f marker\u012f yra patogu laikyti. Jis puikiai tinka ir ma\u017eam ir dideliam, ir profesionalui ir pradedan\u010diajam. Spalvos: Vandens \u017ealia \u0160viesiai m\u0117lyna Levand\u0173 \u0160viesiai ro\u017ein\u0117 Koralin\u0117 Ro\u017ein\u0117 Pastelin\u0117 persikin\u0117 Saul\u0117ta geltona Balta<\/p>","protected":false},"featured_media":21742,"template":"","meta":{"iawp_total_views":27},"product_cat":[84,89,220,199],"product_tag":[101,96,97,98,99,100],"class_list":{"0":"post-21741","1":"product","2":"type-product","3":"status-publish","4":"has-post-thumbnail","6":"product_cat-lavinamieji-zaislai","7":"product_cat-mokausi-piesti","8":"product_cat-posca-markeriai","9":"product_cat-ugdymo-istaigoms","10":"product_tag-12-m-14-m","11":"product_tag-2-m-3-m","12":"product_tag-3-m-4-m","13":"product_tag-5-m-7-m","14":"product_tag-8-m-11-m","15":"product_tag-15-m","17":"first","18":"instock","19":"sale","20":"taxable","21":"shipping-taxable","22":"purchasable","23":"product-type-simple"},"yoast_head":"<!-- This site is optimized with the Yoast SEO plugin v23.3 - https:\/\/yoast.com\/wordpress\/plugins\/seo\/ -->\n<title>POSCA markeri\u0173 pastelini\u0173 spalv\u0173 rinkinys,5M 8vnt. - Montessori \u017eaislai<\/title>\n<meta name=\"robots\" content=\"noindex, follow, max-snippet:-1, max-image-preview:large, max-video-preview:-1\" \/>\n<meta property=\"og:locale\" content=\"en_US\" \/>\n<meta property=\"og:type\" content=\"article\" \/>\n<meta property=\"og:title\" content=\"POSCA markeri\u0173 pastelini\u0173 spalv\u0173 rinkinys,5M 8vnt. - Montessori \u017eaislai\" \/>\n<meta property=\"og:description\" content=\"Visapusi\u0161kas markeris PC-5M vidutinio dyd\u017eio 1,8\u20132,5 mm pluo\u0161tinis antgalis sukuria ry\u0161kias linijas ir idealiai tinka tiek spalvinimui, tiek kont\u016brams. \u0160\u012f marker\u012f yra patogu laikyti. Jis puikiai tinka ir ma\u017eam ir dideliam, ir profesionalui ir pradedan\u010diajam. Spalvos: Vandens \u017ealia \u0160viesiai m\u0117lyna Levand\u0173 \u0160viesiai ro\u017ein\u0117 Koralin\u0117 Ro\u017ein\u0117 Pastelin\u0117 persikin\u0117 Saul\u0117ta geltona Balta\" \/>\n<meta property=\"og:url\" content=\"https:\/\/dev.monti.lt\/en\/product\/posca-markeriu-pasteliniu-spalvu-rinkinys5m-8vnt\/\" \/>\n<meta property=\"og:site_name\" content=\"Montessori \u017eaislai\" \/>\n<meta property=\"article:modified_time\" content=\"2024-10-07T10:11:02+00:00\" \/>\n<meta property=\"og:image\" content=\"https:\/\/dev.monti.lt\/wp-content\/uploads\/2024\/02\/pc-5M-soft-2.jpg\" \/>\n\t<meta property=\"og:image:width\" content=\"1380\" \/>\n\t<meta property=\"og:image:height\" content=\"1475\" \/>\n\t<meta property=\"og:image:type\" content=\"image\/jpeg\" \/>\n<meta name=\"twitter:card\" content=\"summary_large_image\" \/>\n<meta name=\"twitter:label1\" content=\"Est. reading time\" \/>\n\t<meta name=\"twitter:data1\" content=\"1 minute\" \/>\n<script type=\"application\/ld+json\" class=\"yoast-schema-graph\">{\"@context\":\"https:\/\/schema.org\",\"@graph\":[{\"@type\":\"WebPage\",\"@id\":\"https:\/\/dev.monti.lt\/product\/posca-markeriu-pasteliniu-spalvu-rinkinys5m-8vnt\/\",\"url\":\"https:\/\/dev.monti.lt\/product\/posca-markeriu-pasteliniu-spalvu-rinkinys5m-8vnt\/\",\"name\":\"POSCA markeri\u0173 pastelini\u0173 spalv\u0173 rinkinys,5M 8vnt. - Montessori \u017eaislai\",\"isPartOf\":{\"@id\":\"https:\/\/dev.monti.lt\/#website\"},\"primaryImageOfPage\":{\"@id\":\"https:\/\/dev.monti.lt\/product\/posca-markeriu-pasteliniu-spalvu-rinkinys5m-8vnt\/#primaryimage\"},\"image\":{\"@id\":\"https:\/\/dev.monti.lt\/product\/posca-markeriu-pasteliniu-spalvu-rinkinys5m-8vnt\/#primaryimage\"},\"thumbnailUrl\":\"https:\/\/dev.monti.lt\/wp-content\/uploads\/2024\/02\/pc-5M-soft-2.jpg\",\"datePublished\":\"2024-02-05T12:30:55+00:00\",\"dateModified\":\"2024-10-07T10:11:02+00:00\",\"breadcrumb\":{\"@id\":\"https:\/\/dev.monti.lt\/product\/posca-markeriu-pasteliniu-spalvu-rinkinys5m-8vnt\/#breadcrumb\"},\"inLanguage\":\"en-US\",\"potentialAction\":[{\"@type\":\"ReadAction\",\"target\":[\"https:\/\/dev.monti.lt\/product\/posca-markeriu-pasteliniu-spalvu-rinkinys5m-8vnt\/\"]}]},{\"@type\":\"ImageObject\",\"inLanguage\":\"en-US\",\"@id\":\"https:\/\/dev.monti.lt\/product\/posca-markeriu-pasteliniu-spalvu-rinkinys5m-8vnt\/#primaryimage\",\"url\":\"https:\/\/dev.monti.lt\/wp-content\/uploads\/2024\/02\/pc-5M-soft-2.jpg\",\"contentUrl\":\"https:\/\/dev.monti.lt\/wp-content\/uploads\/2024\/02\/pc-5M-soft-2.jpg\",\"width\":1380,\"height\":1475,\"caption\":\"POSCA markeriai\"},{\"@type\":\"BreadcrumbList\",\"@id\":\"https:\/\/dev.monti.lt\/product\/posca-markeriu-pasteliniu-spalvu-rinkinys5m-8vnt\/#breadcrumb\",\"itemListElement\":[{\"@type\":\"ListItem\",\"position\":1,\"name\":\"Home\",\"item\":\"https:\/\/dev.monti.lt\/\"},{\"@type\":\"ListItem\",\"position\":2,\"name\":\"Parduotuv\u0117\",\"item\":\"https:\/\/dev.monti.lt\/shop\/\"},{\"@type\":\"ListItem\",\"position\":3,\"name\":\"POSCA markeri\u0173 pastelini\u0173 spalv\u0173 rinkinys,5M 8vnt.\"}]},{\"@type\":\"WebSite\",\"@id\":\"https:\/\/dev.monti.lt\/#website\",\"url\":\"https:\/\/dev.monti.lt\/\",\"name\":\"Montessori \u017eaislai\",\"description\":\"\",\"publisher\":{\"@id\":\"https:\/\/dev.monti.lt\/#organization\"},\"potentialAction\":[{\"@type\":\"SearchAction\",\"target\":{\"@type\":\"EntryPoint\",\"urlTemplate\":\"https:\/\/dev.monti.lt\/?s={search_term_string}\"},\"query-input\":\"required name=search_term_string\"}],\"inLanguage\":\"en-US\"},{\"@type\":\"Organization\",\"@id\":\"https:\/\/dev.monti.lt\/#organization\",\"name\":\"Montessori \u017eaislai\",\"url\":\"https:\/\/dev.monti.lt\/\",\"logo\":{\"@type\":\"ImageObject\",\"inLanguage\":\"en-US\",\"@id\":\"https:\/\/dev.monti.lt\/#\/schema\/logo\/image\/\",\"url\":\"https:\/\/dev.monti.lt\/wp-content\/uploads\/2022\/03\/montilogo-1.png\",\"contentUrl\":\"https:\/\/dev.monti.lt\/wp-content\/uploads\/2022\/03\/montilogo-1.png\",\"width\":512,\"height\":512,\"caption\":\"Montessori \u017eaislai\"},\"image\":{\"@id\":\"https:\/\/dev.monti.lt\/#\/schema\/logo\/image\/\"}}]}<\/script>\n<!-- \/ Yoast SEO plugin. -->","yoast_head_json":{"title":"POSCA markeri\u0173 pastelini\u0173 spalv\u0173 rinkinys,5M 8vnt. - Montessori \u017eaislai","robots":{"index":"noindex","follow":"follow","max-snippet":"max-snippet:-1","max-image-preview":"max-image-preview:large","max-video-preview":"max-video-preview:-1"},"og_locale":"en_US","og_type":"article","og_title":"POSCA markeri\u0173 pastelini\u0173 spalv\u0173 rinkinys,5M 8vnt. - Montessori \u017eaislai","og_description":"Visapusi\u0161kas markeris PC-5M vidutinio dyd\u017eio 1,8\u20132,5 mm pluo\u0161tinis antgalis sukuria ry\u0161kias linijas ir idealiai tinka tiek spalvinimui, tiek kont\u016brams. \u0160\u012f marker\u012f yra patogu laikyti. Jis puikiai tinka ir ma\u017eam ir dideliam, ir profesionalui ir pradedan\u010diajam. Spalvos: Vandens \u017ealia \u0160viesiai m\u0117lyna Levand\u0173 \u0160viesiai ro\u017ein\u0117 Koralin\u0117 Ro\u017ein\u0117 Pastelin\u0117 persikin\u0117 Saul\u0117ta geltona Balta","og_url":"https:\/\/dev.monti.lt\/en\/product\/posca-markeriu-pasteliniu-spalvu-rinkinys5m-8vnt\/","og_site_name":"Montessori \u017eaislai","article_modified_time":"2024-10-07T10:11:02+00:00","og_image":[{"width":1380,"height":1475,"url":"https:\/\/dev.monti.lt\/wp-content\/uploads\/2024\/02\/pc-5M-soft-2.jpg","type":"image\/jpeg"}],"twitter_card":"summary_large_image","twitter_misc":{"Est. reading time":"1 minute"},"schema":{"@context":"https:\/\/schema.org","@graph":[{"@type":"WebPage","@id":"https:\/\/dev.monti.lt\/product\/posca-markeriu-pasteliniu-spalvu-rinkinys5m-8vnt\/","url":"https:\/\/dev.monti.lt\/product\/posca-markeriu-pasteliniu-spalvu-rinkinys5m-8vnt\/","name":"POSCA markeri\u0173 pastelini\u0173 spalv\u0173 rinkinys,5M 8vnt. - Montessori \u017eaislai","isPartOf":{"@id":"https:\/\/dev.monti.lt\/#website"},"primaryImageOfPage":{"@id":"https:\/\/dev.monti.lt\/product\/posca-markeriu-pasteliniu-spalvu-rinkinys5m-8vnt\/#primaryimage"},"image":{"@id":"https:\/\/dev.monti.lt\/product\/posca-markeriu-pasteliniu-spalvu-rinkinys5m-8vnt\/#primaryimage"},"thumbnailUrl":"https:\/\/dev.monti.lt\/wp-content\/uploads\/2024\/02\/pc-5M-soft-2.jpg","datePublished":"2024-02-05T12:30:55+00:00","dateModified":"2024-10-07T10:11:02+00:00","breadcrumb":{"@id":"https:\/\/dev.monti.lt\/product\/posca-markeriu-pasteliniu-spalvu-rinkinys5m-8vnt\/#breadcrumb"},"inLanguage":"en-US","potentialAction":[{"@type":"ReadAction","target":["https:\/\/dev.monti.lt\/product\/posca-markeriu-pasteliniu-spalvu-rinkinys5m-8vnt\/"]}]},{"@type":"ImageObject","inLanguage":"en-US","@id":"https:\/\/dev.monti.lt\/product\/posca-markeriu-pasteliniu-spalvu-rinkinys5m-8vnt\/#primaryimage","url":"https:\/\/dev.monti.lt\/wp-content\/uploads\/2024\/02\/pc-5M-soft-2.jpg","contentUrl":"https:\/\/dev.monti.lt\/wp-content\/uploads\/2024\/02\/pc-5M-soft-2.jpg","width":1380,"height":1475,"caption":"POSCA markeriai"},{"@type":"BreadcrumbList","@id":"https:\/\/dev.monti.lt\/product\/posca-markeriu-pasteliniu-spalvu-rinkinys5m-8vnt\/#breadcrumb","itemListElement":[{"@type":"ListItem","position":1,"name":"Home","item":"https:\/\/dev.monti.lt\/"},{"@type":"ListItem","position":2,"name":"Parduotuv\u0117","item":"https:\/\/dev.monti.lt\/shop\/"},{"@type":"ListItem","position":3,"name":"POSCA markeri\u0173 pastelini\u0173 spalv\u0173 rinkinys,5M 8vnt."}]},{"@type":"WebSite","@id":"https:\/\/dev.monti.lt\/#website","url":"https:\/\/dev.monti.lt\/","name":"Montessori \u017eaislai","description":"","publisher":{"@id":"https:\/\/dev.monti.lt\/#organization"},"potentialAction":[{"@type":"SearchAction","target":{"@type":"EntryPoint","urlTemplate":"https:\/\/dev.monti.lt\/?s={search_term_string}"},"query-input":"required name=search_term_string"}],"inLanguage":"en-US"},{"@type":"Organization","@id":"https:\/\/dev.monti.lt\/#organization","name":"Montessori \u017eaislai","url":"https:\/\/dev.monti.lt\/","logo":{"@type":"ImageObject","inLanguage":"en-US","@id":"https:\/\/dev.monti.lt\/#\/schema\/logo\/image\/","url":"https:\/\/dev.monti.lt\/wp-content\/uploads\/2022\/03\/montilogo-1.png","contentUrl":"https:\/\/dev.monti.lt\/wp-content\/uploads\/2022\/03\/montilogo-1.png","width":512,"height":512,"caption":"Montessori \u017eaislai"},"image":{"@id":"https:\/\/dev.monti.lt\/#\/schema\/logo\/image\/"}}]}},"_links":{"self":[{"href":"https:\/\/dev.monti.lt\/en\/wp-json\/wp\/v2\/product\/21741"}],"collection":[{"href":"https:\/\/dev.monti.lt\/en\/wp-json\/wp\/v2\/product"}],"about":[{"href":"https:\/\/dev.monti.lt\/en\/wp-json\/wp\/v2\/types\/product"}],"version-history":[{"count":1,"href":"https:\/\/dev.monti.lt\/en\/wp-json\/wp\/v2\/product\/21741\/revisions"}],"predecessor-version":[{"id":21745,"href":"https:\/\/dev.monti.lt\/en\/wp-json\/wp\/v2\/product\/21741\/revisions\/21745"}],"wp:featuredmedia":[{"embeddable":true,"href":"https:\/\/dev.monti.lt\/en\/wp-json\/wp\/v2\/media\/21742"}],"wp:attachment":[{"href":"https:\/\/dev.monti.lt\/en\/wp-json\/wp\/v2\/media?parent=21741"}],"wp:term":[{"taxonomy":"product_cat","embeddable":true,"href":"https:\/\/dev.monti.lt\/en\/wp-json\/wp\/v2\/product_cat?post=21741"},{"taxonomy":"product_tag","embeddable":true,"href":"https:\/\/dev.monti.lt\/en\/wp-json\/wp\/v2\/product_tag?post=21741"}],"curies":[{"name":"wp","href":"https:\/\/api.w.org\/{rel}","templated":true}]}}