{"id":21738,"date":"2024-02-05T12:23:05","date_gmt":"2024-02-05T12:23:05","guid":{"rendered":"https:\/\/dev.monti.lt\/?post_type=product&#038;p=21738"},"modified":"2024-09-16T20:04:37","modified_gmt":"2024-09-16T20:04:37","slug":"posca-markeriu-rinkinys-metalineje-dezuteje-20-vnt","status":"publish","type":"product","link":"https:\/\/dev.monti.lt\/en\/product\/posca-markeriu-rinkinys-metalineje-dezuteje-20-vnt\/","title":{"rendered":"POSCA markeri\u0173 rinkinys metalin\u0117je d\u0117\u017eut\u0117je, 20 vnt."},"content":{"rendered":"<p>Rinkinys puikiai tiks pie\u0161imo entuziastams, suteikiantis ne tik puiki\u0105 kokyb\u0119, bet ir spalv\u0173 \u012fvairov\u0119.<\/p><p>Metalin\u0117je de\u017eut\u0117j\u0117, kurioje yra \u017eymekliai, palengvina ne tik laikym\u0105, bet ir transportavim\u0105.<\/p><p>\u012e komplekt\u0105 \u012feina:<\/p><p>PC-5M- 7 \u017eymekliai, spalva: juoda, balta, m\u0117lyna, violetin\u0117, ro\u017ein\u0117, \u017ealia, geltona.<\/p><p>PC-3M \u2013 7 \u017eymekliai, spalva: auksin\u0117, sidabrin\u0117, ruda, raudona, koralin\u0117 ro\u017ein\u0117, \u0161viesiai m\u0117lyna, sm\u0117lio.<\/p><p>PC-1M \u2013 6 \u017eymekliai, spalva: vidutini\u0161kai \u017ealia, \u0161viesiai ro\u017ein\u0117, dramblio kaulo, juoda, pilka, oran\u017ein\u0117.<\/p>","protected":false},"excerpt":{"rendered":"<p>Rinkinys puikiai tiks pie\u0161imo entuziastams, suteikiantis ne tik puiki\u0105 kokyb\u0119, bet ir spalv\u0173 \u012fvairov\u0119. Metalin\u0117je de\u017eut\u0117j\u0117, kurioje yra \u017eymekliai, palengvina ne tik laikym\u0105, bet ir transportavim\u0105. \u012e komplekt\u0105 \u012feina: PC-5M- 7 \u017eymekliai, spalva: juoda, balta, m\u0117lyna, violetin\u0117, ro\u017ein\u0117, \u017ealia, geltona. PC-3M \u2013 7 \u017eymekliai, spalva: auksin\u0117, sidabrin\u0117, ruda, raudona, koralin\u0117 ro\u017ein\u0117, \u0161viesiai m\u0117lyna, sm\u0117lio. PC-1M [&hellip;]<\/p>","protected":false},"featured_media":21739,"template":"","meta":{"iawp_total_views":43},"product_cat":[194,195,216,217,191,84,89,220,199],"product_tag":[101,96,97,98,99,100],"class_list":{"0":"post-21738","1":"product","2":"type-product","3":"status-publish","4":"has-post-thumbnail","6":"product_cat-dovanos-vaikams-2-3-metu","7":"product_cat-dovanos-vaikams-3-4-metu","8":"product_cat-dovanos-4-5-metu-vaikams","9":"product_cat-dovanos-5-7-metu-vaikams","10":"product_cat-dovanos-vaikams","11":"product_cat-lavinamieji-zaislai","12":"product_cat-mokausi-piesti","13":"product_cat-posca-markeriai","14":"product_cat-ugdymo-istaigoms","15":"product_tag-12-m-14-m","16":"product_tag-2-m-3-m","17":"product_tag-3-m-4-m","18":"product_tag-5-m-7-m","19":"product_tag-8-m-11-m","20":"product_tag-15-m","22":"first","23":"outofstock","24":"taxable","25":"shipping-taxable","26":"purchasable","27":"product-type-simple"},"yoast_head":"<!-- This site is optimized with the Yoast SEO plugin v23.3 - https:\/\/yoast.com\/wordpress\/plugins\/seo\/ -->\n<title>POSCA markeri\u0173 rinkinys metalin\u0117je d\u0117\u017eut\u0117je, 20 vnt. - Montessori \u017eaislai<\/title>\n<meta name=\"robots\" content=\"noindex, follow, max-snippet:-1, max-image-preview:large, max-video-preview:-1\" \/>\n<meta property=\"og:locale\" content=\"en_US\" \/>\n<meta property=\"og:type\" content=\"article\" \/>\n<meta property=\"og:title\" content=\"POSCA markeri\u0173 rinkinys metalin\u0117je d\u0117\u017eut\u0117je, 20 vnt. - Montessori \u017eaislai\" \/>\n<meta property=\"og:description\" content=\"Rinkinys puikiai tiks pie\u0161imo entuziastams, suteikiantis ne tik puiki\u0105 kokyb\u0119, bet ir spalv\u0173 \u012fvairov\u0119. Metalin\u0117je de\u017eut\u0117j\u0117, kurioje yra \u017eymekliai, palengvina ne tik laikym\u0105, bet ir transportavim\u0105. \u012e komplekt\u0105 \u012feina: PC-5M- 7 \u017eymekliai, spalva: juoda, balta, m\u0117lyna, violetin\u0117, ro\u017ein\u0117, \u017ealia, geltona. PC-3M \u2013 7 \u017eymekliai, spalva: auksin\u0117, sidabrin\u0117, ruda, raudona, koralin\u0117 ro\u017ein\u0117, \u0161viesiai m\u0117lyna, sm\u0117lio. PC-1M [&hellip;]\" \/>\n<meta property=\"og:url\" content=\"https:\/\/dev.monti.lt\/en\/product\/posca-markeriu-rinkinys-metalineje-dezuteje-20-vnt\/\" \/>\n<meta property=\"og:site_name\" content=\"Montessori \u017eaislai\" \/>\n<meta property=\"article:modified_time\" content=\"2024-09-16T20:04:37+00:00\" \/>\n<meta property=\"og:image\" content=\"https:\/\/dev.monti.lt\/wp-content\/uploads\/2024\/02\/IMG-7705.jpg-metalllll.jpg\" \/>\n\t<meta property=\"og:image:width\" content=\"2560\" \/>\n\t<meta property=\"og:image:height\" content=\"2560\" \/>\n\t<meta property=\"og:image:type\" content=\"image\/jpeg\" \/>\n<meta name=\"twitter:card\" content=\"summary_large_image\" \/>\n<meta name=\"twitter:label1\" content=\"Est. reading time\" \/>\n\t<meta name=\"twitter:data1\" content=\"1 minute\" \/>\n<script type=\"application\/ld+json\" class=\"yoast-schema-graph\">{\"@context\":\"https:\/\/schema.org\",\"@graph\":[{\"@type\":\"WebPage\",\"@id\":\"https:\/\/dev.monti.lt\/product\/posca-markeriu-rinkinys-metalineje-dezuteje-20-vnt\/\",\"url\":\"https:\/\/dev.monti.lt\/product\/posca-markeriu-rinkinys-metalineje-dezuteje-20-vnt\/\",\"name\":\"POSCA markeri\u0173 rinkinys metalin\u0117je d\u0117\u017eut\u0117je, 20 vnt. - Montessori \u017eaislai\",\"isPartOf\":{\"@id\":\"https:\/\/dev.monti.lt\/#website\"},\"primaryImageOfPage\":{\"@id\":\"https:\/\/dev.monti.lt\/product\/posca-markeriu-rinkinys-metalineje-dezuteje-20-vnt\/#primaryimage\"},\"image\":{\"@id\":\"https:\/\/dev.monti.lt\/product\/posca-markeriu-rinkinys-metalineje-dezuteje-20-vnt\/#primaryimage\"},\"thumbnailUrl\":\"https:\/\/dev.monti.lt\/wp-content\/uploads\/2024\/02\/IMG-7705.jpg-metalllll.jpg\",\"datePublished\":\"2024-02-05T12:23:05+00:00\",\"dateModified\":\"2024-09-16T20:04:37+00:00\",\"breadcrumb\":{\"@id\":\"https:\/\/dev.monti.lt\/product\/posca-markeriu-rinkinys-metalineje-dezuteje-20-vnt\/#breadcrumb\"},\"inLanguage\":\"en-US\",\"potentialAction\":[{\"@type\":\"ReadAction\",\"target\":[\"https:\/\/dev.monti.lt\/product\/posca-markeriu-rinkinys-metalineje-dezuteje-20-vnt\/\"]}]},{\"@type\":\"ImageObject\",\"inLanguage\":\"en-US\",\"@id\":\"https:\/\/dev.monti.lt\/product\/posca-markeriu-rinkinys-metalineje-dezuteje-20-vnt\/#primaryimage\",\"url\":\"https:\/\/dev.monti.lt\/wp-content\/uploads\/2024\/02\/IMG-7705.jpg-metalllll.jpg\",\"contentUrl\":\"https:\/\/dev.monti.lt\/wp-content\/uploads\/2024\/02\/IMG-7705.jpg-metalllll.jpg\",\"width\":2560,\"height\":2560,\"caption\":\"POSCA markeriu rinkinys\"},{\"@type\":\"BreadcrumbList\",\"@id\":\"https:\/\/dev.monti.lt\/product\/posca-markeriu-rinkinys-metalineje-dezuteje-20-vnt\/#breadcrumb\",\"itemListElement\":[{\"@type\":\"ListItem\",\"position\":1,\"name\":\"Home\",\"item\":\"https:\/\/dev.monti.lt\/\"},{\"@type\":\"ListItem\",\"position\":2,\"name\":\"Parduotuv\u0117\",\"item\":\"https:\/\/dev.monti.lt\/shop\/\"},{\"@type\":\"ListItem\",\"position\":3,\"name\":\"POSCA markeri\u0173 rinkinys metalin\u0117je d\u0117\u017eut\u0117je, 20 vnt.\"}]},{\"@type\":\"WebSite\",\"@id\":\"https:\/\/dev.monti.lt\/#website\",\"url\":\"https:\/\/dev.monti.lt\/\",\"name\":\"Montessori \u017eaislai\",\"description\":\"\",\"publisher\":{\"@id\":\"https:\/\/dev.monti.lt\/#organization\"},\"potentialAction\":[{\"@type\":\"SearchAction\",\"target\":{\"@type\":\"EntryPoint\",\"urlTemplate\":\"https:\/\/dev.monti.lt\/?s={search_term_string}\"},\"query-input\":\"required name=search_term_string\"}],\"inLanguage\":\"en-US\"},{\"@type\":\"Organization\",\"@id\":\"https:\/\/dev.monti.lt\/#organization\",\"name\":\"Montessori \u017eaislai\",\"url\":\"https:\/\/dev.monti.lt\/\",\"logo\":{\"@type\":\"ImageObject\",\"inLanguage\":\"en-US\",\"@id\":\"https:\/\/dev.monti.lt\/#\/schema\/logo\/image\/\",\"url\":\"https:\/\/dev.monti.lt\/wp-content\/uploads\/2022\/03\/montilogo-1.png\",\"contentUrl\":\"https:\/\/dev.monti.lt\/wp-content\/uploads\/2022\/03\/montilogo-1.png\",\"width\":512,\"height\":512,\"caption\":\"Montessori \u017eaislai\"},\"image\":{\"@id\":\"https:\/\/dev.monti.lt\/#\/schema\/logo\/image\/\"}}]}<\/script>\n<!-- \/ Yoast SEO plugin. -->","yoast_head_json":{"title":"POSCA markeri\u0173 rinkinys metalin\u0117je d\u0117\u017eut\u0117je, 20 vnt. - Montessori \u017eaislai","robots":{"index":"noindex","follow":"follow","max-snippet":"max-snippet:-1","max-image-preview":"max-image-preview:large","max-video-preview":"max-video-preview:-1"},"og_locale":"en_US","og_type":"article","og_title":"POSCA markeri\u0173 rinkinys metalin\u0117je d\u0117\u017eut\u0117je, 20 vnt. - Montessori \u017eaislai","og_description":"Rinkinys puikiai tiks pie\u0161imo entuziastams, suteikiantis ne tik puiki\u0105 kokyb\u0119, bet ir spalv\u0173 \u012fvairov\u0119. Metalin\u0117je de\u017eut\u0117j\u0117, kurioje yra \u017eymekliai, palengvina ne tik laikym\u0105, bet ir transportavim\u0105. \u012e komplekt\u0105 \u012feina: PC-5M- 7 \u017eymekliai, spalva: juoda, balta, m\u0117lyna, violetin\u0117, ro\u017ein\u0117, \u017ealia, geltona. PC-3M \u2013 7 \u017eymekliai, spalva: auksin\u0117, sidabrin\u0117, ruda, raudona, koralin\u0117 ro\u017ein\u0117, \u0161viesiai m\u0117lyna, sm\u0117lio. PC-1M [&hellip;]","og_url":"https:\/\/dev.monti.lt\/en\/product\/posca-markeriu-rinkinys-metalineje-dezuteje-20-vnt\/","og_site_name":"Montessori \u017eaislai","article_modified_time":"2024-09-16T20:04:37+00:00","og_image":[{"width":2560,"height":2560,"url":"https:\/\/dev.monti.lt\/wp-content\/uploads\/2024\/02\/IMG-7705.jpg-metalllll.jpg","type":"image\/jpeg"}],"twitter_card":"summary_large_image","twitter_misc":{"Est. reading time":"1 minute"},"schema":{"@context":"https:\/\/schema.org","@graph":[{"@type":"WebPage","@id":"https:\/\/dev.monti.lt\/product\/posca-markeriu-rinkinys-metalineje-dezuteje-20-vnt\/","url":"https:\/\/dev.monti.lt\/product\/posca-markeriu-rinkinys-metalineje-dezuteje-20-vnt\/","name":"POSCA markeri\u0173 rinkinys metalin\u0117je d\u0117\u017eut\u0117je, 20 vnt. - Montessori \u017eaislai","isPartOf":{"@id":"https:\/\/dev.monti.lt\/#website"},"primaryImageOfPage":{"@id":"https:\/\/dev.monti.lt\/product\/posca-markeriu-rinkinys-metalineje-dezuteje-20-vnt\/#primaryimage"},"image":{"@id":"https:\/\/dev.monti.lt\/product\/posca-markeriu-rinkinys-metalineje-dezuteje-20-vnt\/#primaryimage"},"thumbnailUrl":"https:\/\/dev.monti.lt\/wp-content\/uploads\/2024\/02\/IMG-7705.jpg-metalllll.jpg","datePublished":"2024-02-05T12:23:05+00:00","dateModified":"2024-09-16T20:04:37+00:00","breadcrumb":{"@id":"https:\/\/dev.monti.lt\/product\/posca-markeriu-rinkinys-metalineje-dezuteje-20-vnt\/#breadcrumb"},"inLanguage":"en-US","potentialAction":[{"@type":"ReadAction","target":["https:\/\/dev.monti.lt\/product\/posca-markeriu-rinkinys-metalineje-dezuteje-20-vnt\/"]}]},{"@type":"ImageObject","inLanguage":"en-US","@id":"https:\/\/dev.monti.lt\/product\/posca-markeriu-rinkinys-metalineje-dezuteje-20-vnt\/#primaryimage","url":"https:\/\/dev.monti.lt\/wp-content\/uploads\/2024\/02\/IMG-7705.jpg-metalllll.jpg","contentUrl":"https:\/\/dev.monti.lt\/wp-content\/uploads\/2024\/02\/IMG-7705.jpg-metalllll.jpg","width":2560,"height":2560,"caption":"POSCA markeriu rinkinys"},{"@type":"BreadcrumbList","@id":"https:\/\/dev.monti.lt\/product\/posca-markeriu-rinkinys-metalineje-dezuteje-20-vnt\/#breadcrumb","itemListElement":[{"@type":"ListItem","position":1,"name":"Home","item":"https:\/\/dev.monti.lt\/"},{"@type":"ListItem","position":2,"name":"Parduotuv\u0117","item":"https:\/\/dev.monti.lt\/shop\/"},{"@type":"ListItem","position":3,"name":"POSCA markeri\u0173 rinkinys metalin\u0117je d\u0117\u017eut\u0117je, 20 vnt."}]},{"@type":"WebSite","@id":"https:\/\/dev.monti.lt\/#website","url":"https:\/\/dev.monti.lt\/","name":"Montessori \u017eaislai","description":"","publisher":{"@id":"https:\/\/dev.monti.lt\/#organization"},"potentialAction":[{"@type":"SearchAction","target":{"@type":"EntryPoint","urlTemplate":"https:\/\/dev.monti.lt\/?s={search_term_string}"},"query-input":"required name=search_term_string"}],"inLanguage":"en-US"},{"@type":"Organization","@id":"https:\/\/dev.monti.lt\/#organization","name":"Montessori \u017eaislai","url":"https:\/\/dev.monti.lt\/","logo":{"@type":"ImageObject","inLanguage":"en-US","@id":"https:\/\/dev.monti.lt\/#\/schema\/logo\/image\/","url":"https:\/\/dev.monti.lt\/wp-content\/uploads\/2022\/03\/montilogo-1.png","contentUrl":"https:\/\/dev.monti.lt\/wp-content\/uploads\/2022\/03\/montilogo-1.png","width":512,"height":512,"caption":"Montessori \u017eaislai"},"image":{"@id":"https:\/\/dev.monti.lt\/#\/schema\/logo\/image\/"}}]}},"_links":{"self":[{"href":"https:\/\/dev.monti.lt\/en\/wp-json\/wp\/v2\/product\/21738"}],"collection":[{"href":"https:\/\/dev.monti.lt\/en\/wp-json\/wp\/v2\/product"}],"about":[{"href":"https:\/\/dev.monti.lt\/en\/wp-json\/wp\/v2\/types\/product"}],"version-history":[{"count":1,"href":"https:\/\/dev.monti.lt\/en\/wp-json\/wp\/v2\/product\/21738\/revisions"}],"predecessor-version":[{"id":21740,"href":"https:\/\/dev.monti.lt\/en\/wp-json\/wp\/v2\/product\/21738\/revisions\/21740"}],"wp:featuredmedia":[{"embeddable":true,"href":"https:\/\/dev.monti.lt\/en\/wp-json\/wp\/v2\/media\/21739"}],"wp:attachment":[{"href":"https:\/\/dev.monti.lt\/en\/wp-json\/wp\/v2\/media?parent=21738"}],"wp:term":[{"taxonomy":"product_cat","embeddable":true,"href":"https:\/\/dev.monti.lt\/en\/wp-json\/wp\/v2\/product_cat?post=21738"},{"taxonomy":"product_tag","embeddable":true,"href":"https:\/\/dev.monti.lt\/en\/wp-json\/wp\/v2\/product_tag?post=21738"}],"curies":[{"name":"wp","href":"https:\/\/api.w.org\/{rel}","templated":true}]}}