{"id":21726,"date":"2024-02-05T08:46:37","date_gmt":"2024-02-05T08:46:37","guid":{"rendered":"https:\/\/dev.monti.lt\/?post_type=product&#038;p=21726"},"modified":"2024-10-07T10:11:30","modified_gmt":"2024-10-07T10:11:30","slug":"posca-markeriu-rinkinys-soft-8-vnt-07-mm","status":"publish","type":"product","link":"https:\/\/dev.monti.lt\/en\/product\/posca-markeriu-rinkinys-soft-8-vnt-07-mm\/","title":{"rendered":"POSCA markeri\u0173 rinkinys, SOFT 8 vnt. 1M"},"content":{"rendered":"<ul class=\"wp-block-list\"><li><a href=\"https:\/\/papir.lt\/produktas\/markeriu-rinkinys-posca-pc-1m-soft-color-8-vnt\/#tab-description\">APRA\u0160YMAS<\/a><\/li><\/ul><p><strong>&nbsp;POSCA PC-1M Soft Colors<\/strong><\/p><ul class=\"wp-block-list\"><li>Puikiai tinka ma\u017eiems projektams, \u0161velniam dekoravimui, iliustracijoms.<\/li>\n\n<li>U\u017ed\u017ei\u016bvus \u017eymeklio da\u017eams, spalvos nesimai\u0161o.<\/li>\n\n<li>Vandens pagrindo da\u017eai nepersigeria per popieri\u0173.<\/li>\n\n<li>Atsparus saul\u0117s ir lietaus poveikiui.<\/li>\n\n<li>Universalus \u017eymeklis tinkantis ra\u0161yti turb\u016bt ant vis\u0173 pavir\u0161i\u0173: popieriaus, audini\u0173, plastiko, stiklo, porceliano, metalo, medienos.<\/li><\/ul><p><strong>Ra\u0161ymo storis:<\/strong>&nbsp;0,7 mm<\/p><p><strong>Ra\u0161ymo linijos ilgis:<\/strong>&nbsp;apie 340 m<\/p><p><strong>Spalvos:<\/strong><\/p><p>Vandens \u017ealia<\/p><p>\u0160viesiai m\u0117lyna<\/p><p>Levand\u0173<\/p><p>\u0160viesiai ro\u017ein\u0117<\/p><p>Koralin\u0117 Ro\u017ein\u0117<\/p><p>Pastelin\u0117 persikin\u0117<\/p><p>Saul\u0117ta geltona<\/p><p>Balta<\/p><p>8 vnt.<\/p>","protected":false},"excerpt":{"rendered":"<p>&nbsp;POSCA PC-1M Soft Colors Ra\u0161ymo storis:&nbsp;0,7 mm Ra\u0161ymo linijos ilgis:&nbsp;apie 340 m Spalvos: Vandens \u017ealia \u0160viesiai m\u0117lyna Levand\u0173 \u0160viesiai ro\u017ein\u0117 Koralin\u0117 Ro\u017ein\u0117 Pastelin\u0117 persikin\u0117 Saul\u0117ta geltona Balta 8 vnt.<\/p>","protected":false},"featured_media":21727,"template":"","meta":{"iawp_total_views":10},"product_cat":[193,194,195,216,217,191,84,89,220,199],"product_tag":[101,96,97,98,99,100],"class_list":{"0":"post-21726","1":"product","2":"type-product","3":"status-publish","4":"has-post-thumbnail","6":"product_cat-dovanos-vaikams-1-2-metu","7":"product_cat-dovanos-vaikams-2-3-metu","8":"product_cat-dovanos-vaikams-3-4-metu","9":"product_cat-dovanos-4-5-metu-vaikams","10":"product_cat-dovanos-5-7-metu-vaikams","11":"product_cat-dovanos-vaikams","12":"product_cat-lavinamieji-zaislai","13":"product_cat-mokausi-piesti","14":"product_cat-posca-markeriai","15":"product_cat-ugdymo-istaigoms","16":"product_tag-12-m-14-m","17":"product_tag-2-m-3-m","18":"product_tag-3-m-4-m","19":"product_tag-5-m-7-m","20":"product_tag-8-m-11-m","21":"product_tag-15-m","23":"first","24":"instock","25":"sale","26":"taxable","27":"shipping-taxable","28":"purchasable","29":"product-type-simple"},"yoast_head":"<!-- This site is optimized with the Yoast SEO plugin v23.3 - https:\/\/yoast.com\/wordpress\/plugins\/seo\/ -->\n<title>POSCA markeri\u0173 rinkinys, SOFT 8 vnt. 1M - Montessori \u017eaislai<\/title>\n<meta name=\"robots\" content=\"noindex, follow, max-snippet:-1, max-image-preview:large, max-video-preview:-1\" \/>\n<meta property=\"og:locale\" content=\"en_US\" \/>\n<meta property=\"og:type\" content=\"article\" \/>\n<meta property=\"og:title\" content=\"POSCA markeri\u0173 rinkinys, SOFT 8 vnt. 1M - Montessori \u017eaislai\" \/>\n<meta property=\"og:description\" content=\"&nbsp;POSCA PC-1M Soft Colors Ra\u0161ymo storis:&nbsp;0,7 mm Ra\u0161ymo linijos ilgis:&nbsp;apie 340 m Spalvos: Vandens \u017ealia \u0160viesiai m\u0117lyna Levand\u0173 \u0160viesiai ro\u017ein\u0117 Koralin\u0117 Ro\u017ein\u0117 Pastelin\u0117 persikin\u0117 Saul\u0117ta geltona Balta 8 vnt.\" \/>\n<meta property=\"og:url\" content=\"https:\/\/dev.monti.lt\/en\/product\/posca-markeriu-rinkinys-soft-8-vnt-07-mm\/\" \/>\n<meta property=\"og:site_name\" content=\"Montessori \u017eaislai\" \/>\n<meta property=\"article:modified_time\" content=\"2024-10-07T10:11:30+00:00\" \/>\n<meta property=\"og:image\" content=\"https:\/\/dev.monti.lt\/wp-content\/uploads\/2024\/02\/soft-1m.jpg\" \/>\n\t<meta property=\"og:image:width\" content=\"728\" \/>\n\t<meta property=\"og:image:height\" content=\"724\" \/>\n\t<meta property=\"og:image:type\" content=\"image\/jpeg\" \/>\n<meta name=\"twitter:card\" content=\"summary_large_image\" \/>\n<meta name=\"twitter:label1\" content=\"Est. reading time\" \/>\n\t<meta name=\"twitter:data1\" content=\"1 minute\" \/>\n<script type=\"application\/ld+json\" class=\"yoast-schema-graph\">{\"@context\":\"https:\/\/schema.org\",\"@graph\":[{\"@type\":\"WebPage\",\"@id\":\"https:\/\/dev.monti.lt\/product\/posca-markeriu-rinkinys-soft-8-vnt-07-mm\/\",\"url\":\"https:\/\/dev.monti.lt\/product\/posca-markeriu-rinkinys-soft-8-vnt-07-mm\/\",\"name\":\"POSCA markeri\u0173 rinkinys, SOFT 8 vnt. 1M - Montessori \u017eaislai\",\"isPartOf\":{\"@id\":\"https:\/\/dev.monti.lt\/#website\"},\"primaryImageOfPage\":{\"@id\":\"https:\/\/dev.monti.lt\/product\/posca-markeriu-rinkinys-soft-8-vnt-07-mm\/#primaryimage\"},\"image\":{\"@id\":\"https:\/\/dev.monti.lt\/product\/posca-markeriu-rinkinys-soft-8-vnt-07-mm\/#primaryimage\"},\"thumbnailUrl\":\"https:\/\/dev.monti.lt\/wp-content\/uploads\/2024\/02\/soft-1m.jpg\",\"datePublished\":\"2024-02-05T08:46:37+00:00\",\"dateModified\":\"2024-10-07T10:11:30+00:00\",\"breadcrumb\":{\"@id\":\"https:\/\/dev.monti.lt\/product\/posca-markeriu-rinkinys-soft-8-vnt-07-mm\/#breadcrumb\"},\"inLanguage\":\"en-US\",\"potentialAction\":[{\"@type\":\"ReadAction\",\"target\":[\"https:\/\/dev.monti.lt\/product\/posca-markeriu-rinkinys-soft-8-vnt-07-mm\/\"]}]},{\"@type\":\"ImageObject\",\"inLanguage\":\"en-US\",\"@id\":\"https:\/\/dev.monti.lt\/product\/posca-markeriu-rinkinys-soft-8-vnt-07-mm\/#primaryimage\",\"url\":\"https:\/\/dev.monti.lt\/wp-content\/uploads\/2024\/02\/soft-1m.jpg\",\"contentUrl\":\"https:\/\/dev.monti.lt\/wp-content\/uploads\/2024\/02\/soft-1m.jpg\",\"width\":728,\"height\":724,\"caption\":\"POSCA markeriai\"},{\"@type\":\"BreadcrumbList\",\"@id\":\"https:\/\/dev.monti.lt\/product\/posca-markeriu-rinkinys-soft-8-vnt-07-mm\/#breadcrumb\",\"itemListElement\":[{\"@type\":\"ListItem\",\"position\":1,\"name\":\"Home\",\"item\":\"https:\/\/dev.monti.lt\/\"},{\"@type\":\"ListItem\",\"position\":2,\"name\":\"Parduotuv\u0117\",\"item\":\"https:\/\/dev.monti.lt\/shop\/\"},{\"@type\":\"ListItem\",\"position\":3,\"name\":\"POSCA markeri\u0173 rinkinys, SOFT 8 vnt. 1M\"}]},{\"@type\":\"WebSite\",\"@id\":\"https:\/\/dev.monti.lt\/#website\",\"url\":\"https:\/\/dev.monti.lt\/\",\"name\":\"Montessori \u017eaislai\",\"description\":\"\",\"publisher\":{\"@id\":\"https:\/\/dev.monti.lt\/#organization\"},\"potentialAction\":[{\"@type\":\"SearchAction\",\"target\":{\"@type\":\"EntryPoint\",\"urlTemplate\":\"https:\/\/dev.monti.lt\/?s={search_term_string}\"},\"query-input\":\"required name=search_term_string\"}],\"inLanguage\":\"en-US\"},{\"@type\":\"Organization\",\"@id\":\"https:\/\/dev.monti.lt\/#organization\",\"name\":\"Montessori \u017eaislai\",\"url\":\"https:\/\/dev.monti.lt\/\",\"logo\":{\"@type\":\"ImageObject\",\"inLanguage\":\"en-US\",\"@id\":\"https:\/\/dev.monti.lt\/#\/schema\/logo\/image\/\",\"url\":\"https:\/\/dev.monti.lt\/wp-content\/uploads\/2022\/03\/montilogo-1.png\",\"contentUrl\":\"https:\/\/dev.monti.lt\/wp-content\/uploads\/2022\/03\/montilogo-1.png\",\"width\":512,\"height\":512,\"caption\":\"Montessori \u017eaislai\"},\"image\":{\"@id\":\"https:\/\/dev.monti.lt\/#\/schema\/logo\/image\/\"}}]}<\/script>\n<!-- \/ Yoast SEO plugin. -->","yoast_head_json":{"title":"POSCA markeri\u0173 rinkinys, SOFT 8 vnt. 1M - Montessori \u017eaislai","robots":{"index":"noindex","follow":"follow","max-snippet":"max-snippet:-1","max-image-preview":"max-image-preview:large","max-video-preview":"max-video-preview:-1"},"og_locale":"en_US","og_type":"article","og_title":"POSCA markeri\u0173 rinkinys, SOFT 8 vnt. 1M - Montessori \u017eaislai","og_description":"&nbsp;POSCA PC-1M Soft Colors Ra\u0161ymo storis:&nbsp;0,7 mm Ra\u0161ymo linijos ilgis:&nbsp;apie 340 m Spalvos: Vandens \u017ealia \u0160viesiai m\u0117lyna Levand\u0173 \u0160viesiai ro\u017ein\u0117 Koralin\u0117 Ro\u017ein\u0117 Pastelin\u0117 persikin\u0117 Saul\u0117ta geltona Balta 8 vnt.","og_url":"https:\/\/dev.monti.lt\/en\/product\/posca-markeriu-rinkinys-soft-8-vnt-07-mm\/","og_site_name":"Montessori \u017eaislai","article_modified_time":"2024-10-07T10:11:30+00:00","og_image":[{"width":728,"height":724,"url":"https:\/\/dev.monti.lt\/wp-content\/uploads\/2024\/02\/soft-1m.jpg","type":"image\/jpeg"}],"twitter_card":"summary_large_image","twitter_misc":{"Est. reading time":"1 minute"},"schema":{"@context":"https:\/\/schema.org","@graph":[{"@type":"WebPage","@id":"https:\/\/dev.monti.lt\/product\/posca-markeriu-rinkinys-soft-8-vnt-07-mm\/","url":"https:\/\/dev.monti.lt\/product\/posca-markeriu-rinkinys-soft-8-vnt-07-mm\/","name":"POSCA markeri\u0173 rinkinys, SOFT 8 vnt. 1M - Montessori \u017eaislai","isPartOf":{"@id":"https:\/\/dev.monti.lt\/#website"},"primaryImageOfPage":{"@id":"https:\/\/dev.monti.lt\/product\/posca-markeriu-rinkinys-soft-8-vnt-07-mm\/#primaryimage"},"image":{"@id":"https:\/\/dev.monti.lt\/product\/posca-markeriu-rinkinys-soft-8-vnt-07-mm\/#primaryimage"},"thumbnailUrl":"https:\/\/dev.monti.lt\/wp-content\/uploads\/2024\/02\/soft-1m.jpg","datePublished":"2024-02-05T08:46:37+00:00","dateModified":"2024-10-07T10:11:30+00:00","breadcrumb":{"@id":"https:\/\/dev.monti.lt\/product\/posca-markeriu-rinkinys-soft-8-vnt-07-mm\/#breadcrumb"},"inLanguage":"en-US","potentialAction":[{"@type":"ReadAction","target":["https:\/\/dev.monti.lt\/product\/posca-markeriu-rinkinys-soft-8-vnt-07-mm\/"]}]},{"@type":"ImageObject","inLanguage":"en-US","@id":"https:\/\/dev.monti.lt\/product\/posca-markeriu-rinkinys-soft-8-vnt-07-mm\/#primaryimage","url":"https:\/\/dev.monti.lt\/wp-content\/uploads\/2024\/02\/soft-1m.jpg","contentUrl":"https:\/\/dev.monti.lt\/wp-content\/uploads\/2024\/02\/soft-1m.jpg","width":728,"height":724,"caption":"POSCA markeriai"},{"@type":"BreadcrumbList","@id":"https:\/\/dev.monti.lt\/product\/posca-markeriu-rinkinys-soft-8-vnt-07-mm\/#breadcrumb","itemListElement":[{"@type":"ListItem","position":1,"name":"Home","item":"https:\/\/dev.monti.lt\/"},{"@type":"ListItem","position":2,"name":"Parduotuv\u0117","item":"https:\/\/dev.monti.lt\/shop\/"},{"@type":"ListItem","position":3,"name":"POSCA markeri\u0173 rinkinys, SOFT 8 vnt. 1M"}]},{"@type":"WebSite","@id":"https:\/\/dev.monti.lt\/#website","url":"https:\/\/dev.monti.lt\/","name":"Montessori \u017eaislai","description":"","publisher":{"@id":"https:\/\/dev.monti.lt\/#organization"},"potentialAction":[{"@type":"SearchAction","target":{"@type":"EntryPoint","urlTemplate":"https:\/\/dev.monti.lt\/?s={search_term_string}"},"query-input":"required name=search_term_string"}],"inLanguage":"en-US"},{"@type":"Organization","@id":"https:\/\/dev.monti.lt\/#organization","name":"Montessori \u017eaislai","url":"https:\/\/dev.monti.lt\/","logo":{"@type":"ImageObject","inLanguage":"en-US","@id":"https:\/\/dev.monti.lt\/#\/schema\/logo\/image\/","url":"https:\/\/dev.monti.lt\/wp-content\/uploads\/2022\/03\/montilogo-1.png","contentUrl":"https:\/\/dev.monti.lt\/wp-content\/uploads\/2022\/03\/montilogo-1.png","width":512,"height":512,"caption":"Montessori \u017eaislai"},"image":{"@id":"https:\/\/dev.monti.lt\/#\/schema\/logo\/image\/"}}]}},"_links":{"self":[{"href":"https:\/\/dev.monti.lt\/en\/wp-json\/wp\/v2\/product\/21726"}],"collection":[{"href":"https:\/\/dev.monti.lt\/en\/wp-json\/wp\/v2\/product"}],"about":[{"href":"https:\/\/dev.monti.lt\/en\/wp-json\/wp\/v2\/types\/product"}],"version-history":[{"count":2,"href":"https:\/\/dev.monti.lt\/en\/wp-json\/wp\/v2\/product\/21726\/revisions"}],"predecessor-version":[{"id":21746,"href":"https:\/\/dev.monti.lt\/en\/wp-json\/wp\/v2\/product\/21726\/revisions\/21746"}],"wp:featuredmedia":[{"embeddable":true,"href":"https:\/\/dev.monti.lt\/en\/wp-json\/wp\/v2\/media\/21727"}],"wp:attachment":[{"href":"https:\/\/dev.monti.lt\/en\/wp-json\/wp\/v2\/media?parent=21726"}],"wp:term":[{"taxonomy":"product_cat","embeddable":true,"href":"https:\/\/dev.monti.lt\/en\/wp-json\/wp\/v2\/product_cat?post=21726"},{"taxonomy":"product_tag","embeddable":true,"href":"https:\/\/dev.monti.lt\/en\/wp-json\/wp\/v2\/product_tag?post=21726"}],"curies":[{"name":"wp","href":"https:\/\/api.w.org\/{rel}","templated":true}]}}