{"id":21455,"date":"2023-12-29T09:29:11","date_gmt":"2023-12-29T09:29:11","guid":{"rendered":"https:\/\/dev.monti.lt\/?post_type=product&#038;p=21455"},"modified":"2024-09-25T11:02:59","modified_gmt":"2024-09-25T11:02:59","slug":"magnetiniai-blokeliai-64vnt","status":"publish","type":"product","link":"https:\/\/dev.monti.lt\/en\/product\/magnetiniai-blokeliai-64vnt\/","title":{"rendered":"Magnetiniai blokeliai, 64vnt."},"content":{"rendered":"<ul class=\"wp-block-list\"><li>Med\u017eiaga: plastikas + metalas<\/li>\n\n<li>Vaiko am\u017eius: Vaiko am\u017eius: 3+ I\u0161matavimai:<\/li>\n\n<li>Kamuolio skersmuo: Dydis: 4 cm<\/li>\n\n<li>Maksimalus bloko ilgis: 8,5 cm<\/li>\n\n<li>Minimalus bloko ilgis: 5 cm: Ilgiausias bloko ilgis: 5,5 cm.<\/li>\n\n<li>Pakuot\u0117s matmenys: 30 cm x 29,5 cm x 16 cm<br><\/li>\n\n<li>\u012eSP\u0116JIMAI<\/li>\n\n<li><\/li>\n\n<li>Naudojant gamin\u012f, vaikas turi b\u016bti nuolat pri\u017ei\u016brimas suaugusiojo.<\/li><\/ul><ol class=\"wp-block-list\"><li>Gaminyje yra smulki\u0173 dali\u0173, kurias prarijus gali kilti u\u017espringimo pavojus.<\/li>\n\n<li>Gaminyje yra magnetini\u0173 komponent\u0173, kurie nurijus gali \u012fstrigti vir\u0161kinamajame trakte ir kelti rimt\u0105 pavoj\u0173 sveikatai. Prarijus nedelsiant kreipkit\u0117s \u012f gydytoj\u0105.<\/li>\n\n<li>Gamin\u012f laikykite atokiau nuo \u0161ilumos \u0161altini\u0173 ir atviros liepsnos, nes d\u0117l j\u0173 gaminys gali b\u016bti negr\u012f\u017etamai sugadintas.<\/li>\n\n<li>Reguliariai tikrinkite gaminio b\u016bkl\u0119, rad\u0119 koki\u0173 nors nukrypim\u0173, nedelsdami nutraukite naudojim\u0105.<\/li><\/ol>","protected":false},"excerpt":{"rendered":"","protected":false},"featured_media":21456,"template":"","meta":{"iawp_total_views":47},"product_cat":[92,82,84,86,199,202,49,39],"product_tag":[96,97,98],"class_list":{"0":"post-21455","1":"product","2":"type-product","3":"status-publish","4":"has-post-thumbnail","6":"product_cat-deliones","7":"product_cat-ispardavimas","8":"product_cat-lavinamieji-zaislai","9":"product_cat-smulkioji-motorika","10":"product_cat-ugdymo-istaigoms","11":"product_cat-vaaikiski-konstruktoriai","12":"product_cat-visi-zaislai","13":"product_cat-zaislai","14":"product_tag-2-m-3-m","15":"product_tag-3-m-4-m","16":"product_tag-5-m-7-m","18":"first","19":"instock","20":"sale","21":"taxable","22":"shipping-taxable","23":"purchasable","24":"product-type-simple"},"yoast_head":"<!-- This site is optimized with the Yoast SEO plugin v23.3 - https:\/\/yoast.com\/wordpress\/plugins\/seo\/ -->\n<title>Magnetiniai blokeliai, 64vnt. - Montessori \u017eaislai<\/title>\n<meta name=\"robots\" content=\"noindex, follow, max-snippet:-1, max-image-preview:large, max-video-preview:-1\" \/>\n<meta property=\"og:locale\" content=\"en_US\" \/>\n<meta property=\"og:type\" content=\"article\" \/>\n<meta property=\"og:title\" content=\"Magnetiniai blokeliai, 64vnt. - Montessori \u017eaislai\" \/>\n<meta property=\"og:url\" content=\"https:\/\/dev.monti.lt\/en\/product\/magnetiniai-blokeliai-64vnt\/\" \/>\n<meta property=\"og:site_name\" content=\"Montessori \u017eaislai\" \/>\n<meta property=\"article:modified_time\" content=\"2024-09-25T11:02:59+00:00\" \/>\n<meta property=\"og:image\" content=\"https:\/\/dev.monti.lt\/wp-content\/uploads\/2023\/12\/Magnetic-blocks-for-small-children-64-pieces-in-a-box-132977-2.jpg\" \/>\n\t<meta property=\"og:image:width\" content=\"700\" \/>\n\t<meta property=\"og:image:height\" content=\"700\" \/>\n\t<meta property=\"og:image:type\" content=\"image\/jpeg\" \/>\n<meta name=\"twitter:card\" content=\"summary_large_image\" \/>\n<meta name=\"twitter:label1\" content=\"Est. reading time\" \/>\n\t<meta name=\"twitter:data1\" content=\"1 minute\" \/>\n<script type=\"application\/ld+json\" class=\"yoast-schema-graph\">{\"@context\":\"https:\/\/schema.org\",\"@graph\":[{\"@type\":\"WebPage\",\"@id\":\"https:\/\/dev.monti.lt\/product\/magnetiniai-blokeliai-64vnt\/\",\"url\":\"https:\/\/dev.monti.lt\/product\/magnetiniai-blokeliai-64vnt\/\",\"name\":\"Magnetiniai blokeliai, 64vnt. - Montessori \u017eaislai\",\"isPartOf\":{\"@id\":\"https:\/\/dev.monti.lt\/#website\"},\"primaryImageOfPage\":{\"@id\":\"https:\/\/dev.monti.lt\/product\/magnetiniai-blokeliai-64vnt\/#primaryimage\"},\"image\":{\"@id\":\"https:\/\/dev.monti.lt\/product\/magnetiniai-blokeliai-64vnt\/#primaryimage\"},\"thumbnailUrl\":\"https:\/\/dev.monti.lt\/wp-content\/uploads\/2023\/12\/Magnetic-blocks-for-small-children-64-pieces-in-a-box-132977-2.jpg\",\"datePublished\":\"2023-12-29T09:29:11+00:00\",\"dateModified\":\"2024-09-25T11:02:59+00:00\",\"breadcrumb\":{\"@id\":\"https:\/\/dev.monti.lt\/product\/magnetiniai-blokeliai-64vnt\/#breadcrumb\"},\"inLanguage\":\"en-US\",\"potentialAction\":[{\"@type\":\"ReadAction\",\"target\":[\"https:\/\/dev.monti.lt\/product\/magnetiniai-blokeliai-64vnt\/\"]}]},{\"@type\":\"ImageObject\",\"inLanguage\":\"en-US\",\"@id\":\"https:\/\/dev.monti.lt\/product\/magnetiniai-blokeliai-64vnt\/#primaryimage\",\"url\":\"https:\/\/dev.monti.lt\/wp-content\/uploads\/2023\/12\/Magnetic-blocks-for-small-children-64-pieces-in-a-box-132977-2.jpg\",\"contentUrl\":\"https:\/\/dev.monti.lt\/wp-content\/uploads\/2023\/12\/Magnetic-blocks-for-small-children-64-pieces-in-a-box-132977-2.jpg\",\"width\":700,\"height\":700,\"caption\":\"Magnetiniai blokeliai\"},{\"@type\":\"BreadcrumbList\",\"@id\":\"https:\/\/dev.monti.lt\/product\/magnetiniai-blokeliai-64vnt\/#breadcrumb\",\"itemListElement\":[{\"@type\":\"ListItem\",\"position\":1,\"name\":\"Home\",\"item\":\"https:\/\/dev.monti.lt\/\"},{\"@type\":\"ListItem\",\"position\":2,\"name\":\"Parduotuv\u0117\",\"item\":\"https:\/\/dev.monti.lt\/shop\/\"},{\"@type\":\"ListItem\",\"position\":3,\"name\":\"Magnetiniai blokeliai, 64vnt.\"}]},{\"@type\":\"WebSite\",\"@id\":\"https:\/\/dev.monti.lt\/#website\",\"url\":\"https:\/\/dev.monti.lt\/\",\"name\":\"Montessori \u017eaislai\",\"description\":\"\",\"publisher\":{\"@id\":\"https:\/\/dev.monti.lt\/#organization\"},\"potentialAction\":[{\"@type\":\"SearchAction\",\"target\":{\"@type\":\"EntryPoint\",\"urlTemplate\":\"https:\/\/dev.monti.lt\/?s={search_term_string}\"},\"query-input\":\"required name=search_term_string\"}],\"inLanguage\":\"en-US\"},{\"@type\":\"Organization\",\"@id\":\"https:\/\/dev.monti.lt\/#organization\",\"name\":\"Montessori \u017eaislai\",\"url\":\"https:\/\/dev.monti.lt\/\",\"logo\":{\"@type\":\"ImageObject\",\"inLanguage\":\"en-US\",\"@id\":\"https:\/\/dev.monti.lt\/#\/schema\/logo\/image\/\",\"url\":\"https:\/\/dev.monti.lt\/wp-content\/uploads\/2022\/03\/montilogo-1.png\",\"contentUrl\":\"https:\/\/dev.monti.lt\/wp-content\/uploads\/2022\/03\/montilogo-1.png\",\"width\":512,\"height\":512,\"caption\":\"Montessori \u017eaislai\"},\"image\":{\"@id\":\"https:\/\/dev.monti.lt\/#\/schema\/logo\/image\/\"}}]}<\/script>\n<!-- \/ Yoast SEO plugin. -->","yoast_head_json":{"title":"Magnetiniai blokeliai, 64vnt. - Montessori \u017eaislai","robots":{"index":"noindex","follow":"follow","max-snippet":"max-snippet:-1","max-image-preview":"max-image-preview:large","max-video-preview":"max-video-preview:-1"},"og_locale":"en_US","og_type":"article","og_title":"Magnetiniai blokeliai, 64vnt. - Montessori \u017eaislai","og_url":"https:\/\/dev.monti.lt\/en\/product\/magnetiniai-blokeliai-64vnt\/","og_site_name":"Montessori \u017eaislai","article_modified_time":"2024-09-25T11:02:59+00:00","og_image":[{"width":700,"height":700,"url":"https:\/\/dev.monti.lt\/wp-content\/uploads\/2023\/12\/Magnetic-blocks-for-small-children-64-pieces-in-a-box-132977-2.jpg","type":"image\/jpeg"}],"twitter_card":"summary_large_image","twitter_misc":{"Est. reading time":"1 minute"},"schema":{"@context":"https:\/\/schema.org","@graph":[{"@type":"WebPage","@id":"https:\/\/dev.monti.lt\/product\/magnetiniai-blokeliai-64vnt\/","url":"https:\/\/dev.monti.lt\/product\/magnetiniai-blokeliai-64vnt\/","name":"Magnetiniai blokeliai, 64vnt. - Montessori \u017eaislai","isPartOf":{"@id":"https:\/\/dev.monti.lt\/#website"},"primaryImageOfPage":{"@id":"https:\/\/dev.monti.lt\/product\/magnetiniai-blokeliai-64vnt\/#primaryimage"},"image":{"@id":"https:\/\/dev.monti.lt\/product\/magnetiniai-blokeliai-64vnt\/#primaryimage"},"thumbnailUrl":"https:\/\/dev.monti.lt\/wp-content\/uploads\/2023\/12\/Magnetic-blocks-for-small-children-64-pieces-in-a-box-132977-2.jpg","datePublished":"2023-12-29T09:29:11+00:00","dateModified":"2024-09-25T11:02:59+00:00","breadcrumb":{"@id":"https:\/\/dev.monti.lt\/product\/magnetiniai-blokeliai-64vnt\/#breadcrumb"},"inLanguage":"en-US","potentialAction":[{"@type":"ReadAction","target":["https:\/\/dev.monti.lt\/product\/magnetiniai-blokeliai-64vnt\/"]}]},{"@type":"ImageObject","inLanguage":"en-US","@id":"https:\/\/dev.monti.lt\/product\/magnetiniai-blokeliai-64vnt\/#primaryimage","url":"https:\/\/dev.monti.lt\/wp-content\/uploads\/2023\/12\/Magnetic-blocks-for-small-children-64-pieces-in-a-box-132977-2.jpg","contentUrl":"https:\/\/dev.monti.lt\/wp-content\/uploads\/2023\/12\/Magnetic-blocks-for-small-children-64-pieces-in-a-box-132977-2.jpg","width":700,"height":700,"caption":"Magnetiniai blokeliai"},{"@type":"BreadcrumbList","@id":"https:\/\/dev.monti.lt\/product\/magnetiniai-blokeliai-64vnt\/#breadcrumb","itemListElement":[{"@type":"ListItem","position":1,"name":"Home","item":"https:\/\/dev.monti.lt\/"},{"@type":"ListItem","position":2,"name":"Parduotuv\u0117","item":"https:\/\/dev.monti.lt\/shop\/"},{"@type":"ListItem","position":3,"name":"Magnetiniai blokeliai, 64vnt."}]},{"@type":"WebSite","@id":"https:\/\/dev.monti.lt\/#website","url":"https:\/\/dev.monti.lt\/","name":"Montessori \u017eaislai","description":"","publisher":{"@id":"https:\/\/dev.monti.lt\/#organization"},"potentialAction":[{"@type":"SearchAction","target":{"@type":"EntryPoint","urlTemplate":"https:\/\/dev.monti.lt\/?s={search_term_string}"},"query-input":"required name=search_term_string"}],"inLanguage":"en-US"},{"@type":"Organization","@id":"https:\/\/dev.monti.lt\/#organization","name":"Montessori \u017eaislai","url":"https:\/\/dev.monti.lt\/","logo":{"@type":"ImageObject","inLanguage":"en-US","@id":"https:\/\/dev.monti.lt\/#\/schema\/logo\/image\/","url":"https:\/\/dev.monti.lt\/wp-content\/uploads\/2022\/03\/montilogo-1.png","contentUrl":"https:\/\/dev.monti.lt\/wp-content\/uploads\/2022\/03\/montilogo-1.png","width":512,"height":512,"caption":"Montessori \u017eaislai"},"image":{"@id":"https:\/\/dev.monti.lt\/#\/schema\/logo\/image\/"}}]}},"_links":{"self":[{"href":"https:\/\/dev.monti.lt\/en\/wp-json\/wp\/v2\/product\/21455"}],"collection":[{"href":"https:\/\/dev.monti.lt\/en\/wp-json\/wp\/v2\/product"}],"about":[{"href":"https:\/\/dev.monti.lt\/en\/wp-json\/wp\/v2\/types\/product"}],"version-history":[{"count":1,"href":"https:\/\/dev.monti.lt\/en\/wp-json\/wp\/v2\/product\/21455\/revisions"}],"predecessor-version":[{"id":21471,"href":"https:\/\/dev.monti.lt\/en\/wp-json\/wp\/v2\/product\/21455\/revisions\/21471"}],"wp:featuredmedia":[{"embeddable":true,"href":"https:\/\/dev.monti.lt\/en\/wp-json\/wp\/v2\/media\/21456"}],"wp:attachment":[{"href":"https:\/\/dev.monti.lt\/en\/wp-json\/wp\/v2\/media?parent=21455"}],"wp:term":[{"taxonomy":"product_cat","embeddable":true,"href":"https:\/\/dev.monti.lt\/en\/wp-json\/wp\/v2\/product_cat?post=21455"},{"taxonomy":"product_tag","embeddable":true,"href":"https:\/\/dev.monti.lt\/en\/wp-json\/wp\/v2\/product_tag?post=21455"}],"curies":[{"name":"wp","href":"https:\/\/api.w.org\/{rel}","templated":true}]}}