{"id":20583,"date":"2023-12-05T08:29:26","date_gmt":"2023-12-05T08:29:26","guid":{"rendered":"https:\/\/dev.monti.lt\/?post_type=product&#038;p=20583"},"modified":"2024-10-07T13:32:45","modified_gmt":"2024-10-07T13:32:45","slug":"vaikiski-bugnai","status":"publish","type":"product","link":"https:\/\/dev.monti.lt\/en\/product\/vaikiski-bugnai\/","title":{"rendered":"Vaiki\u0161ki b\u016bgnai"},"content":{"rendered":"<ul class=\"wp-block-list\"><li><strong>RITMINI\u0172 \u012eG\u016aD\u017dI\u0172 UGDYMAS&nbsp;<\/strong>&#8211; b\u016bgn\u0173 \u017eaislas padeda lavinti vaik\u0173 ritminius \u012fg\u016bd\u017eius. Grojant mu\u0161amaisiais instrumentais reikia i\u0161laikyti temp\u0105, koordinuoti judesius, lavinti ritmo jausm\u0105.<\/li>\n\n<li>Rinkin\u012f sudaro didelis bosinis b\u016bgnas, valdomas kojiniu pedalu, du vidutiniai b\u016bgnai ir du ma\u017ei b\u016bgnai.<\/li>\n\n<li><strong>G<\/strong>rojant mu\u0161amaisiais instrumentais apjungiamos rankos ir pir\u0161tai, o tai padeda lavinti rankinius \u012fg\u016bd\u017eius ir judesi\u0173 tikslum\u0105. Tai gali b\u016bti ypa\u010d naudinga jaunesniems vaikams, kurie mokosi kontroliuoti savo judesius.<\/li>\n\n<li>Komplekte yra k\u0117dut\u0117 ma\u017eajam b\u016bgnininkui. D\u0117l to vaikas \u017eaisdamas patogiai s\u0117di, taip pat gali naudotis \u0161ia k\u0117dute \u017eaisti.<\/li><\/ul><p><strong>SPECIFIKACIJA<\/strong><\/p><ul class=\"wp-block-list\"><li>matmenys: 57 x 40 x 50 cm<\/li>\n\n<li>svoris: 1,5 kg<\/li><\/ul><p><strong>\u012eSKAITANT<\/strong><\/p><ul class=\"wp-block-list\"><li>vienas didelis b\u016bgnas su koja<\/li>\n\n<li>du vidutiniai b\u016bgnai<\/li>\n\n<li>du ma\u017ei b\u016bgnai<\/li>\n\n<li>dvi lazdel\u0117s<\/li>\n\n<li>plok\u0161tel\u0117<\/li>\n\n<li>k\u0117d\u0117\/taburet\u0117<\/li><\/ul><p>Muzika vaidina labai svarb\u0173 vaidmen\u012f vaiko raidoje. Tai ne tik sukelia teigiamas emocijas ir linksmina, bet ir sutelkia d\u0117mes\u012f bei palaiko vaizduot\u0119. Pirmieji muzikinio talento po\u017eymiai atsiranda labai ma\u017eiems vaikams. \u012esigykite b\u016bgn\u0173 rinkin\u012f savo vaikui! Jei j\u016bs\u0173 vaikas m\u0117gsta visk\u0105, kas susij\u0119 su muzika: \u017eaisti, \u0161okti ir dainuoti \u2013 tai jam bus puiki dovana. Galb\u016bt b\u016btent b\u016bgn\u0173 d\u0117ka J\u016bs\u0173 vaikas atras ritmo poj\u016bt\u012f, aistr\u0105 ir puik\u0173 muzikin\u012f talent\u0105!<\/p>","protected":false},"excerpt":{"rendered":"<p>SPECIFIKACIJA \u012eSKAITANT Muzika vaidina labai svarb\u0173 vaidmen\u012f vaiko raidoje. Tai ne tik sukelia teigiamas emocijas ir linksmina, bet ir sutelkia d\u0117mes\u012f bei palaiko vaizduot\u0119. Pirmieji muzikinio talento po\u017eymiai atsiranda labai ma\u017eiems vaikams. \u012esigykite b\u016bgn\u0173 rinkin\u012f savo vaikui! Jei j\u016bs\u0173 vaikas m\u0117gsta visk\u0105, kas susij\u0119 su muzika: \u017eaisti, \u0161okti ir dainuoti \u2013 tai jam bus puiki [&hellip;]<\/p>","protected":false},"featured_media":20584,"template":"","meta":{"iawp_total_views":128},"product_cat":[194,195,216,217,197,196,191,82,192,84,85,90,50,49,39],"product_tag":[96,97,98,99],"class_list":{"0":"post-20583","1":"product","2":"type-product","3":"status-publish","4":"has-post-thumbnail","6":"product_cat-dovanos-vaikams-2-3-metu","7":"product_cat-dovanos-vaikams-3-4-metu","8":"product_cat-dovanos-4-5-metu-vaikams","9":"product_cat-dovanos-5-7-metu-vaikams","10":"product_cat-dovanos-berniukams","11":"product_cat-dovanos-mergaitems","12":"product_cat-dovanos-vaikams","13":"product_cat-ispardavimas","14":"product_cat-kaledines-dovanos-vaikams","15":"product_cat-lavinamieji-zaislai","16":"product_cat-muzikiniai-zaislai","17":"product_cat-pasaulio-pazinimas","18":"product_cat-top-dovanos","19":"product_cat-visi-zaislai","20":"product_cat-zaislai","21":"product_tag-2-m-3-m","22":"product_tag-3-m-4-m","23":"product_tag-5-m-7-m","24":"product_tag-8-m-11-m","26":"first","27":"instock","28":"sale","29":"taxable","30":"shipping-taxable","31":"purchasable","32":"product-type-simple"},"yoast_head":"<!-- This site is optimized with the Yoast SEO plugin v23.3 - https:\/\/yoast.com\/wordpress\/plugins\/seo\/ -->\n<title>Vaiki\u0161ki b\u016bgnai - Montessori \u017eaislai<\/title>\n<meta name=\"robots\" content=\"noindex, follow, max-snippet:-1, max-image-preview:large, max-video-preview:-1\" \/>\n<meta property=\"og:locale\" content=\"en_US\" \/>\n<meta property=\"og:type\" content=\"article\" \/>\n<meta property=\"og:title\" content=\"Vaiki\u0161ki b\u016bgnai - Montessori \u017eaislai\" \/>\n<meta property=\"og:description\" content=\"SPECIFIKACIJA \u012eSKAITANT Muzika vaidina labai svarb\u0173 vaidmen\u012f vaiko raidoje. Tai ne tik sukelia teigiamas emocijas ir linksmina, bet ir sutelkia d\u0117mes\u012f bei palaiko vaizduot\u0119. Pirmieji muzikinio talento po\u017eymiai atsiranda labai ma\u017eiems vaikams. \u012esigykite b\u016bgn\u0173 rinkin\u012f savo vaikui! Jei j\u016bs\u0173 vaikas m\u0117gsta visk\u0105, kas susij\u0119 su muzika: \u017eaisti, \u0161okti ir dainuoti \u2013 tai jam bus puiki [&hellip;]\" \/>\n<meta property=\"og:url\" content=\"https:\/\/dev.monti.lt\/en\/product\/vaikiski-bugnai\/\" \/>\n<meta property=\"og:site_name\" content=\"Montessori \u017eaislai\" \/>\n<meta property=\"article:modified_time\" content=\"2024-10-07T13:32:45+00:00\" \/>\n<meta property=\"og:image\" content=\"https:\/\/dev.monti.lt\/wp-content\/uploads\/2023\/12\/lit_pl_Vaikiski-bugnai-XL-22464-17288_8-3.jpg\" \/>\n\t<meta property=\"og:image:width\" content=\"500\" \/>\n\t<meta property=\"og:image:height\" content=\"500\" \/>\n\t<meta property=\"og:image:type\" content=\"image\/jpeg\" \/>\n<meta name=\"twitter:card\" content=\"summary_large_image\" \/>\n<meta name=\"twitter:label1\" content=\"Est. reading time\" \/>\n\t<meta name=\"twitter:data1\" content=\"1 minute\" \/>\n<script type=\"application\/ld+json\" class=\"yoast-schema-graph\">{\"@context\":\"https:\/\/schema.org\",\"@graph\":[{\"@type\":\"WebPage\",\"@id\":\"https:\/\/dev.monti.lt\/product\/vaikiski-bugnai\/\",\"url\":\"https:\/\/dev.monti.lt\/product\/vaikiski-bugnai\/\",\"name\":\"Vaiki\u0161ki b\u016bgnai - Montessori \u017eaislai\",\"isPartOf\":{\"@id\":\"https:\/\/dev.monti.lt\/#website\"},\"primaryImageOfPage\":{\"@id\":\"https:\/\/dev.monti.lt\/product\/vaikiski-bugnai\/#primaryimage\"},\"image\":{\"@id\":\"https:\/\/dev.monti.lt\/product\/vaikiski-bugnai\/#primaryimage\"},\"thumbnailUrl\":\"https:\/\/dev.monti.lt\/wp-content\/uploads\/2023\/12\/lit_pl_Vaikiski-bugnai-XL-22464-17288_8-3.jpg\",\"datePublished\":\"2023-12-05T08:29:26+00:00\",\"dateModified\":\"2024-10-07T13:32:45+00:00\",\"breadcrumb\":{\"@id\":\"https:\/\/dev.monti.lt\/product\/vaikiski-bugnai\/#breadcrumb\"},\"inLanguage\":\"en-US\",\"potentialAction\":[{\"@type\":\"ReadAction\",\"target\":[\"https:\/\/dev.monti.lt\/product\/vaikiski-bugnai\/\"]}]},{\"@type\":\"ImageObject\",\"inLanguage\":\"en-US\",\"@id\":\"https:\/\/dev.monti.lt\/product\/vaikiski-bugnai\/#primaryimage\",\"url\":\"https:\/\/dev.monti.lt\/wp-content\/uploads\/2023\/12\/lit_pl_Vaikiski-bugnai-XL-22464-17288_8-3.jpg\",\"contentUrl\":\"https:\/\/dev.monti.lt\/wp-content\/uploads\/2023\/12\/lit_pl_Vaikiski-bugnai-XL-22464-17288_8-3.jpg\",\"width\":500,\"height\":500,\"caption\":\"Vaikiski bugnai\"},{\"@type\":\"BreadcrumbList\",\"@id\":\"https:\/\/dev.monti.lt\/product\/vaikiski-bugnai\/#breadcrumb\",\"itemListElement\":[{\"@type\":\"ListItem\",\"position\":1,\"name\":\"Home\",\"item\":\"https:\/\/dev.monti.lt\/\"},{\"@type\":\"ListItem\",\"position\":2,\"name\":\"Parduotuv\u0117\",\"item\":\"https:\/\/dev.monti.lt\/shop\/\"},{\"@type\":\"ListItem\",\"position\":3,\"name\":\"Vaiki\u0161ki b\u016bgnai\"}]},{\"@type\":\"WebSite\",\"@id\":\"https:\/\/dev.monti.lt\/#website\",\"url\":\"https:\/\/dev.monti.lt\/\",\"name\":\"Montessori \u017eaislai\",\"description\":\"\",\"publisher\":{\"@id\":\"https:\/\/dev.monti.lt\/#organization\"},\"potentialAction\":[{\"@type\":\"SearchAction\",\"target\":{\"@type\":\"EntryPoint\",\"urlTemplate\":\"https:\/\/dev.monti.lt\/?s={search_term_string}\"},\"query-input\":\"required name=search_term_string\"}],\"inLanguage\":\"en-US\"},{\"@type\":\"Organization\",\"@id\":\"https:\/\/dev.monti.lt\/#organization\",\"name\":\"Montessori \u017eaislai\",\"url\":\"https:\/\/dev.monti.lt\/\",\"logo\":{\"@type\":\"ImageObject\",\"inLanguage\":\"en-US\",\"@id\":\"https:\/\/dev.monti.lt\/#\/schema\/logo\/image\/\",\"url\":\"https:\/\/dev.monti.lt\/wp-content\/uploads\/2022\/03\/montilogo-1.png\",\"contentUrl\":\"https:\/\/dev.monti.lt\/wp-content\/uploads\/2022\/03\/montilogo-1.png\",\"width\":512,\"height\":512,\"caption\":\"Montessori \u017eaislai\"},\"image\":{\"@id\":\"https:\/\/dev.monti.lt\/#\/schema\/logo\/image\/\"}}]}<\/script>\n<!-- \/ Yoast SEO plugin. -->","yoast_head_json":{"title":"Vaiki\u0161ki b\u016bgnai - Montessori \u017eaislai","robots":{"index":"noindex","follow":"follow","max-snippet":"max-snippet:-1","max-image-preview":"max-image-preview:large","max-video-preview":"max-video-preview:-1"},"og_locale":"en_US","og_type":"article","og_title":"Vaiki\u0161ki b\u016bgnai - Montessori \u017eaislai","og_description":"SPECIFIKACIJA \u012eSKAITANT Muzika vaidina labai svarb\u0173 vaidmen\u012f vaiko raidoje. Tai ne tik sukelia teigiamas emocijas ir linksmina, bet ir sutelkia d\u0117mes\u012f bei palaiko vaizduot\u0119. Pirmieji muzikinio talento po\u017eymiai atsiranda labai ma\u017eiems vaikams. \u012esigykite b\u016bgn\u0173 rinkin\u012f savo vaikui! Jei j\u016bs\u0173 vaikas m\u0117gsta visk\u0105, kas susij\u0119 su muzika: \u017eaisti, \u0161okti ir dainuoti \u2013 tai jam bus puiki [&hellip;]","og_url":"https:\/\/dev.monti.lt\/en\/product\/vaikiski-bugnai\/","og_site_name":"Montessori \u017eaislai","article_modified_time":"2024-10-07T13:32:45+00:00","og_image":[{"width":500,"height":500,"url":"https:\/\/dev.monti.lt\/wp-content\/uploads\/2023\/12\/lit_pl_Vaikiski-bugnai-XL-22464-17288_8-3.jpg","type":"image\/jpeg"}],"twitter_card":"summary_large_image","twitter_misc":{"Est. reading time":"1 minute"},"schema":{"@context":"https:\/\/schema.org","@graph":[{"@type":"WebPage","@id":"https:\/\/dev.monti.lt\/product\/vaikiski-bugnai\/","url":"https:\/\/dev.monti.lt\/product\/vaikiski-bugnai\/","name":"Vaiki\u0161ki b\u016bgnai - Montessori \u017eaislai","isPartOf":{"@id":"https:\/\/dev.monti.lt\/#website"},"primaryImageOfPage":{"@id":"https:\/\/dev.monti.lt\/product\/vaikiski-bugnai\/#primaryimage"},"image":{"@id":"https:\/\/dev.monti.lt\/product\/vaikiski-bugnai\/#primaryimage"},"thumbnailUrl":"https:\/\/dev.monti.lt\/wp-content\/uploads\/2023\/12\/lit_pl_Vaikiski-bugnai-XL-22464-17288_8-3.jpg","datePublished":"2023-12-05T08:29:26+00:00","dateModified":"2024-10-07T13:32:45+00:00","breadcrumb":{"@id":"https:\/\/dev.monti.lt\/product\/vaikiski-bugnai\/#breadcrumb"},"inLanguage":"en-US","potentialAction":[{"@type":"ReadAction","target":["https:\/\/dev.monti.lt\/product\/vaikiski-bugnai\/"]}]},{"@type":"ImageObject","inLanguage":"en-US","@id":"https:\/\/dev.monti.lt\/product\/vaikiski-bugnai\/#primaryimage","url":"https:\/\/dev.monti.lt\/wp-content\/uploads\/2023\/12\/lit_pl_Vaikiski-bugnai-XL-22464-17288_8-3.jpg","contentUrl":"https:\/\/dev.monti.lt\/wp-content\/uploads\/2023\/12\/lit_pl_Vaikiski-bugnai-XL-22464-17288_8-3.jpg","width":500,"height":500,"caption":"Vaikiski bugnai"},{"@type":"BreadcrumbList","@id":"https:\/\/dev.monti.lt\/product\/vaikiski-bugnai\/#breadcrumb","itemListElement":[{"@type":"ListItem","position":1,"name":"Home","item":"https:\/\/dev.monti.lt\/"},{"@type":"ListItem","position":2,"name":"Parduotuv\u0117","item":"https:\/\/dev.monti.lt\/shop\/"},{"@type":"ListItem","position":3,"name":"Vaiki\u0161ki b\u016bgnai"}]},{"@type":"WebSite","@id":"https:\/\/dev.monti.lt\/#website","url":"https:\/\/dev.monti.lt\/","name":"Montessori \u017eaislai","description":"","publisher":{"@id":"https:\/\/dev.monti.lt\/#organization"},"potentialAction":[{"@type":"SearchAction","target":{"@type":"EntryPoint","urlTemplate":"https:\/\/dev.monti.lt\/?s={search_term_string}"},"query-input":"required name=search_term_string"}],"inLanguage":"en-US"},{"@type":"Organization","@id":"https:\/\/dev.monti.lt\/#organization","name":"Montessori \u017eaislai","url":"https:\/\/dev.monti.lt\/","logo":{"@type":"ImageObject","inLanguage":"en-US","@id":"https:\/\/dev.monti.lt\/#\/schema\/logo\/image\/","url":"https:\/\/dev.monti.lt\/wp-content\/uploads\/2022\/03\/montilogo-1.png","contentUrl":"https:\/\/dev.monti.lt\/wp-content\/uploads\/2022\/03\/montilogo-1.png","width":512,"height":512,"caption":"Montessori \u017eaislai"},"image":{"@id":"https:\/\/dev.monti.lt\/#\/schema\/logo\/image\/"}}]}},"_links":{"self":[{"href":"https:\/\/dev.monti.lt\/en\/wp-json\/wp\/v2\/product\/20583"}],"collection":[{"href":"https:\/\/dev.monti.lt\/en\/wp-json\/wp\/v2\/product"}],"about":[{"href":"https:\/\/dev.monti.lt\/en\/wp-json\/wp\/v2\/types\/product"}],"version-history":[{"count":1,"href":"https:\/\/dev.monti.lt\/en\/wp-json\/wp\/v2\/product\/20583\/revisions"}],"predecessor-version":[{"id":20595,"href":"https:\/\/dev.monti.lt\/en\/wp-json\/wp\/v2\/product\/20583\/revisions\/20595"}],"wp:featuredmedia":[{"embeddable":true,"href":"https:\/\/dev.monti.lt\/en\/wp-json\/wp\/v2\/media\/20584"}],"wp:attachment":[{"href":"https:\/\/dev.monti.lt\/en\/wp-json\/wp\/v2\/media?parent=20583"}],"wp:term":[{"taxonomy":"product_cat","embeddable":true,"href":"https:\/\/dev.monti.lt\/en\/wp-json\/wp\/v2\/product_cat?post=20583"},{"taxonomy":"product_tag","embeddable":true,"href":"https:\/\/dev.monti.lt\/en\/wp-json\/wp\/v2\/product_tag?post=20583"}],"curies":[{"name":"wp","href":"https:\/\/api.w.org\/{rel}","templated":true}]}}