{"id":20335,"date":"2023-11-28T13:21:05","date_gmt":"2023-11-28T13:21:05","guid":{"rendered":"https:\/\/dev.monti.lt\/?post_type=product&#038;p=20335"},"modified":"2024-09-27T07:27:37","modified_gmt":"2024-09-27T07:27:37","slug":"medinis-rusiuoklis-su-zvejyba","status":"publish","type":"product","link":"https:\/\/dev.monti.lt\/en\/product\/medinis-rusiuoklis-su-zvejyba\/","title":{"rendered":"Medinis r\u016b\u0161iuoklis su \u017evejyba"},"content":{"rendered":"<ul class=\"wp-block-list\"><li>Spalvingas r\u016b\u0161iuoklis \u017eadina vaizduot\u0119 ir k\u016brybi\u0161kum\u0105. \u017daidimas su deran\u010diomis kalad\u0117l\u0117mis\u00a0<strong>padeda lavinti susikaupim\u0105 ir login\u012f m\u0105stym\u0105. Tai taip pat puikus b\u016bdas lavinti kantryb\u0119, susikaupim\u0105 ir atmint\u012f.<\/strong><\/li>\n\n<li>Mediniai \u017eaislai yra itin patvar\u016bs ir atspar\u016bs pa\u017eeidimams, tod\u0117l tarnaus ilgus metus. Tai \u017eaislas, kuris pravers ne vienam vaikui, bet ir i\u0161tisoms kartoms.<\/li>\n\n<li>R\u016b\u0161iuoklis turi 5 formas: 5 smaili\u0173 \u017evaig\u017ed\u0119, 4 smaili\u0173 \u017evaig\u017ed\u0119, g\u0117l\u0119, \u0161irdel\u0119 ir pusapval\u0119 trapecij\u0105. \u0160ie\u00a0<strong>Vaikas pagrindini\u0173 form\u0173 mokosi nuo ma\u017eens \u017eaisdamas<\/strong>.<\/li>\n\n<li>Pirmoji d\u0117lion\u0117s eilut\u0117 \u2013 tai \u017evejybos \u012fg\u016bd\u017ei\u0173 \u017eaidimas, kuris lavins j\u016bs\u0173 vaiko geb\u0117jim\u0105 susikaupti ir mokys kantryb\u0117s.<\/li><\/ul><p><strong>SPECIFIKACIJA<\/strong><\/p><ul class=\"wp-block-list\"><li>med\u017eiaga: mediena, metalas<\/li>\n\n<li>spalva: daugiaspalvis<\/li>\n\n<li>matmenys: 29,7 x 11,3 cm<\/li>\n\n<li>svoris: 423 g<\/li>\n\n<li>svoris pakuot\u0117je: 484 g<\/li><\/ul><p><strong>\u012eSKAITANT<\/strong><\/p><ul class=\"wp-block-list\"><li>r\u016b\u0161iuotojas<\/li>\n\n<li>\u017euvis<\/li>\n\n<li>me\u0161ker\u0117&nbsp;<\/li><\/ul><p>Mediniai \u017eaislai yra patvar\u016bs ir atspar\u016bs pa\u017eeidimams. Puikios b\u016bkl\u0117s, gali tarnauti i\u0161tisas kartas. Medin\u0117 r\u016b\u0161iuotoja patiks kiekvienam vaikui, m\u0117gstan\u010diam \u012fg\u016bd\u017ei\u0173 \u017eaislus. Tai puiki dovanos id\u0117ja, kuri tikrai suteiks daug d\u017eiaugsmo. Medinis r\u016b\u0161iuotojas su kalad\u0117l\u0117mis tiks tiek berniukams, tiek mergait\u0117ms. D\u0117lion\u0117 itin apgalvotai lavina vaik\u0173 rankinius \u012fg\u016bd\u017eius, padeda lavinti motorikos koordinacij\u0105, lavina geb\u0117jim\u0105 logi\u0161kai m\u0105styti.<\/p>","protected":false},"excerpt":{"rendered":"<p>SPECIFIKACIJA \u012eSKAITANT Mediniai \u017eaislai yra patvar\u016bs ir atspar\u016bs pa\u017eeidimams. Puikios b\u016bkl\u0117s, gali tarnauti i\u0161tisas kartas. Medin\u0117 r\u016b\u0161iuotoja patiks kiekvienam vaikui, m\u0117gstan\u010diam \u012fg\u016bd\u017ei\u0173 \u017eaislus. Tai puiki dovanos id\u0117ja, kuri tikrai suteiks daug d\u017eiaugsmo. Medinis r\u016b\u0161iuotojas su kalad\u0117l\u0117mis tiks tiek berniukams, tiek mergait\u0117ms. D\u0117lion\u0117 itin apgalvotai lavina vaik\u0173 rankinius \u012fg\u016bd\u017eius, padeda lavinti motorikos koordinacij\u0105, lavina geb\u0117jim\u0105 logi\u0161kai [&hellip;]<\/p>","protected":false},"featured_media":20336,"template":"","meta":{"iawp_total_views":29},"product_cat":[92,84,91,102,49,39],"product_tag":[96,97],"class_list":{"0":"post-20335","1":"product","2":"type-product","3":"status-publish","4":"has-post-thumbnail","6":"product_cat-deliones","7":"product_cat-lavinamieji-zaislai","8":"product_cat-loginiam-mastymui","9":"product_cat-mediniai-zaislai","10":"product_cat-visi-zaislai","11":"product_cat-zaislai","12":"product_tag-2-m-3-m","13":"product_tag-3-m-4-m","15":"first","16":"instock","17":"taxable","18":"shipping-taxable","19":"purchasable","20":"product-type-simple"},"yoast_head":"<!-- This site is optimized with the Yoast SEO plugin v23.3 - https:\/\/yoast.com\/wordpress\/plugins\/seo\/ -->\n<title>Medinis r\u016b\u0161iuoklis su \u017evejyba - Montessori \u017eaislai<\/title>\n<meta name=\"robots\" content=\"noindex, follow, max-snippet:-1, max-image-preview:large, max-video-preview:-1\" \/>\n<meta property=\"og:locale\" content=\"en_US\" \/>\n<meta property=\"og:type\" content=\"article\" \/>\n<meta property=\"og:title\" content=\"Medinis r\u016b\u0161iuoklis su \u017evejyba - Montessori \u017eaislai\" \/>\n<meta property=\"og:description\" content=\"SPECIFIKACIJA \u012eSKAITANT Mediniai \u017eaislai yra patvar\u016bs ir atspar\u016bs pa\u017eeidimams. Puikios b\u016bkl\u0117s, gali tarnauti i\u0161tisas kartas. Medin\u0117 r\u016b\u0161iuotoja patiks kiekvienam vaikui, m\u0117gstan\u010diam \u012fg\u016bd\u017ei\u0173 \u017eaislus. Tai puiki dovanos id\u0117ja, kuri tikrai suteiks daug d\u017eiaugsmo. Medinis r\u016b\u0161iuotojas su kalad\u0117l\u0117mis tiks tiek berniukams, tiek mergait\u0117ms. D\u0117lion\u0117 itin apgalvotai lavina vaik\u0173 rankinius \u012fg\u016bd\u017eius, padeda lavinti motorikos koordinacij\u0105, lavina geb\u0117jim\u0105 logi\u0161kai [&hellip;]\" \/>\n<meta property=\"og:url\" content=\"https:\/\/dev.monti.lt\/en\/product\/medinis-rusiuoklis-su-zvejyba\/\" \/>\n<meta property=\"og:site_name\" content=\"Montessori \u017eaislai\" \/>\n<meta property=\"article:modified_time\" content=\"2024-09-27T07:27:37+00:00\" \/>\n<meta property=\"og:image\" content=\"https:\/\/dev.monti.lt\/wp-content\/uploads\/2023\/11\/lit_pl_Medinis-rusiuotojas-zvejybos-Kruzzel-22565-17298_1.jpg\" \/>\n\t<meta property=\"og:image:width\" content=\"500\" \/>\n\t<meta property=\"og:image:height\" content=\"500\" \/>\n\t<meta property=\"og:image:type\" content=\"image\/jpeg\" \/>\n<meta name=\"twitter:card\" content=\"summary_large_image\" \/>\n<meta name=\"twitter:label1\" content=\"Est. reading time\" \/>\n\t<meta name=\"twitter:data1\" content=\"1 minute\" \/>\n<script type=\"application\/ld+json\" class=\"yoast-schema-graph\">{\"@context\":\"https:\/\/schema.org\",\"@graph\":[{\"@type\":\"WebPage\",\"@id\":\"https:\/\/dev.monti.lt\/product\/medinis-rusiuoklis-su-zvejyba\/\",\"url\":\"https:\/\/dev.monti.lt\/product\/medinis-rusiuoklis-su-zvejyba\/\",\"name\":\"Medinis r\u016b\u0161iuoklis su \u017evejyba - Montessori \u017eaislai\",\"isPartOf\":{\"@id\":\"https:\/\/dev.monti.lt\/#website\"},\"primaryImageOfPage\":{\"@id\":\"https:\/\/dev.monti.lt\/product\/medinis-rusiuoklis-su-zvejyba\/#primaryimage\"},\"image\":{\"@id\":\"https:\/\/dev.monti.lt\/product\/medinis-rusiuoklis-su-zvejyba\/#primaryimage\"},\"thumbnailUrl\":\"https:\/\/dev.monti.lt\/wp-content\/uploads\/2023\/11\/lit_pl_Medinis-rusiuotojas-zvejybos-Kruzzel-22565-17298_1.jpg\",\"datePublished\":\"2023-11-28T13:21:05+00:00\",\"dateModified\":\"2024-09-27T07:27:37+00:00\",\"breadcrumb\":{\"@id\":\"https:\/\/dev.monti.lt\/product\/medinis-rusiuoklis-su-zvejyba\/#breadcrumb\"},\"inLanguage\":\"en-US\",\"potentialAction\":[{\"@type\":\"ReadAction\",\"target\":[\"https:\/\/dev.monti.lt\/product\/medinis-rusiuoklis-su-zvejyba\/\"]}]},{\"@type\":\"ImageObject\",\"inLanguage\":\"en-US\",\"@id\":\"https:\/\/dev.monti.lt\/product\/medinis-rusiuoklis-su-zvejyba\/#primaryimage\",\"url\":\"https:\/\/dev.monti.lt\/wp-content\/uploads\/2023\/11\/lit_pl_Medinis-rusiuotojas-zvejybos-Kruzzel-22565-17298_1.jpg\",\"contentUrl\":\"https:\/\/dev.monti.lt\/wp-content\/uploads\/2023\/11\/lit_pl_Medinis-rusiuotojas-zvejybos-Kruzzel-22565-17298_1.jpg\",\"width\":500,\"height\":500,\"caption\":\"R\u016b\u0161iuoklis\"},{\"@type\":\"BreadcrumbList\",\"@id\":\"https:\/\/dev.monti.lt\/product\/medinis-rusiuoklis-su-zvejyba\/#breadcrumb\",\"itemListElement\":[{\"@type\":\"ListItem\",\"position\":1,\"name\":\"Home\",\"item\":\"https:\/\/dev.monti.lt\/\"},{\"@type\":\"ListItem\",\"position\":2,\"name\":\"Parduotuv\u0117\",\"item\":\"https:\/\/dev.monti.lt\/shop\/\"},{\"@type\":\"ListItem\",\"position\":3,\"name\":\"Medinis r\u016b\u0161iuoklis su \u017evejyba\"}]},{\"@type\":\"WebSite\",\"@id\":\"https:\/\/dev.monti.lt\/#website\",\"url\":\"https:\/\/dev.monti.lt\/\",\"name\":\"Montessori \u017eaislai\",\"description\":\"\",\"publisher\":{\"@id\":\"https:\/\/dev.monti.lt\/#organization\"},\"potentialAction\":[{\"@type\":\"SearchAction\",\"target\":{\"@type\":\"EntryPoint\",\"urlTemplate\":\"https:\/\/dev.monti.lt\/?s={search_term_string}\"},\"query-input\":\"required name=search_term_string\"}],\"inLanguage\":\"en-US\"},{\"@type\":\"Organization\",\"@id\":\"https:\/\/dev.monti.lt\/#organization\",\"name\":\"Montessori \u017eaislai\",\"url\":\"https:\/\/dev.monti.lt\/\",\"logo\":{\"@type\":\"ImageObject\",\"inLanguage\":\"en-US\",\"@id\":\"https:\/\/dev.monti.lt\/#\/schema\/logo\/image\/\",\"url\":\"https:\/\/dev.monti.lt\/wp-content\/uploads\/2022\/03\/montilogo-1.png\",\"contentUrl\":\"https:\/\/dev.monti.lt\/wp-content\/uploads\/2022\/03\/montilogo-1.png\",\"width\":512,\"height\":512,\"caption\":\"Montessori \u017eaislai\"},\"image\":{\"@id\":\"https:\/\/dev.monti.lt\/#\/schema\/logo\/image\/\"}}]}<\/script>\n<!-- \/ Yoast SEO plugin. -->","yoast_head_json":{"title":"Medinis r\u016b\u0161iuoklis su \u017evejyba - Montessori \u017eaislai","robots":{"index":"noindex","follow":"follow","max-snippet":"max-snippet:-1","max-image-preview":"max-image-preview:large","max-video-preview":"max-video-preview:-1"},"og_locale":"en_US","og_type":"article","og_title":"Medinis r\u016b\u0161iuoklis su \u017evejyba - Montessori \u017eaislai","og_description":"SPECIFIKACIJA \u012eSKAITANT Mediniai \u017eaislai yra patvar\u016bs ir atspar\u016bs pa\u017eeidimams. Puikios b\u016bkl\u0117s, gali tarnauti i\u0161tisas kartas. Medin\u0117 r\u016b\u0161iuotoja patiks kiekvienam vaikui, m\u0117gstan\u010diam \u012fg\u016bd\u017ei\u0173 \u017eaislus. Tai puiki dovanos id\u0117ja, kuri tikrai suteiks daug d\u017eiaugsmo. Medinis r\u016b\u0161iuotojas su kalad\u0117l\u0117mis tiks tiek berniukams, tiek mergait\u0117ms. D\u0117lion\u0117 itin apgalvotai lavina vaik\u0173 rankinius \u012fg\u016bd\u017eius, padeda lavinti motorikos koordinacij\u0105, lavina geb\u0117jim\u0105 logi\u0161kai [&hellip;]","og_url":"https:\/\/dev.monti.lt\/en\/product\/medinis-rusiuoklis-su-zvejyba\/","og_site_name":"Montessori \u017eaislai","article_modified_time":"2024-09-27T07:27:37+00:00","og_image":[{"width":500,"height":500,"url":"https:\/\/dev.monti.lt\/wp-content\/uploads\/2023\/11\/lit_pl_Medinis-rusiuotojas-zvejybos-Kruzzel-22565-17298_1.jpg","type":"image\/jpeg"}],"twitter_card":"summary_large_image","twitter_misc":{"Est. reading time":"1 minute"},"schema":{"@context":"https:\/\/schema.org","@graph":[{"@type":"WebPage","@id":"https:\/\/dev.monti.lt\/product\/medinis-rusiuoklis-su-zvejyba\/","url":"https:\/\/dev.monti.lt\/product\/medinis-rusiuoklis-su-zvejyba\/","name":"Medinis r\u016b\u0161iuoklis su \u017evejyba - Montessori \u017eaislai","isPartOf":{"@id":"https:\/\/dev.monti.lt\/#website"},"primaryImageOfPage":{"@id":"https:\/\/dev.monti.lt\/product\/medinis-rusiuoklis-su-zvejyba\/#primaryimage"},"image":{"@id":"https:\/\/dev.monti.lt\/product\/medinis-rusiuoklis-su-zvejyba\/#primaryimage"},"thumbnailUrl":"https:\/\/dev.monti.lt\/wp-content\/uploads\/2023\/11\/lit_pl_Medinis-rusiuotojas-zvejybos-Kruzzel-22565-17298_1.jpg","datePublished":"2023-11-28T13:21:05+00:00","dateModified":"2024-09-27T07:27:37+00:00","breadcrumb":{"@id":"https:\/\/dev.monti.lt\/product\/medinis-rusiuoklis-su-zvejyba\/#breadcrumb"},"inLanguage":"en-US","potentialAction":[{"@type":"ReadAction","target":["https:\/\/dev.monti.lt\/product\/medinis-rusiuoklis-su-zvejyba\/"]}]},{"@type":"ImageObject","inLanguage":"en-US","@id":"https:\/\/dev.monti.lt\/product\/medinis-rusiuoklis-su-zvejyba\/#primaryimage","url":"https:\/\/dev.monti.lt\/wp-content\/uploads\/2023\/11\/lit_pl_Medinis-rusiuotojas-zvejybos-Kruzzel-22565-17298_1.jpg","contentUrl":"https:\/\/dev.monti.lt\/wp-content\/uploads\/2023\/11\/lit_pl_Medinis-rusiuotojas-zvejybos-Kruzzel-22565-17298_1.jpg","width":500,"height":500,"caption":"R\u016b\u0161iuoklis"},{"@type":"BreadcrumbList","@id":"https:\/\/dev.monti.lt\/product\/medinis-rusiuoklis-su-zvejyba\/#breadcrumb","itemListElement":[{"@type":"ListItem","position":1,"name":"Home","item":"https:\/\/dev.monti.lt\/"},{"@type":"ListItem","position":2,"name":"Parduotuv\u0117","item":"https:\/\/dev.monti.lt\/shop\/"},{"@type":"ListItem","position":3,"name":"Medinis r\u016b\u0161iuoklis su \u017evejyba"}]},{"@type":"WebSite","@id":"https:\/\/dev.monti.lt\/#website","url":"https:\/\/dev.monti.lt\/","name":"Montessori \u017eaislai","description":"","publisher":{"@id":"https:\/\/dev.monti.lt\/#organization"},"potentialAction":[{"@type":"SearchAction","target":{"@type":"EntryPoint","urlTemplate":"https:\/\/dev.monti.lt\/?s={search_term_string}"},"query-input":"required name=search_term_string"}],"inLanguage":"en-US"},{"@type":"Organization","@id":"https:\/\/dev.monti.lt\/#organization","name":"Montessori \u017eaislai","url":"https:\/\/dev.monti.lt\/","logo":{"@type":"ImageObject","inLanguage":"en-US","@id":"https:\/\/dev.monti.lt\/#\/schema\/logo\/image\/","url":"https:\/\/dev.monti.lt\/wp-content\/uploads\/2022\/03\/montilogo-1.png","contentUrl":"https:\/\/dev.monti.lt\/wp-content\/uploads\/2022\/03\/montilogo-1.png","width":512,"height":512,"caption":"Montessori \u017eaislai"},"image":{"@id":"https:\/\/dev.monti.lt\/#\/schema\/logo\/image\/"}}]}},"_links":{"self":[{"href":"https:\/\/dev.monti.lt\/en\/wp-json\/wp\/v2\/product\/20335"}],"collection":[{"href":"https:\/\/dev.monti.lt\/en\/wp-json\/wp\/v2\/product"}],"about":[{"href":"https:\/\/dev.monti.lt\/en\/wp-json\/wp\/v2\/types\/product"}],"version-history":[{"count":1,"href":"https:\/\/dev.monti.lt\/en\/wp-json\/wp\/v2\/product\/20335\/revisions"}],"predecessor-version":[{"id":20344,"href":"https:\/\/dev.monti.lt\/en\/wp-json\/wp\/v2\/product\/20335\/revisions\/20344"}],"wp:featuredmedia":[{"embeddable":true,"href":"https:\/\/dev.monti.lt\/en\/wp-json\/wp\/v2\/media\/20336"}],"wp:attachment":[{"href":"https:\/\/dev.monti.lt\/en\/wp-json\/wp\/v2\/media?parent=20335"}],"wp:term":[{"taxonomy":"product_cat","embeddable":true,"href":"https:\/\/dev.monti.lt\/en\/wp-json\/wp\/v2\/product_cat?post=20335"},{"taxonomy":"product_tag","embeddable":true,"href":"https:\/\/dev.monti.lt\/en\/wp-json\/wp\/v2\/product_tag?post=20335"}],"curies":[{"name":"wp","href":"https:\/\/api.w.org\/{rel}","templated":true}]}}