{"id":20329,"date":"2023-11-28T13:13:30","date_gmt":"2023-11-28T13:13:30","guid":{"rendered":"https:\/\/dev.monti.lt\/?post_type=product&#038;p=20329"},"modified":"2024-08-05T08:52:23","modified_gmt":"2024-08-05T08:52:23","slug":"didele-medine-virtuve-su-priedais","status":"publish","type":"product","link":"https:\/\/dev.monti.lt\/en\/product\/didele-medine-virtuve-su-priedais\/","title":{"rendered":"Didel\u0117 medin\u0117 virtuv\u0117 su priedais"},"content":{"rendered":"<h1 class=\"wp-block-heading\">XXL MEDIN\u0116 VIRTUV\u0116 <\/h1><ul class=\"wp-block-list\"><li><strong>GARSAS IR AP\u0160VIETIMAS<\/strong>\u00a0\u2013 didel\u0117je virtuv\u0117je yra LED lempa, kuri\u0105 galima pastatyti po spintele, spintel\u0117je arba orkait\u0117je \u2013 pasirinkimas yra j\u016bs\u0173!\u00a0<strong>Ap\u0161vietimas leis vaikui pasijusti kaip tikroje virtuv\u0117je<\/strong>\u00a0, o efektas bus dar didesnis, kai kambaryje bus tamsu, o lempa leis vaikui paruo\u0161ti vakarien\u0119 l\u0117l\u0117ms, me\u0161kiukui ar t\u0117veliams. Papildomai\u00a0<strong>krosnel\u0117s degikliai ap\u0161vie\u010diami ir skleid\u017eia gaminimo garsus, o perjungus ranken\u0117les jie spragteli<\/strong>\u00a0! J\u016bs\u0173 vaikas bus su\u017eav\u0117tas \u2013 virtuv\u0117 leis smagiai praleisti daugyb\u0119 valand\u0173.<\/li>\n\n<li>Komplekte yra<strong>\u00a0prijuost\u0117, \u0161efo kepur\u0117, 3 \u0161auk\u0161tai, puodas, keptuv\u0117 ir dangtis<\/strong>\u00a0. Vir\u0117jo apranga pasi\u016bta i\u0161 mink\u0161to audinio, kuris \u017eymiai padidina naudojimo komfort\u0105. Gra\u017eus kirpimas, esteti\u0161ki apsiuvai ir balta spalva padaro aprang\u0105 vizualiai patraukli\u0105.\u00a0<strong>kriaukl\u0117 yra nuimama, vaikas\/t\u0117vai gali pripilti vandens ir pa\u017eaid\u0119 i\u0161plauti indus<\/strong>\u00a0.<\/li>\n\n<li>Virtuv\u0117 pagaminta i\u0161 auk\u0161tos kokyb\u0117s medienos, o tai daro didel\u0119 \u012ftak\u0105 jos naudojimo trukmei ir vaik\u0173 saugai bei sveikatai. Tai nesenstantis pasi\u016blymas, kuris prad\u017eiugins kiekvien\u0105 vaik\u0105. D\u0117l savo klasikin\u0117s i\u0161vaizdos jis visada buvo labai populiarus.\u00a0<strong>I\u0161skirtinai kruop\u0161tus apdirbimas, estetin\u0117 apdaila ir d\u0117mesys smulkiausioms detal\u0117ms suteikia prid\u0117tin\u0117s vert\u0117s ir d\u017eiugina ak\u012f<\/strong>\u00a0. Virtuv\u0117 taip pat gali s\u0117kmingai atlikti dekoratyvin\u0119 funkcij\u0105 ir papuo\u0161ti vaik\u0173 kambar\u012f.<\/li>\n\n<li>Vaidmen\u0173 \u017eaidimas ne tik suteikia pramog\u0173, bet ir lavina vaizduot\u0119 bei skatina k\u016brybin\u012f m\u0105stym\u0105, moko grupinio bendradarbiavimo, tobulina socialinius ir integracinius \u012fg\u016bd\u017eius. Tai taip pat lavina rankinius ir aktorinius \u012fg\u016bd\u017eius\u00a0<strong>tai gali tapti \u012fkv\u0117pimu ir prisid\u0117ti prie b\u016bsimo vir\u0117jo s\u0117km\u0117s<\/strong>\u00a0.<\/li><\/ul><p><strong>SPECIFIKACIJA<\/strong><\/p><ul class=\"wp-block-list\"><li>vaiko am\u017eius: 3+<\/li>\n\n<li>med\u017eiaga: mediena<\/li>\n\n<li>lempos maitinimas: 3xAAA baterijos (\u012f komplekt\u0105 ne\u012feina)<\/li>\n\n<li>matmenys (auk\u0161tis\/plotis\/ilgis): 98&#215;92,5x30cm<\/li>\n\n<li>virtuv\u0117s svoris: 18,5 kg<\/li>\n\n<li>svoris su pakuote: 19,5 kg<\/li><\/ul><p><strong>\u012eSKAITANT<\/strong><\/p><ul class=\"wp-block-list\"><li>virtuv\u0117<\/li>\n\n<li>telefonas su rageliu<\/li>\n\n<li>lempa<\/li>\n\n<li>vir\u0117jo kepur\u0117<\/li>\n\n<li>prijuost\u0117<\/li>\n\n<li>3 \u0161auk\u0161tai\u00a0<\/li>\n\n<li>puodas, keptuv\u0117, dangtis\u00a0<\/li><\/ul><p>Vaikai i\u0161 prigimties domisi pasauliu ir m\u0117gsta m\u0117gd\u017eioti kitus. Jie mokosi steb\u0117dami ir \u017eaisdami. Medin\u0117 virtuv\u0117 \u2013 fantasti\u0161kas b\u016bdas patraukliai leisti laik\u0105 vaikams, o ruo\u0161dami maist\u0105 jie gali jaustis kaip suaug\u0119. Produktas atlieka edukacin\u0119 funkcij\u0105 ir yra puiki id\u0117ja norint i\u0161vengti nuobodulio, ypa\u010d kai lauke blogas oras.<\/p><p><strong>Daugiafunkcin\u0117, didel\u0117 virtuv\u0117 garantuoja daugyb\u0119 pramog\u0173 valand\u0173. Didelis baldas su stalvir\u0161iu, lentynomis, spintel\u0117mis, degikliais, kriaukle su \u010diaupu, mikrobang\u0173 krosnele, orkaite ir dideliu \u0161aldytuvu leid\u017eia smagiai ir smagiai praleisti laik\u0105. Judantys elementai, tokie kaip atidaromos durys, nuimama kriaukl\u0117 ir spragtel\u0117jan\u010dios ranken\u0117l\u0117s, yra papildoma \u012fvairov\u0117.<\/strong>\u0160aldytuve yra vandens dozatoriaus imitacija. Komplekte yra reikalingi mediniai virtuv\u0117s reikmenys, puodai ir telefonas su rageliu. Produktas turi&nbsp;<strong>i\u0161skirtinai patraukli\u0105 i\u0161vaizd\u0105. Kruop\u0161tus darbas ir esteti\u0161ka apdaila, atkreipiant d\u0117mes\u012f \u012f smulkiausias detales, prideda vert\u0119 ir d\u017eiugina ak\u012f. Eleganti\u0161ka balta spalva ir dekoratyvin\u0117s kojel\u0117s paver\u010dia virtuv\u0119 nuostabia vaik\u0173 kambario puo\u0161mena.<\/strong><\/p><p><strong>Gaminys pagamintas i\u0161 patvarios medienos. Naudojama med\u017eiaga turi teigiam\u0105 poveik\u012f patvarumui ir naudojimo trukmei, taip pat vaik\u0173 saugai ir sveikatai.<\/strong><\/p>","protected":false},"excerpt":{"rendered":"<p>XXL MEDIN\u0116 VIRTUV\u0116 SPECIFIKACIJA \u012eSKAITANT Vaikai i\u0161 prigimties domisi pasauliu ir m\u0117gsta m\u0117gd\u017eioti kitus. Jie mokosi steb\u0117dami ir \u017eaisdami. Medin\u0117 virtuv\u0117 \u2013 fantasti\u0161kas b\u016bdas patraukliai leisti laik\u0105 vaikams, o ruo\u0161dami maist\u0105 jie gali jaustis kaip suaug\u0119. Produktas atlieka edukacin\u0119 funkcij\u0105 ir yra puiki id\u0117ja norint i\u0161vengti nuobodulio, ypa\u010d kai lauke blogas oras. Daugiafunkcin\u0117, didel\u0117 virtuv\u0117 [&hellip;]<\/p>","protected":false},"featured_media":20330,"template":"","meta":{"iawp_total_views":29},"product_cat":[192,84,102,50,93,49,39],"product_tag":[96,97,98],"class_list":{"0":"post-20329","1":"product","2":"type-product","3":"status-publish","4":"has-post-thumbnail","6":"product_cat-kaledines-dovanos-vaikams","7":"product_cat-lavinamieji-zaislai","8":"product_cat-mediniai-zaislai","9":"product_cat-top-dovanos","10":"product_cat-vaidmenu-zaidimai","11":"product_cat-visi-zaislai","12":"product_cat-zaislai","13":"product_tag-2-m-3-m","14":"product_tag-3-m-4-m","15":"product_tag-5-m-7-m","17":"first","18":"outofstock","19":"taxable","20":"shipping-taxable","21":"purchasable","22":"product-type-simple"},"yoast_head":"<!-- This site is optimized with the Yoast SEO plugin v23.3 - https:\/\/yoast.com\/wordpress\/plugins\/seo\/ -->\n<title>Didel\u0117 medin\u0117 virtuv\u0117 su priedais - Montessori \u017eaislai<\/title>\n<meta name=\"robots\" content=\"noindex, follow, max-snippet:-1, max-image-preview:large, max-video-preview:-1\" \/>\n<meta property=\"og:locale\" content=\"en_US\" \/>\n<meta property=\"og:type\" content=\"article\" \/>\n<meta property=\"og:title\" content=\"Didel\u0117 medin\u0117 virtuv\u0117 su priedais - Montessori \u017eaislai\" \/>\n<meta property=\"og:description\" content=\"XXL MEDIN\u0116 VIRTUV\u0116 SPECIFIKACIJA \u012eSKAITANT Vaikai i\u0161 prigimties domisi pasauliu ir m\u0117gsta m\u0117gd\u017eioti kitus. Jie mokosi steb\u0117dami ir \u017eaisdami. Medin\u0117 virtuv\u0117 \u2013 fantasti\u0161kas b\u016bdas patraukliai leisti laik\u0105 vaikams, o ruo\u0161dami maist\u0105 jie gali jaustis kaip suaug\u0119. Produktas atlieka edukacin\u0119 funkcij\u0105 ir yra puiki id\u0117ja norint i\u0161vengti nuobodulio, ypa\u010d kai lauke blogas oras. Daugiafunkcin\u0117, didel\u0117 virtuv\u0117 [&hellip;]\" \/>\n<meta property=\"og:url\" content=\"https:\/\/dev.monti.lt\/en\/product\/didele-medine-virtuve-su-priedais\/\" \/>\n<meta property=\"og:site_name\" content=\"Montessori \u017eaislai\" \/>\n<meta property=\"article:modified_time\" content=\"2024-08-05T08:52:23+00:00\" \/>\n<meta property=\"og:image\" content=\"https:\/\/dev.monti.lt\/wp-content\/uploads\/2023\/11\/lit_pl_Kruzzel-22112-medine-virtuve-16864_14.jpg\" \/>\n\t<meta property=\"og:image:width\" content=\"500\" \/>\n\t<meta property=\"og:image:height\" content=\"500\" \/>\n\t<meta property=\"og:image:type\" content=\"image\/jpeg\" \/>\n<meta name=\"twitter:card\" content=\"summary_large_image\" \/>\n<meta name=\"twitter:label1\" content=\"Est. reading time\" \/>\n\t<meta name=\"twitter:data1\" content=\"2 minutes\" \/>\n<script type=\"application\/ld+json\" class=\"yoast-schema-graph\">{\"@context\":\"https:\/\/schema.org\",\"@graph\":[{\"@type\":\"WebPage\",\"@id\":\"https:\/\/dev.monti.lt\/product\/didele-medine-virtuve-su-priedais\/\",\"url\":\"https:\/\/dev.monti.lt\/product\/didele-medine-virtuve-su-priedais\/\",\"name\":\"Didel\u0117 medin\u0117 virtuv\u0117 su priedais - Montessori \u017eaislai\",\"isPartOf\":{\"@id\":\"https:\/\/dev.monti.lt\/#website\"},\"primaryImageOfPage\":{\"@id\":\"https:\/\/dev.monti.lt\/product\/didele-medine-virtuve-su-priedais\/#primaryimage\"},\"image\":{\"@id\":\"https:\/\/dev.monti.lt\/product\/didele-medine-virtuve-su-priedais\/#primaryimage\"},\"thumbnailUrl\":\"https:\/\/dev.monti.lt\/wp-content\/uploads\/2023\/11\/lit_pl_Kruzzel-22112-medine-virtuve-16864_14.jpg\",\"datePublished\":\"2023-11-28T13:13:30+00:00\",\"dateModified\":\"2024-08-05T08:52:23+00:00\",\"breadcrumb\":{\"@id\":\"https:\/\/dev.monti.lt\/product\/didele-medine-virtuve-su-priedais\/#breadcrumb\"},\"inLanguage\":\"en-US\",\"potentialAction\":[{\"@type\":\"ReadAction\",\"target\":[\"https:\/\/dev.monti.lt\/product\/didele-medine-virtuve-su-priedais\/\"]}]},{\"@type\":\"ImageObject\",\"inLanguage\":\"en-US\",\"@id\":\"https:\/\/dev.monti.lt\/product\/didele-medine-virtuve-su-priedais\/#primaryimage\",\"url\":\"https:\/\/dev.monti.lt\/wp-content\/uploads\/2023\/11\/lit_pl_Kruzzel-22112-medine-virtuve-16864_14.jpg\",\"contentUrl\":\"https:\/\/dev.monti.lt\/wp-content\/uploads\/2023\/11\/lit_pl_Kruzzel-22112-medine-virtuve-16864_14.jpg\",\"width\":500,\"height\":500,\"caption\":\"didele virtuve\"},{\"@type\":\"BreadcrumbList\",\"@id\":\"https:\/\/dev.monti.lt\/product\/didele-medine-virtuve-su-priedais\/#breadcrumb\",\"itemListElement\":[{\"@type\":\"ListItem\",\"position\":1,\"name\":\"Home\",\"item\":\"https:\/\/dev.monti.lt\/\"},{\"@type\":\"ListItem\",\"position\":2,\"name\":\"Parduotuv\u0117\",\"item\":\"https:\/\/dev.monti.lt\/shop\/\"},{\"@type\":\"ListItem\",\"position\":3,\"name\":\"Didel\u0117 medin\u0117 virtuv\u0117 su priedais\"}]},{\"@type\":\"WebSite\",\"@id\":\"https:\/\/dev.monti.lt\/#website\",\"url\":\"https:\/\/dev.monti.lt\/\",\"name\":\"Montessori \u017eaislai\",\"description\":\"\",\"publisher\":{\"@id\":\"https:\/\/dev.monti.lt\/#organization\"},\"potentialAction\":[{\"@type\":\"SearchAction\",\"target\":{\"@type\":\"EntryPoint\",\"urlTemplate\":\"https:\/\/dev.monti.lt\/?s={search_term_string}\"},\"query-input\":\"required name=search_term_string\"}],\"inLanguage\":\"en-US\"},{\"@type\":\"Organization\",\"@id\":\"https:\/\/dev.monti.lt\/#organization\",\"name\":\"Montessori \u017eaislai\",\"url\":\"https:\/\/dev.monti.lt\/\",\"logo\":{\"@type\":\"ImageObject\",\"inLanguage\":\"en-US\",\"@id\":\"https:\/\/dev.monti.lt\/#\/schema\/logo\/image\/\",\"url\":\"https:\/\/dev.monti.lt\/wp-content\/uploads\/2022\/03\/montilogo-1.png\",\"contentUrl\":\"https:\/\/dev.monti.lt\/wp-content\/uploads\/2022\/03\/montilogo-1.png\",\"width\":512,\"height\":512,\"caption\":\"Montessori \u017eaislai\"},\"image\":{\"@id\":\"https:\/\/dev.monti.lt\/#\/schema\/logo\/image\/\"}}]}<\/script>\n<!-- \/ Yoast SEO plugin. -->","yoast_head_json":{"title":"Didel\u0117 medin\u0117 virtuv\u0117 su priedais - Montessori \u017eaislai","robots":{"index":"noindex","follow":"follow","max-snippet":"max-snippet:-1","max-image-preview":"max-image-preview:large","max-video-preview":"max-video-preview:-1"},"og_locale":"en_US","og_type":"article","og_title":"Didel\u0117 medin\u0117 virtuv\u0117 su priedais - Montessori \u017eaislai","og_description":"XXL MEDIN\u0116 VIRTUV\u0116 SPECIFIKACIJA \u012eSKAITANT Vaikai i\u0161 prigimties domisi pasauliu ir m\u0117gsta m\u0117gd\u017eioti kitus. Jie mokosi steb\u0117dami ir \u017eaisdami. Medin\u0117 virtuv\u0117 \u2013 fantasti\u0161kas b\u016bdas patraukliai leisti laik\u0105 vaikams, o ruo\u0161dami maist\u0105 jie gali jaustis kaip suaug\u0119. Produktas atlieka edukacin\u0119 funkcij\u0105 ir yra puiki id\u0117ja norint i\u0161vengti nuobodulio, ypa\u010d kai lauke blogas oras. Daugiafunkcin\u0117, didel\u0117 virtuv\u0117 [&hellip;]","og_url":"https:\/\/dev.monti.lt\/en\/product\/didele-medine-virtuve-su-priedais\/","og_site_name":"Montessori \u017eaislai","article_modified_time":"2024-08-05T08:52:23+00:00","og_image":[{"width":500,"height":500,"url":"https:\/\/dev.monti.lt\/wp-content\/uploads\/2023\/11\/lit_pl_Kruzzel-22112-medine-virtuve-16864_14.jpg","type":"image\/jpeg"}],"twitter_card":"summary_large_image","twitter_misc":{"Est. reading time":"2 minutes"},"schema":{"@context":"https:\/\/schema.org","@graph":[{"@type":"WebPage","@id":"https:\/\/dev.monti.lt\/product\/didele-medine-virtuve-su-priedais\/","url":"https:\/\/dev.monti.lt\/product\/didele-medine-virtuve-su-priedais\/","name":"Didel\u0117 medin\u0117 virtuv\u0117 su priedais - Montessori \u017eaislai","isPartOf":{"@id":"https:\/\/dev.monti.lt\/#website"},"primaryImageOfPage":{"@id":"https:\/\/dev.monti.lt\/product\/didele-medine-virtuve-su-priedais\/#primaryimage"},"image":{"@id":"https:\/\/dev.monti.lt\/product\/didele-medine-virtuve-su-priedais\/#primaryimage"},"thumbnailUrl":"https:\/\/dev.monti.lt\/wp-content\/uploads\/2023\/11\/lit_pl_Kruzzel-22112-medine-virtuve-16864_14.jpg","datePublished":"2023-11-28T13:13:30+00:00","dateModified":"2024-08-05T08:52:23+00:00","breadcrumb":{"@id":"https:\/\/dev.monti.lt\/product\/didele-medine-virtuve-su-priedais\/#breadcrumb"},"inLanguage":"en-US","potentialAction":[{"@type":"ReadAction","target":["https:\/\/dev.monti.lt\/product\/didele-medine-virtuve-su-priedais\/"]}]},{"@type":"ImageObject","inLanguage":"en-US","@id":"https:\/\/dev.monti.lt\/product\/didele-medine-virtuve-su-priedais\/#primaryimage","url":"https:\/\/dev.monti.lt\/wp-content\/uploads\/2023\/11\/lit_pl_Kruzzel-22112-medine-virtuve-16864_14.jpg","contentUrl":"https:\/\/dev.monti.lt\/wp-content\/uploads\/2023\/11\/lit_pl_Kruzzel-22112-medine-virtuve-16864_14.jpg","width":500,"height":500,"caption":"didele virtuve"},{"@type":"BreadcrumbList","@id":"https:\/\/dev.monti.lt\/product\/didele-medine-virtuve-su-priedais\/#breadcrumb","itemListElement":[{"@type":"ListItem","position":1,"name":"Home","item":"https:\/\/dev.monti.lt\/"},{"@type":"ListItem","position":2,"name":"Parduotuv\u0117","item":"https:\/\/dev.monti.lt\/shop\/"},{"@type":"ListItem","position":3,"name":"Didel\u0117 medin\u0117 virtuv\u0117 su priedais"}]},{"@type":"WebSite","@id":"https:\/\/dev.monti.lt\/#website","url":"https:\/\/dev.monti.lt\/","name":"Montessori \u017eaislai","description":"","publisher":{"@id":"https:\/\/dev.monti.lt\/#organization"},"potentialAction":[{"@type":"SearchAction","target":{"@type":"EntryPoint","urlTemplate":"https:\/\/dev.monti.lt\/?s={search_term_string}"},"query-input":"required name=search_term_string"}],"inLanguage":"en-US"},{"@type":"Organization","@id":"https:\/\/dev.monti.lt\/#organization","name":"Montessori \u017eaislai","url":"https:\/\/dev.monti.lt\/","logo":{"@type":"ImageObject","inLanguage":"en-US","@id":"https:\/\/dev.monti.lt\/#\/schema\/logo\/image\/","url":"https:\/\/dev.monti.lt\/wp-content\/uploads\/2022\/03\/montilogo-1.png","contentUrl":"https:\/\/dev.monti.lt\/wp-content\/uploads\/2022\/03\/montilogo-1.png","width":512,"height":512,"caption":"Montessori \u017eaislai"},"image":{"@id":"https:\/\/dev.monti.lt\/#\/schema\/logo\/image\/"}}]}},"_links":{"self":[{"href":"https:\/\/dev.monti.lt\/en\/wp-json\/wp\/v2\/product\/20329"}],"collection":[{"href":"https:\/\/dev.monti.lt\/en\/wp-json\/wp\/v2\/product"}],"about":[{"href":"https:\/\/dev.monti.lt\/en\/wp-json\/wp\/v2\/types\/product"}],"version-history":[{"count":1,"href":"https:\/\/dev.monti.lt\/en\/wp-json\/wp\/v2\/product\/20329\/revisions"}],"predecessor-version":[{"id":20334,"href":"https:\/\/dev.monti.lt\/en\/wp-json\/wp\/v2\/product\/20329\/revisions\/20334"}],"wp:featuredmedia":[{"embeddable":true,"href":"https:\/\/dev.monti.lt\/en\/wp-json\/wp\/v2\/media\/20330"}],"wp:attachment":[{"href":"https:\/\/dev.monti.lt\/en\/wp-json\/wp\/v2\/media?parent=20329"}],"wp:term":[{"taxonomy":"product_cat","embeddable":true,"href":"https:\/\/dev.monti.lt\/en\/wp-json\/wp\/v2\/product_cat?post=20329"},{"taxonomy":"product_tag","embeddable":true,"href":"https:\/\/dev.monti.lt\/en\/wp-json\/wp\/v2\/product_tag?post=20329"}],"curies":[{"name":"wp","href":"https:\/\/api.w.org\/{rel}","templated":true}]}}