{"id":19683,"date":"2023-11-17T09:56:37","date_gmt":"2023-11-17T09:56:37","guid":{"rendered":"https:\/\/dev.monti.lt\/?post_type=product&#038;p=19683"},"modified":"2024-09-19T06:57:39","modified_gmt":"2024-09-19T06:57:39","slug":"montessori-rusiavimo-zaidimas-dinozaurai-2","status":"publish","type":"product","link":"https:\/\/dev.monti.lt\/en\/product\/montessori-rusiavimo-zaidimas-dinozaurai-2\/","title":{"rendered":"R\u016b\u0161iavimo \u017eaidimas &#8220;Dinozaurai&#8221;"},"content":{"rendered":"<p>R\u016b\u0161iavimo \u017eaidimas pagal spalvas<\/p>","protected":false},"excerpt":{"rendered":"<p>R\u016b\u0161iavimo \u017eaidimas pagal spalvas<\/p>","protected":false},"featured_media":19684,"template":"","meta":{"iawp_total_views":57},"product_cat":[218,84,88,83,90,86,199,49,39],"product_tag":[96,97,98],"class_list":{"0":"post-19683","1":"product","2":"type-product","3":"status-publish","4":"has-post-thumbnail","6":"product_cat-darzeliu-grupems","7":"product_cat-lavinamieji-zaislai","8":"product_cat-mokausi-zaisti","9":"product_cat-montessori-zaislai","10":"product_cat-pasaulio-pazinimas","11":"product_cat-smulkioji-motorika","12":"product_cat-ugdymo-istaigoms","13":"product_cat-visi-zaislai","14":"product_cat-zaislai","15":"product_tag-2-m-3-m","16":"product_tag-3-m-4-m","17":"product_tag-5-m-7-m","19":"first","20":"instock","21":"taxable","22":"shipping-taxable","23":"purchasable","24":"product-type-simple"},"yoast_head":"<!-- This site is optimized with the Yoast SEO plugin v23.3 - https:\/\/yoast.com\/wordpress\/plugins\/seo\/ -->\n<title>R\u016b\u0161iavimo \u017eaidimas &quot;Dinozaurai&quot; - Montessori \u017eaislai<\/title>\n<meta name=\"robots\" content=\"noindex, follow, max-snippet:-1, max-image-preview:large, max-video-preview:-1\" \/>\n<meta property=\"og:locale\" content=\"en_US\" \/>\n<meta property=\"og:type\" content=\"article\" \/>\n<meta property=\"og:title\" content=\"R\u016b\u0161iavimo \u017eaidimas &quot;Dinozaurai&quot; - Montessori \u017eaislai\" \/>\n<meta property=\"og:description\" content=\"R\u016b\u0161iavimo \u017eaidimas pagal spalvas\" \/>\n<meta property=\"og:url\" content=\"https:\/\/dev.monti.lt\/en\/product\/montessori-rusiavimo-zaidimas-dinozaurai-2\/\" \/>\n<meta property=\"og:site_name\" content=\"Montessori \u017eaislai\" \/>\n<meta property=\"article:modified_time\" content=\"2024-09-19T06:57:39+00:00\" \/>\n<meta property=\"og:image\" content=\"https:\/\/dev.monti.lt\/wp-content\/uploads\/2023\/11\/lit_pl_Dinozaury-zestaw-do-nauki-liczenia-22496-17279_11.jpg\" \/>\n\t<meta property=\"og:image:width\" content=\"500\" \/>\n\t<meta property=\"og:image:height\" content=\"500\" \/>\n\t<meta property=\"og:image:type\" content=\"image\/jpeg\" \/>\n<meta name=\"twitter:card\" content=\"summary_large_image\" \/>\n<meta name=\"twitter:label1\" content=\"Est. reading time\" \/>\n\t<meta name=\"twitter:data1\" content=\"1 minute\" \/>\n<script type=\"application\/ld+json\" class=\"yoast-schema-graph\">{\"@context\":\"https:\/\/schema.org\",\"@graph\":[{\"@type\":\"WebPage\",\"@id\":\"https:\/\/dev.monti.lt\/product\/montessori-rusiavimo-zaidimas-dinozaurai-2\/\",\"url\":\"https:\/\/dev.monti.lt\/product\/montessori-rusiavimo-zaidimas-dinozaurai-2\/\",\"name\":\"R\u016b\u0161iavimo \u017eaidimas \\\"Dinozaurai\\\" - Montessori \u017eaislai\",\"isPartOf\":{\"@id\":\"https:\/\/dev.monti.lt\/#website\"},\"primaryImageOfPage\":{\"@id\":\"https:\/\/dev.monti.lt\/product\/montessori-rusiavimo-zaidimas-dinozaurai-2\/#primaryimage\"},\"image\":{\"@id\":\"https:\/\/dev.monti.lt\/product\/montessori-rusiavimo-zaidimas-dinozaurai-2\/#primaryimage\"},\"thumbnailUrl\":\"https:\/\/dev.monti.lt\/wp-content\/uploads\/2023\/11\/lit_pl_Dinozaury-zestaw-do-nauki-liczenia-22496-17279_11.jpg\",\"datePublished\":\"2023-11-17T09:56:37+00:00\",\"dateModified\":\"2024-09-19T06:57:39+00:00\",\"breadcrumb\":{\"@id\":\"https:\/\/dev.monti.lt\/product\/montessori-rusiavimo-zaidimas-dinozaurai-2\/#breadcrumb\"},\"inLanguage\":\"en-US\",\"potentialAction\":[{\"@type\":\"ReadAction\",\"target\":[\"https:\/\/dev.monti.lt\/product\/montessori-rusiavimo-zaidimas-dinozaurai-2\/\"]}]},{\"@type\":\"ImageObject\",\"inLanguage\":\"en-US\",\"@id\":\"https:\/\/dev.monti.lt\/product\/montessori-rusiavimo-zaidimas-dinozaurai-2\/#primaryimage\",\"url\":\"https:\/\/dev.monti.lt\/wp-content\/uploads\/2023\/11\/lit_pl_Dinozaury-zestaw-do-nauki-liczenia-22496-17279_11.jpg\",\"contentUrl\":\"https:\/\/dev.monti.lt\/wp-content\/uploads\/2023\/11\/lit_pl_Dinozaury-zestaw-do-nauki-liczenia-22496-17279_11.jpg\",\"width\":500,\"height\":500,\"caption\":\"rusiavimo zaidimas Dinozaurai\"},{\"@type\":\"BreadcrumbList\",\"@id\":\"https:\/\/dev.monti.lt\/product\/montessori-rusiavimo-zaidimas-dinozaurai-2\/#breadcrumb\",\"itemListElement\":[{\"@type\":\"ListItem\",\"position\":1,\"name\":\"Home\",\"item\":\"https:\/\/dev.monti.lt\/\"},{\"@type\":\"ListItem\",\"position\":2,\"name\":\"Parduotuv\u0117\",\"item\":\"https:\/\/dev.monti.lt\/shop\/\"},{\"@type\":\"ListItem\",\"position\":3,\"name\":\"R\u016b\u0161iavimo \u017eaidimas &#8220;Dinozaurai&#8221;\"}]},{\"@type\":\"WebSite\",\"@id\":\"https:\/\/dev.monti.lt\/#website\",\"url\":\"https:\/\/dev.monti.lt\/\",\"name\":\"Montessori \u017eaislai\",\"description\":\"\",\"publisher\":{\"@id\":\"https:\/\/dev.monti.lt\/#organization\"},\"potentialAction\":[{\"@type\":\"SearchAction\",\"target\":{\"@type\":\"EntryPoint\",\"urlTemplate\":\"https:\/\/dev.monti.lt\/?s={search_term_string}\"},\"query-input\":\"required name=search_term_string\"}],\"inLanguage\":\"en-US\"},{\"@type\":\"Organization\",\"@id\":\"https:\/\/dev.monti.lt\/#organization\",\"name\":\"Montessori \u017eaislai\",\"url\":\"https:\/\/dev.monti.lt\/\",\"logo\":{\"@type\":\"ImageObject\",\"inLanguage\":\"en-US\",\"@id\":\"https:\/\/dev.monti.lt\/#\/schema\/logo\/image\/\",\"url\":\"https:\/\/dev.monti.lt\/wp-content\/uploads\/2022\/03\/montilogo-1.png\",\"contentUrl\":\"https:\/\/dev.monti.lt\/wp-content\/uploads\/2022\/03\/montilogo-1.png\",\"width\":512,\"height\":512,\"caption\":\"Montessori \u017eaislai\"},\"image\":{\"@id\":\"https:\/\/dev.monti.lt\/#\/schema\/logo\/image\/\"}}]}<\/script>\n<!-- \/ Yoast SEO plugin. -->","yoast_head_json":{"title":"R\u016b\u0161iavimo \u017eaidimas \"Dinozaurai\" - Montessori \u017eaislai","robots":{"index":"noindex","follow":"follow","max-snippet":"max-snippet:-1","max-image-preview":"max-image-preview:large","max-video-preview":"max-video-preview:-1"},"og_locale":"en_US","og_type":"article","og_title":"R\u016b\u0161iavimo \u017eaidimas \"Dinozaurai\" - Montessori \u017eaislai","og_description":"R\u016b\u0161iavimo \u017eaidimas pagal spalvas","og_url":"https:\/\/dev.monti.lt\/en\/product\/montessori-rusiavimo-zaidimas-dinozaurai-2\/","og_site_name":"Montessori \u017eaislai","article_modified_time":"2024-09-19T06:57:39+00:00","og_image":[{"width":500,"height":500,"url":"https:\/\/dev.monti.lt\/wp-content\/uploads\/2023\/11\/lit_pl_Dinozaury-zestaw-do-nauki-liczenia-22496-17279_11.jpg","type":"image\/jpeg"}],"twitter_card":"summary_large_image","twitter_misc":{"Est. reading time":"1 minute"},"schema":{"@context":"https:\/\/schema.org","@graph":[{"@type":"WebPage","@id":"https:\/\/dev.monti.lt\/product\/montessori-rusiavimo-zaidimas-dinozaurai-2\/","url":"https:\/\/dev.monti.lt\/product\/montessori-rusiavimo-zaidimas-dinozaurai-2\/","name":"R\u016b\u0161iavimo \u017eaidimas \"Dinozaurai\" - Montessori \u017eaislai","isPartOf":{"@id":"https:\/\/dev.monti.lt\/#website"},"primaryImageOfPage":{"@id":"https:\/\/dev.monti.lt\/product\/montessori-rusiavimo-zaidimas-dinozaurai-2\/#primaryimage"},"image":{"@id":"https:\/\/dev.monti.lt\/product\/montessori-rusiavimo-zaidimas-dinozaurai-2\/#primaryimage"},"thumbnailUrl":"https:\/\/dev.monti.lt\/wp-content\/uploads\/2023\/11\/lit_pl_Dinozaury-zestaw-do-nauki-liczenia-22496-17279_11.jpg","datePublished":"2023-11-17T09:56:37+00:00","dateModified":"2024-09-19T06:57:39+00:00","breadcrumb":{"@id":"https:\/\/dev.monti.lt\/product\/montessori-rusiavimo-zaidimas-dinozaurai-2\/#breadcrumb"},"inLanguage":"en-US","potentialAction":[{"@type":"ReadAction","target":["https:\/\/dev.monti.lt\/product\/montessori-rusiavimo-zaidimas-dinozaurai-2\/"]}]},{"@type":"ImageObject","inLanguage":"en-US","@id":"https:\/\/dev.monti.lt\/product\/montessori-rusiavimo-zaidimas-dinozaurai-2\/#primaryimage","url":"https:\/\/dev.monti.lt\/wp-content\/uploads\/2023\/11\/lit_pl_Dinozaury-zestaw-do-nauki-liczenia-22496-17279_11.jpg","contentUrl":"https:\/\/dev.monti.lt\/wp-content\/uploads\/2023\/11\/lit_pl_Dinozaury-zestaw-do-nauki-liczenia-22496-17279_11.jpg","width":500,"height":500,"caption":"rusiavimo zaidimas Dinozaurai"},{"@type":"BreadcrumbList","@id":"https:\/\/dev.monti.lt\/product\/montessori-rusiavimo-zaidimas-dinozaurai-2\/#breadcrumb","itemListElement":[{"@type":"ListItem","position":1,"name":"Home","item":"https:\/\/dev.monti.lt\/"},{"@type":"ListItem","position":2,"name":"Parduotuv\u0117","item":"https:\/\/dev.monti.lt\/shop\/"},{"@type":"ListItem","position":3,"name":"R\u016b\u0161iavimo \u017eaidimas &#8220;Dinozaurai&#8221;"}]},{"@type":"WebSite","@id":"https:\/\/dev.monti.lt\/#website","url":"https:\/\/dev.monti.lt\/","name":"Montessori \u017eaislai","description":"","publisher":{"@id":"https:\/\/dev.monti.lt\/#organization"},"potentialAction":[{"@type":"SearchAction","target":{"@type":"EntryPoint","urlTemplate":"https:\/\/dev.monti.lt\/?s={search_term_string}"},"query-input":"required name=search_term_string"}],"inLanguage":"en-US"},{"@type":"Organization","@id":"https:\/\/dev.monti.lt\/#organization","name":"Montessori \u017eaislai","url":"https:\/\/dev.monti.lt\/","logo":{"@type":"ImageObject","inLanguage":"en-US","@id":"https:\/\/dev.monti.lt\/#\/schema\/logo\/image\/","url":"https:\/\/dev.monti.lt\/wp-content\/uploads\/2022\/03\/montilogo-1.png","contentUrl":"https:\/\/dev.monti.lt\/wp-content\/uploads\/2022\/03\/montilogo-1.png","width":512,"height":512,"caption":"Montessori \u017eaislai"},"image":{"@id":"https:\/\/dev.monti.lt\/#\/schema\/logo\/image\/"}}]}},"_links":{"self":[{"href":"https:\/\/dev.monti.lt\/en\/wp-json\/wp\/v2\/product\/19683"}],"collection":[{"href":"https:\/\/dev.monti.lt\/en\/wp-json\/wp\/v2\/product"}],"about":[{"href":"https:\/\/dev.monti.lt\/en\/wp-json\/wp\/v2\/types\/product"}],"version-history":[{"count":2,"href":"https:\/\/dev.monti.lt\/en\/wp-json\/wp\/v2\/product\/19683\/revisions"}],"predecessor-version":[{"id":19966,"href":"https:\/\/dev.monti.lt\/en\/wp-json\/wp\/v2\/product\/19683\/revisions\/19966"}],"wp:featuredmedia":[{"embeddable":true,"href":"https:\/\/dev.monti.lt\/en\/wp-json\/wp\/v2\/media\/19684"}],"wp:attachment":[{"href":"https:\/\/dev.monti.lt\/en\/wp-json\/wp\/v2\/media?parent=19683"}],"wp:term":[{"taxonomy":"product_cat","embeddable":true,"href":"https:\/\/dev.monti.lt\/en\/wp-json\/wp\/v2\/product_cat?post=19683"},{"taxonomy":"product_tag","embeddable":true,"href":"https:\/\/dev.monti.lt\/en\/wp-json\/wp\/v2\/product_tag?post=19683"}],"curies":[{"name":"wp","href":"https:\/\/api.w.org\/{rel}","templated":true}]}}