{"id":19666,"date":"2023-11-17T08:55:45","date_gmt":"2023-11-17T08:55:45","guid":{"rendered":"https:\/\/dev.monti.lt\/?post_type=product&#038;p=19666"},"modified":"2024-10-08T17:21:02","modified_gmt":"2024-10-08T17:21:02","slug":"didelis-papuosalu-gamybos-rinkinys","status":"publish","type":"product","link":"https:\/\/dev.monti.lt\/en\/product\/didelis-papuosalu-gamybos-rinkinys\/","title":{"rendered":"Didelis papuo\u0161al\u0173 gamybos rinkinys"},"content":{"rendered":"<h1 class=\"wp-block-heading\">RINKINYS APYRANK\u0116MS \/ KAROV\u0116L\u0116MS \/ PAPUO\u0160AL\u0172 VAIKAMS GAMYBAI + D\u0116\u017dUT\u0116 + DOVAN\u0172 KREP\u0160\u0116LIS&nbsp;<\/h1><ul class=\"wp-block-list\"><li><strong>PAPUO\u0160AL\u0172<\/strong>&nbsp;<strong>RINKINYS<\/strong>&nbsp;\u2013 \u0161is unikalus rinkinys tikrai patiks kiekvienai papuo\u0161alus m\u0117gstan\u010diai merginai. Rinkinyje daug pasaki\u0161kai spalving\u0173 \u012fvairi\u0173 form\u0173 ir spalv\u0173 pakabuk\u0173. J\u0173 d\u0117ka&nbsp;<strong>j\u016bs\u0173 vaikas gali tai padaryti pats&nbsp;<\/strong><strong>papuo\u0161imai<\/strong>&nbsp;,&nbsp;<strong>apyrank\u0117s<\/strong>&nbsp;<strong>ar karoliai<\/strong>&nbsp;<strong>, kuriuos ji padovanos artimam \u017emogui arba ne\u0161ios pati.<\/strong><\/li>\n\n<li><strong>D\u0116\u017dUT\u0116 SU U\u017dTRAUKTU<\/strong>&nbsp;&#8211; rinkinys lengvas ir patogus, vadinasi, vaikas gali lengvai pasiimti su savimi \u012f dar\u017eel\u012f, draug\u0105 ar sod\u0105.&nbsp;<strong>Visas komplektas supakuotas \u012f gra\u017ei\u0105 d\u0117\u017eut\u0119 su u\u017etrauktuku, papildomai su skyreliais, kabliukais ir vieta pakabukams.&nbsp;<\/strong>Jis u\u017eima ma\u017eai vietos, j\u012f patogu laikyti ir transportuoti. Papildomai&nbsp;<strong>visa tai galite \u012fd\u0117ti \u012f dovan\u0173 mai\u0161el\u012f, kuris yra komplekte<\/strong>&nbsp;ir padovanokite j\u0105 savo dukrai \u0161v. Mikalojaus dienos ar jos gimtadienio proga.<\/li>\n\n<li><strong>GALINGAS RINKINYS &#8211;<\/strong>&nbsp;69 element\u0173 rinkinys leis J\u016bs\u0173 vaikui sukurti pasaki\u0161kai spalvingas \u012fvairi\u0173 form\u0173 ir \u012fvairi\u0173 motyv\u0173 apyrankes ir karolius. \u012e komplekt\u0105&nbsp;<strong>Komplekte yra 3 karoli\u0173 pagrindai ir 3 apyrank\u0117s, ant kuri\u0173 u\u017ed\u0117site karoliukus ir pakabu\u010dius<\/strong>&nbsp;.<\/li>\n\n<li><strong>MOKYMASIS IR LINKSM\u0116S<\/strong>&nbsp;&#8211; \u017eaidimas su karoliukais teigiamai veikia vaiko raid\u0105, formuoja jo meninius \u012fg\u016bd\u017eius kartu su vaizduot\u0117s ugdymu, lavinant susikaupim\u0105; lavina rankinius \u012fg\u016bd\u017eius ir skatina k\u016brybi\u0161kum\u0105, o \u017eaisdamas su bendraam\u017eiais moko grupinio bendradarbiavimo, tobulina socialinius ir integracinius \u012fg\u016bd\u017eius.<\/li>\n\n<li><strong>S<\/strong>&nbsp;<strong>SPECIFIKACIJOS<\/strong>&nbsp;&#8211; spalva: daugiaspalv\u0117; apyrank\u0117s ilgis: 15 &#8211; 20 cm; v\u0117rinio ilgis: 40 \u2013 45 cm; d\u0117\u017eut\u0117s matmenys: 9,5 x 9,5 x 5 cm; pakavimas; svoris: 221 g; svoris pakuot\u0117je: 289 g.&nbsp;<\/li><\/ul><p><strong>S<\/strong>&nbsp;<strong>SPECIFIKACIJOS<\/strong><\/p><ul class=\"wp-block-list\"><li>spalva: daugiaspalvis<\/li>\n\n<li>apyrank\u0117s ilgis: 15 &#8211; 20 cm<\/li>\n\n<li>v\u0117rinio ilgis: 40 \u2013 45 cm<\/li>\n\n<li>d\u0117\u017eut\u0117s matmenys: 9,5 x 9,5 x 5 cm<\/li>\n\n<li>svoris: 221 g<\/li>\n\n<li>svoris pakuot\u0117je: 281 g<\/li><\/ul><p><strong>\u012eSKAITANT<\/strong><\/p><ul class=\"wp-block-list\"><li>3x apyranke<\/li>\n\n<li>3 x stygini\u0173 grandin\u0117l\u0117<\/li>\n\n<li>20x apvalus pakabukas<\/li>\n\n<li>20 x plok\u0161ti pakabukai<\/li>\n\n<li>21 x fig\u016br\u0117l\u0117s pakabukai<\/li>\n\n<li>1x d\u0117klas<\/li>\n\n<li>1 x dekoravimo krep\u0161ys<\/li><\/ul><p>K\u016brybinis rinkinys, skirtas mergait\u0117ms gaminti apyrankes ir karolius su pakabukais, leid\u017eia vaikams m\u0117gautis valand\u0173 valandas linksm\u0173 ir begali\u0173 id\u0117j\u0173. Nor\u0117dami sukurti savo gra\u017ei\u0173 papuo\u0161al\u0173 apyrankes ir karolius. Vaikas gali lavinti savo vaizduot\u0119 ir k\u016brybi\u0161kum\u0105. Merginos gali kurti bet kokius \u201epasidaryk pats\u201c apyranki\u0173 ar karoli\u0173 derinius ir konfig\u016bracijas.<\/p>","protected":false},"excerpt":{"rendered":"<p>RINKINYS APYRANK\u0116MS \/ KAROV\u0116L\u0116MS \/ PAPUO\u0160AL\u0172 VAIKAMS GAMYBAI + D\u0116\u017dUT\u0116 + DOVAN\u0172 KREP\u0160\u0116LIS&nbsp; S&nbsp;SPECIFIKACIJOS \u012eSKAITANT K\u016brybinis rinkinys, skirtas mergait\u0117ms gaminti apyrankes ir karolius su pakabukais, leid\u017eia vaikams m\u0117gautis valand\u0173 valandas linksm\u0173 ir begali\u0173 id\u0117j\u0173. Nor\u0117dami sukurti savo gra\u017ei\u0173 papuo\u0161al\u0173 apyrankes ir karolius. Vaikas gali lavinti savo vaizduot\u0119 ir k\u016brybi\u0161kum\u0105. Merginos gali kurti bet kokius \u201epasidaryk [&hellip;]<\/p>","protected":false},"featured_media":19668,"template":"","meta":{"iawp_total_views":233},"product_cat":[195,216,217,196,191,192,87,84,86,49,39,214],"product_tag":[101,97,98,99],"class_list":{"0":"post-19666","1":"product","2":"type-product","3":"status-publish","4":"has-post-thumbnail","6":"product_cat-dovanos-vaikams-3-4-metu","7":"product_cat-dovanos-4-5-metu-vaikams","8":"product_cat-dovanos-5-7-metu-vaikams","9":"product_cat-dovanos-mergaitems","10":"product_cat-dovanos-vaikams","11":"product_cat-kaledines-dovanos-vaikams","12":"product_cat-kurybiniai-rinkiniai","13":"product_cat-lavinamieji-zaislai","14":"product_cat-smulkioji-motorika","15":"product_cat-visi-zaislai","16":"product_cat-zaislai","17":"product_cat-zaislai-mergaitems","18":"product_tag-12-m-14-m","19":"product_tag-3-m-4-m","20":"product_tag-5-m-7-m","21":"product_tag-8-m-11-m","23":"first","24":"instock","25":"taxable","26":"shipping-taxable","27":"purchasable","28":"product-type-simple"},"yoast_head":"<!-- This site is optimized with the Yoast SEO plugin v23.3 - https:\/\/yoast.com\/wordpress\/plugins\/seo\/ -->\n<title>Didelis papuo\u0161al\u0173 gamybos rinkinys - Montessori \u017eaislai<\/title>\n<meta name=\"robots\" content=\"noindex, follow, max-snippet:-1, max-image-preview:large, max-video-preview:-1\" \/>\n<meta property=\"og:locale\" content=\"en_US\" \/>\n<meta property=\"og:type\" content=\"article\" \/>\n<meta property=\"og:title\" content=\"Didelis papuo\u0161al\u0173 gamybos rinkinys - Montessori \u017eaislai\" \/>\n<meta property=\"og:description\" content=\"RINKINYS APYRANK\u0116MS \/ KAROV\u0116L\u0116MS \/ PAPUO\u0160AL\u0172 VAIKAMS GAMYBAI + D\u0116\u017dUT\u0116 + DOVAN\u0172 KREP\u0160\u0116LIS&nbsp; S&nbsp;SPECIFIKACIJOS \u012eSKAITANT K\u016brybinis rinkinys, skirtas mergait\u0117ms gaminti apyrankes ir karolius su pakabukais, leid\u017eia vaikams m\u0117gautis valand\u0173 valandas linksm\u0173 ir begali\u0173 id\u0117j\u0173. Nor\u0117dami sukurti savo gra\u017ei\u0173 papuo\u0161al\u0173 apyrankes ir karolius. Vaikas gali lavinti savo vaizduot\u0119 ir k\u016brybi\u0161kum\u0105. Merginos gali kurti bet kokius \u201epasidaryk [&hellip;]\" \/>\n<meta property=\"og:url\" content=\"https:\/\/dev.monti.lt\/en\/product\/didelis-papuosalu-gamybos-rinkinys\/\" \/>\n<meta property=\"og:site_name\" content=\"Montessori \u017eaislai\" \/>\n<meta property=\"article:modified_time\" content=\"2024-10-08T17:21:02+00:00\" \/>\n<meta property=\"og:image\" content=\"https:\/\/dev.monti.lt\/wp-content\/uploads\/2023\/11\/lit_pl_Kruzzel-22893-papuosalu-gamybos-rinkinys-17080_15.webp\" \/>\n\t<meta property=\"og:image:width\" content=\"500\" \/>\n\t<meta property=\"og:image:height\" content=\"500\" \/>\n\t<meta property=\"og:image:type\" content=\"image\/webp\" \/>\n<meta name=\"twitter:card\" content=\"summary_large_image\" \/>\n<meta name=\"twitter:label1\" content=\"Est. reading time\" \/>\n\t<meta name=\"twitter:data1\" content=\"2 minutes\" \/>\n<script type=\"application\/ld+json\" class=\"yoast-schema-graph\">{\"@context\":\"https:\/\/schema.org\",\"@graph\":[{\"@type\":\"WebPage\",\"@id\":\"https:\/\/dev.monti.lt\/product\/didelis-papuosalu-gamybos-rinkinys\/\",\"url\":\"https:\/\/dev.monti.lt\/product\/didelis-papuosalu-gamybos-rinkinys\/\",\"name\":\"Didelis papuo\u0161al\u0173 gamybos rinkinys - Montessori \u017eaislai\",\"isPartOf\":{\"@id\":\"https:\/\/dev.monti.lt\/#website\"},\"primaryImageOfPage\":{\"@id\":\"https:\/\/dev.monti.lt\/product\/didelis-papuosalu-gamybos-rinkinys\/#primaryimage\"},\"image\":{\"@id\":\"https:\/\/dev.monti.lt\/product\/didelis-papuosalu-gamybos-rinkinys\/#primaryimage\"},\"thumbnailUrl\":\"https:\/\/dev.monti.lt\/wp-content\/uploads\/2023\/11\/lit_pl_Kruzzel-22893-papuosalu-gamybos-rinkinys-17080_15.webp\",\"datePublished\":\"2023-11-17T08:55:45+00:00\",\"dateModified\":\"2024-10-08T17:21:02+00:00\",\"breadcrumb\":{\"@id\":\"https:\/\/dev.monti.lt\/product\/didelis-papuosalu-gamybos-rinkinys\/#breadcrumb\"},\"inLanguage\":\"en-US\",\"potentialAction\":[{\"@type\":\"ReadAction\",\"target\":[\"https:\/\/dev.monti.lt\/product\/didelis-papuosalu-gamybos-rinkinys\/\"]}]},{\"@type\":\"ImageObject\",\"inLanguage\":\"en-US\",\"@id\":\"https:\/\/dev.monti.lt\/product\/didelis-papuosalu-gamybos-rinkinys\/#primaryimage\",\"url\":\"https:\/\/dev.monti.lt\/wp-content\/uploads\/2023\/11\/lit_pl_Kruzzel-22893-papuosalu-gamybos-rinkinys-17080_15.webp\",\"contentUrl\":\"https:\/\/dev.monti.lt\/wp-content\/uploads\/2023\/11\/lit_pl_Kruzzel-22893-papuosalu-gamybos-rinkinys-17080_15.webp\",\"width\":500,\"height\":500,\"caption\":\"papuosalu gamyba\"},{\"@type\":\"BreadcrumbList\",\"@id\":\"https:\/\/dev.monti.lt\/product\/didelis-papuosalu-gamybos-rinkinys\/#breadcrumb\",\"itemListElement\":[{\"@type\":\"ListItem\",\"position\":1,\"name\":\"Home\",\"item\":\"https:\/\/dev.monti.lt\/\"},{\"@type\":\"ListItem\",\"position\":2,\"name\":\"Parduotuv\u0117\",\"item\":\"https:\/\/dev.monti.lt\/shop\/\"},{\"@type\":\"ListItem\",\"position\":3,\"name\":\"Didelis papuo\u0161al\u0173 gamybos rinkinys\"}]},{\"@type\":\"WebSite\",\"@id\":\"https:\/\/dev.monti.lt\/#website\",\"url\":\"https:\/\/dev.monti.lt\/\",\"name\":\"Montessori \u017eaislai\",\"description\":\"\",\"publisher\":{\"@id\":\"https:\/\/dev.monti.lt\/#organization\"},\"potentialAction\":[{\"@type\":\"SearchAction\",\"target\":{\"@type\":\"EntryPoint\",\"urlTemplate\":\"https:\/\/dev.monti.lt\/?s={search_term_string}\"},\"query-input\":\"required name=search_term_string\"}],\"inLanguage\":\"en-US\"},{\"@type\":\"Organization\",\"@id\":\"https:\/\/dev.monti.lt\/#organization\",\"name\":\"Montessori \u017eaislai\",\"url\":\"https:\/\/dev.monti.lt\/\",\"logo\":{\"@type\":\"ImageObject\",\"inLanguage\":\"en-US\",\"@id\":\"https:\/\/dev.monti.lt\/#\/schema\/logo\/image\/\",\"url\":\"https:\/\/dev.monti.lt\/wp-content\/uploads\/2022\/03\/montilogo-1.png\",\"contentUrl\":\"https:\/\/dev.monti.lt\/wp-content\/uploads\/2022\/03\/montilogo-1.png\",\"width\":512,\"height\":512,\"caption\":\"Montessori \u017eaislai\"},\"image\":{\"@id\":\"https:\/\/dev.monti.lt\/#\/schema\/logo\/image\/\"}}]}<\/script>\n<!-- \/ Yoast SEO plugin. -->","yoast_head_json":{"title":"Didelis papuo\u0161al\u0173 gamybos rinkinys - Montessori \u017eaislai","robots":{"index":"noindex","follow":"follow","max-snippet":"max-snippet:-1","max-image-preview":"max-image-preview:large","max-video-preview":"max-video-preview:-1"},"og_locale":"en_US","og_type":"article","og_title":"Didelis papuo\u0161al\u0173 gamybos rinkinys - Montessori \u017eaislai","og_description":"RINKINYS APYRANK\u0116MS \/ KAROV\u0116L\u0116MS \/ PAPUO\u0160AL\u0172 VAIKAMS GAMYBAI + D\u0116\u017dUT\u0116 + DOVAN\u0172 KREP\u0160\u0116LIS&nbsp; S&nbsp;SPECIFIKACIJOS \u012eSKAITANT K\u016brybinis rinkinys, skirtas mergait\u0117ms gaminti apyrankes ir karolius su pakabukais, leid\u017eia vaikams m\u0117gautis valand\u0173 valandas linksm\u0173 ir begali\u0173 id\u0117j\u0173. Nor\u0117dami sukurti savo gra\u017ei\u0173 papuo\u0161al\u0173 apyrankes ir karolius. Vaikas gali lavinti savo vaizduot\u0119 ir k\u016brybi\u0161kum\u0105. Merginos gali kurti bet kokius \u201epasidaryk [&hellip;]","og_url":"https:\/\/dev.monti.lt\/en\/product\/didelis-papuosalu-gamybos-rinkinys\/","og_site_name":"Montessori \u017eaislai","article_modified_time":"2024-10-08T17:21:02+00:00","og_image":[{"width":500,"height":500,"url":"https:\/\/dev.monti.lt\/wp-content\/uploads\/2023\/11\/lit_pl_Kruzzel-22893-papuosalu-gamybos-rinkinys-17080_15.webp","type":"image\/webp"}],"twitter_card":"summary_large_image","twitter_misc":{"Est. reading time":"2 minutes"},"schema":{"@context":"https:\/\/schema.org","@graph":[{"@type":"WebPage","@id":"https:\/\/dev.monti.lt\/product\/didelis-papuosalu-gamybos-rinkinys\/","url":"https:\/\/dev.monti.lt\/product\/didelis-papuosalu-gamybos-rinkinys\/","name":"Didelis papuo\u0161al\u0173 gamybos rinkinys - Montessori \u017eaislai","isPartOf":{"@id":"https:\/\/dev.monti.lt\/#website"},"primaryImageOfPage":{"@id":"https:\/\/dev.monti.lt\/product\/didelis-papuosalu-gamybos-rinkinys\/#primaryimage"},"image":{"@id":"https:\/\/dev.monti.lt\/product\/didelis-papuosalu-gamybos-rinkinys\/#primaryimage"},"thumbnailUrl":"https:\/\/dev.monti.lt\/wp-content\/uploads\/2023\/11\/lit_pl_Kruzzel-22893-papuosalu-gamybos-rinkinys-17080_15.webp","datePublished":"2023-11-17T08:55:45+00:00","dateModified":"2024-10-08T17:21:02+00:00","breadcrumb":{"@id":"https:\/\/dev.monti.lt\/product\/didelis-papuosalu-gamybos-rinkinys\/#breadcrumb"},"inLanguage":"en-US","potentialAction":[{"@type":"ReadAction","target":["https:\/\/dev.monti.lt\/product\/didelis-papuosalu-gamybos-rinkinys\/"]}]},{"@type":"ImageObject","inLanguage":"en-US","@id":"https:\/\/dev.monti.lt\/product\/didelis-papuosalu-gamybos-rinkinys\/#primaryimage","url":"https:\/\/dev.monti.lt\/wp-content\/uploads\/2023\/11\/lit_pl_Kruzzel-22893-papuosalu-gamybos-rinkinys-17080_15.webp","contentUrl":"https:\/\/dev.monti.lt\/wp-content\/uploads\/2023\/11\/lit_pl_Kruzzel-22893-papuosalu-gamybos-rinkinys-17080_15.webp","width":500,"height":500,"caption":"papuosalu gamyba"},{"@type":"BreadcrumbList","@id":"https:\/\/dev.monti.lt\/product\/didelis-papuosalu-gamybos-rinkinys\/#breadcrumb","itemListElement":[{"@type":"ListItem","position":1,"name":"Home","item":"https:\/\/dev.monti.lt\/"},{"@type":"ListItem","position":2,"name":"Parduotuv\u0117","item":"https:\/\/dev.monti.lt\/shop\/"},{"@type":"ListItem","position":3,"name":"Didelis papuo\u0161al\u0173 gamybos rinkinys"}]},{"@type":"WebSite","@id":"https:\/\/dev.monti.lt\/#website","url":"https:\/\/dev.monti.lt\/","name":"Montessori \u017eaislai","description":"","publisher":{"@id":"https:\/\/dev.monti.lt\/#organization"},"potentialAction":[{"@type":"SearchAction","target":{"@type":"EntryPoint","urlTemplate":"https:\/\/dev.monti.lt\/?s={search_term_string}"},"query-input":"required name=search_term_string"}],"inLanguage":"en-US"},{"@type":"Organization","@id":"https:\/\/dev.monti.lt\/#organization","name":"Montessori \u017eaislai","url":"https:\/\/dev.monti.lt\/","logo":{"@type":"ImageObject","inLanguage":"en-US","@id":"https:\/\/dev.monti.lt\/#\/schema\/logo\/image\/","url":"https:\/\/dev.monti.lt\/wp-content\/uploads\/2022\/03\/montilogo-1.png","contentUrl":"https:\/\/dev.monti.lt\/wp-content\/uploads\/2022\/03\/montilogo-1.png","width":512,"height":512,"caption":"Montessori \u017eaislai"},"image":{"@id":"https:\/\/dev.monti.lt\/#\/schema\/logo\/image\/"}}]}},"_links":{"self":[{"href":"https:\/\/dev.monti.lt\/en\/wp-json\/wp\/v2\/product\/19666"}],"collection":[{"href":"https:\/\/dev.monti.lt\/en\/wp-json\/wp\/v2\/product"}],"about":[{"href":"https:\/\/dev.monti.lt\/en\/wp-json\/wp\/v2\/types\/product"}],"version-history":[{"count":1,"href":"https:\/\/dev.monti.lt\/en\/wp-json\/wp\/v2\/product\/19666\/revisions"}],"predecessor-version":[{"id":19679,"href":"https:\/\/dev.monti.lt\/en\/wp-json\/wp\/v2\/product\/19666\/revisions\/19679"}],"wp:featuredmedia":[{"embeddable":true,"href":"https:\/\/dev.monti.lt\/en\/wp-json\/wp\/v2\/media\/19668"}],"wp:attachment":[{"href":"https:\/\/dev.monti.lt\/en\/wp-json\/wp\/v2\/media?parent=19666"}],"wp:term":[{"taxonomy":"product_cat","embeddable":true,"href":"https:\/\/dev.monti.lt\/en\/wp-json\/wp\/v2\/product_cat?post=19666"},{"taxonomy":"product_tag","embeddable":true,"href":"https:\/\/dev.monti.lt\/en\/wp-json\/wp\/v2\/product_tag?post=19666"}],"curies":[{"name":"wp","href":"https:\/\/api.w.org\/{rel}","templated":true}]}}