{"id":19645,"date":"2023-11-17T08:31:27","date_gmt":"2023-11-17T08:31:27","guid":{"rendered":"https:\/\/dev.monti.lt\/?post_type=product&#038;p=19645"},"modified":"2024-05-14T11:27:27","modified_gmt":"2024-05-14T11:27:27","slug":"medine-gelezinkelio-trasa","status":"publish","type":"product","link":"https:\/\/dev.monti.lt\/en\/product\/medine-gelezinkelio-trasa\/","title":{"rendered":"Medin\u0117 gele\u017einkelio tr\u0105sa"},"content":{"rendered":"<h1 class=\"wp-block-heading\">MEDINIS BATERIJ\u0172 VEIKSMAS \/ 3,2 M TAKAS VAIKAMS&nbsp;<\/h1><ul class=\"wp-block-list\"><li><strong>37 ELEMENTAI \u2013<\/strong>&nbsp;rinkin\u012f sudaro 37 tiksliai pagaminti ir gra\u017eiai i\u0161baigti elementai,&nbsp;<strong>kurias galima sutvarkyti pagal savo id\u0117jas<\/strong>&nbsp;. Rinkin\u012f sudaro keleivinio traukinio b\u0117giai, policijos automobilis, med\u017ei\u0173 ir \u017eenkl\u0173 rinkinys, policininkas, \u017eenklai ir daug daugiau.&nbsp;<strong>Traukinio ir traukinio elementai yra sujungti magnetukais<\/strong>&nbsp;\u2013 n\u0117ra nereikaling\u0173 kabliuk\u0173, kurie gal\u0117t\u0173 nutr\u016bkti ir vaikui nuolat sukelti problem\u0173 atjungti komplekt\u0105.&nbsp;<strong>Magnetai yra stipr\u016bs \u2013 jie nepaleid\u017eia net pak\u0117lus vis\u0105 komplekt\u0105.<\/strong><\/li>\n\n<li><strong>STIMULIUOJA VAIZDUOT\u0118<\/strong>&nbsp;\u2013 \u017eaislas&nbsp;<strong>skatina vaik\u0173 k\u016brybi\u0161kum\u0105 ir vaizduot\u0119.<\/strong>&nbsp;Galimyb\u0117 susikurti ir pastatyti savo takelius, o paskui suprojektuoti ir kurti aplink juos esant\u012f kra\u0161tovaizd\u012f \u2013&nbsp;<strong>labai smagu visiems<\/strong>&nbsp;. I\u0161bandyti j\u0173 sukurtas takelius&nbsp;<strong>bus labai smagu kiekvienam vaikui<\/strong>&nbsp;.<\/li>\n\n<li><strong>PL\u0116TRA<\/strong>&nbsp;&#8211; trasa ne tik smagi pramoga, bet ir&nbsp;<strong>lavina erdv\u0117s poj\u016bt\u012f<\/strong>&nbsp;,&nbsp;<strong>mank\u0161tina ma\u017e\u0105sias rankytes ir skatina lyt\u0117jimo poj\u016bt\u012f<\/strong>&nbsp;. Tai puikus b\u016bdas&nbsp;<strong>lavinti rank\u0173 ir aki\u0173 koordinacij\u0105<\/strong>&nbsp;, kuri yra tokia svarbi ateityje.<\/li>\n\n<li><strong>SAUGU<\/strong>&nbsp;\u2013 eil\u0117 saugi patiems ma\u017eiausiems. Visi mediniai elementai puikiai poliruoti ir nuda\u017eyti aplinkai saugiais da\u017eais. Be to, n\u0117ra i\u0161siki\u0161usi\u0173, a\u0161tri\u0173 element\u0173, galin\u010di\u0173 pakenkti vaikui.<\/li>\n\n<li><strong>SPECIFIKACIJA<\/strong>&nbsp;\u2013 med\u017eiaga: mediena; traukinio maitinimas: 1x AA (\u012f komplekt\u0105 ne\u012feina); element\u0173 skai\u010dius rinkinyje: 37; takelio ilgis: 3,2 m; i\u0161matavimai i\u0161skleidus: 85 x 42 x 14,5 cm; svoris: 1,261 kg; svoris su pakuote: 1,38 kg.&nbsp;<\/li><\/ul><p><strong>SPECIFIKACIJA<\/strong><\/p><ul class=\"wp-block-list\"><li>med\u017eiaga: mediena<\/li>\n\n<li>traukinio galia: 1x AA (ne\u012fskai\u010diuota)<\/li>\n\n<li>element\u0173 skai\u010dius rinkinyje: 37<\/li>\n\n<li>takelio ilgis: 3,2 m<\/li>\n\n<li>i\u0161matavimai i\u0161skleidus: 85 x 42 x 14,5 cm<\/li>\n\n<li>svoris: 1,261 kg<\/li>\n\n<li>svoris su pakuote: 1,38 kg<\/li><\/ul><p><strong>\u012eSKAITANT<\/strong><\/p><ul class=\"wp-block-list\"><li>20 b\u0117gi\u0173 element\u0173<\/li>\n\n<li>tiltas<\/li>\n\n<li>5 med\u017eiai<\/li>\n\n<li>2 simboliai<\/li>\n\n<li>1 policijos pastatas (kiekvienas susideda i\u0161 3 dali\u0173)<\/li>\n\n<li>keleivinis traukinys \u2013 3 elementai<\/li>\n\n<li>policijos automobilis<\/li>\n\n<li>stulpelis<\/li>\n\n<li>2 barjerai<\/li>\n\n<li>policininkas<\/li><\/ul><p>Medinis traukinukas \u2013 puiki id\u0117ja&nbsp;<strong>lavinti vaiko vaizduot\u0119 ir k\u016brybi\u0161kum\u0105.<\/strong>&nbsp;Tinka&nbsp;<strong>\u017eaisti namuose ir lauke.<\/strong>&nbsp;Rinkin\u012f sudaro&nbsp;<strong>37 elementai<\/strong>&nbsp;precizi\u0161kai pagaminta ir gra\u017eiai i\u0161baigta, kuri\u0105 galima derinti pagal savo sumanymus. Komplekte yra takelis, traukinys su vagonais, policininkas ir med\u017eiai.<\/p>","protected":false},"excerpt":{"rendered":"<p>MEDINIS BATERIJ\u0172 VEIKSMAS \/ 3,2 M TAKAS VAIKAMS&nbsp; SPECIFIKACIJA \u012eSKAITANT Medinis traukinukas \u2013 puiki id\u0117ja&nbsp;lavinti vaiko vaizduot\u0119 ir k\u016brybi\u0161kum\u0105.&nbsp;Tinka&nbsp;\u017eaisti namuose ir lauke.&nbsp;Rinkin\u012f sudaro&nbsp;37 elementai&nbsp;precizi\u0161kai pagaminta ir gra\u017eiai i\u0161baigta, kuri\u0105 galima derinti pagal savo sumanymus. Komplekte yra takelis, traukinys su vagonais, policininkas ir med\u017eiai.<\/p>","protected":false},"featured_media":19646,"template":"","meta":{"iawp_total_views":20},"product_cat":[195,216,197,191,192,84,102,90,93,202,49,39],"product_tag":[97,98,99],"class_list":{"0":"post-19645","1":"product","2":"type-product","3":"status-publish","4":"has-post-thumbnail","6":"product_cat-dovanos-vaikams-3-4-metu","7":"product_cat-dovanos-4-5-metu-vaikams","8":"product_cat-dovanos-berniukams","9":"product_cat-dovanos-vaikams","10":"product_cat-kaledines-dovanos-vaikams","11":"product_cat-lavinamieji-zaislai","12":"product_cat-mediniai-zaislai","13":"product_cat-pasaulio-pazinimas","14":"product_cat-vaidmenu-zaidimai","15":"product_cat-vaaikiski-konstruktoriai","16":"product_cat-visi-zaislai","17":"product_cat-zaislai","18":"product_tag-3-m-4-m","19":"product_tag-5-m-7-m","20":"product_tag-8-m-11-m","22":"first","23":"instock","24":"taxable","25":"shipping-taxable","26":"purchasable","27":"product-type-simple"},"yoast_head":"<!-- This site is optimized with the Yoast SEO plugin v23.3 - https:\/\/yoast.com\/wordpress\/plugins\/seo\/ -->\n<title>Medin\u0117 gele\u017einkelio tr\u0105sa - Montessori \u017eaislai<\/title>\n<meta name=\"robots\" content=\"noindex, follow, max-snippet:-1, max-image-preview:large, max-video-preview:-1\" \/>\n<meta property=\"og:locale\" content=\"en_US\" \/>\n<meta property=\"og:type\" content=\"article\" \/>\n<meta property=\"og:title\" content=\"Medin\u0117 gele\u017einkelio tr\u0105sa - Montessori \u017eaislai\" \/>\n<meta property=\"og:description\" content=\"MEDINIS BATERIJ\u0172 VEIKSMAS \/ 3,2 M TAKAS VAIKAMS&nbsp; SPECIFIKACIJA \u012eSKAITANT Medinis traukinukas \u2013 puiki id\u0117ja&nbsp;lavinti vaiko vaizduot\u0119 ir k\u016brybi\u0161kum\u0105.&nbsp;Tinka&nbsp;\u017eaisti namuose ir lauke.&nbsp;Rinkin\u012f sudaro&nbsp;37 elementai&nbsp;precizi\u0161kai pagaminta ir gra\u017eiai i\u0161baigta, kuri\u0105 galima derinti pagal savo sumanymus. Komplekte yra takelis, traukinys su vagonais, policininkas ir med\u017eiai.\" \/>\n<meta property=\"og:url\" content=\"https:\/\/dev.monti.lt\/en\/product\/medine-gelezinkelio-trasa\/\" \/>\n<meta property=\"og:site_name\" content=\"Montessori \u017eaislai\" \/>\n<meta property=\"article:modified_time\" content=\"2024-05-14T11:27:27+00:00\" \/>\n<meta property=\"og:image\" content=\"https:\/\/dev.monti.lt\/wp-content\/uploads\/2023\/11\/lit_pl_Medinis-gelezinkelis-Kruzzel-takelis-22646-17251_11.jpg\" \/>\n\t<meta property=\"og:image:width\" content=\"500\" \/>\n\t<meta property=\"og:image:height\" content=\"500\" \/>\n\t<meta property=\"og:image:type\" content=\"image\/jpeg\" \/>\n<meta name=\"twitter:card\" content=\"summary_large_image\" \/>\n<meta name=\"twitter:label1\" content=\"Est. reading time\" \/>\n\t<meta name=\"twitter:data1\" content=\"2 minutes\" \/>\n<script type=\"application\/ld+json\" class=\"yoast-schema-graph\">{\"@context\":\"https:\/\/schema.org\",\"@graph\":[{\"@type\":\"WebPage\",\"@id\":\"https:\/\/dev.monti.lt\/product\/medine-gelezinkelio-trasa\/\",\"url\":\"https:\/\/dev.monti.lt\/product\/medine-gelezinkelio-trasa\/\",\"name\":\"Medin\u0117 gele\u017einkelio tr\u0105sa - Montessori \u017eaislai\",\"isPartOf\":{\"@id\":\"https:\/\/dev.monti.lt\/#website\"},\"primaryImageOfPage\":{\"@id\":\"https:\/\/dev.monti.lt\/product\/medine-gelezinkelio-trasa\/#primaryimage\"},\"image\":{\"@id\":\"https:\/\/dev.monti.lt\/product\/medine-gelezinkelio-trasa\/#primaryimage\"},\"thumbnailUrl\":\"https:\/\/dev.monti.lt\/wp-content\/uploads\/2023\/11\/lit_pl_Medinis-gelezinkelis-Kruzzel-takelis-22646-17251_11.jpg\",\"datePublished\":\"2023-11-17T08:31:27+00:00\",\"dateModified\":\"2024-05-14T11:27:27+00:00\",\"breadcrumb\":{\"@id\":\"https:\/\/dev.monti.lt\/product\/medine-gelezinkelio-trasa\/#breadcrumb\"},\"inLanguage\":\"en-US\",\"potentialAction\":[{\"@type\":\"ReadAction\",\"target\":[\"https:\/\/dev.monti.lt\/product\/medine-gelezinkelio-trasa\/\"]}]},{\"@type\":\"ImageObject\",\"inLanguage\":\"en-US\",\"@id\":\"https:\/\/dev.monti.lt\/product\/medine-gelezinkelio-trasa\/#primaryimage\",\"url\":\"https:\/\/dev.monti.lt\/wp-content\/uploads\/2023\/11\/lit_pl_Medinis-gelezinkelis-Kruzzel-takelis-22646-17251_11.jpg\",\"contentUrl\":\"https:\/\/dev.monti.lt\/wp-content\/uploads\/2023\/11\/lit_pl_Medinis-gelezinkelis-Kruzzel-takelis-22646-17251_11.jpg\",\"width\":500,\"height\":500,\"caption\":\"gelezinkelio trasa\"},{\"@type\":\"BreadcrumbList\",\"@id\":\"https:\/\/dev.monti.lt\/product\/medine-gelezinkelio-trasa\/#breadcrumb\",\"itemListElement\":[{\"@type\":\"ListItem\",\"position\":1,\"name\":\"Home\",\"item\":\"https:\/\/dev.monti.lt\/\"},{\"@type\":\"ListItem\",\"position\":2,\"name\":\"Parduotuv\u0117\",\"item\":\"https:\/\/dev.monti.lt\/shop\/\"},{\"@type\":\"ListItem\",\"position\":3,\"name\":\"Medin\u0117 gele\u017einkelio tr\u0105sa\"}]},{\"@type\":\"WebSite\",\"@id\":\"https:\/\/dev.monti.lt\/#website\",\"url\":\"https:\/\/dev.monti.lt\/\",\"name\":\"Montessori \u017eaislai\",\"description\":\"\",\"publisher\":{\"@id\":\"https:\/\/dev.monti.lt\/#organization\"},\"potentialAction\":[{\"@type\":\"SearchAction\",\"target\":{\"@type\":\"EntryPoint\",\"urlTemplate\":\"https:\/\/dev.monti.lt\/?s={search_term_string}\"},\"query-input\":\"required name=search_term_string\"}],\"inLanguage\":\"en-US\"},{\"@type\":\"Organization\",\"@id\":\"https:\/\/dev.monti.lt\/#organization\",\"name\":\"Montessori \u017eaislai\",\"url\":\"https:\/\/dev.monti.lt\/\",\"logo\":{\"@type\":\"ImageObject\",\"inLanguage\":\"en-US\",\"@id\":\"https:\/\/dev.monti.lt\/#\/schema\/logo\/image\/\",\"url\":\"https:\/\/dev.monti.lt\/wp-content\/uploads\/2022\/03\/montilogo-1.png\",\"contentUrl\":\"https:\/\/dev.monti.lt\/wp-content\/uploads\/2022\/03\/montilogo-1.png\",\"width\":512,\"height\":512,\"caption\":\"Montessori \u017eaislai\"},\"image\":{\"@id\":\"https:\/\/dev.monti.lt\/#\/schema\/logo\/image\/\"}}]}<\/script>\n<!-- \/ Yoast SEO plugin. -->","yoast_head_json":{"title":"Medin\u0117 gele\u017einkelio tr\u0105sa - Montessori \u017eaislai","robots":{"index":"noindex","follow":"follow","max-snippet":"max-snippet:-1","max-image-preview":"max-image-preview:large","max-video-preview":"max-video-preview:-1"},"og_locale":"en_US","og_type":"article","og_title":"Medin\u0117 gele\u017einkelio tr\u0105sa - Montessori \u017eaislai","og_description":"MEDINIS BATERIJ\u0172 VEIKSMAS \/ 3,2 M TAKAS VAIKAMS&nbsp; SPECIFIKACIJA \u012eSKAITANT Medinis traukinukas \u2013 puiki id\u0117ja&nbsp;lavinti vaiko vaizduot\u0119 ir k\u016brybi\u0161kum\u0105.&nbsp;Tinka&nbsp;\u017eaisti namuose ir lauke.&nbsp;Rinkin\u012f sudaro&nbsp;37 elementai&nbsp;precizi\u0161kai pagaminta ir gra\u017eiai i\u0161baigta, kuri\u0105 galima derinti pagal savo sumanymus. Komplekte yra takelis, traukinys su vagonais, policininkas ir med\u017eiai.","og_url":"https:\/\/dev.monti.lt\/en\/product\/medine-gelezinkelio-trasa\/","og_site_name":"Montessori \u017eaislai","article_modified_time":"2024-05-14T11:27:27+00:00","og_image":[{"width":500,"height":500,"url":"https:\/\/dev.monti.lt\/wp-content\/uploads\/2023\/11\/lit_pl_Medinis-gelezinkelis-Kruzzel-takelis-22646-17251_11.jpg","type":"image\/jpeg"}],"twitter_card":"summary_large_image","twitter_misc":{"Est. reading time":"2 minutes"},"schema":{"@context":"https:\/\/schema.org","@graph":[{"@type":"WebPage","@id":"https:\/\/dev.monti.lt\/product\/medine-gelezinkelio-trasa\/","url":"https:\/\/dev.monti.lt\/product\/medine-gelezinkelio-trasa\/","name":"Medin\u0117 gele\u017einkelio tr\u0105sa - Montessori \u017eaislai","isPartOf":{"@id":"https:\/\/dev.monti.lt\/#website"},"primaryImageOfPage":{"@id":"https:\/\/dev.monti.lt\/product\/medine-gelezinkelio-trasa\/#primaryimage"},"image":{"@id":"https:\/\/dev.monti.lt\/product\/medine-gelezinkelio-trasa\/#primaryimage"},"thumbnailUrl":"https:\/\/dev.monti.lt\/wp-content\/uploads\/2023\/11\/lit_pl_Medinis-gelezinkelis-Kruzzel-takelis-22646-17251_11.jpg","datePublished":"2023-11-17T08:31:27+00:00","dateModified":"2024-05-14T11:27:27+00:00","breadcrumb":{"@id":"https:\/\/dev.monti.lt\/product\/medine-gelezinkelio-trasa\/#breadcrumb"},"inLanguage":"en-US","potentialAction":[{"@type":"ReadAction","target":["https:\/\/dev.monti.lt\/product\/medine-gelezinkelio-trasa\/"]}]},{"@type":"ImageObject","inLanguage":"en-US","@id":"https:\/\/dev.monti.lt\/product\/medine-gelezinkelio-trasa\/#primaryimage","url":"https:\/\/dev.monti.lt\/wp-content\/uploads\/2023\/11\/lit_pl_Medinis-gelezinkelis-Kruzzel-takelis-22646-17251_11.jpg","contentUrl":"https:\/\/dev.monti.lt\/wp-content\/uploads\/2023\/11\/lit_pl_Medinis-gelezinkelis-Kruzzel-takelis-22646-17251_11.jpg","width":500,"height":500,"caption":"gelezinkelio trasa"},{"@type":"BreadcrumbList","@id":"https:\/\/dev.monti.lt\/product\/medine-gelezinkelio-trasa\/#breadcrumb","itemListElement":[{"@type":"ListItem","position":1,"name":"Home","item":"https:\/\/dev.monti.lt\/"},{"@type":"ListItem","position":2,"name":"Parduotuv\u0117","item":"https:\/\/dev.monti.lt\/shop\/"},{"@type":"ListItem","position":3,"name":"Medin\u0117 gele\u017einkelio tr\u0105sa"}]},{"@type":"WebSite","@id":"https:\/\/dev.monti.lt\/#website","url":"https:\/\/dev.monti.lt\/","name":"Montessori \u017eaislai","description":"","publisher":{"@id":"https:\/\/dev.monti.lt\/#organization"},"potentialAction":[{"@type":"SearchAction","target":{"@type":"EntryPoint","urlTemplate":"https:\/\/dev.monti.lt\/?s={search_term_string}"},"query-input":"required name=search_term_string"}],"inLanguage":"en-US"},{"@type":"Organization","@id":"https:\/\/dev.monti.lt\/#organization","name":"Montessori \u017eaislai","url":"https:\/\/dev.monti.lt\/","logo":{"@type":"ImageObject","inLanguage":"en-US","@id":"https:\/\/dev.monti.lt\/#\/schema\/logo\/image\/","url":"https:\/\/dev.monti.lt\/wp-content\/uploads\/2022\/03\/montilogo-1.png","contentUrl":"https:\/\/dev.monti.lt\/wp-content\/uploads\/2022\/03\/montilogo-1.png","width":512,"height":512,"caption":"Montessori \u017eaislai"},"image":{"@id":"https:\/\/dev.monti.lt\/#\/schema\/logo\/image\/"}}]}},"_links":{"self":[{"href":"https:\/\/dev.monti.lt\/en\/wp-json\/wp\/v2\/product\/19645"}],"collection":[{"href":"https:\/\/dev.monti.lt\/en\/wp-json\/wp\/v2\/product"}],"about":[{"href":"https:\/\/dev.monti.lt\/en\/wp-json\/wp\/v2\/types\/product"}],"version-history":[{"count":1,"href":"https:\/\/dev.monti.lt\/en\/wp-json\/wp\/v2\/product\/19645\/revisions"}],"predecessor-version":[{"id":19652,"href":"https:\/\/dev.monti.lt\/en\/wp-json\/wp\/v2\/product\/19645\/revisions\/19652"}],"wp:featuredmedia":[{"embeddable":true,"href":"https:\/\/dev.monti.lt\/en\/wp-json\/wp\/v2\/media\/19646"}],"wp:attachment":[{"href":"https:\/\/dev.monti.lt\/en\/wp-json\/wp\/v2\/media?parent=19645"}],"wp:term":[{"taxonomy":"product_cat","embeddable":true,"href":"https:\/\/dev.monti.lt\/en\/wp-json\/wp\/v2\/product_cat?post=19645"},{"taxonomy":"product_tag","embeddable":true,"href":"https:\/\/dev.monti.lt\/en\/wp-json\/wp\/v2\/product_tag?post=19645"}],"curies":[{"name":"wp","href":"https:\/\/api.w.org\/{rel}","templated":true}]}}