{"id":19639,"date":"2023-11-17T08:27:41","date_gmt":"2023-11-17T08:27:41","guid":{"rendered":"https:\/\/dev.monti.lt\/?post_type=product&#038;p=19639"},"modified":"2024-09-19T06:30:58","modified_gmt":"2024-09-19T06:30:58","slug":"medinis-domino-rinkinys-360-el","status":"publish","type":"product","link":"https:\/\/dev.monti.lt\/en\/product\/medinis-domino-rinkinys-360-el\/","title":{"rendered":"Medinis domino rinkinys, 360 el."},"content":{"rendered":"<p><strong>??<\/strong>&nbsp;<strong>407 PREK\u0116S<\/strong>&nbsp;\u2013 rinkin\u012f sudaro 360 kalad\u0117li\u0173 12 spalv\u0173 \u2013 ruda, juoda, 2 atspalviai m\u0117lyna, oran\u017ein\u0117, raudona, ro\u017ein\u0117, \u017ealia, geltona, violetin\u0117 ir balta.&nbsp;<strong>Komplekte taip pat yra krep\u0161ys su u\u017etrauktuku, skirtu laikyti ir patogiai ne\u0161ioti rinkin\u012f<\/strong>&nbsp;.<\/p><p><strong>?? PALAIKIA VYSTYM\u0104<\/strong>&nbsp;&#8211; kalad\u0117l\u0117s vis\u0173 pirma yra&nbsp;<strong>gra\u017ei\u0173, ry\u0161ki\u0173 spalv\u0173, kurios skatina ma\u017eiausio vaizduot\u0119 ir skatina j\u0173 k\u016brybi\u0161kum\u0105<\/strong>&nbsp;. \u017daidimas su jais taip pat yra rank\u0173 \u012fg\u016bd\u017ei\u0173 ir aki\u0173-rank\u0173 koordinacijos pratimas.<\/p><p><strong>?? PAPILDOMOS ATRAKTOS<\/strong>&nbsp;&#8211; rinkinyje taip pat yra&nbsp;<strong>daug \u012fvairi\u0173, \u012fdomi\u0173 premij\u0173, kurios pakels linksmybes \u012f auk\u0161tesn\u012f lyg\u012f su papildomomis emocijomis<\/strong>&nbsp;! Rinkin\u012f, be kita ko, sudaro: 3 kamuoliai, s\u016bpyn\u0117s, v\u0117jo mal\u016bnas, varpas, kabantis kamuolys, \u012fvairaus auk\u0161\u010dio pakopos, laiptai, tilteliai, \u010diuo\u017eyklos ir daug daugiau.<\/p><p><strong>?? PUIKI KOKYB\u0116&nbsp;<\/strong>\u2013 kalad\u0117l\u0117s tvirtos, kiekviena i\u0161 med\u017eio ir nuda\u017eyta specialiais da\u017eais. Be to, n\u0117ra i\u0161siki\u0161usi\u0173, a\u0161tri\u0173 element\u0173, galin\u010di\u0173 pakenkti vaikui.<\/p><p><strong>??&nbsp;<\/strong><strong>SPECIFIKACIJA<\/strong>&nbsp;&#8211; med\u017eiaga: mediena + neaustinis audinys; element\u0173 skai\u010dius rinkinyje: 407; krep\u0161io i\u0161matavimai: 43 x 29 cm; svoris: 1,537 kg; komplekto svoris: 1 660 kg.&nbsp;<\/p><p><strong>SPECIFIKACIJA<\/strong><\/p><ul class=\"wp-block-list\"><li>med\u017eiaga: mediena + neaustinis audinys<\/li>\n\n<li>element\u0173 skai\u010dius rinkinyje: 407<\/li>\n\n<li>krep\u0161io i\u0161matavimai: 43 x 29 cm<\/li>\n\n<li>svoris: 1,537 kg<\/li>\n\n<li>komplekto svoris: 1 660 kg<\/li><\/ul><p><strong>\u012eSKAITANT<\/strong><\/p><ul class=\"wp-block-list\"><li>360 blok\u0173<\/li>\n\n<li>44 papildomi elementai<\/li>\n\n<li>3 spalvingi kamuoliukai<\/li>\n\n<li>1 mai\u0161elis su virvele<\/li><\/ul><p>Medin\u0117s domino kalad\u0117l\u0117s yra geriausias pasirinkimas vaikams nuo ma\u017eens. Rinkinys puikiai tiks visai \u0161eimai \u2013 suteiks daug valand\u0173 linksmybi\u0173 kartu! Pateiktas rinkinys si\u016blo saugi\u0105 pramog\u0105, kuri lavins vaiko geb\u0117jimus.<\/p>","protected":false},"excerpt":{"rendered":"<p>??&nbsp;407 PREK\u0116S&nbsp;\u2013 rinkin\u012f sudaro 360 kalad\u0117li\u0173 12 spalv\u0173 \u2013 ruda, juoda, 2 atspalviai m\u0117lyna, oran\u017ein\u0117, raudona, ro\u017ein\u0117, \u017ealia, geltona, violetin\u0117 ir balta.&nbsp;Komplekte taip pat yra krep\u0161ys su u\u017etrauktuku, skirtu laikyti ir patogiai ne\u0161ioti rinkin\u012f&nbsp;. ?? PALAIKIA VYSTYM\u0104&nbsp;&#8211; kalad\u0117l\u0117s vis\u0173 pirma yra&nbsp;gra\u017ei\u0173, ry\u0161ki\u0173 spalv\u0173, kurios skatina ma\u017eiausio vaizduot\u0119 ir skatina j\u0173 k\u016brybi\u0161kum\u0105&nbsp;. \u017daidimas su jais taip [&hellip;]<\/p>","protected":false},"featured_media":19640,"template":"","meta":{"iawp_total_views":27},"product_cat":[208,92,84,210,102,88,83,90,86,199,49,39],"product_tag":[97,98,99],"class_list":{"0":"post-19639","1":"product","2":"type-product","3":"status-publish","4":"has-post-thumbnail","6":"product_cat-deliones-2","7":"product_cat-deliones","8":"product_cat-lavinamieji-zaislai","9":"product_cat-medines-deliones","10":"product_cat-mediniai-zaislai","11":"product_cat-mokausi-zaisti","12":"product_cat-montessori-zaislai","13":"product_cat-pasaulio-pazinimas","14":"product_cat-smulkioji-motorika","15":"product_cat-ugdymo-istaigoms","16":"product_cat-visi-zaislai","17":"product_cat-zaislai","18":"product_tag-3-m-4-m","19":"product_tag-5-m-7-m","20":"product_tag-8-m-11-m","22":"first","23":"outofstock","24":"sale","25":"taxable","26":"shipping-taxable","27":"purchasable","28":"product-type-simple"},"yoast_head":"<!-- This site is optimized with the Yoast SEO plugin v23.3 - https:\/\/yoast.com\/wordpress\/plugins\/seo\/ -->\n<title>Medinis domino rinkinys, 360 el. - Montessori \u017eaislai<\/title>\n<meta name=\"robots\" content=\"noindex, follow, max-snippet:-1, max-image-preview:large, max-video-preview:-1\" \/>\n<meta property=\"og:locale\" content=\"en_US\" \/>\n<meta property=\"og:type\" content=\"article\" \/>\n<meta property=\"og:title\" content=\"Medinis domino rinkinys, 360 el. - Montessori \u017eaislai\" \/>\n<meta property=\"og:description\" content=\"??&nbsp;407 PREK\u0116S&nbsp;\u2013 rinkin\u012f sudaro 360 kalad\u0117li\u0173 12 spalv\u0173 \u2013 ruda, juoda, 2 atspalviai m\u0117lyna, oran\u017ein\u0117, raudona, ro\u017ein\u0117, \u017ealia, geltona, violetin\u0117 ir balta.&nbsp;Komplekte taip pat yra krep\u0161ys su u\u017etrauktuku, skirtu laikyti ir patogiai ne\u0161ioti rinkin\u012f&nbsp;. ?? PALAIKIA VYSTYM\u0104&nbsp;&#8211; kalad\u0117l\u0117s vis\u0173 pirma yra&nbsp;gra\u017ei\u0173, ry\u0161ki\u0173 spalv\u0173, kurios skatina ma\u017eiausio vaizduot\u0119 ir skatina j\u0173 k\u016brybi\u0161kum\u0105&nbsp;. \u017daidimas su jais taip [&hellip;]\" \/>\n<meta property=\"og:url\" content=\"https:\/\/dev.monti.lt\/en\/product\/medinis-domino-rinkinys-360-el\/\" \/>\n<meta property=\"og:site_name\" content=\"Montessori \u017eaislai\" \/>\n<meta property=\"article:modified_time\" content=\"2024-09-19T06:30:58+00:00\" \/>\n<meta property=\"og:image\" content=\"https:\/\/dev.monti.lt\/wp-content\/uploads\/2023\/11\/lit_pl_Medinis-domino-360-el-Kruzzel-22914-17250_10.jpg\" \/>\n\t<meta property=\"og:image:width\" content=\"500\" \/>\n\t<meta property=\"og:image:height\" content=\"500\" \/>\n\t<meta property=\"og:image:type\" content=\"image\/jpeg\" \/>\n<meta name=\"twitter:card\" content=\"summary_large_image\" \/>\n<meta name=\"twitter:label1\" content=\"Est. reading time\" \/>\n\t<meta name=\"twitter:data1\" content=\"1 minute\" \/>\n<script type=\"application\/ld+json\" class=\"yoast-schema-graph\">{\"@context\":\"https:\/\/schema.org\",\"@graph\":[{\"@type\":\"WebPage\",\"@id\":\"https:\/\/dev.monti.lt\/product\/medinis-domino-rinkinys-360-el\/\",\"url\":\"https:\/\/dev.monti.lt\/product\/medinis-domino-rinkinys-360-el\/\",\"name\":\"Medinis domino rinkinys, 360 el. - Montessori \u017eaislai\",\"isPartOf\":{\"@id\":\"https:\/\/dev.monti.lt\/#website\"},\"primaryImageOfPage\":{\"@id\":\"https:\/\/dev.monti.lt\/product\/medinis-domino-rinkinys-360-el\/#primaryimage\"},\"image\":{\"@id\":\"https:\/\/dev.monti.lt\/product\/medinis-domino-rinkinys-360-el\/#primaryimage\"},\"thumbnailUrl\":\"https:\/\/dev.monti.lt\/wp-content\/uploads\/2023\/11\/lit_pl_Medinis-domino-360-el-Kruzzel-22914-17250_10.jpg\",\"datePublished\":\"2023-11-17T08:27:41+00:00\",\"dateModified\":\"2024-09-19T06:30:58+00:00\",\"breadcrumb\":{\"@id\":\"https:\/\/dev.monti.lt\/product\/medinis-domino-rinkinys-360-el\/#breadcrumb\"},\"inLanguage\":\"en-US\",\"potentialAction\":[{\"@type\":\"ReadAction\",\"target\":[\"https:\/\/dev.monti.lt\/product\/medinis-domino-rinkinys-360-el\/\"]}]},{\"@type\":\"ImageObject\",\"inLanguage\":\"en-US\",\"@id\":\"https:\/\/dev.monti.lt\/product\/medinis-domino-rinkinys-360-el\/#primaryimage\",\"url\":\"https:\/\/dev.monti.lt\/wp-content\/uploads\/2023\/11\/lit_pl_Medinis-domino-360-el-Kruzzel-22914-17250_10.jpg\",\"contentUrl\":\"https:\/\/dev.monti.lt\/wp-content\/uploads\/2023\/11\/lit_pl_Medinis-domino-360-el-Kruzzel-22914-17250_10.jpg\",\"width\":500,\"height\":500,\"caption\":\"medinis domino\"},{\"@type\":\"BreadcrumbList\",\"@id\":\"https:\/\/dev.monti.lt\/product\/medinis-domino-rinkinys-360-el\/#breadcrumb\",\"itemListElement\":[{\"@type\":\"ListItem\",\"position\":1,\"name\":\"Home\",\"item\":\"https:\/\/dev.monti.lt\/\"},{\"@type\":\"ListItem\",\"position\":2,\"name\":\"Parduotuv\u0117\",\"item\":\"https:\/\/dev.monti.lt\/shop\/\"},{\"@type\":\"ListItem\",\"position\":3,\"name\":\"Medinis domino rinkinys, 360 el.\"}]},{\"@type\":\"WebSite\",\"@id\":\"https:\/\/dev.monti.lt\/#website\",\"url\":\"https:\/\/dev.monti.lt\/\",\"name\":\"Montessori \u017eaislai\",\"description\":\"\",\"publisher\":{\"@id\":\"https:\/\/dev.monti.lt\/#organization\"},\"potentialAction\":[{\"@type\":\"SearchAction\",\"target\":{\"@type\":\"EntryPoint\",\"urlTemplate\":\"https:\/\/dev.monti.lt\/?s={search_term_string}\"},\"query-input\":\"required name=search_term_string\"}],\"inLanguage\":\"en-US\"},{\"@type\":\"Organization\",\"@id\":\"https:\/\/dev.monti.lt\/#organization\",\"name\":\"Montessori \u017eaislai\",\"url\":\"https:\/\/dev.monti.lt\/\",\"logo\":{\"@type\":\"ImageObject\",\"inLanguage\":\"en-US\",\"@id\":\"https:\/\/dev.monti.lt\/#\/schema\/logo\/image\/\",\"url\":\"https:\/\/dev.monti.lt\/wp-content\/uploads\/2022\/03\/montilogo-1.png\",\"contentUrl\":\"https:\/\/dev.monti.lt\/wp-content\/uploads\/2022\/03\/montilogo-1.png\",\"width\":512,\"height\":512,\"caption\":\"Montessori \u017eaislai\"},\"image\":{\"@id\":\"https:\/\/dev.monti.lt\/#\/schema\/logo\/image\/\"}}]}<\/script>\n<!-- \/ Yoast SEO plugin. -->","yoast_head_json":{"title":"Medinis domino rinkinys, 360 el. - Montessori \u017eaislai","robots":{"index":"noindex","follow":"follow","max-snippet":"max-snippet:-1","max-image-preview":"max-image-preview:large","max-video-preview":"max-video-preview:-1"},"og_locale":"en_US","og_type":"article","og_title":"Medinis domino rinkinys, 360 el. - Montessori \u017eaislai","og_description":"??&nbsp;407 PREK\u0116S&nbsp;\u2013 rinkin\u012f sudaro 360 kalad\u0117li\u0173 12 spalv\u0173 \u2013 ruda, juoda, 2 atspalviai m\u0117lyna, oran\u017ein\u0117, raudona, ro\u017ein\u0117, \u017ealia, geltona, violetin\u0117 ir balta.&nbsp;Komplekte taip pat yra krep\u0161ys su u\u017etrauktuku, skirtu laikyti ir patogiai ne\u0161ioti rinkin\u012f&nbsp;. ?? PALAIKIA VYSTYM\u0104&nbsp;&#8211; kalad\u0117l\u0117s vis\u0173 pirma yra&nbsp;gra\u017ei\u0173, ry\u0161ki\u0173 spalv\u0173, kurios skatina ma\u017eiausio vaizduot\u0119 ir skatina j\u0173 k\u016brybi\u0161kum\u0105&nbsp;. \u017daidimas su jais taip [&hellip;]","og_url":"https:\/\/dev.monti.lt\/en\/product\/medinis-domino-rinkinys-360-el\/","og_site_name":"Montessori \u017eaislai","article_modified_time":"2024-09-19T06:30:58+00:00","og_image":[{"width":500,"height":500,"url":"https:\/\/dev.monti.lt\/wp-content\/uploads\/2023\/11\/lit_pl_Medinis-domino-360-el-Kruzzel-22914-17250_10.jpg","type":"image\/jpeg"}],"twitter_card":"summary_large_image","twitter_misc":{"Est. reading time":"1 minute"},"schema":{"@context":"https:\/\/schema.org","@graph":[{"@type":"WebPage","@id":"https:\/\/dev.monti.lt\/product\/medinis-domino-rinkinys-360-el\/","url":"https:\/\/dev.monti.lt\/product\/medinis-domino-rinkinys-360-el\/","name":"Medinis domino rinkinys, 360 el. - Montessori \u017eaislai","isPartOf":{"@id":"https:\/\/dev.monti.lt\/#website"},"primaryImageOfPage":{"@id":"https:\/\/dev.monti.lt\/product\/medinis-domino-rinkinys-360-el\/#primaryimage"},"image":{"@id":"https:\/\/dev.monti.lt\/product\/medinis-domino-rinkinys-360-el\/#primaryimage"},"thumbnailUrl":"https:\/\/dev.monti.lt\/wp-content\/uploads\/2023\/11\/lit_pl_Medinis-domino-360-el-Kruzzel-22914-17250_10.jpg","datePublished":"2023-11-17T08:27:41+00:00","dateModified":"2024-09-19T06:30:58+00:00","breadcrumb":{"@id":"https:\/\/dev.monti.lt\/product\/medinis-domino-rinkinys-360-el\/#breadcrumb"},"inLanguage":"en-US","potentialAction":[{"@type":"ReadAction","target":["https:\/\/dev.monti.lt\/product\/medinis-domino-rinkinys-360-el\/"]}]},{"@type":"ImageObject","inLanguage":"en-US","@id":"https:\/\/dev.monti.lt\/product\/medinis-domino-rinkinys-360-el\/#primaryimage","url":"https:\/\/dev.monti.lt\/wp-content\/uploads\/2023\/11\/lit_pl_Medinis-domino-360-el-Kruzzel-22914-17250_10.jpg","contentUrl":"https:\/\/dev.monti.lt\/wp-content\/uploads\/2023\/11\/lit_pl_Medinis-domino-360-el-Kruzzel-22914-17250_10.jpg","width":500,"height":500,"caption":"medinis domino"},{"@type":"BreadcrumbList","@id":"https:\/\/dev.monti.lt\/product\/medinis-domino-rinkinys-360-el\/#breadcrumb","itemListElement":[{"@type":"ListItem","position":1,"name":"Home","item":"https:\/\/dev.monti.lt\/"},{"@type":"ListItem","position":2,"name":"Parduotuv\u0117","item":"https:\/\/dev.monti.lt\/shop\/"},{"@type":"ListItem","position":3,"name":"Medinis domino rinkinys, 360 el."}]},{"@type":"WebSite","@id":"https:\/\/dev.monti.lt\/#website","url":"https:\/\/dev.monti.lt\/","name":"Montessori \u017eaislai","description":"","publisher":{"@id":"https:\/\/dev.monti.lt\/#organization"},"potentialAction":[{"@type":"SearchAction","target":{"@type":"EntryPoint","urlTemplate":"https:\/\/dev.monti.lt\/?s={search_term_string}"},"query-input":"required name=search_term_string"}],"inLanguage":"en-US"},{"@type":"Organization","@id":"https:\/\/dev.monti.lt\/#organization","name":"Montessori \u017eaislai","url":"https:\/\/dev.monti.lt\/","logo":{"@type":"ImageObject","inLanguage":"en-US","@id":"https:\/\/dev.monti.lt\/#\/schema\/logo\/image\/","url":"https:\/\/dev.monti.lt\/wp-content\/uploads\/2022\/03\/montilogo-1.png","contentUrl":"https:\/\/dev.monti.lt\/wp-content\/uploads\/2022\/03\/montilogo-1.png","width":512,"height":512,"caption":"Montessori \u017eaislai"},"image":{"@id":"https:\/\/dev.monti.lt\/#\/schema\/logo\/image\/"}}]}},"_links":{"self":[{"href":"https:\/\/dev.monti.lt\/en\/wp-json\/wp\/v2\/product\/19639"}],"collection":[{"href":"https:\/\/dev.monti.lt\/en\/wp-json\/wp\/v2\/product"}],"about":[{"href":"https:\/\/dev.monti.lt\/en\/wp-json\/wp\/v2\/types\/product"}],"version-history":[{"count":1,"href":"https:\/\/dev.monti.lt\/en\/wp-json\/wp\/v2\/product\/19639\/revisions"}],"predecessor-version":[{"id":19644,"href":"https:\/\/dev.monti.lt\/en\/wp-json\/wp\/v2\/product\/19639\/revisions\/19644"}],"wp:featuredmedia":[{"embeddable":true,"href":"https:\/\/dev.monti.lt\/en\/wp-json\/wp\/v2\/media\/19640"}],"wp:attachment":[{"href":"https:\/\/dev.monti.lt\/en\/wp-json\/wp\/v2\/media?parent=19639"}],"wp:term":[{"taxonomy":"product_cat","embeddable":true,"href":"https:\/\/dev.monti.lt\/en\/wp-json\/wp\/v2\/product_cat?post=19639"},{"taxonomy":"product_tag","embeddable":true,"href":"https:\/\/dev.monti.lt\/en\/wp-json\/wp\/v2\/product_tag?post=19639"}],"curies":[{"name":"wp","href":"https:\/\/api.w.org\/{rel}","templated":true}]}}