{"id":19628,"date":"2023-11-17T08:24:51","date_gmt":"2023-11-17T08:24:51","guid":{"rendered":"https:\/\/dev.monti.lt\/?post_type=product&#038;p=19628"},"modified":"2024-09-24T08:06:13","modified_gmt":"2024-09-24T08:06:13","slug":"medinis-sensorinis-rusiuoklis","status":"publish","type":"product","link":"https:\/\/dev.monti.lt\/en\/product\/medinis-sensorinis-rusiuoklis\/","title":{"rendered":"Medinis sensorinis r\u016b\u0161iuoklis"},"content":{"rendered":"<p>lankstus kubas \u2013 \u017eaislas, skatinantis vaiko poj\u016b\u010dius. Ki\u0161damas ir traukdamas kalad\u0117les pro lanks\u010dias sieneles i\u0161 gumos, vaikas grei\u010diau lavina smulkiosios motorikos \u012fg\u016bd\u017eius.<\/p><p>Komplekte yra virvel\u0117 ir si\u016blas. Verdamas kalad\u0117les, vaikas lavina kantryb\u0119, tikslum\u0105 ir i\u0161moksta susitelkti ties duota u\u017eduotimi.<\/p><p>medinis r\u016b\u0161iuotojas, kuriame yra 12 spalving\u0173 \u012fvairi\u0173 form\u0173 ir spalv\u0173 element\u0173. Papildomas privalumas \u2013 ant j\u0173 nupie\u0161ti skai\u010diai, kuri\u0173 d\u0117ka vaikas susipa\u017e\u012fsta su matematika.<\/p><p><strong>SPECIFIKACIJA<\/strong><\/p><ul class=\"wp-block-list\"><li>spalva: daugiaspalviai \/ pasteliniai atspalviai<\/li>\n\n<li>med\u017eiaga: medis, guma<\/li>\n\n<li>matmenys: 14,3 x 14,3 x 11,5 cm<\/li>\n\n<li>svoris: 426 g<\/li>\n\n<li>svoris pakuot\u0117je: 654 g<\/li><\/ul>","protected":false},"excerpt":{"rendered":"<p>lankstus kubas \u2013 \u017eaislas, skatinantis vaiko poj\u016b\u010dius. Ki\u0161damas ir traukdamas kalad\u0117les pro lanks\u010dias sieneles i\u0161 gumos, vaikas grei\u010diau lavina smulkiosios motorikos \u012fg\u016bd\u017eius. Komplekte yra virvel\u0117 ir si\u016blas. Verdamas kalad\u0117les, vaikas lavina kantryb\u0119, tikslum\u0105 ir i\u0161moksta susitelkti ties duota u\u017eduotimi. medinis r\u016b\u0161iuotojas, kuriame yra 12 spalving\u0173 \u012fvairi\u0173 form\u0173 ir spalv\u0173 element\u0173. Papildomas privalumas \u2013 ant j\u0173 [&hellip;]<\/p>","protected":false},"featured_media":19629,"template":"","meta":{"iawp_total_views":69},"product_cat":[84,91,102,88,83,90,86,199,49,39,201],"product_tag":[95,96,97],"class_list":{"0":"post-19628","1":"product","2":"type-product","3":"status-publish","4":"has-post-thumbnail","6":"product_cat-lavinamieji-zaislai","7":"product_cat-loginiam-mastymui","8":"product_cat-mediniai-zaislai","9":"product_cat-mokausi-zaisti","10":"product_cat-montessori-zaislai","11":"product_cat-pasaulio-pazinimas","12":"product_cat-smulkioji-motorika","13":"product_cat-ugdymo-istaigoms","14":"product_cat-visi-zaislai","15":"product_cat-zaislai","16":"product_cat-zaislai-kelioneje","17":"product_tag-1-m-2-m","18":"product_tag-2-m-3-m","19":"product_tag-3-m-4-m","21":"first","22":"instock","23":"taxable","24":"shipping-taxable","25":"purchasable","26":"product-type-simple"},"yoast_head":"<!-- This site is optimized with the Yoast SEO plugin v23.3 - https:\/\/yoast.com\/wordpress\/plugins\/seo\/ -->\n<title>Medinis sensorinis r\u016b\u0161iuoklis - Montessori \u017eaislai<\/title>\n<meta name=\"robots\" content=\"noindex, follow, max-snippet:-1, max-image-preview:large, max-video-preview:-1\" \/>\n<meta property=\"og:locale\" content=\"en_US\" \/>\n<meta property=\"og:type\" content=\"article\" \/>\n<meta property=\"og:title\" content=\"Medinis sensorinis r\u016b\u0161iuoklis - Montessori \u017eaislai\" \/>\n<meta property=\"og:description\" content=\"lankstus kubas \u2013 \u017eaislas, skatinantis vaiko poj\u016b\u010dius. Ki\u0161damas ir traukdamas kalad\u0117les pro lanks\u010dias sieneles i\u0161 gumos, vaikas grei\u010diau lavina smulkiosios motorikos \u012fg\u016bd\u017eius. Komplekte yra virvel\u0117 ir si\u016blas. Verdamas kalad\u0117les, vaikas lavina kantryb\u0119, tikslum\u0105 ir i\u0161moksta susitelkti ties duota u\u017eduotimi. medinis r\u016b\u0161iuotojas, kuriame yra 12 spalving\u0173 \u012fvairi\u0173 form\u0173 ir spalv\u0173 element\u0173. Papildomas privalumas \u2013 ant j\u0173 [&hellip;]\" \/>\n<meta property=\"og:url\" content=\"https:\/\/dev.monti.lt\/en\/product\/medinis-sensorinis-rusiuoklis\/\" \/>\n<meta property=\"og:site_name\" content=\"Montessori \u017eaislai\" \/>\n<meta property=\"article:modified_time\" content=\"2024-09-24T08:06:13+00:00\" \/>\n<meta property=\"og:image\" content=\"https:\/\/dev.monti.lt\/wp-content\/uploads\/2023\/11\/lit_pl_Rusiuoklis-medinis-sensorinis-kubas-22885-17249_8.jpg\" \/>\n\t<meta property=\"og:image:width\" content=\"500\" \/>\n\t<meta property=\"og:image:height\" content=\"500\" \/>\n\t<meta property=\"og:image:type\" content=\"image\/jpeg\" \/>\n<meta name=\"twitter:card\" content=\"summary_large_image\" \/>\n<meta name=\"twitter:label1\" content=\"Est. reading time\" \/>\n\t<meta name=\"twitter:data1\" content=\"1 minute\" \/>\n<script type=\"application\/ld+json\" class=\"yoast-schema-graph\">{\"@context\":\"https:\/\/schema.org\",\"@graph\":[{\"@type\":\"WebPage\",\"@id\":\"https:\/\/dev.monti.lt\/product\/medinis-sensorinis-rusiuoklis\/\",\"url\":\"https:\/\/dev.monti.lt\/product\/medinis-sensorinis-rusiuoklis\/\",\"name\":\"Medinis sensorinis r\u016b\u0161iuoklis - Montessori \u017eaislai\",\"isPartOf\":{\"@id\":\"https:\/\/dev.monti.lt\/#website\"},\"primaryImageOfPage\":{\"@id\":\"https:\/\/dev.monti.lt\/product\/medinis-sensorinis-rusiuoklis\/#primaryimage\"},\"image\":{\"@id\":\"https:\/\/dev.monti.lt\/product\/medinis-sensorinis-rusiuoklis\/#primaryimage\"},\"thumbnailUrl\":\"https:\/\/dev.monti.lt\/wp-content\/uploads\/2023\/11\/lit_pl_Rusiuoklis-medinis-sensorinis-kubas-22885-17249_8.jpg\",\"datePublished\":\"2023-11-17T08:24:51+00:00\",\"dateModified\":\"2024-09-24T08:06:13+00:00\",\"breadcrumb\":{\"@id\":\"https:\/\/dev.monti.lt\/product\/medinis-sensorinis-rusiuoklis\/#breadcrumb\"},\"inLanguage\":\"en-US\",\"potentialAction\":[{\"@type\":\"ReadAction\",\"target\":[\"https:\/\/dev.monti.lt\/product\/medinis-sensorinis-rusiuoklis\/\"]}]},{\"@type\":\"ImageObject\",\"inLanguage\":\"en-US\",\"@id\":\"https:\/\/dev.monti.lt\/product\/medinis-sensorinis-rusiuoklis\/#primaryimage\",\"url\":\"https:\/\/dev.monti.lt\/wp-content\/uploads\/2023\/11\/lit_pl_Rusiuoklis-medinis-sensorinis-kubas-22885-17249_8.jpg\",\"contentUrl\":\"https:\/\/dev.monti.lt\/wp-content\/uploads\/2023\/11\/lit_pl_Rusiuoklis-medinis-sensorinis-kubas-22885-17249_8.jpg\",\"width\":500,\"height\":500,\"caption\":\"medinis rusiuoklis\"},{\"@type\":\"BreadcrumbList\",\"@id\":\"https:\/\/dev.monti.lt\/product\/medinis-sensorinis-rusiuoklis\/#breadcrumb\",\"itemListElement\":[{\"@type\":\"ListItem\",\"position\":1,\"name\":\"Home\",\"item\":\"https:\/\/dev.monti.lt\/\"},{\"@type\":\"ListItem\",\"position\":2,\"name\":\"Parduotuv\u0117\",\"item\":\"https:\/\/dev.monti.lt\/shop\/\"},{\"@type\":\"ListItem\",\"position\":3,\"name\":\"Medinis sensorinis r\u016b\u0161iuoklis\"}]},{\"@type\":\"WebSite\",\"@id\":\"https:\/\/dev.monti.lt\/#website\",\"url\":\"https:\/\/dev.monti.lt\/\",\"name\":\"Montessori \u017eaislai\",\"description\":\"\",\"publisher\":{\"@id\":\"https:\/\/dev.monti.lt\/#organization\"},\"potentialAction\":[{\"@type\":\"SearchAction\",\"target\":{\"@type\":\"EntryPoint\",\"urlTemplate\":\"https:\/\/dev.monti.lt\/?s={search_term_string}\"},\"query-input\":\"required name=search_term_string\"}],\"inLanguage\":\"en-US\"},{\"@type\":\"Organization\",\"@id\":\"https:\/\/dev.monti.lt\/#organization\",\"name\":\"Montessori \u017eaislai\",\"url\":\"https:\/\/dev.monti.lt\/\",\"logo\":{\"@type\":\"ImageObject\",\"inLanguage\":\"en-US\",\"@id\":\"https:\/\/dev.monti.lt\/#\/schema\/logo\/image\/\",\"url\":\"https:\/\/dev.monti.lt\/wp-content\/uploads\/2022\/03\/montilogo-1.png\",\"contentUrl\":\"https:\/\/dev.monti.lt\/wp-content\/uploads\/2022\/03\/montilogo-1.png\",\"width\":512,\"height\":512,\"caption\":\"Montessori \u017eaislai\"},\"image\":{\"@id\":\"https:\/\/dev.monti.lt\/#\/schema\/logo\/image\/\"}}]}<\/script>\n<!-- \/ Yoast SEO plugin. -->","yoast_head_json":{"title":"Medinis sensorinis r\u016b\u0161iuoklis - Montessori \u017eaislai","robots":{"index":"noindex","follow":"follow","max-snippet":"max-snippet:-1","max-image-preview":"max-image-preview:large","max-video-preview":"max-video-preview:-1"},"og_locale":"en_US","og_type":"article","og_title":"Medinis sensorinis r\u016b\u0161iuoklis - Montessori \u017eaislai","og_description":"lankstus kubas \u2013 \u017eaislas, skatinantis vaiko poj\u016b\u010dius. Ki\u0161damas ir traukdamas kalad\u0117les pro lanks\u010dias sieneles i\u0161 gumos, vaikas grei\u010diau lavina smulkiosios motorikos \u012fg\u016bd\u017eius. Komplekte yra virvel\u0117 ir si\u016blas. Verdamas kalad\u0117les, vaikas lavina kantryb\u0119, tikslum\u0105 ir i\u0161moksta susitelkti ties duota u\u017eduotimi. medinis r\u016b\u0161iuotojas, kuriame yra 12 spalving\u0173 \u012fvairi\u0173 form\u0173 ir spalv\u0173 element\u0173. Papildomas privalumas \u2013 ant j\u0173 [&hellip;]","og_url":"https:\/\/dev.monti.lt\/en\/product\/medinis-sensorinis-rusiuoklis\/","og_site_name":"Montessori \u017eaislai","article_modified_time":"2024-09-24T08:06:13+00:00","og_image":[{"width":500,"height":500,"url":"https:\/\/dev.monti.lt\/wp-content\/uploads\/2023\/11\/lit_pl_Rusiuoklis-medinis-sensorinis-kubas-22885-17249_8.jpg","type":"image\/jpeg"}],"twitter_card":"summary_large_image","twitter_misc":{"Est. reading time":"1 minute"},"schema":{"@context":"https:\/\/schema.org","@graph":[{"@type":"WebPage","@id":"https:\/\/dev.monti.lt\/product\/medinis-sensorinis-rusiuoklis\/","url":"https:\/\/dev.monti.lt\/product\/medinis-sensorinis-rusiuoklis\/","name":"Medinis sensorinis r\u016b\u0161iuoklis - Montessori \u017eaislai","isPartOf":{"@id":"https:\/\/dev.monti.lt\/#website"},"primaryImageOfPage":{"@id":"https:\/\/dev.monti.lt\/product\/medinis-sensorinis-rusiuoklis\/#primaryimage"},"image":{"@id":"https:\/\/dev.monti.lt\/product\/medinis-sensorinis-rusiuoklis\/#primaryimage"},"thumbnailUrl":"https:\/\/dev.monti.lt\/wp-content\/uploads\/2023\/11\/lit_pl_Rusiuoklis-medinis-sensorinis-kubas-22885-17249_8.jpg","datePublished":"2023-11-17T08:24:51+00:00","dateModified":"2024-09-24T08:06:13+00:00","breadcrumb":{"@id":"https:\/\/dev.monti.lt\/product\/medinis-sensorinis-rusiuoklis\/#breadcrumb"},"inLanguage":"en-US","potentialAction":[{"@type":"ReadAction","target":["https:\/\/dev.monti.lt\/product\/medinis-sensorinis-rusiuoklis\/"]}]},{"@type":"ImageObject","inLanguage":"en-US","@id":"https:\/\/dev.monti.lt\/product\/medinis-sensorinis-rusiuoklis\/#primaryimage","url":"https:\/\/dev.monti.lt\/wp-content\/uploads\/2023\/11\/lit_pl_Rusiuoklis-medinis-sensorinis-kubas-22885-17249_8.jpg","contentUrl":"https:\/\/dev.monti.lt\/wp-content\/uploads\/2023\/11\/lit_pl_Rusiuoklis-medinis-sensorinis-kubas-22885-17249_8.jpg","width":500,"height":500,"caption":"medinis rusiuoklis"},{"@type":"BreadcrumbList","@id":"https:\/\/dev.monti.lt\/product\/medinis-sensorinis-rusiuoklis\/#breadcrumb","itemListElement":[{"@type":"ListItem","position":1,"name":"Home","item":"https:\/\/dev.monti.lt\/"},{"@type":"ListItem","position":2,"name":"Parduotuv\u0117","item":"https:\/\/dev.monti.lt\/shop\/"},{"@type":"ListItem","position":3,"name":"Medinis sensorinis r\u016b\u0161iuoklis"}]},{"@type":"WebSite","@id":"https:\/\/dev.monti.lt\/#website","url":"https:\/\/dev.monti.lt\/","name":"Montessori \u017eaislai","description":"","publisher":{"@id":"https:\/\/dev.monti.lt\/#organization"},"potentialAction":[{"@type":"SearchAction","target":{"@type":"EntryPoint","urlTemplate":"https:\/\/dev.monti.lt\/?s={search_term_string}"},"query-input":"required name=search_term_string"}],"inLanguage":"en-US"},{"@type":"Organization","@id":"https:\/\/dev.monti.lt\/#organization","name":"Montessori \u017eaislai","url":"https:\/\/dev.monti.lt\/","logo":{"@type":"ImageObject","inLanguage":"en-US","@id":"https:\/\/dev.monti.lt\/#\/schema\/logo\/image\/","url":"https:\/\/dev.monti.lt\/wp-content\/uploads\/2022\/03\/montilogo-1.png","contentUrl":"https:\/\/dev.monti.lt\/wp-content\/uploads\/2022\/03\/montilogo-1.png","width":512,"height":512,"caption":"Montessori \u017eaislai"},"image":{"@id":"https:\/\/dev.monti.lt\/#\/schema\/logo\/image\/"}}]}},"_links":{"self":[{"href":"https:\/\/dev.monti.lt\/en\/wp-json\/wp\/v2\/product\/19628"}],"collection":[{"href":"https:\/\/dev.monti.lt\/en\/wp-json\/wp\/v2\/product"}],"about":[{"href":"https:\/\/dev.monti.lt\/en\/wp-json\/wp\/v2\/types\/product"}],"version-history":[{"count":1,"href":"https:\/\/dev.monti.lt\/en\/wp-json\/wp\/v2\/product\/19628\/revisions"}],"predecessor-version":[{"id":19638,"href":"https:\/\/dev.monti.lt\/en\/wp-json\/wp\/v2\/product\/19628\/revisions\/19638"}],"wp:featuredmedia":[{"embeddable":true,"href":"https:\/\/dev.monti.lt\/en\/wp-json\/wp\/v2\/media\/19629"}],"wp:attachment":[{"href":"https:\/\/dev.monti.lt\/en\/wp-json\/wp\/v2\/media?parent=19628"}],"wp:term":[{"taxonomy":"product_cat","embeddable":true,"href":"https:\/\/dev.monti.lt\/en\/wp-json\/wp\/v2\/product_cat?post=19628"},{"taxonomy":"product_tag","embeddable":true,"href":"https:\/\/dev.monti.lt\/en\/wp-json\/wp\/v2\/product_tag?post=19628"}],"curies":[{"name":"wp","href":"https:\/\/api.w.org\/{rel}","templated":true}]}}