{"id":19621,"date":"2023-11-17T08:17:34","date_gmt":"2023-11-17T08:17:34","guid":{"rendered":"https:\/\/dev.monti.lt\/?post_type=product&#038;p=19621"},"modified":"2024-03-14T08:15:17","modified_gmt":"2024-03-14T08:15:17","slug":"medine-gitara","status":"publish","type":"product","link":"https:\/\/dev.monti.lt\/en\/product\/medine-gitara\/","title":{"rendered":"Medin\u0117 gitara"},"content":{"rendered":"<p>\u2b50 MEDIN\u0116 AKUSTIN\u0116 6 STYG\u0172 GITARA VAIKAMS <br>\u2764\ufe0fGitara medin\u0117 akustin\u0117 6 styg\u0173 gitara vaikams <\/p><p>?\u0160i unikali gitara sukurta specialiai patiems ma\u017eiausiems muzikos gerb\u0117jams. Pagaminta i\u0161 auk\u0161tos kokyb\u0117s lakuotos medienos, \u0161i nuostabiai pagaminta gitara atrodo kaip profesionalus instrumentas, ta\u010diau puikiai atitinka ma\u017eyli\u0173 poreikius.<\/p><p>Tur\u0117dama \u0161e\u0161ias specialias stygas, \u0161i gitara si\u016blo dideles muzikines galimybes. Ma\u017easis muzikantas gali lengvai derinti instrument\u0105 ir m\u0117gautis nuostabiais garsais, pana\u0161iais \u012f tikro instrumento garsus.<\/p><p>Pakuot\u0117je yra gra\u017ei kartonin\u0117 d\u0117\u017eut\u0117, kurioje yra viskas, ko reikia muzikos nuotykiui prad\u0117ti. Be gitaros, kurios matmenys yra ma\u017edaug 22 cm x 60 cm, rinkinyje yra grojimo ra\u0161iklis ir atsargin\u0117 styga, kad vaikas gal\u0117t\u0173 m\u0117gautis mokymusi ir eksperimentais su garsais.<\/p><p>\u0160i ruda medin\u0117 akustin\u0117 gitara vaikams yra puiki dovana ma\u017eiesiems muzikos myl\u0117tojams, norintiems prad\u0117ti savo muzikin\u012f nuotyk\u012f. Ugdykite savo vaiko muzikin\u012f talent\u0105 naudodami \u0161i\u0105 gra\u017ei\u0105, patvari\u0105 ir vaikams pritaikyt\u0105 gitar\u0105.<\/p><p>\u2705 Gra\u017eioje kartonin\u0117je d\u0117\u017eut\u0117je rasite:<\/p><ul class=\"wp-block-list\"><li>apie 22 cm x 60 cm dyd\u017eio gitar\u0105<\/li>\n\n<li>grojimo plunksna<\/li>\n\n<li>atsargin\u0119 styg\u0105<\/li><\/ul>","protected":false},"excerpt":{"rendered":"<p>\u2b50 MEDIN\u0116 AKUSTIN\u0116 6 STYG\u0172 GITARA VAIKAMS \u2764\ufe0fGitara medin\u0117 akustin\u0117 6 styg\u0173 gitara vaikams ?\u0160i unikali gitara sukurta specialiai patiems ma\u017eiausiems muzikos gerb\u0117jams. Pagaminta i\u0161 auk\u0161tos kokyb\u0117s lakuotos medienos, \u0161i nuostabiai pagaminta gitara atrodo kaip profesionalus instrumentas, ta\u010diau puikiai atitinka ma\u017eyli\u0173 poreikius. Tur\u0117dama \u0161e\u0161ias specialias stygas, \u0161i gitara si\u016blo dideles muzikines galimybes. Ma\u017easis muzikantas gali [&hellip;]<\/p>","protected":false},"featured_media":19622,"template":"","meta":{"iawp_total_views":36},"product_cat":[84,102,85,49,39],"product_tag":[96,97,98],"class_list":{"0":"post-19621","1":"product","2":"type-product","3":"status-publish","4":"has-post-thumbnail","6":"product_cat-lavinamieji-zaislai","7":"product_cat-mediniai-zaislai","8":"product_cat-muzikiniai-zaislai","9":"product_cat-visi-zaislai","10":"product_cat-zaislai","11":"product_tag-2-m-3-m","12":"product_tag-3-m-4-m","13":"product_tag-5-m-7-m","15":"first","16":"instock","17":"taxable","18":"shipping-taxable","19":"purchasable","20":"product-type-simple"},"yoast_head":"<!-- This site is optimized with the Yoast SEO plugin v23.3 - https:\/\/yoast.com\/wordpress\/plugins\/seo\/ -->\n<title>Medin\u0117 gitara - Montessori \u017eaislai<\/title>\n<meta name=\"robots\" content=\"noindex, follow, max-snippet:-1, max-image-preview:large, max-video-preview:-1\" \/>\n<meta property=\"og:locale\" content=\"en_US\" \/>\n<meta property=\"og:type\" content=\"article\" \/>\n<meta property=\"og:title\" content=\"Medin\u0117 gitara - Montessori \u017eaislai\" \/>\n<meta property=\"og:description\" content=\"\u2b50 MEDIN\u0116 AKUSTIN\u0116 6 STYG\u0172 GITARA VAIKAMS \u2764\ufe0fGitara medin\u0117 akustin\u0117 6 styg\u0173 gitara vaikams ?\u0160i unikali gitara sukurta specialiai patiems ma\u017eiausiems muzikos gerb\u0117jams. Pagaminta i\u0161 auk\u0161tos kokyb\u0117s lakuotos medienos, \u0161i nuostabiai pagaminta gitara atrodo kaip profesionalus instrumentas, ta\u010diau puikiai atitinka ma\u017eyli\u0173 poreikius. Tur\u0117dama \u0161e\u0161ias specialias stygas, \u0161i gitara si\u016blo dideles muzikines galimybes. Ma\u017easis muzikantas gali [&hellip;]\" \/>\n<meta property=\"og:url\" content=\"https:\/\/dev.monti.lt\/en\/product\/medine-gitara\/\" \/>\n<meta property=\"og:site_name\" content=\"Montessori \u017eaislai\" \/>\n<meta property=\"article:modified_time\" content=\"2024-03-14T08:15:17+00:00\" \/>\n<meta property=\"og:image\" content=\"https:\/\/dev.monti.lt\/wp-content\/uploads\/2023\/11\/gitara-drewniana-akustyczna-6-strunowa-dla-dzieci-coffee-60-cm.webp\" \/>\n\t<meta property=\"og:image:width\" content=\"800\" \/>\n\t<meta property=\"og:image:height\" content=\"800\" \/>\n\t<meta property=\"og:image:type\" content=\"image\/webp\" \/>\n<meta name=\"twitter:card\" content=\"summary_large_image\" \/>\n<meta name=\"twitter:label1\" content=\"Est. reading time\" \/>\n\t<meta name=\"twitter:data1\" content=\"1 minute\" \/>\n<script type=\"application\/ld+json\" class=\"yoast-schema-graph\">{\"@context\":\"https:\/\/schema.org\",\"@graph\":[{\"@type\":\"WebPage\",\"@id\":\"https:\/\/dev.monti.lt\/product\/medine-gitara\/\",\"url\":\"https:\/\/dev.monti.lt\/product\/medine-gitara\/\",\"name\":\"Medin\u0117 gitara - Montessori \u017eaislai\",\"isPartOf\":{\"@id\":\"https:\/\/dev.monti.lt\/#website\"},\"primaryImageOfPage\":{\"@id\":\"https:\/\/dev.monti.lt\/product\/medine-gitara\/#primaryimage\"},\"image\":{\"@id\":\"https:\/\/dev.monti.lt\/product\/medine-gitara\/#primaryimage\"},\"thumbnailUrl\":\"https:\/\/dev.monti.lt\/wp-content\/uploads\/2023\/11\/gitara-drewniana-akustyczna-6-strunowa-dla-dzieci-coffee-60-cm.webp\",\"datePublished\":\"2023-11-17T08:17:34+00:00\",\"dateModified\":\"2024-03-14T08:15:17+00:00\",\"breadcrumb\":{\"@id\":\"https:\/\/dev.monti.lt\/product\/medine-gitara\/#breadcrumb\"},\"inLanguage\":\"en-US\",\"potentialAction\":[{\"@type\":\"ReadAction\",\"target\":[\"https:\/\/dev.monti.lt\/product\/medine-gitara\/\"]}]},{\"@type\":\"ImageObject\",\"inLanguage\":\"en-US\",\"@id\":\"https:\/\/dev.monti.lt\/product\/medine-gitara\/#primaryimage\",\"url\":\"https:\/\/dev.monti.lt\/wp-content\/uploads\/2023\/11\/gitara-drewniana-akustyczna-6-strunowa-dla-dzieci-coffee-60-cm.webp\",\"contentUrl\":\"https:\/\/dev.monti.lt\/wp-content\/uploads\/2023\/11\/gitara-drewniana-akustyczna-6-strunowa-dla-dzieci-coffee-60-cm.webp\",\"width\":800,\"height\":800,\"caption\":\"vaikiska gitara\"},{\"@type\":\"BreadcrumbList\",\"@id\":\"https:\/\/dev.monti.lt\/product\/medine-gitara\/#breadcrumb\",\"itemListElement\":[{\"@type\":\"ListItem\",\"position\":1,\"name\":\"Home\",\"item\":\"https:\/\/dev.monti.lt\/\"},{\"@type\":\"ListItem\",\"position\":2,\"name\":\"Parduotuv\u0117\",\"item\":\"https:\/\/dev.monti.lt\/shop\/\"},{\"@type\":\"ListItem\",\"position\":3,\"name\":\"Medin\u0117 gitara\"}]},{\"@type\":\"WebSite\",\"@id\":\"https:\/\/dev.monti.lt\/#website\",\"url\":\"https:\/\/dev.monti.lt\/\",\"name\":\"Montessori \u017eaislai\",\"description\":\"\",\"publisher\":{\"@id\":\"https:\/\/dev.monti.lt\/#organization\"},\"potentialAction\":[{\"@type\":\"SearchAction\",\"target\":{\"@type\":\"EntryPoint\",\"urlTemplate\":\"https:\/\/dev.monti.lt\/?s={search_term_string}\"},\"query-input\":\"required name=search_term_string\"}],\"inLanguage\":\"en-US\"},{\"@type\":\"Organization\",\"@id\":\"https:\/\/dev.monti.lt\/#organization\",\"name\":\"Montessori \u017eaislai\",\"url\":\"https:\/\/dev.monti.lt\/\",\"logo\":{\"@type\":\"ImageObject\",\"inLanguage\":\"en-US\",\"@id\":\"https:\/\/dev.monti.lt\/#\/schema\/logo\/image\/\",\"url\":\"https:\/\/dev.monti.lt\/wp-content\/uploads\/2022\/03\/montilogo-1.png\",\"contentUrl\":\"https:\/\/dev.monti.lt\/wp-content\/uploads\/2022\/03\/montilogo-1.png\",\"width\":512,\"height\":512,\"caption\":\"Montessori \u017eaislai\"},\"image\":{\"@id\":\"https:\/\/dev.monti.lt\/#\/schema\/logo\/image\/\"}}]}<\/script>\n<!-- \/ Yoast SEO plugin. -->","yoast_head_json":{"title":"Medin\u0117 gitara - Montessori \u017eaislai","robots":{"index":"noindex","follow":"follow","max-snippet":"max-snippet:-1","max-image-preview":"max-image-preview:large","max-video-preview":"max-video-preview:-1"},"og_locale":"en_US","og_type":"article","og_title":"Medin\u0117 gitara - Montessori \u017eaislai","og_description":"\u2b50 MEDIN\u0116 AKUSTIN\u0116 6 STYG\u0172 GITARA VAIKAMS \u2764\ufe0fGitara medin\u0117 akustin\u0117 6 styg\u0173 gitara vaikams ?\u0160i unikali gitara sukurta specialiai patiems ma\u017eiausiems muzikos gerb\u0117jams. Pagaminta i\u0161 auk\u0161tos kokyb\u0117s lakuotos medienos, \u0161i nuostabiai pagaminta gitara atrodo kaip profesionalus instrumentas, ta\u010diau puikiai atitinka ma\u017eyli\u0173 poreikius. Tur\u0117dama \u0161e\u0161ias specialias stygas, \u0161i gitara si\u016blo dideles muzikines galimybes. Ma\u017easis muzikantas gali [&hellip;]","og_url":"https:\/\/dev.monti.lt\/en\/product\/medine-gitara\/","og_site_name":"Montessori \u017eaislai","article_modified_time":"2024-03-14T08:15:17+00:00","og_image":[{"width":800,"height":800,"url":"https:\/\/dev.monti.lt\/wp-content\/uploads\/2023\/11\/gitara-drewniana-akustyczna-6-strunowa-dla-dzieci-coffee-60-cm.webp","type":"image\/webp"}],"twitter_card":"summary_large_image","twitter_misc":{"Est. reading time":"1 minute"},"schema":{"@context":"https:\/\/schema.org","@graph":[{"@type":"WebPage","@id":"https:\/\/dev.monti.lt\/product\/medine-gitara\/","url":"https:\/\/dev.monti.lt\/product\/medine-gitara\/","name":"Medin\u0117 gitara - Montessori \u017eaislai","isPartOf":{"@id":"https:\/\/dev.monti.lt\/#website"},"primaryImageOfPage":{"@id":"https:\/\/dev.monti.lt\/product\/medine-gitara\/#primaryimage"},"image":{"@id":"https:\/\/dev.monti.lt\/product\/medine-gitara\/#primaryimage"},"thumbnailUrl":"https:\/\/dev.monti.lt\/wp-content\/uploads\/2023\/11\/gitara-drewniana-akustyczna-6-strunowa-dla-dzieci-coffee-60-cm.webp","datePublished":"2023-11-17T08:17:34+00:00","dateModified":"2024-03-14T08:15:17+00:00","breadcrumb":{"@id":"https:\/\/dev.monti.lt\/product\/medine-gitara\/#breadcrumb"},"inLanguage":"en-US","potentialAction":[{"@type":"ReadAction","target":["https:\/\/dev.monti.lt\/product\/medine-gitara\/"]}]},{"@type":"ImageObject","inLanguage":"en-US","@id":"https:\/\/dev.monti.lt\/product\/medine-gitara\/#primaryimage","url":"https:\/\/dev.monti.lt\/wp-content\/uploads\/2023\/11\/gitara-drewniana-akustyczna-6-strunowa-dla-dzieci-coffee-60-cm.webp","contentUrl":"https:\/\/dev.monti.lt\/wp-content\/uploads\/2023\/11\/gitara-drewniana-akustyczna-6-strunowa-dla-dzieci-coffee-60-cm.webp","width":800,"height":800,"caption":"vaikiska gitara"},{"@type":"BreadcrumbList","@id":"https:\/\/dev.monti.lt\/product\/medine-gitara\/#breadcrumb","itemListElement":[{"@type":"ListItem","position":1,"name":"Home","item":"https:\/\/dev.monti.lt\/"},{"@type":"ListItem","position":2,"name":"Parduotuv\u0117","item":"https:\/\/dev.monti.lt\/shop\/"},{"@type":"ListItem","position":3,"name":"Medin\u0117 gitara"}]},{"@type":"WebSite","@id":"https:\/\/dev.monti.lt\/#website","url":"https:\/\/dev.monti.lt\/","name":"Montessori \u017eaislai","description":"","publisher":{"@id":"https:\/\/dev.monti.lt\/#organization"},"potentialAction":[{"@type":"SearchAction","target":{"@type":"EntryPoint","urlTemplate":"https:\/\/dev.monti.lt\/?s={search_term_string}"},"query-input":"required name=search_term_string"}],"inLanguage":"en-US"},{"@type":"Organization","@id":"https:\/\/dev.monti.lt\/#organization","name":"Montessori \u017eaislai","url":"https:\/\/dev.monti.lt\/","logo":{"@type":"ImageObject","inLanguage":"en-US","@id":"https:\/\/dev.monti.lt\/#\/schema\/logo\/image\/","url":"https:\/\/dev.monti.lt\/wp-content\/uploads\/2022\/03\/montilogo-1.png","contentUrl":"https:\/\/dev.monti.lt\/wp-content\/uploads\/2022\/03\/montilogo-1.png","width":512,"height":512,"caption":"Montessori \u017eaislai"},"image":{"@id":"https:\/\/dev.monti.lt\/#\/schema\/logo\/image\/"}}]}},"_links":{"self":[{"href":"https:\/\/dev.monti.lt\/en\/wp-json\/wp\/v2\/product\/19621"}],"collection":[{"href":"https:\/\/dev.monti.lt\/en\/wp-json\/wp\/v2\/product"}],"about":[{"href":"https:\/\/dev.monti.lt\/en\/wp-json\/wp\/v2\/types\/product"}],"version-history":[{"count":1,"href":"https:\/\/dev.monti.lt\/en\/wp-json\/wp\/v2\/product\/19621\/revisions"}],"predecessor-version":[{"id":19627,"href":"https:\/\/dev.monti.lt\/en\/wp-json\/wp\/v2\/product\/19621\/revisions\/19627"}],"wp:featuredmedia":[{"embeddable":true,"href":"https:\/\/dev.monti.lt\/en\/wp-json\/wp\/v2\/media\/19622"}],"wp:attachment":[{"href":"https:\/\/dev.monti.lt\/en\/wp-json\/wp\/v2\/media?parent=19621"}],"wp:term":[{"taxonomy":"product_cat","embeddable":true,"href":"https:\/\/dev.monti.lt\/en\/wp-json\/wp\/v2\/product_cat?post=19621"},{"taxonomy":"product_tag","embeddable":true,"href":"https:\/\/dev.monti.lt\/en\/wp-json\/wp\/v2\/product_tag?post=19621"}],"curies":[{"name":"wp","href":"https:\/\/api.w.org\/{rel}","templated":true}]}}