{"id":19609,"date":"2023-11-17T08:14:14","date_gmt":"2023-11-17T08:14:14","guid":{"rendered":"https:\/\/dev.monti.lt\/?post_type=product&#038;p=19609"},"modified":"2024-10-02T07:31:19","modified_gmt":"2024-10-02T07:31:19","slug":"verimo-zaidimas-raides","status":"publish","type":"product","link":"https:\/\/dev.monti.lt\/en\/product\/verimo-zaidimas-raides\/","title":{"rendered":"V\u0117rimo \u017eaidimas raid\u0117s"},"content":{"rendered":"<p>Si\u016blome montessori karoliuk\u0173 ir kalad\u0117li\u0173 rinkin\u012f, pagamint\u0105 i\u0161 auk\u0161tos kokyb\u0117s med\u017eio ir puikiai tinkant\u012f mokytis ab\u0117c\u0117l\u0117s. \u0160is 42 dali\u0173 rinkinys yra puiki mokymosi priemon\u0117, padedanti lavinti vaik\u0173 rank\u0173 darbo \u012fg\u016bd\u017eius ir k\u016brybi\u0161kum\u0105.<\/p><p>Montessori karoliukai ir kalad\u0117l\u0117s suprojektuoti taip, kad vaikai gal\u0117t\u0173 smagiai mokytis ab\u0117c\u0117l\u0117s. Vaikai gali suverti \u0161iuos karoliukus ant speciali\u0173 virveli\u0173, lavindami smulki\u0105j\u0105 motorik\u0105 ir smulki\u0105j\u0105 rank\u0173 motorik\u0105. Be to, raid\u017ei\u0173 kalad\u0117l\u0117s leid\u017eia kurti \u017eod\u017eius ir pirmuosius nesud\u0117tingus sakinius, o tai lavina ma\u017eyli\u0173 kalbos \u012fg\u016bd\u017eius.<\/p><p>Suprojektuoti atsi\u017evelgiant \u012f saugum\u0105 ir patvarum\u0105, karoliukai ir kalad\u0117l\u0117s idealiai tinka ikimokyklinio ir ankstyvojo mokyklinio am\u017eiaus vaikams. Mediena, i\u0161 kurios jie pagaminti, yra nat\u016brali ir netoksi\u0161ka, tod\u0117l t\u0117vai gali b\u016bti ram\u016bs, kad j\u0173 vaikas \u017eaisdamas bus saugus.<\/p><p>\u0160is montessori karoliuk\u0173 ir kalad\u0117li\u0173 rinkinys yra puiki dovana bet kuriam vaikui, kad jis gal\u0117t\u0173 k\u016brybi\u0161kai mokytis ir lavinti \u012fg\u016bd\u017eius. Kvie\u010diame \u012fsigyti ir m\u0117gautis \u017eaidimu bei mokymusi tuo pa\u010diu metu.<\/p><p>Leiskite savo vaikui atrasti raid\u017ei\u0173 ir form\u0173 pasaul\u012f su \u0161iuo \u012fdomiu montessori rinkiniu. Pirkite dabar ir padovanokite savo vaikui reikiam\u0105 edukacin\u0119 pramog\u0105!<\/p><p>\u2705 RINKINIO SUD\u0116TIS:<\/p><ul class=\"wp-block-list\"><li>esteti\u0161ka plastikin\u0117 talpykla su u\u017edaromu dangteliu ir rankena ne\u0161iojimui<\/li>\n\n<li>4 si\u016blai sriegimui<\/li>\n\n<li>42 medin\u0117s kalad\u0117l\u0117s (\u012fskaitant ab\u0117c\u0117l\u0119, paveiksl\u0117lius ir u\u017era\u0161us angl\u0173 kalba, pvz., R-robot &#8211; roboto pie\u0161inys)<\/li>\n\n<li>D\u0117\u017eut\u0117s dydis: 20 cm x 10,5 cm x 10,5 cm<\/li>\n\n<li>Kalad\u0117l\u0117s dydis: 3,5 cm x 3,5 cm x 2 cm<\/li><\/ul>","protected":false},"excerpt":{"rendered":"<p>Si\u016blome montessori karoliuk\u0173 ir kalad\u0117li\u0173 rinkin\u012f, pagamint\u0105 i\u0161 auk\u0161tos kokyb\u0117s med\u017eio ir puikiai tinkant\u012f mokytis ab\u0117c\u0117l\u0117s. \u0160is 42 dali\u0173 rinkinys yra puiki mokymosi priemon\u0117, padedanti lavinti vaik\u0173 rank\u0173 darbo \u012fg\u016bd\u017eius ir k\u016brybi\u0161kum\u0105. Montessori karoliukai ir kalad\u0117l\u0117s suprojektuoti taip, kad vaikai gal\u0117t\u0173 smagiai mokytis ab\u0117c\u0117l\u0117s. Vaikai gali suverti \u0161iuos karoliukus ant speciali\u0173 virveli\u0173, lavindami smulki\u0105j\u0105 motorik\u0105 [&hellip;]<\/p>","protected":false},"featured_media":19614,"template":"","meta":{"iawp_total_views":73},"product_cat":[208,84,210,102,83,90,86,199,49,39],"product_tag":[96,97,98],"class_list":{"0":"post-19609","1":"product","2":"type-product","3":"status-publish","4":"has-post-thumbnail","6":"product_cat-deliones-2","7":"product_cat-lavinamieji-zaislai","8":"product_cat-medines-deliones","9":"product_cat-mediniai-zaislai","10":"product_cat-montessori-zaislai","11":"product_cat-pasaulio-pazinimas","12":"product_cat-smulkioji-motorika","13":"product_cat-ugdymo-istaigoms","14":"product_cat-visi-zaislai","15":"product_cat-zaislai","16":"product_tag-2-m-3-m","17":"product_tag-3-m-4-m","18":"product_tag-5-m-7-m","20":"first","21":"instock","22":"taxable","23":"shipping-taxable","24":"purchasable","25":"product-type-simple"},"yoast_head":"<!-- This site is optimized with the Yoast SEO plugin v23.3 - https:\/\/yoast.com\/wordpress\/plugins\/seo\/ -->\n<title>V\u0117rimo \u017eaidimas raid\u0117s - Montessori \u017eaislai<\/title>\n<meta name=\"robots\" content=\"noindex, follow, max-snippet:-1, max-image-preview:large, max-video-preview:-1\" \/>\n<meta property=\"og:locale\" content=\"en_US\" \/>\n<meta property=\"og:type\" content=\"article\" \/>\n<meta property=\"og:title\" content=\"V\u0117rimo \u017eaidimas raid\u0117s - Montessori \u017eaislai\" \/>\n<meta property=\"og:description\" content=\"Si\u016blome montessori karoliuk\u0173 ir kalad\u0117li\u0173 rinkin\u012f, pagamint\u0105 i\u0161 auk\u0161tos kokyb\u0117s med\u017eio ir puikiai tinkant\u012f mokytis ab\u0117c\u0117l\u0117s. \u0160is 42 dali\u0173 rinkinys yra puiki mokymosi priemon\u0117, padedanti lavinti vaik\u0173 rank\u0173 darbo \u012fg\u016bd\u017eius ir k\u016brybi\u0161kum\u0105. Montessori karoliukai ir kalad\u0117l\u0117s suprojektuoti taip, kad vaikai gal\u0117t\u0173 smagiai mokytis ab\u0117c\u0117l\u0117s. Vaikai gali suverti \u0161iuos karoliukus ant speciali\u0173 virveli\u0173, lavindami smulki\u0105j\u0105 motorik\u0105 [&hellip;]\" \/>\n<meta property=\"og:url\" content=\"https:\/\/dev.monti.lt\/en\/product\/verimo-zaidimas-raides\/\" \/>\n<meta property=\"og:site_name\" content=\"Montessori \u017eaislai\" \/>\n<meta property=\"article:modified_time\" content=\"2024-10-02T07:31:19+00:00\" \/>\n<meta property=\"og:image\" content=\"https:\/\/dev.monti.lt\/wp-content\/uploads\/2023\/11\/koraliki-klocki-drewniane-do-nawlekania-montessori-42-el-alfabet.webp\" \/>\n\t<meta property=\"og:image:width\" content=\"800\" \/>\n\t<meta property=\"og:image:height\" content=\"800\" \/>\n\t<meta property=\"og:image:type\" content=\"image\/webp\" \/>\n<meta name=\"twitter:card\" content=\"summary_large_image\" \/>\n<meta name=\"twitter:label1\" content=\"Est. reading time\" \/>\n\t<meta name=\"twitter:data1\" content=\"1 minute\" \/>\n<script type=\"application\/ld+json\" class=\"yoast-schema-graph\">{\"@context\":\"https:\/\/schema.org\",\"@graph\":[{\"@type\":\"WebPage\",\"@id\":\"https:\/\/dev.monti.lt\/product\/verimo-zaidimas-raides\/\",\"url\":\"https:\/\/dev.monti.lt\/product\/verimo-zaidimas-raides\/\",\"name\":\"V\u0117rimo \u017eaidimas raid\u0117s - Montessori \u017eaislai\",\"isPartOf\":{\"@id\":\"https:\/\/dev.monti.lt\/#website\"},\"primaryImageOfPage\":{\"@id\":\"https:\/\/dev.monti.lt\/product\/verimo-zaidimas-raides\/#primaryimage\"},\"image\":{\"@id\":\"https:\/\/dev.monti.lt\/product\/verimo-zaidimas-raides\/#primaryimage\"},\"thumbnailUrl\":\"https:\/\/dev.monti.lt\/wp-content\/uploads\/2023\/11\/koraliki-klocki-drewniane-do-nawlekania-montessori-42-el-alfabet.webp\",\"datePublished\":\"2023-11-17T08:14:14+00:00\",\"dateModified\":\"2024-10-02T07:31:19+00:00\",\"breadcrumb\":{\"@id\":\"https:\/\/dev.monti.lt\/product\/verimo-zaidimas-raides\/#breadcrumb\"},\"inLanguage\":\"en-US\",\"potentialAction\":[{\"@type\":\"ReadAction\",\"target\":[\"https:\/\/dev.monti.lt\/product\/verimo-zaidimas-raides\/\"]}]},{\"@type\":\"ImageObject\",\"inLanguage\":\"en-US\",\"@id\":\"https:\/\/dev.monti.lt\/product\/verimo-zaidimas-raides\/#primaryimage\",\"url\":\"https:\/\/dev.monti.lt\/wp-content\/uploads\/2023\/11\/koraliki-klocki-drewniane-do-nawlekania-montessori-42-el-alfabet.webp\",\"contentUrl\":\"https:\/\/dev.monti.lt\/wp-content\/uploads\/2023\/11\/koraliki-klocki-drewniane-do-nawlekania-montessori-42-el-alfabet.webp\",\"width\":800,\"height\":800,\"caption\":\"verimo zaidimas raides\"},{\"@type\":\"BreadcrumbList\",\"@id\":\"https:\/\/dev.monti.lt\/product\/verimo-zaidimas-raides\/#breadcrumb\",\"itemListElement\":[{\"@type\":\"ListItem\",\"position\":1,\"name\":\"Home\",\"item\":\"https:\/\/dev.monti.lt\/\"},{\"@type\":\"ListItem\",\"position\":2,\"name\":\"Parduotuv\u0117\",\"item\":\"https:\/\/dev.monti.lt\/shop\/\"},{\"@type\":\"ListItem\",\"position\":3,\"name\":\"V\u0117rimo \u017eaidimas raid\u0117s\"}]},{\"@type\":\"WebSite\",\"@id\":\"https:\/\/dev.monti.lt\/#website\",\"url\":\"https:\/\/dev.monti.lt\/\",\"name\":\"Montessori \u017eaislai\",\"description\":\"\",\"publisher\":{\"@id\":\"https:\/\/dev.monti.lt\/#organization\"},\"potentialAction\":[{\"@type\":\"SearchAction\",\"target\":{\"@type\":\"EntryPoint\",\"urlTemplate\":\"https:\/\/dev.monti.lt\/?s={search_term_string}\"},\"query-input\":\"required name=search_term_string\"}],\"inLanguage\":\"en-US\"},{\"@type\":\"Organization\",\"@id\":\"https:\/\/dev.monti.lt\/#organization\",\"name\":\"Montessori \u017eaislai\",\"url\":\"https:\/\/dev.monti.lt\/\",\"logo\":{\"@type\":\"ImageObject\",\"inLanguage\":\"en-US\",\"@id\":\"https:\/\/dev.monti.lt\/#\/schema\/logo\/image\/\",\"url\":\"https:\/\/dev.monti.lt\/wp-content\/uploads\/2022\/03\/montilogo-1.png\",\"contentUrl\":\"https:\/\/dev.monti.lt\/wp-content\/uploads\/2022\/03\/montilogo-1.png\",\"width\":512,\"height\":512,\"caption\":\"Montessori \u017eaislai\"},\"image\":{\"@id\":\"https:\/\/dev.monti.lt\/#\/schema\/logo\/image\/\"}}]}<\/script>\n<!-- \/ Yoast SEO plugin. -->","yoast_head_json":{"title":"V\u0117rimo \u017eaidimas raid\u0117s - Montessori \u017eaislai","robots":{"index":"noindex","follow":"follow","max-snippet":"max-snippet:-1","max-image-preview":"max-image-preview:large","max-video-preview":"max-video-preview:-1"},"og_locale":"en_US","og_type":"article","og_title":"V\u0117rimo \u017eaidimas raid\u0117s - Montessori \u017eaislai","og_description":"Si\u016blome montessori karoliuk\u0173 ir kalad\u0117li\u0173 rinkin\u012f, pagamint\u0105 i\u0161 auk\u0161tos kokyb\u0117s med\u017eio ir puikiai tinkant\u012f mokytis ab\u0117c\u0117l\u0117s. \u0160is 42 dali\u0173 rinkinys yra puiki mokymosi priemon\u0117, padedanti lavinti vaik\u0173 rank\u0173 darbo \u012fg\u016bd\u017eius ir k\u016brybi\u0161kum\u0105. Montessori karoliukai ir kalad\u0117l\u0117s suprojektuoti taip, kad vaikai gal\u0117t\u0173 smagiai mokytis ab\u0117c\u0117l\u0117s. Vaikai gali suverti \u0161iuos karoliukus ant speciali\u0173 virveli\u0173, lavindami smulki\u0105j\u0105 motorik\u0105 [&hellip;]","og_url":"https:\/\/dev.monti.lt\/en\/product\/verimo-zaidimas-raides\/","og_site_name":"Montessori \u017eaislai","article_modified_time":"2024-10-02T07:31:19+00:00","og_image":[{"width":800,"height":800,"url":"https:\/\/dev.monti.lt\/wp-content\/uploads\/2023\/11\/koraliki-klocki-drewniane-do-nawlekania-montessori-42-el-alfabet.webp","type":"image\/webp"}],"twitter_card":"summary_large_image","twitter_misc":{"Est. reading time":"1 minute"},"schema":{"@context":"https:\/\/schema.org","@graph":[{"@type":"WebPage","@id":"https:\/\/dev.monti.lt\/product\/verimo-zaidimas-raides\/","url":"https:\/\/dev.monti.lt\/product\/verimo-zaidimas-raides\/","name":"V\u0117rimo \u017eaidimas raid\u0117s - Montessori \u017eaislai","isPartOf":{"@id":"https:\/\/dev.monti.lt\/#website"},"primaryImageOfPage":{"@id":"https:\/\/dev.monti.lt\/product\/verimo-zaidimas-raides\/#primaryimage"},"image":{"@id":"https:\/\/dev.monti.lt\/product\/verimo-zaidimas-raides\/#primaryimage"},"thumbnailUrl":"https:\/\/dev.monti.lt\/wp-content\/uploads\/2023\/11\/koraliki-klocki-drewniane-do-nawlekania-montessori-42-el-alfabet.webp","datePublished":"2023-11-17T08:14:14+00:00","dateModified":"2024-10-02T07:31:19+00:00","breadcrumb":{"@id":"https:\/\/dev.monti.lt\/product\/verimo-zaidimas-raides\/#breadcrumb"},"inLanguage":"en-US","potentialAction":[{"@type":"ReadAction","target":["https:\/\/dev.monti.lt\/product\/verimo-zaidimas-raides\/"]}]},{"@type":"ImageObject","inLanguage":"en-US","@id":"https:\/\/dev.monti.lt\/product\/verimo-zaidimas-raides\/#primaryimage","url":"https:\/\/dev.monti.lt\/wp-content\/uploads\/2023\/11\/koraliki-klocki-drewniane-do-nawlekania-montessori-42-el-alfabet.webp","contentUrl":"https:\/\/dev.monti.lt\/wp-content\/uploads\/2023\/11\/koraliki-klocki-drewniane-do-nawlekania-montessori-42-el-alfabet.webp","width":800,"height":800,"caption":"verimo zaidimas raides"},{"@type":"BreadcrumbList","@id":"https:\/\/dev.monti.lt\/product\/verimo-zaidimas-raides\/#breadcrumb","itemListElement":[{"@type":"ListItem","position":1,"name":"Home","item":"https:\/\/dev.monti.lt\/"},{"@type":"ListItem","position":2,"name":"Parduotuv\u0117","item":"https:\/\/dev.monti.lt\/shop\/"},{"@type":"ListItem","position":3,"name":"V\u0117rimo \u017eaidimas raid\u0117s"}]},{"@type":"WebSite","@id":"https:\/\/dev.monti.lt\/#website","url":"https:\/\/dev.monti.lt\/","name":"Montessori \u017eaislai","description":"","publisher":{"@id":"https:\/\/dev.monti.lt\/#organization"},"potentialAction":[{"@type":"SearchAction","target":{"@type":"EntryPoint","urlTemplate":"https:\/\/dev.monti.lt\/?s={search_term_string}"},"query-input":"required name=search_term_string"}],"inLanguage":"en-US"},{"@type":"Organization","@id":"https:\/\/dev.monti.lt\/#organization","name":"Montessori \u017eaislai","url":"https:\/\/dev.monti.lt\/","logo":{"@type":"ImageObject","inLanguage":"en-US","@id":"https:\/\/dev.monti.lt\/#\/schema\/logo\/image\/","url":"https:\/\/dev.monti.lt\/wp-content\/uploads\/2022\/03\/montilogo-1.png","contentUrl":"https:\/\/dev.monti.lt\/wp-content\/uploads\/2022\/03\/montilogo-1.png","width":512,"height":512,"caption":"Montessori \u017eaislai"},"image":{"@id":"https:\/\/dev.monti.lt\/#\/schema\/logo\/image\/"}}]}},"_links":{"self":[{"href":"https:\/\/dev.monti.lt\/en\/wp-json\/wp\/v2\/product\/19609"}],"collection":[{"href":"https:\/\/dev.monti.lt\/en\/wp-json\/wp\/v2\/product"}],"about":[{"href":"https:\/\/dev.monti.lt\/en\/wp-json\/wp\/v2\/types\/product"}],"version-history":[{"count":1,"href":"https:\/\/dev.monti.lt\/en\/wp-json\/wp\/v2\/product\/19609\/revisions"}],"predecessor-version":[{"id":19620,"href":"https:\/\/dev.monti.lt\/en\/wp-json\/wp\/v2\/product\/19609\/revisions\/19620"}],"wp:featuredmedia":[{"embeddable":true,"href":"https:\/\/dev.monti.lt\/en\/wp-json\/wp\/v2\/media\/19614"}],"wp:attachment":[{"href":"https:\/\/dev.monti.lt\/en\/wp-json\/wp\/v2\/media?parent=19609"}],"wp:term":[{"taxonomy":"product_cat","embeddable":true,"href":"https:\/\/dev.monti.lt\/en\/wp-json\/wp\/v2\/product_cat?post=19609"},{"taxonomy":"product_tag","embeddable":true,"href":"https:\/\/dev.monti.lt\/en\/wp-json\/wp\/v2\/product_tag?post=19609"}],"curies":[{"name":"wp","href":"https:\/\/api.w.org\/{rel}","templated":true}]}}