{"id":19545,"date":"2023-11-16T12:23:04","date_gmt":"2023-11-16T12:23:04","guid":{"rendered":"https:\/\/dev.monti.lt\/?post_type=product&#038;p=19545"},"modified":"2024-10-03T07:50:29","modified_gmt":"2024-10-03T07:50:29","slug":"interaktyvus-kubas-rusiuoklis","status":"publish","type":"product","link":"https:\/\/dev.monti.lt\/en\/product\/interaktyvus-kubas-rusiuoklis\/","title":{"rendered":"Interaktyvus kubas-r\u016b\u0161iuoklis"},"content":{"rendered":"<p>Daugiafunkcinis r\u016b\u0161iuoklis ma\u017eiesiems.<\/p><p>Rinkinio turinys:<\/p><p>Kubas<br>Blokai x4<\/p><p>Techniniai parametrai:<\/p><p>Am\u017eius: 18m+<br>Med\u017eiaga: plastikas<br>Maitinimo \u0161altinis: 3x AA baterija (\u012f komplekt\u0105 ne\u012feina)<\/p><p>I\u0161matavimai:<\/p><p>Kubelio matmenys: 12 cm x 12 cm x 15,5 cm<br>Pakuot\u0117: 14,5 cm x 16 cm x 13,5 cm<\/p><p>\u017daidimo ir mokymosi derinys &#8211; tai, kas t\u0117vams patinka labiausiai! Be abejo, visi nori, kad j\u0173 vaikas gal\u0117t\u0173 lavintis ir \u017eaisti tuo pa\u010diu metu!<\/p><p>Pianinas, maitinamas trimis AA tipo baterijomis, skatins j\u016bs\u0173 vaiko klaus\u0105 ir pa\u017eadins jo meil\u0119 muzikai!<\/p><p>R\u016b\u0161iuoklis puikiai pad\u0117s formuoti j\u016bs\u0173 vaiko rank\u0173 ir intelektinius \u012fg\u016bd\u017eius!<\/p><p>Be abejo, j\u016bs\u0173 vaikas su \u0161iuo \u017eaislu praleis daug nuostabi\u0173 akimirk\u0173!<\/p><p>Gaminys supakuotas \u012f kartonin\u0119 d\u0117\u017eut\u0119.<\/p>","protected":false},"excerpt":{"rendered":"<p>Daugiafunkcinis r\u016b\u0161iuoklis ma\u017eiesiems. Rinkinio turinys: KubasBlokai x4 Techniniai parametrai: Am\u017eius: 18m+Med\u017eiaga: plastikasMaitinimo \u0161altinis: 3x AA baterija (\u012f komplekt\u0105 ne\u012feina) I\u0161matavimai: Kubelio matmenys: 12 cm x 12 cm x 15,5 cmPakuot\u0117: 14,5 cm x 16 cm x 13,5 cm \u017daidimo ir mokymosi derinys &#8211; tai, kas t\u0117vams patinka labiausiai! Be abejo, visi nori, kad j\u0173 vaikas [&hellip;]<\/p>","protected":false},"featured_media":19547,"template":"","meta":{"iawp_total_views":84},"product_cat":[193,191,84,91,90,86,39,201],"product_tag":[95],"class_list":{"0":"post-19545","1":"product","2":"type-product","3":"status-publish","4":"has-post-thumbnail","6":"product_cat-dovanos-vaikams-1-2-metu","7":"product_cat-dovanos-vaikams","8":"product_cat-lavinamieji-zaislai","9":"product_cat-loginiam-mastymui","10":"product_cat-pasaulio-pazinimas","11":"product_cat-smulkioji-motorika","12":"product_cat-zaislai","13":"product_cat-zaislai-kelioneje","14":"product_tag-1-m-2-m","16":"first","17":"instock","18":"taxable","19":"shipping-taxable","20":"purchasable","21":"product-type-simple"},"yoast_head":"<!-- This site is optimized with the Yoast SEO plugin v23.3 - https:\/\/yoast.com\/wordpress\/plugins\/seo\/ -->\n<title>Interaktyvus kubas-r\u016b\u0161iuoklis - Montessori \u017eaislai<\/title>\n<meta name=\"robots\" content=\"noindex, follow, max-snippet:-1, max-image-preview:large, max-video-preview:-1\" \/>\n<meta property=\"og:locale\" content=\"en_US\" \/>\n<meta property=\"og:type\" content=\"article\" \/>\n<meta property=\"og:title\" content=\"Interaktyvus kubas-r\u016b\u0161iuoklis - Montessori \u017eaislai\" \/>\n<meta property=\"og:description\" content=\"Daugiafunkcinis r\u016b\u0161iuoklis ma\u017eiesiems. Rinkinio turinys: KubasBlokai x4 Techniniai parametrai: Am\u017eius: 18m+Med\u017eiaga: plastikasMaitinimo \u0161altinis: 3x AA baterija (\u012f komplekt\u0105 ne\u012feina) I\u0161matavimai: Kubelio matmenys: 12 cm x 12 cm x 15,5 cmPakuot\u0117: 14,5 cm x 16 cm x 13,5 cm \u017daidimo ir mokymosi derinys &#8211; tai, kas t\u0117vams patinka labiausiai! Be abejo, visi nori, kad j\u0173 vaikas [&hellip;]\" \/>\n<meta property=\"og:url\" content=\"https:\/\/dev.monti.lt\/en\/product\/interaktyvus-kubas-rusiuoklis\/\" \/>\n<meta property=\"og:site_name\" content=\"Montessori \u017eaislai\" \/>\n<meta property=\"article:modified_time\" content=\"2024-10-03T07:50:29+00:00\" \/>\n<meta property=\"og:image\" content=\"https:\/\/dev.monti.lt\/wp-content\/uploads\/2023\/11\/Interactive-sensory-cube-block-sorter-140752.jpg\" \/>\n\t<meta property=\"og:image:width\" content=\"1024\" \/>\n\t<meta property=\"og:image:height\" content=\"1024\" \/>\n\t<meta property=\"og:image:type\" content=\"image\/jpeg\" \/>\n<meta name=\"twitter:card\" content=\"summary_large_image\" \/>\n<meta name=\"twitter:label1\" content=\"Est. reading time\" \/>\n\t<meta name=\"twitter:data1\" content=\"1 minute\" \/>\n<script type=\"application\/ld+json\" class=\"yoast-schema-graph\">{\"@context\":\"https:\/\/schema.org\",\"@graph\":[{\"@type\":\"WebPage\",\"@id\":\"https:\/\/dev.monti.lt\/product\/interaktyvus-kubas-rusiuoklis\/\",\"url\":\"https:\/\/dev.monti.lt\/product\/interaktyvus-kubas-rusiuoklis\/\",\"name\":\"Interaktyvus kubas-r\u016b\u0161iuoklis - Montessori \u017eaislai\",\"isPartOf\":{\"@id\":\"https:\/\/dev.monti.lt\/#website\"},\"primaryImageOfPage\":{\"@id\":\"https:\/\/dev.monti.lt\/product\/interaktyvus-kubas-rusiuoklis\/#primaryimage\"},\"image\":{\"@id\":\"https:\/\/dev.monti.lt\/product\/interaktyvus-kubas-rusiuoklis\/#primaryimage\"},\"thumbnailUrl\":\"https:\/\/dev.monti.lt\/wp-content\/uploads\/2023\/11\/Interactive-sensory-cube-block-sorter-140752.jpg\",\"datePublished\":\"2023-11-16T12:23:04+00:00\",\"dateModified\":\"2024-10-03T07:50:29+00:00\",\"breadcrumb\":{\"@id\":\"https:\/\/dev.monti.lt\/product\/interaktyvus-kubas-rusiuoklis\/#breadcrumb\"},\"inLanguage\":\"en-US\",\"potentialAction\":[{\"@type\":\"ReadAction\",\"target\":[\"https:\/\/dev.monti.lt\/product\/interaktyvus-kubas-rusiuoklis\/\"]}]},{\"@type\":\"ImageObject\",\"inLanguage\":\"en-US\",\"@id\":\"https:\/\/dev.monti.lt\/product\/interaktyvus-kubas-rusiuoklis\/#primaryimage\",\"url\":\"https:\/\/dev.monti.lt\/wp-content\/uploads\/2023\/11\/Interactive-sensory-cube-block-sorter-140752.jpg\",\"contentUrl\":\"https:\/\/dev.monti.lt\/wp-content\/uploads\/2023\/11\/Interactive-sensory-cube-block-sorter-140752.jpg\",\"width\":1024,\"height\":1024,\"caption\":\"lavinamasis kubas\"},{\"@type\":\"BreadcrumbList\",\"@id\":\"https:\/\/dev.monti.lt\/product\/interaktyvus-kubas-rusiuoklis\/#breadcrumb\",\"itemListElement\":[{\"@type\":\"ListItem\",\"position\":1,\"name\":\"Home\",\"item\":\"https:\/\/dev.monti.lt\/\"},{\"@type\":\"ListItem\",\"position\":2,\"name\":\"Parduotuv\u0117\",\"item\":\"https:\/\/dev.monti.lt\/shop\/\"},{\"@type\":\"ListItem\",\"position\":3,\"name\":\"Interaktyvus kubas-r\u016b\u0161iuoklis\"}]},{\"@type\":\"WebSite\",\"@id\":\"https:\/\/dev.monti.lt\/#website\",\"url\":\"https:\/\/dev.monti.lt\/\",\"name\":\"Montessori \u017eaislai\",\"description\":\"\",\"publisher\":{\"@id\":\"https:\/\/dev.monti.lt\/#organization\"},\"potentialAction\":[{\"@type\":\"SearchAction\",\"target\":{\"@type\":\"EntryPoint\",\"urlTemplate\":\"https:\/\/dev.monti.lt\/?s={search_term_string}\"},\"query-input\":\"required name=search_term_string\"}],\"inLanguage\":\"en-US\"},{\"@type\":\"Organization\",\"@id\":\"https:\/\/dev.monti.lt\/#organization\",\"name\":\"Montessori \u017eaislai\",\"url\":\"https:\/\/dev.monti.lt\/\",\"logo\":{\"@type\":\"ImageObject\",\"inLanguage\":\"en-US\",\"@id\":\"https:\/\/dev.monti.lt\/#\/schema\/logo\/image\/\",\"url\":\"https:\/\/dev.monti.lt\/wp-content\/uploads\/2022\/03\/montilogo-1.png\",\"contentUrl\":\"https:\/\/dev.monti.lt\/wp-content\/uploads\/2022\/03\/montilogo-1.png\",\"width\":512,\"height\":512,\"caption\":\"Montessori \u017eaislai\"},\"image\":{\"@id\":\"https:\/\/dev.monti.lt\/#\/schema\/logo\/image\/\"}}]}<\/script>\n<!-- \/ Yoast SEO plugin. -->","yoast_head_json":{"title":"Interaktyvus kubas-r\u016b\u0161iuoklis - Montessori \u017eaislai","robots":{"index":"noindex","follow":"follow","max-snippet":"max-snippet:-1","max-image-preview":"max-image-preview:large","max-video-preview":"max-video-preview:-1"},"og_locale":"en_US","og_type":"article","og_title":"Interaktyvus kubas-r\u016b\u0161iuoklis - Montessori \u017eaislai","og_description":"Daugiafunkcinis r\u016b\u0161iuoklis ma\u017eiesiems. Rinkinio turinys: KubasBlokai x4 Techniniai parametrai: Am\u017eius: 18m+Med\u017eiaga: plastikasMaitinimo \u0161altinis: 3x AA baterija (\u012f komplekt\u0105 ne\u012feina) I\u0161matavimai: Kubelio matmenys: 12 cm x 12 cm x 15,5 cmPakuot\u0117: 14,5 cm x 16 cm x 13,5 cm \u017daidimo ir mokymosi derinys &#8211; tai, kas t\u0117vams patinka labiausiai! Be abejo, visi nori, kad j\u0173 vaikas [&hellip;]","og_url":"https:\/\/dev.monti.lt\/en\/product\/interaktyvus-kubas-rusiuoklis\/","og_site_name":"Montessori \u017eaislai","article_modified_time":"2024-10-03T07:50:29+00:00","og_image":[{"width":1024,"height":1024,"url":"https:\/\/dev.monti.lt\/wp-content\/uploads\/2023\/11\/Interactive-sensory-cube-block-sorter-140752.jpg","type":"image\/jpeg"}],"twitter_card":"summary_large_image","twitter_misc":{"Est. reading time":"1 minute"},"schema":{"@context":"https:\/\/schema.org","@graph":[{"@type":"WebPage","@id":"https:\/\/dev.monti.lt\/product\/interaktyvus-kubas-rusiuoklis\/","url":"https:\/\/dev.monti.lt\/product\/interaktyvus-kubas-rusiuoklis\/","name":"Interaktyvus kubas-r\u016b\u0161iuoklis - Montessori \u017eaislai","isPartOf":{"@id":"https:\/\/dev.monti.lt\/#website"},"primaryImageOfPage":{"@id":"https:\/\/dev.monti.lt\/product\/interaktyvus-kubas-rusiuoklis\/#primaryimage"},"image":{"@id":"https:\/\/dev.monti.lt\/product\/interaktyvus-kubas-rusiuoklis\/#primaryimage"},"thumbnailUrl":"https:\/\/dev.monti.lt\/wp-content\/uploads\/2023\/11\/Interactive-sensory-cube-block-sorter-140752.jpg","datePublished":"2023-11-16T12:23:04+00:00","dateModified":"2024-10-03T07:50:29+00:00","breadcrumb":{"@id":"https:\/\/dev.monti.lt\/product\/interaktyvus-kubas-rusiuoklis\/#breadcrumb"},"inLanguage":"en-US","potentialAction":[{"@type":"ReadAction","target":["https:\/\/dev.monti.lt\/product\/interaktyvus-kubas-rusiuoklis\/"]}]},{"@type":"ImageObject","inLanguage":"en-US","@id":"https:\/\/dev.monti.lt\/product\/interaktyvus-kubas-rusiuoklis\/#primaryimage","url":"https:\/\/dev.monti.lt\/wp-content\/uploads\/2023\/11\/Interactive-sensory-cube-block-sorter-140752.jpg","contentUrl":"https:\/\/dev.monti.lt\/wp-content\/uploads\/2023\/11\/Interactive-sensory-cube-block-sorter-140752.jpg","width":1024,"height":1024,"caption":"lavinamasis kubas"},{"@type":"BreadcrumbList","@id":"https:\/\/dev.monti.lt\/product\/interaktyvus-kubas-rusiuoklis\/#breadcrumb","itemListElement":[{"@type":"ListItem","position":1,"name":"Home","item":"https:\/\/dev.monti.lt\/"},{"@type":"ListItem","position":2,"name":"Parduotuv\u0117","item":"https:\/\/dev.monti.lt\/shop\/"},{"@type":"ListItem","position":3,"name":"Interaktyvus kubas-r\u016b\u0161iuoklis"}]},{"@type":"WebSite","@id":"https:\/\/dev.monti.lt\/#website","url":"https:\/\/dev.monti.lt\/","name":"Montessori \u017eaislai","description":"","publisher":{"@id":"https:\/\/dev.monti.lt\/#organization"},"potentialAction":[{"@type":"SearchAction","target":{"@type":"EntryPoint","urlTemplate":"https:\/\/dev.monti.lt\/?s={search_term_string}"},"query-input":"required name=search_term_string"}],"inLanguage":"en-US"},{"@type":"Organization","@id":"https:\/\/dev.monti.lt\/#organization","name":"Montessori \u017eaislai","url":"https:\/\/dev.monti.lt\/","logo":{"@type":"ImageObject","inLanguage":"en-US","@id":"https:\/\/dev.monti.lt\/#\/schema\/logo\/image\/","url":"https:\/\/dev.monti.lt\/wp-content\/uploads\/2022\/03\/montilogo-1.png","contentUrl":"https:\/\/dev.monti.lt\/wp-content\/uploads\/2022\/03\/montilogo-1.png","width":512,"height":512,"caption":"Montessori \u017eaislai"},"image":{"@id":"https:\/\/dev.monti.lt\/#\/schema\/logo\/image\/"}}]}},"_links":{"self":[{"href":"https:\/\/dev.monti.lt\/en\/wp-json\/wp\/v2\/product\/19545"}],"collection":[{"href":"https:\/\/dev.monti.lt\/en\/wp-json\/wp\/v2\/product"}],"about":[{"href":"https:\/\/dev.monti.lt\/en\/wp-json\/wp\/v2\/types\/product"}],"version-history":[{"count":1,"href":"https:\/\/dev.monti.lt\/en\/wp-json\/wp\/v2\/product\/19545\/revisions"}],"predecessor-version":[{"id":19561,"href":"https:\/\/dev.monti.lt\/en\/wp-json\/wp\/v2\/product\/19545\/revisions\/19561"}],"wp:featuredmedia":[{"embeddable":true,"href":"https:\/\/dev.monti.lt\/en\/wp-json\/wp\/v2\/media\/19547"}],"wp:attachment":[{"href":"https:\/\/dev.monti.lt\/en\/wp-json\/wp\/v2\/media?parent=19545"}],"wp:term":[{"taxonomy":"product_cat","embeddable":true,"href":"https:\/\/dev.monti.lt\/en\/wp-json\/wp\/v2\/product_cat?post=19545"},{"taxonomy":"product_tag","embeddable":true,"href":"https:\/\/dev.monti.lt\/en\/wp-json\/wp\/v2\/product_tag?post=19545"}],"curies":[{"name":"wp","href":"https:\/\/api.w.org\/{rel}","templated":true}]}}