{"id":19529,"date":"2023-11-16T10:38:24","date_gmt":"2023-11-16T10:38:24","guid":{"rendered":"https:\/\/dev.monti.lt\/?post_type=product&#038;p=19529"},"modified":"2024-07-27T15:24:37","modified_gmt":"2024-07-27T15:24:37","slug":"nuotoliniu-budu-valdomas-automobilis-su-pulteliu","status":"publish","type":"product","link":"https:\/\/dev.monti.lt\/en\/product\/nuotoliniu-budu-valdomas-automobilis-su-pulteliu\/","title":{"rendered":"Nuotoliniu b\u016bdu valdomas automobilis su pulteliu"},"content":{"rendered":"<ul class=\"wp-block-list\"><li>\u00a0M\u016bs\u0173 super visureigis buvo sukurtas naudojant naujausias technologijas\u00a0<strong>. Tvirta konstrukcija, amortizacija, gera pakaba ir didel\u0117s gumin\u0117s padangos<\/strong>\u00a0\u2013 tai elementai, kurie i\u0161skiria visureig\u012f.\u00a0<strong>Keturi\u0173 rat\u0173 pavara sustiprina poveik\u012f ekstremalaus vairavimo metu!<\/strong><\/li>\n\n<li><strong>NEPAMIR\u0160TAMA PATIRTYS<\/strong>\u00a0\u2013 lenktyni\u0173 ir bekel\u0117s ma\u0161ina leid\u017eia lavinti tokius \u012fg\u016bd\u017eius kaip vairavimas, koncentracija, rankiniai \u012fg\u016bd\u017eiai, m\u0105stymo greitis, judrumas ir sumanumas.\u00a0<strong>Automobilis suteiks daug valand\u0173 nepamir\u0161tam\u0173 pramog\u0173<\/strong>\u00a0kiekvienam automobilio gerb\u0117jui.<\/li>\n\n<li><strong>NUOTOLINIO VALDYMO PULTAS<\/strong>&nbsp;&#8211; nuotolinio valdymo pultas buvo sukurtas taip, kad puikiai tilpt\u0173 rankoje, o jo valdymas yra i\u0161skirtinai intuityvus ir patogus. Nuotolinio valdymo nuotolis iki 50m (priklausomai nuo reljefo).<\/li>\n\n<li><strong>Akumuliatorius \u012etrauktas &#8211;&nbsp;<\/strong>\u017daislinis automobilis maitinamas akumuliatoriumi, tod\u0117l nereik\u0117s leisti pinig\u0173 da\u017enam akumuliatoriaus keitimui. \u012e komplektacij\u0105 \u012feina baterija, tad i\u0161sikrovus vienam, lieka atsargin\u0117s!&nbsp;<strong>Galite pasiimti juos su savimi \u012f ilg\u0105 kelion\u0119. Baterijas galite \u012fkrauti naudodami komplekte esant\u012f \u012fkrovikl\u012f<\/strong>&nbsp;.<\/li>\n\n<li><strong>SPECIFIKACIJOS &#8211;<\/strong>&nbsp;spalva: daugiaspalvis; med\u017eiaga: ABS + ner\u016bdijantis plienas + TPR pavara: 4&#215;4; da\u017enis: 2,4 GHz; nuotolinio valdymo nuotolis: 50m; matmenys (ilgis\/plotis\/auk\u0161tis): 27\/14\/16 cm; svoris: 1,3 kg; svoris pakuot\u0117je: 1,4 kg.&nbsp;<\/li><\/ul><h1 class=\"wp-block-heading\">PRODUKTO PRISTATYMAS:<\/h1><p>(nukopijuokite nuorod\u0105 ir \u012fklijuokite \u012f savo nar\u0161ykl\u0119)<\/p><h1 class=\"wp-block-heading\">https:\/\/dai.ly\/k4eW7s5UpR2GqpyNuqd&nbsp;<\/h1><p><strong>SPECIFIKACIJA<\/strong><\/p><ul class=\"wp-block-list\"><li>spalva: daugiaspalvis<\/li>\n\n<li>Med\u017eiaga: ABS + ner\u016bdijantis plienas + TPR<\/li>\n\n<li>pavara: 4&#215;4<\/li>\n\n<li>da\u017enis: 2,4 GHz<\/li>\n\n<li>nuotolinio valdymo pulto nuotolis: 50 m<\/li>\n\n<li>matmenys (ilgis\/plotis\/auk\u0161tis): 27\/14\/16 cm<\/li>\n\n<li>svoris: 1,3 kg<\/li>\n\n<li>svoris pakuot\u0117je: 1,4 kg<\/li><\/ul><p><strong>\u012eSKAITANT<\/strong><\/p><ul class=\"wp-block-list\"><li>automobilis<\/li>\n\n<li>\u012fkroviklis<\/li>\n\n<li>3 AA baterijos nuotolinio valdymo pultui<\/li>\n\n<li>baterija&nbsp;<\/li><\/ul><p>Nuostabus \u017eaislas, kur\u012f pamils ne tik vaikai, bet ir j\u0173 t\u0117\u010diai. Automobilis u\u017etikrins, kad niekam nebus nuobodu! Automobilis valdomas \u012fprastu nuotolinio valdymo pulteliu \u2013 jis ne tik va\u017eiuoja pirmyn ir atgal bei sukasi.&nbsp;<\/p>","protected":false},"excerpt":{"rendered":"<p>PRODUKTO PRISTATYMAS: (nukopijuokite nuorod\u0105 ir \u012fklijuokite \u012f savo nar\u0161ykl\u0119) https:\/\/dai.ly\/k4eW7s5UpR2GqpyNuqd&nbsp; SPECIFIKACIJA \u012eSKAITANT Nuostabus \u017eaislas, kur\u012f pamils ne tik vaikai, bet ir j\u0173 t\u0117\u010diai. Automobilis u\u017etikrins, kad niekam nebus nuobodu! Automobilis valdomas \u012fprastu nuotolinio valdymo pulteliu \u2013 jis ne tik va\u017eiuoja pirmyn ir atgal bei sukasi.&nbsp;<\/p>","protected":false},"featured_media":19530,"template":"","meta":{"iawp_total_views":36},"product_cat":[216,217,197,191,82,192,39,215],"product_tag":[96,97,98,99],"class_list":{"0":"post-19529","1":"product","2":"type-product","3":"status-publish","4":"has-post-thumbnail","6":"product_cat-dovanos-4-5-metu-vaikams","7":"product_cat-dovanos-5-7-metu-vaikams","8":"product_cat-dovanos-berniukams","9":"product_cat-dovanos-vaikams","10":"product_cat-ispardavimas","11":"product_cat-kaledines-dovanos-vaikams","12":"product_cat-zaislai","13":"product_cat-zaislai-berniukams","14":"product_tag-2-m-3-m","15":"product_tag-3-m-4-m","16":"product_tag-5-m-7-m","17":"product_tag-8-m-11-m","19":"first","20":"instock","21":"sale","22":"taxable","23":"shipping-taxable","24":"purchasable","25":"product-type-simple"},"yoast_head":"<!-- This site is optimized with the Yoast SEO plugin v23.3 - https:\/\/yoast.com\/wordpress\/plugins\/seo\/ -->\n<title>Nuotoliniu b\u016bdu valdomas automobilis su pulteliu - Montessori \u017eaislai<\/title>\n<meta name=\"robots\" content=\"noindex, follow, max-snippet:-1, max-image-preview:large, max-video-preview:-1\" \/>\n<meta property=\"og:locale\" content=\"en_US\" \/>\n<meta property=\"og:type\" content=\"article\" \/>\n<meta property=\"og:title\" content=\"Nuotoliniu b\u016bdu valdomas automobilis su pulteliu - Montessori \u017eaislai\" \/>\n<meta property=\"og:description\" content=\"PRODUKTO PRISTATYMAS: (nukopijuokite nuorod\u0105 ir \u012fklijuokite \u012f savo nar\u0161ykl\u0119) https:\/\/dai.ly\/k4eW7s5UpR2GqpyNuqd&nbsp; SPECIFIKACIJA \u012eSKAITANT Nuostabus \u017eaislas, kur\u012f pamils ne tik vaikai, bet ir j\u0173 t\u0117\u010diai. Automobilis u\u017etikrins, kad niekam nebus nuobodu! Automobilis valdomas \u012fprastu nuotolinio valdymo pulteliu \u2013 jis ne tik va\u017eiuoja pirmyn ir atgal bei sukasi.&nbsp;\" \/>\n<meta property=\"og:url\" content=\"https:\/\/dev.monti.lt\/en\/product\/nuotoliniu-budu-valdomas-automobilis-su-pulteliu\/\" \/>\n<meta property=\"og:site_name\" content=\"Montessori \u017eaislai\" \/>\n<meta property=\"article:modified_time\" content=\"2024-07-27T15:24:37+00:00\" \/>\n<meta property=\"og:image\" content=\"https:\/\/dev.monti.lt\/wp-content\/uploads\/2023\/11\/lit_pl_Nuotoliniu-budu-valdomas-visureigis-Sunkvezimis-22439-17126_8.jpg\" \/>\n\t<meta property=\"og:image:width\" content=\"500\" \/>\n\t<meta property=\"og:image:height\" content=\"500\" \/>\n\t<meta property=\"og:image:type\" content=\"image\/jpeg\" \/>\n<meta name=\"twitter:card\" content=\"summary_large_image\" \/>\n<meta name=\"twitter:label1\" content=\"Est. reading time\" \/>\n\t<meta name=\"twitter:data1\" content=\"2 minutes\" \/>\n<script type=\"application\/ld+json\" class=\"yoast-schema-graph\">{\"@context\":\"https:\/\/schema.org\",\"@graph\":[{\"@type\":\"WebPage\",\"@id\":\"https:\/\/dev.monti.lt\/product\/nuotoliniu-budu-valdomas-automobilis-su-pulteliu\/\",\"url\":\"https:\/\/dev.monti.lt\/product\/nuotoliniu-budu-valdomas-automobilis-su-pulteliu\/\",\"name\":\"Nuotoliniu b\u016bdu valdomas automobilis su pulteliu - Montessori \u017eaislai\",\"isPartOf\":{\"@id\":\"https:\/\/dev.monti.lt\/#website\"},\"primaryImageOfPage\":{\"@id\":\"https:\/\/dev.monti.lt\/product\/nuotoliniu-budu-valdomas-automobilis-su-pulteliu\/#primaryimage\"},\"image\":{\"@id\":\"https:\/\/dev.monti.lt\/product\/nuotoliniu-budu-valdomas-automobilis-su-pulteliu\/#primaryimage\"},\"thumbnailUrl\":\"https:\/\/dev.monti.lt\/wp-content\/uploads\/2023\/11\/lit_pl_Nuotoliniu-budu-valdomas-visureigis-Sunkvezimis-22439-17126_8.jpg\",\"datePublished\":\"2023-11-16T10:38:24+00:00\",\"dateModified\":\"2024-07-27T15:24:37+00:00\",\"breadcrumb\":{\"@id\":\"https:\/\/dev.monti.lt\/product\/nuotoliniu-budu-valdomas-automobilis-su-pulteliu\/#breadcrumb\"},\"inLanguage\":\"en-US\",\"potentialAction\":[{\"@type\":\"ReadAction\",\"target\":[\"https:\/\/dev.monti.lt\/product\/nuotoliniu-budu-valdomas-automobilis-su-pulteliu\/\"]}]},{\"@type\":\"ImageObject\",\"inLanguage\":\"en-US\",\"@id\":\"https:\/\/dev.monti.lt\/product\/nuotoliniu-budu-valdomas-automobilis-su-pulteliu\/#primaryimage\",\"url\":\"https:\/\/dev.monti.lt\/wp-content\/uploads\/2023\/11\/lit_pl_Nuotoliniu-budu-valdomas-visureigis-Sunkvezimis-22439-17126_8.jpg\",\"contentUrl\":\"https:\/\/dev.monti.lt\/wp-content\/uploads\/2023\/11\/lit_pl_Nuotoliniu-budu-valdomas-visureigis-Sunkvezimis-22439-17126_8.jpg\",\"width\":500,\"height\":500,\"caption\":\"automobilis lauke\"},{\"@type\":\"BreadcrumbList\",\"@id\":\"https:\/\/dev.monti.lt\/product\/nuotoliniu-budu-valdomas-automobilis-su-pulteliu\/#breadcrumb\",\"itemListElement\":[{\"@type\":\"ListItem\",\"position\":1,\"name\":\"Home\",\"item\":\"https:\/\/dev.monti.lt\/\"},{\"@type\":\"ListItem\",\"position\":2,\"name\":\"Parduotuv\u0117\",\"item\":\"https:\/\/dev.monti.lt\/shop\/\"},{\"@type\":\"ListItem\",\"position\":3,\"name\":\"Nuotoliniu b\u016bdu valdomas automobilis su pulteliu\"}]},{\"@type\":\"WebSite\",\"@id\":\"https:\/\/dev.monti.lt\/#website\",\"url\":\"https:\/\/dev.monti.lt\/\",\"name\":\"Montessori \u017eaislai\",\"description\":\"\",\"publisher\":{\"@id\":\"https:\/\/dev.monti.lt\/#organization\"},\"potentialAction\":[{\"@type\":\"SearchAction\",\"target\":{\"@type\":\"EntryPoint\",\"urlTemplate\":\"https:\/\/dev.monti.lt\/?s={search_term_string}\"},\"query-input\":\"required name=search_term_string\"}],\"inLanguage\":\"en-US\"},{\"@type\":\"Organization\",\"@id\":\"https:\/\/dev.monti.lt\/#organization\",\"name\":\"Montessori \u017eaislai\",\"url\":\"https:\/\/dev.monti.lt\/\",\"logo\":{\"@type\":\"ImageObject\",\"inLanguage\":\"en-US\",\"@id\":\"https:\/\/dev.monti.lt\/#\/schema\/logo\/image\/\",\"url\":\"https:\/\/dev.monti.lt\/wp-content\/uploads\/2022\/03\/montilogo-1.png\",\"contentUrl\":\"https:\/\/dev.monti.lt\/wp-content\/uploads\/2022\/03\/montilogo-1.png\",\"width\":512,\"height\":512,\"caption\":\"Montessori \u017eaislai\"},\"image\":{\"@id\":\"https:\/\/dev.monti.lt\/#\/schema\/logo\/image\/\"}}]}<\/script>\n<!-- \/ Yoast SEO plugin. -->","yoast_head_json":{"title":"Nuotoliniu b\u016bdu valdomas automobilis su pulteliu - Montessori \u017eaislai","robots":{"index":"noindex","follow":"follow","max-snippet":"max-snippet:-1","max-image-preview":"max-image-preview:large","max-video-preview":"max-video-preview:-1"},"og_locale":"en_US","og_type":"article","og_title":"Nuotoliniu b\u016bdu valdomas automobilis su pulteliu - Montessori \u017eaislai","og_description":"PRODUKTO PRISTATYMAS: (nukopijuokite nuorod\u0105 ir \u012fklijuokite \u012f savo nar\u0161ykl\u0119) https:\/\/dai.ly\/k4eW7s5UpR2GqpyNuqd&nbsp; SPECIFIKACIJA \u012eSKAITANT Nuostabus \u017eaislas, kur\u012f pamils ne tik vaikai, bet ir j\u0173 t\u0117\u010diai. Automobilis u\u017etikrins, kad niekam nebus nuobodu! Automobilis valdomas \u012fprastu nuotolinio valdymo pulteliu \u2013 jis ne tik va\u017eiuoja pirmyn ir atgal bei sukasi.&nbsp;","og_url":"https:\/\/dev.monti.lt\/en\/product\/nuotoliniu-budu-valdomas-automobilis-su-pulteliu\/","og_site_name":"Montessori \u017eaislai","article_modified_time":"2024-07-27T15:24:37+00:00","og_image":[{"width":500,"height":500,"url":"https:\/\/dev.monti.lt\/wp-content\/uploads\/2023\/11\/lit_pl_Nuotoliniu-budu-valdomas-visureigis-Sunkvezimis-22439-17126_8.jpg","type":"image\/jpeg"}],"twitter_card":"summary_large_image","twitter_misc":{"Est. reading time":"2 minutes"},"schema":{"@context":"https:\/\/schema.org","@graph":[{"@type":"WebPage","@id":"https:\/\/dev.monti.lt\/product\/nuotoliniu-budu-valdomas-automobilis-su-pulteliu\/","url":"https:\/\/dev.monti.lt\/product\/nuotoliniu-budu-valdomas-automobilis-su-pulteliu\/","name":"Nuotoliniu b\u016bdu valdomas automobilis su pulteliu - Montessori \u017eaislai","isPartOf":{"@id":"https:\/\/dev.monti.lt\/#website"},"primaryImageOfPage":{"@id":"https:\/\/dev.monti.lt\/product\/nuotoliniu-budu-valdomas-automobilis-su-pulteliu\/#primaryimage"},"image":{"@id":"https:\/\/dev.monti.lt\/product\/nuotoliniu-budu-valdomas-automobilis-su-pulteliu\/#primaryimage"},"thumbnailUrl":"https:\/\/dev.monti.lt\/wp-content\/uploads\/2023\/11\/lit_pl_Nuotoliniu-budu-valdomas-visureigis-Sunkvezimis-22439-17126_8.jpg","datePublished":"2023-11-16T10:38:24+00:00","dateModified":"2024-07-27T15:24:37+00:00","breadcrumb":{"@id":"https:\/\/dev.monti.lt\/product\/nuotoliniu-budu-valdomas-automobilis-su-pulteliu\/#breadcrumb"},"inLanguage":"en-US","potentialAction":[{"@type":"ReadAction","target":["https:\/\/dev.monti.lt\/product\/nuotoliniu-budu-valdomas-automobilis-su-pulteliu\/"]}]},{"@type":"ImageObject","inLanguage":"en-US","@id":"https:\/\/dev.monti.lt\/product\/nuotoliniu-budu-valdomas-automobilis-su-pulteliu\/#primaryimage","url":"https:\/\/dev.monti.lt\/wp-content\/uploads\/2023\/11\/lit_pl_Nuotoliniu-budu-valdomas-visureigis-Sunkvezimis-22439-17126_8.jpg","contentUrl":"https:\/\/dev.monti.lt\/wp-content\/uploads\/2023\/11\/lit_pl_Nuotoliniu-budu-valdomas-visureigis-Sunkvezimis-22439-17126_8.jpg","width":500,"height":500,"caption":"automobilis lauke"},{"@type":"BreadcrumbList","@id":"https:\/\/dev.monti.lt\/product\/nuotoliniu-budu-valdomas-automobilis-su-pulteliu\/#breadcrumb","itemListElement":[{"@type":"ListItem","position":1,"name":"Home","item":"https:\/\/dev.monti.lt\/"},{"@type":"ListItem","position":2,"name":"Parduotuv\u0117","item":"https:\/\/dev.monti.lt\/shop\/"},{"@type":"ListItem","position":3,"name":"Nuotoliniu b\u016bdu valdomas automobilis su pulteliu"}]},{"@type":"WebSite","@id":"https:\/\/dev.monti.lt\/#website","url":"https:\/\/dev.monti.lt\/","name":"Montessori \u017eaislai","description":"","publisher":{"@id":"https:\/\/dev.monti.lt\/#organization"},"potentialAction":[{"@type":"SearchAction","target":{"@type":"EntryPoint","urlTemplate":"https:\/\/dev.monti.lt\/?s={search_term_string}"},"query-input":"required name=search_term_string"}],"inLanguage":"en-US"},{"@type":"Organization","@id":"https:\/\/dev.monti.lt\/#organization","name":"Montessori \u017eaislai","url":"https:\/\/dev.monti.lt\/","logo":{"@type":"ImageObject","inLanguage":"en-US","@id":"https:\/\/dev.monti.lt\/#\/schema\/logo\/image\/","url":"https:\/\/dev.monti.lt\/wp-content\/uploads\/2022\/03\/montilogo-1.png","contentUrl":"https:\/\/dev.monti.lt\/wp-content\/uploads\/2022\/03\/montilogo-1.png","width":512,"height":512,"caption":"Montessori \u017eaislai"},"image":{"@id":"https:\/\/dev.monti.lt\/#\/schema\/logo\/image\/"}}]}},"_links":{"self":[{"href":"https:\/\/dev.monti.lt\/en\/wp-json\/wp\/v2\/product\/19529"}],"collection":[{"href":"https:\/\/dev.monti.lt\/en\/wp-json\/wp\/v2\/product"}],"about":[{"href":"https:\/\/dev.monti.lt\/en\/wp-json\/wp\/v2\/types\/product"}],"version-history":[{"count":1,"href":"https:\/\/dev.monti.lt\/en\/wp-json\/wp\/v2\/product\/19529\/revisions"}],"predecessor-version":[{"id":19537,"href":"https:\/\/dev.monti.lt\/en\/wp-json\/wp\/v2\/product\/19529\/revisions\/19537"}],"wp:featuredmedia":[{"embeddable":true,"href":"https:\/\/dev.monti.lt\/en\/wp-json\/wp\/v2\/media\/19530"}],"wp:attachment":[{"href":"https:\/\/dev.monti.lt\/en\/wp-json\/wp\/v2\/media?parent=19529"}],"wp:term":[{"taxonomy":"product_cat","embeddable":true,"href":"https:\/\/dev.monti.lt\/en\/wp-json\/wp\/v2\/product_cat?post=19529"},{"taxonomy":"product_tag","embeddable":true,"href":"https:\/\/dev.monti.lt\/en\/wp-json\/wp\/v2\/product_tag?post=19529"}],"curies":[{"name":"wp","href":"https:\/\/api.w.org\/{rel}","templated":true}]}}