{"id":19449,"date":"2023-11-15T07:41:10","date_gmt":"2023-11-15T07:41:10","guid":{"rendered":"https:\/\/dev.monti.lt\/?post_type=product&#038;p=19449"},"modified":"2024-09-12T15:30:01","modified_gmt":"2024-09-12T15:30:01","slug":"woppie-projektorius-migdukas-begemotas","status":"publish","type":"product","link":"https:\/\/dev.monti.lt\/en\/product\/woppie-projektorius-migdukas-begemotas\/","title":{"rendered":"WOPPIE projektorius-migdukas begemotas"},"content":{"rendered":"<p><strong>&#8220;Woopie&#8221;<\/strong>&nbsp;prek\u0117s \u017eenklo&nbsp;<strong>pliu\u0161inis Hippopotamus Sleeper<\/strong>&nbsp;bus meilus&nbsp;<strong>j\u016bs\u0173 k\u016bdikio miego palydovas.&nbsp;<\/strong>Talismanas puikiai tinka&nbsp;<strong>k\u016bdikiams<\/strong>&nbsp;ir&nbsp;<strong>vyresniems&nbsp;<\/strong><strong>vaikams<\/strong>&nbsp;, kurie nem\u0117gsta u\u017emigti patys.&nbsp;Begemotas bus tobulas ger\u0173 svajoni\u0173 sargas ir pabais\u0173 \u017eudikas spintoje.&nbsp;<strong>Mielas \u017eaislas<\/strong>&nbsp;turi&nbsp;<strong>projektoriaus funkcij\u0105<\/strong>&nbsp;, kuri sukuria rami\u0105 aur\u0105 miego metu&nbsp;<strong>.&nbsp;<\/strong>\u0160viesos&nbsp;<strong>kei\u010dia spalv\u0105<\/strong>&nbsp;ir&nbsp;<strong>rodo \u017evaig\u017edes, m\u0117nul\u012f<\/strong>&nbsp;ir&nbsp;<strong>planetas&nbsp;<\/strong><strong>.&nbsp;<\/strong>Visa tai lydi raminanti,&nbsp;<strong>atpalaiduojanti muzika<\/strong>&nbsp;su gamtos garsais fone.&nbsp;\u017daislas turi&nbsp;<strong>kelet\u0105&nbsp;<\/strong><strong>skirting\u0173&nbsp;<\/strong><strong>lop\u0161ini\u0173<\/strong>&nbsp;.&nbsp;Muzikos d\u0117\u017eut\u0117 nepertraukiamai groja lop\u0161ines beveik&nbsp;<strong>20 minu\u010di\u0173<\/strong>&nbsp;, tod\u0117l k\u016bdikis tur\u0117s laiko u\u017emigti nuostabiai, nereik\u0117s v\u0117l \u012fjungti lop\u0161ini\u0173 ir nerizikuoti k\u016bdikio pa\u017eadinti.&nbsp;Kai k\u016bdikis u\u017emiega, galite&nbsp;<strong>i\u0161jungti lop\u0161ines paspausdami mygtuk\u0105 ant pilvuko<\/strong>&nbsp;.&nbsp;Begemotas turi&nbsp;<strong>du garsumo lygius<\/strong>&nbsp;, tod\u0117l j\u012f galima puikiai pritaikyti pagal vaiko poreikius.&nbsp;\u017daislas tinka k\u016bdikiams, tod\u0117l pripildytas&nbsp;<strong>mink\u0161tos vatos.&nbsp;<\/strong>Be to, pliu\u0161in\u012f \u017eaisl\u0105 galima&nbsp;<strong>saugiai<\/strong>&nbsp;ir&nbsp;<strong>lengvai<\/strong>&nbsp;nuvalyti&nbsp;<strong>nu\u0117mus<\/strong>&nbsp;mechanizm\u0105 ir lengvai j\u012f sumontavus.&nbsp;D\u0117l \u0161ios prie\u017easties vyresnis vaikas \u017eaisl\u0105 gali naudoti ir kaip talisman\u0105 be mechanizmo.&nbsp;Visi vaikai myli&nbsp;<strong>begemotus<\/strong>&nbsp;!<strong><\/strong><\/p><p><strong>Charakteristika:<\/strong><\/p><ul class=\"wp-block-list\"><li>&#8211; \u017eaislas, skirtas&nbsp;<strong>k\u016bdikiams,<\/strong><\/li>\n\n<li>&#8211; Esu tobula kaip&nbsp;&nbsp;<strong>i\u0161kam\u0161a, reikalinga u\u017emigti,<\/strong><\/li>\n\n<li>&#8211; jis pagamintas i\u0161&nbsp;&nbsp;<strong>subtilios med\u017eiagos ir u\u017epildytas vata,<\/strong><\/li>\n\n<li>&#8211;&nbsp;<strong>\u0161viesos<\/strong>&nbsp;ir&nbsp;<strong>garso<\/strong>&nbsp;efektai &#8211; melodijos \/ lop\u0161in\u0117s, padedan\u010dios u\u017emigti + spalvas kei\u010diantis projektorius&nbsp;<strong>,<\/strong><\/li>\n\n<li><strong>&#8211; lop\u0161ini\u0173 grojimo laikas iki 20 minu\u010di\u0173!!!<\/strong><\/li>\n\n<li><strong><\/strong>&#8211; viduje esant\u012f&nbsp;<strong>mechanizm\u0105&nbsp;<\/strong><strong>galima i\u0161ardyti,<\/strong>&nbsp;kad b\u016bt\u0173&nbsp;<strong>galima i\u0161plauti i\u0161kam\u0161\u0105,<\/strong><\/li>\n\n<li>&#8211;&nbsp;<strong>Reikalingos baterijos:<\/strong>&nbsp;3 x AAA (\u012f komplekt\u0105 ne\u012feina).<\/li><\/ul><p><strong>\u017daislas vysto:<\/strong><\/p><ul class=\"wp-block-list\"><li>&#8211; poj\u016b\u010diai,<\/li>\n\n<li>&#8211; smalsumas ir atradimai,<\/li>\n\n<li>&#8211; koncentracijos.<\/li><\/ul>","protected":false},"excerpt":{"rendered":"<p>&#8220;Woopie&#8221;&nbsp;prek\u0117s \u017eenklo&nbsp;pliu\u0161inis Hippopotamus Sleeper&nbsp;bus meilus&nbsp;j\u016bs\u0173 k\u016bdikio miego palydovas.&nbsp;Talismanas puikiai tinka&nbsp;k\u016bdikiams&nbsp;ir&nbsp;vyresniems&nbsp;vaikams&nbsp;, kurie nem\u0117gsta u\u017emigti patys.&nbsp;Begemotas bus tobulas ger\u0173 svajoni\u0173 sargas ir pabais\u0173 \u017eudikas spintoje.&nbsp;Mielas \u017eaislas&nbsp;turi&nbsp;projektoriaus funkcij\u0105&nbsp;, kuri sukuria rami\u0105 aur\u0105 miego metu&nbsp;.&nbsp;\u0160viesos&nbsp;kei\u010dia spalv\u0105&nbsp;ir&nbsp;rodo \u017evaig\u017edes, m\u0117nul\u012f&nbsp;ir&nbsp;planetas&nbsp;.&nbsp;Visa tai lydi raminanti,&nbsp;atpalaiduojanti muzika&nbsp;su gamtos garsais fone.&nbsp;\u017daislas turi&nbsp;kelet\u0105&nbsp;skirting\u0173&nbsp;lop\u0161ini\u0173&nbsp;.&nbsp;Muzikos d\u0117\u017eut\u0117 nepertraukiamai groja lop\u0161ines beveik&nbsp;20 minu\u010di\u0173&nbsp;, tod\u0117l k\u016bdikis tur\u0117s laiko u\u017emigti nuostabiai, nereik\u0117s [&hellip;]<\/p>","protected":false},"featured_media":19450,"template":"","meta":{"iawp_total_views":54},"product_cat":[200,191,84,85,90,49,39],"product_tag":[95,94],"class_list":{"0":"post-19449","1":"product","2":"type-product","3":"status-publish","4":"has-post-thumbnail","6":"product_cat-dovanos-kudikiams","7":"product_cat-dovanos-vaikams","8":"product_cat-lavinamieji-zaislai","9":"product_cat-muzikiniai-zaislai","10":"product_cat-pasaulio-pazinimas","11":"product_cat-visi-zaislai","12":"product_cat-zaislai","13":"product_tag-1-m-2-m","14":"product_tag-iki-1-m","16":"first","17":"instock","18":"sale","19":"taxable","20":"shipping-taxable","21":"purchasable","22":"product-type-simple"},"yoast_head":"<!-- This site is optimized with the Yoast SEO plugin v23.3 - https:\/\/yoast.com\/wordpress\/plugins\/seo\/ -->\n<title>WOPPIE projektorius-migdukas begemotas - Montessori \u017eaislai<\/title>\n<meta name=\"robots\" content=\"noindex, follow, max-snippet:-1, max-image-preview:large, max-video-preview:-1\" \/>\n<meta property=\"og:locale\" content=\"en_US\" \/>\n<meta property=\"og:type\" content=\"article\" \/>\n<meta property=\"og:title\" content=\"WOPPIE projektorius-migdukas begemotas - Montessori \u017eaislai\" \/>\n<meta property=\"og:description\" content=\"&#8220;Woopie&#8221;&nbsp;prek\u0117s \u017eenklo&nbsp;pliu\u0161inis Hippopotamus Sleeper&nbsp;bus meilus&nbsp;j\u016bs\u0173 k\u016bdikio miego palydovas.&nbsp;Talismanas puikiai tinka&nbsp;k\u016bdikiams&nbsp;ir&nbsp;vyresniems&nbsp;vaikams&nbsp;, kurie nem\u0117gsta u\u017emigti patys.&nbsp;Begemotas bus tobulas ger\u0173 svajoni\u0173 sargas ir pabais\u0173 \u017eudikas spintoje.&nbsp;Mielas \u017eaislas&nbsp;turi&nbsp;projektoriaus funkcij\u0105&nbsp;, kuri sukuria rami\u0105 aur\u0105 miego metu&nbsp;.&nbsp;\u0160viesos&nbsp;kei\u010dia spalv\u0105&nbsp;ir&nbsp;rodo \u017evaig\u017edes, m\u0117nul\u012f&nbsp;ir&nbsp;planetas&nbsp;.&nbsp;Visa tai lydi raminanti,&nbsp;atpalaiduojanti muzika&nbsp;su gamtos garsais fone.&nbsp;\u017daislas turi&nbsp;kelet\u0105&nbsp;skirting\u0173&nbsp;lop\u0161ini\u0173&nbsp;.&nbsp;Muzikos d\u0117\u017eut\u0117 nepertraukiamai groja lop\u0161ines beveik&nbsp;20 minu\u010di\u0173&nbsp;, tod\u0117l k\u016bdikis tur\u0117s laiko u\u017emigti nuostabiai, nereik\u0117s [&hellip;]\" \/>\n<meta property=\"og:url\" content=\"https:\/\/dev.monti.lt\/en\/product\/woppie-projektorius-migdukas-begemotas\/\" \/>\n<meta property=\"og:site_name\" content=\"Montessori \u017eaislai\" \/>\n<meta property=\"article:modified_time\" content=\"2024-09-12T15:30:01+00:00\" \/>\n<meta property=\"og:image\" content=\"https:\/\/dev.monti.lt\/wp-content\/uploads\/2023\/11\/woopie-baby-przytulanka-projektor-2w1-usypiacz-hipopotam-3.jpg\" \/>\n\t<meta property=\"og:image:width\" content=\"800\" \/>\n\t<meta property=\"og:image:height\" content=\"800\" \/>\n\t<meta property=\"og:image:type\" content=\"image\/jpeg\" \/>\n<meta name=\"twitter:card\" content=\"summary_large_image\" \/>\n<meta name=\"twitter:label1\" content=\"Est. reading time\" \/>\n\t<meta name=\"twitter:data1\" content=\"1 minute\" \/>\n<script type=\"application\/ld+json\" class=\"yoast-schema-graph\">{\"@context\":\"https:\/\/schema.org\",\"@graph\":[{\"@type\":\"WebPage\",\"@id\":\"https:\/\/dev.monti.lt\/product\/woppie-projektorius-migdukas-begemotas\/\",\"url\":\"https:\/\/dev.monti.lt\/product\/woppie-projektorius-migdukas-begemotas\/\",\"name\":\"WOPPIE projektorius-migdukas begemotas - Montessori \u017eaislai\",\"isPartOf\":{\"@id\":\"https:\/\/dev.monti.lt\/#website\"},\"primaryImageOfPage\":{\"@id\":\"https:\/\/dev.monti.lt\/product\/woppie-projektorius-migdukas-begemotas\/#primaryimage\"},\"image\":{\"@id\":\"https:\/\/dev.monti.lt\/product\/woppie-projektorius-migdukas-begemotas\/#primaryimage\"},\"thumbnailUrl\":\"https:\/\/dev.monti.lt\/wp-content\/uploads\/2023\/11\/woopie-baby-przytulanka-projektor-2w1-usypiacz-hipopotam-3.jpg\",\"datePublished\":\"2023-11-15T07:41:10+00:00\",\"dateModified\":\"2024-09-12T15:30:01+00:00\",\"breadcrumb\":{\"@id\":\"https:\/\/dev.monti.lt\/product\/woppie-projektorius-migdukas-begemotas\/#breadcrumb\"},\"inLanguage\":\"en-US\",\"potentialAction\":[{\"@type\":\"ReadAction\",\"target\":[\"https:\/\/dev.monti.lt\/product\/woppie-projektorius-migdukas-begemotas\/\"]}]},{\"@type\":\"ImageObject\",\"inLanguage\":\"en-US\",\"@id\":\"https:\/\/dev.monti.lt\/product\/woppie-projektorius-migdukas-begemotas\/#primaryimage\",\"url\":\"https:\/\/dev.monti.lt\/wp-content\/uploads\/2023\/11\/woopie-baby-przytulanka-projektor-2w1-usypiacz-hipopotam-3.jpg\",\"contentUrl\":\"https:\/\/dev.monti.lt\/wp-content\/uploads\/2023\/11\/woopie-baby-przytulanka-projektor-2w1-usypiacz-hipopotam-3.jpg\",\"width\":800,\"height\":800,\"caption\":\"migdukas-projektorius\"},{\"@type\":\"BreadcrumbList\",\"@id\":\"https:\/\/dev.monti.lt\/product\/woppie-projektorius-migdukas-begemotas\/#breadcrumb\",\"itemListElement\":[{\"@type\":\"ListItem\",\"position\":1,\"name\":\"Home\",\"item\":\"https:\/\/dev.monti.lt\/\"},{\"@type\":\"ListItem\",\"position\":2,\"name\":\"Parduotuv\u0117\",\"item\":\"https:\/\/dev.monti.lt\/shop\/\"},{\"@type\":\"ListItem\",\"position\":3,\"name\":\"WOPPIE projektorius-migdukas begemotas\"}]},{\"@type\":\"WebSite\",\"@id\":\"https:\/\/dev.monti.lt\/#website\",\"url\":\"https:\/\/dev.monti.lt\/\",\"name\":\"Montessori \u017eaislai\",\"description\":\"\",\"publisher\":{\"@id\":\"https:\/\/dev.monti.lt\/#organization\"},\"potentialAction\":[{\"@type\":\"SearchAction\",\"target\":{\"@type\":\"EntryPoint\",\"urlTemplate\":\"https:\/\/dev.monti.lt\/?s={search_term_string}\"},\"query-input\":\"required name=search_term_string\"}],\"inLanguage\":\"en-US\"},{\"@type\":\"Organization\",\"@id\":\"https:\/\/dev.monti.lt\/#organization\",\"name\":\"Montessori \u017eaislai\",\"url\":\"https:\/\/dev.monti.lt\/\",\"logo\":{\"@type\":\"ImageObject\",\"inLanguage\":\"en-US\",\"@id\":\"https:\/\/dev.monti.lt\/#\/schema\/logo\/image\/\",\"url\":\"https:\/\/dev.monti.lt\/wp-content\/uploads\/2022\/03\/montilogo-1.png\",\"contentUrl\":\"https:\/\/dev.monti.lt\/wp-content\/uploads\/2022\/03\/montilogo-1.png\",\"width\":512,\"height\":512,\"caption\":\"Montessori \u017eaislai\"},\"image\":{\"@id\":\"https:\/\/dev.monti.lt\/#\/schema\/logo\/image\/\"}}]}<\/script>\n<!-- \/ Yoast SEO plugin. -->","yoast_head_json":{"title":"WOPPIE projektorius-migdukas begemotas - Montessori \u017eaislai","robots":{"index":"noindex","follow":"follow","max-snippet":"max-snippet:-1","max-image-preview":"max-image-preview:large","max-video-preview":"max-video-preview:-1"},"og_locale":"en_US","og_type":"article","og_title":"WOPPIE projektorius-migdukas begemotas - Montessori \u017eaislai","og_description":"&#8220;Woopie&#8221;&nbsp;prek\u0117s \u017eenklo&nbsp;pliu\u0161inis Hippopotamus Sleeper&nbsp;bus meilus&nbsp;j\u016bs\u0173 k\u016bdikio miego palydovas.&nbsp;Talismanas puikiai tinka&nbsp;k\u016bdikiams&nbsp;ir&nbsp;vyresniems&nbsp;vaikams&nbsp;, kurie nem\u0117gsta u\u017emigti patys.&nbsp;Begemotas bus tobulas ger\u0173 svajoni\u0173 sargas ir pabais\u0173 \u017eudikas spintoje.&nbsp;Mielas \u017eaislas&nbsp;turi&nbsp;projektoriaus funkcij\u0105&nbsp;, kuri sukuria rami\u0105 aur\u0105 miego metu&nbsp;.&nbsp;\u0160viesos&nbsp;kei\u010dia spalv\u0105&nbsp;ir&nbsp;rodo \u017evaig\u017edes, m\u0117nul\u012f&nbsp;ir&nbsp;planetas&nbsp;.&nbsp;Visa tai lydi raminanti,&nbsp;atpalaiduojanti muzika&nbsp;su gamtos garsais fone.&nbsp;\u017daislas turi&nbsp;kelet\u0105&nbsp;skirting\u0173&nbsp;lop\u0161ini\u0173&nbsp;.&nbsp;Muzikos d\u0117\u017eut\u0117 nepertraukiamai groja lop\u0161ines beveik&nbsp;20 minu\u010di\u0173&nbsp;, tod\u0117l k\u016bdikis tur\u0117s laiko u\u017emigti nuostabiai, nereik\u0117s [&hellip;]","og_url":"https:\/\/dev.monti.lt\/en\/product\/woppie-projektorius-migdukas-begemotas\/","og_site_name":"Montessori \u017eaislai","article_modified_time":"2024-09-12T15:30:01+00:00","og_image":[{"width":800,"height":800,"url":"https:\/\/dev.monti.lt\/wp-content\/uploads\/2023\/11\/woopie-baby-przytulanka-projektor-2w1-usypiacz-hipopotam-3.jpg","type":"image\/jpeg"}],"twitter_card":"summary_large_image","twitter_misc":{"Est. reading time":"1 minute"},"schema":{"@context":"https:\/\/schema.org","@graph":[{"@type":"WebPage","@id":"https:\/\/dev.monti.lt\/product\/woppie-projektorius-migdukas-begemotas\/","url":"https:\/\/dev.monti.lt\/product\/woppie-projektorius-migdukas-begemotas\/","name":"WOPPIE projektorius-migdukas begemotas - Montessori \u017eaislai","isPartOf":{"@id":"https:\/\/dev.monti.lt\/#website"},"primaryImageOfPage":{"@id":"https:\/\/dev.monti.lt\/product\/woppie-projektorius-migdukas-begemotas\/#primaryimage"},"image":{"@id":"https:\/\/dev.monti.lt\/product\/woppie-projektorius-migdukas-begemotas\/#primaryimage"},"thumbnailUrl":"https:\/\/dev.monti.lt\/wp-content\/uploads\/2023\/11\/woopie-baby-przytulanka-projektor-2w1-usypiacz-hipopotam-3.jpg","datePublished":"2023-11-15T07:41:10+00:00","dateModified":"2024-09-12T15:30:01+00:00","breadcrumb":{"@id":"https:\/\/dev.monti.lt\/product\/woppie-projektorius-migdukas-begemotas\/#breadcrumb"},"inLanguage":"en-US","potentialAction":[{"@type":"ReadAction","target":["https:\/\/dev.monti.lt\/product\/woppie-projektorius-migdukas-begemotas\/"]}]},{"@type":"ImageObject","inLanguage":"en-US","@id":"https:\/\/dev.monti.lt\/product\/woppie-projektorius-migdukas-begemotas\/#primaryimage","url":"https:\/\/dev.monti.lt\/wp-content\/uploads\/2023\/11\/woopie-baby-przytulanka-projektor-2w1-usypiacz-hipopotam-3.jpg","contentUrl":"https:\/\/dev.monti.lt\/wp-content\/uploads\/2023\/11\/woopie-baby-przytulanka-projektor-2w1-usypiacz-hipopotam-3.jpg","width":800,"height":800,"caption":"migdukas-projektorius"},{"@type":"BreadcrumbList","@id":"https:\/\/dev.monti.lt\/product\/woppie-projektorius-migdukas-begemotas\/#breadcrumb","itemListElement":[{"@type":"ListItem","position":1,"name":"Home","item":"https:\/\/dev.monti.lt\/"},{"@type":"ListItem","position":2,"name":"Parduotuv\u0117","item":"https:\/\/dev.monti.lt\/shop\/"},{"@type":"ListItem","position":3,"name":"WOPPIE projektorius-migdukas begemotas"}]},{"@type":"WebSite","@id":"https:\/\/dev.monti.lt\/#website","url":"https:\/\/dev.monti.lt\/","name":"Montessori \u017eaislai","description":"","publisher":{"@id":"https:\/\/dev.monti.lt\/#organization"},"potentialAction":[{"@type":"SearchAction","target":{"@type":"EntryPoint","urlTemplate":"https:\/\/dev.monti.lt\/?s={search_term_string}"},"query-input":"required name=search_term_string"}],"inLanguage":"en-US"},{"@type":"Organization","@id":"https:\/\/dev.monti.lt\/#organization","name":"Montessori \u017eaislai","url":"https:\/\/dev.monti.lt\/","logo":{"@type":"ImageObject","inLanguage":"en-US","@id":"https:\/\/dev.monti.lt\/#\/schema\/logo\/image\/","url":"https:\/\/dev.monti.lt\/wp-content\/uploads\/2022\/03\/montilogo-1.png","contentUrl":"https:\/\/dev.monti.lt\/wp-content\/uploads\/2022\/03\/montilogo-1.png","width":512,"height":512,"caption":"Montessori \u017eaislai"},"image":{"@id":"https:\/\/dev.monti.lt\/#\/schema\/logo\/image\/"}}]}},"_links":{"self":[{"href":"https:\/\/dev.monti.lt\/en\/wp-json\/wp\/v2\/product\/19449"}],"collection":[{"href":"https:\/\/dev.monti.lt\/en\/wp-json\/wp\/v2\/product"}],"about":[{"href":"https:\/\/dev.monti.lt\/en\/wp-json\/wp\/v2\/types\/product"}],"version-history":[{"count":2,"href":"https:\/\/dev.monti.lt\/en\/wp-json\/wp\/v2\/product\/19449\/revisions"}],"predecessor-version":[{"id":20468,"href":"https:\/\/dev.monti.lt\/en\/wp-json\/wp\/v2\/product\/19449\/revisions\/20468"}],"wp:featuredmedia":[{"embeddable":true,"href":"https:\/\/dev.monti.lt\/en\/wp-json\/wp\/v2\/media\/19450"}],"wp:attachment":[{"href":"https:\/\/dev.monti.lt\/en\/wp-json\/wp\/v2\/media?parent=19449"}],"wp:term":[{"taxonomy":"product_cat","embeddable":true,"href":"https:\/\/dev.monti.lt\/en\/wp-json\/wp\/v2\/product_cat?post=19449"},{"taxonomy":"product_tag","embeddable":true,"href":"https:\/\/dev.monti.lt\/en\/wp-json\/wp\/v2\/product_tag?post=19449"}],"curies":[{"name":"wp","href":"https:\/\/api.w.org\/{rel}","templated":true}]}}