{"id":19389,"date":"2023-11-13T14:29:38","date_gmt":"2023-11-13T14:29:38","guid":{"rendered":"https:\/\/dev.monti.lt\/?post_type=product&#038;p=19389"},"modified":"2024-10-08T10:06:28","modified_gmt":"2024-10-08T10:06:28","slug":"vandens-kilimelis-kvadratai","status":"publish","type":"product","link":"https:\/\/dev.monti.lt\/en\/product\/vandens-kilimelis-kvadratai\/","title":{"rendered":"Vandens kilim\u0117lis kvadratai"},"content":{"rendered":"<p>KONTRASTINIS VANDENS KILIM\u0116LIS \u0160ACHMAT\u0172 LENTA 65 CM X 50 CM<\/p><p>Nuostabus jutiminis kilim\u0117lis k\u016bdikiams su kontrastingu juodos ir baltos spalv\u0173 ra\u0161tu.<br>Kilim\u0117lio viduje i\u0161d\u0117stytos spalvingos geometrin\u0117s fig\u016bros, kurios juda, kai k\u016bdikis juda.<br>Plaukiojantys elementai sudomins k\u016bdik\u012f ir sutelks jo d\u0117mes\u012f.<br>Gul\u0117damas ant pilvuko ma\u017eylis lavins raumenis, atsakingus u\u017e taisykling\u0105 laikysen\u0105.<br>Labai paprasta naudoti.<\/p><p>Prip\u016bskite kilim\u0117lio kra\u0161tus oru, o centr\u0105 pripildykite vandeniu.<\/p><p>Norint pasiekti geresni\u0173 rezultat\u0173, centr\u0105 galima i\u0161 dalies pripildyti vandeniu ir i\u0161 dalies oru.<br>R\u016bpinkit\u0117s savo vaiko vystymusi:<\/p><p>Skatina teising\u0105 kaklo, galvos, pilvo, pe\u010di\u0173 ir nugaros raumen\u0173 vystym\u0105si.<br>Skatina motorini\u0173 \u012fg\u016bd\u017ei\u0173 vystym\u0105si &#8211; skatina akies ir rankos koordinacij\u0105.<br>Palaiko d\u0117mesio \u012fg\u016bd\u017eius<br>Padeda i\u0161mokti spalv\u0173 pavadinimus<br>Be to, suteikia daug d\u017eiaugsmo ir malonumo.<\/p><p>Magi\u0161kas \u017eaislas, kuris sudomins kiekvien\u0105 vaik\u0105 ir \u012ftrauks j\u012f ilgoms valandoms.<\/p><p>Lengva laikyti.<\/p><p>Pasibaigus \u017eaidimams, tiesiog i\u0161pilkite vanden\u012f ir i\u0161p\u016bskite kilim\u0117l\u012f.<\/p><p>Sulankstytas kilim\u0117lis u\u017eima labai ma\u017eai vietos, tod\u0117l galite j\u012f pasiimti su savimi atostog\u0173 ar \u012f kelion\u0119 kartu su vaiku.<\/p><p>Vandens kilim\u0117lis bus puikus pagrindas j\u016bs\u0173 vaiko bendrojo lavinimo pratyboms.<\/p><p>Vaiko ir t\u0117v\u0173 pasitenkinimas garantuotas.<\/p><p>Puiki dovanos id\u0117ja, padedanti tinkamai vystytis bet kuriam ma\u017eyliui.<\/p><p>Privalumai:<\/p><p>Pagaminta i\u0161 patvaraus plastiko<br>Lengvas ir lengvai laikomas<br>\u017daisdami ant kilim\u0117lio palaikote teising\u0105 vaiko psichomotorin\u012f vystym\u0105si<br>Palaiko d\u0117mesio koncentracij\u0105<br>Skatina ger\u0105 raumen\u0173 vystym\u0105si<br>Kontrastingos spalvos patraukia k\u016bdikio d\u0117mes\u012f ir stimuliuoja regos poj\u016bt\u012f.<br>Padeda mokytis spalv\u0173 ir geometrini\u0173 form\u0173 pavadinim\u0173<br>Nepraleid\u017eia skys\u010dio<br>Didelis dydis<br>Fantasti\u0161ka dovana vaikui bet kokia proga<\/p><p>Matmenys (matuojant plok\u0161\u010diai): Dydis (65 x 50 cm)<\/p><p>Pakuot\u0117s matmenys: 20 cm x 20 cm<\/p>","protected":false},"excerpt":{"rendered":"<p>KONTRASTINIS VANDENS KILIM\u0116LIS \u0160ACHMAT\u0172 LENTA 65 CM X 50 CM Nuostabus jutiminis kilim\u0117lis k\u016bdikiams su kontrastingu juodos ir baltos spalv\u0173 ra\u0161tu.Kilim\u0117lio viduje i\u0161d\u0117stytos spalvingos geometrin\u0117s fig\u016bros, kurios juda, kai k\u016bdikis juda.Plaukiojantys elementai sudomins k\u016bdik\u012f ir sutelks jo d\u0117mes\u012f.Gul\u0117damas ant pilvuko ma\u017eylis lavins raumenis, atsakingus u\u017e taisykling\u0105 laikysen\u0105.Labai paprasta naudoti. Prip\u016bskite kilim\u0117lio kra\u0161tus oru, o centr\u0105 [&hellip;]<\/p>","protected":false},"featured_media":19390,"template":"","meta":{"iawp_total_views":101},"product_cat":[84,90,49,39],"product_tag":[95,94],"class_list":{"0":"post-19389","1":"product","2":"type-product","3":"status-publish","4":"has-post-thumbnail","6":"product_cat-lavinamieji-zaislai","7":"product_cat-pasaulio-pazinimas","8":"product_cat-visi-zaislai","9":"product_cat-zaislai","10":"product_tag-1-m-2-m","11":"product_tag-iki-1-m","13":"first","14":"instock","15":"taxable","16":"shipping-taxable","17":"purchasable","18":"product-type-simple"},"yoast_head":"<!-- This site is optimized with the Yoast SEO plugin v23.3 - https:\/\/yoast.com\/wordpress\/plugins\/seo\/ -->\n<title>Vandens kilim\u0117lis kvadratai - Montessori \u017eaislai<\/title>\n<meta name=\"robots\" content=\"noindex, follow, max-snippet:-1, max-image-preview:large, max-video-preview:-1\" \/>\n<meta property=\"og:locale\" content=\"en_US\" \/>\n<meta property=\"og:type\" content=\"article\" \/>\n<meta property=\"og:title\" content=\"Vandens kilim\u0117lis kvadratai - Montessori \u017eaislai\" \/>\n<meta property=\"og:description\" content=\"KONTRASTINIS VANDENS KILIM\u0116LIS \u0160ACHMAT\u0172 LENTA 65 CM X 50 CM Nuostabus jutiminis kilim\u0117lis k\u016bdikiams su kontrastingu juodos ir baltos spalv\u0173 ra\u0161tu.Kilim\u0117lio viduje i\u0161d\u0117stytos spalvingos geometrin\u0117s fig\u016bros, kurios juda, kai k\u016bdikis juda.Plaukiojantys elementai sudomins k\u016bdik\u012f ir sutelks jo d\u0117mes\u012f.Gul\u0117damas ant pilvuko ma\u017eylis lavins raumenis, atsakingus u\u017e taisykling\u0105 laikysen\u0105.Labai paprasta naudoti. Prip\u016bskite kilim\u0117lio kra\u0161tus oru, o centr\u0105 [&hellip;]\" \/>\n<meta property=\"og:url\" content=\"https:\/\/dev.monti.lt\/en\/product\/vandens-kilimelis-kvadratai\/\" \/>\n<meta property=\"og:site_name\" content=\"Montessori \u017eaislai\" \/>\n<meta property=\"article:modified_time\" content=\"2024-10-08T10:06:28+00:00\" \/>\n<meta property=\"og:image\" content=\"https:\/\/dev.monti.lt\/wp-content\/uploads\/2023\/11\/Mata-wodna-nadmuchiwana-czarno-biala-szachownica-65cm-x-50cm-811201.jpg\" \/>\n\t<meta property=\"og:image:width\" content=\"1600\" \/>\n\t<meta property=\"og:image:height\" content=\"1600\" \/>\n\t<meta property=\"og:image:type\" content=\"image\/jpeg\" \/>\n<meta name=\"twitter:card\" content=\"summary_large_image\" \/>\n<meta name=\"twitter:label1\" content=\"Est. reading time\" \/>\n\t<meta name=\"twitter:data1\" content=\"1 minute\" \/>\n<script type=\"application\/ld+json\" class=\"yoast-schema-graph\">{\"@context\":\"https:\/\/schema.org\",\"@graph\":[{\"@type\":\"WebPage\",\"@id\":\"https:\/\/dev.monti.lt\/product\/vandens-kilimelis-kvadratai\/\",\"url\":\"https:\/\/dev.monti.lt\/product\/vandens-kilimelis-kvadratai\/\",\"name\":\"Vandens kilim\u0117lis kvadratai - Montessori \u017eaislai\",\"isPartOf\":{\"@id\":\"https:\/\/dev.monti.lt\/#website\"},\"primaryImageOfPage\":{\"@id\":\"https:\/\/dev.monti.lt\/product\/vandens-kilimelis-kvadratai\/#primaryimage\"},\"image\":{\"@id\":\"https:\/\/dev.monti.lt\/product\/vandens-kilimelis-kvadratai\/#primaryimage\"},\"thumbnailUrl\":\"https:\/\/dev.monti.lt\/wp-content\/uploads\/2023\/11\/Mata-wodna-nadmuchiwana-czarno-biala-szachownica-65cm-x-50cm-811201.jpg\",\"datePublished\":\"2023-11-13T14:29:38+00:00\",\"dateModified\":\"2024-10-08T10:06:28+00:00\",\"breadcrumb\":{\"@id\":\"https:\/\/dev.monti.lt\/product\/vandens-kilimelis-kvadratai\/#breadcrumb\"},\"inLanguage\":\"en-US\",\"potentialAction\":[{\"@type\":\"ReadAction\",\"target\":[\"https:\/\/dev.monti.lt\/product\/vandens-kilimelis-kvadratai\/\"]}]},{\"@type\":\"ImageObject\",\"inLanguage\":\"en-US\",\"@id\":\"https:\/\/dev.monti.lt\/product\/vandens-kilimelis-kvadratai\/#primaryimage\",\"url\":\"https:\/\/dev.monti.lt\/wp-content\/uploads\/2023\/11\/Mata-wodna-nadmuchiwana-czarno-biala-szachownica-65cm-x-50cm-811201.jpg\",\"contentUrl\":\"https:\/\/dev.monti.lt\/wp-content\/uploads\/2023\/11\/Mata-wodna-nadmuchiwana-czarno-biala-szachownica-65cm-x-50cm-811201.jpg\",\"width\":1600,\"height\":1600,\"caption\":\"kontrastinis vandens kilimelis\"},{\"@type\":\"BreadcrumbList\",\"@id\":\"https:\/\/dev.monti.lt\/product\/vandens-kilimelis-kvadratai\/#breadcrumb\",\"itemListElement\":[{\"@type\":\"ListItem\",\"position\":1,\"name\":\"Home\",\"item\":\"https:\/\/dev.monti.lt\/\"},{\"@type\":\"ListItem\",\"position\":2,\"name\":\"Parduotuv\u0117\",\"item\":\"https:\/\/dev.monti.lt\/shop\/\"},{\"@type\":\"ListItem\",\"position\":3,\"name\":\"Vandens kilim\u0117lis kvadratai\"}]},{\"@type\":\"WebSite\",\"@id\":\"https:\/\/dev.monti.lt\/#website\",\"url\":\"https:\/\/dev.monti.lt\/\",\"name\":\"Montessori \u017eaislai\",\"description\":\"\",\"publisher\":{\"@id\":\"https:\/\/dev.monti.lt\/#organization\"},\"potentialAction\":[{\"@type\":\"SearchAction\",\"target\":{\"@type\":\"EntryPoint\",\"urlTemplate\":\"https:\/\/dev.monti.lt\/?s={search_term_string}\"},\"query-input\":\"required name=search_term_string\"}],\"inLanguage\":\"en-US\"},{\"@type\":\"Organization\",\"@id\":\"https:\/\/dev.monti.lt\/#organization\",\"name\":\"Montessori \u017eaislai\",\"url\":\"https:\/\/dev.monti.lt\/\",\"logo\":{\"@type\":\"ImageObject\",\"inLanguage\":\"en-US\",\"@id\":\"https:\/\/dev.monti.lt\/#\/schema\/logo\/image\/\",\"url\":\"https:\/\/dev.monti.lt\/wp-content\/uploads\/2022\/03\/montilogo-1.png\",\"contentUrl\":\"https:\/\/dev.monti.lt\/wp-content\/uploads\/2022\/03\/montilogo-1.png\",\"width\":512,\"height\":512,\"caption\":\"Montessori \u017eaislai\"},\"image\":{\"@id\":\"https:\/\/dev.monti.lt\/#\/schema\/logo\/image\/\"}}]}<\/script>\n<!-- \/ Yoast SEO plugin. -->","yoast_head_json":{"title":"Vandens kilim\u0117lis kvadratai - Montessori \u017eaislai","robots":{"index":"noindex","follow":"follow","max-snippet":"max-snippet:-1","max-image-preview":"max-image-preview:large","max-video-preview":"max-video-preview:-1"},"og_locale":"en_US","og_type":"article","og_title":"Vandens kilim\u0117lis kvadratai - Montessori \u017eaislai","og_description":"KONTRASTINIS VANDENS KILIM\u0116LIS \u0160ACHMAT\u0172 LENTA 65 CM X 50 CM Nuostabus jutiminis kilim\u0117lis k\u016bdikiams su kontrastingu juodos ir baltos spalv\u0173 ra\u0161tu.Kilim\u0117lio viduje i\u0161d\u0117stytos spalvingos geometrin\u0117s fig\u016bros, kurios juda, kai k\u016bdikis juda.Plaukiojantys elementai sudomins k\u016bdik\u012f ir sutelks jo d\u0117mes\u012f.Gul\u0117damas ant pilvuko ma\u017eylis lavins raumenis, atsakingus u\u017e taisykling\u0105 laikysen\u0105.Labai paprasta naudoti. Prip\u016bskite kilim\u0117lio kra\u0161tus oru, o centr\u0105 [&hellip;]","og_url":"https:\/\/dev.monti.lt\/en\/product\/vandens-kilimelis-kvadratai\/","og_site_name":"Montessori \u017eaislai","article_modified_time":"2024-10-08T10:06:28+00:00","og_image":[{"width":1600,"height":1600,"url":"https:\/\/dev.monti.lt\/wp-content\/uploads\/2023\/11\/Mata-wodna-nadmuchiwana-czarno-biala-szachownica-65cm-x-50cm-811201.jpg","type":"image\/jpeg"}],"twitter_card":"summary_large_image","twitter_misc":{"Est. reading time":"1 minute"},"schema":{"@context":"https:\/\/schema.org","@graph":[{"@type":"WebPage","@id":"https:\/\/dev.monti.lt\/product\/vandens-kilimelis-kvadratai\/","url":"https:\/\/dev.monti.lt\/product\/vandens-kilimelis-kvadratai\/","name":"Vandens kilim\u0117lis kvadratai - Montessori \u017eaislai","isPartOf":{"@id":"https:\/\/dev.monti.lt\/#website"},"primaryImageOfPage":{"@id":"https:\/\/dev.monti.lt\/product\/vandens-kilimelis-kvadratai\/#primaryimage"},"image":{"@id":"https:\/\/dev.monti.lt\/product\/vandens-kilimelis-kvadratai\/#primaryimage"},"thumbnailUrl":"https:\/\/dev.monti.lt\/wp-content\/uploads\/2023\/11\/Mata-wodna-nadmuchiwana-czarno-biala-szachownica-65cm-x-50cm-811201.jpg","datePublished":"2023-11-13T14:29:38+00:00","dateModified":"2024-10-08T10:06:28+00:00","breadcrumb":{"@id":"https:\/\/dev.monti.lt\/product\/vandens-kilimelis-kvadratai\/#breadcrumb"},"inLanguage":"en-US","potentialAction":[{"@type":"ReadAction","target":["https:\/\/dev.monti.lt\/product\/vandens-kilimelis-kvadratai\/"]}]},{"@type":"ImageObject","inLanguage":"en-US","@id":"https:\/\/dev.monti.lt\/product\/vandens-kilimelis-kvadratai\/#primaryimage","url":"https:\/\/dev.monti.lt\/wp-content\/uploads\/2023\/11\/Mata-wodna-nadmuchiwana-czarno-biala-szachownica-65cm-x-50cm-811201.jpg","contentUrl":"https:\/\/dev.monti.lt\/wp-content\/uploads\/2023\/11\/Mata-wodna-nadmuchiwana-czarno-biala-szachownica-65cm-x-50cm-811201.jpg","width":1600,"height":1600,"caption":"kontrastinis vandens kilimelis"},{"@type":"BreadcrumbList","@id":"https:\/\/dev.monti.lt\/product\/vandens-kilimelis-kvadratai\/#breadcrumb","itemListElement":[{"@type":"ListItem","position":1,"name":"Home","item":"https:\/\/dev.monti.lt\/"},{"@type":"ListItem","position":2,"name":"Parduotuv\u0117","item":"https:\/\/dev.monti.lt\/shop\/"},{"@type":"ListItem","position":3,"name":"Vandens kilim\u0117lis kvadratai"}]},{"@type":"WebSite","@id":"https:\/\/dev.monti.lt\/#website","url":"https:\/\/dev.monti.lt\/","name":"Montessori \u017eaislai","description":"","publisher":{"@id":"https:\/\/dev.monti.lt\/#organization"},"potentialAction":[{"@type":"SearchAction","target":{"@type":"EntryPoint","urlTemplate":"https:\/\/dev.monti.lt\/?s={search_term_string}"},"query-input":"required name=search_term_string"}],"inLanguage":"en-US"},{"@type":"Organization","@id":"https:\/\/dev.monti.lt\/#organization","name":"Montessori \u017eaislai","url":"https:\/\/dev.monti.lt\/","logo":{"@type":"ImageObject","inLanguage":"en-US","@id":"https:\/\/dev.monti.lt\/#\/schema\/logo\/image\/","url":"https:\/\/dev.monti.lt\/wp-content\/uploads\/2022\/03\/montilogo-1.png","contentUrl":"https:\/\/dev.monti.lt\/wp-content\/uploads\/2022\/03\/montilogo-1.png","width":512,"height":512,"caption":"Montessori \u017eaislai"},"image":{"@id":"https:\/\/dev.monti.lt\/#\/schema\/logo\/image\/"}}]}},"_links":{"self":[{"href":"https:\/\/dev.monti.lt\/en\/wp-json\/wp\/v2\/product\/19389"}],"collection":[{"href":"https:\/\/dev.monti.lt\/en\/wp-json\/wp\/v2\/product"}],"about":[{"href":"https:\/\/dev.monti.lt\/en\/wp-json\/wp\/v2\/types\/product"}],"version-history":[{"count":1,"href":"https:\/\/dev.monti.lt\/en\/wp-json\/wp\/v2\/product\/19389\/revisions"}],"predecessor-version":[{"id":19392,"href":"https:\/\/dev.monti.lt\/en\/wp-json\/wp\/v2\/product\/19389\/revisions\/19392"}],"wp:featuredmedia":[{"embeddable":true,"href":"https:\/\/dev.monti.lt\/en\/wp-json\/wp\/v2\/media\/19390"}],"wp:attachment":[{"href":"https:\/\/dev.monti.lt\/en\/wp-json\/wp\/v2\/media?parent=19389"}],"wp:term":[{"taxonomy":"product_cat","embeddable":true,"href":"https:\/\/dev.monti.lt\/en\/wp-json\/wp\/v2\/product_cat?post=19389"},{"taxonomy":"product_tag","embeddable":true,"href":"https:\/\/dev.monti.lt\/en\/wp-json\/wp\/v2\/product_tag?post=19389"}],"curies":[{"name":"wp","href":"https:\/\/api.w.org\/{rel}","templated":true}]}}