{"id":19385,"date":"2023-11-13T14:25:18","date_gmt":"2023-11-13T14:25:18","guid":{"rendered":"https:\/\/dev.monti.lt\/?post_type=product&#038;p=19385"},"modified":"2024-09-12T07:54:25","modified_gmt":"2024-09-12T07:54:25","slug":"popierius-mini-spausdintuvui","status":"publish","type":"product","link":"https:\/\/dev.monti.lt\/en\/product\/popierius-mini-spausdintuvui\/","title":{"rendered":"Popierius MINI spausdintuvui"},"content":{"rendered":"<p>Rinkinio turinys:<\/p><p>Terminio spausdintuvo kaset\u0117 x5<\/p><p>Matmenys:<\/p><p>Ritin\u0117lis: 5,7 cm x 4,5 m<br>Pakuot\u0117: 11,5 cm x 5,7 cm x 2,5 cm<\/p><p><\/p>","protected":false},"excerpt":{"rendered":"<p>Rinkinio turinys: Terminio spausdintuvo kaset\u0117 x5 Matmenys: Ritin\u0117lis: 5,7 cm x 4,5 mPakuot\u0117: 11,5 cm x 5,7 cm x 2,5 cm<\/p>","protected":false},"featured_media":19386,"template":"","meta":{"iawp_total_views":7},"product_cat":[49],"product_tag":[98],"class_list":{"0":"post-19385","1":"product","2":"type-product","3":"status-publish","4":"has-post-thumbnail","6":"product_cat-visi-zaislai","7":"product_tag-5-m-7-m","9":"first","10":"instock","11":"taxable","12":"shipping-taxable","13":"purchasable","14":"product-type-simple"},"yoast_head":"<!-- This site is optimized with the Yoast SEO plugin v23.3 - https:\/\/yoast.com\/wordpress\/plugins\/seo\/ -->\n<title>Popierius MINI spausdintuvui - Montessori \u017eaislai<\/title>\n<meta name=\"robots\" content=\"noindex, follow, max-snippet:-1, max-image-preview:large, max-video-preview:-1\" \/>\n<meta property=\"og:locale\" content=\"en_US\" \/>\n<meta property=\"og:type\" content=\"article\" \/>\n<meta property=\"og:title\" content=\"Popierius MINI spausdintuvui - Montessori \u017eaislai\" \/>\n<meta property=\"og:description\" content=\"Rinkinio turinys: Terminio spausdintuvo kaset\u0117 x5 Matmenys: Ritin\u0117lis: 5,7 cm x 4,5 mPakuot\u0117: 11,5 cm x 5,7 cm x 2,5 cm\" \/>\n<meta property=\"og:url\" content=\"https:\/\/dev.monti.lt\/en\/product\/popierius-mini-spausdintuvui\/\" \/>\n<meta property=\"og:site_name\" content=\"Montessori \u017eaislai\" \/>\n<meta property=\"article:modified_time\" content=\"2024-09-12T07:54:25+00:00\" \/>\n<meta property=\"og:image\" content=\"https:\/\/dev.monti.lt\/wp-content\/uploads\/2023\/11\/Rolki-papier-wklad-termiczny-do-mini-drukarki-5-7cmx4-5m-5-sztuk-141783.jpg\" \/>\n\t<meta property=\"og:image:width\" content=\"1024\" \/>\n\t<meta property=\"og:image:height\" content=\"1024\" \/>\n\t<meta property=\"og:image:type\" content=\"image\/jpeg\" \/>\n<meta name=\"twitter:card\" content=\"summary_large_image\" \/>\n<meta name=\"twitter:label1\" content=\"Est. reading time\" \/>\n\t<meta name=\"twitter:data1\" content=\"1 minute\" \/>\n<script type=\"application\/ld+json\" class=\"yoast-schema-graph\">{\"@context\":\"https:\/\/schema.org\",\"@graph\":[{\"@type\":\"WebPage\",\"@id\":\"https:\/\/dev.monti.lt\/product\/popierius-mini-spausdintuvui\/\",\"url\":\"https:\/\/dev.monti.lt\/product\/popierius-mini-spausdintuvui\/\",\"name\":\"Popierius MINI spausdintuvui - Montessori \u017eaislai\",\"isPartOf\":{\"@id\":\"https:\/\/dev.monti.lt\/#website\"},\"primaryImageOfPage\":{\"@id\":\"https:\/\/dev.monti.lt\/product\/popierius-mini-spausdintuvui\/#primaryimage\"},\"image\":{\"@id\":\"https:\/\/dev.monti.lt\/product\/popierius-mini-spausdintuvui\/#primaryimage\"},\"thumbnailUrl\":\"https:\/\/dev.monti.lt\/wp-content\/uploads\/2023\/11\/Rolki-papier-wklad-termiczny-do-mini-drukarki-5-7cmx4-5m-5-sztuk-141783.jpg\",\"datePublished\":\"2023-11-13T14:25:18+00:00\",\"dateModified\":\"2024-09-12T07:54:25+00:00\",\"breadcrumb\":{\"@id\":\"https:\/\/dev.monti.lt\/product\/popierius-mini-spausdintuvui\/#breadcrumb\"},\"inLanguage\":\"en-US\",\"potentialAction\":[{\"@type\":\"ReadAction\",\"target\":[\"https:\/\/dev.monti.lt\/product\/popierius-mini-spausdintuvui\/\"]}]},{\"@type\":\"ImageObject\",\"inLanguage\":\"en-US\",\"@id\":\"https:\/\/dev.monti.lt\/product\/popierius-mini-spausdintuvui\/#primaryimage\",\"url\":\"https:\/\/dev.monti.lt\/wp-content\/uploads\/2023\/11\/Rolki-papier-wklad-termiczny-do-mini-drukarki-5-7cmx4-5m-5-sztuk-141783.jpg\",\"contentUrl\":\"https:\/\/dev.monti.lt\/wp-content\/uploads\/2023\/11\/Rolki-papier-wklad-termiczny-do-mini-drukarki-5-7cmx4-5m-5-sztuk-141783.jpg\",\"width\":1024,\"height\":1024,\"caption\":\"popierius mini spausdintuvui\"},{\"@type\":\"BreadcrumbList\",\"@id\":\"https:\/\/dev.monti.lt\/product\/popierius-mini-spausdintuvui\/#breadcrumb\",\"itemListElement\":[{\"@type\":\"ListItem\",\"position\":1,\"name\":\"Home\",\"item\":\"https:\/\/dev.monti.lt\/\"},{\"@type\":\"ListItem\",\"position\":2,\"name\":\"Parduotuv\u0117\",\"item\":\"https:\/\/dev.monti.lt\/shop\/\"},{\"@type\":\"ListItem\",\"position\":3,\"name\":\"Popierius MINI spausdintuvui\"}]},{\"@type\":\"WebSite\",\"@id\":\"https:\/\/dev.monti.lt\/#website\",\"url\":\"https:\/\/dev.monti.lt\/\",\"name\":\"Montessori \u017eaislai\",\"description\":\"\",\"publisher\":{\"@id\":\"https:\/\/dev.monti.lt\/#organization\"},\"potentialAction\":[{\"@type\":\"SearchAction\",\"target\":{\"@type\":\"EntryPoint\",\"urlTemplate\":\"https:\/\/dev.monti.lt\/?s={search_term_string}\"},\"query-input\":\"required name=search_term_string\"}],\"inLanguage\":\"en-US\"},{\"@type\":\"Organization\",\"@id\":\"https:\/\/dev.monti.lt\/#organization\",\"name\":\"Montessori \u017eaislai\",\"url\":\"https:\/\/dev.monti.lt\/\",\"logo\":{\"@type\":\"ImageObject\",\"inLanguage\":\"en-US\",\"@id\":\"https:\/\/dev.monti.lt\/#\/schema\/logo\/image\/\",\"url\":\"https:\/\/dev.monti.lt\/wp-content\/uploads\/2022\/03\/montilogo-1.png\",\"contentUrl\":\"https:\/\/dev.monti.lt\/wp-content\/uploads\/2022\/03\/montilogo-1.png\",\"width\":512,\"height\":512,\"caption\":\"Montessori \u017eaislai\"},\"image\":{\"@id\":\"https:\/\/dev.monti.lt\/#\/schema\/logo\/image\/\"}}]}<\/script>\n<!-- \/ Yoast SEO plugin. -->","yoast_head_json":{"title":"Popierius MINI spausdintuvui - Montessori \u017eaislai","robots":{"index":"noindex","follow":"follow","max-snippet":"max-snippet:-1","max-image-preview":"max-image-preview:large","max-video-preview":"max-video-preview:-1"},"og_locale":"en_US","og_type":"article","og_title":"Popierius MINI spausdintuvui - Montessori \u017eaislai","og_description":"Rinkinio turinys: Terminio spausdintuvo kaset\u0117 x5 Matmenys: Ritin\u0117lis: 5,7 cm x 4,5 mPakuot\u0117: 11,5 cm x 5,7 cm x 2,5 cm","og_url":"https:\/\/dev.monti.lt\/en\/product\/popierius-mini-spausdintuvui\/","og_site_name":"Montessori \u017eaislai","article_modified_time":"2024-09-12T07:54:25+00:00","og_image":[{"width":1024,"height":1024,"url":"https:\/\/dev.monti.lt\/wp-content\/uploads\/2023\/11\/Rolki-papier-wklad-termiczny-do-mini-drukarki-5-7cmx4-5m-5-sztuk-141783.jpg","type":"image\/jpeg"}],"twitter_card":"summary_large_image","twitter_misc":{"Est. reading time":"1 minute"},"schema":{"@context":"https:\/\/schema.org","@graph":[{"@type":"WebPage","@id":"https:\/\/dev.monti.lt\/product\/popierius-mini-spausdintuvui\/","url":"https:\/\/dev.monti.lt\/product\/popierius-mini-spausdintuvui\/","name":"Popierius MINI spausdintuvui - Montessori \u017eaislai","isPartOf":{"@id":"https:\/\/dev.monti.lt\/#website"},"primaryImageOfPage":{"@id":"https:\/\/dev.monti.lt\/product\/popierius-mini-spausdintuvui\/#primaryimage"},"image":{"@id":"https:\/\/dev.monti.lt\/product\/popierius-mini-spausdintuvui\/#primaryimage"},"thumbnailUrl":"https:\/\/dev.monti.lt\/wp-content\/uploads\/2023\/11\/Rolki-papier-wklad-termiczny-do-mini-drukarki-5-7cmx4-5m-5-sztuk-141783.jpg","datePublished":"2023-11-13T14:25:18+00:00","dateModified":"2024-09-12T07:54:25+00:00","breadcrumb":{"@id":"https:\/\/dev.monti.lt\/product\/popierius-mini-spausdintuvui\/#breadcrumb"},"inLanguage":"en-US","potentialAction":[{"@type":"ReadAction","target":["https:\/\/dev.monti.lt\/product\/popierius-mini-spausdintuvui\/"]}]},{"@type":"ImageObject","inLanguage":"en-US","@id":"https:\/\/dev.monti.lt\/product\/popierius-mini-spausdintuvui\/#primaryimage","url":"https:\/\/dev.monti.lt\/wp-content\/uploads\/2023\/11\/Rolki-papier-wklad-termiczny-do-mini-drukarki-5-7cmx4-5m-5-sztuk-141783.jpg","contentUrl":"https:\/\/dev.monti.lt\/wp-content\/uploads\/2023\/11\/Rolki-papier-wklad-termiczny-do-mini-drukarki-5-7cmx4-5m-5-sztuk-141783.jpg","width":1024,"height":1024,"caption":"popierius mini spausdintuvui"},{"@type":"BreadcrumbList","@id":"https:\/\/dev.monti.lt\/product\/popierius-mini-spausdintuvui\/#breadcrumb","itemListElement":[{"@type":"ListItem","position":1,"name":"Home","item":"https:\/\/dev.monti.lt\/"},{"@type":"ListItem","position":2,"name":"Parduotuv\u0117","item":"https:\/\/dev.monti.lt\/shop\/"},{"@type":"ListItem","position":3,"name":"Popierius MINI spausdintuvui"}]},{"@type":"WebSite","@id":"https:\/\/dev.monti.lt\/#website","url":"https:\/\/dev.monti.lt\/","name":"Montessori \u017eaislai","description":"","publisher":{"@id":"https:\/\/dev.monti.lt\/#organization"},"potentialAction":[{"@type":"SearchAction","target":{"@type":"EntryPoint","urlTemplate":"https:\/\/dev.monti.lt\/?s={search_term_string}"},"query-input":"required name=search_term_string"}],"inLanguage":"en-US"},{"@type":"Organization","@id":"https:\/\/dev.monti.lt\/#organization","name":"Montessori \u017eaislai","url":"https:\/\/dev.monti.lt\/","logo":{"@type":"ImageObject","inLanguage":"en-US","@id":"https:\/\/dev.monti.lt\/#\/schema\/logo\/image\/","url":"https:\/\/dev.monti.lt\/wp-content\/uploads\/2022\/03\/montilogo-1.png","contentUrl":"https:\/\/dev.monti.lt\/wp-content\/uploads\/2022\/03\/montilogo-1.png","width":512,"height":512,"caption":"Montessori \u017eaislai"},"image":{"@id":"https:\/\/dev.monti.lt\/#\/schema\/logo\/image\/"}}]}},"_links":{"self":[{"href":"https:\/\/dev.monti.lt\/en\/wp-json\/wp\/v2\/product\/19385"}],"collection":[{"href":"https:\/\/dev.monti.lt\/en\/wp-json\/wp\/v2\/product"}],"about":[{"href":"https:\/\/dev.monti.lt\/en\/wp-json\/wp\/v2\/types\/product"}],"version-history":[{"count":1,"href":"https:\/\/dev.monti.lt\/en\/wp-json\/wp\/v2\/product\/19385\/revisions"}],"predecessor-version":[{"id":19388,"href":"https:\/\/dev.monti.lt\/en\/wp-json\/wp\/v2\/product\/19385\/revisions\/19388"}],"wp:featuredmedia":[{"embeddable":true,"href":"https:\/\/dev.monti.lt\/en\/wp-json\/wp\/v2\/media\/19386"}],"wp:attachment":[{"href":"https:\/\/dev.monti.lt\/en\/wp-json\/wp\/v2\/media?parent=19385"}],"wp:term":[{"taxonomy":"product_cat","embeddable":true,"href":"https:\/\/dev.monti.lt\/en\/wp-json\/wp\/v2\/product_cat?post=19385"},{"taxonomy":"product_tag","embeddable":true,"href":"https:\/\/dev.monti.lt\/en\/wp-json\/wp\/v2\/product_tag?post=19385"}],"curies":[{"name":"wp","href":"https:\/\/api.w.org\/{rel}","templated":true}]}}