{"id":19376,"date":"2023-11-13T14:21:53","date_gmt":"2023-11-13T14:21:53","guid":{"rendered":"https:\/\/dev.monti.lt\/?post_type=product&#038;p=19376"},"modified":"2024-03-04T13:58:27","modified_gmt":"2024-03-04T13:58:27","slug":"nesiojamas-mini-spausdintuvas-melynas","status":"publish","type":"product","link":"https:\/\/dev.monti.lt\/en\/product\/nesiojamas-mini-spausdintuvas-melynas\/","title":{"rendered":"Ne\u0161iojamas MINI spausdintuvas M\u0117lynas"},"content":{"rendered":"<p>Mobilus mini terminis spausdintuvas:<\/p><p>Leid\u017eia spausdinti nuotraukas ir daug k\u0105, ko tik norite, bet kur!<br>Nereikia ra\u0161alo!<br>Pridedamas terminio popieriaus ritin\u0117lis!<br>Atrodo kaip \u017eavinga kat\u0117!<\/p><p>Rinkinio turinys:<\/p><p>Mini terminis spausdintuvas<br>popieriaus ritin\u0117lis<br>USB laidas<\/p><p>Technin\u0117s specifikacijos:<\/p><p>Maitinimo \u0161altinis: \u012fmontuotas 1000 mAh 7,4 V akumuliatorius<br>\u012ekrovimo \u012ftampa: 5 V<br>Spausdinimo tipas: terminis<\/p><p>I\u0161matavimai:<\/p><p>Spausdintuvas: 8 cm x 10 cm x 4 cm<br>USB kabelis: 51 cm<br>Pakuot\u0117: 12 cm x 9 cm x 4,7 cm<\/p><p>Ma\u017easis spausdintuvas ne tik leis patogiai ir greitai sudaryti pirkini\u0173 ir u\u017eduo\u010di\u0173 s\u0105ra\u0161us ar pasira\u0161yti ant virtuv\u0117s ind\u0173!<\/p><p>Ki\u0161eniniam mini spausdintuvui nereikia ra\u0161alo, tereikia pasir\u016bpinti specialiu terminiu popieriumi! Spausdintuve naudojamas terminis spausdinimas, kuris yra pigesnis nei reikalaujantis brangaus ra\u0161alo!<\/p><p>Tereikia atsisi\u0173sti mobili\u0105j\u0105 spausdinimo program\u0117l\u0119 ir prijungti j\u0105 prie telefono!<\/p><p>Vertas mobiliojo spausdintuvo pirkinys!<\/p><p>Gaminys supakuotas \u012f kartonin\u0119 d\u0117\u017eut\u0119.<\/p>","protected":false},"excerpt":{"rendered":"<p>Mobilus mini terminis spausdintuvas: Leid\u017eia spausdinti nuotraukas ir daug k\u0105, ko tik norite, bet kur!Nereikia ra\u0161alo!Pridedamas terminio popieriaus ritin\u0117lis!Atrodo kaip \u017eavinga kat\u0117! Rinkinio turinys: Mini terminis spausdintuvaspopieriaus ritin\u0117lisUSB laidas Technin\u0117s specifikacijos: Maitinimo \u0161altinis: \u012fmontuotas 1000 mAh 7,4 V akumuliatorius\u012ekrovimo \u012ftampa: 5 VSpausdinimo tipas: terminis I\u0161matavimai: Spausdintuvas: 8 cm x 10 cm x 4 cmUSB kabelis: [&hellip;]<\/p>","protected":false},"featured_media":19377,"template":"","meta":{"iawp_total_views":24},"product_cat":[217,197,191,50,49,39,215,201],"product_tag":[101,98,99,100],"class_list":{"0":"post-19376","1":"product","2":"type-product","3":"status-publish","4":"has-post-thumbnail","6":"product_cat-dovanos-5-7-metu-vaikams","7":"product_cat-dovanos-berniukams","8":"product_cat-dovanos-vaikams","9":"product_cat-top-dovanos","10":"product_cat-visi-zaislai","11":"product_cat-zaislai","12":"product_cat-zaislai-berniukams","13":"product_cat-zaislai-kelioneje","14":"product_tag-12-m-14-m","15":"product_tag-5-m-7-m","16":"product_tag-8-m-11-m","17":"product_tag-15-m","19":"first","20":"instock","21":"sale","22":"taxable","23":"shipping-taxable","24":"purchasable","25":"product-type-simple"},"yoast_head":"<!-- This site is optimized with the Yoast SEO plugin v23.3 - https:\/\/yoast.com\/wordpress\/plugins\/seo\/ -->\n<title>Ne\u0161iojamas MINI spausdintuvas M\u0117lynas - Montessori \u017eaislai<\/title>\n<meta name=\"robots\" content=\"noindex, follow, max-snippet:-1, max-image-preview:large, max-video-preview:-1\" \/>\n<meta property=\"og:locale\" content=\"en_US\" \/>\n<meta property=\"og:type\" content=\"article\" \/>\n<meta property=\"og:title\" content=\"Ne\u0161iojamas MINI spausdintuvas M\u0117lynas - Montessori \u017eaislai\" \/>\n<meta property=\"og:description\" content=\"Mobilus mini terminis spausdintuvas: Leid\u017eia spausdinti nuotraukas ir daug k\u0105, ko tik norite, bet kur!Nereikia ra\u0161alo!Pridedamas terminio popieriaus ritin\u0117lis!Atrodo kaip \u017eavinga kat\u0117! Rinkinio turinys: Mini terminis spausdintuvaspopieriaus ritin\u0117lisUSB laidas Technin\u0117s specifikacijos: Maitinimo \u0161altinis: \u012fmontuotas 1000 mAh 7,4 V akumuliatorius\u012ekrovimo \u012ftampa: 5 VSpausdinimo tipas: terminis I\u0161matavimai: Spausdintuvas: 8 cm x 10 cm x 4 cmUSB kabelis: [&hellip;]\" \/>\n<meta property=\"og:url\" content=\"https:\/\/dev.monti.lt\/en\/product\/nesiojamas-mini-spausdintuvas-melynas\/\" \/>\n<meta property=\"og:site_name\" content=\"Montessori \u017eaislai\" \/>\n<meta property=\"article:modified_time\" content=\"2024-03-04T13:58:27+00:00\" \/>\n<meta property=\"og:image\" content=\"https:\/\/dev.monti.lt\/wp-content\/uploads\/2023\/11\/Drukarka-mini-termiczna-do-zdjec-etykiet-kabel-USB-kot-niebieski-141796.jpg\" \/>\n\t<meta property=\"og:image:width\" content=\"1024\" \/>\n\t<meta property=\"og:image:height\" content=\"1024\" \/>\n\t<meta property=\"og:image:type\" content=\"image\/jpeg\" \/>\n<meta name=\"twitter:card\" content=\"summary_large_image\" \/>\n<meta name=\"twitter:label1\" content=\"Est. reading time\" \/>\n\t<meta name=\"twitter:data1\" content=\"1 minute\" \/>\n<script type=\"application\/ld+json\" class=\"yoast-schema-graph\">{\"@context\":\"https:\/\/schema.org\",\"@graph\":[{\"@type\":\"WebPage\",\"@id\":\"https:\/\/dev.monti.lt\/product\/nesiojamas-mini-spausdintuvas-melynas\/\",\"url\":\"https:\/\/dev.monti.lt\/product\/nesiojamas-mini-spausdintuvas-melynas\/\",\"name\":\"Ne\u0161iojamas MINI spausdintuvas M\u0117lynas - Montessori \u017eaislai\",\"isPartOf\":{\"@id\":\"https:\/\/dev.monti.lt\/#website\"},\"primaryImageOfPage\":{\"@id\":\"https:\/\/dev.monti.lt\/product\/nesiojamas-mini-spausdintuvas-melynas\/#primaryimage\"},\"image\":{\"@id\":\"https:\/\/dev.monti.lt\/product\/nesiojamas-mini-spausdintuvas-melynas\/#primaryimage\"},\"thumbnailUrl\":\"https:\/\/dev.monti.lt\/wp-content\/uploads\/2023\/11\/Drukarka-mini-termiczna-do-zdjec-etykiet-kabel-USB-kot-niebieski-141796.jpg\",\"datePublished\":\"2023-11-13T14:21:53+00:00\",\"dateModified\":\"2024-03-04T13:58:27+00:00\",\"breadcrumb\":{\"@id\":\"https:\/\/dev.monti.lt\/product\/nesiojamas-mini-spausdintuvas-melynas\/#breadcrumb\"},\"inLanguage\":\"en-US\",\"potentialAction\":[{\"@type\":\"ReadAction\",\"target\":[\"https:\/\/dev.monti.lt\/product\/nesiojamas-mini-spausdintuvas-melynas\/\"]}]},{\"@type\":\"ImageObject\",\"inLanguage\":\"en-US\",\"@id\":\"https:\/\/dev.monti.lt\/product\/nesiojamas-mini-spausdintuvas-melynas\/#primaryimage\",\"url\":\"https:\/\/dev.monti.lt\/wp-content\/uploads\/2023\/11\/Drukarka-mini-termiczna-do-zdjec-etykiet-kabel-USB-kot-niebieski-141796.jpg\",\"contentUrl\":\"https:\/\/dev.monti.lt\/wp-content\/uploads\/2023\/11\/Drukarka-mini-termiczna-do-zdjec-etykiet-kabel-USB-kot-niebieski-141796.jpg\",\"width\":1024,\"height\":1024,\"caption\":\"nesiojamas spausdintuvas\"},{\"@type\":\"BreadcrumbList\",\"@id\":\"https:\/\/dev.monti.lt\/product\/nesiojamas-mini-spausdintuvas-melynas\/#breadcrumb\",\"itemListElement\":[{\"@type\":\"ListItem\",\"position\":1,\"name\":\"Home\",\"item\":\"https:\/\/dev.monti.lt\/\"},{\"@type\":\"ListItem\",\"position\":2,\"name\":\"Parduotuv\u0117\",\"item\":\"https:\/\/dev.monti.lt\/shop\/\"},{\"@type\":\"ListItem\",\"position\":3,\"name\":\"Ne\u0161iojamas MINI spausdintuvas M\u0117lynas\"}]},{\"@type\":\"WebSite\",\"@id\":\"https:\/\/dev.monti.lt\/#website\",\"url\":\"https:\/\/dev.monti.lt\/\",\"name\":\"Montessori \u017eaislai\",\"description\":\"\",\"publisher\":{\"@id\":\"https:\/\/dev.monti.lt\/#organization\"},\"potentialAction\":[{\"@type\":\"SearchAction\",\"target\":{\"@type\":\"EntryPoint\",\"urlTemplate\":\"https:\/\/dev.monti.lt\/?s={search_term_string}\"},\"query-input\":\"required name=search_term_string\"}],\"inLanguage\":\"en-US\"},{\"@type\":\"Organization\",\"@id\":\"https:\/\/dev.monti.lt\/#organization\",\"name\":\"Montessori \u017eaislai\",\"url\":\"https:\/\/dev.monti.lt\/\",\"logo\":{\"@type\":\"ImageObject\",\"inLanguage\":\"en-US\",\"@id\":\"https:\/\/dev.monti.lt\/#\/schema\/logo\/image\/\",\"url\":\"https:\/\/dev.monti.lt\/wp-content\/uploads\/2022\/03\/montilogo-1.png\",\"contentUrl\":\"https:\/\/dev.monti.lt\/wp-content\/uploads\/2022\/03\/montilogo-1.png\",\"width\":512,\"height\":512,\"caption\":\"Montessori \u017eaislai\"},\"image\":{\"@id\":\"https:\/\/dev.monti.lt\/#\/schema\/logo\/image\/\"}}]}<\/script>\n<!-- \/ Yoast SEO plugin. -->","yoast_head_json":{"title":"Ne\u0161iojamas MINI spausdintuvas M\u0117lynas - Montessori \u017eaislai","robots":{"index":"noindex","follow":"follow","max-snippet":"max-snippet:-1","max-image-preview":"max-image-preview:large","max-video-preview":"max-video-preview:-1"},"og_locale":"en_US","og_type":"article","og_title":"Ne\u0161iojamas MINI spausdintuvas M\u0117lynas - Montessori \u017eaislai","og_description":"Mobilus mini terminis spausdintuvas: Leid\u017eia spausdinti nuotraukas ir daug k\u0105, ko tik norite, bet kur!Nereikia ra\u0161alo!Pridedamas terminio popieriaus ritin\u0117lis!Atrodo kaip \u017eavinga kat\u0117! Rinkinio turinys: Mini terminis spausdintuvaspopieriaus ritin\u0117lisUSB laidas Technin\u0117s specifikacijos: Maitinimo \u0161altinis: \u012fmontuotas 1000 mAh 7,4 V akumuliatorius\u012ekrovimo \u012ftampa: 5 VSpausdinimo tipas: terminis I\u0161matavimai: Spausdintuvas: 8 cm x 10 cm x 4 cmUSB kabelis: [&hellip;]","og_url":"https:\/\/dev.monti.lt\/en\/product\/nesiojamas-mini-spausdintuvas-melynas\/","og_site_name":"Montessori \u017eaislai","article_modified_time":"2024-03-04T13:58:27+00:00","og_image":[{"width":1024,"height":1024,"url":"https:\/\/dev.monti.lt\/wp-content\/uploads\/2023\/11\/Drukarka-mini-termiczna-do-zdjec-etykiet-kabel-USB-kot-niebieski-141796.jpg","type":"image\/jpeg"}],"twitter_card":"summary_large_image","twitter_misc":{"Est. reading time":"1 minute"},"schema":{"@context":"https:\/\/schema.org","@graph":[{"@type":"WebPage","@id":"https:\/\/dev.monti.lt\/product\/nesiojamas-mini-spausdintuvas-melynas\/","url":"https:\/\/dev.monti.lt\/product\/nesiojamas-mini-spausdintuvas-melynas\/","name":"Ne\u0161iojamas MINI spausdintuvas M\u0117lynas - Montessori \u017eaislai","isPartOf":{"@id":"https:\/\/dev.monti.lt\/#website"},"primaryImageOfPage":{"@id":"https:\/\/dev.monti.lt\/product\/nesiojamas-mini-spausdintuvas-melynas\/#primaryimage"},"image":{"@id":"https:\/\/dev.monti.lt\/product\/nesiojamas-mini-spausdintuvas-melynas\/#primaryimage"},"thumbnailUrl":"https:\/\/dev.monti.lt\/wp-content\/uploads\/2023\/11\/Drukarka-mini-termiczna-do-zdjec-etykiet-kabel-USB-kot-niebieski-141796.jpg","datePublished":"2023-11-13T14:21:53+00:00","dateModified":"2024-03-04T13:58:27+00:00","breadcrumb":{"@id":"https:\/\/dev.monti.lt\/product\/nesiojamas-mini-spausdintuvas-melynas\/#breadcrumb"},"inLanguage":"en-US","potentialAction":[{"@type":"ReadAction","target":["https:\/\/dev.monti.lt\/product\/nesiojamas-mini-spausdintuvas-melynas\/"]}]},{"@type":"ImageObject","inLanguage":"en-US","@id":"https:\/\/dev.monti.lt\/product\/nesiojamas-mini-spausdintuvas-melynas\/#primaryimage","url":"https:\/\/dev.monti.lt\/wp-content\/uploads\/2023\/11\/Drukarka-mini-termiczna-do-zdjec-etykiet-kabel-USB-kot-niebieski-141796.jpg","contentUrl":"https:\/\/dev.monti.lt\/wp-content\/uploads\/2023\/11\/Drukarka-mini-termiczna-do-zdjec-etykiet-kabel-USB-kot-niebieski-141796.jpg","width":1024,"height":1024,"caption":"nesiojamas spausdintuvas"},{"@type":"BreadcrumbList","@id":"https:\/\/dev.monti.lt\/product\/nesiojamas-mini-spausdintuvas-melynas\/#breadcrumb","itemListElement":[{"@type":"ListItem","position":1,"name":"Home","item":"https:\/\/dev.monti.lt\/"},{"@type":"ListItem","position":2,"name":"Parduotuv\u0117","item":"https:\/\/dev.monti.lt\/shop\/"},{"@type":"ListItem","position":3,"name":"Ne\u0161iojamas MINI spausdintuvas M\u0117lynas"}]},{"@type":"WebSite","@id":"https:\/\/dev.monti.lt\/#website","url":"https:\/\/dev.monti.lt\/","name":"Montessori \u017eaislai","description":"","publisher":{"@id":"https:\/\/dev.monti.lt\/#organization"},"potentialAction":[{"@type":"SearchAction","target":{"@type":"EntryPoint","urlTemplate":"https:\/\/dev.monti.lt\/?s={search_term_string}"},"query-input":"required name=search_term_string"}],"inLanguage":"en-US"},{"@type":"Organization","@id":"https:\/\/dev.monti.lt\/#organization","name":"Montessori \u017eaislai","url":"https:\/\/dev.monti.lt\/","logo":{"@type":"ImageObject","inLanguage":"en-US","@id":"https:\/\/dev.monti.lt\/#\/schema\/logo\/image\/","url":"https:\/\/dev.monti.lt\/wp-content\/uploads\/2022\/03\/montilogo-1.png","contentUrl":"https:\/\/dev.monti.lt\/wp-content\/uploads\/2022\/03\/montilogo-1.png","width":512,"height":512,"caption":"Montessori \u017eaislai"},"image":{"@id":"https:\/\/dev.monti.lt\/#\/schema\/logo\/image\/"}}]}},"_links":{"self":[{"href":"https:\/\/dev.monti.lt\/en\/wp-json\/wp\/v2\/product\/19376"}],"collection":[{"href":"https:\/\/dev.monti.lt\/en\/wp-json\/wp\/v2\/product"}],"about":[{"href":"https:\/\/dev.monti.lt\/en\/wp-json\/wp\/v2\/types\/product"}],"version-history":[{"count":1,"href":"https:\/\/dev.monti.lt\/en\/wp-json\/wp\/v2\/product\/19376\/revisions"}],"predecessor-version":[{"id":19384,"href":"https:\/\/dev.monti.lt\/en\/wp-json\/wp\/v2\/product\/19376\/revisions\/19384"}],"wp:featuredmedia":[{"embeddable":true,"href":"https:\/\/dev.monti.lt\/en\/wp-json\/wp\/v2\/media\/19377"}],"wp:attachment":[{"href":"https:\/\/dev.monti.lt\/en\/wp-json\/wp\/v2\/media?parent=19376"}],"wp:term":[{"taxonomy":"product_cat","embeddable":true,"href":"https:\/\/dev.monti.lt\/en\/wp-json\/wp\/v2\/product_cat?post=19376"},{"taxonomy":"product_tag","embeddable":true,"href":"https:\/\/dev.monti.lt\/en\/wp-json\/wp\/v2\/product_tag?post=19376"}],"curies":[{"name":"wp","href":"https:\/\/api.w.org\/{rel}","templated":true}]}}