{"id":19353,"date":"2023-11-13T14:13:58","date_gmt":"2023-11-13T14:13:58","guid":{"rendered":"https:\/\/dev.monti.lt\/?post_type=product&#038;p=19353"},"modified":"2024-09-16T13:20:41","modified_gmt":"2024-09-16T13:20:41","slug":"stumiama-masinele-su-garsu-ir-sviesomis","status":"publish","type":"product","link":"https:\/\/dev.monti.lt\/en\/product\/stumiama-masinele-su-garsu-ir-sviesomis\/","title":{"rendered":"Stumiama ma\u0161in\u0117l\u0117 su garsu ir \u0161viesomis"},"content":{"rendered":"<p>STUMDOMAS VA\u017dIUOJANTIS AUTOMOBILIS SU GARSU IR \u0160VIESOMIS M\u0116LYNAS<br>Vairuotojas:<\/p><p>puikiai tiks kaip \u017eaislas visiems vaikams nuo 3 iki 6 met\u0173!<br>Jis turi patogi\u0105 ranken\u0105 stumti!<br>Jame \u012frengti \u012fdom\u016bs \u0161viesos ir garso efektai, suteikiantys tikrovi\u0161kumo!<\/p><p>Technin\u0117s specifikacijos:<\/p><p>Med\u017eiaga: plastikas<br>Am\u017eius: 3-6 metai<br>Did\u017eiausia apkrova 30 kg<br>Spalva: m\u0117lyna<\/p><p>Spalva: m\u0117lyna:<\/p><p>Dydis: 65 cm x 28 cm x 38,5 cm.<br>Rat\u0173 skersmuo: 12 cm<br>Atlo\u0161o auk\u0161tis: Atlo\u0161o ilgis: 15,5 cm<br>Pakuot\u0117: 66 cm x 29 cm x 27 cm<\/p><p>\u012edomaus dizaino, primenan\u010dio sportin\u012f automobil\u012f, va\u017eiuokl\u0117 neabejotinai patrauks j\u016bs\u0173 ma\u017eylio d\u0117mes\u012f!<\/p><p>Jis pravers ir \u017eaid\u017eiant namuose, ir einant pasivaik\u0161\u010dioti \u012f lauk\u0105!<\/p><p>Lengva konstrukcija yra didelis privalumas tiek vaikui, tiek t\u0117vams! D\u0117l to va\u017eiuokl\u0119 lengviau valdyti ir ne\u0161ti!<\/p><p>Ilga ir patogi rankena leis lengvai stumti raitel\u012f.<\/p><p>D\u0117l patogios atlo\u0161o atramos j\u016bs\u0173 ma\u017eyliui bus patogu net ir ilgai \u017eaid\u017eiant!<\/p><p>Gaminys supakuotas \u012f kartonin\u0119 d\u0117\u017eut\u0119.<\/p>","protected":false},"excerpt":{"rendered":"<p>STUMDOMAS VA\u017dIUOJANTIS AUTOMOBILIS SU GARSU IR \u0160VIESOMIS M\u0116LYNASVairuotojas: puikiai tiks kaip \u017eaislas visiems vaikams nuo 3 iki 6 met\u0173!Jis turi patogi\u0105 ranken\u0105 stumti!Jame \u012frengti \u012fdom\u016bs \u0161viesos ir garso efektai, suteikiantys tikrovi\u0161kumo! Technin\u0117s specifikacijos: Med\u017eiaga: plastikasAm\u017eius: 3-6 metaiDid\u017eiausia apkrova 30 kgSpalva: m\u0117lyna Spalva: m\u0117lyna: Dydis: 65 cm x 28 cm x 38,5 cm.Rat\u0173 skersmuo: 12 cmAtlo\u0161o [&hellip;]<\/p>","protected":false},"featured_media":19354,"template":"","meta":{"iawp_total_views":52},"product_cat":[197,192,84,90,50,93,49,39,215],"product_tag":[95,96,97],"class_list":{"0":"post-19353","1":"product","2":"type-product","3":"status-publish","4":"has-post-thumbnail","6":"product_cat-dovanos-berniukams","7":"product_cat-kaledines-dovanos-vaikams","8":"product_cat-lavinamieji-zaislai","9":"product_cat-pasaulio-pazinimas","10":"product_cat-top-dovanos","11":"product_cat-vaidmenu-zaidimai","12":"product_cat-visi-zaislai","13":"product_cat-zaislai","14":"product_cat-zaislai-berniukams","15":"product_tag-1-m-2-m","16":"product_tag-2-m-3-m","17":"product_tag-3-m-4-m","19":"first","20":"instock","21":"sale","22":"taxable","23":"shipping-taxable","24":"purchasable","25":"product-type-simple"},"yoast_head":"<!-- This site is optimized with the Yoast SEO plugin v23.3 - https:\/\/yoast.com\/wordpress\/plugins\/seo\/ -->\n<title>Stumiama ma\u0161in\u0117l\u0117 su garsu ir \u0161viesomis - Montessori \u017eaislai<\/title>\n<meta name=\"robots\" content=\"noindex, follow, max-snippet:-1, max-image-preview:large, max-video-preview:-1\" \/>\n<meta property=\"og:locale\" content=\"en_US\" \/>\n<meta property=\"og:type\" content=\"article\" \/>\n<meta property=\"og:title\" content=\"Stumiama ma\u0161in\u0117l\u0117 su garsu ir \u0161viesomis - Montessori \u017eaislai\" \/>\n<meta property=\"og:description\" content=\"STUMDOMAS VA\u017dIUOJANTIS AUTOMOBILIS SU GARSU IR \u0160VIESOMIS M\u0116LYNASVairuotojas: puikiai tiks kaip \u017eaislas visiems vaikams nuo 3 iki 6 met\u0173!Jis turi patogi\u0105 ranken\u0105 stumti!Jame \u012frengti \u012fdom\u016bs \u0161viesos ir garso efektai, suteikiantys tikrovi\u0161kumo! Technin\u0117s specifikacijos: Med\u017eiaga: plastikasAm\u017eius: 3-6 metaiDid\u017eiausia apkrova 30 kgSpalva: m\u0117lyna Spalva: m\u0117lyna: Dydis: 65 cm x 28 cm x 38,5 cm.Rat\u0173 skersmuo: 12 cmAtlo\u0161o [&hellip;]\" \/>\n<meta property=\"og:url\" content=\"https:\/\/dev.monti.lt\/en\/product\/stumiama-masinele-su-garsu-ir-sviesomis\/\" \/>\n<meta property=\"og:site_name\" content=\"Montessori \u017eaislai\" \/>\n<meta property=\"article:modified_time\" content=\"2024-09-16T13:20:41+00:00\" \/>\n<meta property=\"og:image\" content=\"https:\/\/dev.monti.lt\/wp-content\/uploads\/2023\/11\/Jezdzik-pchacz-samochod-z-dzwiekiem-i-swiatlami-niebieski-142653.jpg\" \/>\n\t<meta property=\"og:image:width\" content=\"1024\" \/>\n\t<meta property=\"og:image:height\" content=\"1024\" \/>\n\t<meta property=\"og:image:type\" content=\"image\/jpeg\" \/>\n<meta name=\"twitter:card\" content=\"summary_large_image\" \/>\n<meta name=\"twitter:label1\" content=\"Est. reading time\" \/>\n\t<meta name=\"twitter:data1\" content=\"1 minute\" \/>\n<script type=\"application\/ld+json\" class=\"yoast-schema-graph\">{\"@context\":\"https:\/\/schema.org\",\"@graph\":[{\"@type\":\"WebPage\",\"@id\":\"https:\/\/dev.monti.lt\/product\/stumiama-masinele-su-garsu-ir-sviesomis\/\",\"url\":\"https:\/\/dev.monti.lt\/product\/stumiama-masinele-su-garsu-ir-sviesomis\/\",\"name\":\"Stumiama ma\u0161in\u0117l\u0117 su garsu ir \u0161viesomis - Montessori \u017eaislai\",\"isPartOf\":{\"@id\":\"https:\/\/dev.monti.lt\/#website\"},\"primaryImageOfPage\":{\"@id\":\"https:\/\/dev.monti.lt\/product\/stumiama-masinele-su-garsu-ir-sviesomis\/#primaryimage\"},\"image\":{\"@id\":\"https:\/\/dev.monti.lt\/product\/stumiama-masinele-su-garsu-ir-sviesomis\/#primaryimage\"},\"thumbnailUrl\":\"https:\/\/dev.monti.lt\/wp-content\/uploads\/2023\/11\/Jezdzik-pchacz-samochod-z-dzwiekiem-i-swiatlami-niebieski-142653.jpg\",\"datePublished\":\"2023-11-13T14:13:58+00:00\",\"dateModified\":\"2024-09-16T13:20:41+00:00\",\"breadcrumb\":{\"@id\":\"https:\/\/dev.monti.lt\/product\/stumiama-masinele-su-garsu-ir-sviesomis\/#breadcrumb\"},\"inLanguage\":\"en-US\",\"potentialAction\":[{\"@type\":\"ReadAction\",\"target\":[\"https:\/\/dev.monti.lt\/product\/stumiama-masinele-su-garsu-ir-sviesomis\/\"]}]},{\"@type\":\"ImageObject\",\"inLanguage\":\"en-US\",\"@id\":\"https:\/\/dev.monti.lt\/product\/stumiama-masinele-su-garsu-ir-sviesomis\/#primaryimage\",\"url\":\"https:\/\/dev.monti.lt\/wp-content\/uploads\/2023\/11\/Jezdzik-pchacz-samochod-z-dzwiekiem-i-swiatlami-niebieski-142653.jpg\",\"contentUrl\":\"https:\/\/dev.monti.lt\/wp-content\/uploads\/2023\/11\/Jezdzik-pchacz-samochod-z-dzwiekiem-i-swiatlami-niebieski-142653.jpg\",\"width\":1024,\"height\":1024,\"caption\":\"stumiama masinele\"},{\"@type\":\"BreadcrumbList\",\"@id\":\"https:\/\/dev.monti.lt\/product\/stumiama-masinele-su-garsu-ir-sviesomis\/#breadcrumb\",\"itemListElement\":[{\"@type\":\"ListItem\",\"position\":1,\"name\":\"Home\",\"item\":\"https:\/\/dev.monti.lt\/\"},{\"@type\":\"ListItem\",\"position\":2,\"name\":\"Parduotuv\u0117\",\"item\":\"https:\/\/dev.monti.lt\/shop\/\"},{\"@type\":\"ListItem\",\"position\":3,\"name\":\"Stumiama ma\u0161in\u0117l\u0117 su garsu ir \u0161viesomis\"}]},{\"@type\":\"WebSite\",\"@id\":\"https:\/\/dev.monti.lt\/#website\",\"url\":\"https:\/\/dev.monti.lt\/\",\"name\":\"Montessori \u017eaislai\",\"description\":\"\",\"publisher\":{\"@id\":\"https:\/\/dev.monti.lt\/#organization\"},\"potentialAction\":[{\"@type\":\"SearchAction\",\"target\":{\"@type\":\"EntryPoint\",\"urlTemplate\":\"https:\/\/dev.monti.lt\/?s={search_term_string}\"},\"query-input\":\"required name=search_term_string\"}],\"inLanguage\":\"en-US\"},{\"@type\":\"Organization\",\"@id\":\"https:\/\/dev.monti.lt\/#organization\",\"name\":\"Montessori \u017eaislai\",\"url\":\"https:\/\/dev.monti.lt\/\",\"logo\":{\"@type\":\"ImageObject\",\"inLanguage\":\"en-US\",\"@id\":\"https:\/\/dev.monti.lt\/#\/schema\/logo\/image\/\",\"url\":\"https:\/\/dev.monti.lt\/wp-content\/uploads\/2022\/03\/montilogo-1.png\",\"contentUrl\":\"https:\/\/dev.monti.lt\/wp-content\/uploads\/2022\/03\/montilogo-1.png\",\"width\":512,\"height\":512,\"caption\":\"Montessori \u017eaislai\"},\"image\":{\"@id\":\"https:\/\/dev.monti.lt\/#\/schema\/logo\/image\/\"}}]}<\/script>\n<!-- \/ Yoast SEO plugin. -->","yoast_head_json":{"title":"Stumiama ma\u0161in\u0117l\u0117 su garsu ir \u0161viesomis - Montessori \u017eaislai","robots":{"index":"noindex","follow":"follow","max-snippet":"max-snippet:-1","max-image-preview":"max-image-preview:large","max-video-preview":"max-video-preview:-1"},"og_locale":"en_US","og_type":"article","og_title":"Stumiama ma\u0161in\u0117l\u0117 su garsu ir \u0161viesomis - Montessori \u017eaislai","og_description":"STUMDOMAS VA\u017dIUOJANTIS AUTOMOBILIS SU GARSU IR \u0160VIESOMIS M\u0116LYNASVairuotojas: puikiai tiks kaip \u017eaislas visiems vaikams nuo 3 iki 6 met\u0173!Jis turi patogi\u0105 ranken\u0105 stumti!Jame \u012frengti \u012fdom\u016bs \u0161viesos ir garso efektai, suteikiantys tikrovi\u0161kumo! Technin\u0117s specifikacijos: Med\u017eiaga: plastikasAm\u017eius: 3-6 metaiDid\u017eiausia apkrova 30 kgSpalva: m\u0117lyna Spalva: m\u0117lyna: Dydis: 65 cm x 28 cm x 38,5 cm.Rat\u0173 skersmuo: 12 cmAtlo\u0161o [&hellip;]","og_url":"https:\/\/dev.monti.lt\/en\/product\/stumiama-masinele-su-garsu-ir-sviesomis\/","og_site_name":"Montessori \u017eaislai","article_modified_time":"2024-09-16T13:20:41+00:00","og_image":[{"width":1024,"height":1024,"url":"https:\/\/dev.monti.lt\/wp-content\/uploads\/2023\/11\/Jezdzik-pchacz-samochod-z-dzwiekiem-i-swiatlami-niebieski-142653.jpg","type":"image\/jpeg"}],"twitter_card":"summary_large_image","twitter_misc":{"Est. reading time":"1 minute"},"schema":{"@context":"https:\/\/schema.org","@graph":[{"@type":"WebPage","@id":"https:\/\/dev.monti.lt\/product\/stumiama-masinele-su-garsu-ir-sviesomis\/","url":"https:\/\/dev.monti.lt\/product\/stumiama-masinele-su-garsu-ir-sviesomis\/","name":"Stumiama ma\u0161in\u0117l\u0117 su garsu ir \u0161viesomis - Montessori \u017eaislai","isPartOf":{"@id":"https:\/\/dev.monti.lt\/#website"},"primaryImageOfPage":{"@id":"https:\/\/dev.monti.lt\/product\/stumiama-masinele-su-garsu-ir-sviesomis\/#primaryimage"},"image":{"@id":"https:\/\/dev.monti.lt\/product\/stumiama-masinele-su-garsu-ir-sviesomis\/#primaryimage"},"thumbnailUrl":"https:\/\/dev.monti.lt\/wp-content\/uploads\/2023\/11\/Jezdzik-pchacz-samochod-z-dzwiekiem-i-swiatlami-niebieski-142653.jpg","datePublished":"2023-11-13T14:13:58+00:00","dateModified":"2024-09-16T13:20:41+00:00","breadcrumb":{"@id":"https:\/\/dev.monti.lt\/product\/stumiama-masinele-su-garsu-ir-sviesomis\/#breadcrumb"},"inLanguage":"en-US","potentialAction":[{"@type":"ReadAction","target":["https:\/\/dev.monti.lt\/product\/stumiama-masinele-su-garsu-ir-sviesomis\/"]}]},{"@type":"ImageObject","inLanguage":"en-US","@id":"https:\/\/dev.monti.lt\/product\/stumiama-masinele-su-garsu-ir-sviesomis\/#primaryimage","url":"https:\/\/dev.monti.lt\/wp-content\/uploads\/2023\/11\/Jezdzik-pchacz-samochod-z-dzwiekiem-i-swiatlami-niebieski-142653.jpg","contentUrl":"https:\/\/dev.monti.lt\/wp-content\/uploads\/2023\/11\/Jezdzik-pchacz-samochod-z-dzwiekiem-i-swiatlami-niebieski-142653.jpg","width":1024,"height":1024,"caption":"stumiama masinele"},{"@type":"BreadcrumbList","@id":"https:\/\/dev.monti.lt\/product\/stumiama-masinele-su-garsu-ir-sviesomis\/#breadcrumb","itemListElement":[{"@type":"ListItem","position":1,"name":"Home","item":"https:\/\/dev.monti.lt\/"},{"@type":"ListItem","position":2,"name":"Parduotuv\u0117","item":"https:\/\/dev.monti.lt\/shop\/"},{"@type":"ListItem","position":3,"name":"Stumiama ma\u0161in\u0117l\u0117 su garsu ir \u0161viesomis"}]},{"@type":"WebSite","@id":"https:\/\/dev.monti.lt\/#website","url":"https:\/\/dev.monti.lt\/","name":"Montessori \u017eaislai","description":"","publisher":{"@id":"https:\/\/dev.monti.lt\/#organization"},"potentialAction":[{"@type":"SearchAction","target":{"@type":"EntryPoint","urlTemplate":"https:\/\/dev.monti.lt\/?s={search_term_string}"},"query-input":"required name=search_term_string"}],"inLanguage":"en-US"},{"@type":"Organization","@id":"https:\/\/dev.monti.lt\/#organization","name":"Montessori \u017eaislai","url":"https:\/\/dev.monti.lt\/","logo":{"@type":"ImageObject","inLanguage":"en-US","@id":"https:\/\/dev.monti.lt\/#\/schema\/logo\/image\/","url":"https:\/\/dev.monti.lt\/wp-content\/uploads\/2022\/03\/montilogo-1.png","contentUrl":"https:\/\/dev.monti.lt\/wp-content\/uploads\/2022\/03\/montilogo-1.png","width":512,"height":512,"caption":"Montessori \u017eaislai"},"image":{"@id":"https:\/\/dev.monti.lt\/#\/schema\/logo\/image\/"}}]}},"_links":{"self":[{"href":"https:\/\/dev.monti.lt\/en\/wp-json\/wp\/v2\/product\/19353"}],"collection":[{"href":"https:\/\/dev.monti.lt\/en\/wp-json\/wp\/v2\/product"}],"about":[{"href":"https:\/\/dev.monti.lt\/en\/wp-json\/wp\/v2\/types\/product"}],"version-history":[{"count":1,"href":"https:\/\/dev.monti.lt\/en\/wp-json\/wp\/v2\/product\/19353\/revisions"}],"predecessor-version":[{"id":19364,"href":"https:\/\/dev.monti.lt\/en\/wp-json\/wp\/v2\/product\/19353\/revisions\/19364"}],"wp:featuredmedia":[{"embeddable":true,"href":"https:\/\/dev.monti.lt\/en\/wp-json\/wp\/v2\/media\/19354"}],"wp:attachment":[{"href":"https:\/\/dev.monti.lt\/en\/wp-json\/wp\/v2\/media?parent=19353"}],"wp:term":[{"taxonomy":"product_cat","embeddable":true,"href":"https:\/\/dev.monti.lt\/en\/wp-json\/wp\/v2\/product_cat?post=19353"},{"taxonomy":"product_tag","embeddable":true,"href":"https:\/\/dev.monti.lt\/en\/wp-json\/wp\/v2\/product_tag?post=19353"}],"curies":[{"name":"wp","href":"https:\/\/api.w.org\/{rel}","templated":true}]}}