{"id":19344,"date":"2023-11-13T14:09:43","date_gmt":"2023-11-13T14:09:43","guid":{"rendered":"https:\/\/dev.monti.lt\/?post_type=product&#038;p=19344"},"modified":"2024-10-01T06:14:39","modified_gmt":"2024-10-01T06:14:39","slug":"rusiavimo-zaidimas-su-virvelemis","status":"publish","type":"product","link":"https:\/\/dev.monti.lt\/en\/product\/rusiavimo-zaidimas-su-virvelemis\/","title":{"rendered":"R\u016b\u0161iavimo \u017eaidimas su virvel\u0117mis"},"content":{"rendered":"<p>LANKSTUS KUBELI\u0172 R\u016a\u0160IUOTUVAS \u017dAISLINIS KI\u0160TUKINIS KVADRATAS<br>Puikus mokomasis \u017eaislas!<br>Suderinkite malon\u0173 ir nauding\u0105 \u017eaidim\u0105!<br>Lankstaus kubo formos r\u016b\u0161iuotuvas puikiai tiks kaip \u017eaislas, pad\u0117siantis vystytis vaikui ir suteikiantis jam daug puikios pramogos!<br>\u017daisti ne\u012ftik\u0117tinai paprasta! Viskas priklauso nuo to, kaip i\u0161spausti kalad\u0117les per elastines juosteles, kad jas \u012fd\u0117tum\u0117te arba i\u0161imtum\u0117te! Kuo paprastesnis \u017eaislas, tuo daugiau galimybi\u0173 jis suteikia! I\u0161 tikr\u0173j\u0173 \u017eaidim\u0173 skai\u010dius neribotas, viskas priklauso nuo vaiko ir t\u0117v\u0173 fantazijos!<br>Spalvingos gumyt\u0117s ir dideli, spalvingi blokeliai prikaustys ma\u017eylio d\u0117mes\u012f ir paskatins \u012fdom\u0173 \u017eaidim\u0105! Be spalvos, jos skiriasi ir forma, tod\u0117l vaikas i\u0161moks jas atpa\u017einti ir atskirti vien\u0105 nuo kitos! O su nedidele suaugusi\u0173j\u0173 pagalba jis lengvai \u012fsimins j\u0173 pavadinimus!<br>Kiekviena kalad\u0117l\u0117 yra skirtingos tekst\u016bros, tod\u0117l jos pritrauks nat\u016bral\u0173 vaiko smalsum\u0105! Skirtingi ra\u0161tai stimuliuos ma\u017eylio pir\u0161tukus ir teigiamai paveiks jo jautrum\u0105 bei geb\u0117jim\u0105 atpa\u017einti formas!<br>Kontrastingos, ry\u0161kios ir ai\u0161kios spalvos palengvins mokym\u0105si atpa\u017einti spalvas, naudingos suvokimui ir pa\u017einimo \u012fg\u016bd\u017eiams.<\/p><p><\/p><p>I\u0161 prad\u017ei\u0173 bloknot\u0105 pravesti per gumytes gali b\u016bti gana sud\u0117tinga u\u017eduotis! Reik\u0117s m\u0105styti, derinti ir ie\u0161koti k\u016brybi\u0161k\u0173 sprendim\u0173 j\u016bs\u0173 ma\u017eyliui tinkamu lygiu!<br>Tai teigiamai paveiks jo erdvin\u0119 vaizduot\u0119 ir geb\u0117jim\u0105 spr\u0119sti problemas! Smegen\u0173 stimuliavimas ir \u0161velnus vertimas stengtis puikiai lavina intelekt\u0105 ir kantryb\u0119, o tai tikrai pravers ma\u017eyliui ateityje!<br>Gumini\u0173 juost\u0173 traukimas atgal, tempimas, st\u016bmimas ir lankstymas bus puiki mank\u0161ta j\u016bs\u0173 k\u016bdikio pir\u0161tams, rankoms ir ma\u017eoms rankyt\u0117ms! Jie \u012fgis ir j\u0117gos, ir tikslumo, ir subtilumo! Be to, ma\u017eylis spar\u010diai tobulins aki\u0173 ir rank\u0173 koordinacij\u0105 ir geb\u0117jim\u0105 sinchronizuoti abi rankas!<br>D\u0117l savo paprastumo jis gali tarnauti kaip atskiras \u017eaislas, bet gali tapti ir didesnio bei sud\u0117tingesnio \u017eaidimo dalimi!<br>Naudojamos patvarios ir saugios med\u017eiagos rei\u0161kia, kad \u017eaisl\u0105 galite be joki\u0173 r\u016bpes\u010di\u0173 duoti vaikui! Jis tikrai su juo praleis daug maloni\u0173 ir tobul\u0117jan\u010di\u0173 akimirk\u0173!<br>Sujunkite pramog\u0105 ir mokym\u0105si \u012f vien\u0105!<br>Rinkinio turinys:<br>Kubas<br>6 \u012fvairi\u0173 form\u0173 kalad\u0117l\u0117s<br>Med\u017eiaga: plastikas<br>Vaiko am\u017eius: 12m+<br>I\u0161matavimai:<br>Kubas: 12cm x 12cm x 12cm x 12cm<br>pavyzd\u017ei\u0173 blokas (kubas): 4,5 cm x 4,5 cm x 4,5 cm x 4,5 cm.<br>pakuot\u0117s matmenys: 18 cm x 12,5 cm x 12,5 cm<\/p>","protected":false},"excerpt":{"rendered":"<p>LANKSTUS KUBELI\u0172 R\u016a\u0160IUOTUVAS \u017dAISLINIS KI\u0160TUKINIS KVADRATASPuikus mokomasis \u017eaislas!Suderinkite malon\u0173 ir nauding\u0105 \u017eaidim\u0105!Lankstaus kubo formos r\u016b\u0161iuotuvas puikiai tiks kaip \u017eaislas, pad\u0117siantis vystytis vaikui ir suteikiantis jam daug puikios pramogos!\u017daisti ne\u012ftik\u0117tinai paprasta! Viskas priklauso nuo to, kaip i\u0161spausti kalad\u0117les per elastines juosteles, kad jas \u012fd\u0117tum\u0117te arba i\u0161imtum\u0117te! Kuo paprastesnis \u017eaislas, tuo daugiau galimybi\u0173 jis suteikia! I\u0161 tikr\u0173j\u0173 [&hellip;]<\/p>","protected":false},"featured_media":19346,"template":"","meta":{"iawp_total_views":15},"product_cat":[200,84,49,39],"product_tag":[95,96],"class_list":{"0":"post-19344","1":"product","2":"type-product","3":"status-publish","4":"has-post-thumbnail","6":"product_cat-dovanos-kudikiams","7":"product_cat-lavinamieji-zaislai","8":"product_cat-visi-zaislai","9":"product_cat-zaislai","10":"product_tag-1-m-2-m","11":"product_tag-2-m-3-m","13":"first","14":"instock","15":"taxable","16":"shipping-taxable","17":"purchasable","18":"product-type-simple"},"yoast_head":"<!-- This site is optimized with the Yoast SEO plugin v23.3 - https:\/\/yoast.com\/wordpress\/plugins\/seo\/ -->\n<title>R\u016b\u0161iavimo \u017eaidimas su virvel\u0117mis - Montessori \u017eaislai<\/title>\n<meta name=\"robots\" content=\"noindex, follow, max-snippet:-1, max-image-preview:large, max-video-preview:-1\" \/>\n<meta property=\"og:locale\" content=\"en_US\" \/>\n<meta property=\"og:type\" content=\"article\" \/>\n<meta property=\"og:title\" content=\"R\u016b\u0161iavimo \u017eaidimas su virvel\u0117mis - Montessori \u017eaislai\" \/>\n<meta property=\"og:description\" content=\"LANKSTUS KUBELI\u0172 R\u016a\u0160IUOTUVAS \u017dAISLINIS KI\u0160TUKINIS KVADRATASPuikus mokomasis \u017eaislas!Suderinkite malon\u0173 ir nauding\u0105 \u017eaidim\u0105!Lankstaus kubo formos r\u016b\u0161iuotuvas puikiai tiks kaip \u017eaislas, pad\u0117siantis vystytis vaikui ir suteikiantis jam daug puikios pramogos!\u017daisti ne\u012ftik\u0117tinai paprasta! Viskas priklauso nuo to, kaip i\u0161spausti kalad\u0117les per elastines juosteles, kad jas \u012fd\u0117tum\u0117te arba i\u0161imtum\u0117te! Kuo paprastesnis \u017eaislas, tuo daugiau galimybi\u0173 jis suteikia! I\u0161 tikr\u0173j\u0173 [&hellip;]\" \/>\n<meta property=\"og:url\" content=\"https:\/\/dev.monti.lt\/en\/product\/rusiavimo-zaidimas-su-virvelemis\/\" \/>\n<meta property=\"og:site_name\" content=\"Montessori \u017eaislai\" \/>\n<meta property=\"article:modified_time\" content=\"2024-10-01T06:14:39+00:00\" \/>\n<meta property=\"og:image\" content=\"https:\/\/dev.monti.lt\/wp-content\/uploads\/2023\/11\/KX5466_1795101.jpg\" \/>\n\t<meta property=\"og:image:width\" content=\"1024\" \/>\n\t<meta property=\"og:image:height\" content=\"768\" \/>\n\t<meta property=\"og:image:type\" content=\"image\/jpeg\" \/>\n<meta name=\"twitter:card\" content=\"summary_large_image\" \/>\n<meta name=\"twitter:label1\" content=\"Est. reading time\" \/>\n\t<meta name=\"twitter:data1\" content=\"2 minutes\" \/>\n<script type=\"application\/ld+json\" class=\"yoast-schema-graph\">{\"@context\":\"https:\/\/schema.org\",\"@graph\":[{\"@type\":\"WebPage\",\"@id\":\"https:\/\/dev.monti.lt\/product\/rusiavimo-zaidimas-su-virvelemis\/\",\"url\":\"https:\/\/dev.monti.lt\/product\/rusiavimo-zaidimas-su-virvelemis\/\",\"name\":\"R\u016b\u0161iavimo \u017eaidimas su virvel\u0117mis - Montessori \u017eaislai\",\"isPartOf\":{\"@id\":\"https:\/\/dev.monti.lt\/#website\"},\"primaryImageOfPage\":{\"@id\":\"https:\/\/dev.monti.lt\/product\/rusiavimo-zaidimas-su-virvelemis\/#primaryimage\"},\"image\":{\"@id\":\"https:\/\/dev.monti.lt\/product\/rusiavimo-zaidimas-su-virvelemis\/#primaryimage\"},\"thumbnailUrl\":\"https:\/\/dev.monti.lt\/wp-content\/uploads\/2023\/11\/KX5466_1795101.jpg\",\"datePublished\":\"2023-11-13T14:09:43+00:00\",\"dateModified\":\"2024-10-01T06:14:39+00:00\",\"breadcrumb\":{\"@id\":\"https:\/\/dev.monti.lt\/product\/rusiavimo-zaidimas-su-virvelemis\/#breadcrumb\"},\"inLanguage\":\"en-US\",\"potentialAction\":[{\"@type\":\"ReadAction\",\"target\":[\"https:\/\/dev.monti.lt\/product\/rusiavimo-zaidimas-su-virvelemis\/\"]}]},{\"@type\":\"ImageObject\",\"inLanguage\":\"en-US\",\"@id\":\"https:\/\/dev.monti.lt\/product\/rusiavimo-zaidimas-su-virvelemis\/#primaryimage\",\"url\":\"https:\/\/dev.monti.lt\/wp-content\/uploads\/2023\/11\/KX5466_1795101.jpg\",\"contentUrl\":\"https:\/\/dev.monti.lt\/wp-content\/uploads\/2023\/11\/KX5466_1795101.jpg\",\"width\":1024,\"height\":768},{\"@type\":\"BreadcrumbList\",\"@id\":\"https:\/\/dev.monti.lt\/product\/rusiavimo-zaidimas-su-virvelemis\/#breadcrumb\",\"itemListElement\":[{\"@type\":\"ListItem\",\"position\":1,\"name\":\"Home\",\"item\":\"https:\/\/dev.monti.lt\/\"},{\"@type\":\"ListItem\",\"position\":2,\"name\":\"Parduotuv\u0117\",\"item\":\"https:\/\/dev.monti.lt\/shop\/\"},{\"@type\":\"ListItem\",\"position\":3,\"name\":\"R\u016b\u0161iavimo \u017eaidimas su virvel\u0117mis\"}]},{\"@type\":\"WebSite\",\"@id\":\"https:\/\/dev.monti.lt\/#website\",\"url\":\"https:\/\/dev.monti.lt\/\",\"name\":\"Montessori \u017eaislai\",\"description\":\"\",\"publisher\":{\"@id\":\"https:\/\/dev.monti.lt\/#organization\"},\"potentialAction\":[{\"@type\":\"SearchAction\",\"target\":{\"@type\":\"EntryPoint\",\"urlTemplate\":\"https:\/\/dev.monti.lt\/?s={search_term_string}\"},\"query-input\":\"required name=search_term_string\"}],\"inLanguage\":\"en-US\"},{\"@type\":\"Organization\",\"@id\":\"https:\/\/dev.monti.lt\/#organization\",\"name\":\"Montessori \u017eaislai\",\"url\":\"https:\/\/dev.monti.lt\/\",\"logo\":{\"@type\":\"ImageObject\",\"inLanguage\":\"en-US\",\"@id\":\"https:\/\/dev.monti.lt\/#\/schema\/logo\/image\/\",\"url\":\"https:\/\/dev.monti.lt\/wp-content\/uploads\/2022\/03\/montilogo-1.png\",\"contentUrl\":\"https:\/\/dev.monti.lt\/wp-content\/uploads\/2022\/03\/montilogo-1.png\",\"width\":512,\"height\":512,\"caption\":\"Montessori \u017eaislai\"},\"image\":{\"@id\":\"https:\/\/dev.monti.lt\/#\/schema\/logo\/image\/\"}}]}<\/script>\n<!-- \/ Yoast SEO plugin. -->","yoast_head_json":{"title":"R\u016b\u0161iavimo \u017eaidimas su virvel\u0117mis - Montessori \u017eaislai","robots":{"index":"noindex","follow":"follow","max-snippet":"max-snippet:-1","max-image-preview":"max-image-preview:large","max-video-preview":"max-video-preview:-1"},"og_locale":"en_US","og_type":"article","og_title":"R\u016b\u0161iavimo \u017eaidimas su virvel\u0117mis - Montessori \u017eaislai","og_description":"LANKSTUS KUBELI\u0172 R\u016a\u0160IUOTUVAS \u017dAISLINIS KI\u0160TUKINIS KVADRATASPuikus mokomasis \u017eaislas!Suderinkite malon\u0173 ir nauding\u0105 \u017eaidim\u0105!Lankstaus kubo formos r\u016b\u0161iuotuvas puikiai tiks kaip \u017eaislas, pad\u0117siantis vystytis vaikui ir suteikiantis jam daug puikios pramogos!\u017daisti ne\u012ftik\u0117tinai paprasta! Viskas priklauso nuo to, kaip i\u0161spausti kalad\u0117les per elastines juosteles, kad jas \u012fd\u0117tum\u0117te arba i\u0161imtum\u0117te! Kuo paprastesnis \u017eaislas, tuo daugiau galimybi\u0173 jis suteikia! I\u0161 tikr\u0173j\u0173 [&hellip;]","og_url":"https:\/\/dev.monti.lt\/en\/product\/rusiavimo-zaidimas-su-virvelemis\/","og_site_name":"Montessori \u017eaislai","article_modified_time":"2024-10-01T06:14:39+00:00","og_image":[{"width":1024,"height":768,"url":"https:\/\/dev.monti.lt\/wp-content\/uploads\/2023\/11\/KX5466_1795101.jpg","type":"image\/jpeg"}],"twitter_card":"summary_large_image","twitter_misc":{"Est. reading time":"2 minutes"},"schema":{"@context":"https:\/\/schema.org","@graph":[{"@type":"WebPage","@id":"https:\/\/dev.monti.lt\/product\/rusiavimo-zaidimas-su-virvelemis\/","url":"https:\/\/dev.monti.lt\/product\/rusiavimo-zaidimas-su-virvelemis\/","name":"R\u016b\u0161iavimo \u017eaidimas su virvel\u0117mis - Montessori \u017eaislai","isPartOf":{"@id":"https:\/\/dev.monti.lt\/#website"},"primaryImageOfPage":{"@id":"https:\/\/dev.monti.lt\/product\/rusiavimo-zaidimas-su-virvelemis\/#primaryimage"},"image":{"@id":"https:\/\/dev.monti.lt\/product\/rusiavimo-zaidimas-su-virvelemis\/#primaryimage"},"thumbnailUrl":"https:\/\/dev.monti.lt\/wp-content\/uploads\/2023\/11\/KX5466_1795101.jpg","datePublished":"2023-11-13T14:09:43+00:00","dateModified":"2024-10-01T06:14:39+00:00","breadcrumb":{"@id":"https:\/\/dev.monti.lt\/product\/rusiavimo-zaidimas-su-virvelemis\/#breadcrumb"},"inLanguage":"en-US","potentialAction":[{"@type":"ReadAction","target":["https:\/\/dev.monti.lt\/product\/rusiavimo-zaidimas-su-virvelemis\/"]}]},{"@type":"ImageObject","inLanguage":"en-US","@id":"https:\/\/dev.monti.lt\/product\/rusiavimo-zaidimas-su-virvelemis\/#primaryimage","url":"https:\/\/dev.monti.lt\/wp-content\/uploads\/2023\/11\/KX5466_1795101.jpg","contentUrl":"https:\/\/dev.monti.lt\/wp-content\/uploads\/2023\/11\/KX5466_1795101.jpg","width":1024,"height":768},{"@type":"BreadcrumbList","@id":"https:\/\/dev.monti.lt\/product\/rusiavimo-zaidimas-su-virvelemis\/#breadcrumb","itemListElement":[{"@type":"ListItem","position":1,"name":"Home","item":"https:\/\/dev.monti.lt\/"},{"@type":"ListItem","position":2,"name":"Parduotuv\u0117","item":"https:\/\/dev.monti.lt\/shop\/"},{"@type":"ListItem","position":3,"name":"R\u016b\u0161iavimo \u017eaidimas su virvel\u0117mis"}]},{"@type":"WebSite","@id":"https:\/\/dev.monti.lt\/#website","url":"https:\/\/dev.monti.lt\/","name":"Montessori \u017eaislai","description":"","publisher":{"@id":"https:\/\/dev.monti.lt\/#organization"},"potentialAction":[{"@type":"SearchAction","target":{"@type":"EntryPoint","urlTemplate":"https:\/\/dev.monti.lt\/?s={search_term_string}"},"query-input":"required name=search_term_string"}],"inLanguage":"en-US"},{"@type":"Organization","@id":"https:\/\/dev.monti.lt\/#organization","name":"Montessori \u017eaislai","url":"https:\/\/dev.monti.lt\/","logo":{"@type":"ImageObject","inLanguage":"en-US","@id":"https:\/\/dev.monti.lt\/#\/schema\/logo\/image\/","url":"https:\/\/dev.monti.lt\/wp-content\/uploads\/2022\/03\/montilogo-1.png","contentUrl":"https:\/\/dev.monti.lt\/wp-content\/uploads\/2022\/03\/montilogo-1.png","width":512,"height":512,"caption":"Montessori \u017eaislai"},"image":{"@id":"https:\/\/dev.monti.lt\/#\/schema\/logo\/image\/"}}]}},"_links":{"self":[{"href":"https:\/\/dev.monti.lt\/en\/wp-json\/wp\/v2\/product\/19344"}],"collection":[{"href":"https:\/\/dev.monti.lt\/en\/wp-json\/wp\/v2\/product"}],"about":[{"href":"https:\/\/dev.monti.lt\/en\/wp-json\/wp\/v2\/types\/product"}],"version-history":[{"count":1,"href":"https:\/\/dev.monti.lt\/en\/wp-json\/wp\/v2\/product\/19344\/revisions"}],"predecessor-version":[{"id":19352,"href":"https:\/\/dev.monti.lt\/en\/wp-json\/wp\/v2\/product\/19344\/revisions\/19352"}],"wp:featuredmedia":[{"embeddable":true,"href":"https:\/\/dev.monti.lt\/en\/wp-json\/wp\/v2\/media\/19346"}],"wp:attachment":[{"href":"https:\/\/dev.monti.lt\/en\/wp-json\/wp\/v2\/media?parent=19344"}],"wp:term":[{"taxonomy":"product_cat","embeddable":true,"href":"https:\/\/dev.monti.lt\/en\/wp-json\/wp\/v2\/product_cat?post=19344"},{"taxonomy":"product_tag","embeddable":true,"href":"https:\/\/dev.monti.lt\/en\/wp-json\/wp\/v2\/product_tag?post=19344"}],"curies":[{"name":"wp","href":"https:\/\/api.w.org\/{rel}","templated":true}]}}