{"id":19182,"date":"2023-11-08T14:24:50","date_gmt":"2023-11-08T14:24:50","guid":{"rendered":"https:\/\/dev.monti.lt\/?post_type=product&#038;p=19182"},"modified":"2024-10-01T11:37:03","modified_gmt":"2024-10-01T11:37:03","slug":"medinis-rusiuoklis-formos","status":"publish","type":"product","link":"https:\/\/dev.monti.lt\/en\/product\/medinis-rusiuoklis-formos\/","title":{"rendered":"Medinis r\u016b\u0161iuoklis &#8220;Formos&#8221;"},"content":{"rendered":"<p><strong>SPECIFIKACIJA<\/strong><\/p><ul class=\"wp-block-list\"><li>med\u017eiaga: mediena<\/li>\n\n<li>am\u017eius: 2+<\/li>\n\n<li>spalva: \u012fvairiaspalv\u0117<\/li>\n\n<li>matmenys: 30 x 5,5 x 6,2 cm<\/li>\n\n<li>svoris: 0,349 kg<\/li>\n\n<li>svoris pakuot\u0117je: 0,492 kg<\/li><\/ul><p><strong>\u012eSKAITANT<\/strong><\/p><ul class=\"wp-block-list\"><li>baz\u0117<\/li>\n\n<li>3 sta\u010diakampiai<\/li>\n\n<li>3 trikampiai<\/li>\n\n<li>3 ratai<\/li>\n\n<li>3 kvadratai<\/li>\n\n<li>3 \u0161e\u0161iakampiai<\/li><\/ul><p>Mediniai \u017eaislai yra patvar\u016bs ir atspar\u016bs pa\u017eeidimams. Puikios b\u016bkl\u0117s, gali tarnauti i\u0161tisas kartas. Medin\u0117 r\u016b\u0161iuotoja patiks kiekvienam vaikui, m\u0117gstan\u010diam \u012fg\u016bd\u017ei\u0173 \u017eaislus. Tai puiki dovanos id\u0117ja, kuri tikrai suteiks daug d\u017eiaugsmo. Medinis r\u016b\u0161iuotojas su kalad\u0117l\u0117mis tiks tiek berniukams, tiek mergait\u0117ms. D\u0117lion\u0117 itin apgalvotai lavina vaik\u0173 rankinius \u012fg\u016bd\u017eius, padeda lavinti motorikos koordinacij\u0105, lavina geb\u0117jim\u0105 logi\u0161kai m\u0105styti.<\/p>","protected":false},"excerpt":{"rendered":"<p>SPECIFIKACIJA \u012eSKAITANT Mediniai \u017eaislai yra patvar\u016bs ir atspar\u016bs pa\u017eeidimams. Puikios b\u016bkl\u0117s, gali tarnauti i\u0161tisas kartas. Medin\u0117 r\u016b\u0161iuotoja patiks kiekvienam vaikui, m\u0117gstan\u010diam \u012fg\u016bd\u017ei\u0173 \u017eaislus. Tai puiki dovanos id\u0117ja, kuri tikrai suteiks daug d\u017eiaugsmo. Medinis r\u016b\u0161iuotojas su kalad\u0117l\u0117mis tiks tiek berniukams, tiek mergait\u0117ms. D\u0117lion\u0117 itin apgalvotai lavina vaik\u0173 rankinius \u012fg\u016bd\u017eius, padeda lavinti motorikos koordinacij\u0105, lavina geb\u0117jim\u0105 logi\u0161kai [&hellip;]<\/p>","protected":false},"featured_media":19183,"template":"","meta":{"iawp_total_views":95},"product_cat":[208,92,193,194,84,91,210,102,88,83,90,86,49,39],"product_tag":[95,96,97],"class_list":{"0":"post-19182","1":"product","2":"type-product","3":"status-publish","4":"has-post-thumbnail","6":"product_cat-deliones-2","7":"product_cat-deliones","8":"product_cat-dovanos-vaikams-1-2-metu","9":"product_cat-dovanos-vaikams-2-3-metu","10":"product_cat-lavinamieji-zaislai","11":"product_cat-loginiam-mastymui","12":"product_cat-medines-deliones","13":"product_cat-mediniai-zaislai","14":"product_cat-mokausi-zaisti","15":"product_cat-montessori-zaislai","16":"product_cat-pasaulio-pazinimas","17":"product_cat-smulkioji-motorika","18":"product_cat-visi-zaislai","19":"product_cat-zaislai","20":"product_tag-1-m-2-m","21":"product_tag-2-m-3-m","22":"product_tag-3-m-4-m","24":"first","25":"instock","26":"taxable","27":"shipping-taxable","28":"purchasable","29":"product-type-simple"},"yoast_head":"<!-- This site is optimized with the Yoast SEO plugin v23.3 - https:\/\/yoast.com\/wordpress\/plugins\/seo\/ -->\n<title>Medinis r\u016b\u0161iuoklis &quot;Formos&quot; - Montessori \u017eaislai<\/title>\n<meta name=\"robots\" content=\"noindex, follow, max-snippet:-1, max-image-preview:large, max-video-preview:-1\" \/>\n<meta property=\"og:locale\" content=\"en_US\" \/>\n<meta property=\"og:type\" content=\"article\" \/>\n<meta property=\"og:title\" content=\"Medinis r\u016b\u0161iuoklis &quot;Formos&quot; - Montessori \u017eaislai\" \/>\n<meta property=\"og:description\" content=\"SPECIFIKACIJA \u012eSKAITANT Mediniai \u017eaislai yra patvar\u016bs ir atspar\u016bs pa\u017eeidimams. Puikios b\u016bkl\u0117s, gali tarnauti i\u0161tisas kartas. Medin\u0117 r\u016b\u0161iuotoja patiks kiekvienam vaikui, m\u0117gstan\u010diam \u012fg\u016bd\u017ei\u0173 \u017eaislus. Tai puiki dovanos id\u0117ja, kuri tikrai suteiks daug d\u017eiaugsmo. Medinis r\u016b\u0161iuotojas su kalad\u0117l\u0117mis tiks tiek berniukams, tiek mergait\u0117ms. D\u0117lion\u0117 itin apgalvotai lavina vaik\u0173 rankinius \u012fg\u016bd\u017eius, padeda lavinti motorikos koordinacij\u0105, lavina geb\u0117jim\u0105 logi\u0161kai [&hellip;]\" \/>\n<meta property=\"og:url\" content=\"https:\/\/dev.monti.lt\/en\/product\/medinis-rusiuoklis-formos\/\" \/>\n<meta property=\"og:site_name\" content=\"Montessori \u017eaislai\" \/>\n<meta property=\"article:modified_time\" content=\"2024-10-01T11:37:03+00:00\" \/>\n<meta property=\"og:image\" content=\"https:\/\/dev.monti.lt\/wp-content\/uploads\/2023\/11\/lit_pl_Rusiuoklis-medine-delione-Kruzzel-22492-17081_6.webp\" \/>\n\t<meta property=\"og:image:width\" content=\"500\" \/>\n\t<meta property=\"og:image:height\" content=\"500\" \/>\n\t<meta property=\"og:image:type\" content=\"image\/webp\" \/>\n<meta name=\"twitter:card\" content=\"summary_large_image\" \/>\n<meta name=\"twitter:label1\" content=\"Est. reading time\" \/>\n\t<meta name=\"twitter:data1\" content=\"1 minute\" \/>\n<script type=\"application\/ld+json\" class=\"yoast-schema-graph\">{\"@context\":\"https:\/\/schema.org\",\"@graph\":[{\"@type\":\"WebPage\",\"@id\":\"https:\/\/dev.monti.lt\/product\/medinis-rusiuoklis-formos\/\",\"url\":\"https:\/\/dev.monti.lt\/product\/medinis-rusiuoklis-formos\/\",\"name\":\"Medinis r\u016b\u0161iuoklis \\\"Formos\\\" - Montessori \u017eaislai\",\"isPartOf\":{\"@id\":\"https:\/\/dev.monti.lt\/#website\"},\"primaryImageOfPage\":{\"@id\":\"https:\/\/dev.monti.lt\/product\/medinis-rusiuoklis-formos\/#primaryimage\"},\"image\":{\"@id\":\"https:\/\/dev.monti.lt\/product\/medinis-rusiuoklis-formos\/#primaryimage\"},\"thumbnailUrl\":\"https:\/\/dev.monti.lt\/wp-content\/uploads\/2023\/11\/lit_pl_Rusiuoklis-medine-delione-Kruzzel-22492-17081_6.webp\",\"datePublished\":\"2023-11-08T14:24:50+00:00\",\"dateModified\":\"2024-10-01T11:37:03+00:00\",\"breadcrumb\":{\"@id\":\"https:\/\/dev.monti.lt\/product\/medinis-rusiuoklis-formos\/#breadcrumb\"},\"inLanguage\":\"en-US\",\"potentialAction\":[{\"@type\":\"ReadAction\",\"target\":[\"https:\/\/dev.monti.lt\/product\/medinis-rusiuoklis-formos\/\"]}]},{\"@type\":\"ImageObject\",\"inLanguage\":\"en-US\",\"@id\":\"https:\/\/dev.monti.lt\/product\/medinis-rusiuoklis-formos\/#primaryimage\",\"url\":\"https:\/\/dev.monti.lt\/wp-content\/uploads\/2023\/11\/lit_pl_Rusiuoklis-medine-delione-Kruzzel-22492-17081_6.webp\",\"contentUrl\":\"https:\/\/dev.monti.lt\/wp-content\/uploads\/2023\/11\/lit_pl_Rusiuoklis-medine-delione-Kruzzel-22492-17081_6.webp\",\"width\":500,\"height\":500,\"caption\":\"medine delione\"},{\"@type\":\"BreadcrumbList\",\"@id\":\"https:\/\/dev.monti.lt\/product\/medinis-rusiuoklis-formos\/#breadcrumb\",\"itemListElement\":[{\"@type\":\"ListItem\",\"position\":1,\"name\":\"Home\",\"item\":\"https:\/\/dev.monti.lt\/\"},{\"@type\":\"ListItem\",\"position\":2,\"name\":\"Parduotuv\u0117\",\"item\":\"https:\/\/dev.monti.lt\/shop\/\"},{\"@type\":\"ListItem\",\"position\":3,\"name\":\"Medinis r\u016b\u0161iuoklis &#8220;Formos&#8221;\"}]},{\"@type\":\"WebSite\",\"@id\":\"https:\/\/dev.monti.lt\/#website\",\"url\":\"https:\/\/dev.monti.lt\/\",\"name\":\"Montessori \u017eaislai\",\"description\":\"\",\"publisher\":{\"@id\":\"https:\/\/dev.monti.lt\/#organization\"},\"potentialAction\":[{\"@type\":\"SearchAction\",\"target\":{\"@type\":\"EntryPoint\",\"urlTemplate\":\"https:\/\/dev.monti.lt\/?s={search_term_string}\"},\"query-input\":\"required name=search_term_string\"}],\"inLanguage\":\"en-US\"},{\"@type\":\"Organization\",\"@id\":\"https:\/\/dev.monti.lt\/#organization\",\"name\":\"Montessori \u017eaislai\",\"url\":\"https:\/\/dev.monti.lt\/\",\"logo\":{\"@type\":\"ImageObject\",\"inLanguage\":\"en-US\",\"@id\":\"https:\/\/dev.monti.lt\/#\/schema\/logo\/image\/\",\"url\":\"https:\/\/dev.monti.lt\/wp-content\/uploads\/2022\/03\/montilogo-1.png\",\"contentUrl\":\"https:\/\/dev.monti.lt\/wp-content\/uploads\/2022\/03\/montilogo-1.png\",\"width\":512,\"height\":512,\"caption\":\"Montessori \u017eaislai\"},\"image\":{\"@id\":\"https:\/\/dev.monti.lt\/#\/schema\/logo\/image\/\"}}]}<\/script>\n<!-- \/ Yoast SEO plugin. -->","yoast_head_json":{"title":"Medinis r\u016b\u0161iuoklis \"Formos\" - Montessori \u017eaislai","robots":{"index":"noindex","follow":"follow","max-snippet":"max-snippet:-1","max-image-preview":"max-image-preview:large","max-video-preview":"max-video-preview:-1"},"og_locale":"en_US","og_type":"article","og_title":"Medinis r\u016b\u0161iuoklis \"Formos\" - Montessori \u017eaislai","og_description":"SPECIFIKACIJA \u012eSKAITANT Mediniai \u017eaislai yra patvar\u016bs ir atspar\u016bs pa\u017eeidimams. Puikios b\u016bkl\u0117s, gali tarnauti i\u0161tisas kartas. Medin\u0117 r\u016b\u0161iuotoja patiks kiekvienam vaikui, m\u0117gstan\u010diam \u012fg\u016bd\u017ei\u0173 \u017eaislus. Tai puiki dovanos id\u0117ja, kuri tikrai suteiks daug d\u017eiaugsmo. Medinis r\u016b\u0161iuotojas su kalad\u0117l\u0117mis tiks tiek berniukams, tiek mergait\u0117ms. D\u0117lion\u0117 itin apgalvotai lavina vaik\u0173 rankinius \u012fg\u016bd\u017eius, padeda lavinti motorikos koordinacij\u0105, lavina geb\u0117jim\u0105 logi\u0161kai [&hellip;]","og_url":"https:\/\/dev.monti.lt\/en\/product\/medinis-rusiuoklis-formos\/","og_site_name":"Montessori \u017eaislai","article_modified_time":"2024-10-01T11:37:03+00:00","og_image":[{"width":500,"height":500,"url":"https:\/\/dev.monti.lt\/wp-content\/uploads\/2023\/11\/lit_pl_Rusiuoklis-medine-delione-Kruzzel-22492-17081_6.webp","type":"image\/webp"}],"twitter_card":"summary_large_image","twitter_misc":{"Est. reading time":"1 minute"},"schema":{"@context":"https:\/\/schema.org","@graph":[{"@type":"WebPage","@id":"https:\/\/dev.monti.lt\/product\/medinis-rusiuoklis-formos\/","url":"https:\/\/dev.monti.lt\/product\/medinis-rusiuoklis-formos\/","name":"Medinis r\u016b\u0161iuoklis \"Formos\" - Montessori \u017eaislai","isPartOf":{"@id":"https:\/\/dev.monti.lt\/#website"},"primaryImageOfPage":{"@id":"https:\/\/dev.monti.lt\/product\/medinis-rusiuoklis-formos\/#primaryimage"},"image":{"@id":"https:\/\/dev.monti.lt\/product\/medinis-rusiuoklis-formos\/#primaryimage"},"thumbnailUrl":"https:\/\/dev.monti.lt\/wp-content\/uploads\/2023\/11\/lit_pl_Rusiuoklis-medine-delione-Kruzzel-22492-17081_6.webp","datePublished":"2023-11-08T14:24:50+00:00","dateModified":"2024-10-01T11:37:03+00:00","breadcrumb":{"@id":"https:\/\/dev.monti.lt\/product\/medinis-rusiuoklis-formos\/#breadcrumb"},"inLanguage":"en-US","potentialAction":[{"@type":"ReadAction","target":["https:\/\/dev.monti.lt\/product\/medinis-rusiuoklis-formos\/"]}]},{"@type":"ImageObject","inLanguage":"en-US","@id":"https:\/\/dev.monti.lt\/product\/medinis-rusiuoklis-formos\/#primaryimage","url":"https:\/\/dev.monti.lt\/wp-content\/uploads\/2023\/11\/lit_pl_Rusiuoklis-medine-delione-Kruzzel-22492-17081_6.webp","contentUrl":"https:\/\/dev.monti.lt\/wp-content\/uploads\/2023\/11\/lit_pl_Rusiuoklis-medine-delione-Kruzzel-22492-17081_6.webp","width":500,"height":500,"caption":"medine delione"},{"@type":"BreadcrumbList","@id":"https:\/\/dev.monti.lt\/product\/medinis-rusiuoklis-formos\/#breadcrumb","itemListElement":[{"@type":"ListItem","position":1,"name":"Home","item":"https:\/\/dev.monti.lt\/"},{"@type":"ListItem","position":2,"name":"Parduotuv\u0117","item":"https:\/\/dev.monti.lt\/shop\/"},{"@type":"ListItem","position":3,"name":"Medinis r\u016b\u0161iuoklis &#8220;Formos&#8221;"}]},{"@type":"WebSite","@id":"https:\/\/dev.monti.lt\/#website","url":"https:\/\/dev.monti.lt\/","name":"Montessori \u017eaislai","description":"","publisher":{"@id":"https:\/\/dev.monti.lt\/#organization"},"potentialAction":[{"@type":"SearchAction","target":{"@type":"EntryPoint","urlTemplate":"https:\/\/dev.monti.lt\/?s={search_term_string}"},"query-input":"required name=search_term_string"}],"inLanguage":"en-US"},{"@type":"Organization","@id":"https:\/\/dev.monti.lt\/#organization","name":"Montessori \u017eaislai","url":"https:\/\/dev.monti.lt\/","logo":{"@type":"ImageObject","inLanguage":"en-US","@id":"https:\/\/dev.monti.lt\/#\/schema\/logo\/image\/","url":"https:\/\/dev.monti.lt\/wp-content\/uploads\/2022\/03\/montilogo-1.png","contentUrl":"https:\/\/dev.monti.lt\/wp-content\/uploads\/2022\/03\/montilogo-1.png","width":512,"height":512,"caption":"Montessori \u017eaislai"},"image":{"@id":"https:\/\/dev.monti.lt\/#\/schema\/logo\/image\/"}}]}},"_links":{"self":[{"href":"https:\/\/dev.monti.lt\/en\/wp-json\/wp\/v2\/product\/19182"}],"collection":[{"href":"https:\/\/dev.monti.lt\/en\/wp-json\/wp\/v2\/product"}],"about":[{"href":"https:\/\/dev.monti.lt\/en\/wp-json\/wp\/v2\/types\/product"}],"version-history":[{"count":1,"href":"https:\/\/dev.monti.lt\/en\/wp-json\/wp\/v2\/product\/19182\/revisions"}],"predecessor-version":[{"id":19186,"href":"https:\/\/dev.monti.lt\/en\/wp-json\/wp\/v2\/product\/19182\/revisions\/19186"}],"wp:featuredmedia":[{"embeddable":true,"href":"https:\/\/dev.monti.lt\/en\/wp-json\/wp\/v2\/media\/19183"}],"wp:attachment":[{"href":"https:\/\/dev.monti.lt\/en\/wp-json\/wp\/v2\/media?parent=19182"}],"wp:term":[{"taxonomy":"product_cat","embeddable":true,"href":"https:\/\/dev.monti.lt\/en\/wp-json\/wp\/v2\/product_cat?post=19182"},{"taxonomy":"product_tag","embeddable":true,"href":"https:\/\/dev.monti.lt\/en\/wp-json\/wp\/v2\/product_tag?post=19182"}],"curies":[{"name":"wp","href":"https:\/\/api.w.org\/{rel}","templated":true}]}}