{"id":19143,"date":"2023-11-08T13:57:37","date_gmt":"2023-11-08T13:57:37","guid":{"rendered":"https:\/\/dev.monti.lt\/?post_type=product&#038;p=19143"},"modified":"2024-10-07T10:08:57","modified_gmt":"2024-10-07T10:08:57","slug":"vaikiskas-buitines-technikos-rinkinys","status":"publish","type":"product","link":"https:\/\/dev.monti.lt\/en\/product\/vaikiskas-buitines-technikos-rinkinys\/","title":{"rendered":"Vaiki\u0161kas buitin\u0117s technikos rinkinys"},"content":{"rendered":"<ul class=\"wp-block-list\"><li><strong>3 viename\u00a0<\/strong>\u2013 \u012f vis\u0105 valymo komplekt\u0105 \u012feina 3 skirtinogos buitin\u0117s technikos: skalbimo ma\u0161ina, lygintuvas ir dulki\u0173 siurblys. Rinkinys \u201etrys viename\u201c yra puikus \u017eaislas kiekvienam vaikui, kuris m\u0117gsta m\u0117gd\u017eioti savo t\u0117vus atliekant kasdienes veiklas, o daugyb\u0117 realisti\u0161k\u0173 funkcij\u0173 neleid\u017eia jam nuobod\u017eiauti.<\/li>\n\n<li><strong>GARSO IR \u0160VIESOS EFEKTAI\u00a0<\/strong>\u2013 \u012fjungus prietaisus sklinda tikrovi\u0161ki garsai ir u\u017esidega lemput\u0117s<\/li>\n\n<li><strong>\u012eRANGOS FUNKCIJOS\u00a0<\/strong>\u2013 dulki\u0173 siurblys turi\u00a0<strong>siurbimo funkcija<\/strong>\u00a0&#8211; sutraukia amuoliukus, kurie yra komplekte. Lygintuve yra\u00a0<strong>vandens pur\u0161kimo funkcija<\/strong>\u00a0, o skalbimo ma\u0161ina skalbimo metu puikiai atkuria tikros skalbimo ma\u0161inos gars\u0105.<\/li><\/ul><p><strong>SPECIFIKACIJA<\/strong><\/p><ul class=\"wp-block-list\"><li>spalva: balta, raudona<\/li>\n\n<li>med\u017eiaga: plastikas<\/li>\n\n<li>Maitinimas: AA tipo baterijos (\u012f komplekt\u0105 ne\u012feina)<\/li>\n\n<li>skalbimo ma\u0161inos matmenys: 14 x 19 x 9,5 cm<\/li>\n\n<li>i\u0161matavimai pakuot\u0117je: 55 x 38 x 12 cm<\/li>\n\n<li>svoris: 0,816 kg<\/li>\n\n<li>pakuot\u0117s svoris: 1,577 kg<\/li><\/ul><p>Rinkin\u012f sudaro:<\/p><ul class=\"wp-block-list\"><li>Lygintuvas<\/li>\n\n<li>dulki\u0173 siurblys<\/li>\n\n<li>Skalbimo ma\u0161ina<\/li>\n\n<li>3 pakabos<\/li>\n\n<li>1 x mai\u0161elis put\u0173 polistirolo rutuliuk\u0173<\/li>\n\n<li><\/li><\/ul>","protected":false},"excerpt":{"rendered":"<p>Buitin\u0117s technikos rinkinys \u201etrys viename\u201c yra puikus \u017eaislas kiekvienam vaikui, kuris m\u0117gsta m\u0117gd\u017eioti t\u0117vus atliekant kasdienes veiklas, o tikrovi\u0161k\u0173 funkcij\u0173 gausa neleid\u017eia nuobod\u017eiauti.<\/p>","protected":false},"featured_media":19144,"template":"","meta":{"iawp_total_views":53},"product_cat":[195,216,217,197,196,191,82,192,84,90,50,93,49,39],"product_tag":[96,97,98],"class_list":{"0":"post-19143","1":"product","2":"type-product","3":"status-publish","4":"has-post-thumbnail","6":"product_cat-dovanos-vaikams-3-4-metu","7":"product_cat-dovanos-4-5-metu-vaikams","8":"product_cat-dovanos-5-7-metu-vaikams","9":"product_cat-dovanos-berniukams","10":"product_cat-dovanos-mergaitems","11":"product_cat-dovanos-vaikams","12":"product_cat-ispardavimas","13":"product_cat-kaledines-dovanos-vaikams","14":"product_cat-lavinamieji-zaislai","15":"product_cat-pasaulio-pazinimas","16":"product_cat-top-dovanos","17":"product_cat-vaidmenu-zaidimai","18":"product_cat-visi-zaislai","19":"product_cat-zaislai","20":"product_tag-2-m-3-m","21":"product_tag-3-m-4-m","22":"product_tag-5-m-7-m","24":"first","25":"outofstock","26":"sale","27":"taxable","28":"shipping-taxable","29":"purchasable","30":"product-type-simple"},"yoast_head":"<!-- This site is optimized with the Yoast SEO plugin v23.3 - https:\/\/yoast.com\/wordpress\/plugins\/seo\/ -->\n<title>Vaiki\u0161kas buitin\u0117s technikos rinkinys - Montessori \u017eaislai<\/title>\n<meta name=\"robots\" content=\"noindex, follow, max-snippet:-1, max-image-preview:large, max-video-preview:-1\" \/>\n<meta property=\"og:locale\" content=\"en_US\" \/>\n<meta property=\"og:type\" content=\"article\" \/>\n<meta property=\"og:title\" content=\"Vaiki\u0161kas buitin\u0117s technikos rinkinys - Montessori \u017eaislai\" \/>\n<meta property=\"og:description\" content=\"Buitin\u0117s technikos rinkinys \u201etrys viename\u201c yra puikus \u017eaislas kiekvienam vaikui, kuris m\u0117gsta m\u0117gd\u017eioti t\u0117vus atliekant kasdienes veiklas, o tikrovi\u0161k\u0173 funkcij\u0173 gausa neleid\u017eia nuobod\u017eiauti.\" \/>\n<meta property=\"og:url\" content=\"https:\/\/dev.monti.lt\/en\/product\/vaikiskas-buitines-technikos-rinkinys\/\" \/>\n<meta property=\"og:site_name\" content=\"Montessori \u017eaislai\" \/>\n<meta property=\"article:modified_time\" content=\"2024-10-07T10:08:57+00:00\" \/>\n<meta property=\"og:image\" content=\"https:\/\/dev.monti.lt\/wp-content\/uploads\/2023\/11\/lit_pl_Buitines-technikos-rinkinys-vaikams-22570-17125_8.jpg\" \/>\n\t<meta property=\"og:image:width\" content=\"500\" \/>\n\t<meta property=\"og:image:height\" content=\"500\" \/>\n\t<meta property=\"og:image:type\" content=\"image\/jpeg\" \/>\n<meta name=\"twitter:card\" content=\"summary_large_image\" \/>\n<meta name=\"twitter:label1\" content=\"Est. reading time\" \/>\n\t<meta name=\"twitter:data1\" content=\"1 minute\" \/>\n<script type=\"application\/ld+json\" class=\"yoast-schema-graph\">{\"@context\":\"https:\/\/schema.org\",\"@graph\":[{\"@type\":\"WebPage\",\"@id\":\"https:\/\/dev.monti.lt\/product\/vaikiskas-buitines-technikos-rinkinys\/\",\"url\":\"https:\/\/dev.monti.lt\/product\/vaikiskas-buitines-technikos-rinkinys\/\",\"name\":\"Vaiki\u0161kas buitin\u0117s technikos rinkinys - Montessori \u017eaislai\",\"isPartOf\":{\"@id\":\"https:\/\/dev.monti.lt\/#website\"},\"primaryImageOfPage\":{\"@id\":\"https:\/\/dev.monti.lt\/product\/vaikiskas-buitines-technikos-rinkinys\/#primaryimage\"},\"image\":{\"@id\":\"https:\/\/dev.monti.lt\/product\/vaikiskas-buitines-technikos-rinkinys\/#primaryimage\"},\"thumbnailUrl\":\"https:\/\/dev.monti.lt\/wp-content\/uploads\/2023\/11\/lit_pl_Buitines-technikos-rinkinys-vaikams-22570-17125_8.jpg\",\"datePublished\":\"2023-11-08T13:57:37+00:00\",\"dateModified\":\"2024-10-07T10:08:57+00:00\",\"breadcrumb\":{\"@id\":\"https:\/\/dev.monti.lt\/product\/vaikiskas-buitines-technikos-rinkinys\/#breadcrumb\"},\"inLanguage\":\"en-US\",\"potentialAction\":[{\"@type\":\"ReadAction\",\"target\":[\"https:\/\/dev.monti.lt\/product\/vaikiskas-buitines-technikos-rinkinys\/\"]}]},{\"@type\":\"ImageObject\",\"inLanguage\":\"en-US\",\"@id\":\"https:\/\/dev.monti.lt\/product\/vaikiskas-buitines-technikos-rinkinys\/#primaryimage\",\"url\":\"https:\/\/dev.monti.lt\/wp-content\/uploads\/2023\/11\/lit_pl_Buitines-technikos-rinkinys-vaikams-22570-17125_8.jpg\",\"contentUrl\":\"https:\/\/dev.monti.lt\/wp-content\/uploads\/2023\/11\/lit_pl_Buitines-technikos-rinkinys-vaikams-22570-17125_8.jpg\",\"width\":500,\"height\":500,\"caption\":\"vaikiskas dulkiu siurblys\"},{\"@type\":\"BreadcrumbList\",\"@id\":\"https:\/\/dev.monti.lt\/product\/vaikiskas-buitines-technikos-rinkinys\/#breadcrumb\",\"itemListElement\":[{\"@type\":\"ListItem\",\"position\":1,\"name\":\"Home\",\"item\":\"https:\/\/dev.monti.lt\/\"},{\"@type\":\"ListItem\",\"position\":2,\"name\":\"Parduotuv\u0117\",\"item\":\"https:\/\/dev.monti.lt\/shop\/\"},{\"@type\":\"ListItem\",\"position\":3,\"name\":\"Vaiki\u0161kas buitin\u0117s technikos rinkinys\"}]},{\"@type\":\"WebSite\",\"@id\":\"https:\/\/dev.monti.lt\/#website\",\"url\":\"https:\/\/dev.monti.lt\/\",\"name\":\"Montessori \u017eaislai\",\"description\":\"\",\"publisher\":{\"@id\":\"https:\/\/dev.monti.lt\/#organization\"},\"potentialAction\":[{\"@type\":\"SearchAction\",\"target\":{\"@type\":\"EntryPoint\",\"urlTemplate\":\"https:\/\/dev.monti.lt\/?s={search_term_string}\"},\"query-input\":\"required name=search_term_string\"}],\"inLanguage\":\"en-US\"},{\"@type\":\"Organization\",\"@id\":\"https:\/\/dev.monti.lt\/#organization\",\"name\":\"Montessori \u017eaislai\",\"url\":\"https:\/\/dev.monti.lt\/\",\"logo\":{\"@type\":\"ImageObject\",\"inLanguage\":\"en-US\",\"@id\":\"https:\/\/dev.monti.lt\/#\/schema\/logo\/image\/\",\"url\":\"https:\/\/dev.monti.lt\/wp-content\/uploads\/2022\/03\/montilogo-1.png\",\"contentUrl\":\"https:\/\/dev.monti.lt\/wp-content\/uploads\/2022\/03\/montilogo-1.png\",\"width\":512,\"height\":512,\"caption\":\"Montessori \u017eaislai\"},\"image\":{\"@id\":\"https:\/\/dev.monti.lt\/#\/schema\/logo\/image\/\"}}]}<\/script>\n<!-- \/ Yoast SEO plugin. -->","yoast_head_json":{"title":"Vaiki\u0161kas buitin\u0117s technikos rinkinys - Montessori \u017eaislai","robots":{"index":"noindex","follow":"follow","max-snippet":"max-snippet:-1","max-image-preview":"max-image-preview:large","max-video-preview":"max-video-preview:-1"},"og_locale":"en_US","og_type":"article","og_title":"Vaiki\u0161kas buitin\u0117s technikos rinkinys - Montessori \u017eaislai","og_description":"Buitin\u0117s technikos rinkinys \u201etrys viename\u201c yra puikus \u017eaislas kiekvienam vaikui, kuris m\u0117gsta m\u0117gd\u017eioti t\u0117vus atliekant kasdienes veiklas, o tikrovi\u0161k\u0173 funkcij\u0173 gausa neleid\u017eia nuobod\u017eiauti.","og_url":"https:\/\/dev.monti.lt\/en\/product\/vaikiskas-buitines-technikos-rinkinys\/","og_site_name":"Montessori \u017eaislai","article_modified_time":"2024-10-07T10:08:57+00:00","og_image":[{"width":500,"height":500,"url":"https:\/\/dev.monti.lt\/wp-content\/uploads\/2023\/11\/lit_pl_Buitines-technikos-rinkinys-vaikams-22570-17125_8.jpg","type":"image\/jpeg"}],"twitter_card":"summary_large_image","twitter_misc":{"Est. reading time":"1 minute"},"schema":{"@context":"https:\/\/schema.org","@graph":[{"@type":"WebPage","@id":"https:\/\/dev.monti.lt\/product\/vaikiskas-buitines-technikos-rinkinys\/","url":"https:\/\/dev.monti.lt\/product\/vaikiskas-buitines-technikos-rinkinys\/","name":"Vaiki\u0161kas buitin\u0117s technikos rinkinys - Montessori \u017eaislai","isPartOf":{"@id":"https:\/\/dev.monti.lt\/#website"},"primaryImageOfPage":{"@id":"https:\/\/dev.monti.lt\/product\/vaikiskas-buitines-technikos-rinkinys\/#primaryimage"},"image":{"@id":"https:\/\/dev.monti.lt\/product\/vaikiskas-buitines-technikos-rinkinys\/#primaryimage"},"thumbnailUrl":"https:\/\/dev.monti.lt\/wp-content\/uploads\/2023\/11\/lit_pl_Buitines-technikos-rinkinys-vaikams-22570-17125_8.jpg","datePublished":"2023-11-08T13:57:37+00:00","dateModified":"2024-10-07T10:08:57+00:00","breadcrumb":{"@id":"https:\/\/dev.monti.lt\/product\/vaikiskas-buitines-technikos-rinkinys\/#breadcrumb"},"inLanguage":"en-US","potentialAction":[{"@type":"ReadAction","target":["https:\/\/dev.monti.lt\/product\/vaikiskas-buitines-technikos-rinkinys\/"]}]},{"@type":"ImageObject","inLanguage":"en-US","@id":"https:\/\/dev.monti.lt\/product\/vaikiskas-buitines-technikos-rinkinys\/#primaryimage","url":"https:\/\/dev.monti.lt\/wp-content\/uploads\/2023\/11\/lit_pl_Buitines-technikos-rinkinys-vaikams-22570-17125_8.jpg","contentUrl":"https:\/\/dev.monti.lt\/wp-content\/uploads\/2023\/11\/lit_pl_Buitines-technikos-rinkinys-vaikams-22570-17125_8.jpg","width":500,"height":500,"caption":"vaikiskas dulkiu siurblys"},{"@type":"BreadcrumbList","@id":"https:\/\/dev.monti.lt\/product\/vaikiskas-buitines-technikos-rinkinys\/#breadcrumb","itemListElement":[{"@type":"ListItem","position":1,"name":"Home","item":"https:\/\/dev.monti.lt\/"},{"@type":"ListItem","position":2,"name":"Parduotuv\u0117","item":"https:\/\/dev.monti.lt\/shop\/"},{"@type":"ListItem","position":3,"name":"Vaiki\u0161kas buitin\u0117s technikos rinkinys"}]},{"@type":"WebSite","@id":"https:\/\/dev.monti.lt\/#website","url":"https:\/\/dev.monti.lt\/","name":"Montessori \u017eaislai","description":"","publisher":{"@id":"https:\/\/dev.monti.lt\/#organization"},"potentialAction":[{"@type":"SearchAction","target":{"@type":"EntryPoint","urlTemplate":"https:\/\/dev.monti.lt\/?s={search_term_string}"},"query-input":"required name=search_term_string"}],"inLanguage":"en-US"},{"@type":"Organization","@id":"https:\/\/dev.monti.lt\/#organization","name":"Montessori \u017eaislai","url":"https:\/\/dev.monti.lt\/","logo":{"@type":"ImageObject","inLanguage":"en-US","@id":"https:\/\/dev.monti.lt\/#\/schema\/logo\/image\/","url":"https:\/\/dev.monti.lt\/wp-content\/uploads\/2022\/03\/montilogo-1.png","contentUrl":"https:\/\/dev.monti.lt\/wp-content\/uploads\/2022\/03\/montilogo-1.png","width":512,"height":512,"caption":"Montessori \u017eaislai"},"image":{"@id":"https:\/\/dev.monti.lt\/#\/schema\/logo\/image\/"}}]}},"_links":{"self":[{"href":"https:\/\/dev.monti.lt\/en\/wp-json\/wp\/v2\/product\/19143"}],"collection":[{"href":"https:\/\/dev.monti.lt\/en\/wp-json\/wp\/v2\/product"}],"about":[{"href":"https:\/\/dev.monti.lt\/en\/wp-json\/wp\/v2\/types\/product"}],"version-history":[{"count":2,"href":"https:\/\/dev.monti.lt\/en\/wp-json\/wp\/v2\/product\/19143\/revisions"}],"predecessor-version":[{"id":19154,"href":"https:\/\/dev.monti.lt\/en\/wp-json\/wp\/v2\/product\/19143\/revisions\/19154"}],"wp:featuredmedia":[{"embeddable":true,"href":"https:\/\/dev.monti.lt\/en\/wp-json\/wp\/v2\/media\/19144"}],"wp:attachment":[{"href":"https:\/\/dev.monti.lt\/en\/wp-json\/wp\/v2\/media?parent=19143"}],"wp:term":[{"taxonomy":"product_cat","embeddable":true,"href":"https:\/\/dev.monti.lt\/en\/wp-json\/wp\/v2\/product_cat?post=19143"},{"taxonomy":"product_tag","embeddable":true,"href":"https:\/\/dev.monti.lt\/en\/wp-json\/wp\/v2\/product_tag?post=19143"}],"curies":[{"name":"wp","href":"https:\/\/api.w.org\/{rel}","templated":true}]}}