{"id":19133,"date":"2023-11-08T13:50:14","date_gmt":"2023-11-08T13:50:14","guid":{"rendered":"https:\/\/dev.monti.lt\/?post_type=product&#038;p=19133"},"modified":"2024-09-28T15:28:46","modified_gmt":"2024-09-28T15:28:46","slug":"kurybinis-rinkinys-rankdarbiams","status":"publish","type":"product","link":"https:\/\/dev.monti.lt\/en\/product\/kurybinis-rinkinys-rankdarbiams\/","title":{"rendered":"K\u016brybinis rinkinys rankdarbiams"},"content":{"rendered":"<ul class=\"wp-block-list\"><li><strong>DIDELIS RINKINYS <\/strong>NED\u016a\u017dTAN\u010cIAME INDELYJE\u00a0&#8211; K\u016brybinis rinkinys yra platus meno med\u017eiag\u0173 rinkinys plastikiniame u\u017esukan\u010diame indelyje.<\/li>\n\n<li><strong>DAUG ELEMENT\u0172<\/strong>\u00a0&#8211; Rinkinys yra pilnas \u012fvairi\u0173 spalving\u0173 med\u017eiag\u0173 skirtingomis formomis, tekst\u016bromis l<strong>eid\u017eia sugalvoti labai daug j\u0173 panaudojimo galimybi\u0173<\/strong>\u00a0. Rinkinyje yra atvirut\u0117s, lipdukai, pomponai, vielos, \u017eirkl\u0117s, blizgantys klijai ir daug kit\u0173 nuostabi\u0173 element\u0173 meno k\u016briniams kurti.<\/li>\n\n<li>K\u016brybinis \u017eaidimas yra puikus b\u016bdas lavinti smulkiosios motorikos \u012fg\u016bd\u017eius, vaizduot\u0119 ir k\u016brybin\u012f m\u0105stym\u0105. \u0160is rinkinys pad\u0117s jums atlikti \u0161\u012f proces\u0105, pateikdamas jums\u00a0<strong>galimyb\u0117 sukurti savo unikalius meno ir dizaino k\u016brinius<\/strong>\u00a0.<\/li>\n\n<li>K\u016brybinis rinkinys gali b\u016bti puikus b\u016bdas leisti laik\u0105 kartu su \u0161eima, skatinantis kurti ir dalytis id\u0117jomis kartu.<\/li><\/ul><p><strong>SPECIFIKACIJA<\/strong><\/p><ul class=\"wp-block-list\"><li>med\u017eiaga: plastikas, popierius, plastikas<\/li>\n\n<li>spalva: daugiaspalvis<\/li>\n\n<li>matmenys: 20 x 11,5 cm<\/li>\n\n<li>svoris: 369 g<\/li>\n\n<li>\u012eskai\u010diuotas svoris: 443 g<\/li><\/ul><p>Rinkinyje rasite:<\/p><ul class=\"wp-block-list\"><li>spalvingi sveikinimo atvirukai<\/li>\n\n<li>p\u016bkuoti laidai<\/li>\n\n<li>spalvingi mediniai pagaliukai<\/li>\n\n<li>spalvingos plunksnos<\/li>\n\n<li>\u012fvairi\u0173 spalv\u0173 ir dyd\u017ei\u0173 p\u016bkuoti pomponai<\/li>\n\n<li>blizgantys klijai<\/li>\n\n<li>\u012fvairi\u0173 spalv\u0173 ir dyd\u017ei\u0173 mygtukai,<\/li>\n\n<li>judan\u010dios akys<\/li>\n\n<li>spalvingos, blizgan\u010dios \u012fvairi\u0173 form\u0173 dekoracijos, pvz., lapai, \u0161irdel\u0117s, gyv\u016bnai<\/li>\n\n<li>lipni putplas\u010dio lipdukai<\/li>\n\n<li>putplas\u010dio raid\u0117s, lipn\u016bs lipdukai<\/li>\n\n<li>lipn\u016bs deimantai<\/li>\n\n<li>saugos \u017eirkl\u0117s<\/li>\n\n<li>laikymo indas<\/li><\/ul><p><\/p>","protected":false},"excerpt":{"rendered":"<p>SPECIFIKACIJA Rinkinyje rasite:<\/p>","protected":false},"featured_media":19134,"template":"","meta":{"iawp_total_views":338},"product_cat":[82,87,84,89,86,199,39],"product_tag":[96,97,98,99],"class_list":{"0":"post-19133","1":"product","2":"type-product","3":"status-publish","4":"has-post-thumbnail","6":"product_cat-ispardavimas","7":"product_cat-kurybiniai-rinkiniai","8":"product_cat-lavinamieji-zaislai","9":"product_cat-mokausi-piesti","10":"product_cat-smulkioji-motorika","11":"product_cat-ugdymo-istaigoms","12":"product_cat-zaislai","13":"product_tag-2-m-3-m","14":"product_tag-3-m-4-m","15":"product_tag-5-m-7-m","16":"product_tag-8-m-11-m","18":"first","19":"instock","20":"sale","21":"taxable","22":"shipping-taxable","23":"purchasable","24":"product-type-simple"},"yoast_head":"<!-- This site is optimized with the Yoast SEO plugin v23.3 - https:\/\/yoast.com\/wordpress\/plugins\/seo\/ -->\n<title>K\u016brybinis rinkinys rankdarbiams - Montessori \u017eaislai<\/title>\n<meta name=\"robots\" content=\"noindex, follow, max-snippet:-1, max-image-preview:large, max-video-preview:-1\" \/>\n<meta property=\"og:locale\" content=\"en_US\" \/>\n<meta property=\"og:type\" content=\"article\" \/>\n<meta property=\"og:title\" content=\"K\u016brybinis rinkinys rankdarbiams - Montessori \u017eaislai\" \/>\n<meta property=\"og:description\" content=\"SPECIFIKACIJA Rinkinyje rasite:\" \/>\n<meta property=\"og:url\" content=\"https:\/\/dev.monti.lt\/en\/product\/kurybinis-rinkinys-rankdarbiams\/\" \/>\n<meta property=\"og:site_name\" content=\"Montessori \u017eaislai\" \/>\n<meta property=\"article:modified_time\" content=\"2024-09-28T15:28:46+00:00\" \/>\n<meta property=\"og:image\" content=\"https:\/\/dev.monti.lt\/wp-content\/uploads\/2023\/11\/lit_pl_Kurybinio-meno-rinkinys-Kruzzel-22888-17135_10.jpg\" \/>\n\t<meta property=\"og:image:width\" content=\"500\" \/>\n\t<meta property=\"og:image:height\" content=\"500\" \/>\n\t<meta property=\"og:image:type\" content=\"image\/jpeg\" \/>\n<meta name=\"twitter:card\" content=\"summary_large_image\" \/>\n<meta name=\"twitter:label1\" content=\"Est. reading time\" \/>\n\t<meta name=\"twitter:data1\" content=\"2 minutes\" \/>\n<script type=\"application\/ld+json\" class=\"yoast-schema-graph\">{\"@context\":\"https:\/\/schema.org\",\"@graph\":[{\"@type\":\"WebPage\",\"@id\":\"https:\/\/dev.monti.lt\/product\/kurybinis-rinkinys-rankdarbiams\/\",\"url\":\"https:\/\/dev.monti.lt\/product\/kurybinis-rinkinys-rankdarbiams\/\",\"name\":\"K\u016brybinis rinkinys rankdarbiams - Montessori \u017eaislai\",\"isPartOf\":{\"@id\":\"https:\/\/dev.monti.lt\/#website\"},\"primaryImageOfPage\":{\"@id\":\"https:\/\/dev.monti.lt\/product\/kurybinis-rinkinys-rankdarbiams\/#primaryimage\"},\"image\":{\"@id\":\"https:\/\/dev.monti.lt\/product\/kurybinis-rinkinys-rankdarbiams\/#primaryimage\"},\"thumbnailUrl\":\"https:\/\/dev.monti.lt\/wp-content\/uploads\/2023\/11\/lit_pl_Kurybinio-meno-rinkinys-Kruzzel-22888-17135_10.jpg\",\"datePublished\":\"2023-11-08T13:50:14+00:00\",\"dateModified\":\"2024-09-28T15:28:46+00:00\",\"breadcrumb\":{\"@id\":\"https:\/\/dev.monti.lt\/product\/kurybinis-rinkinys-rankdarbiams\/#breadcrumb\"},\"inLanguage\":\"en-US\",\"potentialAction\":[{\"@type\":\"ReadAction\",\"target\":[\"https:\/\/dev.monti.lt\/product\/kurybinis-rinkinys-rankdarbiams\/\"]}]},{\"@type\":\"ImageObject\",\"inLanguage\":\"en-US\",\"@id\":\"https:\/\/dev.monti.lt\/product\/kurybinis-rinkinys-rankdarbiams\/#primaryimage\",\"url\":\"https:\/\/dev.monti.lt\/wp-content\/uploads\/2023\/11\/lit_pl_Kurybinio-meno-rinkinys-Kruzzel-22888-17135_10.jpg\",\"contentUrl\":\"https:\/\/dev.monti.lt\/wp-content\/uploads\/2023\/11\/lit_pl_Kurybinio-meno-rinkinys-Kruzzel-22888-17135_10.jpg\",\"width\":500,\"height\":500,\"caption\":\"pirmosios zirkles\"},{\"@type\":\"BreadcrumbList\",\"@id\":\"https:\/\/dev.monti.lt\/product\/kurybinis-rinkinys-rankdarbiams\/#breadcrumb\",\"itemListElement\":[{\"@type\":\"ListItem\",\"position\":1,\"name\":\"Home\",\"item\":\"https:\/\/dev.monti.lt\/\"},{\"@type\":\"ListItem\",\"position\":2,\"name\":\"Parduotuv\u0117\",\"item\":\"https:\/\/dev.monti.lt\/shop\/\"},{\"@type\":\"ListItem\",\"position\":3,\"name\":\"K\u016brybinis rinkinys rankdarbiams\"}]},{\"@type\":\"WebSite\",\"@id\":\"https:\/\/dev.monti.lt\/#website\",\"url\":\"https:\/\/dev.monti.lt\/\",\"name\":\"Montessori \u017eaislai\",\"description\":\"\",\"publisher\":{\"@id\":\"https:\/\/dev.monti.lt\/#organization\"},\"potentialAction\":[{\"@type\":\"SearchAction\",\"target\":{\"@type\":\"EntryPoint\",\"urlTemplate\":\"https:\/\/dev.monti.lt\/?s={search_term_string}\"},\"query-input\":\"required name=search_term_string\"}],\"inLanguage\":\"en-US\"},{\"@type\":\"Organization\",\"@id\":\"https:\/\/dev.monti.lt\/#organization\",\"name\":\"Montessori \u017eaislai\",\"url\":\"https:\/\/dev.monti.lt\/\",\"logo\":{\"@type\":\"ImageObject\",\"inLanguage\":\"en-US\",\"@id\":\"https:\/\/dev.monti.lt\/#\/schema\/logo\/image\/\",\"url\":\"https:\/\/dev.monti.lt\/wp-content\/uploads\/2022\/03\/montilogo-1.png\",\"contentUrl\":\"https:\/\/dev.monti.lt\/wp-content\/uploads\/2022\/03\/montilogo-1.png\",\"width\":512,\"height\":512,\"caption\":\"Montessori \u017eaislai\"},\"image\":{\"@id\":\"https:\/\/dev.monti.lt\/#\/schema\/logo\/image\/\"}}]}<\/script>\n<!-- \/ Yoast SEO plugin. -->","yoast_head_json":{"title":"K\u016brybinis rinkinys rankdarbiams - Montessori \u017eaislai","robots":{"index":"noindex","follow":"follow","max-snippet":"max-snippet:-1","max-image-preview":"max-image-preview:large","max-video-preview":"max-video-preview:-1"},"og_locale":"en_US","og_type":"article","og_title":"K\u016brybinis rinkinys rankdarbiams - Montessori \u017eaislai","og_description":"SPECIFIKACIJA Rinkinyje rasite:","og_url":"https:\/\/dev.monti.lt\/en\/product\/kurybinis-rinkinys-rankdarbiams\/","og_site_name":"Montessori \u017eaislai","article_modified_time":"2024-09-28T15:28:46+00:00","og_image":[{"width":500,"height":500,"url":"https:\/\/dev.monti.lt\/wp-content\/uploads\/2023\/11\/lit_pl_Kurybinio-meno-rinkinys-Kruzzel-22888-17135_10.jpg","type":"image\/jpeg"}],"twitter_card":"summary_large_image","twitter_misc":{"Est. reading time":"2 minutes"},"schema":{"@context":"https:\/\/schema.org","@graph":[{"@type":"WebPage","@id":"https:\/\/dev.monti.lt\/product\/kurybinis-rinkinys-rankdarbiams\/","url":"https:\/\/dev.monti.lt\/product\/kurybinis-rinkinys-rankdarbiams\/","name":"K\u016brybinis rinkinys rankdarbiams - Montessori \u017eaislai","isPartOf":{"@id":"https:\/\/dev.monti.lt\/#website"},"primaryImageOfPage":{"@id":"https:\/\/dev.monti.lt\/product\/kurybinis-rinkinys-rankdarbiams\/#primaryimage"},"image":{"@id":"https:\/\/dev.monti.lt\/product\/kurybinis-rinkinys-rankdarbiams\/#primaryimage"},"thumbnailUrl":"https:\/\/dev.monti.lt\/wp-content\/uploads\/2023\/11\/lit_pl_Kurybinio-meno-rinkinys-Kruzzel-22888-17135_10.jpg","datePublished":"2023-11-08T13:50:14+00:00","dateModified":"2024-09-28T15:28:46+00:00","breadcrumb":{"@id":"https:\/\/dev.monti.lt\/product\/kurybinis-rinkinys-rankdarbiams\/#breadcrumb"},"inLanguage":"en-US","potentialAction":[{"@type":"ReadAction","target":["https:\/\/dev.monti.lt\/product\/kurybinis-rinkinys-rankdarbiams\/"]}]},{"@type":"ImageObject","inLanguage":"en-US","@id":"https:\/\/dev.monti.lt\/product\/kurybinis-rinkinys-rankdarbiams\/#primaryimage","url":"https:\/\/dev.monti.lt\/wp-content\/uploads\/2023\/11\/lit_pl_Kurybinio-meno-rinkinys-Kruzzel-22888-17135_10.jpg","contentUrl":"https:\/\/dev.monti.lt\/wp-content\/uploads\/2023\/11\/lit_pl_Kurybinio-meno-rinkinys-Kruzzel-22888-17135_10.jpg","width":500,"height":500,"caption":"pirmosios zirkles"},{"@type":"BreadcrumbList","@id":"https:\/\/dev.monti.lt\/product\/kurybinis-rinkinys-rankdarbiams\/#breadcrumb","itemListElement":[{"@type":"ListItem","position":1,"name":"Home","item":"https:\/\/dev.monti.lt\/"},{"@type":"ListItem","position":2,"name":"Parduotuv\u0117","item":"https:\/\/dev.monti.lt\/shop\/"},{"@type":"ListItem","position":3,"name":"K\u016brybinis rinkinys rankdarbiams"}]},{"@type":"WebSite","@id":"https:\/\/dev.monti.lt\/#website","url":"https:\/\/dev.monti.lt\/","name":"Montessori \u017eaislai","description":"","publisher":{"@id":"https:\/\/dev.monti.lt\/#organization"},"potentialAction":[{"@type":"SearchAction","target":{"@type":"EntryPoint","urlTemplate":"https:\/\/dev.monti.lt\/?s={search_term_string}"},"query-input":"required name=search_term_string"}],"inLanguage":"en-US"},{"@type":"Organization","@id":"https:\/\/dev.monti.lt\/#organization","name":"Montessori \u017eaislai","url":"https:\/\/dev.monti.lt\/","logo":{"@type":"ImageObject","inLanguage":"en-US","@id":"https:\/\/dev.monti.lt\/#\/schema\/logo\/image\/","url":"https:\/\/dev.monti.lt\/wp-content\/uploads\/2022\/03\/montilogo-1.png","contentUrl":"https:\/\/dev.monti.lt\/wp-content\/uploads\/2022\/03\/montilogo-1.png","width":512,"height":512,"caption":"Montessori \u017eaislai"},"image":{"@id":"https:\/\/dev.monti.lt\/#\/schema\/logo\/image\/"}}]}},"_links":{"self":[{"href":"https:\/\/dev.monti.lt\/en\/wp-json\/wp\/v2\/product\/19133"}],"collection":[{"href":"https:\/\/dev.monti.lt\/en\/wp-json\/wp\/v2\/product"}],"about":[{"href":"https:\/\/dev.monti.lt\/en\/wp-json\/wp\/v2\/types\/product"}],"version-history":[{"count":1,"href":"https:\/\/dev.monti.lt\/en\/wp-json\/wp\/v2\/product\/19133\/revisions"}],"predecessor-version":[{"id":19142,"href":"https:\/\/dev.monti.lt\/en\/wp-json\/wp\/v2\/product\/19133\/revisions\/19142"}],"wp:featuredmedia":[{"embeddable":true,"href":"https:\/\/dev.monti.lt\/en\/wp-json\/wp\/v2\/media\/19134"}],"wp:attachment":[{"href":"https:\/\/dev.monti.lt\/en\/wp-json\/wp\/v2\/media?parent=19133"}],"wp:term":[{"taxonomy":"product_cat","embeddable":true,"href":"https:\/\/dev.monti.lt\/en\/wp-json\/wp\/v2\/product_cat?post=19133"},{"taxonomy":"product_tag","embeddable":true,"href":"https:\/\/dev.monti.lt\/en\/wp-json\/wp\/v2\/product_tag?post=19133"}],"curies":[{"name":"wp","href":"https:\/\/api.w.org\/{rel}","templated":true}]}}