{"id":19067,"date":"2023-11-06T09:25:38","date_gmt":"2023-11-06T09:25:38","guid":{"rendered":"https:\/\/dev.monti.lt\/?post_type=product&#038;p=19067"},"modified":"2024-09-25T06:00:04","modified_gmt":"2024-09-25T06:00:04","slug":"didele-lanksti-lenktyniu-trasa","status":"publish","type":"product","link":"https:\/\/dev.monti.lt\/en\/product\/didele-lanksti-lenktyniu-trasa\/","title":{"rendered":"Didel\u0117 lanksti lenktyni\u0173 tr\u0105sa"},"content":{"rendered":"<h3 class=\"wp-block-heading\">Lanksti automobili\u0173 tr\u0105sa\u00a0turi\u00a0<strong>192 takelio element<\/strong>us\u00a0i\u0161 kuri\u0173\u00a0<strong>galite pastatyti 4,80 m ilgio tr\u0105s\u0105<\/strong>\u00a0. Specialiai sukurta konstrukcija yra lanksti. Automobilis startuoja tik i\u0161 vienos vietos, o j\u012f laikan\u010dios trasos d\u0117ka gali nuveikti nuostabi\u0173 dalyk\u0173 likusioje mar\u0161ruto dalyje: kilpose, \u0161laituose, spiral\u0117se ir pos\u016bkiuose.<\/h3><ul class=\"wp-block-list\"><li>Takeli\u0173 elementai yra lankst\u016bs ir i\u0161 j\u0173 galite kurti bet kokius mar\u0161rutus. Kartu\u00a0<strong>sugalvokite skirtingas tras\u0173 konfig\u016bracijas, tokias kaip spiral\u0117s, \u012fkaln\u0117s, pakilimai ir pos\u016bkiai, keiskite mar\u0161rut\u0173 formas ir susidurkite su j\u016bs\u0173 laukian\u010diomis kli\u016btimis!<\/strong><\/li>\n\n<li>\u012edomus \u017eaidimas, kuris tiek berniukus, tiek mergaites sudomins valand\u0173 valandas, ar&#8230;? Lenktyn\u0117s! Ypa\u010d tos, kurios vyksta savadarbiame take, kuriame pilna kilp\u0173, pos\u016bki\u0173 ir pakilim\u0173.\u00a0<strong>Nuveskite savo vaik\u0105 \u012f \u012fdomi\u0105 kelion\u0119, kuri moko k\u016brybi\u0161kumo ir i\u0161radingumo.<\/strong><\/li>\n\n<li>Komplekte yra akumuliatoriumi varomas automobilis su kei\u010diama kabina. Galite pasirinkti\u00a0<strong>raudon\u0105 arba m\u0117lyn\u0105<\/strong>\u00a0. Laukia nuotykiai\u00a0<strong>!<\/strong><\/li><\/ul><p><strong>SPECIFIKACIJA<\/strong><\/p><ul class=\"wp-block-list\"><li>med\u017eiaga: plastikas<\/li>\n\n<li>spalva: \u012fvairiaspalv\u0117<\/li>\n\n<li>takelis: 192 elementai<\/li>\n\n<li>akumuliatoriumi varomas automobilis: taip (3 x AAA ne\u012feina)<\/li>\n\n<li>automobilio korpusas: 2 vnt (raudona, m\u0117lyna)<\/li>\n\n<li>takelio ilgis: 480 cm<\/li>\n\n<li>automobilio matmenys: 10&#215;7,5&#215;7 cm<\/li>\n\n<li>svoris: 1,139 kg<\/li>\n\n<li>pakuot\u0117s svoris: 1,373 kg<\/li><\/ul><p>Rinkinyje rasite:<\/p><ul class=\"wp-block-list\"><li>192 takelio elementai<\/li>\n\n<li>2 automobili\u0173 kabinos<\/li>\n\n<li>automobilis<\/li><\/ul><p>Automobili\u0173 trasa suteiks j\u016bs\u0173 vaikui daug smagi\u0173 valand\u0173. B\u0117gi\u0173 elementai d\u0117l didelio lankstumo gali b\u016bti judinami, pasukami, keliami, kei\u010diami kryptimi ir i\u0161d\u0117stomi bet kokia kombinacija. Kiekvienas takelio elementas yra nuimamas, tod\u0117l j\u012f lengva surinkti ir i\u0161ardyti. \u017daisdamas vaikas gali lavinti rankinius, konstravimo, k\u016brybi\u0161kumo \u012fg\u016bd\u017eius.<\/p>","protected":false},"excerpt":{"rendered":"<p>Lanksti automobili\u0173 tr\u0105sa\u00a0turi\u00a0192 takelio elementus\u00a0i\u0161 kuri\u0173\u00a0galite pastatyti 4,80 m ilgio tr\u0105s\u0105\u00a0. Specialiai sukurta konstrukcija yra lanksti. Automobilis startuoja tik i\u0161 vienos vietos, o j\u012f laikan\u010dios trasos d\u0117ka gali nuveikti nuostabi\u0173 dalyk\u0173 likusioje mar\u0161ruto dalyje: kilpose, \u0161laituose, spiral\u0117se ir pos\u016bkiuose. SPECIFIKACIJA Rinkinyje rasite: Automobili\u0173 trasa suteiks j\u016bs\u0173 vaikui daug smagi\u0173 valand\u0173. B\u0117gi\u0173 elementai d\u0117l didelio lankstumo [&hellip;]<\/p>","protected":false},"featured_media":19068,"template":"","meta":{"iawp_total_views":144},"product_cat":[195,216,217,197,191,192,84,90,86,93,202,39,215],"product_tag":[96,97,98,99],"class_list":{"0":"post-19067","1":"product","2":"type-product","3":"status-publish","4":"has-post-thumbnail","6":"product_cat-dovanos-vaikams-3-4-metu","7":"product_cat-dovanos-4-5-metu-vaikams","8":"product_cat-dovanos-5-7-metu-vaikams","9":"product_cat-dovanos-berniukams","10":"product_cat-dovanos-vaikams","11":"product_cat-kaledines-dovanos-vaikams","12":"product_cat-lavinamieji-zaislai","13":"product_cat-pasaulio-pazinimas","14":"product_cat-smulkioji-motorika","15":"product_cat-vaidmenu-zaidimai","16":"product_cat-vaaikiski-konstruktoriai","17":"product_cat-zaislai","18":"product_cat-zaislai-berniukams","19":"product_tag-2-m-3-m","20":"product_tag-3-m-4-m","21":"product_tag-5-m-7-m","22":"product_tag-8-m-11-m","24":"first","25":"instock","26":"sale","27":"taxable","28":"shipping-taxable","29":"purchasable","30":"product-type-simple"},"yoast_head":"<!-- This site is optimized with the Yoast SEO plugin v23.3 - https:\/\/yoast.com\/wordpress\/plugins\/seo\/ -->\n<title>Didel\u0117 lanksti lenktyni\u0173 tr\u0105sa - Montessori \u017eaislai<\/title>\n<meta name=\"robots\" content=\"noindex, follow, max-snippet:-1, max-image-preview:large, max-video-preview:-1\" \/>\n<meta property=\"og:locale\" content=\"en_US\" \/>\n<meta property=\"og:type\" content=\"article\" \/>\n<meta property=\"og:title\" content=\"Didel\u0117 lanksti lenktyni\u0173 tr\u0105sa - Montessori \u017eaislai\" \/>\n<meta property=\"og:description\" content=\"Lanksti automobili\u0173 tr\u0105sa\u00a0turi\u00a0192 takelio elementus\u00a0i\u0161 kuri\u0173\u00a0galite pastatyti 4,80 m ilgio tr\u0105s\u0105\u00a0. Specialiai sukurta konstrukcija yra lanksti. Automobilis startuoja tik i\u0161 vienos vietos, o j\u012f laikan\u010dios trasos d\u0117ka gali nuveikti nuostabi\u0173 dalyk\u0173 likusioje mar\u0161ruto dalyje: kilpose, \u0161laituose, spiral\u0117se ir pos\u016bkiuose. SPECIFIKACIJA Rinkinyje rasite: Automobili\u0173 trasa suteiks j\u016bs\u0173 vaikui daug smagi\u0173 valand\u0173. B\u0117gi\u0173 elementai d\u0117l didelio lankstumo [&hellip;]\" \/>\n<meta property=\"og:url\" content=\"https:\/\/dev.monti.lt\/en\/product\/didele-lanksti-lenktyniu-trasa\/\" \/>\n<meta property=\"og:site_name\" content=\"Montessori \u017eaislai\" \/>\n<meta property=\"article:modified_time\" content=\"2024-09-25T06:00:04+00:00\" \/>\n<meta property=\"og:image\" content=\"https:\/\/dev.monti.lt\/wp-content\/uploads\/2023\/11\/lit_pl_Lenktyniu-trasa-193-elementai-automobilis-22461-17039_10.jpg\" \/>\n\t<meta property=\"og:image:width\" content=\"500\" \/>\n\t<meta property=\"og:image:height\" content=\"500\" \/>\n\t<meta property=\"og:image:type\" content=\"image\/jpeg\" \/>\n<meta name=\"twitter:card\" content=\"summary_large_image\" \/>\n<meta name=\"twitter:label1\" content=\"Est. reading time\" \/>\n\t<meta name=\"twitter:data1\" content=\"1 minute\" \/>\n<script type=\"application\/ld+json\" class=\"yoast-schema-graph\">{\"@context\":\"https:\/\/schema.org\",\"@graph\":[{\"@type\":\"WebPage\",\"@id\":\"https:\/\/dev.monti.lt\/product\/didele-lanksti-lenktyniu-trasa\/\",\"url\":\"https:\/\/dev.monti.lt\/product\/didele-lanksti-lenktyniu-trasa\/\",\"name\":\"Didel\u0117 lanksti lenktyni\u0173 tr\u0105sa - Montessori \u017eaislai\",\"isPartOf\":{\"@id\":\"https:\/\/dev.monti.lt\/#website\"},\"primaryImageOfPage\":{\"@id\":\"https:\/\/dev.monti.lt\/product\/didele-lanksti-lenktyniu-trasa\/#primaryimage\"},\"image\":{\"@id\":\"https:\/\/dev.monti.lt\/product\/didele-lanksti-lenktyniu-trasa\/#primaryimage\"},\"thumbnailUrl\":\"https:\/\/dev.monti.lt\/wp-content\/uploads\/2023\/11\/lit_pl_Lenktyniu-trasa-193-elementai-automobilis-22461-17039_10.jpg\",\"datePublished\":\"2023-11-06T09:25:38+00:00\",\"dateModified\":\"2024-09-25T06:00:04+00:00\",\"breadcrumb\":{\"@id\":\"https:\/\/dev.monti.lt\/product\/didele-lanksti-lenktyniu-trasa\/#breadcrumb\"},\"inLanguage\":\"en-US\",\"potentialAction\":[{\"@type\":\"ReadAction\",\"target\":[\"https:\/\/dev.monti.lt\/product\/didele-lanksti-lenktyniu-trasa\/\"]}]},{\"@type\":\"ImageObject\",\"inLanguage\":\"en-US\",\"@id\":\"https:\/\/dev.monti.lt\/product\/didele-lanksti-lenktyniu-trasa\/#primaryimage\",\"url\":\"https:\/\/dev.monti.lt\/wp-content\/uploads\/2023\/11\/lit_pl_Lenktyniu-trasa-193-elementai-automobilis-22461-17039_10.jpg\",\"contentUrl\":\"https:\/\/dev.monti.lt\/wp-content\/uploads\/2023\/11\/lit_pl_Lenktyniu-trasa-193-elementai-automobilis-22461-17039_10.jpg\",\"width\":500,\"height\":500,\"caption\":\"Lanksti trasa\"},{\"@type\":\"BreadcrumbList\",\"@id\":\"https:\/\/dev.monti.lt\/product\/didele-lanksti-lenktyniu-trasa\/#breadcrumb\",\"itemListElement\":[{\"@type\":\"ListItem\",\"position\":1,\"name\":\"Home\",\"item\":\"https:\/\/dev.monti.lt\/\"},{\"@type\":\"ListItem\",\"position\":2,\"name\":\"Parduotuv\u0117\",\"item\":\"https:\/\/dev.monti.lt\/shop\/\"},{\"@type\":\"ListItem\",\"position\":3,\"name\":\"Didel\u0117 lanksti lenktyni\u0173 tr\u0105sa\"}]},{\"@type\":\"WebSite\",\"@id\":\"https:\/\/dev.monti.lt\/#website\",\"url\":\"https:\/\/dev.monti.lt\/\",\"name\":\"Montessori \u017eaislai\",\"description\":\"\",\"publisher\":{\"@id\":\"https:\/\/dev.monti.lt\/#organization\"},\"potentialAction\":[{\"@type\":\"SearchAction\",\"target\":{\"@type\":\"EntryPoint\",\"urlTemplate\":\"https:\/\/dev.monti.lt\/?s={search_term_string}\"},\"query-input\":\"required name=search_term_string\"}],\"inLanguage\":\"en-US\"},{\"@type\":\"Organization\",\"@id\":\"https:\/\/dev.monti.lt\/#organization\",\"name\":\"Montessori \u017eaislai\",\"url\":\"https:\/\/dev.monti.lt\/\",\"logo\":{\"@type\":\"ImageObject\",\"inLanguage\":\"en-US\",\"@id\":\"https:\/\/dev.monti.lt\/#\/schema\/logo\/image\/\",\"url\":\"https:\/\/dev.monti.lt\/wp-content\/uploads\/2022\/03\/montilogo-1.png\",\"contentUrl\":\"https:\/\/dev.monti.lt\/wp-content\/uploads\/2022\/03\/montilogo-1.png\",\"width\":512,\"height\":512,\"caption\":\"Montessori \u017eaislai\"},\"image\":{\"@id\":\"https:\/\/dev.monti.lt\/#\/schema\/logo\/image\/\"}}]}<\/script>\n<!-- \/ Yoast SEO plugin. -->","yoast_head_json":{"title":"Didel\u0117 lanksti lenktyni\u0173 tr\u0105sa - Montessori \u017eaislai","robots":{"index":"noindex","follow":"follow","max-snippet":"max-snippet:-1","max-image-preview":"max-image-preview:large","max-video-preview":"max-video-preview:-1"},"og_locale":"en_US","og_type":"article","og_title":"Didel\u0117 lanksti lenktyni\u0173 tr\u0105sa - Montessori \u017eaislai","og_description":"Lanksti automobili\u0173 tr\u0105sa\u00a0turi\u00a0192 takelio elementus\u00a0i\u0161 kuri\u0173\u00a0galite pastatyti 4,80 m ilgio tr\u0105s\u0105\u00a0. Specialiai sukurta konstrukcija yra lanksti. Automobilis startuoja tik i\u0161 vienos vietos, o j\u012f laikan\u010dios trasos d\u0117ka gali nuveikti nuostabi\u0173 dalyk\u0173 likusioje mar\u0161ruto dalyje: kilpose, \u0161laituose, spiral\u0117se ir pos\u016bkiuose. SPECIFIKACIJA Rinkinyje rasite: Automobili\u0173 trasa suteiks j\u016bs\u0173 vaikui daug smagi\u0173 valand\u0173. B\u0117gi\u0173 elementai d\u0117l didelio lankstumo [&hellip;]","og_url":"https:\/\/dev.monti.lt\/en\/product\/didele-lanksti-lenktyniu-trasa\/","og_site_name":"Montessori \u017eaislai","article_modified_time":"2024-09-25T06:00:04+00:00","og_image":[{"width":500,"height":500,"url":"https:\/\/dev.monti.lt\/wp-content\/uploads\/2023\/11\/lit_pl_Lenktyniu-trasa-193-elementai-automobilis-22461-17039_10.jpg","type":"image\/jpeg"}],"twitter_card":"summary_large_image","twitter_misc":{"Est. reading time":"1 minute"},"schema":{"@context":"https:\/\/schema.org","@graph":[{"@type":"WebPage","@id":"https:\/\/dev.monti.lt\/product\/didele-lanksti-lenktyniu-trasa\/","url":"https:\/\/dev.monti.lt\/product\/didele-lanksti-lenktyniu-trasa\/","name":"Didel\u0117 lanksti lenktyni\u0173 tr\u0105sa - Montessori \u017eaislai","isPartOf":{"@id":"https:\/\/dev.monti.lt\/#website"},"primaryImageOfPage":{"@id":"https:\/\/dev.monti.lt\/product\/didele-lanksti-lenktyniu-trasa\/#primaryimage"},"image":{"@id":"https:\/\/dev.monti.lt\/product\/didele-lanksti-lenktyniu-trasa\/#primaryimage"},"thumbnailUrl":"https:\/\/dev.monti.lt\/wp-content\/uploads\/2023\/11\/lit_pl_Lenktyniu-trasa-193-elementai-automobilis-22461-17039_10.jpg","datePublished":"2023-11-06T09:25:38+00:00","dateModified":"2024-09-25T06:00:04+00:00","breadcrumb":{"@id":"https:\/\/dev.monti.lt\/product\/didele-lanksti-lenktyniu-trasa\/#breadcrumb"},"inLanguage":"en-US","potentialAction":[{"@type":"ReadAction","target":["https:\/\/dev.monti.lt\/product\/didele-lanksti-lenktyniu-trasa\/"]}]},{"@type":"ImageObject","inLanguage":"en-US","@id":"https:\/\/dev.monti.lt\/product\/didele-lanksti-lenktyniu-trasa\/#primaryimage","url":"https:\/\/dev.monti.lt\/wp-content\/uploads\/2023\/11\/lit_pl_Lenktyniu-trasa-193-elementai-automobilis-22461-17039_10.jpg","contentUrl":"https:\/\/dev.monti.lt\/wp-content\/uploads\/2023\/11\/lit_pl_Lenktyniu-trasa-193-elementai-automobilis-22461-17039_10.jpg","width":500,"height":500,"caption":"Lanksti trasa"},{"@type":"BreadcrumbList","@id":"https:\/\/dev.monti.lt\/product\/didele-lanksti-lenktyniu-trasa\/#breadcrumb","itemListElement":[{"@type":"ListItem","position":1,"name":"Home","item":"https:\/\/dev.monti.lt\/"},{"@type":"ListItem","position":2,"name":"Parduotuv\u0117","item":"https:\/\/dev.monti.lt\/shop\/"},{"@type":"ListItem","position":3,"name":"Didel\u0117 lanksti lenktyni\u0173 tr\u0105sa"}]},{"@type":"WebSite","@id":"https:\/\/dev.monti.lt\/#website","url":"https:\/\/dev.monti.lt\/","name":"Montessori \u017eaislai","description":"","publisher":{"@id":"https:\/\/dev.monti.lt\/#organization"},"potentialAction":[{"@type":"SearchAction","target":{"@type":"EntryPoint","urlTemplate":"https:\/\/dev.monti.lt\/?s={search_term_string}"},"query-input":"required name=search_term_string"}],"inLanguage":"en-US"},{"@type":"Organization","@id":"https:\/\/dev.monti.lt\/#organization","name":"Montessori \u017eaislai","url":"https:\/\/dev.monti.lt\/","logo":{"@type":"ImageObject","inLanguage":"en-US","@id":"https:\/\/dev.monti.lt\/#\/schema\/logo\/image\/","url":"https:\/\/dev.monti.lt\/wp-content\/uploads\/2022\/03\/montilogo-1.png","contentUrl":"https:\/\/dev.monti.lt\/wp-content\/uploads\/2022\/03\/montilogo-1.png","width":512,"height":512,"caption":"Montessori \u017eaislai"},"image":{"@id":"https:\/\/dev.monti.lt\/#\/schema\/logo\/image\/"}}]}},"_links":{"self":[{"href":"https:\/\/dev.monti.lt\/en\/wp-json\/wp\/v2\/product\/19067"}],"collection":[{"href":"https:\/\/dev.monti.lt\/en\/wp-json\/wp\/v2\/product"}],"about":[{"href":"https:\/\/dev.monti.lt\/en\/wp-json\/wp\/v2\/types\/product"}],"version-history":[{"count":1,"href":"https:\/\/dev.monti.lt\/en\/wp-json\/wp\/v2\/product\/19067\/revisions"}],"predecessor-version":[{"id":19076,"href":"https:\/\/dev.monti.lt\/en\/wp-json\/wp\/v2\/product\/19067\/revisions\/19076"}],"wp:featuredmedia":[{"embeddable":true,"href":"https:\/\/dev.monti.lt\/en\/wp-json\/wp\/v2\/media\/19068"}],"wp:attachment":[{"href":"https:\/\/dev.monti.lt\/en\/wp-json\/wp\/v2\/media?parent=19067"}],"wp:term":[{"taxonomy":"product_cat","embeddable":true,"href":"https:\/\/dev.monti.lt\/en\/wp-json\/wp\/v2\/product_cat?post=19067"},{"taxonomy":"product_tag","embeddable":true,"href":"https:\/\/dev.monti.lt\/en\/wp-json\/wp\/v2\/product_tag?post=19067"}],"curies":[{"name":"wp","href":"https:\/\/api.w.org\/{rel}","templated":true}]}}