{"id":19056,"date":"2023-11-06T09:18:26","date_gmt":"2023-11-06T09:18:26","guid":{"rendered":"https:\/\/dev.monti.lt\/?post_type=product&#038;p=19056"},"modified":"2024-09-06T06:18:37","modified_gmt":"2024-09-06T06:18:37","slug":"kaleidoskopas-vaikams","status":"publish","type":"product","link":"https:\/\/dev.monti.lt\/en\/product\/kaleidoskopas-vaikams\/","title":{"rendered":"Kaleidoskopas vaikams"},"content":{"rendered":"<ul class=\"wp-block-list\"><li>Vizualinio suvokimo stimuliacija\u00a0\u2013<strong>\u00a0<\/strong>\u012evairi\u0173 spalv\u0173 ir ra\u0161t\u0173 \u017ei\u016br\u0117jimas per kaleidoskop\u0105 padeda vystytis vaik\u0173 regos suvokimui. Tai<strong>\u00a0padeda atlikti vizualin\u0119 analiz\u0119 ir lavina geb\u0117jim\u0105 atskirti skirtingas formas ir spalvas<\/strong>\u00a0.<\/li>\n\n<li><strong>ugdykite<\/strong>\u00a0<strong>savo geb\u0117jim\u0105 susikoncentruoti &#8211;\u00a0<\/strong>\u017dvelgiant pro kaleidoskop\u0105 reikia susikaupti ir susikoncentruoti, ypa\u010d kai ilg\u0105 laik\u0105 susikoncentruoja ties d\u0117sningum\u0173 steb\u0117jimu ir analize.<\/li>\n\n<li>Kaleidoskopas suteikia ne tik vaizdinius \u012fsp\u016bd\u017eius, bet ir stimuliuoja poj\u016b\u010dius. Sukant kaleidoskop\u0105 vaikai gali m\u0117gautis garso efektu..\u00a0<\/li><\/ul><p><strong>SPECIFIKACIJA<\/strong><\/p><ul class=\"wp-block-list\"><li>spalva: daugiaspalvis<\/li>\n\n<li>med\u017eiaga: plastikas<\/li>\n\n<li>matmenys: 20 x 5,5 cm<\/li>\n\n<li>svoris: 96 g<\/li>\n\n<li>svoris pakuot\u0117je: 130 g<\/li><\/ul><p>Pa\u017ei\u016br\u0117kite, kaip atrodo pasaulis per linksmo kaleidoskopo prizm\u0119! \u017daislas, kuriantis abstrak\u010dius spalv\u0173 ir form\u0173 derinius. Vaik\u0173 veidai rodo susi\u017eav\u0117jim\u0105 ir d\u017eiaugsm\u0105 stebuklingais paveiksl\u0117liais, atsirandan\u010diais vamzdelio viduje.<\/p>","protected":false},"excerpt":{"rendered":"<p>Pa\u017ei\u016br\u0117kite, kaip atrodo pasaulis per linksmo kaleidoskopo prizm\u0119! \u017daislas, kuriantis abstrak\u010dius spalv\u0173 ir form\u0173 derinius. Vaik\u0173 veidai rodo susi\u017eav\u0117jim\u0105 ir d\u017eiaugsm\u0105 stebuklingais paveiksl\u0117liais, atsirandan\u010diais vamzdelio viduje.<\/p>","protected":false},"featured_media":19057,"template":"","meta":{"iawp_total_views":41},"product_cat":[84,90,49,39,201],"product_tag":[95,96,97,98],"class_list":{"0":"post-19056","1":"product","2":"type-product","3":"status-publish","4":"has-post-thumbnail","6":"product_cat-lavinamieji-zaislai","7":"product_cat-pasaulio-pazinimas","8":"product_cat-visi-zaislai","9":"product_cat-zaislai","10":"product_cat-zaislai-kelioneje","11":"product_tag-1-m-2-m","12":"product_tag-2-m-3-m","13":"product_tag-3-m-4-m","14":"product_tag-5-m-7-m","16":"first","17":"outofstock","18":"taxable","19":"shipping-taxable","20":"purchasable","21":"product-type-simple"},"yoast_head":"<!-- This site is optimized with the Yoast SEO plugin v23.3 - https:\/\/yoast.com\/wordpress\/plugins\/seo\/ -->\n<title>Kaleidoskopas vaikams - Montessori \u017eaislai<\/title>\n<meta name=\"robots\" content=\"noindex, follow, max-snippet:-1, max-image-preview:large, max-video-preview:-1\" \/>\n<meta property=\"og:locale\" content=\"en_US\" \/>\n<meta property=\"og:type\" content=\"article\" \/>\n<meta property=\"og:title\" content=\"Kaleidoskopas vaikams - Montessori \u017eaislai\" \/>\n<meta property=\"og:description\" content=\"Pa\u017ei\u016br\u0117kite, kaip atrodo pasaulis per linksmo kaleidoskopo prizm\u0119! \u017daislas, kuriantis abstrak\u010dius spalv\u0173 ir form\u0173 derinius. Vaik\u0173 veidai rodo susi\u017eav\u0117jim\u0105 ir d\u017eiaugsm\u0105 stebuklingais paveiksl\u0117liais, atsirandan\u010diais vamzdelio viduje.\" \/>\n<meta property=\"og:url\" content=\"https:\/\/dev.monti.lt\/en\/product\/kaleidoskopas-vaikams\/\" \/>\n<meta property=\"og:site_name\" content=\"Montessori \u017eaislai\" \/>\n<meta property=\"article:modified_time\" content=\"2024-09-06T06:18:37+00:00\" \/>\n<meta property=\"og:image\" content=\"https:\/\/dev.monti.lt\/wp-content\/uploads\/2023\/11\/lit_pl_Kaleidoskopas-teleskopas-22493-17047_10.jpg\" \/>\n\t<meta property=\"og:image:width\" content=\"500\" \/>\n\t<meta property=\"og:image:height\" content=\"500\" \/>\n\t<meta property=\"og:image:type\" content=\"image\/jpeg\" \/>\n<meta name=\"twitter:card\" content=\"summary_large_image\" \/>\n<meta name=\"twitter:label1\" content=\"Est. reading time\" \/>\n\t<meta name=\"twitter:data1\" content=\"1 minute\" \/>\n<script type=\"application\/ld+json\" class=\"yoast-schema-graph\">{\"@context\":\"https:\/\/schema.org\",\"@graph\":[{\"@type\":\"WebPage\",\"@id\":\"https:\/\/dev.monti.lt\/product\/kaleidoskopas-vaikams\/\",\"url\":\"https:\/\/dev.monti.lt\/product\/kaleidoskopas-vaikams\/\",\"name\":\"Kaleidoskopas vaikams - Montessori \u017eaislai\",\"isPartOf\":{\"@id\":\"https:\/\/dev.monti.lt\/#website\"},\"primaryImageOfPage\":{\"@id\":\"https:\/\/dev.monti.lt\/product\/kaleidoskopas-vaikams\/#primaryimage\"},\"image\":{\"@id\":\"https:\/\/dev.monti.lt\/product\/kaleidoskopas-vaikams\/#primaryimage\"},\"thumbnailUrl\":\"https:\/\/dev.monti.lt\/wp-content\/uploads\/2023\/11\/lit_pl_Kaleidoskopas-teleskopas-22493-17047_10.jpg\",\"datePublished\":\"2023-11-06T09:18:26+00:00\",\"dateModified\":\"2024-09-06T06:18:37+00:00\",\"breadcrumb\":{\"@id\":\"https:\/\/dev.monti.lt\/product\/kaleidoskopas-vaikams\/#breadcrumb\"},\"inLanguage\":\"en-US\",\"potentialAction\":[{\"@type\":\"ReadAction\",\"target\":[\"https:\/\/dev.monti.lt\/product\/kaleidoskopas-vaikams\/\"]}]},{\"@type\":\"ImageObject\",\"inLanguage\":\"en-US\",\"@id\":\"https:\/\/dev.monti.lt\/product\/kaleidoskopas-vaikams\/#primaryimage\",\"url\":\"https:\/\/dev.monti.lt\/wp-content\/uploads\/2023\/11\/lit_pl_Kaleidoskopas-teleskopas-22493-17047_10.jpg\",\"contentUrl\":\"https:\/\/dev.monti.lt\/wp-content\/uploads\/2023\/11\/lit_pl_Kaleidoskopas-teleskopas-22493-17047_10.jpg\",\"width\":500,\"height\":500,\"caption\":\"kaleidoskopas\"},{\"@type\":\"BreadcrumbList\",\"@id\":\"https:\/\/dev.monti.lt\/product\/kaleidoskopas-vaikams\/#breadcrumb\",\"itemListElement\":[{\"@type\":\"ListItem\",\"position\":1,\"name\":\"Home\",\"item\":\"https:\/\/dev.monti.lt\/\"},{\"@type\":\"ListItem\",\"position\":2,\"name\":\"Parduotuv\u0117\",\"item\":\"https:\/\/dev.monti.lt\/shop\/\"},{\"@type\":\"ListItem\",\"position\":3,\"name\":\"Kaleidoskopas vaikams\"}]},{\"@type\":\"WebSite\",\"@id\":\"https:\/\/dev.monti.lt\/#website\",\"url\":\"https:\/\/dev.monti.lt\/\",\"name\":\"Montessori \u017eaislai\",\"description\":\"\",\"publisher\":{\"@id\":\"https:\/\/dev.monti.lt\/#organization\"},\"potentialAction\":[{\"@type\":\"SearchAction\",\"target\":{\"@type\":\"EntryPoint\",\"urlTemplate\":\"https:\/\/dev.monti.lt\/?s={search_term_string}\"},\"query-input\":\"required name=search_term_string\"}],\"inLanguage\":\"en-US\"},{\"@type\":\"Organization\",\"@id\":\"https:\/\/dev.monti.lt\/#organization\",\"name\":\"Montessori \u017eaislai\",\"url\":\"https:\/\/dev.monti.lt\/\",\"logo\":{\"@type\":\"ImageObject\",\"inLanguage\":\"en-US\",\"@id\":\"https:\/\/dev.monti.lt\/#\/schema\/logo\/image\/\",\"url\":\"https:\/\/dev.monti.lt\/wp-content\/uploads\/2022\/03\/montilogo-1.png\",\"contentUrl\":\"https:\/\/dev.monti.lt\/wp-content\/uploads\/2022\/03\/montilogo-1.png\",\"width\":512,\"height\":512,\"caption\":\"Montessori \u017eaislai\"},\"image\":{\"@id\":\"https:\/\/dev.monti.lt\/#\/schema\/logo\/image\/\"}}]}<\/script>\n<!-- \/ Yoast SEO plugin. -->","yoast_head_json":{"title":"Kaleidoskopas vaikams - Montessori \u017eaislai","robots":{"index":"noindex","follow":"follow","max-snippet":"max-snippet:-1","max-image-preview":"max-image-preview:large","max-video-preview":"max-video-preview:-1"},"og_locale":"en_US","og_type":"article","og_title":"Kaleidoskopas vaikams - Montessori \u017eaislai","og_description":"Pa\u017ei\u016br\u0117kite, kaip atrodo pasaulis per linksmo kaleidoskopo prizm\u0119! \u017daislas, kuriantis abstrak\u010dius spalv\u0173 ir form\u0173 derinius. Vaik\u0173 veidai rodo susi\u017eav\u0117jim\u0105 ir d\u017eiaugsm\u0105 stebuklingais paveiksl\u0117liais, atsirandan\u010diais vamzdelio viduje.","og_url":"https:\/\/dev.monti.lt\/en\/product\/kaleidoskopas-vaikams\/","og_site_name":"Montessori \u017eaislai","article_modified_time":"2024-09-06T06:18:37+00:00","og_image":[{"width":500,"height":500,"url":"https:\/\/dev.monti.lt\/wp-content\/uploads\/2023\/11\/lit_pl_Kaleidoskopas-teleskopas-22493-17047_10.jpg","type":"image\/jpeg"}],"twitter_card":"summary_large_image","twitter_misc":{"Est. reading time":"1 minute"},"schema":{"@context":"https:\/\/schema.org","@graph":[{"@type":"WebPage","@id":"https:\/\/dev.monti.lt\/product\/kaleidoskopas-vaikams\/","url":"https:\/\/dev.monti.lt\/product\/kaleidoskopas-vaikams\/","name":"Kaleidoskopas vaikams - Montessori \u017eaislai","isPartOf":{"@id":"https:\/\/dev.monti.lt\/#website"},"primaryImageOfPage":{"@id":"https:\/\/dev.monti.lt\/product\/kaleidoskopas-vaikams\/#primaryimage"},"image":{"@id":"https:\/\/dev.monti.lt\/product\/kaleidoskopas-vaikams\/#primaryimage"},"thumbnailUrl":"https:\/\/dev.monti.lt\/wp-content\/uploads\/2023\/11\/lit_pl_Kaleidoskopas-teleskopas-22493-17047_10.jpg","datePublished":"2023-11-06T09:18:26+00:00","dateModified":"2024-09-06T06:18:37+00:00","breadcrumb":{"@id":"https:\/\/dev.monti.lt\/product\/kaleidoskopas-vaikams\/#breadcrumb"},"inLanguage":"en-US","potentialAction":[{"@type":"ReadAction","target":["https:\/\/dev.monti.lt\/product\/kaleidoskopas-vaikams\/"]}]},{"@type":"ImageObject","inLanguage":"en-US","@id":"https:\/\/dev.monti.lt\/product\/kaleidoskopas-vaikams\/#primaryimage","url":"https:\/\/dev.monti.lt\/wp-content\/uploads\/2023\/11\/lit_pl_Kaleidoskopas-teleskopas-22493-17047_10.jpg","contentUrl":"https:\/\/dev.monti.lt\/wp-content\/uploads\/2023\/11\/lit_pl_Kaleidoskopas-teleskopas-22493-17047_10.jpg","width":500,"height":500,"caption":"kaleidoskopas"},{"@type":"BreadcrumbList","@id":"https:\/\/dev.monti.lt\/product\/kaleidoskopas-vaikams\/#breadcrumb","itemListElement":[{"@type":"ListItem","position":1,"name":"Home","item":"https:\/\/dev.monti.lt\/"},{"@type":"ListItem","position":2,"name":"Parduotuv\u0117","item":"https:\/\/dev.monti.lt\/shop\/"},{"@type":"ListItem","position":3,"name":"Kaleidoskopas vaikams"}]},{"@type":"WebSite","@id":"https:\/\/dev.monti.lt\/#website","url":"https:\/\/dev.monti.lt\/","name":"Montessori \u017eaislai","description":"","publisher":{"@id":"https:\/\/dev.monti.lt\/#organization"},"potentialAction":[{"@type":"SearchAction","target":{"@type":"EntryPoint","urlTemplate":"https:\/\/dev.monti.lt\/?s={search_term_string}"},"query-input":"required name=search_term_string"}],"inLanguage":"en-US"},{"@type":"Organization","@id":"https:\/\/dev.monti.lt\/#organization","name":"Montessori \u017eaislai","url":"https:\/\/dev.monti.lt\/","logo":{"@type":"ImageObject","inLanguage":"en-US","@id":"https:\/\/dev.monti.lt\/#\/schema\/logo\/image\/","url":"https:\/\/dev.monti.lt\/wp-content\/uploads\/2022\/03\/montilogo-1.png","contentUrl":"https:\/\/dev.monti.lt\/wp-content\/uploads\/2022\/03\/montilogo-1.png","width":512,"height":512,"caption":"Montessori \u017eaislai"},"image":{"@id":"https:\/\/dev.monti.lt\/#\/schema\/logo\/image\/"}}]}},"_links":{"self":[{"href":"https:\/\/dev.monti.lt\/en\/wp-json\/wp\/v2\/product\/19056"}],"collection":[{"href":"https:\/\/dev.monti.lt\/en\/wp-json\/wp\/v2\/product"}],"about":[{"href":"https:\/\/dev.monti.lt\/en\/wp-json\/wp\/v2\/types\/product"}],"version-history":[{"count":3,"href":"https:\/\/dev.monti.lt\/en\/wp-json\/wp\/v2\/product\/19056\/revisions"}],"predecessor-version":[{"id":23662,"href":"https:\/\/dev.monti.lt\/en\/wp-json\/wp\/v2\/product\/19056\/revisions\/23662"}],"wp:featuredmedia":[{"embeddable":true,"href":"https:\/\/dev.monti.lt\/en\/wp-json\/wp\/v2\/media\/19057"}],"wp:attachment":[{"href":"https:\/\/dev.monti.lt\/en\/wp-json\/wp\/v2\/media?parent=19056"}],"wp:term":[{"taxonomy":"product_cat","embeddable":true,"href":"https:\/\/dev.monti.lt\/en\/wp-json\/wp\/v2\/product_cat?post=19056"},{"taxonomy":"product_tag","embeddable":true,"href":"https:\/\/dev.monti.lt\/en\/wp-json\/wp\/v2\/product_tag?post=19056"}],"curies":[{"name":"wp","href":"https:\/\/api.w.org\/{rel}","templated":true}]}}