{"id":19049,"date":"2023-11-06T09:13:41","date_gmt":"2023-11-06T09:13:41","guid":{"rendered":"https:\/\/dev.monti.lt\/?post_type=product&#038;p=19049"},"modified":"2024-10-07T13:30:19","modified_gmt":"2024-10-07T13:30:19","slug":"konstruktorius-eziukas-192-el","status":"publish","type":"product","link":"https:\/\/dev.monti.lt\/en\/product\/konstruktorius-eziukas-192-el\/","title":{"rendered":"Konstruktorius &#8220;E\u017eiukas&#8221; 192 el."},"content":{"rendered":"<ul class=\"wp-block-list\"><li><strong>192 Vnt<\/strong>\u00a0&#8211; kalad\u0117li\u0173 rinkinys susideda i\u0161 daugyb\u0117s element\u0173 (net 192 vnt.) e\u017eiuko formos ir skirting\u0173 spalv\u0173, kurie<strong> leis vaikui kurti \u012fvairius statinius, lavinant erdvin\u0119 vaizduot\u0119 ir k\u016brybi\u0161kum\u0105.<\/strong><\/li>\n\n<li>E\u017eiuko kalad\u0117li\u0173 i\u0161skirtinumas yra ne\u012fprasta j\u0173 konstrukcija! Prie j\u0173 prisijungti galima d\u0117l daugyb\u0117s i\u0161siki\u0161usi\u0173 adat\u0173 \u2013 i\u0161 \u010dia ir kilo j\u0173 pavadinimas! Ta\u010diau nesijaudinkite, tai n\u0117ra tikros adatos, j\u0173 galai yra labai skland\u017eiai suapvalinti, tod\u0117l jie yra visi\u0161kai saug\u016bs. <\/li>\n\n<li>Kalad\u0117l\u0117s turi daug \u012fvairi\u0173 form\u0173, kas leid\u017eia sukurti tikrai \u012fdomias konstrukcijas! Rinkinyje j\u0173 yra 192,\u00a0<strong>tod\u0117l galite sukurti dideles ir sud\u0117tingas strukt\u016bras<\/strong>\u00a0! Namas, transporto priemon\u0117, o gal kosmin\u0117 stotis \u2013 k\u0105 pirmiausia pastatysite?<\/li>\n\n<li>Statybin\u0117s kalad\u0117l\u0117s yra kiekvieno vaiko, m\u0117gstan\u010dio tvarkyti kalad\u0117les, svajon\u0117.\u00a0<strong>\u017daidimo ir scen\u0173 vaidinimo galimyb\u0117s \u010dia prakti\u0161kai neribotos, tad tai efektyviai su nuoboduliu susidorojantis \u017eaislas.<\/strong><\/li><\/ul><p><strong>SPECIFIKACIJA<\/strong><\/p><ul class=\"wp-block-list\"><li>spalva: \u012fvairiaspalv\u0117<\/li>\n\n<li>med\u017eiaga: plastikas<\/li>\n\n<li>blok\u0173 skai\u010dius: 192 vnt<\/li>\n\n<li>pakuot\u0117s matmenys: 29 x 24 x 14 cm<\/li>\n\n<li>svoris: 1,117 kg<\/li>\n\n<li>svoris pakuot\u0117je: 1,198 kg<\/li><\/ul><p><\/p>","protected":false},"excerpt":{"rendered":"<p>SPECIFIKACIJA<\/p>","protected":false},"featured_media":19051,"template":"","meta":{"iawp_total_views":120},"product_cat":[194,195,216,217,197,191,192,87,84,86,202,49,39,215],"product_tag":[96,97,98],"class_list":{"0":"post-19049","1":"product","2":"type-product","3":"status-publish","4":"has-post-thumbnail","6":"product_cat-dovanos-vaikams-2-3-metu","7":"product_cat-dovanos-vaikams-3-4-metu","8":"product_cat-dovanos-4-5-metu-vaikams","9":"product_cat-dovanos-5-7-metu-vaikams","10":"product_cat-dovanos-berniukams","11":"product_cat-dovanos-vaikams","12":"product_cat-kaledines-dovanos-vaikams","13":"product_cat-kurybiniai-rinkiniai","14":"product_cat-lavinamieji-zaislai","15":"product_cat-smulkioji-motorika","16":"product_cat-vaaikiski-konstruktoriai","17":"product_cat-visi-zaislai","18":"product_cat-zaislai","19":"product_cat-zaislai-berniukams","20":"product_tag-2-m-3-m","21":"product_tag-3-m-4-m","22":"product_tag-5-m-7-m","24":"first","25":"instock","26":"sale","27":"taxable","28":"shipping-taxable","29":"purchasable","30":"product-type-simple"},"yoast_head":"<!-- This site is optimized with the Yoast SEO plugin v23.3 - https:\/\/yoast.com\/wordpress\/plugins\/seo\/ -->\n<title>Konstruktorius &quot;E\u017eiukas&quot; 192 el. - Montessori \u017eaislai<\/title>\n<meta name=\"robots\" content=\"noindex, follow, max-snippet:-1, max-image-preview:large, max-video-preview:-1\" \/>\n<meta property=\"og:locale\" content=\"en_US\" \/>\n<meta property=\"og:type\" content=\"article\" \/>\n<meta property=\"og:title\" content=\"Konstruktorius &quot;E\u017eiukas&quot; 192 el. - Montessori \u017eaislai\" \/>\n<meta property=\"og:description\" content=\"SPECIFIKACIJA\" \/>\n<meta property=\"og:url\" content=\"https:\/\/dev.monti.lt\/en\/product\/konstruktorius-eziukas-192-el\/\" \/>\n<meta property=\"og:site_name\" content=\"Montessori \u017eaislai\" \/>\n<meta property=\"article:modified_time\" content=\"2024-10-07T13:30:19+00:00\" \/>\n<meta property=\"og:image\" content=\"https:\/\/dev.monti.lt\/wp-content\/uploads\/2023\/11\/lit_pl_Statybiniai-blokeliai-eziukai-192vnt-Kruzelis-20376-16333_5.webp\" \/>\n\t<meta property=\"og:image:width\" content=\"500\" \/>\n\t<meta property=\"og:image:height\" content=\"500\" \/>\n\t<meta property=\"og:image:type\" content=\"image\/webp\" \/>\n<meta name=\"twitter:card\" content=\"summary_large_image\" \/>\n<meta name=\"twitter:label1\" content=\"Est. reading time\" \/>\n\t<meta name=\"twitter:data1\" content=\"1 minute\" \/>\n<script type=\"application\/ld+json\" class=\"yoast-schema-graph\">{\"@context\":\"https:\/\/schema.org\",\"@graph\":[{\"@type\":\"WebPage\",\"@id\":\"https:\/\/dev.monti.lt\/product\/konstruktorius-eziukas-192-el\/\",\"url\":\"https:\/\/dev.monti.lt\/product\/konstruktorius-eziukas-192-el\/\",\"name\":\"Konstruktorius \\\"E\u017eiukas\\\" 192 el. - Montessori \u017eaislai\",\"isPartOf\":{\"@id\":\"https:\/\/dev.monti.lt\/#website\"},\"primaryImageOfPage\":{\"@id\":\"https:\/\/dev.monti.lt\/product\/konstruktorius-eziukas-192-el\/#primaryimage\"},\"image\":{\"@id\":\"https:\/\/dev.monti.lt\/product\/konstruktorius-eziukas-192-el\/#primaryimage\"},\"thumbnailUrl\":\"https:\/\/dev.monti.lt\/wp-content\/uploads\/2023\/11\/lit_pl_Statybiniai-blokeliai-eziukai-192vnt-Kruzelis-20376-16333_5.webp\",\"datePublished\":\"2023-11-06T09:13:41+00:00\",\"dateModified\":\"2024-10-07T13:30:19+00:00\",\"breadcrumb\":{\"@id\":\"https:\/\/dev.monti.lt\/product\/konstruktorius-eziukas-192-el\/#breadcrumb\"},\"inLanguage\":\"en-US\",\"potentialAction\":[{\"@type\":\"ReadAction\",\"target\":[\"https:\/\/dev.monti.lt\/product\/konstruktorius-eziukas-192-el\/\"]}]},{\"@type\":\"ImageObject\",\"inLanguage\":\"en-US\",\"@id\":\"https:\/\/dev.monti.lt\/product\/konstruktorius-eziukas-192-el\/#primaryimage\",\"url\":\"https:\/\/dev.monti.lt\/wp-content\/uploads\/2023\/11\/lit_pl_Statybiniai-blokeliai-eziukai-192vnt-Kruzelis-20376-16333_5.webp\",\"contentUrl\":\"https:\/\/dev.monti.lt\/wp-content\/uploads\/2023\/11\/lit_pl_Statybiniai-blokeliai-eziukai-192vnt-Kruzelis-20376-16333_5.webp\",\"width\":500,\"height\":500,\"caption\":\"konstruktorius eziukas\"},{\"@type\":\"BreadcrumbList\",\"@id\":\"https:\/\/dev.monti.lt\/product\/konstruktorius-eziukas-192-el\/#breadcrumb\",\"itemListElement\":[{\"@type\":\"ListItem\",\"position\":1,\"name\":\"Home\",\"item\":\"https:\/\/dev.monti.lt\/\"},{\"@type\":\"ListItem\",\"position\":2,\"name\":\"Parduotuv\u0117\",\"item\":\"https:\/\/dev.monti.lt\/shop\/\"},{\"@type\":\"ListItem\",\"position\":3,\"name\":\"Konstruktorius &#8220;E\u017eiukas&#8221; 192 el.\"}]},{\"@type\":\"WebSite\",\"@id\":\"https:\/\/dev.monti.lt\/#website\",\"url\":\"https:\/\/dev.monti.lt\/\",\"name\":\"Montessori \u017eaislai\",\"description\":\"\",\"publisher\":{\"@id\":\"https:\/\/dev.monti.lt\/#organization\"},\"potentialAction\":[{\"@type\":\"SearchAction\",\"target\":{\"@type\":\"EntryPoint\",\"urlTemplate\":\"https:\/\/dev.monti.lt\/?s={search_term_string}\"},\"query-input\":\"required name=search_term_string\"}],\"inLanguage\":\"en-US\"},{\"@type\":\"Organization\",\"@id\":\"https:\/\/dev.monti.lt\/#organization\",\"name\":\"Montessori \u017eaislai\",\"url\":\"https:\/\/dev.monti.lt\/\",\"logo\":{\"@type\":\"ImageObject\",\"inLanguage\":\"en-US\",\"@id\":\"https:\/\/dev.monti.lt\/#\/schema\/logo\/image\/\",\"url\":\"https:\/\/dev.monti.lt\/wp-content\/uploads\/2022\/03\/montilogo-1.png\",\"contentUrl\":\"https:\/\/dev.monti.lt\/wp-content\/uploads\/2022\/03\/montilogo-1.png\",\"width\":512,\"height\":512,\"caption\":\"Montessori \u017eaislai\"},\"image\":{\"@id\":\"https:\/\/dev.monti.lt\/#\/schema\/logo\/image\/\"}}]}<\/script>\n<!-- \/ Yoast SEO plugin. -->","yoast_head_json":{"title":"Konstruktorius \"E\u017eiukas\" 192 el. - Montessori \u017eaislai","robots":{"index":"noindex","follow":"follow","max-snippet":"max-snippet:-1","max-image-preview":"max-image-preview:large","max-video-preview":"max-video-preview:-1"},"og_locale":"en_US","og_type":"article","og_title":"Konstruktorius \"E\u017eiukas\" 192 el. - Montessori \u017eaislai","og_description":"SPECIFIKACIJA","og_url":"https:\/\/dev.monti.lt\/en\/product\/konstruktorius-eziukas-192-el\/","og_site_name":"Montessori \u017eaislai","article_modified_time":"2024-10-07T13:30:19+00:00","og_image":[{"width":500,"height":500,"url":"https:\/\/dev.monti.lt\/wp-content\/uploads\/2023\/11\/lit_pl_Statybiniai-blokeliai-eziukai-192vnt-Kruzelis-20376-16333_5.webp","type":"image\/webp"}],"twitter_card":"summary_large_image","twitter_misc":{"Est. reading time":"1 minute"},"schema":{"@context":"https:\/\/schema.org","@graph":[{"@type":"WebPage","@id":"https:\/\/dev.monti.lt\/product\/konstruktorius-eziukas-192-el\/","url":"https:\/\/dev.monti.lt\/product\/konstruktorius-eziukas-192-el\/","name":"Konstruktorius \"E\u017eiukas\" 192 el. - Montessori \u017eaislai","isPartOf":{"@id":"https:\/\/dev.monti.lt\/#website"},"primaryImageOfPage":{"@id":"https:\/\/dev.monti.lt\/product\/konstruktorius-eziukas-192-el\/#primaryimage"},"image":{"@id":"https:\/\/dev.monti.lt\/product\/konstruktorius-eziukas-192-el\/#primaryimage"},"thumbnailUrl":"https:\/\/dev.monti.lt\/wp-content\/uploads\/2023\/11\/lit_pl_Statybiniai-blokeliai-eziukai-192vnt-Kruzelis-20376-16333_5.webp","datePublished":"2023-11-06T09:13:41+00:00","dateModified":"2024-10-07T13:30:19+00:00","breadcrumb":{"@id":"https:\/\/dev.monti.lt\/product\/konstruktorius-eziukas-192-el\/#breadcrumb"},"inLanguage":"en-US","potentialAction":[{"@type":"ReadAction","target":["https:\/\/dev.monti.lt\/product\/konstruktorius-eziukas-192-el\/"]}]},{"@type":"ImageObject","inLanguage":"en-US","@id":"https:\/\/dev.monti.lt\/product\/konstruktorius-eziukas-192-el\/#primaryimage","url":"https:\/\/dev.monti.lt\/wp-content\/uploads\/2023\/11\/lit_pl_Statybiniai-blokeliai-eziukai-192vnt-Kruzelis-20376-16333_5.webp","contentUrl":"https:\/\/dev.monti.lt\/wp-content\/uploads\/2023\/11\/lit_pl_Statybiniai-blokeliai-eziukai-192vnt-Kruzelis-20376-16333_5.webp","width":500,"height":500,"caption":"konstruktorius eziukas"},{"@type":"BreadcrumbList","@id":"https:\/\/dev.monti.lt\/product\/konstruktorius-eziukas-192-el\/#breadcrumb","itemListElement":[{"@type":"ListItem","position":1,"name":"Home","item":"https:\/\/dev.monti.lt\/"},{"@type":"ListItem","position":2,"name":"Parduotuv\u0117","item":"https:\/\/dev.monti.lt\/shop\/"},{"@type":"ListItem","position":3,"name":"Konstruktorius &#8220;E\u017eiukas&#8221; 192 el."}]},{"@type":"WebSite","@id":"https:\/\/dev.monti.lt\/#website","url":"https:\/\/dev.monti.lt\/","name":"Montessori \u017eaislai","description":"","publisher":{"@id":"https:\/\/dev.monti.lt\/#organization"},"potentialAction":[{"@type":"SearchAction","target":{"@type":"EntryPoint","urlTemplate":"https:\/\/dev.monti.lt\/?s={search_term_string}"},"query-input":"required name=search_term_string"}],"inLanguage":"en-US"},{"@type":"Organization","@id":"https:\/\/dev.monti.lt\/#organization","name":"Montessori \u017eaislai","url":"https:\/\/dev.monti.lt\/","logo":{"@type":"ImageObject","inLanguage":"en-US","@id":"https:\/\/dev.monti.lt\/#\/schema\/logo\/image\/","url":"https:\/\/dev.monti.lt\/wp-content\/uploads\/2022\/03\/montilogo-1.png","contentUrl":"https:\/\/dev.monti.lt\/wp-content\/uploads\/2022\/03\/montilogo-1.png","width":512,"height":512,"caption":"Montessori \u017eaislai"},"image":{"@id":"https:\/\/dev.monti.lt\/#\/schema\/logo\/image\/"}}]}},"_links":{"self":[{"href":"https:\/\/dev.monti.lt\/en\/wp-json\/wp\/v2\/product\/19049"}],"collection":[{"href":"https:\/\/dev.monti.lt\/en\/wp-json\/wp\/v2\/product"}],"about":[{"href":"https:\/\/dev.monti.lt\/en\/wp-json\/wp\/v2\/types\/product"}],"version-history":[{"count":1,"href":"https:\/\/dev.monti.lt\/en\/wp-json\/wp\/v2\/product\/19049\/revisions"}],"predecessor-version":[{"id":19055,"href":"https:\/\/dev.monti.lt\/en\/wp-json\/wp\/v2\/product\/19049\/revisions\/19055"}],"wp:featuredmedia":[{"embeddable":true,"href":"https:\/\/dev.monti.lt\/en\/wp-json\/wp\/v2\/media\/19051"}],"wp:attachment":[{"href":"https:\/\/dev.monti.lt\/en\/wp-json\/wp\/v2\/media?parent=19049"}],"wp:term":[{"taxonomy":"product_cat","embeddable":true,"href":"https:\/\/dev.monti.lt\/en\/wp-json\/wp\/v2\/product_cat?post=19049"},{"taxonomy":"product_tag","embeddable":true,"href":"https:\/\/dev.monti.lt\/en\/wp-json\/wp\/v2\/product_tag?post=19049"}],"curies":[{"name":"wp","href":"https:\/\/api.w.org\/{rel}","templated":true}]}}